{"id":19541,"date":"2024-12-07T14:12:14","date_gmt":"2024-12-07T13:12:14","guid":{"rendered":"https:\/\/banneux-nd.be\/?page_id=19541"},"modified":"2024-12-07T14:12:14","modified_gmt":"2024-12-07T13:12:14","slug":"priere-du-jubile","status":"publish","type":"page","link":"https:\/\/banneux-nd.be\/fr\/priere-du-jubile\/","title":{"rendered":"Pri\u00e8re du Jubil\u00e9"},"content":{"rendered":"<div class=\"spc-text\">\n<div class=\"body-text columns-count-1\">\n<p style=\"text-align: center;\"><b>P\u00e8re c\u00e9leste,<\/b><\/p>\n<p style=\"text-align: center;\"><b>la\u00a0<i>foi<\/i>\u00a0que tu nous as donn\u00e9e<\/b><\/p>\n<p style=\"text-align: center;\"><b>en ton fils J\u00e9sus-Christ, notre fr\u00e8re<\/b><\/p>\n<p style=\"text-align: center;\"><b>et la flamme de la\u00a0<i>charit\u00e9<\/i><\/b><\/p>\n<p style=\"text-align: center;\"><b>r\u00e9pandue dans nos c\u0153urs par l&#8217;Esprit Saint<\/b><\/p>\n<p style=\"text-align: center;\"><b>r\u00e9veillent en nous la bienheureuse\u00a0<i>esp\u00e9rance<\/i><\/b><\/p>\n<p style=\"text-align: center;\"><b>de l&#8217;av\u00e8nement de ton Royaume.<\/b><\/p>\n<p>&nbsp;<\/p>\n<p style=\"text-align: center;\"><b>Que ta gr\u00e2ce nous transforme<\/b><\/p>\n<p style=\"text-align: center;\"><b>en cultivateurs assidus des semences de l&#8217;\u00c9vangile<\/b><\/p>\n<p style=\"text-align: center;\"><b>qui f\u00e9conderont l&#8217;humanit\u00e9 et le monde,<\/b><\/p>\n<p style=\"text-align: center;\"><b>dans l&#8217;attente confiante<\/b><\/p>\n<p style=\"text-align: center;\"><b>des cieux nouveaux et de la terre nouvelle,<\/b><\/p>\n<p style=\"text-align: center;\"><b>lorsque les puissances du mal seront vaincues<\/b><\/p>\n<p style=\"text-align: center;\"><b>ta gloire sera manifest\u00e9e pour toujours.<\/b><\/p>\n<p>&nbsp;<\/p>\n<p style=\"text-align: center;\"><b>Que la gr\u00e2ce du Jubil\u00e9<\/b><\/p>\n<p style=\"text-align: center;\"><b>ravive en nous,\u00a0<i>P\u00e8lerins de l&#8217;Esp\u00e9rance<\/i>,<\/b><\/p>\n<p style=\"text-align: center;\"><b>l&#8217;aspiration aux biens c\u00e9lestes<\/b><\/p>\n<p style=\"text-align: center;\"><b>et r\u00e9pande sur le monde entier<\/b><\/p>\n<p style=\"text-align: center;\"><b>la joie et la paix<\/b><\/p>\n<p style=\"text-align: center;\"><b>de notre R\u00e9dempteur.<\/b><\/p>\n<p style=\"text-align: center;\"><b>\u00c0 toi, Dieu b\u00e9ni dans l&#8217;\u00e9ternit\u00e9<\/b><\/p>\n<p style=\"text-align: center;\"><b>la louange et la gloire pour les si\u00e8cles des si\u00e8cles.<\/b><\/p>\n<p style=\"text-align: center;\"><b>Amen<\/b><\/p>\n<\/div>\n<p><img decoding=\"async\" class=\"aligncenter  wp-image-19543 lazyload\" data-src=\"https:\/\/banneux-nd.be\/wp-content\/uploads\/2024\/12\/signature.png\" alt=\"\" width=\"234\" height=\"131\" data-srcset=\"https:\/\/banneux-nd.be\/wp-content\/uploads\/2024\/12\/signature.png 600w, https:\/\/banneux-nd.be\/wp-content\/uploads\/2024\/12\/signature-300x168.png 300w\" data-sizes=\"(max-width: 234px) 100vw, 234px\" src=\"data:image\/svg+xml;base64,PHN2ZyB3aWR0aD0iMSIgaGVpZ2h0PSIxIiB4bWxucz0iaHR0cDovL3d3dy53My5vcmcvMjAwMC9zdmciPjwvc3ZnPg==\" style=\"--smush-placeholder-width: 234px; --smush-placeholder-aspect-ratio: 234\/131;\" \/><\/p>\n<div class=\"clean\"><\/div>\n<\/div>\n<div class=\"spc-textimage\">\n<div class=\"body-text columns-count-1\"><\/div>\n<\/div>\n","protected":false},"excerpt":{"rendered":"<p>P\u00e8re c\u00e9leste, la\u00a0foi\u00a0que tu nous as donn\u00e9e en ton fils J\u00e9sus-Christ, notre fr\u00e8re et la flamme de la\u00a0charit\u00e9 r\u00e9pandue dans nos c\u0153urs par l&#8217;Esprit Saint r\u00e9veillent en nous la bienheureuse\u00a0esp\u00e9rance de l&#8217;av\u00e8nement de ton Royaume. &nbsp; Que ta gr\u00e2ce nous transforme en cultivateurs assidus des semences de l&#8217;\u00c9vangile qui f\u00e9conderont l&#8217;humanit\u00e9 et le monde, dans l&#8217;attente confiante des cieux nouveaux et de la terre nouvelle, lorsque les puissances du mal seront vaincues ta gloire sera manifest\u00e9e pour toujours. &nbsp; Que la gr\u00e2ce du Jubil\u00e9 ravive en nous,\u00a0P\u00e8lerins de l&#8217;Esp\u00e9rance, l&#8217;aspiration aux biens c\u00e9lestes et r\u00e9pande sur le monde entier la joie et la paix de notre R\u00e9dempteur. \u00c0 toi, Dieu b\u00e9ni dans l&#8217;\u00e9ternit\u00e9 la louange et la gloire pour les [&hellip;]<\/p>\n","protected":false},"author":10,"featured_media":0,"parent":0,"menu_order":0,"comment_status":"closed","ping_status":"closed","template":"","meta":{"advgb_blocks_editor_width":"","advgb_blocks_columns_visual_guide":"","jetpack_post_was_ever_published":false,"footnotes":""},"class_list":["post-19541","page","type-page","status-publish","hentry"],"yoast_head":"<!-- This site is optimized with the Yoast SEO plugin v27.4 - https:\/\/yoast.com\/product\/yoast-seo-wordpress\/ -->\n<title>Pri\u00e8re du Jubil\u00e9 - Banneux Notre-Dame<\/title>\n<meta name=\"robots\" content=\"index, follow, max-snippet:-1, max-image-preview:large, max-video-preview:-1\" \/>\n<link rel=\"canonical\" href=\"https:\/\/banneux-nd.be\/fr\/priere-du-jubile\/\" \/>\n<meta property=\"og:locale\" content=\"fr_FR\" \/>\n<meta property=\"og:type\" content=\"article\" \/>\n<meta property=\"og:title\" content=\"Pri\u00e8re du Jubil\u00e9 - Banneux Notre-Dame\" \/>\n<meta property=\"og:description\" content=\"P\u00e8re c\u00e9leste, la\u00a0foi\u00a0que tu nous as donn\u00e9e en ton fils J\u00e9sus-Christ, notre fr\u00e8re et la flamme de la\u00a0charit\u00e9 r\u00e9pandue dans nos c\u0153urs par l&#8217;Esprit Saint r\u00e9veillent en nous la bienheureuse\u00a0esp\u00e9rance de l&#8217;av\u00e8nement de ton Royaume. &nbsp; Que ta gr\u00e2ce nous transforme en cultivateurs assidus des semences de l&#8217;\u00c9vangile qui f\u00e9conderont l&#8217;humanit\u00e9 et le monde, dans l&#8217;attente confiante des cieux nouveaux et de la terre nouvelle, lorsque les puissances du mal seront vaincues ta gloire sera manifest\u00e9e pour toujours. &nbsp; Que la gr\u00e2ce du Jubil\u00e9 ravive en nous,\u00a0P\u00e8lerins de l&#8217;Esp\u00e9rance, l&#8217;aspiration aux biens c\u00e9lestes et r\u00e9pande sur le monde entier la joie et la paix de notre R\u00e9dempteur. \u00c0 toi, Dieu b\u00e9ni dans l&#8217;\u00e9ternit\u00e9 la louange et la gloire pour les [&hellip;]\" \/>\n<meta property=\"og:url\" content=\"https:\/\/banneux-nd.be\/fr\/priere-du-jubile\/\" \/>\n<meta property=\"og:site_name\" content=\"Banneux Notre-Dame\" \/>\n<meta property=\"article:publisher\" content=\"https:\/\/www.facebook.com\/NDBanneux\/\" \/>\n<meta property=\"og:image\" content=\"https:\/\/banneux-nd.be\/wp-content\/uploads\/2024\/12\/signature.png\" \/>\n\t<meta property=\"og:image:width\" content=\"600\" \/>\n\t<meta property=\"og:image:height\" content=\"336\" \/>\n\t<meta property=\"og:image:type\" content=\"image\/png\" \/>\n<meta name=\"twitter:card\" content=\"summary_large_image\" \/>\n<meta name=\"twitter:label1\" content=\"Dur\u00e9e de lecture estim\u00e9e\" \/>\n\t<meta name=\"twitter:data1\" content=\"1 minute\" \/>\n<script type=\"application\/ld+json\" class=\"yoast-schema-graph\">{\"@context\":\"https:\\\/\\\/schema.org\",\"@graph\":[{\"@type\":\"WebPage\",\"@id\":\"https:\\\/\\\/banneux-nd.be\\\/fr\\\/priere-du-jubile\\\/\",\"url\":\"https:\\\/\\\/banneux-nd.be\\\/fr\\\/priere-du-jubile\\\/\",\"name\":\"Pri\u00e8re du Jubil\u00e9 - Banneux Notre-Dame\",\"isPartOf\":{\"@id\":\"https:\\\/\\\/banneux-nd.be\\\/fr\\\/#website\"},\"primaryImageOfPage\":{\"@id\":\"https:\\\/\\\/banneux-nd.be\\\/fr\\\/priere-du-jubile\\\/#primaryimage\"},\"image\":{\"@id\":\"https:\\\/\\\/banneux-nd.be\\\/fr\\\/priere-du-jubile\\\/#primaryimage\"},\"thumbnailUrl\":\"https:\\\/\\\/banneux-nd.be\\\/wp-content\\\/uploads\\\/2024\\\/12\\\/signature.png\",\"datePublished\":\"2024-12-07T13:12:14+00:00\",\"breadcrumb\":{\"@id\":\"https:\\\/\\\/banneux-nd.be\\\/fr\\\/priere-du-jubile\\\/#breadcrumb\"},\"inLanguage\":\"fr-FR\",\"potentialAction\":[{\"@type\":\"ReadAction\",\"target\":[\"https:\\\/\\\/banneux-nd.be\\\/fr\\\/priere-du-jubile\\\/\"]}]},{\"@type\":\"ImageObject\",\"inLanguage\":\"fr-FR\",\"@id\":\"https:\\\/\\\/banneux-nd.be\\\/fr\\\/priere-du-jubile\\\/#primaryimage\",\"url\":\"https:\\\/\\\/banneux-nd.be\\\/wp-content\\\/uploads\\\/2024\\\/12\\\/signature.png\",\"contentUrl\":\"https:\\\/\\\/banneux-nd.be\\\/wp-content\\\/uploads\\\/2024\\\/12\\\/signature.png\"},{\"@type\":\"BreadcrumbList\",\"@id\":\"https:\\\/\\\/banneux-nd.be\\\/fr\\\/priere-du-jubile\\\/#breadcrumb\",\"itemListElement\":[{\"@type\":\"ListItem\",\"position\":1,\"name\":\"Accueil\",\"item\":\"https:\\\/\\\/banneux-nd.be\\\/fr\\\/\"},{\"@type\":\"ListItem\",\"position\":2,\"name\":\"Pri\u00e8re du Jubil\u00e9\"}]},{\"@type\":\"WebSite\",\"@id\":\"https:\\\/\\\/banneux-nd.be\\\/fr\\\/#website\",\"url\":\"https:\\\/\\\/banneux-nd.be\\\/fr\\\/\",\"name\":\"Banneux Notre-Dame\",\"description\":\"Sanctuaire de la Vierge des Pauvres (Belgique)\",\"potentialAction\":[{\"@type\":\"SearchAction\",\"target\":{\"@type\":\"EntryPoint\",\"urlTemplate\":\"https:\\\/\\\/banneux-nd.be\\\/fr\\\/?s={search_term_string}\"},\"query-input\":{\"@type\":\"PropertyValueSpecification\",\"valueRequired\":true,\"valueName\":\"search_term_string\"}}],\"inLanguage\":\"fr-FR\"}]}<\/script>\n<!-- \/ Yoast SEO plugin. -->","yoast_head_json":{"title":"Pri\u00e8re du Jubil\u00e9 - Banneux Notre-Dame","robots":{"index":"index","follow":"follow","max-snippet":"max-snippet:-1","max-image-preview":"max-image-preview:large","max-video-preview":"max-video-preview:-1"},"canonical":"https:\/\/banneux-nd.be\/fr\/priere-du-jubile\/","og_locale":"fr_FR","og_type":"article","og_title":"Pri\u00e8re du Jubil\u00e9 - Banneux Notre-Dame","og_description":"P\u00e8re c\u00e9leste, la\u00a0foi\u00a0que tu nous as donn\u00e9e en ton fils J\u00e9sus-Christ, notre fr\u00e8re et la flamme de la\u00a0charit\u00e9 r\u00e9pandue dans nos c\u0153urs par l&#8217;Esprit Saint r\u00e9veillent en nous la bienheureuse\u00a0esp\u00e9rance de l&#8217;av\u00e8nement de ton Royaume. &nbsp; Que ta gr\u00e2ce nous transforme en cultivateurs assidus des semences de l&#8217;\u00c9vangile qui f\u00e9conderont l&#8217;humanit\u00e9 et le monde, dans l&#8217;attente confiante des cieux nouveaux et de la terre nouvelle, lorsque les puissances du mal seront vaincues ta gloire sera manifest\u00e9e pour toujours. &nbsp; Que la gr\u00e2ce du Jubil\u00e9 ravive en nous,\u00a0P\u00e8lerins de l&#8217;Esp\u00e9rance, l&#8217;aspiration aux biens c\u00e9lestes et r\u00e9pande sur le monde entier la joie et la paix de notre R\u00e9dempteur. \u00c0 toi, Dieu b\u00e9ni dans l&#8217;\u00e9ternit\u00e9 la louange et la gloire pour les [&hellip;]","og_url":"https:\/\/banneux-nd.be\/fr\/priere-du-jubile\/","og_site_name":"Banneux Notre-Dame","article_publisher":"https:\/\/www.facebook.com\/NDBanneux\/","og_image":[{"width":600,"height":336,"url":"https:\/\/banneux-nd.be\/wp-content\/uploads\/2024\/12\/signature.png","type":"image\/png"}],"twitter_card":"summary_large_image","twitter_misc":{"Dur\u00e9e de lecture estim\u00e9e":"1 minute"},"schema":{"@context":"https:\/\/schema.org","@graph":[{"@type":"WebPage","@id":"https:\/\/banneux-nd.be\/fr\/priere-du-jubile\/","url":"https:\/\/banneux-nd.be\/fr\/priere-du-jubile\/","name":"Pri\u00e8re du Jubil\u00e9 - Banneux Notre-Dame","isPartOf":{"@id":"https:\/\/banneux-nd.be\/fr\/#website"},"primaryImageOfPage":{"@id":"https:\/\/banneux-nd.be\/fr\/priere-du-jubile\/#primaryimage"},"image":{"@id":"https:\/\/banneux-nd.be\/fr\/priere-du-jubile\/#primaryimage"},"thumbnailUrl":"https:\/\/banneux-nd.be\/wp-content\/uploads\/2024\/12\/signature.png","datePublished":"2024-12-07T13:12:14+00:00","breadcrumb":{"@id":"https:\/\/banneux-nd.be\/fr\/priere-du-jubile\/#breadcrumb"},"inLanguage":"fr-FR","potentialAction":[{"@type":"ReadAction","target":["https:\/\/banneux-nd.be\/fr\/priere-du-jubile\/"]}]},{"@type":"ImageObject","inLanguage":"fr-FR","@id":"https:\/\/banneux-nd.be\/fr\/priere-du-jubile\/#primaryimage","url":"https:\/\/banneux-nd.be\/wp-content\/uploads\/2024\/12\/signature.png","contentUrl":"https:\/\/banneux-nd.be\/wp-content\/uploads\/2024\/12\/signature.png"},{"@type":"BreadcrumbList","@id":"https:\/\/banneux-nd.be\/fr\/priere-du-jubile\/#breadcrumb","itemListElement":[{"@type":"ListItem","position":1,"name":"Accueil","item":"https:\/\/banneux-nd.be\/fr\/"},{"@type":"ListItem","position":2,"name":"Pri\u00e8re du Jubil\u00e9"}]},{"@type":"WebSite","@id":"https:\/\/banneux-nd.be\/fr\/#website","url":"https:\/\/banneux-nd.be\/fr\/","name":"Banneux Notre-Dame","description":"Sanctuaire de la Vierge des Pauvres (Belgique)","potentialAction":[{"@type":"SearchAction","target":{"@type":"EntryPoint","urlTemplate":"https:\/\/banneux-nd.be\/fr\/?s={search_term_string}"},"query-input":{"@type":"PropertyValueSpecification","valueRequired":true,"valueName":"search_term_string"}}],"inLanguage":"fr-FR"}]}},"coauthors":[],"author_meta":{"author_link":"https:\/\/banneux-nd.be\/fr\/author\/sanctuaire\/","display_name":"Fabian Delarbre"},"relative_dates":{"created":"Publi\u00e9 1 an il y a","modified":"Mis \u00e0 jour 1 an il y a"},"absolute_dates":{"created":"Publi\u00e9 le 12\/07\/2024","modified":"Mise \u00e0 jour le 12\/07\/2024"},"absolute_dates_time":{"created":"Publi\u00e9 le 12\/07\/2024 14 h 12 min","modified":"Mise \u00e0 jour le 12\/07\/2024 14 h 12 min"},"featured_img_caption":"","featured_img":false,"series_order":"","jetpack_sharing_enabled":true,"_links":{"self":[{"href":"https:\/\/banneux-nd.be\/fr\/wp-json\/wp\/v2\/pages\/19541","targetHints":{"allow":["GET"]}}],"collection":[{"href":"https:\/\/banneux-nd.be\/fr\/wp-json\/wp\/v2\/pages"}],"about":[{"href":"https:\/\/banneux-nd.be\/fr\/wp-json\/wp\/v2\/types\/page"}],"author":[{"embeddable":true,"href":"https:\/\/banneux-nd.be\/fr\/wp-json\/wp\/v2\/users\/10"}],"replies":[{"embeddable":true,"href":"https:\/\/banneux-nd.be\/fr\/wp-json\/wp\/v2\/comments?post=19541"}],"version-history":[{"count":2,"href":"https:\/\/banneux-nd.be\/fr\/wp-json\/wp\/v2\/pages\/19541\/revisions"}],"predecessor-version":[{"id":19551,"href":"https:\/\/banneux-nd.be\/fr\/wp-json\/wp\/v2\/pages\/19541\/revisions\/19551"}],"wp:attachment":[{"href":"https:\/\/banneux-nd.be\/fr\/wp-json\/wp\/v2\/media?parent=19541"}],"curies":[{"name":"wp","href":"https:\/\/api.w.org\/{rel}","templated":true}]}}