{"id":2245,"date":"2018-01-15T12:57:07","date_gmt":"2018-01-15T11:57:07","guid":{"rendered":"http:\/\/wwwwp2.banneux-nd.be\/?page_id=2245"},"modified":"2024-01-11T11:01:20","modified_gmt":"2024-01-11T10:01:20","slug":"horaire-celebrations","status":"publish","type":"page","link":"https:\/\/banneux-nd.be\/fr\/horaire-celebrations\/","title":{"rendered":"Horaire des c\u00e9l\u00e9brations"},"content":{"rendered":"\r\n<p><span style=\"font-size: 18pt;\"><strong>Messes en fran\u00e7ais (mi-octobre\u00a0\u00e0 fin avril)<\/strong><\/span><\/p>\r\n<p><strong>Messes dominicales\u00a0<\/strong>:<\/p>\r\n<ul>\r\n<li>Samedi \u00e0 16h<\/li>\r\n<li>Dimanche \u00e0 8h30 &#8211; 11h15 &#8211; 16h<\/li>\r\n<\/ul>\r\n<p><strong>En semaine\u00a0: <\/strong><\/p>\r\n<ul>\r\n<li><strong>du lundi au samedi<\/strong> \u00e0 8h \u2013 11h30 &#8211; 16h<\/li>\r\n<\/ul>\r\n<p><strong>Pri\u00e8re mariale\u00a0<\/strong>(du 1er dimanche de l&#8217;Avent au 31 mars)<\/p>\r\n<ul>\r\n<li><strong>Le dimanche \u00e0 15h <\/strong>\u00e0 la chapelle du Messsage<\/li>\r\n<\/ul>\r\n<p><strong>Adoration<\/strong><\/p>\r\n<ul>\r\n<li><strong>Toute la journ\u00e9e <\/strong>\u00e0 la chapelle de la Croix<\/li>\r\n<\/ul>\r\n<p><strong>Confessions<\/strong><\/p>\r\n<ul>\r\n<li>Du lundi au vendredi\u00a0: de 10h \u00e0 12h et de 14h \u00e0 16h. S&#8217;adresser \u00e0 l&#8217;abri du Cur\u00e9 d&#8217;Ars<\/li>\r\n<li>Samedi et dimanche\u00a0: pr\u00e8s de la chapelle Marie M\u00e9diatrice de 15h \u00e0 16h<\/li>\r\n<\/ul>\r\n<p><strong>Rosaire<\/strong><\/p>\r\n<ul>\r\n<li>Chaque soir \u00e0 19h \u00e0 la chapelle du Saint-Sacrement<\/li>\r\n<\/ul>\r\n<p style=\"text-align: center;\"><strong>D&#8217;autres c\u00e9l\u00e9brations peuvent \u00eatre organis\u00e9es<br \/>sur demande pour votre groupe !<\/strong><\/p>\r\n<hr \/>\r\n<p><span style=\"font-size: 18pt;\"><strong>Messes en fran\u00e7ais (mai \u00e0 mi-octobre)<\/strong><\/span><\/p>\r\n\r\n\r\n\r\n\r\n\r\n<p><strong>Messes dominicales\u00a0<\/strong>:<\/p>\r\n\r\n\r\n\r\n<ul>\r\n<li>Samedi \u00e0 16h<\/li>\r\n<li>Dimanche \u00e0 8h30 &#8211; 11h15 &#8211; 16h<\/li>\r\n<li><strong>Messe internationale \u00e0 10h30<\/strong><\/li>\r\n<\/ul>\r\n\r\n\r\n\r\n<p><strong>En semaine\u00a0: <\/strong><\/p>\r\n\r\n\r\n\r\n<ul class=\"wp-block-list\">\r\n<li>Du lundi au samedi \u00e0 8h \u2013 11h30 &#8211; 16h<\/li>\r\n<\/ul>\r\n\r\n\r\n\r\n<p><strong>B\u00e9n\u00e9diction des malades<\/strong><\/p>\r\n\r\n\r\n\r\n<ul>\r\n<li>Du lundi au dimanche (sauf le vendredi) \u00e0 15h\u00a0<\/li>\r\n<\/ul>\r\n\r\n\r\n\r\n<p><strong>Adoration<\/strong><\/p>\r\n\r\n\r\n\r\n<ul class=\"wp-block-list\">\r\n<li>Toute la journ\u00e9e \u00e0 la chapelle Saint-Michel-et-Sainte-Jeanne-d&#8217;Arc<\/li>\r\n<\/ul>\r\n\r\n\r\n\r\n<p><strong>Confessions<\/strong><\/p>\r\n\r\n\r\n\r\n<ul class=\"wp-block-list\">\r\n<li>Du lundi au dimanche : de 10h \u00e0 12h et de 14h \u00e0 16h \u00e0 l&#8217;Accueil Confessions (# 5 sur le plan) &#8211; sous r\u00e9serve de pr\u00eatres disponibles.<\/li>\r\n\r\n\r\n<\/ul>\r\n\r\n\r\n\r\n<p><strong>Rosaire<\/strong><\/p>\r\n\r\n\r\n\r\n<ul>\r\n<li>Chaque soir \u00e0 19h \u00e0 la chapelle du Saint-Sacrement<\/li>\r\n<\/ul>\r\n\r\n\r\n\r\n<p>&nbsp;<\/p>\r\n<p><span style=\"color: #ff0000;\"><b><span style=\"color: #000000;\">Le bureau info :<\/span><\/b><\/span><\/p>\r\n<ul style=\"list-style-type: disc;\">\r\n<li><span style=\"color: #000000;\">est ouvert chaque jour de 9h30 \u00e0 12h et de 13h \u00e0 17h<\/span><\/li>\r\n<\/ul>\r\n\r\n\r\n\r\n<p>&nbsp;<\/p>\r\n<h3><a href=\"https:\/\/banneux-nd.be\/fr\/calendrier\/\" target=\"_blank\" rel=\"noopener\">Vers le calendrier de l&#8217;ann\u00e9e<\/a><\/h3>\r\n\r\n\r\n\r\n<p>&nbsp;<\/p>\r\n<p class=\"has-text-align-center\" style=\"text-align: center;\"><strong>D&#8217;autres c\u00e9l\u00e9brations peuvent \u00eatre organis\u00e9es<br \/>sur demande pour votre groupe<\/strong><\/p>\r\n<p>&nbsp;<\/p>\r\n\r\n\r\n<hr \/>\r\n<p>&nbsp;<\/p>\r\n\r\n\r\n\r\n<p>&nbsp;<\/p>\r\n\r\n\r\n\r\n<p class=\"has-text-align-center\">\u00a0<\/p>\r\n\r\n\r\n","protected":false},"excerpt":{"rendered":"<p>Messes en fran\u00e7ais (mi-octobre\u00a0\u00e0 fin avril) Messes dominicales\u00a0: Samedi \u00e0 16h Dimanche \u00e0 8h30 &#8211; 11h15 &#8211; 16h En semaine\u00a0: du lundi au samedi \u00e0 8h \u2013 11h30 &#8211; 16h Pri\u00e8re mariale\u00a0(du 1er dimanche de l&#8217;Avent au 31 mars) Le dimanche \u00e0 15h \u00e0 la chapelle du Messsage Adoration Toute la journ\u00e9e \u00e0 la chapelle de la Croix Confessions Du lundi au vendredi\u00a0: de 10h \u00e0 12h et de 14h \u00e0 16h. S&#8217;adresser \u00e0 l&#8217;abri du Cur\u00e9 d&#8217;Ars Samedi et dimanche\u00a0: pr\u00e8s de la chapelle Marie M\u00e9diatrice de 15h \u00e0 16h Rosaire Chaque soir \u00e0 19h \u00e0 la chapelle du Saint-Sacrement D&#8217;autres c\u00e9l\u00e9brations peuvent \u00eatre organis\u00e9essur demande pour votre groupe ! Messes en fran\u00e7ais (mai \u00e0 mi-octobre) Messes dominicales\u00a0: Samedi [&hellip;]<\/p>\n","protected":false},"author":10,"featured_media":0,"parent":0,"menu_order":0,"comment_status":"closed","ping_status":"closed","template":"","meta":{"advgb_blocks_editor_width":"","advgb_blocks_columns_visual_guide":"","jetpack_post_was_ever_published":false,"footnotes":""},"class_list":["post-2245","page","type-page","status-publish","hentry"],"yoast_head":"<!-- This site is optimized with the Yoast SEO plugin v27.3 - https:\/\/yoast.com\/product\/yoast-seo-wordpress\/ -->\n<title>Horaire des c\u00e9l\u00e9brations - Banneux Notre-Dame<\/title>\n<meta name=\"description\" content=\"Horaire des c\u00e9l\u00e9brations religieuses sur le sanctuaire de Banneux Notre Dame\" \/>\n<meta name=\"robots\" content=\"index, follow, max-snippet:-1, max-image-preview:large, max-video-preview:-1\" \/>\n<link rel=\"canonical\" href=\"https:\/\/banneux-nd.be\/fr\/horaire-celebrations\/\" \/>\n<meta property=\"og:locale\" content=\"fr_FR\" \/>\n<meta property=\"og:type\" content=\"article\" \/>\n<meta property=\"og:title\" content=\"Horaire des c\u00e9l\u00e9brations - Banneux Notre-Dame\" \/>\n<meta property=\"og:description\" content=\"Horaire des c\u00e9l\u00e9brations religieuses sur le sanctuaire de Banneux Notre Dame\" \/>\n<meta property=\"og:url\" content=\"https:\/\/banneux-nd.be\/fr\/horaire-celebrations\/\" \/>\n<meta property=\"og:site_name\" content=\"Banneux Notre-Dame\" \/>\n<meta property=\"article:publisher\" content=\"https:\/\/www.facebook.com\/NDBanneux\/\" \/>\n<meta property=\"article:modified_time\" content=\"2024-01-11T10:01:20+00:00\" \/>\n<meta name=\"twitter:card\" content=\"summary_large_image\" \/>\n<meta name=\"twitter:label1\" content=\"Dur\u00e9e de lecture estim\u00e9e\" \/>\n\t<meta name=\"twitter:data1\" content=\"2 minutes\" \/>\n<script type=\"application\/ld+json\" class=\"yoast-schema-graph\">{\"@context\":\"https:\\\/\\\/schema.org\",\"@graph\":[{\"@type\":\"WebPage\",\"@id\":\"https:\\\/\\\/banneux-nd.be\\\/fr\\\/horaire-celebrations\\\/\",\"url\":\"https:\\\/\\\/banneux-nd.be\\\/fr\\\/horaire-celebrations\\\/\",\"name\":\"Horaire des c\u00e9l\u00e9brations - Banneux Notre-Dame\",\"isPartOf\":{\"@id\":\"https:\\\/\\\/banneux-nd.be\\\/fr\\\/#website\"},\"datePublished\":\"2018-01-15T11:57:07+00:00\",\"dateModified\":\"2024-01-11T10:01:20+00:00\",\"description\":\"Horaire des c\u00e9l\u00e9brations religieuses sur le sanctuaire de Banneux Notre Dame\",\"breadcrumb\":{\"@id\":\"https:\\\/\\\/banneux-nd.be\\\/fr\\\/horaire-celebrations\\\/#breadcrumb\"},\"inLanguage\":\"fr-FR\",\"potentialAction\":[{\"@type\":\"ReadAction\",\"target\":[\"https:\\\/\\\/banneux-nd.be\\\/fr\\\/horaire-celebrations\\\/\"]}]},{\"@type\":\"BreadcrumbList\",\"@id\":\"https:\\\/\\\/banneux-nd.be\\\/fr\\\/horaire-celebrations\\\/#breadcrumb\",\"itemListElement\":[{\"@type\":\"ListItem\",\"position\":1,\"name\":\"Accueil\",\"item\":\"https:\\\/\\\/banneux-nd.be\\\/fr\\\/\"},{\"@type\":\"ListItem\",\"position\":2,\"name\":\"Horaire des c\u00e9l\u00e9brations\"}]},{\"@type\":\"WebSite\",\"@id\":\"https:\\\/\\\/banneux-nd.be\\\/fr\\\/#website\",\"url\":\"https:\\\/\\\/banneux-nd.be\\\/fr\\\/\",\"name\":\"Banneux Notre-Dame\",\"description\":\"Sanctuaire de la Vierge des Pauvres (Belgique)\",\"potentialAction\":[{\"@type\":\"SearchAction\",\"target\":{\"@type\":\"EntryPoint\",\"urlTemplate\":\"https:\\\/\\\/banneux-nd.be\\\/fr\\\/?s={search_term_string}\"},\"query-input\":{\"@type\":\"PropertyValueSpecification\",\"valueRequired\":true,\"valueName\":\"search_term_string\"}}],\"inLanguage\":\"fr-FR\"}]}<\/script>\n<!-- \/ Yoast SEO plugin. -->","yoast_head_json":{"title":"Horaire des c\u00e9l\u00e9brations - Banneux Notre-Dame","description":"Horaire des c\u00e9l\u00e9brations religieuses sur le sanctuaire de Banneux Notre Dame","robots":{"index":"index","follow":"follow","max-snippet":"max-snippet:-1","max-image-preview":"max-image-preview:large","max-video-preview":"max-video-preview:-1"},"canonical":"https:\/\/banneux-nd.be\/fr\/horaire-celebrations\/","og_locale":"fr_FR","og_type":"article","og_title":"Horaire des c\u00e9l\u00e9brations - Banneux Notre-Dame","og_description":"Horaire des c\u00e9l\u00e9brations religieuses sur le sanctuaire de Banneux Notre Dame","og_url":"https:\/\/banneux-nd.be\/fr\/horaire-celebrations\/","og_site_name":"Banneux Notre-Dame","article_publisher":"https:\/\/www.facebook.com\/NDBanneux\/","article_modified_time":"2024-01-11T10:01:20+00:00","twitter_card":"summary_large_image","twitter_misc":{"Dur\u00e9e de lecture estim\u00e9e":"2 minutes"},"schema":{"@context":"https:\/\/schema.org","@graph":[{"@type":"WebPage","@id":"https:\/\/banneux-nd.be\/fr\/horaire-celebrations\/","url":"https:\/\/banneux-nd.be\/fr\/horaire-celebrations\/","name":"Horaire des c\u00e9l\u00e9brations - Banneux Notre-Dame","isPartOf":{"@id":"https:\/\/banneux-nd.be\/fr\/#website"},"datePublished":"2018-01-15T11:57:07+00:00","dateModified":"2024-01-11T10:01:20+00:00","description":"Horaire des c\u00e9l\u00e9brations religieuses sur le sanctuaire de Banneux Notre Dame","breadcrumb":{"@id":"https:\/\/banneux-nd.be\/fr\/horaire-celebrations\/#breadcrumb"},"inLanguage":"fr-FR","potentialAction":[{"@type":"ReadAction","target":["https:\/\/banneux-nd.be\/fr\/horaire-celebrations\/"]}]},{"@type":"BreadcrumbList","@id":"https:\/\/banneux-nd.be\/fr\/horaire-celebrations\/#breadcrumb","itemListElement":[{"@type":"ListItem","position":1,"name":"Accueil","item":"https:\/\/banneux-nd.be\/fr\/"},{"@type":"ListItem","position":2,"name":"Horaire des c\u00e9l\u00e9brations"}]},{"@type":"WebSite","@id":"https:\/\/banneux-nd.be\/fr\/#website","url":"https:\/\/banneux-nd.be\/fr\/","name":"Banneux Notre-Dame","description":"Sanctuaire de la Vierge des Pauvres (Belgique)","potentialAction":[{"@type":"SearchAction","target":{"@type":"EntryPoint","urlTemplate":"https:\/\/banneux-nd.be\/fr\/?s={search_term_string}"},"query-input":{"@type":"PropertyValueSpecification","valueRequired":true,"valueName":"search_term_string"}}],"inLanguage":"fr-FR"}]}},"coauthors":[],"author_meta":{"author_link":"https:\/\/banneux-nd.be\/fr\/author\/sanctuaire\/","display_name":"Fabian Delarbre"},"relative_dates":{"created":"Publi\u00e9 8 ans il y a","modified":"Mis \u00e0 jour 2 ans il y a"},"absolute_dates":{"created":"Publi\u00e9 le 01\/15\/2018","modified":"Mise \u00e0 jour le 01\/11\/2024"},"absolute_dates_time":{"created":"Publi\u00e9 le 01\/15\/2018 12 h 57 min","modified":"Mise \u00e0 jour le 01\/11\/2024 11 h 01 min"},"featured_img_caption":"","featured_img":false,"series_order":"","jetpack_sharing_enabled":true,"_links":{"self":[{"href":"https:\/\/banneux-nd.be\/fr\/wp-json\/wp\/v2\/pages\/2245","targetHints":{"allow":["GET"]}}],"collection":[{"href":"https:\/\/banneux-nd.be\/fr\/wp-json\/wp\/v2\/pages"}],"about":[{"href":"https:\/\/banneux-nd.be\/fr\/wp-json\/wp\/v2\/types\/page"}],"author":[{"embeddable":true,"href":"https:\/\/banneux-nd.be\/fr\/wp-json\/wp\/v2\/users\/10"}],"replies":[{"embeddable":true,"href":"https:\/\/banneux-nd.be\/fr\/wp-json\/wp\/v2\/comments?post=2245"}],"version-history":[{"count":62,"href":"https:\/\/banneux-nd.be\/fr\/wp-json\/wp\/v2\/pages\/2245\/revisions"}],"predecessor-version":[{"id":18204,"href":"https:\/\/banneux-nd.be\/fr\/wp-json\/wp\/v2\/pages\/2245\/revisions\/18204"}],"wp:attachment":[{"href":"https:\/\/banneux-nd.be\/fr\/wp-json\/wp\/v2\/media?parent=2245"}],"curies":[{"name":"wp","href":"https:\/\/api.w.org\/{rel}","templated":true}]}}