{"id":4346,"date":"2018-02-10T19:27:02","date_gmt":"2018-02-10T18:27:02","guid":{"rendered":"http:\/\/wwwwp2.banneux-nd.be\/?page_id=4346"},"modified":"2026-03-24T22:48:11","modified_gmt":"2026-03-24T21:48:11","slug":"calendrier","status":"publish","type":"page","link":"https:\/\/banneux-nd.be\/fr\/calendrier\/","title":{"rendered":"Calendrier 2026"},"content":{"rendered":"\r\n<p>&nbsp;<\/p>\r\n<h2 style=\"text-align: center;\"><span style=\"color: #000080;\"><strong>Anniversaire des Apparitions 2026<\/strong><\/span><\/h2>\r\n<p>&nbsp;<\/p>\r\n<p><img fetchpriority=\"high\" decoding=\"async\" class=\"aligncenter size-large wp-image-20352\" src=\"https:\/\/banneux-nd.be\/wp-content\/uploads\/2025\/12\/Banneux-01-2026-Vers02-32_page-0001-725x1024.jpg\" alt=\"\" width=\"725\" height=\"1024\" srcset=\"https:\/\/banneux-nd.be\/wp-content\/uploads\/2025\/12\/Banneux-01-2026-Vers02-32_page-0001-725x1024.jpg 725w, https:\/\/banneux-nd.be\/wp-content\/uploads\/2025\/12\/Banneux-01-2026-Vers02-32_page-0001-212x300.jpg 212w, https:\/\/banneux-nd.be\/wp-content\/uploads\/2025\/12\/Banneux-01-2026-Vers02-32_page-0001-768x1085.jpg 768w, https:\/\/banneux-nd.be\/wp-content\/uploads\/2025\/12\/Banneux-01-2026-Vers02-32_page-0001-1087x1536.jpg 1087w, https:\/\/banneux-nd.be\/wp-content\/uploads\/2025\/12\/Banneux-01-2026-Vers02-32_page-0001.jpg 1241w\" sizes=\"(max-width: 725px) 100vw, 725px\" \/><\/p>\r\n<h3 style=\"text-align: center;\"><span style=\"color: #000080;\"><strong><u>Jeudi 15 janvier\u00a0 &#8211;\u00a0 Anniversaire 1<sup>i\u00e8re<\/sup> Apparition<\/u><\/strong><\/span><\/h3>\r\n<p>8h30 \u00a0\u00a0\u00a0\u00a0\u00a0\u00a0\u00a0\u00a0\u00a0 Messe en fran\u00e7ais<\/p>\r\n<p><strong>11H30 <\/strong>\u00a0\u00a0\u00a0\u00a0\u00a0\u00a0 Messe en fran\u00e7ais<\/p>\r\n<p><strong>15H00\u00a0\u00a0\u00a0\u00a0\u00a0\u00a0\u00a0 Veill\u00e9e mariale et salut.\u00a0 (en 3 langues)<\/strong><\/p>\r\n<p><strong>16H00 \u00a0\u00a0\u00a0\u00a0\u00a0\u00a0 Messe internationale<\/strong><\/p>\r\n<p><strong>19H00 \u00a0\u00a0\u00a0\u00a0\u00a0\u00a0 Rosaire avec procession \u00e0 la source. <\/strong><\/p>\r\n<p>&nbsp;<\/p>\r\n<p>&nbsp;<\/p>\r\n<p>&nbsp;<\/p>\r\n<h3 style=\"text-align: center;\"><span style=\"color: #000080;\"><strong><u>Dimanche 18 janvier &#8211; Anniversaire 2<sup>i\u00e8me<\/sup> Apparition<\/u><\/strong><\/span><\/h3>\r\n<p>11h15\u00a0\u00a0\u00a0\u00a0\u00a0\u00a0\u00a0 <strong>Messe internationale<\/strong><\/p>\r\n<p><strong>15H00\u00a0\u00a0\u00a0\u00a0\u00a0\u00a0\u00a0 Veill\u00e9e mariale et salut.\u00a0 (en 3 langues)<\/strong><\/p>\r\n<p>16h00\u00a0\u00a0\u00a0\u00a0\u00a0\u00a0\u00a0 Messe en fran\u00e7ais<\/p>\r\n<p><strong>19H00 \u00a0\u00a0\u00a0\u00a0\u00a0\u00a0 Rosaire avec procession \u00e0 la source. <\/strong><\/p>\r\n<p>&nbsp;<\/p>\r\n<p>&nbsp;<\/p>\r\n<h3 style=\"text-align: center;\"><span style=\"color: #000080;\"><strong><u>Lundi 19 janvier &#8211; Anniversaire 3<sup>i\u00e8me<\/sup> Apparition<\/u><\/strong><\/span><\/h3>\r\n<p>11h30\u00a0\u00a0\u00a0\u00a0\u00a0\u00a0\u00a0 Messe en fran\u00e7ais<\/p>\r\n<p><strong>15H00\u00a0\u00a0\u00a0\u00a0\u00a0\u00a0\u00a0 Veill\u00e9e mariale et salut.\u00a0 (en 3 langues)<\/strong><\/p>\r\n<p>16h00\u00a0\u00a0\u00a0\u00a0\u00a0\u00a0\u00a0 Messe en fran\u00e7ais<\/p>\r\n<p><strong>19H00 \u00a0\u00a0\u00a0\u00a0\u00a0\u00a0 Rosaire avec procession \u00e0 la source. <\/strong><\/p>\r\n<p>&nbsp;<\/p>\r\n<p>&nbsp;<\/p>\r\n<h3 style=\"text-align: center;\"><span style=\"color: #000080;\"><strong><u>Mardi 20 janvier &#8211; Anniversaire 4<sup>i\u00e8me<\/sup> Apparition<\/u><\/strong><\/span><\/h3>\r\n<p>11h30\u00a0\u00a0\u00a0\u00a0\u00a0\u00a0\u00a0 Messe en fran\u00e7ais<\/p>\r\n<p><strong>15H00\u00a0\u00a0\u00a0\u00a0\u00a0\u00a0\u00a0 Veill\u00e9e mariale et salut.\u00a0 (en 3 langues)<\/strong><\/p>\r\n<p>16h00\u00a0\u00a0\u00a0\u00a0\u00a0\u00a0\u00a0 Messe en fran\u00e7ais<\/p>\r\n<p><strong>19H00 \u00a0\u00a0\u00a0\u00a0\u00a0\u00a0 Rosaire avec procession \u00e0 la source. <\/strong><\/p>\r\n<p>&nbsp;<\/p>\r\n<p>&nbsp;<\/p>\r\n<h3 style=\"text-align: center;\"><span style=\"color: #000080;\"><strong><u>Mercredi 11 f\u00e9vrier &#8211; Anniversaire 5<sup>i\u00e8me<\/sup> Apparition \u2013 Journ\u00e9e mondiale des malades<\/u><\/strong><\/span><\/h3>\r\n<p><strong>11h30\u00a0\u00a0\u00a0\u00a0\u00a0\u00a0\u00a0 <\/strong>Messe en fran\u00e7ais<\/p>\r\n<p><strong>15H00\u00a0\u00a0\u00a0\u00a0\u00a0\u00a0\u00a0 B\u00e9n\u00e9diction des malades.\u00a0 (en 3 langues)<\/strong><\/p>\r\n<p>16h00\u00a0\u00a0\u00a0\u00a0\u00a0\u00a0\u00a0 Messe en fran\u00e7ais<\/p>\r\n<p><strong>19H00 \u00a0\u00a0\u00a0\u00a0\u00a0\u00a0 Rosaire avec procession \u00e0 la source. <\/strong><\/p>\r\n<p>&nbsp;<\/p>\r\n<p>&nbsp;<\/p>\r\n<h3 style=\"text-align: center;\"><span style=\"color: #000080;\"><strong><u>Dimanche 15 f\u00e9vrier &#8211; Anniversaire 6<sup>i\u00e8me<\/sup> Apparition<\/u><\/strong><\/span><\/h3>\r\n<p>11h15\u00a0\u00a0\u00a0\u00a0\u00a0\u00a0\u00a0 <strong>Messe internationale<\/strong><\/p>\r\n<p><strong>15H00\u00a0\u00a0\u00a0\u00a0\u00a0\u00a0\u00a0 Veill\u00e9e mariale et salut.\u00a0 (en 3 langues)<\/strong><\/p>\r\n<p>16h00\u00a0\u00a0\u00a0\u00a0\u00a0\u00a0\u00a0 Messe en fran\u00e7ais<\/p>\r\n<p><strong>19H00 \u00a0\u00a0\u00a0\u00a0\u00a0\u00a0 Rosaire avec procession \u00e0 la source. <\/strong><\/p>\r\n<p>&nbsp;<\/p>\r\n<p>&nbsp;<\/p>\r\n<h3 style=\"text-align: center;\"><span style=\"color: #000080;\"><strong><u>Vendredi 20 f\u00e9vrier &#8211; Anniversaire 7<sup>i\u00e8me<\/sup> Apparition<\/u><\/strong><\/span><\/h3>\r\n<p>11h30\u00a0\u00a0\u00a0\u00a0\u00a0\u00a0\u00a0 Messe en fran\u00e7ais<\/p>\r\n<p><strong>15H00\u00a0\u00a0\u00a0\u00a0\u00a0\u00a0\u00a0 Veill\u00e9e mariale et salut.\u00a0 (en 3 langues)<\/strong><\/p>\r\n<p>16h00\u00a0\u00a0\u00a0\u00a0\u00a0\u00a0\u00a0 Messe en fran\u00e7ais<\/p>\r\n<p><strong>19H00 \u00a0\u00a0\u00a0\u00a0\u00a0\u00a0 Rosaire avec procession \u00e0 la source. <\/strong><\/p>\r\n<p>&nbsp;<\/p>\r\n<p>&nbsp;<\/p>\r\n<h3 style=\"text-align: center;\"><span style=\"color: #000080;\"><strong><u>Lundi 02 mars &#8211; Anniversaire 8<sup>i\u00e8me<\/sup> Apparition<\/u><\/strong><\/span><\/h3>\r\n<p><strong>10H30 \u00a0\u00a0\u00a0\u00a0\u00a0\u00a0 Messe internationale<\/strong><\/p>\r\n<p>11h30\u00a0\u00a0\u00a0\u00a0\u00a0\u00a0\u00a0 Messe en fran\u00e7ais<\/p>\r\n<p><strong>15H00\u00a0\u00a0\u00a0\u00a0\u00a0\u00a0\u00a0 B\u00e9n\u00e9diction des malades.\u00a0 (en 3 langues)<\/strong><\/p>\r\n<p><strong>16H00 \u00a0\u00a0\u00a0\u00a0\u00a0\u00a0 Messe en fran\u00e7ais pr\u00e9sid\u00e9e par l\u2019Abb\u00e9 Palm, Recteur<\/strong><\/p>\r\n<p><strong>19H00 \u00a0\u00a0\u00a0\u00a0\u00a0\u00a0 Rosaire avec procession \u00e0 la source. <\/strong><\/p>\r\n<p>&nbsp;<\/p>\r\n<h3 style=\"text-align: center;\"><strong>Mercredi\u00a0 25 mars &#8211; Annonciation<\/strong><\/h3>\r\n<p>8h00\u00a0\u00a0\u00a0\u00a0\u00a0\u00a0\u00a0\u00a0\u00a0 Messe en fran\u00e7ais<\/p>\r\n<p>11h30\u00a0\u00a0\u00a0\u00a0\u00a0\u00a0\u00a0 Messe en fran\u00e7ais<\/p>\r\n<p><strong>15H00\u00a0: \u00a0\u00a0\u00a0 Pri\u00e8re mariale et salut (en 3 langues)<\/strong><\/p>\r\n<p>16h00\u00a0\u00a0\u00a0\u00a0\u00a0\u00a0\u00a0 Messe en fran\u00e7ais<\/p>\r\n<p><strong>19H00 \u00a0\u00a0\u00a0\u00a0\u00a0\u00a0 Rosaire<\/strong><\/p>\r\n<p>&nbsp;<\/p>\r\n<p>&nbsp;<\/p>\r\n<h3 style=\"text-align: center;\"><strong>Dimanche 29 mars &#8211; Dimanche des Rameaux<\/strong><\/h3>\r\n<p>8H30\u00a0:\u00a0\u00a0\u00a0\u00a0\u00a0\u00a0\u00a0 B\u00e9n\u00e9diction des Rameaux et Messe (en fran\u00e7ais)<\/p>\r\n<p>11H15\u00a0:\u00a0\u00a0\u00a0\u00a0 B\u00e9n\u00e9diction des Rameaux et Messe (en fran\u00e7ais)<\/p>\r\n<p><strong>15H00\u00a0: \u00a0\u00a0\u00a0 Pri\u00e8re mariale et salut (en 3 langues)<\/strong><\/p>\r\n<p>16H00\u00a0:\u00a0\u00a0\u00a0\u00a0 B\u00e9n\u00e9diction des Rameaux et Messe (en fran\u00e7ais).<\/p>\r\n<p>19H00\u00a0: \u00a0\u00a0\u00a0 Rosaire<\/p>\r\n<p>&nbsp;<\/p>\r\n<p>&nbsp;<\/p>\r\n<h3 style=\"text-align: center;\"><strong>Jeudi 2 avril &#8211; Jeudi Saint<\/strong><\/h3>\r\n<p>18H00\u00a0\u00a0\u00a0\u00a0\u00a0\u00a0 C\u00e9l\u00e9bration de la Derni\u00e8re C\u00e8ne suivie d&#8217;un temps d&#8217;adoration<\/p>\r\n<p>\u00a0\u00a0\u00a0\u00a0\u00a0\u00a0\u00a0\u00a0 Confessions de 9H30 \u00e0 12H et de 14H \u00e0 16H30 \u00e0 l\u2019Accueil-confession<\/p>\r\n<p>&nbsp;<\/p>\r\n<p>&nbsp;<\/p>\r\n<h3 style=\"text-align: center;\"><strong>Vendredi 3 avril &#8211; Vendredi Saint<\/strong><\/h3>\r\n<p>15H00\u00a0\u00a0\u00a0\u00a0\u00a0\u00a0\u00a0\u00a0\u00a0\u00a0\u00a0\u00a0\u00a0\u00a0\u00a0\u00a0 Chemins de Croix ( \u00e0 l\u2019ext\u00e9rieur et \u00e0 l\u2019int\u00e9rieur)<\/p>\r\n<p>18H00\u00a0\u00a0\u00a0\u00a0\u00a0\u00a0\u00a0\u00a0\u00a0\u00a0\u00a0\u00a0\u00a0\u00a0\u00a0\u00a0 Office de la Passion<\/p>\r\n<p>\u00a0\u00a0\u00a0\u00a0\u00a0\u00a0\u00a0\u00a0 Confessions de 9H30 \u00e0 12H et de 14H \u00e0 16H30 \u00e0 l\u2019Accueil-confession<\/p>\r\n<p>&nbsp;<\/p>\r\n<p>&nbsp;<\/p>\r\n<h3 style=\"text-align: center;\"><strong>Samedi 4 avril &#8211; Vigile Pascale<\/strong><\/h3>\r\n<p>\u00a0\u00a0\u00a0\u00a0\u00a0\u00a0\u00a0\u00a0 18H00\u00a0: \u00a0\u00a0\u00a0\u00a0 Vigile Pascale<\/p>\r\n<p><em>Attention pas de messe \u00e0 16H\u00a0!<\/em><\/p>\r\n<p><em>\u00a0<\/em>\u00a0\u00a0\u00a0\u00a0\u00a0\u00a0\u00a0\u00a0 Confessions de 9H30 \u00e0 12H et de 14H \u00e0 16H30 \u00e0 l\u2019Accueil-confession<\/p>\r\n<p>&nbsp;<\/p>\r\n<p>&nbsp;<\/p>\r\n<h3 style=\"text-align: center;\"><strong>Dimanche 5 avril &#8211; P\u00e2ques<\/strong><\/h3>\r\n<p><strong>\u00a0<\/strong>8H30\u00a0:\u00a0\u00a0\u00a0\u00a0\u00a0\u00a0\u00a0 Messe de la R\u00e9surrection en fran\u00e7ais<\/p>\r\n<p>11H15\u00a0:\u00a0\u00a0\u00a0\u00a0 Messe de la R\u00e9surrection en fran\u00e7ais<\/p>\r\n<p><strong>15H00\u00a0:\u00a0\u00a0\u00a0\u00a0 Pri\u00e8re mariale et salut (<\/strong><strong>en 3 langues<\/strong><strong>)\u00a0 <\/strong><\/p>\r\n<p>16H00\u00a0:\u00a0\u00a0\u00a0\u00a0 Messe de la R\u00e9surrection en fran\u00e7ais<\/p>\r\n<p>19H00\u00a0:\u00a0\u00a0\u00a0\u00a0 Rosaire<\/p>\r\n<p>\u00a0\u00a0\u00a0\u00a0\u00a0\u00a0\u00a0\u00a0 Confessions de 14H \u00e0 16H30 \u00e0 l\u2019Accueil-confession<\/p>\r\n<p>&nbsp;<\/p>\r\n<h3 style=\"text-align: center;\"><strong>Lundi 6 avril &#8211; Lundi de P\u00e2ques<\/strong><\/h3>\r\n<p>8H30\u00a0:\u00a0\u00a0\u00a0\u00a0\u00a0\u00a0\u00a0 Messe en fran\u00e7ais<\/p>\r\n<p>11H15\u00a0:\u00a0\u00a0\u00a0\u00a0 Messe en fran\u00e7ais<\/p>\r\n<p>16H00\u00a0:\u00a0\u00a0\u00a0\u00a0 Messe en Fran\u00e7ais<\/p>\r\n<p>19H00\u00a0:\u00a0\u00a0\u00a0\u00a0 Rosaire<\/p>\r\n<p><strong>Pas de confessions<\/strong><\/p>\r\n<p><strong>\u00a0<\/strong><\/p>\r\n<p><strong>\u00a0<\/strong><\/p>\r\n<h3 style=\"text-align: center;\"><strong>Dimanche 12 avril &#8211; Dimanche de la Mis\u00e9ricorde Divine<\/strong><\/h3>\r\n<p>8H30\u00a0:\u00a0\u00a0\u00a0\u00a0\u00a0\u00a0\u00a0 Messe en fran\u00e7ais<\/p>\r\n<p>11H15\u00a0:\u00a0\u00a0\u00a0\u00a0\u00a0 Messe en fran\u00e7ais<\/p>\r\n<p><strong>15H00\u00a0:\u00a0\u00a0\u00a0\u00a0\u00a0 Pri\u00e8re mariale et salut (<\/strong><strong>en 3 langues<\/strong><strong>)\u00a0 <\/strong><\/p>\r\n<p>\u00a016H00\u00a0:\u00a0\u00a0\u00a0\u00a0 Messe en fran\u00e7ais<\/p>\r\n<p>19H00\u00a0:\u00a0\u00a0\u00a0\u00a0\u00a0 Rosaire<\/p>\r\n<p>&nbsp;<\/p>\r\n<h3 style=\"text-align: center;\"><strong>Vendredi 1<sup>ier<\/sup> Mai \u2013 Ouverture de la Saison des p\u00e8lerinages<\/strong><\/h3>\r\n<p>Jeudi de 20h \u00e0 22h\u00a0: Soir\u00e9e d\u2019adoration.<\/p>\r\n<p>8H30\u00a0\u00a0\u00a0\u00a0\u00a0\u00a0\u00a0\u00a0\u00a0\u00a0\u00a0\u00a0 Messe en fran\u00e7ais<\/p>\r\n<p>9H30\u00a0\u00a0\u00a0\u00a0\u00a0\u00a0\u00a0\u00a0\u00a0\u00a0\u00a0\u00a0 Messe en allemand<\/p>\r\n<p><strong>10H30 \u00a0\u00a0\u00a0\u00a0 Messe internationale pr\u00e9sid\u00e9e par Mgr Delville, \u00e9v\u00eaque de Li\u00e8ge\u00a0 <\/strong><\/p>\r\n<p>11H15\u00a0\u00a0\u00a0\u00a0\u00a0\u00a0\u00a0\u00a0\u00a0\u00a0 Messe en fran\u00e7ais<\/p>\r\n<p><strong>15H00\u00a0\u00a0\u00a0\u00a0\u00a0 B\u00e9n\u00e9diction des malades.\u00a0 (international)<\/strong><\/p>\r\n<p><strong>16H00 \u00a0\u00a0\u00a0\u00a0 Messe pour les Vocations pr\u00e9sid\u00e9e par Mgr Luc Terlinden, archev\u00eaque de Malines-Bruxelles.<\/strong><\/p>\r\n<p>19H00 \u00a0\u00a0\u00a0\u00a0\u00a0\u00a0\u00a0\u00a0\u00a0 Rosaire.<\/p>\r\n<p><strong>20H00\u00a0\u00a0\u00a0\u00a0\u00a0 Procession aux flambeaux.\u00a0 (international)<\/strong><\/p>\r\n<p>&nbsp;<\/p>\r\n<p>&nbsp;<\/p>\r\n\r\n\r\n","protected":false},"excerpt":{"rendered":"<p>&nbsp; Anniversaire des Apparitions 2026 &nbsp; Jeudi 15 janvier\u00a0 &#8211;\u00a0 Anniversaire 1i\u00e8re Apparition 8h30 \u00a0\u00a0\u00a0\u00a0\u00a0\u00a0\u00a0\u00a0\u00a0 Messe en fran\u00e7ais 11H30 \u00a0\u00a0\u00a0\u00a0\u00a0\u00a0 Messe en fran\u00e7ais 15H00\u00a0\u00a0\u00a0\u00a0\u00a0\u00a0\u00a0 Veill\u00e9e mariale et salut.\u00a0 (en 3 langues) 16H00 \u00a0\u00a0\u00a0\u00a0\u00a0\u00a0 Messe internationale 19H00 \u00a0\u00a0\u00a0\u00a0\u00a0\u00a0 Rosaire avec procession \u00e0 la source. &nbsp; &nbsp; &nbsp; Dimanche 18 janvier &#8211; Anniversaire 2i\u00e8me Apparition 11h15\u00a0\u00a0\u00a0\u00a0\u00a0\u00a0\u00a0 Messe internationale 15H00\u00a0\u00a0\u00a0\u00a0\u00a0\u00a0\u00a0 Veill\u00e9e mariale et salut.\u00a0 (en 3 langues) 16h00\u00a0\u00a0\u00a0\u00a0\u00a0\u00a0\u00a0 Messe en fran\u00e7ais 19H00 \u00a0\u00a0\u00a0\u00a0\u00a0\u00a0 Rosaire avec procession \u00e0 la source. &nbsp; &nbsp; Lundi 19 janvier &#8211; Anniversaire 3i\u00e8me Apparition 11h30\u00a0\u00a0\u00a0\u00a0\u00a0\u00a0\u00a0 Messe en fran\u00e7ais 15H00\u00a0\u00a0\u00a0\u00a0\u00a0\u00a0\u00a0 Veill\u00e9e mariale et salut.\u00a0 (en 3 langues) 16h00\u00a0\u00a0\u00a0\u00a0\u00a0\u00a0\u00a0 Messe en fran\u00e7ais 19H00 \u00a0\u00a0\u00a0\u00a0\u00a0\u00a0 Rosaire avec procession \u00e0 la source. &nbsp; &nbsp; Mardi 20 janvier &#8211; Anniversaire 4i\u00e8me Apparition 11h30\u00a0\u00a0\u00a0\u00a0\u00a0\u00a0\u00a0 Messe [&hellip;]<\/p>\n","protected":false},"author":4,"featured_media":0,"parent":0,"menu_order":0,"comment_status":"closed","ping_status":"closed","template":"","meta":{"advgb_blocks_editor_width":"","advgb_blocks_columns_visual_guide":"","jetpack_post_was_ever_published":false,"footnotes":""},"class_list":["post-4346","page","type-page","status-publish","hentry"],"yoast_head":"<!-- This site is optimized with the Yoast SEO plugin v27.3 - https:\/\/yoast.com\/product\/yoast-seo-wordpress\/ -->\n<title>Calendrier 2026 - Banneux Notre-Dame<\/title>\n<meta name=\"robots\" content=\"index, follow, max-snippet:-1, max-image-preview:large, max-video-preview:-1\" \/>\n<link rel=\"canonical\" href=\"https:\/\/banneux-nd.be\/fr\/calendrier\/\" \/>\n<meta property=\"og:locale\" content=\"fr_FR\" \/>\n<meta property=\"og:type\" content=\"article\" \/>\n<meta property=\"og:title\" content=\"Calendrier 2026 - Banneux Notre-Dame\" \/>\n<meta property=\"og:description\" content=\"&nbsp; Anniversaire des Apparitions 2026 &nbsp; Jeudi 15 janvier\u00a0 &#8211;\u00a0 Anniversaire 1i\u00e8re Apparition 8h30 \u00a0\u00a0\u00a0\u00a0\u00a0\u00a0\u00a0\u00a0\u00a0 Messe en fran\u00e7ais 11H30 \u00a0\u00a0\u00a0\u00a0\u00a0\u00a0 Messe en fran\u00e7ais 15H00\u00a0\u00a0\u00a0\u00a0\u00a0\u00a0\u00a0 Veill\u00e9e mariale et salut.\u00a0 (en 3 langues) 16H00 \u00a0\u00a0\u00a0\u00a0\u00a0\u00a0 Messe internationale 19H00 \u00a0\u00a0\u00a0\u00a0\u00a0\u00a0 Rosaire avec procession \u00e0 la source. &nbsp; &nbsp; &nbsp; Dimanche 18 janvier &#8211; Anniversaire 2i\u00e8me Apparition 11h15\u00a0\u00a0\u00a0\u00a0\u00a0\u00a0\u00a0 Messe internationale 15H00\u00a0\u00a0\u00a0\u00a0\u00a0\u00a0\u00a0 Veill\u00e9e mariale et salut.\u00a0 (en 3 langues) 16h00\u00a0\u00a0\u00a0\u00a0\u00a0\u00a0\u00a0 Messe en fran\u00e7ais 19H00 \u00a0\u00a0\u00a0\u00a0\u00a0\u00a0 Rosaire avec procession \u00e0 la source. &nbsp; &nbsp; Lundi 19 janvier &#8211; Anniversaire 3i\u00e8me Apparition 11h30\u00a0\u00a0\u00a0\u00a0\u00a0\u00a0\u00a0 Messe en fran\u00e7ais 15H00\u00a0\u00a0\u00a0\u00a0\u00a0\u00a0\u00a0 Veill\u00e9e mariale et salut.\u00a0 (en 3 langues) 16h00\u00a0\u00a0\u00a0\u00a0\u00a0\u00a0\u00a0 Messe en fran\u00e7ais 19H00 \u00a0\u00a0\u00a0\u00a0\u00a0\u00a0 Rosaire avec procession \u00e0 la source. &nbsp; &nbsp; Mardi 20 janvier &#8211; Anniversaire 4i\u00e8me Apparition 11h30\u00a0\u00a0\u00a0\u00a0\u00a0\u00a0\u00a0 Messe [&hellip;]\" \/>\n<meta property=\"og:url\" content=\"https:\/\/banneux-nd.be\/fr\/calendrier\/\" \/>\n<meta property=\"og:site_name\" content=\"Banneux Notre-Dame\" \/>\n<meta property=\"article:publisher\" content=\"https:\/\/www.facebook.com\/NDBanneux\/\" \/>\n<meta property=\"article:modified_time\" content=\"2026-03-24T21:48:11+00:00\" \/>\n<meta property=\"og:image\" content=\"https:\/\/banneux-nd.be\/wp-content\/uploads\/2025\/12\/Banneux-01-2026-Vers02-32_page-0001.jpg\" \/>\n\t<meta property=\"og:image:width\" content=\"1241\" \/>\n\t<meta property=\"og:image:height\" content=\"1754\" \/>\n\t<meta property=\"og:image:type\" content=\"image\/jpeg\" \/>\n<meta name=\"twitter:card\" content=\"summary_large_image\" \/>\n<meta name=\"twitter:label1\" content=\"Dur\u00e9e de lecture estim\u00e9e\" \/>\n\t<meta name=\"twitter:data1\" content=\"4 minutes\" \/>\n<script type=\"application\/ld+json\" class=\"yoast-schema-graph\">{\"@context\":\"https:\\\/\\\/schema.org\",\"@graph\":[{\"@type\":\"WebPage\",\"@id\":\"https:\\\/\\\/banneux-nd.be\\\/fr\\\/calendrier\\\/\",\"url\":\"https:\\\/\\\/banneux-nd.be\\\/fr\\\/calendrier\\\/\",\"name\":\"Calendrier 2026 - Banneux Notre-Dame\",\"isPartOf\":{\"@id\":\"https:\\\/\\\/banneux-nd.be\\\/fr\\\/#website\"},\"primaryImageOfPage\":{\"@id\":\"https:\\\/\\\/banneux-nd.be\\\/fr\\\/calendrier\\\/#primaryimage\"},\"image\":{\"@id\":\"https:\\\/\\\/banneux-nd.be\\\/fr\\\/calendrier\\\/#primaryimage\"},\"thumbnailUrl\":\"https:\\\/\\\/banneux-nd.be\\\/wp-content\\\/uploads\\\/2025\\\/12\\\/Banneux-01-2026-Vers02-32_page-0001-725x1024.jpg\",\"datePublished\":\"2018-02-10T18:27:02+00:00\",\"dateModified\":\"2026-03-24T21:48:11+00:00\",\"breadcrumb\":{\"@id\":\"https:\\\/\\\/banneux-nd.be\\\/fr\\\/calendrier\\\/#breadcrumb\"},\"inLanguage\":\"fr-FR\",\"potentialAction\":[{\"@type\":\"ReadAction\",\"target\":[\"https:\\\/\\\/banneux-nd.be\\\/fr\\\/calendrier\\\/\"]}]},{\"@type\":\"ImageObject\",\"inLanguage\":\"fr-FR\",\"@id\":\"https:\\\/\\\/banneux-nd.be\\\/fr\\\/calendrier\\\/#primaryimage\",\"url\":\"https:\\\/\\\/banneux-nd.be\\\/wp-content\\\/uploads\\\/2025\\\/12\\\/Banneux-01-2026-Vers02-32_page-0001-725x1024.jpg\",\"contentUrl\":\"https:\\\/\\\/banneux-nd.be\\\/wp-content\\\/uploads\\\/2025\\\/12\\\/Banneux-01-2026-Vers02-32_page-0001-725x1024.jpg\"},{\"@type\":\"BreadcrumbList\",\"@id\":\"https:\\\/\\\/banneux-nd.be\\\/fr\\\/calendrier\\\/#breadcrumb\",\"itemListElement\":[{\"@type\":\"ListItem\",\"position\":1,\"name\":\"Accueil\",\"item\":\"https:\\\/\\\/banneux-nd.be\\\/fr\\\/\"},{\"@type\":\"ListItem\",\"position\":2,\"name\":\"Calendrier 2026\"}]},{\"@type\":\"WebSite\",\"@id\":\"https:\\\/\\\/banneux-nd.be\\\/fr\\\/#website\",\"url\":\"https:\\\/\\\/banneux-nd.be\\\/fr\\\/\",\"name\":\"Banneux Notre-Dame\",\"description\":\"Sanctuaire de la Vierge des Pauvres (Belgique)\",\"potentialAction\":[{\"@type\":\"SearchAction\",\"target\":{\"@type\":\"EntryPoint\",\"urlTemplate\":\"https:\\\/\\\/banneux-nd.be\\\/fr\\\/?s={search_term_string}\"},\"query-input\":{\"@type\":\"PropertyValueSpecification\",\"valueRequired\":true,\"valueName\":\"search_term_string\"}}],\"inLanguage\":\"fr-FR\"}]}<\/script>\n<!-- \/ Yoast SEO plugin. -->","yoast_head_json":{"title":"Calendrier 2026 - Banneux Notre-Dame","robots":{"index":"index","follow":"follow","max-snippet":"max-snippet:-1","max-image-preview":"max-image-preview:large","max-video-preview":"max-video-preview:-1"},"canonical":"https:\/\/banneux-nd.be\/fr\/calendrier\/","og_locale":"fr_FR","og_type":"article","og_title":"Calendrier 2026 - Banneux Notre-Dame","og_description":"&nbsp; Anniversaire des Apparitions 2026 &nbsp; Jeudi 15 janvier\u00a0 &#8211;\u00a0 Anniversaire 1i\u00e8re Apparition 8h30 \u00a0\u00a0\u00a0\u00a0\u00a0\u00a0\u00a0\u00a0\u00a0 Messe en fran\u00e7ais 11H30 \u00a0\u00a0\u00a0\u00a0\u00a0\u00a0 Messe en fran\u00e7ais 15H00\u00a0\u00a0\u00a0\u00a0\u00a0\u00a0\u00a0 Veill\u00e9e mariale et salut.\u00a0 (en 3 langues) 16H00 \u00a0\u00a0\u00a0\u00a0\u00a0\u00a0 Messe internationale 19H00 \u00a0\u00a0\u00a0\u00a0\u00a0\u00a0 Rosaire avec procession \u00e0 la source. &nbsp; &nbsp; &nbsp; Dimanche 18 janvier &#8211; Anniversaire 2i\u00e8me Apparition 11h15\u00a0\u00a0\u00a0\u00a0\u00a0\u00a0\u00a0 Messe internationale 15H00\u00a0\u00a0\u00a0\u00a0\u00a0\u00a0\u00a0 Veill\u00e9e mariale et salut.\u00a0 (en 3 langues) 16h00\u00a0\u00a0\u00a0\u00a0\u00a0\u00a0\u00a0 Messe en fran\u00e7ais 19H00 \u00a0\u00a0\u00a0\u00a0\u00a0\u00a0 Rosaire avec procession \u00e0 la source. &nbsp; &nbsp; Lundi 19 janvier &#8211; Anniversaire 3i\u00e8me Apparition 11h30\u00a0\u00a0\u00a0\u00a0\u00a0\u00a0\u00a0 Messe en fran\u00e7ais 15H00\u00a0\u00a0\u00a0\u00a0\u00a0\u00a0\u00a0 Veill\u00e9e mariale et salut.\u00a0 (en 3 langues) 16h00\u00a0\u00a0\u00a0\u00a0\u00a0\u00a0\u00a0 Messe en fran\u00e7ais 19H00 \u00a0\u00a0\u00a0\u00a0\u00a0\u00a0 Rosaire avec procession \u00e0 la source. &nbsp; &nbsp; Mardi 20 janvier &#8211; Anniversaire 4i\u00e8me Apparition 11h30\u00a0\u00a0\u00a0\u00a0\u00a0\u00a0\u00a0 Messe [&hellip;]","og_url":"https:\/\/banneux-nd.be\/fr\/calendrier\/","og_site_name":"Banneux Notre-Dame","article_publisher":"https:\/\/www.facebook.com\/NDBanneux\/","article_modified_time":"2026-03-24T21:48:11+00:00","og_image":[{"width":1241,"height":1754,"url":"https:\/\/banneux-nd.be\/wp-content\/uploads\/2025\/12\/Banneux-01-2026-Vers02-32_page-0001.jpg","type":"image\/jpeg"}],"twitter_card":"summary_large_image","twitter_misc":{"Dur\u00e9e de lecture estim\u00e9e":"4 minutes"},"schema":{"@context":"https:\/\/schema.org","@graph":[{"@type":"WebPage","@id":"https:\/\/banneux-nd.be\/fr\/calendrier\/","url":"https:\/\/banneux-nd.be\/fr\/calendrier\/","name":"Calendrier 2026 - Banneux Notre-Dame","isPartOf":{"@id":"https:\/\/banneux-nd.be\/fr\/#website"},"primaryImageOfPage":{"@id":"https:\/\/banneux-nd.be\/fr\/calendrier\/#primaryimage"},"image":{"@id":"https:\/\/banneux-nd.be\/fr\/calendrier\/#primaryimage"},"thumbnailUrl":"https:\/\/banneux-nd.be\/wp-content\/uploads\/2025\/12\/Banneux-01-2026-Vers02-32_page-0001-725x1024.jpg","datePublished":"2018-02-10T18:27:02+00:00","dateModified":"2026-03-24T21:48:11+00:00","breadcrumb":{"@id":"https:\/\/banneux-nd.be\/fr\/calendrier\/#breadcrumb"},"inLanguage":"fr-FR","potentialAction":[{"@type":"ReadAction","target":["https:\/\/banneux-nd.be\/fr\/calendrier\/"]}]},{"@type":"ImageObject","inLanguage":"fr-FR","@id":"https:\/\/banneux-nd.be\/fr\/calendrier\/#primaryimage","url":"https:\/\/banneux-nd.be\/wp-content\/uploads\/2025\/12\/Banneux-01-2026-Vers02-32_page-0001-725x1024.jpg","contentUrl":"https:\/\/banneux-nd.be\/wp-content\/uploads\/2025\/12\/Banneux-01-2026-Vers02-32_page-0001-725x1024.jpg"},{"@type":"BreadcrumbList","@id":"https:\/\/banneux-nd.be\/fr\/calendrier\/#breadcrumb","itemListElement":[{"@type":"ListItem","position":1,"name":"Accueil","item":"https:\/\/banneux-nd.be\/fr\/"},{"@type":"ListItem","position":2,"name":"Calendrier 2026"}]},{"@type":"WebSite","@id":"https:\/\/banneux-nd.be\/fr\/#website","url":"https:\/\/banneux-nd.be\/fr\/","name":"Banneux Notre-Dame","description":"Sanctuaire de la Vierge des Pauvres (Belgique)","potentialAction":[{"@type":"SearchAction","target":{"@type":"EntryPoint","urlTemplate":"https:\/\/banneux-nd.be\/fr\/?s={search_term_string}"},"query-input":{"@type":"PropertyValueSpecification","valueRequired":true,"valueName":"search_term_string"}}],"inLanguage":"fr-FR"}]}},"coauthors":[],"author_meta":{"author_link":"https:\/\/banneux-nd.be\/fr\/author\/dreusdeille\/","display_name":"Anne-Elisabeth N\u00e8ve"},"relative_dates":{"created":"Publi\u00e9 8 ans il y a","modified":"Mis \u00e0 jour 2 semaines il y a"},"absolute_dates":{"created":"Publi\u00e9 le 02\/10\/2018","modified":"Mise \u00e0 jour le 03\/24\/2026"},"absolute_dates_time":{"created":"Publi\u00e9 le 02\/10\/2018 19 h 27 min","modified":"Mise \u00e0 jour le 03\/24\/2026 22 h 48 min"},"featured_img_caption":"","featured_img":false,"series_order":"","jetpack_sharing_enabled":true,"_links":{"self":[{"href":"https:\/\/banneux-nd.be\/fr\/wp-json\/wp\/v2\/pages\/4346","targetHints":{"allow":["GET"]}}],"collection":[{"href":"https:\/\/banneux-nd.be\/fr\/wp-json\/wp\/v2\/pages"}],"about":[{"href":"https:\/\/banneux-nd.be\/fr\/wp-json\/wp\/v2\/types\/page"}],"author":[{"embeddable":true,"href":"https:\/\/banneux-nd.be\/fr\/wp-json\/wp\/v2\/users\/4"}],"replies":[{"embeddable":true,"href":"https:\/\/banneux-nd.be\/fr\/wp-json\/wp\/v2\/comments?post=4346"}],"version-history":[{"count":152,"href":"https:\/\/banneux-nd.be\/fr\/wp-json\/wp\/v2\/pages\/4346\/revisions"}],"predecessor-version":[{"id":20558,"href":"https:\/\/banneux-nd.be\/fr\/wp-json\/wp\/v2\/pages\/4346\/revisions\/20558"}],"wp:attachment":[{"href":"https:\/\/banneux-nd.be\/fr\/wp-json\/wp\/v2\/media?parent=4346"}],"curies":[{"name":"wp","href":"https:\/\/api.w.org\/{rel}","templated":true}]}}