{"id":5265,"date":"2018-03-03T12:17:06","date_gmt":"2018-03-03T11:17:06","guid":{"rendered":"http:\/\/wwwwp2.banneux-nd.be\/?page_id=5265"},"modified":"2025-07-10T17:09:13","modified_gmt":"2025-07-10T15:09:13","slug":"bus","status":"publish","type":"page","link":"https:\/\/banneux-nd.be\/fr\/bus\/","title":{"rendered":"Bus"},"content":{"rendered":"<p><img fetchpriority=\"high\" decoding=\"async\" class=\"aligncenter wp-image-5269 \" src=\"https:\/\/banneux-nd.be\/wp-content\/uploads\/2018\/03\/Bus-TEC.jpg\" alt=\"\" width=\"564\" height=\"294\" \/><\/p>\r\n<h3><a href=\"https:\/\/banneux-nd.be\/wp-content\/uploads\/2025\/07\/2025-07-Horaires-de-bus-pour-le-site.pdf\" target=\"_blank\" rel=\"noopener\"><img decoding=\"async\" class=\"aligncenter wp-image-20111 size-full lazyload\" data-src=\"https:\/\/banneux-nd.be\/wp-content\/uploads\/2025\/07\/2025-07-Horaires-de-bus.jpg\" alt=\"\" width=\"563\" height=\"989\" data-srcset=\"https:\/\/banneux-nd.be\/wp-content\/uploads\/2025\/07\/2025-07-Horaires-de-bus.jpg 563w, https:\/\/banneux-nd.be\/wp-content\/uploads\/2025\/07\/2025-07-Horaires-de-bus-171x300.jpg 171w\" data-sizes=\"(max-width: 563px) 100vw, 563px\" src=\"data:image\/svg+xml;base64,PHN2ZyB3aWR0aD0iMSIgaGVpZ2h0PSIxIiB4bWxucz0iaHR0cDovL3d3dy53My5vcmcvMjAwMC9zdmciPjwvc3ZnPg==\" style=\"--smush-placeholder-width: 563px; --smush-placeholder-aspect-ratio: 563\/989;\" \/><\/a><\/h3>\r\n<h2 style=\"text-align: center;\"><a href=\"https:\/\/www.letec.be\/\" target=\"_blank\" rel=\"noopener\">www.letec.be<br \/><\/a><\/h2>\r\n","protected":false},"excerpt":{"rendered":"<p>www.letec.be<\/p>\n","protected":false},"author":4,"featured_media":0,"parent":0,"menu_order":0,"comment_status":"closed","ping_status":"closed","template":"","meta":{"advgb_blocks_editor_width":"","advgb_blocks_columns_visual_guide":"","jetpack_post_was_ever_published":false,"footnotes":""},"class_list":["post-5265","page","type-page","status-publish","hentry"],"yoast_head":"<!-- This site is optimized with the Yoast SEO plugin v27.3 - https:\/\/yoast.com\/product\/yoast-seo-wordpress\/ -->\n<title>Bus - Banneux Notre-Dame<\/title>\n<meta name=\"description\" content=\"Horaire de bus pour se rendre \u00e0 Banneux, venant de Li\u00e8ge ou de Verviers. Site internet utile : www.letec.be\" \/>\n<meta name=\"robots\" content=\"index, follow, max-snippet:-1, max-image-preview:large, max-video-preview:-1\" \/>\n<link rel=\"canonical\" href=\"https:\/\/banneux-nd.be\/fr\/bus\/\" \/>\n<meta property=\"og:locale\" content=\"fr_FR\" \/>\n<meta property=\"og:type\" content=\"article\" \/>\n<meta property=\"og:title\" content=\"Bus - Banneux Notre-Dame\" \/>\n<meta property=\"og:description\" content=\"Horaire de bus pour se rendre \u00e0 Banneux, venant de Li\u00e8ge ou de Verviers. Site internet utile : www.letec.be\" \/>\n<meta property=\"og:url\" content=\"https:\/\/banneux-nd.be\/fr\/bus\/\" \/>\n<meta property=\"og:site_name\" content=\"Banneux Notre-Dame\" \/>\n<meta property=\"article:publisher\" content=\"https:\/\/www.facebook.com\/NDBanneux\/\" \/>\n<meta property=\"article:modified_time\" content=\"2025-07-10T15:09:13+00:00\" \/>\n<meta property=\"og:image\" content=\"https:\/\/banneux-nd.be\/wp-content\/uploads\/2018\/03\/Bus-TEC-e1531994282508.jpg\" \/>\n\t<meta property=\"og:image:width\" content=\"564\" \/>\n\t<meta property=\"og:image:height\" content=\"294\" \/>\n\t<meta property=\"og:image:type\" content=\"image\/jpeg\" \/>\n<meta name=\"twitter:card\" content=\"summary_large_image\" \/>\n<meta name=\"twitter:label1\" content=\"Dur\u00e9e de lecture estim\u00e9e\" \/>\n\t<meta name=\"twitter:data1\" content=\"1 minute\" \/>\n<script type=\"application\/ld+json\" class=\"yoast-schema-graph\">{\"@context\":\"https:\\\/\\\/schema.org\",\"@graph\":[{\"@type\":\"WebPage\",\"@id\":\"https:\\\/\\\/banneux-nd.be\\\/fr\\\/bus\\\/\",\"url\":\"https:\\\/\\\/banneux-nd.be\\\/fr\\\/bus\\\/\",\"name\":\"Bus - Banneux Notre-Dame\",\"isPartOf\":{\"@id\":\"https:\\\/\\\/banneux-nd.be\\\/fr\\\/#website\"},\"primaryImageOfPage\":{\"@id\":\"https:\\\/\\\/banneux-nd.be\\\/fr\\\/bus\\\/#primaryimage\"},\"image\":{\"@id\":\"https:\\\/\\\/banneux-nd.be\\\/fr\\\/bus\\\/#primaryimage\"},\"thumbnailUrl\":\"https:\\\/\\\/banneux-nd.be\\\/wp-content\\\/uploads\\\/2018\\\/03\\\/Bus-TEC.jpg\",\"datePublished\":\"2018-03-03T11:17:06+00:00\",\"dateModified\":\"2025-07-10T15:09:13+00:00\",\"description\":\"Horaire de bus pour se rendre \u00e0 Banneux, venant de Li\u00e8ge ou de Verviers. Site internet utile : www.letec.be\",\"breadcrumb\":{\"@id\":\"https:\\\/\\\/banneux-nd.be\\\/fr\\\/bus\\\/#breadcrumb\"},\"inLanguage\":\"fr-FR\",\"potentialAction\":[{\"@type\":\"ReadAction\",\"target\":[\"https:\\\/\\\/banneux-nd.be\\\/fr\\\/bus\\\/\"]}]},{\"@type\":\"ImageObject\",\"inLanguage\":\"fr-FR\",\"@id\":\"https:\\\/\\\/banneux-nd.be\\\/fr\\\/bus\\\/#primaryimage\",\"url\":\"https:\\\/\\\/banneux-nd.be\\\/wp-content\\\/uploads\\\/2018\\\/03\\\/Bus-TEC.jpg\",\"contentUrl\":\"https:\\\/\\\/banneux-nd.be\\\/wp-content\\\/uploads\\\/2018\\\/03\\\/Bus-TEC.jpg\"},{\"@type\":\"BreadcrumbList\",\"@id\":\"https:\\\/\\\/banneux-nd.be\\\/fr\\\/bus\\\/#breadcrumb\",\"itemListElement\":[{\"@type\":\"ListItem\",\"position\":1,\"name\":\"Accueil\",\"item\":\"https:\\\/\\\/banneux-nd.be\\\/fr\\\/\"},{\"@type\":\"ListItem\",\"position\":2,\"name\":\"Bus\"}]},{\"@type\":\"WebSite\",\"@id\":\"https:\\\/\\\/banneux-nd.be\\\/fr\\\/#website\",\"url\":\"https:\\\/\\\/banneux-nd.be\\\/fr\\\/\",\"name\":\"Banneux Notre-Dame\",\"description\":\"Sanctuaire de la Vierge des Pauvres (Belgique)\",\"potentialAction\":[{\"@type\":\"SearchAction\",\"target\":{\"@type\":\"EntryPoint\",\"urlTemplate\":\"https:\\\/\\\/banneux-nd.be\\\/fr\\\/?s={search_term_string}\"},\"query-input\":{\"@type\":\"PropertyValueSpecification\",\"valueRequired\":true,\"valueName\":\"search_term_string\"}}],\"inLanguage\":\"fr-FR\"}]}<\/script>\n<!-- \/ Yoast SEO plugin. -->","yoast_head_json":{"title":"Bus - Banneux Notre-Dame","description":"Horaire de bus pour se rendre \u00e0 Banneux, venant de Li\u00e8ge ou de Verviers. Site internet utile : www.letec.be","robots":{"index":"index","follow":"follow","max-snippet":"max-snippet:-1","max-image-preview":"max-image-preview:large","max-video-preview":"max-video-preview:-1"},"canonical":"https:\/\/banneux-nd.be\/fr\/bus\/","og_locale":"fr_FR","og_type":"article","og_title":"Bus - Banneux Notre-Dame","og_description":"Horaire de bus pour se rendre \u00e0 Banneux, venant de Li\u00e8ge ou de Verviers. Site internet utile : www.letec.be","og_url":"https:\/\/banneux-nd.be\/fr\/bus\/","og_site_name":"Banneux Notre-Dame","article_publisher":"https:\/\/www.facebook.com\/NDBanneux\/","article_modified_time":"2025-07-10T15:09:13+00:00","og_image":[{"width":564,"height":294,"url":"https:\/\/banneux-nd.be\/wp-content\/uploads\/2018\/03\/Bus-TEC-e1531994282508.jpg","type":"image\/jpeg"}],"twitter_card":"summary_large_image","twitter_misc":{"Dur\u00e9e de lecture estim\u00e9e":"1 minute"},"schema":{"@context":"https:\/\/schema.org","@graph":[{"@type":"WebPage","@id":"https:\/\/banneux-nd.be\/fr\/bus\/","url":"https:\/\/banneux-nd.be\/fr\/bus\/","name":"Bus - Banneux Notre-Dame","isPartOf":{"@id":"https:\/\/banneux-nd.be\/fr\/#website"},"primaryImageOfPage":{"@id":"https:\/\/banneux-nd.be\/fr\/bus\/#primaryimage"},"image":{"@id":"https:\/\/banneux-nd.be\/fr\/bus\/#primaryimage"},"thumbnailUrl":"https:\/\/banneux-nd.be\/wp-content\/uploads\/2018\/03\/Bus-TEC.jpg","datePublished":"2018-03-03T11:17:06+00:00","dateModified":"2025-07-10T15:09:13+00:00","description":"Horaire de bus pour se rendre \u00e0 Banneux, venant de Li\u00e8ge ou de Verviers. Site internet utile : www.letec.be","breadcrumb":{"@id":"https:\/\/banneux-nd.be\/fr\/bus\/#breadcrumb"},"inLanguage":"fr-FR","potentialAction":[{"@type":"ReadAction","target":["https:\/\/banneux-nd.be\/fr\/bus\/"]}]},{"@type":"ImageObject","inLanguage":"fr-FR","@id":"https:\/\/banneux-nd.be\/fr\/bus\/#primaryimage","url":"https:\/\/banneux-nd.be\/wp-content\/uploads\/2018\/03\/Bus-TEC.jpg","contentUrl":"https:\/\/banneux-nd.be\/wp-content\/uploads\/2018\/03\/Bus-TEC.jpg"},{"@type":"BreadcrumbList","@id":"https:\/\/banneux-nd.be\/fr\/bus\/#breadcrumb","itemListElement":[{"@type":"ListItem","position":1,"name":"Accueil","item":"https:\/\/banneux-nd.be\/fr\/"},{"@type":"ListItem","position":2,"name":"Bus"}]},{"@type":"WebSite","@id":"https:\/\/banneux-nd.be\/fr\/#website","url":"https:\/\/banneux-nd.be\/fr\/","name":"Banneux Notre-Dame","description":"Sanctuaire de la Vierge des Pauvres (Belgique)","potentialAction":[{"@type":"SearchAction","target":{"@type":"EntryPoint","urlTemplate":"https:\/\/banneux-nd.be\/fr\/?s={search_term_string}"},"query-input":{"@type":"PropertyValueSpecification","valueRequired":true,"valueName":"search_term_string"}}],"inLanguage":"fr-FR"}]}},"coauthors":[],"author_meta":{"author_link":"https:\/\/banneux-nd.be\/fr\/author\/dreusdeille\/","display_name":"Anne-Elisabeth N\u00e8ve"},"relative_dates":{"created":"Publi\u00e9 8 ans il y a","modified":"Mis \u00e0 jour 9 mois il y a"},"absolute_dates":{"created":"Publi\u00e9 le 03\/03\/2018","modified":"Mise \u00e0 jour le 07\/10\/2025"},"absolute_dates_time":{"created":"Publi\u00e9 le 03\/03\/2018 12 h 17 min","modified":"Mise \u00e0 jour le 07\/10\/2025 17 h 09 min"},"featured_img_caption":"","featured_img":false,"series_order":"","jetpack_sharing_enabled":true,"_links":{"self":[{"href":"https:\/\/banneux-nd.be\/fr\/wp-json\/wp\/v2\/pages\/5265","targetHints":{"allow":["GET"]}}],"collection":[{"href":"https:\/\/banneux-nd.be\/fr\/wp-json\/wp\/v2\/pages"}],"about":[{"href":"https:\/\/banneux-nd.be\/fr\/wp-json\/wp\/v2\/types\/page"}],"author":[{"embeddable":true,"href":"https:\/\/banneux-nd.be\/fr\/wp-json\/wp\/v2\/users\/4"}],"replies":[{"embeddable":true,"href":"https:\/\/banneux-nd.be\/fr\/wp-json\/wp\/v2\/comments?post=5265"}],"version-history":[{"count":14,"href":"https:\/\/banneux-nd.be\/fr\/wp-json\/wp\/v2\/pages\/5265\/revisions"}],"predecessor-version":[{"id":20123,"href":"https:\/\/banneux-nd.be\/fr\/wp-json\/wp\/v2\/pages\/5265\/revisions\/20123"}],"wp:attachment":[{"href":"https:\/\/banneux-nd.be\/fr\/wp-json\/wp\/v2\/media?parent=5265"}],"curies":[{"name":"wp","href":"https:\/\/api.w.org\/{rel}","templated":true}]}}