{"id":81,"date":"2015-07-20T08:56:23","date_gmt":"2015-07-20T06:56:23","guid":{"rendered":"http:\/\/wwwwp.banneux-nd.be\/organisation\/"},"modified":"2026-04-16T14:02:16","modified_gmt":"2026-04-16T12:02:16","slug":"pele-un-jour","status":"publish","type":"page","link":"https:\/\/banneux-nd.be\/fr\/pele-un-jour\/","title":{"rendered":"P\u00e8lerinage d&#8217;un jour"},"content":{"rendered":"<p class=\"rtejustify\"><strong>Organiser un p\u00e8lerinage d&#8217;un jour : que dois-je faire ?<\/strong><\/p>\n<p class=\"rtejustify\" style=\"text-align: justify;\"><strong>1. Remplissez la <a href=\"https:\/\/banneux-nd.be\/fr\/inscription\/\" target=\"_blank\" rel=\"noopener noreferrer\">feuille d\u2019inscription<\/a>.<\/strong> Ces renseignements nous aident \u00e0 bien vous accueillir. Veuillez remplir ce document lisiblement et compl\u00e8tement !<\/p>\n<p class=\"rtejustify\" style=\"text-align: justify;\"><strong>2. Envoyez-nous l\u2019inscription, au moins 4 semaines<\/strong> avant la date de votre p\u00e8lerinage, m\u00eame si vous ne savez pas encore le nombre des participants.<\/p>\n<p class=\"rtejustify\" style=\"text-align: justify;\"><strong>3. <span style=\"color: #ff0000;\">V\u00e9rifiez que vous ayez re\u00e7u par une confirmation de votre inscription et Attendez notre r\u00e9ponse.<\/span><\/strong> (<a href=\"https:\/\/banneux-nd.be\/fr\/aide_form_msg_confirm\/\" target=\"_blank\" rel=\"noopener\">voir illustration<\/a>) Vous recevrez une confirmation par \u00e9crit de la part du Sanctuaire. Un &#8220;dossier pastoral&#8221; accompagnera la lettre. Il peut aider \u00e0 bien pr\u00e9parer les offices. Ce dossier comprend :<br \/>\n&#8211; les oraisons, lectures et propositions pour la pri\u00e8re universelle d\u2019une messe votive \u00e0 la Vierge des Pauvres;<br \/>\n&#8211; les oraisons, lectures et propositions pour la pri\u00e8re universelle d\u2019une messe en lien avec le th\u00e8me d\u2019ann\u00e9e.<br \/>\nSi votre groupe est accompagn\u00e9 d\u2019un pr\u00eatre, vous transmettez ce dossier de pr\u00e9f\u00e9rence \u00e0 ce pr\u00eatre, ou \u00e0 la personne qui s\u2019occupe de la pastorale.<\/p>\n<p class=\"rtejustify\" style=\"text-align: justify;\"><strong>4. Veuillez arriver \u00e0 Banneux une demi-heure avant<\/strong> votre premi\u00e8re activit\u00e9. Cela vous permet de vous rendre paisiblement sur les lieux.<\/p>\n<p>&nbsp;<\/p>\n<h4 style=\"text-align: center;\">T\u00e9l\u00e9chargez la\u00a0<a href=\"https:\/\/banneux-nd.be\/wp-content\/uploads\/2026\/04\/Brochure-2026-FR-2.pdf\" target=\"_blank\" rel=\"noopener noreferrer\">Brochure 2026<\/a><br \/>\nqui vous pr\u00e9sente toutes les modalit\u00e9s pratiques !<\/h4>\n<p>&nbsp;<\/p>\n<p><img fetchpriority=\"high\" decoding=\"async\" class=\"aligncenter wp-image-3525 size-full\" src=\"https:\/\/banneux-nd.be\/wp-content\/uploads\/2017\/08\/Source Foule.jpg\" alt=\"\" width=\"592\" height=\"395\" srcset=\"https:\/\/banneux-nd.be\/wp-content\/uploads\/2017\/08\/Source%20Foule.jpg 592w, https:\/\/banneux-nd.be\/wp-content\/uploads\/2017\/08\/Source%20Foule-300x200.jpg 300w, https:\/\/banneux-nd.be\/wp-content\/uploads\/2017\/08\/Source%20Foule-342x228.jpg 342w\" sizes=\"(max-width: 592px) 100vw, 592px\" \/><\/p>\n<h4 style=\"text-align: center;\"><\/h4>\n","protected":false},"excerpt":{"rendered":"<p>Organiser un p\u00e8lerinage d&#8217;un jour : que dois-je faire ? 1. Remplissez la feuille d\u2019inscription. Ces renseignements nous aident \u00e0 bien vous accueillir. Veuillez remplir ce document lisiblement et compl\u00e8tement ! 2. Envoyez-nous l\u2019inscription, au moins 4 semaines avant la date de votre p\u00e8lerinage, m\u00eame si vous ne savez pas encore le nombre des participants. 3. V\u00e9rifiez que vous ayez re\u00e7u par une confirmation de votre inscription et Attendez notre r\u00e9ponse. (voir illustration) Vous recevrez une confirmation par \u00e9crit de la part du Sanctuaire. Un &#8220;dossier pastoral&#8221; accompagnera la lettre. Il peut aider \u00e0 bien pr\u00e9parer les offices. Ce dossier comprend : &#8211; les oraisons, lectures et propositions pour la pri\u00e8re universelle d\u2019une messe votive \u00e0 la Vierge des Pauvres; [&hellip;]<\/p>\n","protected":false},"author":2,"featured_media":0,"parent":0,"menu_order":0,"comment_status":"closed","ping_status":"closed","template":"","meta":{"advgb_blocks_editor_width":"","advgb_blocks_columns_visual_guide":"","jetpack_post_was_ever_published":false,"footnotes":""},"class_list":["post-81","page","type-page","status-publish","hentry"],"yoast_head":"<!-- This site is optimized with the Yoast SEO plugin v27.4 - https:\/\/yoast.com\/product\/yoast-seo-wordpress\/ -->\n<title>P\u00e8lerinage d&#039;un jour - Banneux Notre-Dame<\/title>\n<meta name=\"robots\" content=\"index, follow, max-snippet:-1, max-image-preview:large, max-video-preview:-1\" \/>\n<link rel=\"canonical\" href=\"https:\/\/banneux-nd.be\/fr\/pele-un-jour\/\" \/>\n<meta property=\"og:locale\" content=\"fr_FR\" \/>\n<meta property=\"og:type\" content=\"article\" \/>\n<meta property=\"og:title\" content=\"P\u00e8lerinage d&#039;un jour - Banneux Notre-Dame\" \/>\n<meta property=\"og:description\" content=\"Organiser un p\u00e8lerinage d&#8217;un jour : que dois-je faire ? 1. Remplissez la feuille d\u2019inscription. Ces renseignements nous aident \u00e0 bien vous accueillir. Veuillez remplir ce document lisiblement et compl\u00e8tement ! 2. Envoyez-nous l\u2019inscription, au moins 4 semaines avant la date de votre p\u00e8lerinage, m\u00eame si vous ne savez pas encore le nombre des participants. 3. V\u00e9rifiez que vous ayez re\u00e7u par une confirmation de votre inscription et Attendez notre r\u00e9ponse. (voir illustration) Vous recevrez une confirmation par \u00e9crit de la part du Sanctuaire. Un &#8220;dossier pastoral&#8221; accompagnera la lettre. Il peut aider \u00e0 bien pr\u00e9parer les offices. Ce dossier comprend : &#8211; les oraisons, lectures et propositions pour la pri\u00e8re universelle d\u2019une messe votive \u00e0 la Vierge des Pauvres; [&hellip;]\" \/>\n<meta property=\"og:url\" content=\"https:\/\/banneux-nd.be\/fr\/pele-un-jour\/\" \/>\n<meta property=\"og:site_name\" content=\"Banneux Notre-Dame\" \/>\n<meta property=\"article:publisher\" content=\"https:\/\/www.facebook.com\/NDBanneux\/\" \/>\n<meta property=\"article:modified_time\" content=\"2026-04-16T12:02:16+00:00\" \/>\n<meta name=\"twitter:card\" content=\"summary_large_image\" \/>\n<meta name=\"twitter:label1\" content=\"Dur\u00e9e de lecture estim\u00e9e\" \/>\n\t<meta name=\"twitter:data1\" content=\"2 minutes\" \/>\n<script type=\"application\/ld+json\" class=\"yoast-schema-graph\">{\"@context\":\"https:\\\/\\\/schema.org\",\"@graph\":[{\"@type\":\"WebPage\",\"@id\":\"https:\\\/\\\/banneux-nd.be\\\/fr\\\/pele-un-jour\\\/\",\"url\":\"https:\\\/\\\/banneux-nd.be\\\/fr\\\/pele-un-jour\\\/\",\"name\":\"P\u00e8lerinage d'un jour - Banneux Notre-Dame\",\"isPartOf\":{\"@id\":\"https:\\\/\\\/banneux-nd.be\\\/fr\\\/#website\"},\"datePublished\":\"2015-07-20T06:56:23+00:00\",\"dateModified\":\"2026-04-16T12:02:16+00:00\",\"breadcrumb\":{\"@id\":\"https:\\\/\\\/banneux-nd.be\\\/fr\\\/pele-un-jour\\\/#breadcrumb\"},\"inLanguage\":\"fr-FR\",\"potentialAction\":[{\"@type\":\"ReadAction\",\"target\":[\"https:\\\/\\\/banneux-nd.be\\\/fr\\\/pele-un-jour\\\/\"]}]},{\"@type\":\"BreadcrumbList\",\"@id\":\"https:\\\/\\\/banneux-nd.be\\\/fr\\\/pele-un-jour\\\/#breadcrumb\",\"itemListElement\":[{\"@type\":\"ListItem\",\"position\":1,\"name\":\"Accueil\",\"item\":\"https:\\\/\\\/banneux-nd.be\\\/fr\\\/\"},{\"@type\":\"ListItem\",\"position\":2,\"name\":\"P\u00e8lerinage d&#8217;un jour\"}]},{\"@type\":\"WebSite\",\"@id\":\"https:\\\/\\\/banneux-nd.be\\\/fr\\\/#website\",\"url\":\"https:\\\/\\\/banneux-nd.be\\\/fr\\\/\",\"name\":\"Banneux Notre-Dame\",\"description\":\"Sanctuaire de la Vierge des Pauvres (Belgique)\",\"potentialAction\":[{\"@type\":\"SearchAction\",\"target\":{\"@type\":\"EntryPoint\",\"urlTemplate\":\"https:\\\/\\\/banneux-nd.be\\\/fr\\\/?s={search_term_string}\"},\"query-input\":{\"@type\":\"PropertyValueSpecification\",\"valueRequired\":true,\"valueName\":\"search_term_string\"}}],\"inLanguage\":\"fr-FR\"}]}<\/script>\n<!-- \/ Yoast SEO plugin. -->","yoast_head_json":{"title":"P\u00e8lerinage d'un jour - Banneux Notre-Dame","robots":{"index":"index","follow":"follow","max-snippet":"max-snippet:-1","max-image-preview":"max-image-preview:large","max-video-preview":"max-video-preview:-1"},"canonical":"https:\/\/banneux-nd.be\/fr\/pele-un-jour\/","og_locale":"fr_FR","og_type":"article","og_title":"P\u00e8lerinage d'un jour - Banneux Notre-Dame","og_description":"Organiser un p\u00e8lerinage d&#8217;un jour : que dois-je faire ? 1. Remplissez la feuille d\u2019inscription. Ces renseignements nous aident \u00e0 bien vous accueillir. Veuillez remplir ce document lisiblement et compl\u00e8tement ! 2. Envoyez-nous l\u2019inscription, au moins 4 semaines avant la date de votre p\u00e8lerinage, m\u00eame si vous ne savez pas encore le nombre des participants. 3. V\u00e9rifiez que vous ayez re\u00e7u par une confirmation de votre inscription et Attendez notre r\u00e9ponse. (voir illustration) Vous recevrez une confirmation par \u00e9crit de la part du Sanctuaire. Un &#8220;dossier pastoral&#8221; accompagnera la lettre. Il peut aider \u00e0 bien pr\u00e9parer les offices. Ce dossier comprend : &#8211; les oraisons, lectures et propositions pour la pri\u00e8re universelle d\u2019une messe votive \u00e0 la Vierge des Pauvres; [&hellip;]","og_url":"https:\/\/banneux-nd.be\/fr\/pele-un-jour\/","og_site_name":"Banneux Notre-Dame","article_publisher":"https:\/\/www.facebook.com\/NDBanneux\/","article_modified_time":"2026-04-16T12:02:16+00:00","twitter_card":"summary_large_image","twitter_misc":{"Dur\u00e9e de lecture estim\u00e9e":"2 minutes"},"schema":{"@context":"https:\/\/schema.org","@graph":[{"@type":"WebPage","@id":"https:\/\/banneux-nd.be\/fr\/pele-un-jour\/","url":"https:\/\/banneux-nd.be\/fr\/pele-un-jour\/","name":"P\u00e8lerinage d'un jour - Banneux Notre-Dame","isPartOf":{"@id":"https:\/\/banneux-nd.be\/fr\/#website"},"datePublished":"2015-07-20T06:56:23+00:00","dateModified":"2026-04-16T12:02:16+00:00","breadcrumb":{"@id":"https:\/\/banneux-nd.be\/fr\/pele-un-jour\/#breadcrumb"},"inLanguage":"fr-FR","potentialAction":[{"@type":"ReadAction","target":["https:\/\/banneux-nd.be\/fr\/pele-un-jour\/"]}]},{"@type":"BreadcrumbList","@id":"https:\/\/banneux-nd.be\/fr\/pele-un-jour\/#breadcrumb","itemListElement":[{"@type":"ListItem","position":1,"name":"Accueil","item":"https:\/\/banneux-nd.be\/fr\/"},{"@type":"ListItem","position":2,"name":"P\u00e8lerinage d&#8217;un jour"}]},{"@type":"WebSite","@id":"https:\/\/banneux-nd.be\/fr\/#website","url":"https:\/\/banneux-nd.be\/fr\/","name":"Banneux Notre-Dame","description":"Sanctuaire de la Vierge des Pauvres (Belgique)","potentialAction":[{"@type":"SearchAction","target":{"@type":"EntryPoint","urlTemplate":"https:\/\/banneux-nd.be\/fr\/?s={search_term_string}"},"query-input":{"@type":"PropertyValueSpecification","valueRequired":true,"valueName":"search_term_string"}}],"inLanguage":"fr-FR"}]}},"coauthors":[],"author_meta":{"author_link":"https:\/\/banneux-nd.be\/fr\/author\/adminfr\/","display_name":"adminFR"},"relative_dates":{"created":"Publi\u00e9 11 ans il y a","modified":"Mis \u00e0 jour 4 jours il y a"},"absolute_dates":{"created":"Publi\u00e9 le 07\/20\/2015","modified":"Mise \u00e0 jour le 04\/16\/2026"},"absolute_dates_time":{"created":"Publi\u00e9 le 07\/20\/2015 8 h 56 min","modified":"Mise \u00e0 jour le 04\/16\/2026 14 h 02 min"},"featured_img_caption":"","featured_img":false,"series_order":"","jetpack_sharing_enabled":true,"_links":{"self":[{"href":"https:\/\/banneux-nd.be\/fr\/wp-json\/wp\/v2\/pages\/81","targetHints":{"allow":["GET"]}}],"collection":[{"href":"https:\/\/banneux-nd.be\/fr\/wp-json\/wp\/v2\/pages"}],"about":[{"href":"https:\/\/banneux-nd.be\/fr\/wp-json\/wp\/v2\/types\/page"}],"author":[{"embeddable":true,"href":"https:\/\/banneux-nd.be\/fr\/wp-json\/wp\/v2\/users\/2"}],"replies":[{"embeddable":true,"href":"https:\/\/banneux-nd.be\/fr\/wp-json\/wp\/v2\/comments?post=81"}],"version-history":[{"count":12,"href":"https:\/\/banneux-nd.be\/fr\/wp-json\/wp\/v2\/pages\/81\/revisions"}],"predecessor-version":[{"id":20688,"href":"https:\/\/banneux-nd.be\/fr\/wp-json\/wp\/v2\/pages\/81\/revisions\/20688"}],"wp:attachment":[{"href":"https:\/\/banneux-nd.be\/fr\/wp-json\/wp\/v2\/media?parent=81"}],"curies":[{"name":"wp","href":"https:\/\/api.w.org\/{rel}","templated":true}]}}