{"id":84,"date":"2015-07-20T08:56:23","date_gmt":"2015-07-20T06:56:23","guid":{"rendered":"http:\/\/wwwwp.banneux-nd.be\/mariette\/"},"modified":"2018-03-09T18:12:17","modified_gmt":"2018-03-09T17:12:17","slug":"mariette","status":"publish","type":"page","link":"https:\/\/banneux-nd.be\/fr\/mariette\/","title":{"rendered":"Mariette"},"content":{"rendered":"<p class=\"rtejustify\" style=\"text-align: justify;\"><img fetchpriority=\"high\" decoding=\"async\" style=\"padding: 5px; margin-right: 5px;\" src=\"https:\/\/banneux-nd.be\/wp-content\/uploads\/2017\/08\/Sanctuaire de Banneux - Photographie de Mariette Beco2 - 80 ans.jpg\" alt=\"\" width=\"210\" height=\"298\" align=\"left\" \/><strong>Celle\u00a0 \u00e0 qui la Vierge des Pauvres rendit visite \u00e0 huit reprises en 1933 s\u2019en est all\u00e9e, le 2 d\u00e9cembre 2011, revoir la &#8220;Belle Dame&#8221; qui fit son \u00e9merveillement.<\/strong><\/p>\n<p class=\"rtejustify\" style=\"text-align: justify;\">Elle avait 90 ans. Elle qui n\u2019aimait pas qu\u2019on parle d\u2019elle ne nous emp\u00eachera pas de la faire mieux conna\u00eetre. Elle a toujours voulu rester dans l\u2019ombre, \u00e9vitait de para\u00eetre en public, ne faisait aucune d\u00e9claration et demandait \u00e0 ses amies une discr\u00e9tion absolue.<\/p>\n<p class=\"rtejustify\" style=\"text-align: justify;\"><strong>Discr\u00e9tion<\/strong><br \/>\nElle a toujours jalousement sauvegard\u00e9 sa discr\u00e9tion. Quand elle a fait son dernier r\u00e9cit au chapelain, elle a ferm\u00e9 son propre livre et est sortie du myst\u00e8re de Banneux. Elle n\u2019a plus parl\u00e9 qu\u2019aux interrogatoires requis par les enqu\u00eates. Elle s\u2019expliquait\u00a0: <em>Ce qu\u2019on n\u2019a pas compris, c\u2019est que je n\u2019\u00e9tais qu\u2019un facteur \u00e0 qui la Vierge a remis une lettre et j\u2019avais \u00e0 remettre ma lettre et puis c\u2019\u00e9tait fini<\/em>. Elle a toujours d\u00e9courag\u00e9 ceux qui voulaient entendre ses confidences\u00a0: <em>J\u2019ai dit ce que j\u2019avais \u00e0 dire. Je n\u2019ai pas un mot \u00e0 ajouter ni \u00e0 retrancher<\/em>.<\/p>\n<p class=\"rtejustify\" style=\"text-align: justify;\">Lors de la visite papale de 1985, elle a accept\u00e9 de rencontrer Jean-Paul II dans une sacristie, loin des regards indiscrets. Ensuite, elle a rejoint les handicap\u00e9s o\u00f9 elle s\u2019est cach\u00e9e parmi les aveugles. Jusqu\u2019en 2000, elle a suivi toutes les grandes c\u00e9l\u00e9brations de Banneux en se cachant derri\u00e8re la Source. Elle \u00e9tait tout aussi discr\u00e8te dans sa vie quotidienne\u00a0:\u00a0elle se rendait au sanctuaire ou allait faire ses courses \u00e0 Pepinster aux heures creuses de midi. Elle \u00e9chappait ainsi aux regards.<\/p>\n<p class=\"rtejustify\" style=\"text-align: justify;\"><strong>Adulation<\/strong><img decoding=\"async\" style=\"padding: 5px; margin-left: 5px;\" src=\"https:\/\/banneux-nd.be\/wp-content\/uploads\/2017\/08\/Mariette et sa soeur.jpg\" alt=\"\" width=\"326\" height=\"305\" align=\"right\" \/><br \/>\nElle fut cependant confront\u00e9e \u00e0 l\u2019\u00e9preuve de l\u2019adulation.<\/p>\n<p class=\"rtejustify\" style=\"text-align: justify;\">Tr\u00e8s t\u00f4t, elle fut importun\u00e9e par les fr\u00e9quentes visites et fut dans l\u2019impossibilit\u00e9 de faire ses devoirs et d\u2019\u00e9tudier ses le\u00e7ons. Chaque jour, la maison \u00e9tait envahie par les visiteurs\u00a0:\u00a0ils venaient voir Mariette, lui parler, l\u2019interroger. Les uns la v\u00e9n\u00e9raient, d\u2019autres se moquaient. Certains la comblaient de bijoux et de riches v\u00eatements. Elle eut \u00e0 souffrir de ces marques d\u2019attention qu\u2019elle n\u2019avait nullement recherch\u00e9es.<\/p>\n<p class=\"rtejustify\" style=\"text-align: justify;\">Pour la soustraire \u00e0 la curiosit\u00e9 des\u00a0 p\u00e8lerins et aux taquineries de ses compagnes de classe, elle fut plac\u00e9e \u00e0 l\u2019\u00e9cole des s\u0153urs \u00e0 Aywaille \u00e0 partir du 8 mars 1933. Elle s\u2019y rendait chaque jour en bus.<\/p>\n<p class=\"rtejustify\" style=\"text-align: justify;\">Les s\u0153urs de l\u2019\u00e9cole ont retenu le beau geste qu\u2019elle posa le 19 juin envers un petit enfant pauvre de six ans\u00a0:\u00a0elle lui donna ses tartines. Le soir de ce m\u00eame jour, on la vit fouiller le grenier de la maison \u00e0 la recherche de v\u00eatements pour le petit. Mais m\u00eame \u00e0 Aywaille, les visiteurs se multipliaient. Souvent Mariette se cachait ou se sauvait. Au d\u00e9but, elle acceptait de signer des images. Plus tard, elle refusa. D\u00e8s les grandes vacances 1933, elle cessa d\u2019aller \u00e0 Aywaille.<\/p>\n<p class=\"rtejustify\" style=\"text-align: justify;\"><strong>Jeu<\/strong><img decoding=\"async\" style=\"padding: 5px; margin-right: 5px;\" src=\"https:\/\/banneux-nd.be\/wp-content\/uploads\/2017\/08\/Mariette Adolescente1.jpg\" alt=\"\" align=\"left\" \/><strong>nesse<\/strong><br \/>\n\u00c0 ce moment, intervinrent les \u00e9poux De Smet de Tildonk, pr\u00e8s de Louvain. Fervents p\u00e8lerins de Banneux, ils connaissaient les difficult\u00e9s de la famille Beco. Ils propos\u00e8rent au p\u00e8re Beco de prendre soin du petit Andr\u00e9 qu\u2019ils garderaient et \u00e9l\u00e8veraient chez eux. Les parents accept\u00e8rent. C\u2019\u00e9tait le 5 mai 1933. Mariette allait souvent voir son petit fr\u00e8re. Les De Smet propos\u00e8rent de l\u2019accueillir aussi \u00e0 Tildonk et de la mettre en demi-pension chez les Ursulines de Tildonk. Mariette fit l\u2019ann\u00e9e scolaire 1933-1934 dans cette ville. On ne la vit plus \u00e0 Banneux que pendant les vacances. Les p\u00e8lerins flamands et n\u00e9erlandais \u00e9taient ravis de l\u2019entendre prier avec eux dans leur langue.<\/p>\n<p class=\"rtejustify\" style=\"text-align: justify;\">Pendant l\u2019ann\u00e9e scolaire 1934-1935, elle fr\u00e9quente l\u2019Institut Marie-Th\u00e9r\u00e8se \u00e0 Verviers.<\/p>\n<p class=\"rtejustify\" style=\"text-align: justify;\">En 1935, elle entre comme aide infirmi\u00e8re \u00e0 la clinique Sainte-Rosalie \u00e0 Li\u00e8ge. S\u0153ur Lutgarde, sup\u00e9rieure de la clinique, y devint sa grande confidente et b\u00e9n\u00e9ficia d\u2019une gu\u00e9rison spectaculaire op\u00e9r\u00e9e par la Vierge des Pauvres. Le r\u00e9cit de cette gu\u00e9rison se trouve \u00e0 la page 143 du livre <em>Pi\u00e8ces \u00e0 Conviction<\/em>.<\/p>\n<p class=\"rtejustify\" style=\"text-align: justify;\">Elle aimait beaucoup m\u00e8re Lutgarde. Elle a travaill\u00e9 avec elle \u00e0 la clinique Peltzer \u00e0 Verviers et \u00e0 Sainte-Rosalie.<\/p>\n<p class=\"rtejustify\" style=\"text-align: justify;\"><strong>Guerre et mariage<\/strong><img decoding=\"async\" style=\"padding: 5px; margin-left: 5px;\" src=\"https:\/\/banneux-nd.be\/wp-content\/uploads\/2017\/08\/Mariette avec un ch\u00e2le.jpeg\" alt=\"\" width=\"271\" height=\"318\" align=\"right\" \/><br \/>\nLe 6 d\u00e9cembre 1939, la famille Beco se r\u00e9fugia en France, craignant avoir \u00e0 subir des bombardements du fait de la proximit\u00e9 du Fort de Tancr\u00e9mont. Ils ont habit\u00e9 \u00e0 Tulle. Mariette y fut engag\u00e9e comme ouvri\u00e8re chez Lamarche\u00a0:\u00a0elle peignait des fus\u00e9es \u00e9clairantes. La famille revint en 1940\u00a0:\u00a0la maman, enceinte de Marie-Th\u00e9r\u00e8se, voulait accoucher en Belgique.<\/p>\n<p class=\"rtejustify\" style=\"text-align: justify;\">Pendant la guerre, Mariette risqua sa vie dans la r\u00e9sistance. Elle faisait partie du r\u00e9seau &#8220;Constance&#8221;\u00a0:\u00a0derri\u00e8re la chapelle de Tancr\u00e9mont, elle r\u00e9cup\u00e9rait des aviateurs et des soldats \u00e9chapp\u00e9s d\u2019Allemagne et les conduisait chez ses parents qui les cachaient dans un grenier dont l\u2019acc\u00e8s \u00e9tait cach\u00e9 par une armoire. Apr\u00e8s la guerre, Mariette a re\u00e7u le \u2018dipl\u00f4me d\u2019honneur\u2019, mais elle a refus\u00e9 la d\u00e9coration qui lui \u00e9tait propos\u00e9e.<\/p>\n<p class=\"rtejustify\" style=\"text-align: justify;\">Mariette se maria avec Mathieu Hoeberigs, le 26 d\u00e9cembre 1942. Elle avait 21 ans. Les parents Beco n\u2019approuv\u00e8rent pas le choix de Mariette. Les jeunes \u00e9poux s\u2019\u00e9tablirent rue de l\u2019Esplanade \u00e0 Banneux et y ouvrirent un restaurant. Ils eurent deux enfants\u00a0:\u00a0Jean-Marie et Myriam. La petite Lutgarde qui est n\u00e9e plus tard, n\u2019a v\u00e9cu que quelques heures. Lors de cette troisi\u00e8me naissance, Mariette souffrit de graves h\u00e9morragies qui mirent sa vie en p\u00e9ril. Des conflits ont surgi entre les \u00e9poux. Un fait r\u00e9v\u00e9lateur nous est connu par un document r\u00e9dig\u00e9 par l\u2019abb\u00e9 Jamin le 3 septembre 1957\u00a0: <em>Des visiteurs inconnus ont offert \u00e0 Mariette une somme importante pour qu\u2019elle parte de Banneux et nie par \u00e9crit ses apparitions. Elle les a vigoureusement repris et chass\u00e9s. Ils ont alors essay\u00e9 aupr\u00e8s de Mathieu qui \u00e9tait sur le point de c\u00e9der. Mariette est alors intervenue et s\u2019est violemment oppos\u00e9e.<\/em><\/p>\n<p class=\"rtejustify\" style=\"text-align: justify;\">Lorsque intervint la rupture entre les \u00e9poux Hoeberigs, Mariette ouvrit une friterie dans la rue Neuve \u00e0 Pepinster. En 1972, elle s\u2019est install\u00e9e dans un hameau de Theux, non loin de la chapelle de Tancr\u00e9mont. Elle y accueillit son compagnon Raymond qui l\u2019a soutenue pendant huit ans. Il y mourut en 1989.<\/p>\n<p class=\"rtejustify\" style=\"text-align: justify;\"><strong>P<\/strong><img loading=\"lazy\" decoding=\"async\" style=\"padding: 5px; margin-right: 5px;\" src=\"https:\/\/banneux-nd.be\/wp-content\/uploads\/2017\/08\/Fun\u00e9railles Mariette 2.jpg\" alt=\"\" width=\"238\" height=\"340\" align=\"left\" \/><strong>ri\u00e8re et souffrance<\/strong><br \/>\nDans un document de l\u2019abb\u00e9 Jamin, nous lisons ce t\u00e9moignage du P\u00e8re Echtbertus\u00a0: <em>Le 13 octobre 1958, j\u2019\u00e9tais venu \u00e0 5h du matin \u00e0 la petite chapelle, muni de ma lampe de poche. Je fus surpris de voir, profond\u00e9ment ab\u00eem\u00e9e dans sa pri\u00e8re, la t\u00eate entre les mains, Mariette coiff\u00e9e de son petit b\u00e9ret blanc, et appuy\u00e9e \u00e0 la troisi\u00e8me colonne. Elle ne leva pas la t\u00eate \u00e0 mon approche. Je restai l\u00e0 un petit moment et repartis sans qu\u2019elle ait manifest\u00e9 la moindre curiosit\u00e9 \u00e0 l\u2019\u00e9gard de celui qui venait la troubler<\/em>.<\/p>\n<p class=\"rtejustify\" style=\"text-align: justify;\">Des r\u00e9cits identiques ont \u00e9t\u00e9 faits par le fr\u00e8re Yves qui l\u2019a vue tr\u00e8s souvent tard dans la nuit. Il habitait la maison Beco.<\/p>\n<p class=\"rtejustify\" style=\"text-align: justify;\">Elle a beaucoup souffert des calomnies r\u00e9pandues \u00e0 son sujet. Pendant ses derni\u00e8res ann\u00e9es, diverses infirmit\u00e9s ont gravement r\u00e9duit sa vue, son ou\u00efe et sa mobilit\u00e9. Elle a \u00e9t\u00e9 fort accabl\u00e9e par la mort de son fr\u00e8re Ren\u00e9 en 2007, celle de sa fille Myriam en juillet 2008 et celle de sa s\u0153ur Simone en 2009. Elle disait\u00a0: <em>Je ne comprends pas, la Vierge m\u2019a dit \u2018Je viens soulager la souffrance\u2019\u00a0; et moi je n\u2019ai cess\u00e9 de souffrir depuis l\u2019\u00e2ge de six ans. Pourquoi\u00a0?<\/em><\/p>\n<p class=\"rtejustify\" style=\"text-align: justify;\">La nuit, elle ne dormait que deux ou trois heures. Le reste du temps, elle priait, assise sur son lit. Quand elle souffrait, elle se raccrochait \u00e0 la parole de la Vierge\u00a0: <em>Je prierai pour toi<\/em>.<\/p>\n<div id=\"attachment_6294\" style=\"width: 460px\" class=\"wp-caption aligncenter\"><img decoding=\"async\" aria-describedby=\"caption-attachment-6294\" class=\"wp-image-6294 size-full lazyload\" data-src=\"https:\/\/banneux-nd.be\/wp-content\/uploads\/2018\/03\/Fun\u00e9railles-Mariette-1.jpg\" alt=\"\" width=\"450\" height=\"385\" data-srcset=\"https:\/\/banneux-nd.be\/wp-content\/uploads\/2018\/03\/Fun\u00e9railles-Mariette-1.jpg 450w, https:\/\/banneux-nd.be\/wp-content\/uploads\/2018\/03\/Fun\u00e9railles-Mariette-1-300x257.jpg 300w\" data-sizes=\"(max-width: 450px) 100vw, 450px\" src=\"data:image\/svg+xml;base64,PHN2ZyB3aWR0aD0iMSIgaGVpZ2h0PSIxIiB4bWxucz0iaHR0cDovL3d3dy53My5vcmcvMjAwMC9zdmciPjwvc3ZnPg==\" style=\"--smush-placeholder-width: 450px; --smush-placeholder-aspect-ratio: 450\/385;\" \/><p id=\"caption-attachment-6294\" class=\"wp-caption-text\">Fun\u00e9railles de Mariette Beco, dans l&#8217;\u00e9glise de la Vierge des Pauvres<\/p><\/div>\n","protected":false},"excerpt":{"rendered":"<p>Celle\u00a0 \u00e0 qui la Vierge des Pauvres rendit visite \u00e0 huit reprises en 1933 s\u2019en est all\u00e9e, le 2 d\u00e9cembre 2011, revoir la &#8220;Belle Dame&#8221; qui fit son \u00e9merveillement. Elle avait 90 ans. Elle qui n\u2019aimait pas qu\u2019on parle d\u2019elle ne nous emp\u00eachera pas de la faire mieux conna\u00eetre. Elle a toujours voulu rester dans l\u2019ombre, \u00e9vitait de para\u00eetre en public, ne faisait aucune d\u00e9claration et demandait \u00e0 ses amies une discr\u00e9tion absolue. Discr\u00e9tion Elle a toujours jalousement sauvegard\u00e9 sa discr\u00e9tion. Quand elle a fait son dernier r\u00e9cit au chapelain, elle a ferm\u00e9 son propre livre et est sortie du myst\u00e8re de Banneux. Elle n\u2019a plus parl\u00e9 qu\u2019aux interrogatoires requis par les enqu\u00eates. Elle s\u2019expliquait\u00a0: Ce qu\u2019on n\u2019a pas compris, [&hellip;]<\/p>\n","protected":false},"author":2,"featured_media":0,"parent":0,"menu_order":0,"comment_status":"closed","ping_status":"closed","template":"","meta":{"advgb_blocks_editor_width":"","advgb_blocks_columns_visual_guide":"","jetpack_post_was_ever_published":false,"footnotes":""},"class_list":["post-84","page","type-page","status-publish","hentry"],"yoast_head":"<!-- This site is optimized with the Yoast SEO plugin v27.4 - https:\/\/yoast.com\/product\/yoast-seo-wordpress\/ -->\n<title>Mariette - Banneux Notre-Dame<\/title>\n<meta name=\"robots\" content=\"index, follow, max-snippet:-1, max-image-preview:large, max-video-preview:-1\" \/>\n<link rel=\"canonical\" href=\"https:\/\/banneux-nd.be\/fr\/mariette\/\" \/>\n<meta property=\"og:locale\" content=\"fr_FR\" \/>\n<meta property=\"og:type\" content=\"article\" \/>\n<meta property=\"og:title\" content=\"Mariette - Banneux Notre-Dame\" \/>\n<meta property=\"og:description\" content=\"Celle\u00a0 \u00e0 qui la Vierge des Pauvres rendit visite \u00e0 huit reprises en 1933 s\u2019en est all\u00e9e, le 2 d\u00e9cembre 2011, revoir la &#8220;Belle Dame&#8221; qui fit son \u00e9merveillement. Elle avait 90 ans. Elle qui n\u2019aimait pas qu\u2019on parle d\u2019elle ne nous emp\u00eachera pas de la faire mieux conna\u00eetre. Elle a toujours voulu rester dans l\u2019ombre, \u00e9vitait de para\u00eetre en public, ne faisait aucune d\u00e9claration et demandait \u00e0 ses amies une discr\u00e9tion absolue. Discr\u00e9tion Elle a toujours jalousement sauvegard\u00e9 sa discr\u00e9tion. Quand elle a fait son dernier r\u00e9cit au chapelain, elle a ferm\u00e9 son propre livre et est sortie du myst\u00e8re de Banneux. Elle n\u2019a plus parl\u00e9 qu\u2019aux interrogatoires requis par les enqu\u00eates. Elle s\u2019expliquait\u00a0: Ce qu\u2019on n\u2019a pas compris, [&hellip;]\" \/>\n<meta property=\"og:url\" content=\"https:\/\/banneux-nd.be\/fr\/mariette\/\" \/>\n<meta property=\"og:site_name\" content=\"Banneux Notre-Dame\" \/>\n<meta property=\"article:publisher\" content=\"https:\/\/www.facebook.com\/NDBanneux\/\" \/>\n<meta property=\"article:modified_time\" content=\"2018-03-09T17:12:17+00:00\" \/>\n<meta property=\"og:image\" content=\"https:\/\/banneux-nd.be\/wp-content\/uploads\/2017\/08\/Sanctuaire%20de%20Banneux%20-%20Photographie%20de%20Mariette%20Beco2%20-%2080%20ans.jpg\" \/>\n<meta name=\"twitter:card\" content=\"summary_large_image\" \/>\n<meta name=\"twitter:label1\" content=\"Dur\u00e9e de lecture estim\u00e9e\" \/>\n\t<meta name=\"twitter:data1\" content=\"7 minutes\" \/>\n<script type=\"application\/ld+json\" class=\"yoast-schema-graph\">{\"@context\":\"https:\\\/\\\/schema.org\",\"@graph\":[{\"@type\":\"WebPage\",\"@id\":\"https:\\\/\\\/banneux-nd.be\\\/fr\\\/mariette\\\/\",\"url\":\"https:\\\/\\\/banneux-nd.be\\\/fr\\\/mariette\\\/\",\"name\":\"Mariette - Banneux Notre-Dame\",\"isPartOf\":{\"@id\":\"https:\\\/\\\/banneux-nd.be\\\/fr\\\/#website\"},\"datePublished\":\"2015-07-20T06:56:23+00:00\",\"dateModified\":\"2018-03-09T17:12:17+00:00\",\"breadcrumb\":{\"@id\":\"https:\\\/\\\/banneux-nd.be\\\/fr\\\/mariette\\\/#breadcrumb\"},\"inLanguage\":\"fr-FR\",\"potentialAction\":[{\"@type\":\"ReadAction\",\"target\":[\"https:\\\/\\\/banneux-nd.be\\\/fr\\\/mariette\\\/\"]}]},{\"@type\":\"BreadcrumbList\",\"@id\":\"https:\\\/\\\/banneux-nd.be\\\/fr\\\/mariette\\\/#breadcrumb\",\"itemListElement\":[{\"@type\":\"ListItem\",\"position\":1,\"name\":\"Accueil\",\"item\":\"https:\\\/\\\/banneux-nd.be\\\/fr\\\/\"},{\"@type\":\"ListItem\",\"position\":2,\"name\":\"Mariette\"}]},{\"@type\":\"WebSite\",\"@id\":\"https:\\\/\\\/banneux-nd.be\\\/fr\\\/#website\",\"url\":\"https:\\\/\\\/banneux-nd.be\\\/fr\\\/\",\"name\":\"Banneux Notre-Dame\",\"description\":\"Sanctuaire de la Vierge des Pauvres (Belgique)\",\"potentialAction\":[{\"@type\":\"SearchAction\",\"target\":{\"@type\":\"EntryPoint\",\"urlTemplate\":\"https:\\\/\\\/banneux-nd.be\\\/fr\\\/?s={search_term_string}\"},\"query-input\":{\"@type\":\"PropertyValueSpecification\",\"valueRequired\":true,\"valueName\":\"search_term_string\"}}],\"inLanguage\":\"fr-FR\"}]}<\/script>\n<!-- \/ Yoast SEO plugin. -->","yoast_head_json":{"title":"Mariette - Banneux Notre-Dame","robots":{"index":"index","follow":"follow","max-snippet":"max-snippet:-1","max-image-preview":"max-image-preview:large","max-video-preview":"max-video-preview:-1"},"canonical":"https:\/\/banneux-nd.be\/fr\/mariette\/","og_locale":"fr_FR","og_type":"article","og_title":"Mariette - Banneux Notre-Dame","og_description":"Celle\u00a0 \u00e0 qui la Vierge des Pauvres rendit visite \u00e0 huit reprises en 1933 s\u2019en est all\u00e9e, le 2 d\u00e9cembre 2011, revoir la &#8220;Belle Dame&#8221; qui fit son \u00e9merveillement. Elle avait 90 ans. Elle qui n\u2019aimait pas qu\u2019on parle d\u2019elle ne nous emp\u00eachera pas de la faire mieux conna\u00eetre. Elle a toujours voulu rester dans l\u2019ombre, \u00e9vitait de para\u00eetre en public, ne faisait aucune d\u00e9claration et demandait \u00e0 ses amies une discr\u00e9tion absolue. Discr\u00e9tion Elle a toujours jalousement sauvegard\u00e9 sa discr\u00e9tion. Quand elle a fait son dernier r\u00e9cit au chapelain, elle a ferm\u00e9 son propre livre et est sortie du myst\u00e8re de Banneux. Elle n\u2019a plus parl\u00e9 qu\u2019aux interrogatoires requis par les enqu\u00eates. Elle s\u2019expliquait\u00a0: Ce qu\u2019on n\u2019a pas compris, [&hellip;]","og_url":"https:\/\/banneux-nd.be\/fr\/mariette\/","og_site_name":"Banneux Notre-Dame","article_publisher":"https:\/\/www.facebook.com\/NDBanneux\/","article_modified_time":"2018-03-09T17:12:17+00:00","og_image":[{"url":"https:\/\/banneux-nd.be\/wp-content\/uploads\/2017\/08\/Sanctuaire de Banneux - Photographie de Mariette Beco2 - 80 ans.jpg","type":"","width":"","height":""}],"twitter_card":"summary_large_image","twitter_misc":{"Dur\u00e9e de lecture estim\u00e9e":"7 minutes"},"schema":{"@context":"https:\/\/schema.org","@graph":[{"@type":"WebPage","@id":"https:\/\/banneux-nd.be\/fr\/mariette\/","url":"https:\/\/banneux-nd.be\/fr\/mariette\/","name":"Mariette - Banneux Notre-Dame","isPartOf":{"@id":"https:\/\/banneux-nd.be\/fr\/#website"},"datePublished":"2015-07-20T06:56:23+00:00","dateModified":"2018-03-09T17:12:17+00:00","breadcrumb":{"@id":"https:\/\/banneux-nd.be\/fr\/mariette\/#breadcrumb"},"inLanguage":"fr-FR","potentialAction":[{"@type":"ReadAction","target":["https:\/\/banneux-nd.be\/fr\/mariette\/"]}]},{"@type":"BreadcrumbList","@id":"https:\/\/banneux-nd.be\/fr\/mariette\/#breadcrumb","itemListElement":[{"@type":"ListItem","position":1,"name":"Accueil","item":"https:\/\/banneux-nd.be\/fr\/"},{"@type":"ListItem","position":2,"name":"Mariette"}]},{"@type":"WebSite","@id":"https:\/\/banneux-nd.be\/fr\/#website","url":"https:\/\/banneux-nd.be\/fr\/","name":"Banneux Notre-Dame","description":"Sanctuaire de la Vierge des Pauvres (Belgique)","potentialAction":[{"@type":"SearchAction","target":{"@type":"EntryPoint","urlTemplate":"https:\/\/banneux-nd.be\/fr\/?s={search_term_string}"},"query-input":{"@type":"PropertyValueSpecification","valueRequired":true,"valueName":"search_term_string"}}],"inLanguage":"fr-FR"}]}},"coauthors":[],"author_meta":{"author_link":"https:\/\/banneux-nd.be\/fr\/author\/adminfr\/","display_name":"adminFR"},"relative_dates":{"created":"Publi\u00e9 11 ans il y a","modified":"Mis \u00e0 jour 8 ans il y a"},"absolute_dates":{"created":"Publi\u00e9 le 07\/20\/2015","modified":"Mise \u00e0 jour le 03\/09\/2018"},"absolute_dates_time":{"created":"Publi\u00e9 le 07\/20\/2015 8 h 56 min","modified":"Mise \u00e0 jour le 03\/09\/2018 18 h 12 min"},"featured_img_caption":"","featured_img":false,"series_order":"","jetpack_sharing_enabled":true,"_links":{"self":[{"href":"https:\/\/banneux-nd.be\/fr\/wp-json\/wp\/v2\/pages\/84","targetHints":{"allow":["GET"]}}],"collection":[{"href":"https:\/\/banneux-nd.be\/fr\/wp-json\/wp\/v2\/pages"}],"about":[{"href":"https:\/\/banneux-nd.be\/fr\/wp-json\/wp\/v2\/types\/page"}],"author":[{"embeddable":true,"href":"https:\/\/banneux-nd.be\/fr\/wp-json\/wp\/v2\/users\/2"}],"replies":[{"embeddable":true,"href":"https:\/\/banneux-nd.be\/fr\/wp-json\/wp\/v2\/comments?post=84"}],"version-history":[{"count":0,"href":"https:\/\/banneux-nd.be\/fr\/wp-json\/wp\/v2\/pages\/84\/revisions"}],"wp:attachment":[{"href":"https:\/\/banneux-nd.be\/fr\/wp-json\/wp\/v2\/media?parent=84"}],"curies":[{"name":"wp","href":"https:\/\/api.w.org\/{rel}","templated":true}]}}