{"id":9456,"date":"2018-08-04T16:37:39","date_gmt":"2018-08-04T14:37:39","guid":{"rendered":"http:\/\/www.banneux-nd.be\/?page_id=9456"},"modified":"2018-08-04T16:37:39","modified_gmt":"2018-08-04T14:37:39","slug":"juin-2016-pelerinage-venant-de-metz-fr","status":"publish","type":"page","link":"https:\/\/banneux-nd.be\/fr\/juin-2016-pelerinage-venant-de-metz-fr\/","title":{"rendered":"Juin 2016 : p\u00e8lerinage venant de Metz (FR)"},"content":{"rendered":"<p><img fetchpriority=\"high\" decoding=\"async\" class=\"aligncenter wp-image-299 size-full\" src=\"https:\/\/misericordiabanneux.files.wordpress.com\/2016\/06\/2016metz2.jpg\" alt=\"2016Metz2\" width=\"800\" height=\"533\" \/><\/p>\n<p>&#8230; sous une pluie battante !<\/p>\n<p><img decoding=\"async\" class=\"alignnone wp-image-301 size-full lazyload\" data-src=\"https:\/\/misericordiabanneux.files.wordpress.com\/2016\/06\/2016metz4.jpg\" alt=\"2016Metz4\" width=\"800\" height=\"533\" src=\"data:image\/svg+xml;base64,PHN2ZyB3aWR0aD0iMSIgaGVpZ2h0PSIxIiB4bWxucz0iaHR0cDovL3d3dy53My5vcmcvMjAwMC9zdmciPjwvc3ZnPg==\" style=\"--smush-placeholder-width: 800px; --smush-placeholder-aspect-ratio: 800\/533;\" \/><\/p>\n<p style=\"text-align: justify;\"><strong>Lundi 13 juin 2016, 170 cat\u00e9ch\u00e8tes et intervenants en Enseignement religieux ont v\u00e9cu un premier <a class=\"glossary-term\" title=\"Voyage effectu\u00e9 par un croyant vers un lieu de d\u00e9votion.\" href=\"http:\/\/metz.catholique.fr\/glossaire\/pelerinage\">p\u00e8lerinage<\/a>\u00a0commun de fin d\u2019ann\u00e9e, \u00e0 l\u2019occasion de l\u2019ann\u00e9e jubilaire de la <a class=\"glossary-term\" title=\"Attitude qui incite \u00e0 l'indulgence et au pardon.\" href=\"http:\/\/metz.catholique.fr\/glossaire\/misericorde\">mis\u00e9ricorde<\/a>. Les Mosellans ont mis le cap sur Banneux pr\u00e8s de Li\u00e8ge (Belgique) au <a class=\"glossary-term\" title=\"Lieu de culte, lieu de p\u00e8lerinage.\" href=\"http:\/\/metz.catholique.fr\/glossaire\/sanctuaire\">sanctuaire<\/a> o\u00f9 est apparue la Vierge Marie \u00e0 Mariette en 1933.<\/strong><\/p>\n<p style=\"text-align: justify;\">C\u2019est sous une pluie battante que le p\u00e8lerinage sur les pas de Mariette, de la chapelle des apparitions \u00e0 la source s\u2019est d\u00e9roul\u00e9. Malgr\u00e9 les \u00e9l\u00e9ments, les 170 p\u00e8lerins n\u2019ont pas renonc\u00e9 et ont v\u00e9cu une belle journ\u00e9e spirituelle. En matin\u00e9e, ce fut donc un chemin de pri\u00e8re et le passage de la Porte sainte.<\/p>\n<p style=\"text-align: justify;\">Lire la suite de l&#8217;article sur le <a href=\"http:\/\/metz.catholique.fr\/accueil\/actualites-diocesaines\/292218-les-acteurs-de-la-catechese-en-pelerinage-a-banneux\/\" target=\"_blank\" rel=\"noopener\">site du dioc\u00e8se de Metz<\/a>\u00a0pour en savoir plus sur cette journ\u00e9e aupr\u00e8s de la Vierge des Pauvres.<\/p>\n<div class=\"tiled-gallery type-rectangular tiled-gallery-unresized\" data-original-width=\"758\" data-carousel-extra='null' itemscope itemtype=\"http:\/\/schema.org\/ImageGallery\" > <div class=\"gallery-row\" style=\"width: 758px; height: 338px;\" data-original-width=\"758\" data-original-height=\"338\" > <div class=\"gallery-group images-1\" style=\"width: 506px; height: 338px;\" data-original-width=\"506\" data-original-height=\"338\" > <div class=\"tiled-gallery-item tiled-gallery-item-large\" itemprop=\"associatedMedia\" itemscope itemtype=\"http:\/\/schema.org\/ImageObject\"> <a href=\"https:\/\/banneux-nd.be\/fr\/2016metz3\/\" border=\"0\" itemprop=\"url\"> <meta itemprop=\"width\" content=\"502\"> <meta itemprop=\"height\" content=\"334\"> <img decoding=\"async\" data-attachment-id=\"9438\" data-orig-file=\"https:\/\/banneux-nd.be\/wp-content\/uploads\/2018\/08\/2016Metz3.jpg\" data-orig-size=\"800,533\" data-comments-opened=\"1\" data-image-meta=\"{&quot;aperture&quot;:&quot;0&quot;,&quot;credit&quot;:&quot;&quot;,&quot;camera&quot;:&quot;&quot;,&quot;caption&quot;:&quot;&quot;,&quot;created_timestamp&quot;:&quot;0&quot;,&quot;copyright&quot;:&quot;&quot;,&quot;focal_length&quot;:&quot;0&quot;,&quot;iso&quot;:&quot;0&quot;,&quot;shutter_speed&quot;:&quot;0&quot;,&quot;title&quot;:&quot;&quot;,&quot;orientation&quot;:&quot;0&quot;}\" data-image-title=\"2016Metz3\" data-image-description=\"\" data-medium-file=\"https:\/\/banneux-nd.be\/wp-content\/uploads\/2018\/08\/2016Metz3-300x200.jpg\" data-large-file=\"https:\/\/banneux-nd.be\/wp-content\/uploads\/2018\/08\/2016Metz3.jpg\" data-src=\"https:\/\/i0.wp.com\/banneux-nd.be\/wp-content\/uploads\/2018\/08\/2016Metz3.jpg?w=502&#038;h=334&#038;ssl=1\" data-srcset=\"https:\/\/banneux-nd.be\/wp-content\/uploads\/2018\/08\/2016Metz3.jpg 800w, https:\/\/banneux-nd.be\/wp-content\/uploads\/2018\/08\/2016Metz3-300x200.jpg 300w, https:\/\/banneux-nd.be\/wp-content\/uploads\/2018\/08\/2016Metz3-768x512.jpg 768w\" width=\"502\" height=\"334\" data-original-width=\"502\" data-original-height=\"334\" itemprop=\"http:\/\/schema.org\/image\" title=\"2016Metz3\" alt=\"2016Metz3\" style=\"--smush-placeholder-width: 502px; --smush-placeholder-aspect-ratio: 502\/334;width: 502px; height: 334px;\" src=\"data:image\/svg+xml;base64,PHN2ZyB3aWR0aD0iMSIgaGVpZ2h0PSIxIiB4bWxucz0iaHR0cDovL3d3dy53My5vcmcvMjAwMC9zdmciPjwvc3ZnPg==\" class=\"lazyload\" \/> <\/a> <\/div> <\/div> <!-- close group --> <div class=\"gallery-group images-2\" style=\"width: 252px; height: 338px;\" data-original-width=\"252\" data-original-height=\"338\" > <div class=\"tiled-gallery-item tiled-gallery-item-small\" itemprop=\"associatedMedia\" itemscope itemtype=\"http:\/\/schema.org\/ImageObject\"> <a href=\"https:\/\/banneux-nd.be\/fr\/2016metz\/\" border=\"0\" itemprop=\"url\"> <meta itemprop=\"width\" content=\"248\"> <meta itemprop=\"height\" content=\"165\"> <img decoding=\"async\" data-attachment-id=\"9426\" data-orig-file=\"https:\/\/banneux-nd.be\/wp-content\/uploads\/2018\/08\/2016Metz.jpg\" data-orig-size=\"800,533\" data-comments-opened=\"1\" data-image-meta=\"{&quot;aperture&quot;:&quot;0&quot;,&quot;credit&quot;:&quot;&quot;,&quot;camera&quot;:&quot;&quot;,&quot;caption&quot;:&quot;&quot;,&quot;created_timestamp&quot;:&quot;0&quot;,&quot;copyright&quot;:&quot;&quot;,&quot;focal_length&quot;:&quot;0&quot;,&quot;iso&quot;:&quot;0&quot;,&quot;shutter_speed&quot;:&quot;0&quot;,&quot;title&quot;:&quot;&quot;,&quot;orientation&quot;:&quot;0&quot;}\" data-image-title=\"2016Metz\" data-image-description=\"\" data-medium-file=\"https:\/\/banneux-nd.be\/wp-content\/uploads\/2018\/08\/2016Metz-300x200.jpg\" data-large-file=\"https:\/\/banneux-nd.be\/wp-content\/uploads\/2018\/08\/2016Metz.jpg\" data-src=\"https:\/\/i0.wp.com\/banneux-nd.be\/wp-content\/uploads\/2018\/08\/2016Metz.jpg?w=248&#038;h=165&#038;ssl=1\" data-srcset=\"https:\/\/banneux-nd.be\/wp-content\/uploads\/2018\/08\/2016Metz.jpg 800w, https:\/\/banneux-nd.be\/wp-content\/uploads\/2018\/08\/2016Metz-300x200.jpg 300w, https:\/\/banneux-nd.be\/wp-content\/uploads\/2018\/08\/2016Metz-768x512.jpg 768w\" width=\"248\" height=\"165\" data-original-width=\"248\" data-original-height=\"165\" itemprop=\"http:\/\/schema.org\/image\" title=\"2016Metz\" alt=\"2016Metz\" style=\"--smush-placeholder-width: 248px; --smush-placeholder-aspect-ratio: 248\/165;width: 248px; height: 165px;\" src=\"data:image\/svg+xml;base64,PHN2ZyB3aWR0aD0iMSIgaGVpZ2h0PSIxIiB4bWxucz0iaHR0cDovL3d3dy53My5vcmcvMjAwMC9zdmciPjwvc3ZnPg==\" class=\"lazyload\" \/> <\/a> <\/div> <div class=\"tiled-gallery-item tiled-gallery-item-small\" itemprop=\"associatedMedia\" itemscope itemtype=\"http:\/\/schema.org\/ImageObject\"> <a href=\"https:\/\/banneux-nd.be\/fr\/2016metz5\/\" border=\"0\" itemprop=\"url\"> <meta itemprop=\"width\" content=\"248\"> <meta itemprop=\"height\" content=\"165\"> <img decoding=\"async\" data-attachment-id=\"9450\" data-orig-file=\"https:\/\/banneux-nd.be\/wp-content\/uploads\/2018\/08\/2016Metz5.jpg\" data-orig-size=\"800,533\" data-comments-opened=\"1\" data-image-meta=\"{&quot;aperture&quot;:&quot;0&quot;,&quot;credit&quot;:&quot;&quot;,&quot;camera&quot;:&quot;&quot;,&quot;caption&quot;:&quot;&quot;,&quot;created_timestamp&quot;:&quot;0&quot;,&quot;copyright&quot;:&quot;&quot;,&quot;focal_length&quot;:&quot;0&quot;,&quot;iso&quot;:&quot;0&quot;,&quot;shutter_speed&quot;:&quot;0&quot;,&quot;title&quot;:&quot;&quot;,&quot;orientation&quot;:&quot;0&quot;}\" data-image-title=\"2016Metz5\" data-image-description=\"\" data-medium-file=\"https:\/\/banneux-nd.be\/wp-content\/uploads\/2018\/08\/2016Metz5-300x200.jpg\" data-large-file=\"https:\/\/banneux-nd.be\/wp-content\/uploads\/2018\/08\/2016Metz5.jpg\" data-src=\"https:\/\/i0.wp.com\/banneux-nd.be\/wp-content\/uploads\/2018\/08\/2016Metz5.jpg?w=248&#038;h=165&#038;ssl=1\" data-srcset=\"https:\/\/banneux-nd.be\/wp-content\/uploads\/2018\/08\/2016Metz5.jpg 800w, https:\/\/banneux-nd.be\/wp-content\/uploads\/2018\/08\/2016Metz5-300x200.jpg 300w, https:\/\/banneux-nd.be\/wp-content\/uploads\/2018\/08\/2016Metz5-768x512.jpg 768w\" width=\"248\" height=\"165\" data-original-width=\"248\" data-original-height=\"165\" itemprop=\"http:\/\/schema.org\/image\" title=\"2016Metz5\" alt=\"2016Metz5\" style=\"--smush-placeholder-width: 248px; --smush-placeholder-aspect-ratio: 248\/165;width: 248px; height: 165px;\" src=\"data:image\/svg+xml;base64,PHN2ZyB3aWR0aD0iMSIgaGVpZ2h0PSIxIiB4bWxucz0iaHR0cDovL3d3dy53My5vcmcvMjAwMC9zdmciPjwvc3ZnPg==\" class=\"lazyload\" \/> <\/a> <\/div> <\/div> <!-- close group --> <\/div> <!-- close row --> <\/div>\n<p>Il n&#8217;y a pas que les <em>Triduums<\/em> \u00e0 Banneux \ud83d\ude42 !<\/p>\n","protected":false},"excerpt":{"rendered":"<p>&#8230; sous une pluie battante ! Lundi 13 juin 2016, 170 cat\u00e9ch\u00e8tes et intervenants en Enseignement religieux ont v\u00e9cu un premier p\u00e8lerinage\u00a0commun de fin d\u2019ann\u00e9e, \u00e0 l\u2019occasion de l\u2019ann\u00e9e jubilaire de la mis\u00e9ricorde. Les Mosellans ont mis le cap sur Banneux pr\u00e8s de Li\u00e8ge (Belgique) au sanctuaire o\u00f9 est apparue la Vierge Marie \u00e0 Mariette en 1933. C\u2019est sous une pluie battante que le p\u00e8lerinage sur les pas de Mariette, de la chapelle des apparitions \u00e0 la source s\u2019est d\u00e9roul\u00e9. Malgr\u00e9 les \u00e9l\u00e9ments, les 170 p\u00e8lerins n\u2019ont pas renonc\u00e9 et ont v\u00e9cu une belle journ\u00e9e spirituelle. En matin\u00e9e, ce fut donc un chemin de pri\u00e8re et le passage de la Porte sainte. Lire la suite de l&#8217;article sur le site [&hellip;]<\/p>\n","protected":false},"author":4,"featured_media":0,"parent":0,"menu_order":0,"comment_status":"closed","ping_status":"closed","template":"","meta":{"advgb_blocks_editor_width":"","advgb_blocks_columns_visual_guide":"","jetpack_post_was_ever_published":false,"footnotes":""},"class_list":["post-9456","page","type-page","status-publish","hentry"],"yoast_head":"<!-- This site is optimized with the Yoast SEO plugin v27.4 - https:\/\/yoast.com\/product\/yoast-seo-wordpress\/ -->\n<title>Juin 2016 : p\u00e8lerinage venant de Metz (FR) - Banneux Notre-Dame<\/title>\n<meta name=\"robots\" content=\"index, follow, max-snippet:-1, max-image-preview:large, max-video-preview:-1\" \/>\n<link rel=\"canonical\" href=\"https:\/\/banneux-nd.be\/fr\/juin-2016-pelerinage-venant-de-metz-fr\/\" \/>\n<meta property=\"og:locale\" content=\"fr_FR\" \/>\n<meta property=\"og:type\" content=\"article\" \/>\n<meta property=\"og:title\" content=\"Juin 2016 : p\u00e8lerinage venant de Metz (FR) - Banneux Notre-Dame\" \/>\n<meta property=\"og:description\" content=\"&#8230; sous une pluie battante ! Lundi 13 juin 2016, 170 cat\u00e9ch\u00e8tes et intervenants en Enseignement religieux ont v\u00e9cu un premier p\u00e8lerinage\u00a0commun de fin d\u2019ann\u00e9e, \u00e0 l\u2019occasion de l\u2019ann\u00e9e jubilaire de la mis\u00e9ricorde. Les Mosellans ont mis le cap sur Banneux pr\u00e8s de Li\u00e8ge (Belgique) au sanctuaire o\u00f9 est apparue la Vierge Marie \u00e0 Mariette en 1933. C\u2019est sous une pluie battante que le p\u00e8lerinage sur les pas de Mariette, de la chapelle des apparitions \u00e0 la source s\u2019est d\u00e9roul\u00e9. Malgr\u00e9 les \u00e9l\u00e9ments, les 170 p\u00e8lerins n\u2019ont pas renonc\u00e9 et ont v\u00e9cu une belle journ\u00e9e spirituelle. En matin\u00e9e, ce fut donc un chemin de pri\u00e8re et le passage de la Porte sainte. Lire la suite de l&#8217;article sur le site [&hellip;]\" \/>\n<meta property=\"og:url\" content=\"https:\/\/banneux-nd.be\/fr\/juin-2016-pelerinage-venant-de-metz-fr\/\" \/>\n<meta property=\"og:site_name\" content=\"Banneux Notre-Dame\" \/>\n<meta property=\"article:publisher\" content=\"https:\/\/www.facebook.com\/NDBanneux\/\" \/>\n<meta property=\"og:image\" content=\"https:\/\/i2.wp.com\/banneux-nd.be\/wp-content\/uploads\/2018\/08\/2016Metz.jpg?w=502&#038;h=334&#038;ssl=1\" \/>\n<meta name=\"twitter:card\" content=\"summary_large_image\" \/>\n<meta name=\"twitter:label1\" content=\"Dur\u00e9e de lecture estim\u00e9e\" \/>\n\t<meta name=\"twitter:data1\" content=\"1 minute\" \/>\n<script type=\"application\/ld+json\" class=\"yoast-schema-graph\">{\"@context\":\"https:\\\/\\\/schema.org\",\"@graph\":[{\"@type\":\"WebPage\",\"@id\":\"https:\\\/\\\/banneux-nd.be\\\/fr\\\/juin-2016-pelerinage-venant-de-metz-fr\\\/\",\"url\":\"https:\\\/\\\/banneux-nd.be\\\/fr\\\/juin-2016-pelerinage-venant-de-metz-fr\\\/\",\"name\":\"Juin 2016 : p\u00e8lerinage venant de Metz (FR) - Banneux Notre-Dame\",\"isPartOf\":{\"@id\":\"https:\\\/\\\/banneux-nd.be\\\/fr\\\/#website\"},\"primaryImageOfPage\":{\"@id\":\"https:\\\/\\\/banneux-nd.be\\\/fr\\\/juin-2016-pelerinage-venant-de-metz-fr\\\/#primaryimage\"},\"image\":{\"@id\":\"https:\\\/\\\/banneux-nd.be\\\/fr\\\/juin-2016-pelerinage-venant-de-metz-fr\\\/#primaryimage\"},\"thumbnailUrl\":\"https:\\\/\\\/misericordiabanneux.files.wordpress.com\\\/2016\\\/06\\\/2016metz2.jpg\",\"datePublished\":\"2018-08-04T14:37:39+00:00\",\"breadcrumb\":{\"@id\":\"https:\\\/\\\/banneux-nd.be\\\/fr\\\/juin-2016-pelerinage-venant-de-metz-fr\\\/#breadcrumb\"},\"inLanguage\":\"fr-FR\",\"potentialAction\":[{\"@type\":\"ReadAction\",\"target\":[\"https:\\\/\\\/banneux-nd.be\\\/fr\\\/juin-2016-pelerinage-venant-de-metz-fr\\\/\"]}]},{\"@type\":\"ImageObject\",\"inLanguage\":\"fr-FR\",\"@id\":\"https:\\\/\\\/banneux-nd.be\\\/fr\\\/juin-2016-pelerinage-venant-de-metz-fr\\\/#primaryimage\",\"url\":\"https:\\\/\\\/misericordiabanneux.files.wordpress.com\\\/2016\\\/06\\\/2016metz2.jpg\",\"contentUrl\":\"https:\\\/\\\/misericordiabanneux.files.wordpress.com\\\/2016\\\/06\\\/2016metz2.jpg\"},{\"@type\":\"BreadcrumbList\",\"@id\":\"https:\\\/\\\/banneux-nd.be\\\/fr\\\/juin-2016-pelerinage-venant-de-metz-fr\\\/#breadcrumb\",\"itemListElement\":[{\"@type\":\"ListItem\",\"position\":1,\"name\":\"Accueil\",\"item\":\"https:\\\/\\\/banneux-nd.be\\\/fr\\\/\"},{\"@type\":\"ListItem\",\"position\":2,\"name\":\"Juin 2016 : p\u00e8lerinage venant de Metz (FR)\"}]},{\"@type\":\"WebSite\",\"@id\":\"https:\\\/\\\/banneux-nd.be\\\/fr\\\/#website\",\"url\":\"https:\\\/\\\/banneux-nd.be\\\/fr\\\/\",\"name\":\"Banneux Notre-Dame\",\"description\":\"Sanctuaire de la Vierge des Pauvres (Belgique)\",\"potentialAction\":[{\"@type\":\"SearchAction\",\"target\":{\"@type\":\"EntryPoint\",\"urlTemplate\":\"https:\\\/\\\/banneux-nd.be\\\/fr\\\/?s={search_term_string}\"},\"query-input\":{\"@type\":\"PropertyValueSpecification\",\"valueRequired\":true,\"valueName\":\"search_term_string\"}}],\"inLanguage\":\"fr-FR\"}]}<\/script>\n<!-- \/ Yoast SEO plugin. -->","yoast_head_json":{"title":"Juin 2016 : p\u00e8lerinage venant de Metz (FR) - Banneux Notre-Dame","robots":{"index":"index","follow":"follow","max-snippet":"max-snippet:-1","max-image-preview":"max-image-preview:large","max-video-preview":"max-video-preview:-1"},"canonical":"https:\/\/banneux-nd.be\/fr\/juin-2016-pelerinage-venant-de-metz-fr\/","og_locale":"fr_FR","og_type":"article","og_title":"Juin 2016 : p\u00e8lerinage venant de Metz (FR) - Banneux Notre-Dame","og_description":"&#8230; sous une pluie battante ! Lundi 13 juin 2016, 170 cat\u00e9ch\u00e8tes et intervenants en Enseignement religieux ont v\u00e9cu un premier p\u00e8lerinage\u00a0commun de fin d\u2019ann\u00e9e, \u00e0 l\u2019occasion de l\u2019ann\u00e9e jubilaire de la mis\u00e9ricorde. Les Mosellans ont mis le cap sur Banneux pr\u00e8s de Li\u00e8ge (Belgique) au sanctuaire o\u00f9 est apparue la Vierge Marie \u00e0 Mariette en 1933. C\u2019est sous une pluie battante que le p\u00e8lerinage sur les pas de Mariette, de la chapelle des apparitions \u00e0 la source s\u2019est d\u00e9roul\u00e9. Malgr\u00e9 les \u00e9l\u00e9ments, les 170 p\u00e8lerins n\u2019ont pas renonc\u00e9 et ont v\u00e9cu une belle journ\u00e9e spirituelle. En matin\u00e9e, ce fut donc un chemin de pri\u00e8re et le passage de la Porte sainte. Lire la suite de l&#8217;article sur le site [&hellip;]","og_url":"https:\/\/banneux-nd.be\/fr\/juin-2016-pelerinage-venant-de-metz-fr\/","og_site_name":"Banneux Notre-Dame","article_publisher":"https:\/\/www.facebook.com\/NDBanneux\/","og_image":[{"url":"https:\/\/i2.wp.com\/banneux-nd.be\/wp-content\/uploads\/2018\/08\/2016Metz.jpg?w=502&#038;h=334&#038;ssl=1","type":"","width":"","height":""}],"twitter_card":"summary_large_image","twitter_misc":{"Dur\u00e9e de lecture estim\u00e9e":"1 minute"},"schema":{"@context":"https:\/\/schema.org","@graph":[{"@type":"WebPage","@id":"https:\/\/banneux-nd.be\/fr\/juin-2016-pelerinage-venant-de-metz-fr\/","url":"https:\/\/banneux-nd.be\/fr\/juin-2016-pelerinage-venant-de-metz-fr\/","name":"Juin 2016 : p\u00e8lerinage venant de Metz (FR) - Banneux Notre-Dame","isPartOf":{"@id":"https:\/\/banneux-nd.be\/fr\/#website"},"primaryImageOfPage":{"@id":"https:\/\/banneux-nd.be\/fr\/juin-2016-pelerinage-venant-de-metz-fr\/#primaryimage"},"image":{"@id":"https:\/\/banneux-nd.be\/fr\/juin-2016-pelerinage-venant-de-metz-fr\/#primaryimage"},"thumbnailUrl":"https:\/\/misericordiabanneux.files.wordpress.com\/2016\/06\/2016metz2.jpg","datePublished":"2018-08-04T14:37:39+00:00","breadcrumb":{"@id":"https:\/\/banneux-nd.be\/fr\/juin-2016-pelerinage-venant-de-metz-fr\/#breadcrumb"},"inLanguage":"fr-FR","potentialAction":[{"@type":"ReadAction","target":["https:\/\/banneux-nd.be\/fr\/juin-2016-pelerinage-venant-de-metz-fr\/"]}]},{"@type":"ImageObject","inLanguage":"fr-FR","@id":"https:\/\/banneux-nd.be\/fr\/juin-2016-pelerinage-venant-de-metz-fr\/#primaryimage","url":"https:\/\/misericordiabanneux.files.wordpress.com\/2016\/06\/2016metz2.jpg","contentUrl":"https:\/\/misericordiabanneux.files.wordpress.com\/2016\/06\/2016metz2.jpg"},{"@type":"BreadcrumbList","@id":"https:\/\/banneux-nd.be\/fr\/juin-2016-pelerinage-venant-de-metz-fr\/#breadcrumb","itemListElement":[{"@type":"ListItem","position":1,"name":"Accueil","item":"https:\/\/banneux-nd.be\/fr\/"},{"@type":"ListItem","position":2,"name":"Juin 2016 : p\u00e8lerinage venant de Metz (FR)"}]},{"@type":"WebSite","@id":"https:\/\/banneux-nd.be\/fr\/#website","url":"https:\/\/banneux-nd.be\/fr\/","name":"Banneux Notre-Dame","description":"Sanctuaire de la Vierge des Pauvres (Belgique)","potentialAction":[{"@type":"SearchAction","target":{"@type":"EntryPoint","urlTemplate":"https:\/\/banneux-nd.be\/fr\/?s={search_term_string}"},"query-input":{"@type":"PropertyValueSpecification","valueRequired":true,"valueName":"search_term_string"}}],"inLanguage":"fr-FR"}]}},"coauthors":[],"author_meta":{"author_link":"https:\/\/banneux-nd.be\/fr\/author\/dreusdeille\/","display_name":"Anne-Elisabeth N\u00e8ve"},"relative_dates":{"created":"Publi\u00e9 8 ans il y a","modified":"Mis \u00e0 jour 8 ans il y a"},"absolute_dates":{"created":"Publi\u00e9 le 08\/04\/2018","modified":"Mise \u00e0 jour le 08\/04\/2018"},"absolute_dates_time":{"created":"Publi\u00e9 le 08\/04\/2018 16 h 37 min","modified":"Mise \u00e0 jour le 08\/04\/2018 16 h 37 min"},"featured_img_caption":"","featured_img":false,"series_order":"","jetpack_sharing_enabled":true,"_links":{"self":[{"href":"https:\/\/banneux-nd.be\/fr\/wp-json\/wp\/v2\/pages\/9456","targetHints":{"allow":["GET"]}}],"collection":[{"href":"https:\/\/banneux-nd.be\/fr\/wp-json\/wp\/v2\/pages"}],"about":[{"href":"https:\/\/banneux-nd.be\/fr\/wp-json\/wp\/v2\/types\/page"}],"author":[{"embeddable":true,"href":"https:\/\/banneux-nd.be\/fr\/wp-json\/wp\/v2\/users\/4"}],"replies":[{"embeddable":true,"href":"https:\/\/banneux-nd.be\/fr\/wp-json\/wp\/v2\/comments?post=9456"}],"version-history":[{"count":3,"href":"https:\/\/banneux-nd.be\/fr\/wp-json\/wp\/v2\/pages\/9456\/revisions"}],"predecessor-version":[{"id":9459,"href":"https:\/\/banneux-nd.be\/fr\/wp-json\/wp\/v2\/pages\/9456\/revisions\/9459"}],"wp:attachment":[{"href":"https:\/\/banneux-nd.be\/fr\/wp-json\/wp\/v2\/media?parent=9456"}],"curies":[{"name":"wp","href":"https:\/\/api.w.org\/{rel}","templated":true}]}}