{"id":10354,"date":"2018-08-19T18:14:36","date_gmt":"2018-08-19T16:14:36","guid":{"rendered":"http:\/\/www.banneux-nd.be\/?page_id=10354"},"modified":"2018-08-19T18:32:05","modified_gmt":"2018-08-19T16:32:05","slug":"legs-en-duo","status":"publish","type":"page","link":"https:\/\/banneux-nd.be\/it\/legs-en-duo\/","title":{"rendered":"Legs en duo"},"content":{"rendered":"<h3><img fetchpriority=\"high\" decoding=\"async\" class=\"aligncenter size-full wp-image-9848\" src=\"https:\/\/banneux-nd.be\/wp-content\/uploads\/2018\/08\/2016-11-06-Fin-Ann\u00e9e-Sainte-Banneux-96.jpg\" alt=\"\" width=\"1200\" height=\"964\" srcset=\"https:\/\/banneux-nd.be\/wp-content\/uploads\/2018\/08\/2016-11-06-Fin-Ann\u00e9e-Sainte-Banneux-96.jpg 1200w, https:\/\/banneux-nd.be\/wp-content\/uploads\/2018\/08\/2016-11-06-Fin-Ann\u00e9e-Sainte-Banneux-96-300x241.jpg 300w, https:\/\/banneux-nd.be\/wp-content\/uploads\/2018\/08\/2016-11-06-Fin-Ann\u00e9e-Sainte-Banneux-96-768x617.jpg 768w, https:\/\/banneux-nd.be\/wp-content\/uploads\/2018\/08\/2016-11-06-Fin-Ann\u00e9e-Sainte-Banneux-96-1024x823.jpg 1024w\" sizes=\"(max-width: 1200px) 100vw, 1200px\" \/><\/h3>\n<h3 style=\"text-align: center;\">Vous souhaitez l\u00e9guer une somme d&#8217;argent ou un bien<br \/>\n\u00e0 l&#8217;Hospitalit\u00e9 de Banneux\u00a0?<\/h3>\n<p style=\"text-align: justify;\">Gr\u00e2ce \u00e0 la technique du <strong>legs en duo<\/strong>, vous laissez autant (sinon plus) \u00e0 vos proches et vous participez \u00e0 l&#8217;accueil des malades.<\/p>\n<p style=\"text-align: justify;\">La base juridique du legs en duo trouve son origine dans l&#8217;article 64, alin\u00e9a 2 du code des droits de succession. Il y est stipul\u00e9 que la personne X (par exemple votre ni\u00e8ce Mathilde) re\u00e7oit un legs libre de tout droit de succession, pour autant que la personne Y (par exemple l&#8217;Hospitalit\u00e9 de Banneux) prenne le paiement des droits de succession de X \u00e0 sa charge.<\/p>\n<p style=\"text-align: justify;\">L&#8217;Hospitalit\u00e9 de Banneux Notre-Dame vit uniquement des dons et des diff\u00e9rentes formules notari\u00e9es pr\u00e9vues par le l\u00e9gislateur.\u00a0Les rentr\u00e9es financi\u00e8res sont directement affect\u00e9es aux frais de fonctionnement, \u00e0 l&#8217;accueil des malades et \u00e0 l&#8217;am\u00e9lioration permanente des conditions d&#8217;h\u00e9bergement.<\/p>\n<p style=\"text-align: justify;\">Pour en savoir plus sur le legs en duo en faveur du Sanctuaire, prenez <strong><a href=\"https:\/\/banneux-nd.be\/fr\/contacts\/\" target=\"_blank\" rel=\"noopener\">contact<\/a><\/strong> avec nous.<\/p>\n<p>Pour en savoir plus sur les conditions l\u00e9gales, voyez cette <a href=\"https:\/\/www.notaire.be\/donations-successions\/les-successions\/legs-en-duo\" target=\"_blank\" rel=\"noopener\">page<\/a>.<\/p>\n<p style=\"text-align: center;\"><strong>Merci d\u00e9j\u00e0 de votre int\u00e9r\u00eat\u00a0!<\/strong><\/p>\n","protected":false},"excerpt":{"rendered":"<p>Vous souhaitez l\u00e9guer une somme d&#8217;argent ou un bien \u00e0 l&#8217;Hospitalit\u00e9 de Banneux\u00a0? Gr\u00e2ce \u00e0 la technique du legs en duo, vous laissez autant (sinon plus) \u00e0 vos proches et vous participez \u00e0 l&#8217;accueil des malades. La base juridique du legs en duo trouve son origine dans l&#8217;article 64, alin\u00e9a 2 du code des droits de succession. Il y est stipul\u00e9 que la personne X (par exemple votre ni\u00e8ce Mathilde) re\u00e7oit un legs libre de tout droit de succession, pour autant que la personne Y (par exemple l&#8217;Hospitalit\u00e9 de Banneux) prenne le paiement des droits de succession de X \u00e0 sa charge. L&#8217;Hospitalit\u00e9 de Banneux Notre-Dame vit uniquement des dons et des diff\u00e9rentes formules notari\u00e9es pr\u00e9vues par le l\u00e9gislateur.\u00a0Les rentr\u00e9es [&hellip;]<\/p>\n","protected":false},"author":4,"featured_media":0,"parent":0,"menu_order":0,"comment_status":"closed","ping_status":"closed","template":"","meta":{"advgb_blocks_editor_width":"","advgb_blocks_columns_visual_guide":"","jetpack_post_was_ever_published":false,"footnotes":""},"class_list":["post-10354","page","type-page","status-publish","hentry"],"yoast_head":"<!-- This site is optimized with the Yoast SEO plugin v27.3 - https:\/\/yoast.com\/product\/yoast-seo-wordpress\/ -->\n<title>Legs en duo - Banneux Notre-Dame<\/title>\n<meta name=\"robots\" content=\"index, follow, max-snippet:-1, max-image-preview:large, max-video-preview:-1\" \/>\n<link rel=\"canonical\" href=\"https:\/\/banneux-nd.be\/it\/legs-en-duo\/\" \/>\n<meta property=\"og:locale\" content=\"it_IT\" \/>\n<meta property=\"og:type\" content=\"article\" \/>\n<meta property=\"og:title\" content=\"Legs en duo - Banneux Notre-Dame\" \/>\n<meta property=\"og:description\" content=\"Vous souhaitez l\u00e9guer une somme d&#8217;argent ou un bien \u00e0 l&#8217;Hospitalit\u00e9 de Banneux\u00a0? Gr\u00e2ce \u00e0 la technique du legs en duo, vous laissez autant (sinon plus) \u00e0 vos proches et vous participez \u00e0 l&#8217;accueil des malades. La base juridique du legs en duo trouve son origine dans l&#8217;article 64, alin\u00e9a 2 du code des droits de succession. Il y est stipul\u00e9 que la personne X (par exemple votre ni\u00e8ce Mathilde) re\u00e7oit un legs libre de tout droit de succession, pour autant que la personne Y (par exemple l&#8217;Hospitalit\u00e9 de Banneux) prenne le paiement des droits de succession de X \u00e0 sa charge. L&#8217;Hospitalit\u00e9 de Banneux Notre-Dame vit uniquement des dons et des diff\u00e9rentes formules notari\u00e9es pr\u00e9vues par le l\u00e9gislateur.\u00a0Les rentr\u00e9es [&hellip;]\" \/>\n<meta property=\"og:url\" content=\"https:\/\/banneux-nd.be\/it\/legs-en-duo\/\" \/>\n<meta property=\"og:site_name\" content=\"Banneux Notre-Dame\" \/>\n<meta property=\"article:publisher\" content=\"https:\/\/www.facebook.com\/NDBanneux\/\" \/>\n<meta property=\"article:modified_time\" content=\"2018-08-19T16:32:05+00:00\" \/>\n<meta property=\"og:image\" content=\"https:\/\/banneux-nd.be\/wp-content\/uploads\/2018\/08\/2016-11-06-Fin-Ann\u00e9e-Sainte-Banneux-96.jpg\" \/>\n<meta name=\"twitter:card\" content=\"summary_large_image\" \/>\n<meta name=\"twitter:label1\" content=\"Tempo di lettura stimato\" \/>\n\t<meta name=\"twitter:data1\" content=\"1 minuto\" \/>\n<script type=\"application\/ld+json\" class=\"yoast-schema-graph\">{\"@context\":\"https:\\\/\\\/schema.org\",\"@graph\":[{\"@type\":\"WebPage\",\"@id\":\"https:\\\/\\\/banneux-nd.be\\\/it\\\/legs-en-duo\\\/\",\"url\":\"https:\\\/\\\/banneux-nd.be\\\/it\\\/legs-en-duo\\\/\",\"name\":\"Legs en duo - Banneux Notre-Dame\",\"isPartOf\":{\"@id\":\"https:\\\/\\\/banneux-nd.be\\\/it\\\/#website\"},\"datePublished\":\"2018-08-19T16:14:36+00:00\",\"dateModified\":\"2018-08-19T16:32:05+00:00\",\"breadcrumb\":{\"@id\":\"https:\\\/\\\/banneux-nd.be\\\/it\\\/legs-en-duo\\\/#breadcrumb\"},\"inLanguage\":\"it-IT\",\"potentialAction\":[{\"@type\":\"ReadAction\",\"target\":[\"https:\\\/\\\/banneux-nd.be\\\/it\\\/legs-en-duo\\\/\"]}]},{\"@type\":\"BreadcrumbList\",\"@id\":\"https:\\\/\\\/banneux-nd.be\\\/it\\\/legs-en-duo\\\/#breadcrumb\",\"itemListElement\":[{\"@type\":\"ListItem\",\"position\":1,\"name\":\"Accueil\",\"item\":\"https:\\\/\\\/banneux-nd.be\\\/it\\\/\"},{\"@type\":\"ListItem\",\"position\":2,\"name\":\"Legs en duo\"}]},{\"@type\":\"WebSite\",\"@id\":\"https:\\\/\\\/banneux-nd.be\\\/it\\\/#website\",\"url\":\"https:\\\/\\\/banneux-nd.be\\\/it\\\/\",\"name\":\"Banneux Notre-Dame\",\"description\":\"Sanctuaire de la Vierge des Pauvres (Belgique)\",\"potentialAction\":[{\"@type\":\"SearchAction\",\"target\":{\"@type\":\"EntryPoint\",\"urlTemplate\":\"https:\\\/\\\/banneux-nd.be\\\/it\\\/?s={search_term_string}\"},\"query-input\":{\"@type\":\"PropertyValueSpecification\",\"valueRequired\":true,\"valueName\":\"search_term_string\"}}],\"inLanguage\":\"it-IT\"}]}<\/script>\n<!-- \/ Yoast SEO plugin. -->","yoast_head_json":{"title":"Legs en duo - Banneux Notre-Dame","robots":{"index":"index","follow":"follow","max-snippet":"max-snippet:-1","max-image-preview":"max-image-preview:large","max-video-preview":"max-video-preview:-1"},"canonical":"https:\/\/banneux-nd.be\/it\/legs-en-duo\/","og_locale":"it_IT","og_type":"article","og_title":"Legs en duo - Banneux Notre-Dame","og_description":"Vous souhaitez l\u00e9guer une somme d&#8217;argent ou un bien \u00e0 l&#8217;Hospitalit\u00e9 de Banneux\u00a0? Gr\u00e2ce \u00e0 la technique du legs en duo, vous laissez autant (sinon plus) \u00e0 vos proches et vous participez \u00e0 l&#8217;accueil des malades. La base juridique du legs en duo trouve son origine dans l&#8217;article 64, alin\u00e9a 2 du code des droits de succession. Il y est stipul\u00e9 que la personne X (par exemple votre ni\u00e8ce Mathilde) re\u00e7oit un legs libre de tout droit de succession, pour autant que la personne Y (par exemple l&#8217;Hospitalit\u00e9 de Banneux) prenne le paiement des droits de succession de X \u00e0 sa charge. L&#8217;Hospitalit\u00e9 de Banneux Notre-Dame vit uniquement des dons et des diff\u00e9rentes formules notari\u00e9es pr\u00e9vues par le l\u00e9gislateur.\u00a0Les rentr\u00e9es [&hellip;]","og_url":"https:\/\/banneux-nd.be\/it\/legs-en-duo\/","og_site_name":"Banneux Notre-Dame","article_publisher":"https:\/\/www.facebook.com\/NDBanneux\/","article_modified_time":"2018-08-19T16:32:05+00:00","og_image":[{"url":"https:\/\/banneux-nd.be\/wp-content\/uploads\/2018\/08\/2016-11-06-Fin-Ann\u00e9e-Sainte-Banneux-96.jpg","type":"","width":"","height":""}],"twitter_card":"summary_large_image","twitter_misc":{"Tempo di lettura stimato":"1 minuto"},"schema":{"@context":"https:\/\/schema.org","@graph":[{"@type":"WebPage","@id":"https:\/\/banneux-nd.be\/it\/legs-en-duo\/","url":"https:\/\/banneux-nd.be\/it\/legs-en-duo\/","name":"Legs en duo - Banneux Notre-Dame","isPartOf":{"@id":"https:\/\/banneux-nd.be\/it\/#website"},"datePublished":"2018-08-19T16:14:36+00:00","dateModified":"2018-08-19T16:32:05+00:00","breadcrumb":{"@id":"https:\/\/banneux-nd.be\/it\/legs-en-duo\/#breadcrumb"},"inLanguage":"it-IT","potentialAction":[{"@type":"ReadAction","target":["https:\/\/banneux-nd.be\/it\/legs-en-duo\/"]}]},{"@type":"BreadcrumbList","@id":"https:\/\/banneux-nd.be\/it\/legs-en-duo\/#breadcrumb","itemListElement":[{"@type":"ListItem","position":1,"name":"Accueil","item":"https:\/\/banneux-nd.be\/it\/"},{"@type":"ListItem","position":2,"name":"Legs en duo"}]},{"@type":"WebSite","@id":"https:\/\/banneux-nd.be\/it\/#website","url":"https:\/\/banneux-nd.be\/it\/","name":"Banneux Notre-Dame","description":"Sanctuaire de la Vierge des Pauvres (Belgique)","potentialAction":[{"@type":"SearchAction","target":{"@type":"EntryPoint","urlTemplate":"https:\/\/banneux-nd.be\/it\/?s={search_term_string}"},"query-input":{"@type":"PropertyValueSpecification","valueRequired":true,"valueName":"search_term_string"}}],"inLanguage":"it-IT"}]}},"coauthors":[],"author_meta":{"author_link":"https:\/\/banneux-nd.be\/it\/author\/dreusdeille\/","display_name":"Anne-Elisabeth N\u00e8ve"},"relative_dates":{"created":"Pubblicato 8 anni fa","modified":"Aggiornato 8 anni fa"},"absolute_dates":{"created":"Pubblicato il 19 Agosto 2018","modified":"Aggiornato il 19 Agosto 2018"},"absolute_dates_time":{"created":"Pubblicato il 19 Agosto 2018 18:14","modified":"Aggiornato il 19 Agosto 2018 18:32"},"featured_img_caption":"","featured_img":false,"series_order":"","jetpack_sharing_enabled":true,"_links":{"self":[{"href":"https:\/\/banneux-nd.be\/it\/wp-json\/wp\/v2\/pages\/10354","targetHints":{"allow":["GET"]}}],"collection":[{"href":"https:\/\/banneux-nd.be\/it\/wp-json\/wp\/v2\/pages"}],"about":[{"href":"https:\/\/banneux-nd.be\/it\/wp-json\/wp\/v2\/types\/page"}],"author":[{"embeddable":true,"href":"https:\/\/banneux-nd.be\/it\/wp-json\/wp\/v2\/users\/4"}],"replies":[{"embeddable":true,"href":"https:\/\/banneux-nd.be\/it\/wp-json\/wp\/v2\/comments?post=10354"}],"version-history":[{"count":6,"href":"https:\/\/banneux-nd.be\/it\/wp-json\/wp\/v2\/pages\/10354\/revisions"}],"predecessor-version":[{"id":10363,"href":"https:\/\/banneux-nd.be\/it\/wp-json\/wp\/v2\/pages\/10354\/revisions\/10363"}],"wp:attachment":[{"href":"https:\/\/banneux-nd.be\/it\/wp-json\/wp\/v2\/media?parent=10354"}],"curies":[{"name":"wp","href":"https:\/\/api.w.org\/{rel}","templated":true}]}}