{"id":17737,"date":"2020-06-13T00:03:38","date_gmt":"2020-06-12T22:03:38","guid":{"rendered":"https:\/\/banneux-nd.be\/dons-en-ligne\/"},"modified":"2023-06-14T11:22:33","modified_gmt":"2023-06-14T09:22:33","slug":"dons-en-ligne","status":"publish","type":"page","link":"https:\/\/banneux-nd.be\/it\/dons-en-ligne\/","title":{"rendered":"Donazioni e offerte online"},"content":{"rendered":"\n<div class=\"wpcf7 no-js\" id=\"wpcf7-f17711-o1\" lang=\"fr-FR\" dir=\"ltr\" data-wpcf7-id=\"17711\">\n<div class=\"screen-reader-response\"><p role=\"status\" aria-live=\"polite\" aria-atomic=\"true\"><\/p> <ul><\/ul><\/div>\n<form action=\"\/it\/wp-json\/wp\/v2\/pages\/17737#wpcf7-f17711-o1\" method=\"post\" class=\"wpcf7-form init\" aria-label=\"Formulaire de contact\" novalidate=\"novalidate\" data-status=\"init\">\n<div style=\"display: none;\">\n<input type=\"hidden\" name=\"_wpcf7\" value=\"17711\" \/>\n<input type=\"hidden\" name=\"_wpcf7_version\" value=\"6.0.6\" \/>\n<input type=\"hidden\" name=\"_wpcf7_locale\" value=\"fr_FR\" \/>\n<input type=\"hidden\" name=\"_wpcf7_unit_tag\" value=\"wpcf7-f17711-o1\" \/>\n<input type=\"hidden\" name=\"_wpcf7_container_post\" value=\"0\" \/>\n<input type=\"hidden\" name=\"_wpcf7_posted_data_hash\" value=\"\" \/>\n<\/div>\n<p><b>Le tue informazioni di contatto<\/b> (obbligatorio per i punti 1-2-3 e 5)\n<\/p>\n<p><label> Il tuo nome <span style=\"color:red;\">(obbligatorio)<\/span><br \/>\n<span class=\"wpcf7-form-control-wrap\" data-name=\"nom-donateur\"><input size=\"40\" maxlength=\"400\" class=\"wpcf7-form-control wpcf7-text wpcf7-validates-as-required\" id=\"m_nom\" aria-required=\"true\" aria-invalid=\"false\" value=\"\" type=\"text\" name=\"nom-donateur\" \/><\/span> <\/label>\n<\/p>\n<p><label> Il tuo cognome <span style=\"color:red;\">(obbligatorio)<br \/>\n<span class=\"wpcf7-form-control-wrap\" data-name=\"prenom-donateur\"><input size=\"40\" maxlength=\"400\" class=\"wpcf7-form-control wpcf7-text wpcf7-validates-as-required\" aria-required=\"true\" aria-invalid=\"false\" value=\"\" type=\"text\" name=\"prenom-donateur\" \/><\/span> <\/span><\/label>\n<\/p>\n<p><label> Il tuo indirizzo<br \/>\n<span class=\"wpcf7-form-control-wrap\" data-name=\"adresse-donateur\"><input size=\"40\" maxlength=\"400\" class=\"wpcf7-form-control wpcf7-text\" aria-invalid=\"false\" value=\"\" type=\"text\" name=\"adresse-donateur\" \/><\/span> <\/label>\n<\/p>\n<p><label> Il tuo indirizzo e-mail <span style=\"color:red;\">(obbligatorio)<br \/>\n<span class=\"wpcf7-form-control-wrap\" data-name=\"email-donateur\"><input size=\"40\" maxlength=\"400\" class=\"wpcf7-form-control wpcf7-email wpcf7-validates-as-required wpcf7-text wpcf7-validates-as-email\" aria-required=\"true\" aria-invalid=\"false\" value=\"\" type=\"email\" name=\"email-donateur\" \/><\/span> <\/span><\/label>\n<\/p>\n<p><label> Il tuo telefono<br \/>\n<span class=\"wpcf7-form-control-wrap\" data-name=\"telephone-donateur\"><input size=\"40\" maxlength=\"400\" class=\"wpcf7-form-control wpcf7-text\" aria-invalid=\"false\" value=\"\" type=\"text\" name=\"telephone-donateur\" \/><\/span> <\/label>\n<\/p>\n<p><label> Il tuo numero nazionale o no. aziendale <span style=\"color:orange;\">(obbligatorio per l'esenzione fiscale in Belgio):<\/span><br \/>\n<span class=\"wpcf7-form-control-wrap\" data-name=\"NN-donateur\"><input size=\"40\" maxlength=\"400\" class=\"wpcf7-form-control wpcf7-text\" aria-invalid=\"false\" value=\"\" type=\"text\" name=\"NN-donateur\" \/><\/span> <\/label>\n<\/p>\n<p><b>Per<\/b>\n<\/p>\n<table>\n\t<tr>\n\t\t<th>\n\t\t\t<p><label>Tipo di dono<\/label>\n\t\t\t<\/p>\n\t\t<\/th>\n\t\t<th>\n\t\t\t<p><label>Intenzione \/ dettaglio ex-voto, ...<\/label>\n\t\t\t<\/p>\n\t\t<\/th>\n\t\t<th>\n\t\t\t<p><label>Importo<\/label>\n\t\t\t<\/p>\n\t\t<\/th>\n\t<\/tr>\n\t<tr>\n\t\t<td>\n\t\t\t<p>&#x25CF; 01. Dono al'Ospitalit\u00e0<br \/>\n(esenzione fiscale in Belgio da 40\u20ac)<br \/>\n<!--<label><span style=\"margin-left:25px\"><\/span><\/label>-->\n\t\t\t<\/p>\n\t\t<\/td>\n\t\t<td>\n\t\t<\/td>\n\t\t<td>\n\t\t\t<p><label><span class=\"wpcf7-form-control-wrap mt-hospit\"><input class=\"wpcf7-form-control wpcf7-numberstepfloat wpcf7-validates-as-number-decimal\" id=\"m_mt_hospit\" min=\"0\" max=\"100000\" aria-invalid=\"false\" value=\"\" type=\"text\" name=\"mt-hospit\" \/><\/span><\/label>\n\t\t\t<\/p>\n\t\t<\/td>\n\t<\/tr>\n\t<tr>\n\t\t<td>\n\t\t\t<p>&#x25CF; 02. Dono al Santuario\n\t\t\t<\/p>\n\t\t<\/td>\n\t\t<td>\n\t\t<\/td>\n\t\t<td>\n\t\t\t<p><label><span class=\"wpcf7-form-control-wrap mt-sanctuaire\"><input class=\"wpcf7-form-control wpcf7-numberstepfloat wpcf7-validates-as-number-decimal\" id=\"m_mt_sanctuaire\" min=\"0\" max=\"100000\" aria-invalid=\"false\" value=\"\" type=\"text\" name=\"mt-sanctuaire\" \/><\/span><\/label>\n\t\t\t<\/p>\n\t\t<\/td>\n\t<\/tr>\n\t<tr>\n\t\t<td>\n\t\t\t<p>&#x25CF; 03. Dono per una statua<br \/>\n(il tuo dono ci aiuta a mandare statue nel mondo intero alle comunit\u00e0 cristiane che ne chiedono)\n\t\t\t<\/p>\n\t\t<\/td>\n\t\t<td>\n\t\t<\/td>\n\t\t<td>\n\t\t\t<p><label><span class=\"wpcf7-form-control-wrap mt-statue\"><input class=\"wpcf7-form-control wpcf7-numberstepfloat wpcf7-validates-as-number-decimal\" id=\"m_mt_statue\" min=\"0\" max=\"100000\" aria-invalid=\"false\" value=\"\" type=\"text\" name=\"mt-statue\" \/><\/span><\/label>\n\t\t\t<\/p>\n\t\t<\/td>\n\t<\/tr>\n\t<tr>\n\t\t<td>\n\t\t\t<p>&#x25CF; 04. Accendere una candela (1\u20ac\/pezzo)\n\t\t\t<\/p>\n\t\t<\/td>\n\t\t<td>\n\t\t<\/td>\n\t\t<td>\n\t\t\t<p><label><span class=\"wpcf7-form-control-wrap mt-bougie\"><input class=\"wpcf7-form-control wpcf7-numberstepfloat wpcf7-validates-as-number-decimal\" id=\"m_mt_bougie\" min=\"0\" max=\"100000\" aria-invalid=\"false\" value=\"\" type=\"text\" name=\"mt-bougie\" \/><\/span><\/label>\n\t\t\t<\/p>\n\t\t<\/td>\n\t<\/tr>\n\t<tr>\n\t\t<td>\n\t\t\t<p>&#x25CF; 05. Calendario + costi di spedizione (7,50\u20ac)\n\t\t\t<\/p>\n\t\t<\/td>\n\t\t<td>\n\t\t<\/td>\n\t\t<td>\n\t\t\t<p><label><span class=\"wpcf7-form-control-wrap mt-calendrier\"><input class=\"wpcf7-form-control wpcf7-numberstepfloat wpcf7-validates-as-number-decimal\" id=\"m_mt_calendrier\" min=\"0\" max=\"100000\" aria-invalid=\"false\" value=\"\" type=\"text\" name=\"mt-calendrier\" \/><\/span><\/label>\n\t\t\t<\/p>\n\t\t<\/td>\n\t<\/tr>\n\t<tr>\n\t\t<td>\n\t\t\t<p>&#x25CF; 06. Messa senza data (7\u20ac)\n\t\t\t<\/p>\n\t\t<\/td>\n\t\t<td>\n\t\t\t<p><label>intenzione<\/label><label><span class=\"wpcf7-form-control-wrap\" data-name=\"intention-messe-sans-date\"><input size=\"40\" maxlength=\"400\" class=\"wpcf7-form-control wpcf7-text\" aria-invalid=\"false\" value=\"\" type=\"text\" name=\"intention-messe-sans-date\" \/><\/span><\/label>\n\t\t\t<\/p>\n\t\t<\/td>\n\t\t<td>\n\t\t\t<p><label>&nbsp; <\/label><label><span class=\"wpcf7-form-control-wrap mt-messe-sans-date\"><input class=\"wpcf7-form-control wpcf7-numberstepfloat wpcf7-validates-as-number-decimal\" id=\"m_mt_messe_sans_date\" min=\"0\" max=\"100000\" aria-invalid=\"false\" value=\"\" type=\"text\" name=\"mt-messe-sans-date\" \/><\/span><\/label>\n\t\t\t<\/p>\n\t\t<\/td>\n\t<\/tr>\n\t<tr>\n\t\t<td>\n\t\t\t<p>&#x25CF; 07. Messa con data (10\u20ac)\n\t\t\t<\/p>\n\t\t<\/td>\n\t\t<td>\n\t\t\t<p><label>intenzione<\/label><label><span class=\"wpcf7-form-control-wrap\" data-name=\"intention-messe-avec-date\"><input size=\"40\" maxlength=\"400\" class=\"wpcf7-form-control wpcf7-text\" aria-invalid=\"false\" value=\"\" type=\"text\" name=\"intention-messe-avec-date\" \/><\/span><\/label>\n\t\t\t<\/p>\n\t\t<\/td>\n\t\t<td>\n\t\t\t<p><label>&nbsp; <\/label><label><span class=\"wpcf7-form-control-wrap mt-messe-avec-date\"><input class=\"wpcf7-form-control wpcf7-numberstepfloat wpcf7-validates-as-number-decimal\" id=\"m_mt_messe_avec_date\" min=\"0\" max=\"100000\" aria-invalid=\"false\" value=\"\" type=\"text\" name=\"mt-messe-avec-date\" \/><\/span><\/label>\n\t\t\t<\/p>\n\t\t<\/td>\n\t<\/tr>\n\t<tr>\n\t\t<td>\n\t\t\t<p>&#x25CF; 08. Novena di messe (75\u20ac)\n\t\t\t<\/p>\n\t\t<\/td>\n\t\t<td>\n\t\t\t<p><label>intenzione<\/label><label><span class=\"wpcf7-form-control-wrap\" data-name=\"intention-neuvaine\"><input size=\"40\" maxlength=\"400\" class=\"wpcf7-form-control wpcf7-text\" aria-invalid=\"false\" value=\"\" type=\"text\" name=\"intention-neuvaine\" \/><\/span><\/label>\n\t\t\t<\/p>\n\t\t<\/td>\n\t\t<td>\n\t\t\t<p><label>&nbsp; <\/label><label><span class=\"wpcf7-form-control-wrap mt-neuvaine\"><input class=\"wpcf7-form-control wpcf7-numberstepfloat wpcf7-validates-as-number-decimal\" id=\"m_mt_neuvaine\" min=\"0\" max=\"100000\" aria-invalid=\"false\" value=\"\" type=\"text\" name=\"mt-neuvaine\" \/><\/span><\/label>\n\t\t\t<\/p>\n\t\t<\/td>\n\t<\/tr>\n\t<tr>\n\t\t<td>\n\t\t\t<p>&#x25CF; 09. Trenta messe (250\u20ac)\n\t\t\t<\/p>\n\t\t<\/td>\n\t\t<td>\n\t\t\t<p><label>intenzione<\/label><label><span class=\"wpcf7-form-control-wrap\" data-name=\"intention-trentain\"><input size=\"40\" maxlength=\"400\" class=\"wpcf7-form-control wpcf7-text\" aria-invalid=\"false\" value=\"\" type=\"text\" name=\"intention-trentain\" \/><\/span><\/label>\n\t\t\t<\/p>\n\t\t<\/td>\n\t\t<td>\n\t\t\t<p><label>&nbsp; <\/label><label><span class=\"wpcf7-form-control-wrap mt-trentain\"><input class=\"wpcf7-form-control wpcf7-numberstepfloat wpcf7-validates-as-number-decimal\" id=\"m_mt_trentain\" min=\"0\" max=\"100000\" aria-invalid=\"false\" value=\"\" type=\"text\" name=\"mt-trentain\" \/><\/span><\/label>\n\t\t\t<\/p>\n\t\t<\/td>\n\t<\/tr>\n\t<tr>\n\t\t<td>\n\t\t\t<p><label>&#x25CF; 10. Abbonamento alla rivista<\/label>\n\t\t\t<\/p>\n\t\t<\/td>\n\t\t<td>\n\t\t<\/td>\n\t\t<td>\n\t\t<\/td>\n\t<\/tr>\n\t<tr>\n\t\t<td>\n\t\t\t<p><span style=\"margin-left:35px\">FR Belgio: 20\u20ac, fuori Belgio: 22\u20ac<\/span>\n\t\t\t<\/p>\n\t\t<\/td>\n\t\t<td>\n\t\t<\/td>\n\t\t<td>\n\t\t\t<p><label><span class=\"wpcf7-form-control-wrap mt-revue-fr\"><input class=\"wpcf7-form-control wpcf7-numberstepfloat wpcf7-validates-as-number-decimal\" id=\"m_mt_revue_fr\" min=\"0\" max=\"100000\" aria-invalid=\"false\" value=\"\" type=\"text\" name=\"mt-revue-fr\" \/><\/span><\/label>\n\t\t\t<\/p>\n\t\t<\/td>\n\t<\/tr>\n\t<tr>\n\t\t<td>\n\t\t\t<p><span style=\"margin-left:35px\">DE 20\u20ac<\/span>\n\t\t\t<\/p>\n\t\t<\/td>\n\t\t<td>\n\t\t<\/td>\n\t\t<td>\n\t\t\t<p><label><span class=\"wpcf7-form-control-wrap mt-revue-de\"><input class=\"wpcf7-form-control wpcf7-numberstepfloat wpcf7-validates-as-number-decimal\" id=\"m_mt_revue_de\" min=\"0\" max=\"100000\" aria-invalid=\"false\" value=\"\" type=\"text\" name=\"mt-revue-de\" \/><\/span><\/label>\n\t\t\t<\/p>\n\t\t<\/td>\n\t<\/tr>\n\t<tr>\n\t\t<td>\n\t\t\t<p>&#x25CF; 11. Ex-voto (40\u20ac)<br \/>\ntesto (max 5 parole + data o anno + nome o iniziali)\n\t\t\t<\/p>\n\t\t<\/td>\n\t\t<td>\n\t\t\t<p><label><span class=\"wpcf7-form-control-wrap\" data-name=\"infos-exvoto\"><input size=\"40\" maxlength=\"400\" class=\"wpcf7-form-control wpcf7-text\" aria-invalid=\"false\" value=\"\" type=\"text\" name=\"infos-exvoto\" \/><\/span><\/label>\n\t\t\t<\/p>\n\t\t<\/td>\n\t\t<td>\n\t\t\t<p><label><span class=\"wpcf7-form-control-wrap mt-exvoto\"><input class=\"wpcf7-form-control wpcf7-numberstepfloat wpcf7-validates-as-number-decimal\" id=\"m_mt_exvoto\" min=\"0\" max=\"100000\" aria-invalid=\"false\" value=\"\" type=\"text\" name=\"mt-exvoto\" \/><\/span><\/label>\n\t\t\t<\/p>\n\t\t<\/td>\n\t<\/tr>\n\t<tr>\n\t\t<td>\n\t\t\t<p>&#x25CF; 12. Altro\n\t\t\t<\/p>\n\t\t<\/td>\n\t\t<td>\n\t\t\t<p><label><span class=\"wpcf7-form-control-wrap\" data-name=\"info-don-autres\"><input size=\"40\" maxlength=\"400\" class=\"wpcf7-form-control wpcf7-text\" aria-invalid=\"false\" value=\"\" type=\"text\" name=\"info-don-autres\" \/><\/span><\/label>\n\t\t\t<\/p>\n\t\t<\/td>\n\t\t<td>\n\t\t\t<p><label><span class=\"wpcf7-form-control-wrap mt-don-autre\"><input class=\"wpcf7-form-control wpcf7-numberstepfloat wpcf7-validates-as-number-decimal\" id=\"m_mt_don_autre\" min=\"0\" max=\"100000\" aria-invalid=\"false\" value=\"\" type=\"text\" name=\"mt-don-autre\" \/><\/span><\/label>\n\t\t\t<\/p>\n\t\t<\/td>\n\t<\/tr>\n<\/table>\n<tr>\n<label> <span style=\"width:100%\" style=\"height:50px\">Nota<br \/>\n<span class=\"wpcf7-form-control-wrap\" data-name=\"remarque-donateur\"><textarea cols=\"40\" rows=\"10\" maxlength=\"2000\" class=\"wpcf7-form-control wpcf7-textarea\" aria-invalid=\"false\" name=\"remarque-donateur\"><\/textarea><\/span> <\/span><\/label>\n<\/tr>\n<p><label> La tua referenza<br \/>\n<span class=\"wpcf7-form-control-wrap\" data-name=\"ORDERID\"><input size=\"40\" maxlength=\"400\" class=\"wpcf7-form-control wpcf7-text\" id=\"m_orderid\" aria-invalid=\"false\" value=\"\" type=\"text\" name=\"ORDERID\" \/><\/span> <\/label>\n<\/p>\n<p><label> Importo<br \/>\n<span class=\"wpcf7-form-control-wrap montant\"><input class=\"wpcf7-form-control wpcf7-numberstepfloat wpcf7-validates-as-number-decimal\" id=\"m_montant_tot\" min=\"0\" max=\"100000\" readonly=\"readonly\" aria-invalid=\"false\" value=\"\" type=\"text\" name=\"montant\" \/><\/span> <\/label>\n<\/p>\n<p><span class=\"wpcf7-form-control-wrap\" data-name=\"verifok\"><span class=\"wpcf7-form-control wpcf7-acceptance\"><span class=\"wpcf7-list-item\"><label><input type=\"checkbox\" name=\"verifok\" value=\"1\" aria-invalid=\"false\" \/><span class=\"wpcf7-list-item-label\">Ho verificato che le informazioni obbligatorie siano compilate correttamente<\/span><\/label><\/span><\/span><\/span>\n<\/p>\n<input class=\"wpcf7-form-control wpcf7-hidden\" value=\"SanctuaireBNDR\" type=\"hidden\" name=\"PSPID\" \/>\n<input class=\"wpcf7-form-control wpcf7-hidden\" value=\"\" type=\"hidden\" name=\"AMOUNT\" \/>\n<input class=\"wpcf7-form-control wpcf7-hidden\" value=\"EUR\" type=\"hidden\" name=\"CURRENCY\" \/>\n<input class=\"wpcf7-form-control wpcf7-hidden\" value=\"it\" type=\"hidden\" name=\"LANGUAGE\" \/>\n<input class=\"wpcf7-form-control wpcf7-hidden\" value=\"\" type=\"hidden\" name=\"SHASIGN\" \/>\n<p><input class=\"wpcf7-form-control wpcf7-submit has-spinner\" type=\"submit\" value=\"Inviare\" \/>\n<\/p>\n<p>Inviare = transmissione delle informazioni verso la pagina \"Pagamento\"<br \/>\nIn caso di problemi, prendere contatto via economat@banneux-nd.be o il numero +32 (0)4 360 02 22\n<\/p><p style=\"display: none !important;\" class=\"akismet-fields-container\" data-prefix=\"_wpcf7_ak_\"><label>&#916;<textarea name=\"_wpcf7_ak_hp_textarea\" cols=\"45\" rows=\"8\" maxlength=\"100\"><\/textarea><\/label><input type=\"hidden\" id=\"ak_js_1\" name=\"_wpcf7_ak_js\" value=\"95\"\/><script>document.getElementById( \"ak_js_1\" ).setAttribute( \"value\", ( new Date() ).getTime() );<\/script><\/p><div class=\"wpcf7-response-output\" aria-hidden=\"true\"><\/div>\n<\/form>\n<\/div>\n\n\r\n\r\n\r\n<script>\r\ndocument.addEventListener( 'wpcf7mailsent', function( event ) {\r\n    location = 'https:\/\/banneux-nd.be\/paypage.html';\r\n}, false );\r\nvar d = new Date();\r\n\/\/d = Date().now;\r\n  var order = (d.getFullYear()).toString().concat((\"0\"+(d.getMonth()).toString()).slice(-2),(\"0\"+(d.getDate()).toString()).slice(-2),(d.getHours()).toString(),(\"0\"+(d.getMinutes()).toString()).slice(-2),(d.getMilliseconds().toString()));\r\njQuery(document).ready(function(){\r\n\/* !!!!! attention !!!!!!!\r\nIl ne faut surtout pas initialiser les variables de mani\u00e8re num\u00e9rique pour des variables destin\u00e9es \u00e0 \u00eatre remplies par un formulaire \u00e0 l'\u00e9cran sinon la variable est du type number apr\u00e8s initialisation mais devient string apr\u00e8s avoir tap\u00e9 quelque chose dans la zone \u00e0 l'\u00e9cran et il est difficile de totaliser des variables de types diff\u00e9rents.\r\nEn les gardant toutes en string, il suffit de totaliser les valeurs de Number(nom-variables)\r\n---> SURTOUT PAS : var m_mt_hospit = 0.0 ...  ;  var m_montant_tot = 0.0; *\/\r\nvar m_mt_hospit = \"0.0\"; var m_mt_sanctuaire = \"0.0\"; var m_mt_statue = \"0.0\";\r\nvar m_mt_bougie = \"0.0\"; var m_mt_calendrier = \"0.0\"; m_mt_messe_sans_date = \"0.0\";\r\nvar m_mt_messe_avec_date = \"0.0\"; var m_mt_neuvaine = \"0.0\"; var m_mt_trentain = \"0.0\";\r\nvar m_mt_revue_fr = \"0.0\"; var m_mt_revue_nl = \"0.0\"; var m_mt_revue_de = \"0.0\";\r\nvar m_mt_exvoto = \"0.0\"; var m_mt_don_autre = \"0.0\";\r\nvar m_montant_tot = \"0.0\";\r\nfunction myTotal() {\r\n  return (Number(m_mt_hospit.replace(',', '.')) + Number(m_mt_sanctuaire.replace(',', '.')) + Number(m_mt_statue.replace(',', '.')) + Number(m_mt_bougie.replace(',', '.')) + Number(m_mt_calendrier.replace(',', '.')) + Number(m_mt_messe_sans_date.replace(',', '.')) + Number(m_mt_messe_avec_date.replace(',', '.')) + Number(m_mt_neuvaine.replace(',', '.')) + Number(m_mt_trentain.replace(',', '.')) + Number(m_mt_revue_fr.replace(',', '.')) + Number(m_mt_revue_nl.replace(',', '.')) + Number(m_mt_revue_de.replace(',', '.')) + Number(m_mt_exvoto.replace(',', '.')) + Number(m_mt_don_autre.replace(',', '.')))\r\n}\r\n\r\njQuery(\"#m_nom\").focus(function() {\r\n  jQuery(\"#m_orderid\").val(order);\r\n});\r\n\r\njQuery(\"#m_mt_hospit\").on(\"change\", function() {\r\n m_mt_hospit= this.value ;\r\n\/\/ alert(\"mt_hospit \".concat(m_mt_hospit));\r\nm_montant_tot= myTotal();\r\njQuery(\"#m_montant_tot\").val(m_montant_tot.toFixed(2));\r\n}); \r\njQuery(\"#m_mt_sanctuaire\").on(\"change\", function() {\r\n m_mt_sanctuaire= this.value ;\r\n m_montant_tot= myTotal();\r\njQuery(\"#m_montant_tot\").val(m_montant_tot.toFixed(2));\r\n}); \r\njQuery(\"#m_mt_statue\").on(\"change\", function() {\r\n m_mt_statue= this.value ;\r\n m_montant_tot= myTotal();\r\njQuery(\"#m_montant_tot\").val(m_montant_tot.toFixed(2));\r\n}); \r\njQuery(\"#m_mt_bougie\").on(\"change\", function() {\r\n m_mt_bougie= this.value ;\r\n m_montant_tot= myTotal();\r\njQuery(\"#m_montant_tot\").val(m_montant_tot.toFixed(2));\r\n}); \r\njQuery(\"#m_mt_calendrier\").on(\"change\", function() {\r\n m_mt_calendrier= this.value ;\r\n m_montant_tot= myTotal();\r\njQuery(\"#m_montant_tot\").val(m_montant_tot.toFixed(2));\r\n}); \r\njQuery(\"#m_mt_messe_sans_date\").on(\"change\", function() {\r\n m_mt_messe_sans_date= this.value ;\r\n m_montant_tot= myTotal();\r\njQuery(\"#m_montant_tot\").val(m_montant_tot.toFixed(2));\r\n}); \r\njQuery(\"#m_mt_messe_avec_date\").on(\"change\", function() {\r\n m_mt_messe_avec_date= this.value ;\r\n m_montant_tot= myTotal();\r\njQuery(\"#m_montant_tot\").val(m_montant_tot.toFixed(2));\r\n});  \r\njQuery(\"#m_mt_neuvaine\").on(\"change\", function() {\r\n m_mt_neuvaine= this.value ;\r\n m_montant_tot= myTotal();\r\njQuery(\"#m_montant_tot\").val(m_montant_tot.toFixed(2));\r\n});  \r\njQuery(\"#m_mt_trentain\").on(\"change\", function() {\r\n m_mt_trentain= this.value ;\r\n m_montant_tot= myTotal();\r\njQuery(\"#m_montant_tot\").val(m_montant_tot.toFixed(2));\r\n});  \r\njQuery(\"#m_mt_revue_fr\").on(\"change\", function() {\r\n m_mt_revue_fr= this.value ;\r\n m_montant_tot= myTotal();\r\njQuery(\"#m_montant_tot\").val(m_montant_tot.toFixed(2));\r\n});  \r\njQuery(\"#m_mt_revue_nl\").on(\"change\", function() {\r\n m_mt_revue_nl = this.value ;\r\n m_montant_tot= myTotal();\r\njQuery(\"#m_montant_tot\").val(m_montant_tot.toFixed(2));\r\n});  \r\njQuery(\"#m_mt_revue_de\").on(\"change\", function() {\r\n m_mt_revue_de= this.value ;\r\n m_montant_tot= myTotal();\r\njQuery(\"#m_montant_tot\").val(m_montant_tot.toFixed(2));\r\n});  \r\njQuery(\"#m_mt_exvoto\").on(\"change\", function() {\r\n m_mt_exvoto= this.value ;\r\n m_montant_tot= myTotal();\r\njQuery(\"#m_montant_tot\").val(m_montant_tot.toFixed(2));\r\n});  \r\njQuery(\"#m_mt_don_autre\").on(\"change\", function() {\r\n m_mt_don_autre= this.value ;\r\n m_montant_tot= myTotal();\r\njQuery(\"#m_montant_tot\").val(m_montant_tot.toFixed(2));\r\n});  \r\n});\r\n<\/script>\r\n","protected":false},"excerpt":{"rendered":"","protected":false},"author":2,"featured_media":0,"parent":0,"menu_order":0,"comment_status":"closed","ping_status":"closed","template":"page_10.php","meta":{"advgb_blocks_editor_width":"","advgb_blocks_columns_visual_guide":"","jetpack_post_was_ever_published":false,"footnotes":""},"class_list":["post-17737","page","type-page","status-publish","hentry"],"yoast_head":"<!-- This site is optimized with the Yoast SEO plugin v27.4 - https:\/\/yoast.com\/product\/yoast-seo-wordpress\/ -->\n<title>Donazioni e offerte online - Banneux Notre-Dame<\/title>\n<meta name=\"robots\" content=\"noindex, nofollow\" \/>\n<meta property=\"og:locale\" content=\"it_IT\" \/>\n<meta property=\"og:type\" content=\"article\" \/>\n<meta property=\"og:title\" content=\"Donazioni e offerte online - Banneux Notre-Dame\" \/>\n<meta property=\"og:url\" content=\"https:\/\/banneux-nd.be\/it\/dons-en-ligne\/\" \/>\n<meta property=\"og:site_name\" content=\"Banneux Notre-Dame\" \/>\n<meta property=\"article:publisher\" content=\"https:\/\/www.facebook.com\/NDBanneux\/\" \/>\n<meta property=\"article:modified_time\" content=\"2023-06-14T09:22:33+00:00\" \/>\n<meta name=\"twitter:card\" content=\"summary_large_image\" \/>\n<meta name=\"twitter:label1\" content=\"Tempo di lettura stimato\" \/>\n\t<meta name=\"twitter:data1\" content=\"2 minuti\" \/>\n<script type=\"application\/ld+json\" class=\"yoast-schema-graph\">{\"@context\":\"https:\\\/\\\/schema.org\",\"@graph\":[{\"@type\":\"WebPage\",\"@id\":\"https:\\\/\\\/banneux-nd.be\\\/it\\\/dons-en-ligne\\\/\",\"url\":\"https:\\\/\\\/banneux-nd.be\\\/it\\\/dons-en-ligne\\\/\",\"name\":\"Donazioni e offerte online - Banneux Notre-Dame\",\"isPartOf\":{\"@id\":\"https:\\\/\\\/banneux-nd.be\\\/it\\\/#website\"},\"datePublished\":\"2020-06-12T22:03:38+00:00\",\"dateModified\":\"2023-06-14T09:22:33+00:00\",\"breadcrumb\":{\"@id\":\"https:\\\/\\\/banneux-nd.be\\\/it\\\/dons-en-ligne\\\/#breadcrumb\"},\"inLanguage\":\"it-IT\",\"potentialAction\":[{\"@type\":\"ReadAction\",\"target\":[\"https:\\\/\\\/banneux-nd.be\\\/it\\\/dons-en-ligne\\\/\"]}]},{\"@type\":\"BreadcrumbList\",\"@id\":\"https:\\\/\\\/banneux-nd.be\\\/it\\\/dons-en-ligne\\\/#breadcrumb\",\"itemListElement\":[{\"@type\":\"ListItem\",\"position\":1,\"name\":\"Accueil\",\"item\":\"https:\\\/\\\/banneux-nd.be\\\/it\\\/\"},{\"@type\":\"ListItem\",\"position\":2,\"name\":\"Donazioni e offerte online\"}]},{\"@type\":\"WebSite\",\"@id\":\"https:\\\/\\\/banneux-nd.be\\\/it\\\/#website\",\"url\":\"https:\\\/\\\/banneux-nd.be\\\/it\\\/\",\"name\":\"Banneux Notre-Dame\",\"description\":\"Sanctuaire de la Vierge des Pauvres (Belgique)\",\"potentialAction\":[{\"@type\":\"SearchAction\",\"target\":{\"@type\":\"EntryPoint\",\"urlTemplate\":\"https:\\\/\\\/banneux-nd.be\\\/it\\\/?s={search_term_string}\"},\"query-input\":{\"@type\":\"PropertyValueSpecification\",\"valueRequired\":true,\"valueName\":\"search_term_string\"}}],\"inLanguage\":\"it-IT\"}]}<\/script>\n<!-- \/ Yoast SEO plugin. -->","yoast_head_json":{"title":"Donazioni e offerte online - Banneux Notre-Dame","robots":{"index":"noindex","follow":"nofollow"},"og_locale":"it_IT","og_type":"article","og_title":"Donazioni e offerte online - Banneux Notre-Dame","og_url":"https:\/\/banneux-nd.be\/it\/dons-en-ligne\/","og_site_name":"Banneux Notre-Dame","article_publisher":"https:\/\/www.facebook.com\/NDBanneux\/","article_modified_time":"2023-06-14T09:22:33+00:00","twitter_card":"summary_large_image","twitter_misc":{"Tempo di lettura stimato":"2 minuti"},"schema":{"@context":"https:\/\/schema.org","@graph":[{"@type":"WebPage","@id":"https:\/\/banneux-nd.be\/it\/dons-en-ligne\/","url":"https:\/\/banneux-nd.be\/it\/dons-en-ligne\/","name":"Donazioni e offerte online - Banneux Notre-Dame","isPartOf":{"@id":"https:\/\/banneux-nd.be\/it\/#website"},"datePublished":"2020-06-12T22:03:38+00:00","dateModified":"2023-06-14T09:22:33+00:00","breadcrumb":{"@id":"https:\/\/banneux-nd.be\/it\/dons-en-ligne\/#breadcrumb"},"inLanguage":"it-IT","potentialAction":[{"@type":"ReadAction","target":["https:\/\/banneux-nd.be\/it\/dons-en-ligne\/"]}]},{"@type":"BreadcrumbList","@id":"https:\/\/banneux-nd.be\/it\/dons-en-ligne\/#breadcrumb","itemListElement":[{"@type":"ListItem","position":1,"name":"Accueil","item":"https:\/\/banneux-nd.be\/it\/"},{"@type":"ListItem","position":2,"name":"Donazioni e offerte online"}]},{"@type":"WebSite","@id":"https:\/\/banneux-nd.be\/it\/#website","url":"https:\/\/banneux-nd.be\/it\/","name":"Banneux Notre-Dame","description":"Sanctuaire de la Vierge des Pauvres (Belgique)","potentialAction":[{"@type":"SearchAction","target":{"@type":"EntryPoint","urlTemplate":"https:\/\/banneux-nd.be\/it\/?s={search_term_string}"},"query-input":{"@type":"PropertyValueSpecification","valueRequired":true,"valueName":"search_term_string"}}],"inLanguage":"it-IT"}]}},"coauthors":[],"author_meta":{"author_link":"https:\/\/banneux-nd.be\/it\/author\/adminfr\/","display_name":"adminFR"},"relative_dates":{"created":"Pubblicato 6 anni fa","modified":"Aggiornato 3 anni fa"},"absolute_dates":{"created":"Pubblicato il 13 Giugno 2020","modified":"Aggiornato il 14 Giugno 2023"},"absolute_dates_time":{"created":"Pubblicato il 13 Giugno 2020 0:03","modified":"Aggiornato il 14 Giugno 2023 11:22"},"featured_img_caption":"","featured_img":false,"series_order":"","jetpack_sharing_enabled":true,"_links":{"self":[{"href":"https:\/\/banneux-nd.be\/it\/wp-json\/wp\/v2\/pages\/17737","targetHints":{"allow":["GET"]}}],"collection":[{"href":"https:\/\/banneux-nd.be\/it\/wp-json\/wp\/v2\/pages"}],"about":[{"href":"https:\/\/banneux-nd.be\/it\/wp-json\/wp\/v2\/types\/page"}],"author":[{"embeddable":true,"href":"https:\/\/banneux-nd.be\/it\/wp-json\/wp\/v2\/users\/2"}],"replies":[{"embeddable":true,"href":"https:\/\/banneux-nd.be\/it\/wp-json\/wp\/v2\/comments?post=17737"}],"version-history":[{"count":3,"href":"https:\/\/banneux-nd.be\/it\/wp-json\/wp\/v2\/pages\/17737\/revisions"}],"predecessor-version":[{"id":17738,"href":"https:\/\/banneux-nd.be\/it\/wp-json\/wp\/v2\/pages\/17737\/revisions\/17738"}],"wp:attachment":[{"href":"https:\/\/banneux-nd.be\/it\/wp-json\/wp\/v2\/media?parent=17737"}],"curies":[{"name":"wp","href":"https:\/\/api.w.org\/{rel}","templated":true}]}}