{"id":19536,"date":"2024-12-07T13:47:25","date_gmt":"2024-12-07T12:47:25","guid":{"rendered":"https:\/\/banneux-nd.be\/?page_id=19536"},"modified":"2024-12-07T16:43:11","modified_gmt":"2024-12-07T15:43:11","slug":"che-cose-il-giubileo","status":"publish","type":"page","link":"https:\/\/banneux-nd.be\/it\/che-cose-il-giubileo\/","title":{"rendered":"Che cos&#8217;\u00e8 il Giubileo ?"},"content":{"rendered":"<p style=\"text-align: justify;\"><img fetchpriority=\"high\" decoding=\"async\" class=\"alignleft wp-image-19521\" src=\"https:\/\/banneux-nd.be\/wp-content\/uploads\/2024\/12\/Jubile-2025-IT-724x1024.png\" alt=\"\" width=\"348\" height=\"492\" \/>&#8220;Giubileo&#8221; \u00e8 il nome di un anno particolare: sembra derivare dallo strumento utilizzato per indicarne l\u2019inizio; si tratta dello\u00a0<i>yobel<\/i>, il corno di montone, il cui suono annuncia il Giorno dell\u2019Espiazione (<i>Yom Kippur<\/i>). Questa festa ricorre ogni anno, ma assume un significato particolare quando coincide con l\u2019inizio dell\u2019anno giubilare. Ne ritroviamo una prima idea nella Bibbia: doveva essere convocato ogni 50 anni, poich\u00e9 era l\u2019anno \u2018in pi\u00f9\u2019, da vivere ogni sette settimane di anni (cfr. Lev 25,8-13). Anche se difficile da realizzare, era proposto come l\u2019occasione nella quale ristabilire il corretto rapporto nei confronti di Dio, tra le persone e con la creazione, e comportava la remissione dei debiti, la restituzione dei terreni alienati e il riposo della terra.<\/p>\n<p style=\"text-align: justify;\">Citando il profeta Isaia, il vangelo secondo Luca descrive in questo modo anche la missione di Ges\u00f9: \u00ab<em>Lo Spirito del Signore \u00e8 sopra di me; per questo mi ha consacrato con l\u2019unzione e mi ha mandato a portare ai poveri il lieto annuncio, a proclamare ai prigionieri la liberazione e ai ciechi la vista; a rimettere in libert\u00e0 gli oppressi, a proclamare l\u2019anno di grazia del Signore<\/em>\u00bb (Lc 4,18-19; cfr. Is 61,1-2). Queste parole di Ges\u00f9 sono diventate anche azioni di liberazione e di conversione nella quotidianit\u00e0 dei suoi incontri e delle sue relazioni.<\/p>\n<p style=\"text-align: justify;\">Bonifacio VIII nel 1300 ha indetto il primo Giubileo, chiamato anche \u201c<strong>Anno Santo<\/strong>\u201d, perch\u00e9 \u00e8 un tempo nel quale si sperimenta che la santit\u00e0 di Dio ci trasforma. La cadenza \u00e8 cambiata nel tempo: all\u2019inizio era ogni 100 anni; viene ridotta a 50 anni nel 1343 da Clemente VI e a 25 nel 1470 da Paolo II. Vi sono anche momenti \u2018straordinari\u2019: per esempio, nel 1933 Pio XI ha voluto ricordare l\u2019anniversario della Redenzione e nel 2015 papa Francesco ha indetto l\u2019Anno della Misericordia. Diverso \u00e8 stato anche il modo di celebrare tale anno: all\u2019origine coincideva con la visita alle Basiliche romane di S. Pietro e di S. Paolo, quindi con il pellegrinaggio, successivamente si sono aggiunti altri segni, come quello della Porta Santa. Partecipando all\u2019Anno Santo si vive l\u2019indulgenza plenaria.<\/p>\n<p>&nbsp;<\/p>\n<p>Questo testo \u00e8 pubblicato sul <a href=\"https:\/\/www.iubilaeum2025.va\/it\/giubileo-2025\/segni-del-giubileo.html\" target=\"_blank\" rel=\"noopener\">sito ufficiale del Giubileo 2025<\/a><\/p>\n","protected":false},"excerpt":{"rendered":"<p>&#8220;Giubileo&#8221; \u00e8 il nome di un anno particolare: sembra derivare dallo strumento utilizzato per indicarne l\u2019inizio; si tratta dello\u00a0yobel, il corno di montone, il cui suono annuncia il Giorno dell\u2019Espiazione (Yom Kippur). Questa festa ricorre ogni anno, ma assume un significato particolare quando coincide con l\u2019inizio dell\u2019anno giubilare. Ne ritroviamo una prima idea nella Bibbia: doveva essere convocato ogni 50 anni, poich\u00e9 era l\u2019anno \u2018in pi\u00f9\u2019, da vivere ogni sette settimane di anni (cfr. Lev 25,8-13). Anche se difficile da realizzare, era proposto come l\u2019occasione nella quale ristabilire il corretto rapporto nei confronti di Dio, tra le persone e con la creazione, e comportava la remissione dei debiti, la restituzione dei terreni alienati e il riposo della terra. Citando il [&hellip;]<\/p>\n","protected":false},"author":10,"featured_media":0,"parent":0,"menu_order":0,"comment_status":"closed","ping_status":"closed","template":"","meta":{"advgb_blocks_editor_width":"","advgb_blocks_columns_visual_guide":"","footnotes":""},"class_list":["post-19536","page","type-page","status-publish","hentry"],"yoast_head":"<!-- This site is optimized with the Yoast SEO plugin v27.5 - https:\/\/yoast.com\/product\/yoast-seo-wordpress\/ -->\n<title>Che cos&#039;\u00e8 il Giubileo ? - Banneux Notre-Dame<\/title>\n<meta name=\"description\" content=\"Bonifacio VIII nel 1300 ha indetto il primo Giubileo, chiamato anche \u201cAnno Santo\u201d. Partecipando all\u2019Anno Santo si vive l\u2019indulgenza plenaria.\" \/>\n<meta name=\"robots\" content=\"index, follow, max-snippet:-1, max-image-preview:large, max-video-preview:-1\" \/>\n<link rel=\"canonical\" href=\"https:\/\/banneux-nd.be\/it\/che-cose-il-giubileo\/\" \/>\n<meta property=\"og:locale\" content=\"it_IT\" \/>\n<meta property=\"og:type\" content=\"article\" \/>\n<meta property=\"og:title\" content=\"Che cos&#039;\u00e8 il Giubileo ? - Banneux Notre-Dame\" \/>\n<meta property=\"og:description\" content=\"Bonifacio VIII nel 1300 ha indetto il primo Giubileo, chiamato anche \u201cAnno Santo\u201d. Partecipando all\u2019Anno Santo si vive l\u2019indulgenza plenaria.\" \/>\n<meta property=\"og:url\" content=\"https:\/\/banneux-nd.be\/it\/che-cose-il-giubileo\/\" \/>\n<meta property=\"og:site_name\" content=\"Banneux Notre-Dame\" \/>\n<meta property=\"article:publisher\" content=\"https:\/\/www.facebook.com\/NDBanneux\/\" \/>\n<meta property=\"article:modified_time\" content=\"2024-12-07T15:43:11+00:00\" \/>\n<meta name=\"twitter:card\" content=\"summary_large_image\" \/>\n<meta name=\"twitter:label1\" content=\"Tempo di lettura stimato\" \/>\n\t<meta name=\"twitter:data1\" content=\"3 minuti\" \/>\n<script type=\"application\/ld+json\" class=\"yoast-schema-graph\">{\"@context\":\"https:\\\/\\\/schema.org\",\"@graph\":[{\"@type\":\"WebPage\",\"@id\":\"https:\\\/\\\/banneux-nd.be\\\/it\\\/che-cose-il-giubileo\\\/\",\"url\":\"https:\\\/\\\/banneux-nd.be\\\/it\\\/che-cose-il-giubileo\\\/\",\"name\":\"Che cos'\u00e8 il Giubileo ? - Banneux Notre-Dame\",\"isPartOf\":{\"@id\":\"https:\\\/\\\/banneux-nd.be\\\/it\\\/#website\"},\"primaryImageOfPage\":{\"@id\":\"https:\\\/\\\/banneux-nd.be\\\/it\\\/che-cose-il-giubileo\\\/#primaryimage\"},\"image\":{\"@id\":\"https:\\\/\\\/banneux-nd.be\\\/it\\\/che-cose-il-giubileo\\\/#primaryimage\"},\"thumbnailUrl\":\"https:\\\/\\\/banneux-nd.be\\\/wp-content\\\/uploads\\\/2024\\\/12\\\/Jubile-2025-IT-724x1024.png\",\"datePublished\":\"2024-12-07T12:47:25+00:00\",\"dateModified\":\"2024-12-07T15:43:11+00:00\",\"description\":\"Bonifacio VIII nel 1300 ha indetto il primo Giubileo, chiamato anche \u201cAnno Santo\u201d. Partecipando all\u2019Anno Santo si vive l\u2019indulgenza plenaria.\",\"breadcrumb\":{\"@id\":\"https:\\\/\\\/banneux-nd.be\\\/it\\\/che-cose-il-giubileo\\\/#breadcrumb\"},\"inLanguage\":\"it-IT\",\"potentialAction\":[{\"@type\":\"ReadAction\",\"target\":[\"https:\\\/\\\/banneux-nd.be\\\/it\\\/che-cose-il-giubileo\\\/\"]}]},{\"@type\":\"ImageObject\",\"inLanguage\":\"it-IT\",\"@id\":\"https:\\\/\\\/banneux-nd.be\\\/it\\\/che-cose-il-giubileo\\\/#primaryimage\",\"url\":\"https:\\\/\\\/banneux-nd.be\\\/wp-content\\\/uploads\\\/2024\\\/12\\\/Jubile-2025-IT-724x1024.png\",\"contentUrl\":\"https:\\\/\\\/banneux-nd.be\\\/wp-content\\\/uploads\\\/2024\\\/12\\\/Jubile-2025-IT-724x1024.png\"},{\"@type\":\"BreadcrumbList\",\"@id\":\"https:\\\/\\\/banneux-nd.be\\\/it\\\/che-cose-il-giubileo\\\/#breadcrumb\",\"itemListElement\":[{\"@type\":\"ListItem\",\"position\":1,\"name\":\"Accueil\",\"item\":\"https:\\\/\\\/banneux-nd.be\\\/it\\\/\"},{\"@type\":\"ListItem\",\"position\":2,\"name\":\"Che cos&#8217;\u00e8 il Giubileo ?\"}]},{\"@type\":\"WebSite\",\"@id\":\"https:\\\/\\\/banneux-nd.be\\\/it\\\/#website\",\"url\":\"https:\\\/\\\/banneux-nd.be\\\/it\\\/\",\"name\":\"Banneux Notre-Dame\",\"description\":\"Sanctuaire de la Vierge des Pauvres (Belgique)\",\"potentialAction\":[{\"@type\":\"SearchAction\",\"target\":{\"@type\":\"EntryPoint\",\"urlTemplate\":\"https:\\\/\\\/banneux-nd.be\\\/it\\\/?s={search_term_string}\"},\"query-input\":{\"@type\":\"PropertyValueSpecification\",\"valueRequired\":true,\"valueName\":\"search_term_string\"}}],\"inLanguage\":\"it-IT\"}]}<\/script>\n<!-- \/ Yoast SEO plugin. -->","yoast_head_json":{"title":"Che cos'\u00e8 il Giubileo ? - Banneux Notre-Dame","description":"Bonifacio VIII nel 1300 ha indetto il primo Giubileo, chiamato anche \u201cAnno Santo\u201d. Partecipando all\u2019Anno Santo si vive l\u2019indulgenza plenaria.","robots":{"index":"index","follow":"follow","max-snippet":"max-snippet:-1","max-image-preview":"max-image-preview:large","max-video-preview":"max-video-preview:-1"},"canonical":"https:\/\/banneux-nd.be\/it\/che-cose-il-giubileo\/","og_locale":"it_IT","og_type":"article","og_title":"Che cos'\u00e8 il Giubileo ? - Banneux Notre-Dame","og_description":"Bonifacio VIII nel 1300 ha indetto il primo Giubileo, chiamato anche \u201cAnno Santo\u201d. Partecipando all\u2019Anno Santo si vive l\u2019indulgenza plenaria.","og_url":"https:\/\/banneux-nd.be\/it\/che-cose-il-giubileo\/","og_site_name":"Banneux Notre-Dame","article_publisher":"https:\/\/www.facebook.com\/NDBanneux\/","article_modified_time":"2024-12-07T15:43:11+00:00","twitter_card":"summary_large_image","twitter_misc":{"Tempo di lettura stimato":"3 minuti"},"schema":{"@context":"https:\/\/schema.org","@graph":[{"@type":"WebPage","@id":"https:\/\/banneux-nd.be\/it\/che-cose-il-giubileo\/","url":"https:\/\/banneux-nd.be\/it\/che-cose-il-giubileo\/","name":"Che cos'\u00e8 il Giubileo ? - Banneux Notre-Dame","isPartOf":{"@id":"https:\/\/banneux-nd.be\/it\/#website"},"primaryImageOfPage":{"@id":"https:\/\/banneux-nd.be\/it\/che-cose-il-giubileo\/#primaryimage"},"image":{"@id":"https:\/\/banneux-nd.be\/it\/che-cose-il-giubileo\/#primaryimage"},"thumbnailUrl":"https:\/\/banneux-nd.be\/wp-content\/uploads\/2024\/12\/Jubile-2025-IT-724x1024.png","datePublished":"2024-12-07T12:47:25+00:00","dateModified":"2024-12-07T15:43:11+00:00","description":"Bonifacio VIII nel 1300 ha indetto il primo Giubileo, chiamato anche \u201cAnno Santo\u201d. Partecipando all\u2019Anno Santo si vive l\u2019indulgenza plenaria.","breadcrumb":{"@id":"https:\/\/banneux-nd.be\/it\/che-cose-il-giubileo\/#breadcrumb"},"inLanguage":"it-IT","potentialAction":[{"@type":"ReadAction","target":["https:\/\/banneux-nd.be\/it\/che-cose-il-giubileo\/"]}]},{"@type":"ImageObject","inLanguage":"it-IT","@id":"https:\/\/banneux-nd.be\/it\/che-cose-il-giubileo\/#primaryimage","url":"https:\/\/banneux-nd.be\/wp-content\/uploads\/2024\/12\/Jubile-2025-IT-724x1024.png","contentUrl":"https:\/\/banneux-nd.be\/wp-content\/uploads\/2024\/12\/Jubile-2025-IT-724x1024.png"},{"@type":"BreadcrumbList","@id":"https:\/\/banneux-nd.be\/it\/che-cose-il-giubileo\/#breadcrumb","itemListElement":[{"@type":"ListItem","position":1,"name":"Accueil","item":"https:\/\/banneux-nd.be\/it\/"},{"@type":"ListItem","position":2,"name":"Che cos&#8217;\u00e8 il Giubileo ?"}]},{"@type":"WebSite","@id":"https:\/\/banneux-nd.be\/it\/#website","url":"https:\/\/banneux-nd.be\/it\/","name":"Banneux Notre-Dame","description":"Sanctuaire de la Vierge des Pauvres (Belgique)","potentialAction":[{"@type":"SearchAction","target":{"@type":"EntryPoint","urlTemplate":"https:\/\/banneux-nd.be\/it\/?s={search_term_string}"},"query-input":{"@type":"PropertyValueSpecification","valueRequired":true,"valueName":"search_term_string"}}],"inLanguage":"it-IT"}]}},"coauthors":[],"author_meta":{"author_link":"https:\/\/banneux-nd.be\/it\/author\/sanctuaire\/","display_name":"Fabian Delarbre"},"relative_dates":{"created":"Pubblicato 1 anno fa","modified":"Aggiornato 1 anno fa"},"absolute_dates":{"created":"Pubblicato il 7 Dicembre 2024","modified":"Aggiornato il 7 Dicembre 2024"},"absolute_dates_time":{"created":"Pubblicato il 7 Dicembre 2024 13:47","modified":"Aggiornato il 7 Dicembre 2024 16:43"},"featured_img_caption":"","featured_img":false,"series_order":"","jetpack_sharing_enabled":true,"_links":{"self":[{"href":"https:\/\/banneux-nd.be\/it\/wp-json\/wp\/v2\/pages\/19536","targetHints":{"allow":["GET"]}}],"collection":[{"href":"https:\/\/banneux-nd.be\/it\/wp-json\/wp\/v2\/pages"}],"about":[{"href":"https:\/\/banneux-nd.be\/it\/wp-json\/wp\/v2\/types\/page"}],"author":[{"embeddable":true,"href":"https:\/\/banneux-nd.be\/it\/wp-json\/wp\/v2\/users\/10"}],"replies":[{"embeddable":true,"href":"https:\/\/banneux-nd.be\/it\/wp-json\/wp\/v2\/comments?post=19536"}],"version-history":[{"count":3,"href":"https:\/\/banneux-nd.be\/it\/wp-json\/wp\/v2\/pages\/19536\/revisions"}],"predecessor-version":[{"id":19565,"href":"https:\/\/banneux-nd.be\/it\/wp-json\/wp\/v2\/pages\/19536\/revisions\/19565"}],"wp:attachment":[{"href":"https:\/\/banneux-nd.be\/it\/wp-json\/wp\/v2\/media?parent=19536"}],"curies":[{"name":"wp","href":"https:\/\/api.w.org\/{rel}","templated":true}]}}