{"id":4069,"date":"2018-01-25T09:57:11","date_gmt":"2018-01-25T08:57:11","guid":{"rendered":"http:\/\/wwwwp2.banneux-nd.be\/conoscere-e-diffondere-il-messaggio-mariano-di-banneux\/banneux-ed-il-circondario\/"},"modified":"2018-05-11T16:36:37","modified_gmt":"2018-05-11T14:36:37","slug":"banneux-ed-il-circondario","status":"publish","type":"page","link":"https:\/\/banneux-nd.be\/it\/banneux-ed-il-circondario\/","title":{"rendered":"Banneux ed i suoi collegamenti"},"content":{"rendered":"<h3 style=\"text-align: center;\">Il santuario della Vergine dei Poveri fa parte di:<\/h3>\n<h4 style=\"text-align: left;\"><strong>1.\u00a0<\/strong><strong>U.I.P. (Union internazionale di preghiera)<\/strong><\/h4>\n<p style=\"text-align: justify;\">Per tre volte, durante le Apparizioni, la Vergine dei Poveri ha richiesto di \u201c<em>pregare molto<\/em>\u201d.<\/p>\n<p style=\"text-align: justify;\">Costituitasi nel 1933, per opera del Cappellano Louis Jamin e di un gruppo di laici che lo affiancava, l\u2019U.I.P. fu approvata il 24 settembre 1934 da Mons. Kerkhofs, Vescovo di Liegi dell\u2019epoca.<\/p>\n<p style=\"text-align: justify;\">Coloro che vi aderiscono si impegnano \u2013ogni giorno- alla recita delle \u201cInvocazioni alla Vergine dei Poveri\u201d nonch\u00e9, almeno, di una decina del Rosario: ci\u00f2 a favore della Chiesa universale e delle vocazioni sacerdotali.<\/p>\n<p style=\"text-align: justify;\">In ci\u00f2 sono uniti a tutti gli altri aderenti all\u2019U.I.P., ai Pellegrini ospiti di Banneux ed ai gruppi di preghiera mariana sparsi in tutto il mondo.<\/p>\n<hr \/>\n<h4 class=\"rtejustify\" style=\"text-align: justify;\">2. La\u00a0<em><strong>Rete mariane europea<\/strong><\/em><\/h4>\n<p style=\"text-align: justify;\">La Rete Mariana Europea raggruppa 21 Santuari di 21 Paesi. La Rete Mariana Europea \u00e8 stata costituita nel 2003, e immediatamente ha trovato l\u2019incoraggiamento di Roma.<\/p>\n<p style=\"text-align: justify;\">In questa Rete sono rappresentati quasi tutti i Paesi d\u2019Europa. Per ogni Paese \u00e8 stato scelto il Santuario che la popolazione ritiene come pi\u00f9 importante. Maria \u00e8 venerata con diversi nomi, e anche se in modo diverso e con una diversa devozione, i Santuari sono rispettati da tutte le confessioni cristiane.<\/p>\n<p class=\"rtejustify\" style=\"text-align: justify;\"><strong>Lista dei 21 membri della Rete mariana dei Santuari Europe:<\/strong><\/p>\n<ol>\n<li><strong>Alt\u00f6tting (Germania) &#8211; Nostra Signora delle Grazie\u00a0<\/strong><a href=\"http:\/\/www.altoetting-wallfahrt.de\/\" target=\"_blank\" rel=\"noopener\">www.altoetting-wallfahrt.de<\/a><\/li>\n<li><strong>Banneux (Belgio) &#8211; La Vergine dei Poveri\u00a0<\/strong><a href=\"http:\/\/www.banneux-nd.be\/\" target=\"_blank\" rel=\"noopener\">www.banneux-nd.be<\/a><\/li>\n<li><strong>Brezje (Slovenia) &#8211; Maria Aiuto\u00a0<\/strong><a href=\"http:\/\/www.marija.si\/\" target=\"_blank\" rel=\"noopener\">www.marija.si<\/a><\/li>\n<li><strong>Cs\u00edksomly\u00f3 (Romania) &#8211; Nostra Signora delle Cs\u00edksomly\u00f3\u00a0<\/strong><a href=\"http:\/\/www.csiksomlyo.ro\/\" target=\"_blank\" rel=\"noopener\">www.csiksomlyo.ro<\/a><\/li>\n<li><strong>Czestochowa (Polonia) &#8211; Nostra Signora, Regina della Polonia<\/strong>\u00a0<a href=\"http:\/\/www.jasnagora.pl\/\" target=\"_blank\" rel=\"noopener\">www.jasnagora.pl<\/a><\/li>\n<li><strong>Einsiedeln (Svizzero) &#8211; Nostra Signora degli eremiti\u00a0<\/strong><a href=\"http:\/\/www.kloster-einsiedeln.ch\/\" target=\"_blank\" rel=\"noopener\">www.kloster-einsiedeln.ch\u00a0<\/a><\/li>\n<li><strong>Fatima (Portogallo) &#8211; Regina della Pace e del Mondo<\/strong>\u00a0<a href=\"http:\/\/www.fatima.pt\/\" target=\"_blank\" rel=\"noopener\">www.fatima.pt<\/a><\/li>\n<li><strong>Gibilterra &#8211; Nostra Signora d&#8217;Europa<\/strong>\u00a0<a href=\"http:\/\/www.ourladyofeurope.net\/\" target=\"_blank\" rel=\"noopener\">www.ourladyofeurope.net<\/a><\/li>\n<li><strong>\u00a0Knock (Repubblica d&#8217;Irlanda) &#8211; Nostra Signora, Regina dell&#8217;Irlanda\u00a0<\/strong><a href=\"http:\/\/www.knock-shrine.ie\/\" target=\"_blank\" rel=\"noopener\">www.knock-shrine.ie<\/a><\/li>\n<li><strong>Levoca (Slovacchia) &#8211; Nostra Signora della Visitazione\u00a0<\/strong><a href=\"http:\/\/www.levoca.sk\/\" target=\"_blank\" rel=\"noopener\">www.levoca.sk<\/a><\/li>\n<li><strong>Loreto (Italia) &#8211; La Santa Casa\u00a0<\/strong><a href=\"http:\/\/www.santuarioloreto.it\/\" target=\"_blank\" rel=\"noopener\">www.santuarioloreto.it<\/a><\/li>\n<li><strong>Lourdes (Francia) &#8211; Immacolata Concezione\u00a0<\/strong><a href=\"http:\/\/fr.lourdes-france.org\/\">www.lourdes-france.org<\/a><\/li>\n<li><strong>M\u00e1riap\u00f3cs (Ungheria) &#8211; Nostra Signora di M\u00e1riap\u00f3cs\u00a0<\/strong><a href=\"http:\/\/www.bucsujaras.hu\/mariapocs\" target=\"_blank\" rel=\"noopener\">www.bucsujaras.hu\/mariapocs<\/a><\/li>\n<li><strong>Mariazell (Austria) &#8211; La Grande Madre dell&#8217;Austria<\/strong>\u00a0<a href=\"http:\/\/www.basilika-mariazell.at\/\" target=\"_blank\" rel=\"noopener\">www.basilika-mariazell.at<\/a><\/li>\n<li><strong>Marija Bistrica (Croazia) &#8211; Maria Neve\u00a0<\/strong><a href=\"http:\/\/www.info-marija-bistrica.hr\/\" target=\"_blank\" rel=\"noopener\">www.marija-bistrica.hr<\/a><\/li>\n<li><strong>Malta &#8211; Nostra Signora di Mellieha\u00a0<\/strong><a href=\"http:\/\/www.mellieha.com\/\" target=\"_blank\" rel=\"noopener\">www.mellieha.com<\/a><\/li>\n<li><strong>Vilnius (Lituania) &#8211; Nostra Signora della Porta dell&#8217;Aurora\u00a0<\/strong><a href=\"http:\/\/www.ausrosvartai.lt\/\" target=\"_blank\" rel=\"noopener\">www.ausrosvartai.lt<\/a><\/li>\n<li><strong>Walsingham (Inghilterra) &#8211; La Santa Casa dell&#8217;Annunziata\u00a0<\/strong><a href=\"http:\/\/www.walsingham.org.uk\/\" target=\"_blank\" rel=\"noopener\">www.walsingham.org.uk<\/a><\/li>\n<li><strong>Zaragoza (Spagna) &#8211; Nostra Signora del Pilar\u00a0<\/strong><a href=\"http:\/\/www.arzobispadodezaragoza.org\/\" target=\"_blank\" rel=\"noopener\">www.basilicadelpilar.es<\/a><\/li>\n<li><strong>Zarvanyzia (Ucraina) &#8211; La Madre di Dio, \u00e0 Zarvanyzia<\/strong><\/li>\n<li><strong>M\u00e1travereb\u00e9ly (Ungheria) &#8211; Nostra Signora di M\u00e1travereb\u00e9ly\u00a0<\/strong><a href=\"http:\/\/www.matraverebely-szentkut.lap.hu\/\" target=\"_blank\" rel=\"noopener\">www.matraverebely-szentkut.lap.hu<\/a><\/li>\n<\/ol>\n","protected":false},"excerpt":{"rendered":"<p>Il santuario della Vergine dei Poveri fa parte di: 1.\u00a0U.I.P. (Union internazionale di preghiera) Per tre volte, durante le Apparizioni, la Vergine dei Poveri ha richiesto di \u201cpregare molto\u201d. Costituitasi nel 1933, per opera del Cappellano Louis Jamin e di un gruppo di laici che lo affiancava, l\u2019U.I.P. fu approvata il 24 settembre 1934 da Mons. Kerkhofs, Vescovo di Liegi dell\u2019epoca. Coloro che vi aderiscono si impegnano \u2013ogni giorno- alla recita delle \u201cInvocazioni alla Vergine dei Poveri\u201d nonch\u00e9, almeno, di una decina del Rosario: ci\u00f2 a favore della Chiesa universale e delle vocazioni sacerdotali. In ci\u00f2 sono uniti a tutti gli altri aderenti all\u2019U.I.P., ai Pellegrini ospiti di Banneux ed ai gruppi di preghiera mariana sparsi in tutto il mondo. [&hellip;]<\/p>\n","protected":false},"author":4,"featured_media":0,"parent":0,"menu_order":0,"comment_status":"closed","ping_status":"closed","template":"","meta":{"advgb_blocks_editor_width":"","advgb_blocks_columns_visual_guide":"","jetpack_post_was_ever_published":false,"footnotes":""},"class_list":["post-4069","page","type-page","status-publish","hentry"],"yoast_head":"<!-- This site is optimized with the Yoast SEO plugin v27.4 - https:\/\/yoast.com\/product\/yoast-seo-wordpress\/ -->\n<title>Banneux ed i suoi collegamenti - Banneux Notre-Dame<\/title>\n<meta name=\"robots\" content=\"index, follow, max-snippet:-1, max-image-preview:large, max-video-preview:-1\" \/>\n<link rel=\"canonical\" href=\"https:\/\/banneux-nd.be\/it\/banneux-ed-il-circondario\/\" \/>\n<meta property=\"og:locale\" content=\"it_IT\" \/>\n<meta property=\"og:type\" content=\"article\" \/>\n<meta property=\"og:title\" content=\"Banneux ed i suoi collegamenti - Banneux Notre-Dame\" \/>\n<meta property=\"og:description\" content=\"Il santuario della Vergine dei Poveri fa parte di: 1.\u00a0U.I.P. (Union internazionale di preghiera) Per tre volte, durante le Apparizioni, la Vergine dei Poveri ha richiesto di \u201cpregare molto\u201d. Costituitasi nel 1933, per opera del Cappellano Louis Jamin e di un gruppo di laici che lo affiancava, l\u2019U.I.P. fu approvata il 24 settembre 1934 da Mons. Kerkhofs, Vescovo di Liegi dell\u2019epoca. Coloro che vi aderiscono si impegnano \u2013ogni giorno- alla recita delle \u201cInvocazioni alla Vergine dei Poveri\u201d nonch\u00e9, almeno, di una decina del Rosario: ci\u00f2 a favore della Chiesa universale e delle vocazioni sacerdotali. In ci\u00f2 sono uniti a tutti gli altri aderenti all\u2019U.I.P., ai Pellegrini ospiti di Banneux ed ai gruppi di preghiera mariana sparsi in tutto il mondo. [&hellip;]\" \/>\n<meta property=\"og:url\" content=\"https:\/\/banneux-nd.be\/it\/banneux-ed-il-circondario\/\" \/>\n<meta property=\"og:site_name\" content=\"Banneux Notre-Dame\" \/>\n<meta property=\"article:publisher\" content=\"https:\/\/www.facebook.com\/NDBanneux\/\" \/>\n<meta property=\"article:modified_time\" content=\"2018-05-11T14:36:37+00:00\" \/>\n<meta name=\"twitter:card\" content=\"summary_large_image\" \/>\n<meta name=\"twitter:label1\" content=\"Tempo di lettura stimato\" \/>\n\t<meta name=\"twitter:data1\" content=\"2 minuti\" \/>\n<script type=\"application\/ld+json\" class=\"yoast-schema-graph\">{\"@context\":\"https:\\\/\\\/schema.org\",\"@graph\":[{\"@type\":\"WebPage\",\"@id\":\"https:\\\/\\\/banneux-nd.be\\\/it\\\/banneux-ed-il-circondario\\\/\",\"url\":\"https:\\\/\\\/banneux-nd.be\\\/it\\\/banneux-ed-il-circondario\\\/\",\"name\":\"Banneux ed i suoi collegamenti - Banneux Notre-Dame\",\"isPartOf\":{\"@id\":\"https:\\\/\\\/banneux-nd.be\\\/it\\\/#website\"},\"datePublished\":\"2018-01-25T08:57:11+00:00\",\"dateModified\":\"2018-05-11T14:36:37+00:00\",\"breadcrumb\":{\"@id\":\"https:\\\/\\\/banneux-nd.be\\\/it\\\/banneux-ed-il-circondario\\\/#breadcrumb\"},\"inLanguage\":\"it-IT\",\"potentialAction\":[{\"@type\":\"ReadAction\",\"target\":[\"https:\\\/\\\/banneux-nd.be\\\/it\\\/banneux-ed-il-circondario\\\/\"]}]},{\"@type\":\"BreadcrumbList\",\"@id\":\"https:\\\/\\\/banneux-nd.be\\\/it\\\/banneux-ed-il-circondario\\\/#breadcrumb\",\"itemListElement\":[{\"@type\":\"ListItem\",\"position\":1,\"name\":\"Accueil\",\"item\":\"https:\\\/\\\/banneux-nd.be\\\/it\\\/\"},{\"@type\":\"ListItem\",\"position\":2,\"name\":\"Banneux ed i suoi collegamenti\"}]},{\"@type\":\"WebSite\",\"@id\":\"https:\\\/\\\/banneux-nd.be\\\/it\\\/#website\",\"url\":\"https:\\\/\\\/banneux-nd.be\\\/it\\\/\",\"name\":\"Banneux Notre-Dame\",\"description\":\"Sanctuaire de la Vierge des Pauvres (Belgique)\",\"potentialAction\":[{\"@type\":\"SearchAction\",\"target\":{\"@type\":\"EntryPoint\",\"urlTemplate\":\"https:\\\/\\\/banneux-nd.be\\\/it\\\/?s={search_term_string}\"},\"query-input\":{\"@type\":\"PropertyValueSpecification\",\"valueRequired\":true,\"valueName\":\"search_term_string\"}}],\"inLanguage\":\"it-IT\"}]}<\/script>\n<!-- \/ Yoast SEO plugin. -->","yoast_head_json":{"title":"Banneux ed i suoi collegamenti - Banneux Notre-Dame","robots":{"index":"index","follow":"follow","max-snippet":"max-snippet:-1","max-image-preview":"max-image-preview:large","max-video-preview":"max-video-preview:-1"},"canonical":"https:\/\/banneux-nd.be\/it\/banneux-ed-il-circondario\/","og_locale":"it_IT","og_type":"article","og_title":"Banneux ed i suoi collegamenti - Banneux Notre-Dame","og_description":"Il santuario della Vergine dei Poveri fa parte di: 1.\u00a0U.I.P. (Union internazionale di preghiera) Per tre volte, durante le Apparizioni, la Vergine dei Poveri ha richiesto di \u201cpregare molto\u201d. Costituitasi nel 1933, per opera del Cappellano Louis Jamin e di un gruppo di laici che lo affiancava, l\u2019U.I.P. fu approvata il 24 settembre 1934 da Mons. Kerkhofs, Vescovo di Liegi dell\u2019epoca. Coloro che vi aderiscono si impegnano \u2013ogni giorno- alla recita delle \u201cInvocazioni alla Vergine dei Poveri\u201d nonch\u00e9, almeno, di una decina del Rosario: ci\u00f2 a favore della Chiesa universale e delle vocazioni sacerdotali. In ci\u00f2 sono uniti a tutti gli altri aderenti all\u2019U.I.P., ai Pellegrini ospiti di Banneux ed ai gruppi di preghiera mariana sparsi in tutto il mondo. [&hellip;]","og_url":"https:\/\/banneux-nd.be\/it\/banneux-ed-il-circondario\/","og_site_name":"Banneux Notre-Dame","article_publisher":"https:\/\/www.facebook.com\/NDBanneux\/","article_modified_time":"2018-05-11T14:36:37+00:00","twitter_card":"summary_large_image","twitter_misc":{"Tempo di lettura stimato":"2 minuti"},"schema":{"@context":"https:\/\/schema.org","@graph":[{"@type":"WebPage","@id":"https:\/\/banneux-nd.be\/it\/banneux-ed-il-circondario\/","url":"https:\/\/banneux-nd.be\/it\/banneux-ed-il-circondario\/","name":"Banneux ed i suoi collegamenti - Banneux Notre-Dame","isPartOf":{"@id":"https:\/\/banneux-nd.be\/it\/#website"},"datePublished":"2018-01-25T08:57:11+00:00","dateModified":"2018-05-11T14:36:37+00:00","breadcrumb":{"@id":"https:\/\/banneux-nd.be\/it\/banneux-ed-il-circondario\/#breadcrumb"},"inLanguage":"it-IT","potentialAction":[{"@type":"ReadAction","target":["https:\/\/banneux-nd.be\/it\/banneux-ed-il-circondario\/"]}]},{"@type":"BreadcrumbList","@id":"https:\/\/banneux-nd.be\/it\/banneux-ed-il-circondario\/#breadcrumb","itemListElement":[{"@type":"ListItem","position":1,"name":"Accueil","item":"https:\/\/banneux-nd.be\/it\/"},{"@type":"ListItem","position":2,"name":"Banneux ed i suoi collegamenti"}]},{"@type":"WebSite","@id":"https:\/\/banneux-nd.be\/it\/#website","url":"https:\/\/banneux-nd.be\/it\/","name":"Banneux Notre-Dame","description":"Sanctuaire de la Vierge des Pauvres (Belgique)","potentialAction":[{"@type":"SearchAction","target":{"@type":"EntryPoint","urlTemplate":"https:\/\/banneux-nd.be\/it\/?s={search_term_string}"},"query-input":{"@type":"PropertyValueSpecification","valueRequired":true,"valueName":"search_term_string"}}],"inLanguage":"it-IT"}]}},"coauthors":[],"author_meta":{"author_link":"https:\/\/banneux-nd.be\/it\/author\/dreusdeille\/","display_name":"Anne-Elisabeth N\u00e8ve"},"relative_dates":{"created":"Pubblicato 8 anni fa","modified":"Aggiornato 8 anni fa"},"absolute_dates":{"created":"Pubblicato il 25 Gennaio 2018","modified":"Aggiornato il 11 Maggio 2018"},"absolute_dates_time":{"created":"Pubblicato il 25 Gennaio 2018 9:57","modified":"Aggiornato il 11 Maggio 2018 16:36"},"featured_img_caption":"","featured_img":false,"series_order":"","jetpack_sharing_enabled":true,"_links":{"self":[{"href":"https:\/\/banneux-nd.be\/it\/wp-json\/wp\/v2\/pages\/4069","targetHints":{"allow":["GET"]}}],"collection":[{"href":"https:\/\/banneux-nd.be\/it\/wp-json\/wp\/v2\/pages"}],"about":[{"href":"https:\/\/banneux-nd.be\/it\/wp-json\/wp\/v2\/types\/page"}],"author":[{"embeddable":true,"href":"https:\/\/banneux-nd.be\/it\/wp-json\/wp\/v2\/users\/4"}],"replies":[{"embeddable":true,"href":"https:\/\/banneux-nd.be\/it\/wp-json\/wp\/v2\/comments?post=4069"}],"version-history":[{"count":0,"href":"https:\/\/banneux-nd.be\/it\/wp-json\/wp\/v2\/pages\/4069\/revisions"}],"wp:attachment":[{"href":"https:\/\/banneux-nd.be\/it\/wp-json\/wp\/v2\/media?parent=4069"}],"curies":[{"name":"wp","href":"https:\/\/api.w.org\/{rel}","templated":true}]}}