{"id":4071,"date":"2018-01-25T10:24:56","date_gmt":"2018-01-25T09:24:56","guid":{"rendered":"http:\/\/wwwwp2.banneux-nd.be\/benvenuti-a-banneux\/"},"modified":"2018-06-12T16:59:06","modified_gmt":"2018-06-12T14:59:06","slug":"benvenuti-a-banneux","status":"publish","type":"page","link":"https:\/\/banneux-nd.be\/it\/","title":{"rendered":"Benvenuti a Banneux!"},"content":{"rendered":"<p style=\"text-align: justify;\">Dal 15 gennaio al 2 marzo 1933, la Vergine Maria \u00e8 apparsa otto volte ad una bimba di 11 anni, Mariette B\u00e9co.<\/p>\n<p style=\"text-align: justify;\">Le message che la Vergine ci ha trasmesso tramite la veggente \u00e8, ancora oggi, particolarmente attuale.<\/p>\n<p style=\"text-align: justify;\">Ogni anno centinaia di migliaia di pellegrini, isolatamente od in comitiva, particolarmente condividendo i Tridui che accolgono persone ammalate, raggiungono Banneux per depositare alla Madonna le loro ansie, le loro pene, le loro sofferenze, le loro povert\u00e0 spirituali e materiali. Vengono presso la Madre del Salvatore alla ricerca di fiducia, per ricevere speranza da Colui che \u00e8 la Sorgente di ogni grazia: Ges\u00f9 Cristo.<\/p>\n<p style=\"text-align: justify;\">Ancora oggi, come in passato fece con Mariette, la Vergine dei Poveri conduce ed invita ogni pellegrino di Banneux, attraverso un percorso che riecheggia le tappe esistenziali di ognuno, ad <strong><em>immergere le mani nell&#8217;acqua<\/em><\/strong>\u00a0della Sorgente, affinch\u00e8 si affidi a Ges\u00f9 e condidi in Ges\u00f9, modello di Vita vera.<\/p>\n<p style=\"text-align: justify;\">Benvenuti a Banneux!<\/p>\n<p><img fetchpriority=\"high\" decoding=\"async\" class=\"aligncenter wp-image-7761 size-full\" src=\"https:\/\/banneux-nd.be\/wp-content\/uploads\/2018\/05\/2018-05-01-Recteur-Leo-Palm.jpg\" alt=\"\" width=\"1200\" height=\"815\" srcset=\"https:\/\/banneux-nd.be\/wp-content\/uploads\/2018\/05\/2018-05-01-Recteur-Leo-Palm.jpg 1200w, https:\/\/banneux-nd.be\/wp-content\/uploads\/2018\/05\/2018-05-01-Recteur-Leo-Palm-300x204.jpg 300w, https:\/\/banneux-nd.be\/wp-content\/uploads\/2018\/05\/2018-05-01-Recteur-Leo-Palm-768x522.jpg 768w, https:\/\/banneux-nd.be\/wp-content\/uploads\/2018\/05\/2018-05-01-Recteur-Leo-Palm-1024x695.jpg 1024w\" sizes=\"(max-width: 1200px) 100vw, 1200px\" \/><\/p>\n<p style=\"text-align: right;\"><strong>Padre Leo Palm,<\/strong><br \/>\n<strong>Rettore<\/strong><\/p>\n<hr \/>\n<h3 style=\"text-align: center;\">Banneux si trova 25km a sud-est di Liegi<\/h3>\n<p><a title=\"Sanctuaire de Banneux Notre-Dame\" href=\"https:\/\/goo.gl\/maps\/E84ttdD4Fm72\" target=\"_blank\" rel=\"noopener\"><img decoding=\"async\" class=\"size-full wp-image-8859 aligncenter lazyload\" data-src=\"https:\/\/banneux-nd.be\/wp-content\/uploads\/Page_Accueil\/google-map-page-accueil.png\" alt=\"\" width=\"780\" height=\"502\" data-srcset=\"https:\/\/banneux-nd.be\/wp-content\/uploads\/Page_Accueil\/google-map-page-accueil.png 780w, https:\/\/banneux-nd.be\/wp-content\/uploads\/Page_Accueil\/google-map-page-accueil-300x193.png 300w, https:\/\/banneux-nd.be\/wp-content\/uploads\/Page_Accueil\/google-map-page-accueil-768x494.png 768w\" data-sizes=\"(max-width: 780px) 100vw, 780px\" src=\"data:image\/svg+xml;base64,PHN2ZyB3aWR0aD0iMSIgaGVpZ2h0PSIxIiB4bWxucz0iaHR0cDovL3d3dy53My5vcmcvMjAwMC9zdmciPjwvc3ZnPg==\" style=\"--smush-placeholder-width: 780px; --smush-placeholder-aspect-ratio: 780\/502;\" \/><\/a><\/p>\n","protected":false},"excerpt":{"rendered":"<p>Dal 15 gennaio al 2 marzo 1933, la Vergine Maria \u00e8 apparsa otto volte ad una bimba di 11 anni, Mariette B\u00e9co. Le message che la Vergine ci ha trasmesso tramite la veggente \u00e8, ancora oggi, particolarmente attuale. Ogni anno centinaia di migliaia di pellegrini, isolatamente od in comitiva, particolarmente condividendo i Tridui che accolgono persone ammalate, raggiungono Banneux per depositare alla Madonna le loro ansie, le loro pene, le loro sofferenze, le loro povert\u00e0 spirituali e materiali. Vengono presso la Madre del Salvatore alla ricerca di fiducia, per ricevere speranza da Colui che \u00e8 la Sorgente di ogni grazia: Ges\u00f9 Cristo. Ancora oggi, come in passato fece con Mariette, la Vergine dei Poveri conduce ed invita ogni pellegrino di [&hellip;]<\/p>\n","protected":false},"author":4,"featured_media":0,"parent":0,"menu_order":0,"comment_status":"closed","ping_status":"closed","template":"","meta":{"advgb_blocks_editor_width":"","advgb_blocks_columns_visual_guide":"","jetpack_post_was_ever_published":false,"footnotes":""},"class_list":["post-4071","page","type-page","status-publish","hentry"],"yoast_head":"<!-- This site is optimized with the Yoast SEO plugin v27.4 - https:\/\/yoast.com\/product\/yoast-seo-wordpress\/ -->\n<title>Benvenuti a Banneux! - Banneux Notre-Dame<\/title>\n<meta name=\"robots\" content=\"index, follow, max-snippet:-1, max-image-preview:large, max-video-preview:-1\" \/>\n<link rel=\"canonical\" href=\"https:\/\/banneux-nd.be\/it\/\" \/>\n<meta property=\"og:locale\" content=\"it_IT\" \/>\n<meta property=\"og:type\" content=\"article\" \/>\n<meta property=\"og:title\" content=\"Benvenuti a Banneux! - Banneux Notre-Dame\" \/>\n<meta property=\"og:description\" content=\"Dal 15 gennaio al 2 marzo 1933, la Vergine Maria \u00e8 apparsa otto volte ad una bimba di 11 anni, Mariette B\u00e9co. Le message che la Vergine ci ha trasmesso tramite la veggente \u00e8, ancora oggi, particolarmente attuale. Ogni anno centinaia di migliaia di pellegrini, isolatamente od in comitiva, particolarmente condividendo i Tridui che accolgono persone ammalate, raggiungono Banneux per depositare alla Madonna le loro ansie, le loro pene, le loro sofferenze, le loro povert\u00e0 spirituali e materiali. Vengono presso la Madre del Salvatore alla ricerca di fiducia, per ricevere speranza da Colui che \u00e8 la Sorgente di ogni grazia: Ges\u00f9 Cristo. Ancora oggi, come in passato fece con Mariette, la Vergine dei Poveri conduce ed invita ogni pellegrino di [&hellip;]\" \/>\n<meta property=\"og:url\" content=\"https:\/\/banneux-nd.be\/it\/\" \/>\n<meta property=\"og:site_name\" content=\"Banneux Notre-Dame\" \/>\n<meta property=\"article:publisher\" content=\"https:\/\/www.facebook.com\/NDBanneux\/\" \/>\n<meta property=\"article:modified_time\" content=\"2018-06-12T14:59:06+00:00\" \/>\n<meta property=\"og:image\" content=\"https:\/\/banneux-nd.be\/wp-content\/uploads\/2018\/05\/2018-05-01-Recteur-Leo-Palm.jpg\" \/>\n<meta name=\"twitter:card\" content=\"summary_large_image\" \/>\n<meta name=\"twitter:label1\" content=\"Tempo di lettura stimato\" \/>\n\t<meta name=\"twitter:data1\" content=\"1 minuto\" \/>\n<script type=\"application\/ld+json\" class=\"yoast-schema-graph\">{\"@context\":\"https:\\\/\\\/schema.org\",\"@graph\":[{\"@type\":\"WebPage\",\"@id\":\"https:\\\/\\\/banneux-nd.be\\\/it\\\/\",\"url\":\"https:\\\/\\\/banneux-nd.be\\\/it\\\/\",\"name\":\"Benvenuti a Banneux! - Banneux Notre-Dame\",\"isPartOf\":{\"@id\":\"https:\\\/\\\/banneux-nd.be\\\/it\\\/#website\"},\"primaryImageOfPage\":{\"@id\":\"https:\\\/\\\/banneux-nd.be\\\/it\\\/#primaryimage\"},\"image\":{\"@id\":\"https:\\\/\\\/banneux-nd.be\\\/it\\\/#primaryimage\"},\"thumbnailUrl\":\"https:\\\/\\\/banneux-nd.be\\\/wp-content\\\/uploads\\\/2018\\\/05\\\/2018-05-01-Recteur-Leo-Palm.jpg\",\"datePublished\":\"2018-01-25T09:24:56+00:00\",\"dateModified\":\"2018-06-12T14:59:06+00:00\",\"breadcrumb\":{\"@id\":\"https:\\\/\\\/banneux-nd.be\\\/it\\\/#breadcrumb\"},\"inLanguage\":\"it-IT\",\"potentialAction\":[{\"@type\":\"ReadAction\",\"target\":[\"https:\\\/\\\/banneux-nd.be\\\/it\\\/\"]}]},{\"@type\":\"ImageObject\",\"inLanguage\":\"it-IT\",\"@id\":\"https:\\\/\\\/banneux-nd.be\\\/it\\\/#primaryimage\",\"url\":\"https:\\\/\\\/banneux-nd.be\\\/wp-content\\\/uploads\\\/2018\\\/05\\\/2018-05-01-Recteur-Leo-Palm.jpg\",\"contentUrl\":\"https:\\\/\\\/banneux-nd.be\\\/wp-content\\\/uploads\\\/2018\\\/05\\\/2018-05-01-Recteur-Leo-Palm.jpg\"},{\"@type\":\"BreadcrumbList\",\"@id\":\"https:\\\/\\\/banneux-nd.be\\\/it\\\/#breadcrumb\",\"itemListElement\":[{\"@type\":\"ListItem\",\"position\":1,\"name\":\"Accueil\",\"item\":\"https:\\\/\\\/banneux-nd.be\\\/it\\\/\"},{\"@type\":\"ListItem\",\"position\":2,\"name\":\"Benvenuti a Banneux!\"}]},{\"@type\":\"WebSite\",\"@id\":\"https:\\\/\\\/banneux-nd.be\\\/it\\\/#website\",\"url\":\"https:\\\/\\\/banneux-nd.be\\\/it\\\/\",\"name\":\"Banneux Notre-Dame\",\"description\":\"Sanctuaire de la Vierge des Pauvres (Belgique)\",\"potentialAction\":[{\"@type\":\"SearchAction\",\"target\":{\"@type\":\"EntryPoint\",\"urlTemplate\":\"https:\\\/\\\/banneux-nd.be\\\/it\\\/?s={search_term_string}\"},\"query-input\":{\"@type\":\"PropertyValueSpecification\",\"valueRequired\":true,\"valueName\":\"search_term_string\"}}],\"inLanguage\":\"it-IT\"}]}<\/script>\n<!-- \/ Yoast SEO plugin. -->","yoast_head_json":{"title":"Benvenuti a Banneux! - Banneux Notre-Dame","robots":{"index":"index","follow":"follow","max-snippet":"max-snippet:-1","max-image-preview":"max-image-preview:large","max-video-preview":"max-video-preview:-1"},"canonical":"https:\/\/banneux-nd.be\/it\/","og_locale":"it_IT","og_type":"article","og_title":"Benvenuti a Banneux! - Banneux Notre-Dame","og_description":"Dal 15 gennaio al 2 marzo 1933, la Vergine Maria \u00e8 apparsa otto volte ad una bimba di 11 anni, Mariette B\u00e9co. Le message che la Vergine ci ha trasmesso tramite la veggente \u00e8, ancora oggi, particolarmente attuale. Ogni anno centinaia di migliaia di pellegrini, isolatamente od in comitiva, particolarmente condividendo i Tridui che accolgono persone ammalate, raggiungono Banneux per depositare alla Madonna le loro ansie, le loro pene, le loro sofferenze, le loro povert\u00e0 spirituali e materiali. Vengono presso la Madre del Salvatore alla ricerca di fiducia, per ricevere speranza da Colui che \u00e8 la Sorgente di ogni grazia: Ges\u00f9 Cristo. Ancora oggi, come in passato fece con Mariette, la Vergine dei Poveri conduce ed invita ogni pellegrino di [&hellip;]","og_url":"https:\/\/banneux-nd.be\/it\/","og_site_name":"Banneux Notre-Dame","article_publisher":"https:\/\/www.facebook.com\/NDBanneux\/","article_modified_time":"2018-06-12T14:59:06+00:00","og_image":[{"url":"https:\/\/banneux-nd.be\/wp-content\/uploads\/2018\/05\/2018-05-01-Recteur-Leo-Palm.jpg","type":"","width":"","height":""}],"twitter_card":"summary_large_image","twitter_misc":{"Tempo di lettura stimato":"1 minuto"},"schema":{"@context":"https:\/\/schema.org","@graph":[{"@type":"WebPage","@id":"https:\/\/banneux-nd.be\/it\/","url":"https:\/\/banneux-nd.be\/it\/","name":"Benvenuti a Banneux! - Banneux Notre-Dame","isPartOf":{"@id":"https:\/\/banneux-nd.be\/it\/#website"},"primaryImageOfPage":{"@id":"https:\/\/banneux-nd.be\/it\/#primaryimage"},"image":{"@id":"https:\/\/banneux-nd.be\/it\/#primaryimage"},"thumbnailUrl":"https:\/\/banneux-nd.be\/wp-content\/uploads\/2018\/05\/2018-05-01-Recteur-Leo-Palm.jpg","datePublished":"2018-01-25T09:24:56+00:00","dateModified":"2018-06-12T14:59:06+00:00","breadcrumb":{"@id":"https:\/\/banneux-nd.be\/it\/#breadcrumb"},"inLanguage":"it-IT","potentialAction":[{"@type":"ReadAction","target":["https:\/\/banneux-nd.be\/it\/"]}]},{"@type":"ImageObject","inLanguage":"it-IT","@id":"https:\/\/banneux-nd.be\/it\/#primaryimage","url":"https:\/\/banneux-nd.be\/wp-content\/uploads\/2018\/05\/2018-05-01-Recteur-Leo-Palm.jpg","contentUrl":"https:\/\/banneux-nd.be\/wp-content\/uploads\/2018\/05\/2018-05-01-Recteur-Leo-Palm.jpg"},{"@type":"BreadcrumbList","@id":"https:\/\/banneux-nd.be\/it\/#breadcrumb","itemListElement":[{"@type":"ListItem","position":1,"name":"Accueil","item":"https:\/\/banneux-nd.be\/it\/"},{"@type":"ListItem","position":2,"name":"Benvenuti a Banneux!"}]},{"@type":"WebSite","@id":"https:\/\/banneux-nd.be\/it\/#website","url":"https:\/\/banneux-nd.be\/it\/","name":"Banneux Notre-Dame","description":"Sanctuaire de la Vierge des Pauvres (Belgique)","potentialAction":[{"@type":"SearchAction","target":{"@type":"EntryPoint","urlTemplate":"https:\/\/banneux-nd.be\/it\/?s={search_term_string}"},"query-input":{"@type":"PropertyValueSpecification","valueRequired":true,"valueName":"search_term_string"}}],"inLanguage":"it-IT"}]}},"coauthors":[],"author_meta":{"author_link":"https:\/\/banneux-nd.be\/it\/author\/dreusdeille\/","display_name":"Anne-Elisabeth N\u00e8ve"},"relative_dates":{"created":"Pubblicato 8 anni fa","modified":"Aggiornato 8 anni fa"},"absolute_dates":{"created":"Pubblicato il 25 Gennaio 2018","modified":"Aggiornato il 12 Giugno 2018"},"absolute_dates_time":{"created":"Pubblicato il 25 Gennaio 2018 10:24","modified":"Aggiornato il 12 Giugno 2018 16:59"},"featured_img_caption":"","featured_img":false,"series_order":"","jetpack_sharing_enabled":true,"_links":{"self":[{"href":"https:\/\/banneux-nd.be\/it\/wp-json\/wp\/v2\/pages\/4071","targetHints":{"allow":["GET"]}}],"collection":[{"href":"https:\/\/banneux-nd.be\/it\/wp-json\/wp\/v2\/pages"}],"about":[{"href":"https:\/\/banneux-nd.be\/it\/wp-json\/wp\/v2\/types\/page"}],"author":[{"embeddable":true,"href":"https:\/\/banneux-nd.be\/it\/wp-json\/wp\/v2\/users\/4"}],"replies":[{"embeddable":true,"href":"https:\/\/banneux-nd.be\/it\/wp-json\/wp\/v2\/comments?post=4071"}],"version-history":[{"count":1,"href":"https:\/\/banneux-nd.be\/it\/wp-json\/wp\/v2\/pages\/4071\/revisions"}],"predecessor-version":[{"id":8874,"href":"https:\/\/banneux-nd.be\/it\/wp-json\/wp\/v2\/pages\/4071\/revisions\/8874"}],"wp:attachment":[{"href":"https:\/\/banneux-nd.be\/it\/wp-json\/wp\/v2\/media?parent=4071"}],"curies":[{"name":"wp","href":"https:\/\/api.w.org\/{rel}","templated":true}]}}