{"id":4087,"date":"2018-01-26T22:44:58","date_gmt":"2018-01-26T21:44:58","guid":{"rendered":"http:\/\/wwwwp2.banneux-nd.be\/cosa-propone-il-santuario\/la-benedizione-dei-malati\/"},"modified":"2018-05-06T22:21:15","modified_gmt":"2018-05-06T20:21:15","slug":"la-benedizione-dei-malati","status":"publish","type":"page","link":"https:\/\/banneux-nd.be\/it\/la-benedizione-dei-malati\/","title":{"rendered":"La Benedizione dei Malati"},"content":{"rendered":"<p class=\"rtejustify\" style=\"text-align: justify;\"><img fetchpriority=\"high\" decoding=\"async\" style=\"padding: 5px; margin-right: 5px;\" src=\"https:\/\/banneux-nd.be\/wp-content\/uploads\/2017\/08\/Cardinal Danneels au Salut et \u00e0 la B\u00e9n\u00e9diction des malades2.jpg\" alt=\"\" width=\"279\" height=\"333\" align=\"left\" \/>Si tratta, certamente, del pi\u00f9 bell\u2019incontro offerto dalla Vergine dei Poveri ai suoi pellegrini! Si svolge alle ore 15.00, tutti i giorni ad eccezione del venerd\u00ec, <strong>da aprile ad ottobre<\/strong> inoltrato.<\/p>\n<p class=\"rtejustify\" style=\"text-align: justify;\">Nella sua grande umilt\u00e0 Maria ha dichiarato che la sorgente di Banneux \u00e8 dedicata (riservata) \u201c<em>a tutte le Nazioni, ai malati<\/em>\u201d.\u00a0Perch\u00e9 Maria ci chiama per mostrarci Suo Figlio, Ges\u00f9.<\/p>\n<p class=\"rtejustify\" style=\"text-align: justify;\">Infatti, questo momento di raccoglimento, incentrato su Ges\u00f9, Pane di Vita, consente di portare a Lui coloro che sono feriti nel corpo e nello spirito; la Madonna ci ha detto: \u201c<em>Vengo ad alleviare la sofferenza<\/em>\u201d.<\/p>\n<p class=\"rtejustify\" style=\"text-align: justify;\">I Sacerdoti incaricati di accompagnare il SS. Sacramento restano spesso turbati dall&#8217;emozione e dalla dimostrazione di fede che suscita il passaggio di Ges\u00f9 Eucaristia tra i pellegrini.<\/p>\n<p class=\"rtejustify\" style=\"text-align: justify;\"><img decoding=\"async\" style=\"padding: 5px; margin-left: 5px;\" src=\"https:\/\/banneux-nd.be\/wp-content\/uploads\/2017\/08\/B\u00e9n\u00e9diction des Malades3.jpg\" alt=\"\" width=\"360\" height=\"242\" align=\"right\" \/>E non \u00e8 raro scorgere come, in queste circostanze, il sacerdote colga l&#8217;immenso privilegio che gli \u00e8 concesso: portare Ges\u00f9 benedicente tra la folla che lo attende\u2026<\/p>\n<p class=\"rtejustify\" style=\"text-align: justify;\">Quale gioia e quale incoraggiamento per la nostra fede tiepida: Dio continua a darci i segni della Sua viva presenza. E Maria, come sempre discreta, si presenta per manifestarci la forza del Suo Figlio, nostro Salvatore.<\/p>\n<p><strong>\u00a0<\/strong><\/p>\n<p>&nbsp;<\/p>\n<p>&nbsp;<\/p>\n<p>&nbsp;<\/p>\n","protected":false},"excerpt":{"rendered":"<p>Si tratta, certamente, del pi\u00f9 bell\u2019incontro offerto dalla Vergine dei Poveri ai suoi pellegrini! Si svolge alle ore 15.00, tutti i giorni ad eccezione del venerd\u00ec, da aprile ad ottobre inoltrato. Nella sua grande umilt\u00e0 Maria ha dichiarato che la sorgente di Banneux \u00e8 dedicata (riservata) \u201ca tutte le Nazioni, ai malati\u201d.\u00a0Perch\u00e9 Maria ci chiama per mostrarci Suo Figlio, Ges\u00f9. Infatti, questo momento di raccoglimento, incentrato su Ges\u00f9, Pane di Vita, consente di portare a Lui coloro che sono feriti nel corpo e nello spirito; la Madonna ci ha detto: \u201cVengo ad alleviare la sofferenza\u201d. I Sacerdoti incaricati di accompagnare il SS. Sacramento restano spesso turbati dall&#8217;emozione e dalla dimostrazione di fede che suscita il passaggio di Ges\u00f9 Eucaristia tra [&hellip;]<\/p>\n","protected":false},"author":2,"featured_media":0,"parent":0,"menu_order":0,"comment_status":"closed","ping_status":"closed","template":"","meta":{"advgb_blocks_editor_width":"","advgb_blocks_columns_visual_guide":"","jetpack_post_was_ever_published":false,"footnotes":""},"class_list":["post-4087","page","type-page","status-publish","hentry"],"yoast_head":"<!-- This site is optimized with the Yoast SEO plugin v27.4 - https:\/\/yoast.com\/product\/yoast-seo-wordpress\/ -->\n<title>La Benedizione dei Malati - Banneux Notre-Dame<\/title>\n<meta name=\"robots\" content=\"index, follow, max-snippet:-1, max-image-preview:large, max-video-preview:-1\" \/>\n<link rel=\"canonical\" href=\"https:\/\/banneux-nd.be\/it\/la-benedizione-dei-malati\/\" \/>\n<meta property=\"og:locale\" content=\"it_IT\" \/>\n<meta property=\"og:type\" content=\"article\" \/>\n<meta property=\"og:title\" content=\"La Benedizione dei Malati - Banneux Notre-Dame\" \/>\n<meta property=\"og:description\" content=\"Si tratta, certamente, del pi\u00f9 bell\u2019incontro offerto dalla Vergine dei Poveri ai suoi pellegrini! Si svolge alle ore 15.00, tutti i giorni ad eccezione del venerd\u00ec, da aprile ad ottobre inoltrato. Nella sua grande umilt\u00e0 Maria ha dichiarato che la sorgente di Banneux \u00e8 dedicata (riservata) \u201ca tutte le Nazioni, ai malati\u201d.\u00a0Perch\u00e9 Maria ci chiama per mostrarci Suo Figlio, Ges\u00f9. Infatti, questo momento di raccoglimento, incentrato su Ges\u00f9, Pane di Vita, consente di portare a Lui coloro che sono feriti nel corpo e nello spirito; la Madonna ci ha detto: \u201cVengo ad alleviare la sofferenza\u201d. I Sacerdoti incaricati di accompagnare il SS. Sacramento restano spesso turbati dall&#8217;emozione e dalla dimostrazione di fede che suscita il passaggio di Ges\u00f9 Eucaristia tra [&hellip;]\" \/>\n<meta property=\"og:url\" content=\"https:\/\/banneux-nd.be\/it\/la-benedizione-dei-malati\/\" \/>\n<meta property=\"og:site_name\" content=\"Banneux Notre-Dame\" \/>\n<meta property=\"article:publisher\" content=\"https:\/\/www.facebook.com\/NDBanneux\/\" \/>\n<meta property=\"article:modified_time\" content=\"2018-05-06T20:21:15+00:00\" \/>\n<meta property=\"og:image\" content=\"https:\/\/banneux-nd.be\/wp-content\/uploads\/2017\/08\/Cardinal%20Danneels%20au%20Salut%20et%20\u00e0%20la%20B\u00e9n\u00e9diction%20des%20malades2.jpg\" \/>\n<meta name=\"twitter:card\" content=\"summary_large_image\" \/>\n<meta name=\"twitter:label1\" content=\"Tempo di lettura stimato\" \/>\n\t<meta name=\"twitter:data1\" content=\"1 minuto\" \/>\n<script type=\"application\/ld+json\" class=\"yoast-schema-graph\">{\"@context\":\"https:\\\/\\\/schema.org\",\"@graph\":[{\"@type\":\"WebPage\",\"@id\":\"https:\\\/\\\/banneux-nd.be\\\/it\\\/la-benedizione-dei-malati\\\/\",\"url\":\"https:\\\/\\\/banneux-nd.be\\\/it\\\/la-benedizione-dei-malati\\\/\",\"name\":\"La Benedizione dei Malati - Banneux Notre-Dame\",\"isPartOf\":{\"@id\":\"https:\\\/\\\/banneux-nd.be\\\/it\\\/#website\"},\"datePublished\":\"2018-01-26T21:44:58+00:00\",\"dateModified\":\"2018-05-06T20:21:15+00:00\",\"breadcrumb\":{\"@id\":\"https:\\\/\\\/banneux-nd.be\\\/it\\\/la-benedizione-dei-malati\\\/#breadcrumb\"},\"inLanguage\":\"it-IT\",\"potentialAction\":[{\"@type\":\"ReadAction\",\"target\":[\"https:\\\/\\\/banneux-nd.be\\\/it\\\/la-benedizione-dei-malati\\\/\"]}]},{\"@type\":\"BreadcrumbList\",\"@id\":\"https:\\\/\\\/banneux-nd.be\\\/it\\\/la-benedizione-dei-malati\\\/#breadcrumb\",\"itemListElement\":[{\"@type\":\"ListItem\",\"position\":1,\"name\":\"Accueil\",\"item\":\"https:\\\/\\\/banneux-nd.be\\\/it\\\/\"},{\"@type\":\"ListItem\",\"position\":2,\"name\":\"La Benedizione dei Malati\"}]},{\"@type\":\"WebSite\",\"@id\":\"https:\\\/\\\/banneux-nd.be\\\/it\\\/#website\",\"url\":\"https:\\\/\\\/banneux-nd.be\\\/it\\\/\",\"name\":\"Banneux Notre-Dame\",\"description\":\"Sanctuaire de la Vierge des Pauvres (Belgique)\",\"potentialAction\":[{\"@type\":\"SearchAction\",\"target\":{\"@type\":\"EntryPoint\",\"urlTemplate\":\"https:\\\/\\\/banneux-nd.be\\\/it\\\/?s={search_term_string}\"},\"query-input\":{\"@type\":\"PropertyValueSpecification\",\"valueRequired\":true,\"valueName\":\"search_term_string\"}}],\"inLanguage\":\"it-IT\"}]}<\/script>\n<!-- \/ Yoast SEO plugin. -->","yoast_head_json":{"title":"La Benedizione dei Malati - Banneux Notre-Dame","robots":{"index":"index","follow":"follow","max-snippet":"max-snippet:-1","max-image-preview":"max-image-preview:large","max-video-preview":"max-video-preview:-1"},"canonical":"https:\/\/banneux-nd.be\/it\/la-benedizione-dei-malati\/","og_locale":"it_IT","og_type":"article","og_title":"La Benedizione dei Malati - Banneux Notre-Dame","og_description":"Si tratta, certamente, del pi\u00f9 bell\u2019incontro offerto dalla Vergine dei Poveri ai suoi pellegrini! Si svolge alle ore 15.00, tutti i giorni ad eccezione del venerd\u00ec, da aprile ad ottobre inoltrato. Nella sua grande umilt\u00e0 Maria ha dichiarato che la sorgente di Banneux \u00e8 dedicata (riservata) \u201ca tutte le Nazioni, ai malati\u201d.\u00a0Perch\u00e9 Maria ci chiama per mostrarci Suo Figlio, Ges\u00f9. Infatti, questo momento di raccoglimento, incentrato su Ges\u00f9, Pane di Vita, consente di portare a Lui coloro che sono feriti nel corpo e nello spirito; la Madonna ci ha detto: \u201cVengo ad alleviare la sofferenza\u201d. I Sacerdoti incaricati di accompagnare il SS. Sacramento restano spesso turbati dall&#8217;emozione e dalla dimostrazione di fede che suscita il passaggio di Ges\u00f9 Eucaristia tra [&hellip;]","og_url":"https:\/\/banneux-nd.be\/it\/la-benedizione-dei-malati\/","og_site_name":"Banneux Notre-Dame","article_publisher":"https:\/\/www.facebook.com\/NDBanneux\/","article_modified_time":"2018-05-06T20:21:15+00:00","og_image":[{"url":"https:\/\/banneux-nd.be\/wp-content\/uploads\/2017\/08\/Cardinal Danneels au Salut et \u00e0 la B\u00e9n\u00e9diction des malades2.jpg","type":"","width":"","height":""}],"twitter_card":"summary_large_image","twitter_misc":{"Tempo di lettura stimato":"1 minuto"},"schema":{"@context":"https:\/\/schema.org","@graph":[{"@type":"WebPage","@id":"https:\/\/banneux-nd.be\/it\/la-benedizione-dei-malati\/","url":"https:\/\/banneux-nd.be\/it\/la-benedizione-dei-malati\/","name":"La Benedizione dei Malati - Banneux Notre-Dame","isPartOf":{"@id":"https:\/\/banneux-nd.be\/it\/#website"},"datePublished":"2018-01-26T21:44:58+00:00","dateModified":"2018-05-06T20:21:15+00:00","breadcrumb":{"@id":"https:\/\/banneux-nd.be\/it\/la-benedizione-dei-malati\/#breadcrumb"},"inLanguage":"it-IT","potentialAction":[{"@type":"ReadAction","target":["https:\/\/banneux-nd.be\/it\/la-benedizione-dei-malati\/"]}]},{"@type":"BreadcrumbList","@id":"https:\/\/banneux-nd.be\/it\/la-benedizione-dei-malati\/#breadcrumb","itemListElement":[{"@type":"ListItem","position":1,"name":"Accueil","item":"https:\/\/banneux-nd.be\/it\/"},{"@type":"ListItem","position":2,"name":"La Benedizione dei Malati"}]},{"@type":"WebSite","@id":"https:\/\/banneux-nd.be\/it\/#website","url":"https:\/\/banneux-nd.be\/it\/","name":"Banneux Notre-Dame","description":"Sanctuaire de la Vierge des Pauvres (Belgique)","potentialAction":[{"@type":"SearchAction","target":{"@type":"EntryPoint","urlTemplate":"https:\/\/banneux-nd.be\/it\/?s={search_term_string}"},"query-input":{"@type":"PropertyValueSpecification","valueRequired":true,"valueName":"search_term_string"}}],"inLanguage":"it-IT"}]}},"coauthors":[],"author_meta":{"author_link":"https:\/\/banneux-nd.be\/it\/author\/adminfr\/","display_name":"adminFR"},"relative_dates":{"created":"Pubblicato 8 anni fa","modified":"Aggiornato 8 anni fa"},"absolute_dates":{"created":"Pubblicato il 26 Gennaio 2018","modified":"Aggiornato il 6 Maggio 2018"},"absolute_dates_time":{"created":"Pubblicato il 26 Gennaio 2018 22:44","modified":"Aggiornato il 6 Maggio 2018 22:21"},"featured_img_caption":"","featured_img":false,"series_order":"","jetpack_sharing_enabled":true,"_links":{"self":[{"href":"https:\/\/banneux-nd.be\/it\/wp-json\/wp\/v2\/pages\/4087","targetHints":{"allow":["GET"]}}],"collection":[{"href":"https:\/\/banneux-nd.be\/it\/wp-json\/wp\/v2\/pages"}],"about":[{"href":"https:\/\/banneux-nd.be\/it\/wp-json\/wp\/v2\/types\/page"}],"author":[{"embeddable":true,"href":"https:\/\/banneux-nd.be\/it\/wp-json\/wp\/v2\/users\/2"}],"replies":[{"embeddable":true,"href":"https:\/\/banneux-nd.be\/it\/wp-json\/wp\/v2\/comments?post=4087"}],"version-history":[{"count":0,"href":"https:\/\/banneux-nd.be\/it\/wp-json\/wp\/v2\/pages\/4087\/revisions"}],"wp:attachment":[{"href":"https:\/\/banneux-nd.be\/it\/wp-json\/wp\/v2\/media?parent=4087"}],"curies":[{"name":"wp","href":"https:\/\/api.w.org\/{rel}","templated":true}]}}