{"id":4141,"date":"2018-01-27T23:37:49","date_gmt":"2018-01-27T22:37:49","guid":{"rendered":"http:\/\/wwwwp2.banneux-nd.be\/banneux-notre-dame\/gli-avvenimenti-1933\/messaggio\/"},"modified":"2018-06-01T01:29:19","modified_gmt":"2018-05-31T23:29:19","slug":"messaggio","status":"publish","type":"page","link":"https:\/\/banneux-nd.be\/it\/messaggio\/","title":{"rendered":"Messaggio"},"content":{"rendered":"<p class=\"rtejustify\" style=\"text-align: justify;\"><strong>Domenica 15 gennaio 1933<\/strong><br \/>\nMariette, scrutando dalla finestra il ritorno a casa del fratello, scorge -nel giardino davanti all&#8217;ingresso- una &#8220;Bella Signora luminosa&#8221;. Anche sua mamma coglie quella visione. La Bella Signora invita la bambina ad uscire, con un semplice segno della mano, ma mamma Beco, impaurita, spranga la porta.<\/p>\n<p class=\"rtejustify\" style=\"text-align: justify;\"><img fetchpriority=\"high\" decoding=\"async\" style=\"padding: 5px; margin-right: 5px;\" src=\"https:\/\/banneux-nd.be\/wp-content\/uploads\/2017\/08\/Source Vue Z\u00e9nith.jpg\" alt=\"\" width=\"338\" height=\"315\" align=\"left\" \/><strong>Mercoled\u00ec 18 gennaio 1933<\/strong><br \/>\nL&#8217;apparizione inizia con una preghiera sileziosa, che dura una ventina di minuti. Successivamente la Vergine -indietreggiando dal luogo in cui si trova, ma senza abbandonare con lo sguardo la bambina- invita Mariette a seguirla,\u00a0 portandola alla sorgente. Durante il tragitto per tre volte Mariette cade in genocchio, soffermandosi a pregare. Raggiunta la sorgente la Vergine formula questo invito: <em>Immergi le mani nell&#8217;acqua. Questa sorgente \u00e8 riservata (=destinata) a me. Buona sera. Arrivederci.<\/em><\/p>\n<p class=\"rtejustify\" style=\"text-align: justify;\"><strong>Gioved\u00ec 19 gennaio 1933<\/strong><br \/>\nLa Bella Signora luminosa si svela: <em>Io sono la Vergine dei Poveri<\/em>. La bambina chiede di capire il significato del fatto che la sorgente fosse destinata a lei e la Madonna, con bont\u00e0 ed accentuando il suo sorriso, le spiega:\u00a0<em>La sorgente \u00e8 riservata a tutte le nazioni, per i malati. Pregher\u00f2 per te. Arrivederci.<\/em><\/p>\n<p class=\"rtejustify\" style=\"text-align: justify;\"><strong>Venerd\u00ec 20 gennaio 1933<\/strong><img decoding=\"async\" style=\"padding: 5px; margin-left: 5px;\" src=\"https:\/\/banneux-nd.be\/wp-content\/uploads\/2017\/08\/Eau de la source.jpg\" alt=\"\" width=\"242\" height=\"309\" align=\"right\" \/><br \/>\n<em>Cosa desiderate, Bella Signora? <\/em>chiede la bambina. Maria risponde: <em>Desidererei una piccola cappella<\/em>. Poi, benedice la bambina, che dopo quel momento perde conoscenza. Il pap\u00e0, sconvolto dalla situazione, la solleva portandola a casa. L\u00e0 la bambina si riprende e, trascorso poco tempo, si addormenta serenamente.<\/p>\n<p class=\"rtejustify\" style=\"text-align: justify;\">Da questo momento trascorrono tre settimane, durante le quali ogni sera Mariette esce per pregare, ma la Vergine non le appare. Mariette, che prima di tutto ci\u00f2 non coltivava una cultura religiosa, n\u00e9 era solita pregare, arriver\u00e0 a recitare fino a sette rosari ogni sera&#8230;<\/p>\n<p class=\"rtejustify\" style=\"text-align: justify;\"><strong>Sabato 11 febbraio 1933<\/strong><br \/>\nQuale gioia! La Vergine dei Poveri confida a Mariette il &#8220;nucleo&#8221; del suo messaggio: <em>Io vengo ad alleviare la sofferenza<\/em>. Questo 11 febbraio del 1933 celebrava il 75esimo anniversario della prima apparizione mariana a Lourdes. Papa Giovanni Paolo II ha elevato la ricorrenza dell&#8217;11 febbraio a giornata mondiale di preghiera per i malati.<\/p>\n<p class=\"rtejustify\" style=\"text-align: justify;\"><img decoding=\"async\" style=\"padding: 5px; margin-right: 5px;\" src=\"https:\/\/banneux-nd.be\/wp-content\/uploads\/2017\/08\/Source Foule.jpg\" alt=\"\" width=\"357\" height=\"245\" align=\"left\" \/><strong>Mercoled\u00ec 15 febbraio 1933<\/strong><br \/>\nRiportando una richiesta del Cappellano del luogo, Louis Jamin, Mariette domanda alla Vergine un segno. La risposta che arriva \u00e8 questa: <em>Credete in me&#8230; Io creder\u00f2 in voi&#8230; Pregate molto. Arrivederci.<\/em><br \/>\nL\u2019abbate Jamin, sentendosi sollevato dai suoi dubbi e tormenti spirituali, divenne da allora il pi\u00f9 fervente difensore di Mariette e del Messaggio della Vergine dei Poveri.<\/p>\n<p class=\"rtejustify\" style=\"text-align: justify;\"><strong>Luned\u00ec 20 febbraio 1933<\/strong><br \/>\nDurante la breve apparizione, la Vergine implora nuovamente: <em>Mia cara fanciulla, pregate molto. Arrivederci<\/em>.<\/p>\n<p class=\"rtejustify\" style=\"text-align: justify;\"><strong>Gioved\u00ec 2 marzo 1933<\/strong><br \/>\nLa Bella Signora appare per l&#8217;ultima volta dicendo:\u00a0<em>Io sono la Madre del Salvatore, Madre di Dio&#8230; Pregate molto. Addio.<\/em>\u00a0Prima di scomparire impone le mani in segno di benedizione.<\/p>\n","protected":false},"excerpt":{"rendered":"<p>Domenica 15 gennaio 1933 Mariette, scrutando dalla finestra il ritorno a casa del fratello, scorge -nel giardino davanti all&#8217;ingresso- una &#8220;Bella Signora luminosa&#8221;. Anche sua mamma coglie quella visione. La Bella Signora invita la bambina ad uscire, con un semplice segno della mano, ma mamma Beco, impaurita, spranga la porta. Mercoled\u00ec 18 gennaio 1933 L&#8217;apparizione inizia con una preghiera sileziosa, che dura una ventina di minuti. Successivamente la Vergine -indietreggiando dal luogo in cui si trova, ma senza abbandonare con lo sguardo la bambina- invita Mariette a seguirla,\u00a0 portandola alla sorgente. Durante il tragitto per tre volte Mariette cade in genocchio, soffermandosi a pregare. Raggiunta la sorgente la Vergine formula questo invito: Immergi le mani nell&#8217;acqua. Questa sorgente \u00e8 riservata [&hellip;]<\/p>\n","protected":false},"author":2,"featured_media":0,"parent":0,"menu_order":0,"comment_status":"closed","ping_status":"closed","template":"","meta":{"advgb_blocks_editor_width":"","advgb_blocks_columns_visual_guide":"","jetpack_post_was_ever_published":false,"footnotes":""},"class_list":["post-4141","page","type-page","status-publish","hentry"],"yoast_head":"<!-- This site is optimized with the Yoast SEO plugin v27.4 - https:\/\/yoast.com\/product\/yoast-seo-wordpress\/ -->\n<title>Messaggio - Banneux Notre-Dame<\/title>\n<meta name=\"robots\" content=\"index, follow, max-snippet:-1, max-image-preview:large, max-video-preview:-1\" \/>\n<link rel=\"canonical\" href=\"https:\/\/banneux-nd.be\/it\/messaggio\/\" \/>\n<meta property=\"og:locale\" content=\"it_IT\" \/>\n<meta property=\"og:type\" content=\"article\" \/>\n<meta property=\"og:title\" content=\"Messaggio - Banneux Notre-Dame\" \/>\n<meta property=\"og:description\" content=\"Domenica 15 gennaio 1933 Mariette, scrutando dalla finestra il ritorno a casa del fratello, scorge -nel giardino davanti all&#8217;ingresso- una &#8220;Bella Signora luminosa&#8221;. Anche sua mamma coglie quella visione. La Bella Signora invita la bambina ad uscire, con un semplice segno della mano, ma mamma Beco, impaurita, spranga la porta. Mercoled\u00ec 18 gennaio 1933 L&#8217;apparizione inizia con una preghiera sileziosa, che dura una ventina di minuti. Successivamente la Vergine -indietreggiando dal luogo in cui si trova, ma senza abbandonare con lo sguardo la bambina- invita Mariette a seguirla,\u00a0 portandola alla sorgente. Durante il tragitto per tre volte Mariette cade in genocchio, soffermandosi a pregare. Raggiunta la sorgente la Vergine formula questo invito: Immergi le mani nell&#8217;acqua. Questa sorgente \u00e8 riservata [&hellip;]\" \/>\n<meta property=\"og:url\" content=\"https:\/\/banneux-nd.be\/it\/messaggio\/\" \/>\n<meta property=\"og:site_name\" content=\"Banneux Notre-Dame\" \/>\n<meta property=\"article:publisher\" content=\"https:\/\/www.facebook.com\/NDBanneux\/\" \/>\n<meta property=\"article:modified_time\" content=\"2018-05-31T23:29:19+00:00\" \/>\n<meta property=\"og:image\" content=\"https:\/\/banneux-nd.be\/wp-content\/uploads\/2017\/08\/Source%20Vue%20Z\u00e9nith.jpg\" \/>\n<meta name=\"twitter:card\" content=\"summary_large_image\" \/>\n<meta name=\"twitter:label1\" content=\"Tempo di lettura stimato\" \/>\n\t<meta name=\"twitter:data1\" content=\"2 minuti\" \/>\n<script type=\"application\/ld+json\" class=\"yoast-schema-graph\">{\"@context\":\"https:\\\/\\\/schema.org\",\"@graph\":[{\"@type\":\"WebPage\",\"@id\":\"https:\\\/\\\/banneux-nd.be\\\/it\\\/messaggio\\\/\",\"url\":\"https:\\\/\\\/banneux-nd.be\\\/it\\\/messaggio\\\/\",\"name\":\"Messaggio - Banneux Notre-Dame\",\"isPartOf\":{\"@id\":\"https:\\\/\\\/banneux-nd.be\\\/it\\\/#website\"},\"datePublished\":\"2018-01-27T22:37:49+00:00\",\"dateModified\":\"2018-05-31T23:29:19+00:00\",\"breadcrumb\":{\"@id\":\"https:\\\/\\\/banneux-nd.be\\\/it\\\/messaggio\\\/#breadcrumb\"},\"inLanguage\":\"it-IT\",\"potentialAction\":[{\"@type\":\"ReadAction\",\"target\":[\"https:\\\/\\\/banneux-nd.be\\\/it\\\/messaggio\\\/\"]}]},{\"@type\":\"BreadcrumbList\",\"@id\":\"https:\\\/\\\/banneux-nd.be\\\/it\\\/messaggio\\\/#breadcrumb\",\"itemListElement\":[{\"@type\":\"ListItem\",\"position\":1,\"name\":\"Accueil\",\"item\":\"https:\\\/\\\/banneux-nd.be\\\/it\\\/\"},{\"@type\":\"ListItem\",\"position\":2,\"name\":\"Messaggio\"}]},{\"@type\":\"WebSite\",\"@id\":\"https:\\\/\\\/banneux-nd.be\\\/it\\\/#website\",\"url\":\"https:\\\/\\\/banneux-nd.be\\\/it\\\/\",\"name\":\"Banneux Notre-Dame\",\"description\":\"Sanctuaire de la Vierge des Pauvres (Belgique)\",\"potentialAction\":[{\"@type\":\"SearchAction\",\"target\":{\"@type\":\"EntryPoint\",\"urlTemplate\":\"https:\\\/\\\/banneux-nd.be\\\/it\\\/?s={search_term_string}\"},\"query-input\":{\"@type\":\"PropertyValueSpecification\",\"valueRequired\":true,\"valueName\":\"search_term_string\"}}],\"inLanguage\":\"it-IT\"}]}<\/script>\n<!-- \/ Yoast SEO plugin. -->","yoast_head_json":{"title":"Messaggio - Banneux Notre-Dame","robots":{"index":"index","follow":"follow","max-snippet":"max-snippet:-1","max-image-preview":"max-image-preview:large","max-video-preview":"max-video-preview:-1"},"canonical":"https:\/\/banneux-nd.be\/it\/messaggio\/","og_locale":"it_IT","og_type":"article","og_title":"Messaggio - Banneux Notre-Dame","og_description":"Domenica 15 gennaio 1933 Mariette, scrutando dalla finestra il ritorno a casa del fratello, scorge -nel giardino davanti all&#8217;ingresso- una &#8220;Bella Signora luminosa&#8221;. Anche sua mamma coglie quella visione. La Bella Signora invita la bambina ad uscire, con un semplice segno della mano, ma mamma Beco, impaurita, spranga la porta. Mercoled\u00ec 18 gennaio 1933 L&#8217;apparizione inizia con una preghiera sileziosa, che dura una ventina di minuti. Successivamente la Vergine -indietreggiando dal luogo in cui si trova, ma senza abbandonare con lo sguardo la bambina- invita Mariette a seguirla,\u00a0 portandola alla sorgente. Durante il tragitto per tre volte Mariette cade in genocchio, soffermandosi a pregare. Raggiunta la sorgente la Vergine formula questo invito: Immergi le mani nell&#8217;acqua. Questa sorgente \u00e8 riservata [&hellip;]","og_url":"https:\/\/banneux-nd.be\/it\/messaggio\/","og_site_name":"Banneux Notre-Dame","article_publisher":"https:\/\/www.facebook.com\/NDBanneux\/","article_modified_time":"2018-05-31T23:29:19+00:00","og_image":[{"url":"https:\/\/banneux-nd.be\/wp-content\/uploads\/2017\/08\/Source Vue Z\u00e9nith.jpg","type":"","width":"","height":""}],"twitter_card":"summary_large_image","twitter_misc":{"Tempo di lettura stimato":"2 minuti"},"schema":{"@context":"https:\/\/schema.org","@graph":[{"@type":"WebPage","@id":"https:\/\/banneux-nd.be\/it\/messaggio\/","url":"https:\/\/banneux-nd.be\/it\/messaggio\/","name":"Messaggio - Banneux Notre-Dame","isPartOf":{"@id":"https:\/\/banneux-nd.be\/it\/#website"},"datePublished":"2018-01-27T22:37:49+00:00","dateModified":"2018-05-31T23:29:19+00:00","breadcrumb":{"@id":"https:\/\/banneux-nd.be\/it\/messaggio\/#breadcrumb"},"inLanguage":"it-IT","potentialAction":[{"@type":"ReadAction","target":["https:\/\/banneux-nd.be\/it\/messaggio\/"]}]},{"@type":"BreadcrumbList","@id":"https:\/\/banneux-nd.be\/it\/messaggio\/#breadcrumb","itemListElement":[{"@type":"ListItem","position":1,"name":"Accueil","item":"https:\/\/banneux-nd.be\/it\/"},{"@type":"ListItem","position":2,"name":"Messaggio"}]},{"@type":"WebSite","@id":"https:\/\/banneux-nd.be\/it\/#website","url":"https:\/\/banneux-nd.be\/it\/","name":"Banneux Notre-Dame","description":"Sanctuaire de la Vierge des Pauvres (Belgique)","potentialAction":[{"@type":"SearchAction","target":{"@type":"EntryPoint","urlTemplate":"https:\/\/banneux-nd.be\/it\/?s={search_term_string}"},"query-input":{"@type":"PropertyValueSpecification","valueRequired":true,"valueName":"search_term_string"}}],"inLanguage":"it-IT"}]}},"coauthors":[],"author_meta":{"author_link":"https:\/\/banneux-nd.be\/it\/author\/adminfr\/","display_name":"adminFR"},"relative_dates":{"created":"Pubblicato 8 anni fa","modified":"Aggiornato 8 anni fa"},"absolute_dates":{"created":"Pubblicato il 27 Gennaio 2018","modified":"Aggiornato il 1 Giugno 2018"},"absolute_dates_time":{"created":"Pubblicato il 27 Gennaio 2018 23:37","modified":"Aggiornato il 1 Giugno 2018 1:29"},"featured_img_caption":"","featured_img":false,"series_order":"","jetpack_sharing_enabled":true,"_links":{"self":[{"href":"https:\/\/banneux-nd.be\/it\/wp-json\/wp\/v2\/pages\/4141","targetHints":{"allow":["GET"]}}],"collection":[{"href":"https:\/\/banneux-nd.be\/it\/wp-json\/wp\/v2\/pages"}],"about":[{"href":"https:\/\/banneux-nd.be\/it\/wp-json\/wp\/v2\/types\/page"}],"author":[{"embeddable":true,"href":"https:\/\/banneux-nd.be\/it\/wp-json\/wp\/v2\/users\/2"}],"replies":[{"embeddable":true,"href":"https:\/\/banneux-nd.be\/it\/wp-json\/wp\/v2\/comments?post=4141"}],"version-history":[{"count":1,"href":"https:\/\/banneux-nd.be\/it\/wp-json\/wp\/v2\/pages\/4141\/revisions"}],"predecessor-version":[{"id":8781,"href":"https:\/\/banneux-nd.be\/it\/wp-json\/wp\/v2\/pages\/4141\/revisions\/8781"}],"wp:attachment":[{"href":"https:\/\/banneux-nd.be\/it\/wp-json\/wp\/v2\/media?parent=4141"}],"curies":[{"name":"wp","href":"https:\/\/api.w.org\/{rel}","templated":true}]}}