{"id":4157,"date":"2018-01-29T16:37:45","date_gmt":"2018-01-29T15:37:45","guid":{"rendered":"http:\/\/wwwwp2.banneux-nd.be\/conoscere-e-diffondere-il-messaggio-mariano-di-banneux\/banneux-ed-il-circondario\/ars-associazione-dei-responsabili-dei-santuari\/"},"modified":"2018-05-29T15:10:39","modified_gmt":"2018-05-29T13:10:39","slug":"ars-associazione-dei-responsabili-dei-santuari","status":"publish","type":"page","link":"https:\/\/banneux-nd.be\/it\/ars-associazione-dei-responsabili-dei-santuari\/","title":{"rendered":"ARS (Associazione dei Responsabili dei Santuari)"},"content":{"rendered":"<p>Si tratta di una istituzione che raggruppa i santuari della Francia e del Belgio.\u00a0Il santuario di Banneux -ormai da molti anni- partecipa ai lavori dell&#8217;annuale assemblea. che viene convocata a Parigi.<\/p>\n<p class=\"rtejustify\" style=\"text-align: justify\">Nello specifico, la sezione ARS del Belgio raccoglie i responsabili dei santuari collocati nel territorio francofono del Belgio e nel Granducato del Lussemburgo. Tradizionalmente, la sessione di lavoro autunnale si svolge (alternativamente) a Banneux od a Beauraing. Nella sessione primaverile, all&#8217;apertura della stagione pi\u00f9 propizia per i pellegrinaggi, i lavori si svolgono in uno dei santuari del territorio. L&#8217;intera assemblea dei convenuti, in tal modo, pu\u00f2 conoscere ed apprezzare le peculiarit\u00e0 di ciascuno dei differenti luoghi di preghiera che costellano il Belgio di espressione francofona.<\/p>\n<p class=\"rtejustify\" style=\"text-align: justify\"><img fetchpriority=\"high\" decoding=\"async\" class=\"aligncenter\" style=\"width: 100%\" src=\"https:\/\/banneux-nd.be\/wp-content\/uploads\/2017\/08\/ARS - Beauraing 3.jpg\" alt=\"Notre-Dame au C\u0153ur d'or - Beauraing\" width=\"800\" height=\"239\" \/><\/p>\n<p>La costituzione di ARS Belgique risale al 1995. Precedentemente i santuari francofoni del Belgio erano affiliati direttamente ad ARS France.<\/p>\n<p>Gli obiettivi dell&#8217;Associazione sono stati accettati dai Vescovi fin dal 1996: in tal modo -infatti- \u00e8 possibile pervenire ad una maggiore collaborazione tra i differenti santuari, condividendo anche attivit\u00e0 di formazione e di preparazione all&#8217;accoglienza dei pellegrini.\u00a0 L&#8217;ARS collabora inoltre con la Commissione episcopale per l&#8217;Evangelizzazione, presieduta da Mons. Vancottem.<\/p>\n<p>Nel 1997\u00a0 \u00e8 stata promulgata una <em>Carta dei Santuar<\/em>i.<\/p>\n<p>L&#8217;Associazione dei Responsabili dei Santuari, sinteticamente, consente ai rettori ed agli animatori dei santuari delle diocesi francofone del Belgio di riunirsi per condividere i progetti, i successi pastorali e le difficolt\u00e0 riscontrate, di riflettere congiuntamente su specifiche tematiche con il supporto di specialisti, teologi, biblisti &#8230;&#8230;..<\/p>\n<p>Un aspetto sicuramente originale dell&#8217;ARS \u00e8 costituito dal fatto che non sussistono differenze di considerazione tra i &#8220;grandi&#8221; od i &#8220;piccoli&#8221; santuari.\u00a0 L\u2019Associazione considera effettivamente i &#8220;piccoli&#8221; santuari come portatori di una autentica devozione popolare; come tali, essi esprimono, al pari delle localit\u00e0 pi\u00f9 rinomate e dei santuari pi\u00f9 conosciuti, la voce del Popolo di Dio.<\/p>\n<p class=\"rtejustify\" style=\"text-align: justify\">L&#8217;Associazione \u00e8 attualmente rappresentativa di una ventina di differenti santuari, il 75% dei quali specifici per devozione mariana.<\/p>\n<p>&nbsp;<\/p>\n","protected":false},"excerpt":{"rendered":"<p>Si tratta di una istituzione che raggruppa i santuari della Francia e del Belgio.\u00a0Il santuario di Banneux -ormai da molti anni- partecipa ai lavori dell&#8217;annuale assemblea. che viene convocata a Parigi. Nello specifico, la sezione ARS del Belgio raccoglie i responsabili dei santuari collocati nel territorio francofono del Belgio e nel Granducato del Lussemburgo. Tradizionalmente, la sessione di lavoro autunnale si svolge (alternativamente) a Banneux od a Beauraing. Nella sessione primaverile, all&#8217;apertura della stagione pi\u00f9 propizia per i pellegrinaggi, i lavori si svolgono in uno dei santuari del territorio. L&#8217;intera assemblea dei convenuti, in tal modo, pu\u00f2 conoscere ed apprezzare le peculiarit\u00e0 di ciascuno dei differenti luoghi di preghiera che costellano il Belgio di espressione francofona. La costituzione di ARS [&hellip;]<\/p>\n","protected":false},"author":2,"featured_media":0,"parent":0,"menu_order":0,"comment_status":"closed","ping_status":"closed","template":"","meta":{"advgb_blocks_editor_width":"","advgb_blocks_columns_visual_guide":"","jetpack_post_was_ever_published":false,"footnotes":""},"class_list":["post-4157","page","type-page","status-publish","hentry"],"yoast_head":"<!-- This site is optimized with the Yoast SEO plugin v27.4 - https:\/\/yoast.com\/product\/yoast-seo-wordpress\/ -->\n<title>ARS (Associazione dei Responsabili dei Santuari) - Banneux Notre-Dame<\/title>\n<meta name=\"robots\" content=\"index, follow, max-snippet:-1, max-image-preview:large, max-video-preview:-1\" \/>\n<link rel=\"canonical\" href=\"https:\/\/banneux-nd.be\/it\/ars-associazione-dei-responsabili-dei-santuari\/\" \/>\n<meta property=\"og:locale\" content=\"it_IT\" \/>\n<meta property=\"og:type\" content=\"article\" \/>\n<meta property=\"og:title\" content=\"ARS (Associazione dei Responsabili dei Santuari) - Banneux Notre-Dame\" \/>\n<meta property=\"og:description\" content=\"Si tratta di una istituzione che raggruppa i santuari della Francia e del Belgio.\u00a0Il santuario di Banneux -ormai da molti anni- partecipa ai lavori dell&#8217;annuale assemblea. che viene convocata a Parigi. Nello specifico, la sezione ARS del Belgio raccoglie i responsabili dei santuari collocati nel territorio francofono del Belgio e nel Granducato del Lussemburgo. Tradizionalmente, la sessione di lavoro autunnale si svolge (alternativamente) a Banneux od a Beauraing. Nella sessione primaverile, all&#8217;apertura della stagione pi\u00f9 propizia per i pellegrinaggi, i lavori si svolgono in uno dei santuari del territorio. L&#8217;intera assemblea dei convenuti, in tal modo, pu\u00f2 conoscere ed apprezzare le peculiarit\u00e0 di ciascuno dei differenti luoghi di preghiera che costellano il Belgio di espressione francofona. La costituzione di ARS [&hellip;]\" \/>\n<meta property=\"og:url\" content=\"https:\/\/banneux-nd.be\/it\/ars-associazione-dei-responsabili-dei-santuari\/\" \/>\n<meta property=\"og:site_name\" content=\"Banneux Notre-Dame\" \/>\n<meta property=\"article:publisher\" content=\"https:\/\/www.facebook.com\/NDBanneux\/\" \/>\n<meta property=\"article:modified_time\" content=\"2018-05-29T13:10:39+00:00\" \/>\n<meta property=\"og:image\" content=\"https:\/\/banneux-nd.be\/wp-content\/uploads\/2017\/08\/ARS%20-%20Beauraing%203.jpg\" \/>\n<meta name=\"twitter:card\" content=\"summary_large_image\" \/>\n<meta name=\"twitter:label1\" content=\"Tempo di lettura stimato\" \/>\n\t<meta name=\"twitter:data1\" content=\"2 minuti\" \/>\n<script type=\"application\/ld+json\" class=\"yoast-schema-graph\">{\"@context\":\"https:\\\/\\\/schema.org\",\"@graph\":[{\"@type\":\"WebPage\",\"@id\":\"https:\\\/\\\/banneux-nd.be\\\/it\\\/ars-associazione-dei-responsabili-dei-santuari\\\/\",\"url\":\"https:\\\/\\\/banneux-nd.be\\\/it\\\/ars-associazione-dei-responsabili-dei-santuari\\\/\",\"name\":\"ARS (Associazione dei Responsabili dei Santuari) - Banneux Notre-Dame\",\"isPartOf\":{\"@id\":\"https:\\\/\\\/banneux-nd.be\\\/it\\\/#website\"},\"datePublished\":\"2018-01-29T15:37:45+00:00\",\"dateModified\":\"2018-05-29T13:10:39+00:00\",\"breadcrumb\":{\"@id\":\"https:\\\/\\\/banneux-nd.be\\\/it\\\/ars-associazione-dei-responsabili-dei-santuari\\\/#breadcrumb\"},\"inLanguage\":\"it-IT\",\"potentialAction\":[{\"@type\":\"ReadAction\",\"target\":[\"https:\\\/\\\/banneux-nd.be\\\/it\\\/ars-associazione-dei-responsabili-dei-santuari\\\/\"]}]},{\"@type\":\"BreadcrumbList\",\"@id\":\"https:\\\/\\\/banneux-nd.be\\\/it\\\/ars-associazione-dei-responsabili-dei-santuari\\\/#breadcrumb\",\"itemListElement\":[{\"@type\":\"ListItem\",\"position\":1,\"name\":\"Accueil\",\"item\":\"https:\\\/\\\/banneux-nd.be\\\/it\\\/\"},{\"@type\":\"ListItem\",\"position\":2,\"name\":\"ARS (Associazione dei Responsabili dei Santuari)\"}]},{\"@type\":\"WebSite\",\"@id\":\"https:\\\/\\\/banneux-nd.be\\\/it\\\/#website\",\"url\":\"https:\\\/\\\/banneux-nd.be\\\/it\\\/\",\"name\":\"Banneux Notre-Dame\",\"description\":\"Sanctuaire de la Vierge des Pauvres (Belgique)\",\"potentialAction\":[{\"@type\":\"SearchAction\",\"target\":{\"@type\":\"EntryPoint\",\"urlTemplate\":\"https:\\\/\\\/banneux-nd.be\\\/it\\\/?s={search_term_string}\"},\"query-input\":{\"@type\":\"PropertyValueSpecification\",\"valueRequired\":true,\"valueName\":\"search_term_string\"}}],\"inLanguage\":\"it-IT\"}]}<\/script>\n<!-- \/ Yoast SEO plugin. -->","yoast_head_json":{"title":"ARS (Associazione dei Responsabili dei Santuari) - Banneux Notre-Dame","robots":{"index":"index","follow":"follow","max-snippet":"max-snippet:-1","max-image-preview":"max-image-preview:large","max-video-preview":"max-video-preview:-1"},"canonical":"https:\/\/banneux-nd.be\/it\/ars-associazione-dei-responsabili-dei-santuari\/","og_locale":"it_IT","og_type":"article","og_title":"ARS (Associazione dei Responsabili dei Santuari) - Banneux Notre-Dame","og_description":"Si tratta di una istituzione che raggruppa i santuari della Francia e del Belgio.\u00a0Il santuario di Banneux -ormai da molti anni- partecipa ai lavori dell&#8217;annuale assemblea. che viene convocata a Parigi. Nello specifico, la sezione ARS del Belgio raccoglie i responsabili dei santuari collocati nel territorio francofono del Belgio e nel Granducato del Lussemburgo. Tradizionalmente, la sessione di lavoro autunnale si svolge (alternativamente) a Banneux od a Beauraing. Nella sessione primaverile, all&#8217;apertura della stagione pi\u00f9 propizia per i pellegrinaggi, i lavori si svolgono in uno dei santuari del territorio. L&#8217;intera assemblea dei convenuti, in tal modo, pu\u00f2 conoscere ed apprezzare le peculiarit\u00e0 di ciascuno dei differenti luoghi di preghiera che costellano il Belgio di espressione francofona. La costituzione di ARS [&hellip;]","og_url":"https:\/\/banneux-nd.be\/it\/ars-associazione-dei-responsabili-dei-santuari\/","og_site_name":"Banneux Notre-Dame","article_publisher":"https:\/\/www.facebook.com\/NDBanneux\/","article_modified_time":"2018-05-29T13:10:39+00:00","og_image":[{"url":"https:\/\/banneux-nd.be\/wp-content\/uploads\/2017\/08\/ARS - Beauraing 3.jpg","type":"","width":"","height":""}],"twitter_card":"summary_large_image","twitter_misc":{"Tempo di lettura stimato":"2 minuti"},"schema":{"@context":"https:\/\/schema.org","@graph":[{"@type":"WebPage","@id":"https:\/\/banneux-nd.be\/it\/ars-associazione-dei-responsabili-dei-santuari\/","url":"https:\/\/banneux-nd.be\/it\/ars-associazione-dei-responsabili-dei-santuari\/","name":"ARS (Associazione dei Responsabili dei Santuari) - Banneux Notre-Dame","isPartOf":{"@id":"https:\/\/banneux-nd.be\/it\/#website"},"datePublished":"2018-01-29T15:37:45+00:00","dateModified":"2018-05-29T13:10:39+00:00","breadcrumb":{"@id":"https:\/\/banneux-nd.be\/it\/ars-associazione-dei-responsabili-dei-santuari\/#breadcrumb"},"inLanguage":"it-IT","potentialAction":[{"@type":"ReadAction","target":["https:\/\/banneux-nd.be\/it\/ars-associazione-dei-responsabili-dei-santuari\/"]}]},{"@type":"BreadcrumbList","@id":"https:\/\/banneux-nd.be\/it\/ars-associazione-dei-responsabili-dei-santuari\/#breadcrumb","itemListElement":[{"@type":"ListItem","position":1,"name":"Accueil","item":"https:\/\/banneux-nd.be\/it\/"},{"@type":"ListItem","position":2,"name":"ARS (Associazione dei Responsabili dei Santuari)"}]},{"@type":"WebSite","@id":"https:\/\/banneux-nd.be\/it\/#website","url":"https:\/\/banneux-nd.be\/it\/","name":"Banneux Notre-Dame","description":"Sanctuaire de la Vierge des Pauvres (Belgique)","potentialAction":[{"@type":"SearchAction","target":{"@type":"EntryPoint","urlTemplate":"https:\/\/banneux-nd.be\/it\/?s={search_term_string}"},"query-input":{"@type":"PropertyValueSpecification","valueRequired":true,"valueName":"search_term_string"}}],"inLanguage":"it-IT"}]}},"coauthors":[],"author_meta":{"author_link":"https:\/\/banneux-nd.be\/it\/author\/adminfr\/","display_name":"adminFR"},"relative_dates":{"created":"Pubblicato 8 anni fa","modified":"Aggiornato 8 anni fa"},"absolute_dates":{"created":"Pubblicato il 29 Gennaio 2018","modified":"Aggiornato il 29 Maggio 2018"},"absolute_dates_time":{"created":"Pubblicato il 29 Gennaio 2018 16:37","modified":"Aggiornato il 29 Maggio 2018 15:10"},"featured_img_caption":"","featured_img":false,"series_order":"","jetpack_sharing_enabled":true,"_links":{"self":[{"href":"https:\/\/banneux-nd.be\/it\/wp-json\/wp\/v2\/pages\/4157","targetHints":{"allow":["GET"]}}],"collection":[{"href":"https:\/\/banneux-nd.be\/it\/wp-json\/wp\/v2\/pages"}],"about":[{"href":"https:\/\/banneux-nd.be\/it\/wp-json\/wp\/v2\/types\/page"}],"author":[{"embeddable":true,"href":"https:\/\/banneux-nd.be\/it\/wp-json\/wp\/v2\/users\/2"}],"replies":[{"embeddable":true,"href":"https:\/\/banneux-nd.be\/it\/wp-json\/wp\/v2\/comments?post=4157"}],"version-history":[{"count":0,"href":"https:\/\/banneux-nd.be\/it\/wp-json\/wp\/v2\/pages\/4157\/revisions"}],"wp:attachment":[{"href":"https:\/\/banneux-nd.be\/it\/wp-json\/wp\/v2\/media?parent=4157"}],"curies":[{"name":"wp","href":"https:\/\/api.w.org\/{rel}","templated":true}]}}