{"id":4167,"date":"2018-01-29T16:58:04","date_gmt":"2018-01-29T15:58:04","guid":{"rendered":"http:\/\/wwwwp2.banneux-nd.be\/conoscere-e-diffondere-il-messaggio-mariano-di-banneux\/banneux-ed-il-circondario\/associazione-delle-opere-mariane\/"},"modified":"2018-04-11T13:30:22","modified_gmt":"2018-04-11T11:30:22","slug":"associazione-delle-opere-mariane","status":"publish","type":"page","link":"https:\/\/banneux-nd.be\/it\/associazione-delle-opere-mariane\/","title":{"rendered":"Associazione delle Opere Mariane"},"content":{"rendered":"<p class=\"rtejustify\" style=\"text-align: justify\">L\u2019AOM (Associazione delle Opere Mariane) \u00e8 stata costituita nel 1961; ha ricevuto il suo mandato dalla Chiesa francese e, come istituzione di matrice cattolica, raggruppa i responsabili delle Opere mariane ed anche personalit\u00e0 ritenute significative per l&#8217;impegno profuso nella diffusione e nella maggiore conoscenza del culto mariano.<\/p>\n<p class=\"rtejustify\" style=\"text-align: justify\">La sua finalit\u00e0 principale consiste nel promuovere lo sviluppo dell&#8217;apostolato mariano alla luce del capitolo 8 della Lumen Gentium.<\/p>\n<p class=\"rtejustify\" style=\"text-align: justify\">L&#8217;Associazione ha una dimensione europea, ma \u00e8 altres\u00ec aperta anche agli altri continenti. Ogni tre anni \u00e8 programmata una giornata comunitaria in occasione del congresso dell&#8217;Associazione dei Rettori dei Santuari (ARS). Peraltro l&#8217;AOM promuove ed organizza (anche in partenariato con altre istituzioni) giornate di formazione mariana aperte a tutti\/e. Questa associazione francese svolge generalmente la sua Assemblea annuale a Parigi, circostanza nella quale il santuario di Banneux \u00e8 di norma rappresentato.<\/p>\n<p class=\"rtejustify\" style=\"text-align: justify\">L&#8217;Associazione \u00e8, per coloro che partecipano alle sue attivit\u00e0, luogo e momento di approfondimento spirituale,\u00a0 di riflessione teologica, di scambi pastorali. D&#8217;altronde, una specifica azione dell&#8217;AOM \u00e8 rivolta a sviluppare proprio l&#8217;interazione tra associazioni, istituzioni e persone fisiche che perseguono comuni obiettivi in\u00a0 Francia e fuori dalla Francia.<\/p>\n<p class=\"rtejustify\" style=\"text-align: justify\"><span style=\"color: #0000ff\"><strong>Contatti ed informazioni<\/strong><\/span><\/p>\n<p class=\"rtejustify\" style=\"text-align: justify\"><a href=\"mailto:laviergepelerine@yahoo.fr\">laviergepelerine@yahoo.fr<\/a> e\u00a0<a href=\"mailto:information@notre-dame-de-france.com\">information@notre-dame-de-france.com<\/a><\/p>\n<p class=\"rtejustify\" style=\"text-align: justify\"><a href=\"http:\/\/www.notre-dame-de-france.com\" target=\"_blank\" rel=\"noopener\">www.notre-dame-de-france.com<\/a><\/p>\n","protected":false},"excerpt":{"rendered":"<p>L\u2019AOM (Associazione delle Opere Mariane) \u00e8 stata costituita nel 1961; ha ricevuto il suo mandato dalla Chiesa francese e, come istituzione di matrice cattolica, raggruppa i responsabili delle Opere mariane ed anche personalit\u00e0 ritenute significative per l&#8217;impegno profuso nella diffusione e nella maggiore conoscenza del culto mariano. La sua finalit\u00e0 principale consiste nel promuovere lo sviluppo dell&#8217;apostolato mariano alla luce del capitolo 8 della Lumen Gentium. L&#8217;Associazione ha una dimensione europea, ma \u00e8 altres\u00ec aperta anche agli altri continenti. Ogni tre anni \u00e8 programmata una giornata comunitaria in occasione del congresso dell&#8217;Associazione dei Rettori dei Santuari (ARS). Peraltro l&#8217;AOM promuove ed organizza (anche in partenariato con altre istituzioni) giornate di formazione mariana aperte a tutti\/e. Questa associazione francese svolge generalmente [&hellip;]<\/p>\n","protected":false},"author":2,"featured_media":0,"parent":0,"menu_order":0,"comment_status":"closed","ping_status":"closed","template":"","meta":{"advgb_blocks_editor_width":"","advgb_blocks_columns_visual_guide":"","jetpack_post_was_ever_published":false,"footnotes":""},"class_list":["post-4167","page","type-page","status-publish","hentry"],"yoast_head":"<!-- This site is optimized with the Yoast SEO plugin v27.4 - https:\/\/yoast.com\/product\/yoast-seo-wordpress\/ -->\n<title>Associazione delle Opere Mariane - Banneux Notre-Dame<\/title>\n<meta name=\"robots\" content=\"index, follow, max-snippet:-1, max-image-preview:large, max-video-preview:-1\" \/>\n<link rel=\"canonical\" href=\"https:\/\/banneux-nd.be\/it\/associazione-delle-opere-mariane\/\" \/>\n<meta property=\"og:locale\" content=\"it_IT\" \/>\n<meta property=\"og:type\" content=\"article\" \/>\n<meta property=\"og:title\" content=\"Associazione delle Opere Mariane - Banneux Notre-Dame\" \/>\n<meta property=\"og:description\" content=\"L\u2019AOM (Associazione delle Opere Mariane) \u00e8 stata costituita nel 1961; ha ricevuto il suo mandato dalla Chiesa francese e, come istituzione di matrice cattolica, raggruppa i responsabili delle Opere mariane ed anche personalit\u00e0 ritenute significative per l&#8217;impegno profuso nella diffusione e nella maggiore conoscenza del culto mariano. La sua finalit\u00e0 principale consiste nel promuovere lo sviluppo dell&#8217;apostolato mariano alla luce del capitolo 8 della Lumen Gentium. L&#8217;Associazione ha una dimensione europea, ma \u00e8 altres\u00ec aperta anche agli altri continenti. Ogni tre anni \u00e8 programmata una giornata comunitaria in occasione del congresso dell&#8217;Associazione dei Rettori dei Santuari (ARS). Peraltro l&#8217;AOM promuove ed organizza (anche in partenariato con altre istituzioni) giornate di formazione mariana aperte a tutti\/e. Questa associazione francese svolge generalmente [&hellip;]\" \/>\n<meta property=\"og:url\" content=\"https:\/\/banneux-nd.be\/it\/associazione-delle-opere-mariane\/\" \/>\n<meta property=\"og:site_name\" content=\"Banneux Notre-Dame\" \/>\n<meta property=\"article:publisher\" content=\"https:\/\/www.facebook.com\/NDBanneux\/\" \/>\n<meta property=\"article:modified_time\" content=\"2018-04-11T11:30:22+00:00\" \/>\n<meta name=\"twitter:card\" content=\"summary_large_image\" \/>\n<meta name=\"twitter:label1\" content=\"Tempo di lettura stimato\" \/>\n\t<meta name=\"twitter:data1\" content=\"1 minuto\" \/>\n<script type=\"application\/ld+json\" class=\"yoast-schema-graph\">{\"@context\":\"https:\\\/\\\/schema.org\",\"@graph\":[{\"@type\":\"WebPage\",\"@id\":\"https:\\\/\\\/banneux-nd.be\\\/it\\\/associazione-delle-opere-mariane\\\/\",\"url\":\"https:\\\/\\\/banneux-nd.be\\\/it\\\/associazione-delle-opere-mariane\\\/\",\"name\":\"Associazione delle Opere Mariane - Banneux Notre-Dame\",\"isPartOf\":{\"@id\":\"https:\\\/\\\/banneux-nd.be\\\/it\\\/#website\"},\"datePublished\":\"2018-01-29T15:58:04+00:00\",\"dateModified\":\"2018-04-11T11:30:22+00:00\",\"breadcrumb\":{\"@id\":\"https:\\\/\\\/banneux-nd.be\\\/it\\\/associazione-delle-opere-mariane\\\/#breadcrumb\"},\"inLanguage\":\"it-IT\",\"potentialAction\":[{\"@type\":\"ReadAction\",\"target\":[\"https:\\\/\\\/banneux-nd.be\\\/it\\\/associazione-delle-opere-mariane\\\/\"]}]},{\"@type\":\"BreadcrumbList\",\"@id\":\"https:\\\/\\\/banneux-nd.be\\\/it\\\/associazione-delle-opere-mariane\\\/#breadcrumb\",\"itemListElement\":[{\"@type\":\"ListItem\",\"position\":1,\"name\":\"Accueil\",\"item\":\"https:\\\/\\\/banneux-nd.be\\\/it\\\/\"},{\"@type\":\"ListItem\",\"position\":2,\"name\":\"Associazione delle Opere Mariane\"}]},{\"@type\":\"WebSite\",\"@id\":\"https:\\\/\\\/banneux-nd.be\\\/it\\\/#website\",\"url\":\"https:\\\/\\\/banneux-nd.be\\\/it\\\/\",\"name\":\"Banneux Notre-Dame\",\"description\":\"Sanctuaire de la Vierge des Pauvres (Belgique)\",\"potentialAction\":[{\"@type\":\"SearchAction\",\"target\":{\"@type\":\"EntryPoint\",\"urlTemplate\":\"https:\\\/\\\/banneux-nd.be\\\/it\\\/?s={search_term_string}\"},\"query-input\":{\"@type\":\"PropertyValueSpecification\",\"valueRequired\":true,\"valueName\":\"search_term_string\"}}],\"inLanguage\":\"it-IT\"}]}<\/script>\n<!-- \/ Yoast SEO plugin. -->","yoast_head_json":{"title":"Associazione delle Opere Mariane - Banneux Notre-Dame","robots":{"index":"index","follow":"follow","max-snippet":"max-snippet:-1","max-image-preview":"max-image-preview:large","max-video-preview":"max-video-preview:-1"},"canonical":"https:\/\/banneux-nd.be\/it\/associazione-delle-opere-mariane\/","og_locale":"it_IT","og_type":"article","og_title":"Associazione delle Opere Mariane - Banneux Notre-Dame","og_description":"L\u2019AOM (Associazione delle Opere Mariane) \u00e8 stata costituita nel 1961; ha ricevuto il suo mandato dalla Chiesa francese e, come istituzione di matrice cattolica, raggruppa i responsabili delle Opere mariane ed anche personalit\u00e0 ritenute significative per l&#8217;impegno profuso nella diffusione e nella maggiore conoscenza del culto mariano. La sua finalit\u00e0 principale consiste nel promuovere lo sviluppo dell&#8217;apostolato mariano alla luce del capitolo 8 della Lumen Gentium. L&#8217;Associazione ha una dimensione europea, ma \u00e8 altres\u00ec aperta anche agli altri continenti. Ogni tre anni \u00e8 programmata una giornata comunitaria in occasione del congresso dell&#8217;Associazione dei Rettori dei Santuari (ARS). Peraltro l&#8217;AOM promuove ed organizza (anche in partenariato con altre istituzioni) giornate di formazione mariana aperte a tutti\/e. Questa associazione francese svolge generalmente [&hellip;]","og_url":"https:\/\/banneux-nd.be\/it\/associazione-delle-opere-mariane\/","og_site_name":"Banneux Notre-Dame","article_publisher":"https:\/\/www.facebook.com\/NDBanneux\/","article_modified_time":"2018-04-11T11:30:22+00:00","twitter_card":"summary_large_image","twitter_misc":{"Tempo di lettura stimato":"1 minuto"},"schema":{"@context":"https:\/\/schema.org","@graph":[{"@type":"WebPage","@id":"https:\/\/banneux-nd.be\/it\/associazione-delle-opere-mariane\/","url":"https:\/\/banneux-nd.be\/it\/associazione-delle-opere-mariane\/","name":"Associazione delle Opere Mariane - Banneux Notre-Dame","isPartOf":{"@id":"https:\/\/banneux-nd.be\/it\/#website"},"datePublished":"2018-01-29T15:58:04+00:00","dateModified":"2018-04-11T11:30:22+00:00","breadcrumb":{"@id":"https:\/\/banneux-nd.be\/it\/associazione-delle-opere-mariane\/#breadcrumb"},"inLanguage":"it-IT","potentialAction":[{"@type":"ReadAction","target":["https:\/\/banneux-nd.be\/it\/associazione-delle-opere-mariane\/"]}]},{"@type":"BreadcrumbList","@id":"https:\/\/banneux-nd.be\/it\/associazione-delle-opere-mariane\/#breadcrumb","itemListElement":[{"@type":"ListItem","position":1,"name":"Accueil","item":"https:\/\/banneux-nd.be\/it\/"},{"@type":"ListItem","position":2,"name":"Associazione delle Opere Mariane"}]},{"@type":"WebSite","@id":"https:\/\/banneux-nd.be\/it\/#website","url":"https:\/\/banneux-nd.be\/it\/","name":"Banneux Notre-Dame","description":"Sanctuaire de la Vierge des Pauvres (Belgique)","potentialAction":[{"@type":"SearchAction","target":{"@type":"EntryPoint","urlTemplate":"https:\/\/banneux-nd.be\/it\/?s={search_term_string}"},"query-input":{"@type":"PropertyValueSpecification","valueRequired":true,"valueName":"search_term_string"}}],"inLanguage":"it-IT"}]}},"coauthors":[],"author_meta":{"author_link":"https:\/\/banneux-nd.be\/it\/author\/adminfr\/","display_name":"adminFR"},"relative_dates":{"created":"Pubblicato 8 anni fa","modified":"Aggiornato 8 anni fa"},"absolute_dates":{"created":"Pubblicato il 29 Gennaio 2018","modified":"Aggiornato il 11 Aprile 2018"},"absolute_dates_time":{"created":"Pubblicato il 29 Gennaio 2018 16:58","modified":"Aggiornato il 11 Aprile 2018 13:30"},"featured_img_caption":"","featured_img":false,"series_order":"","jetpack_sharing_enabled":true,"_links":{"self":[{"href":"https:\/\/banneux-nd.be\/it\/wp-json\/wp\/v2\/pages\/4167","targetHints":{"allow":["GET"]}}],"collection":[{"href":"https:\/\/banneux-nd.be\/it\/wp-json\/wp\/v2\/pages"}],"about":[{"href":"https:\/\/banneux-nd.be\/it\/wp-json\/wp\/v2\/types\/page"}],"author":[{"embeddable":true,"href":"https:\/\/banneux-nd.be\/it\/wp-json\/wp\/v2\/users\/2"}],"replies":[{"embeddable":true,"href":"https:\/\/banneux-nd.be\/it\/wp-json\/wp\/v2\/comments?post=4167"}],"version-history":[{"count":0,"href":"https:\/\/banneux-nd.be\/it\/wp-json\/wp\/v2\/pages\/4167\/revisions"}],"wp:attachment":[{"href":"https:\/\/banneux-nd.be\/it\/wp-json\/wp\/v2\/media?parent=4167"}],"curies":[{"name":"wp","href":"https:\/\/api.w.org\/{rel}","templated":true}]}}