{"id":4274,"date":"2018-02-09T11:58:53","date_gmt":"2018-02-09T10:58:53","guid":{"rendered":"http:\/\/wwwwp2.banneux-nd.be\/banneux-notre-dame\/gli-avvenimenti-1933\/mariette\/"},"modified":"2018-04-21T22:36:12","modified_gmt":"2018-04-21T20:36:12","slug":"mariette","status":"publish","type":"page","link":"https:\/\/banneux-nd.be\/it\/mariette\/","title":{"rendered":"Mariette"},"content":{"rendered":"<p class=\"rtejustify\" style=\"text-align: justify;\"><img fetchpriority=\"high\" decoding=\"async\" style=\"padding: 5px; margin-right: 5px;\" src=\"https:\/\/banneux-nd.be\/wp-content\/uploads\/2017\/08\/Sanctuaire de Banneux - Photographie de Mariette Beco2 - 80 ans.jpg\" alt=\"\" width=\"210\" height=\"298\" align=\"left\" \/><strong>Colei alla quale la Vergine dei Poveri rese visita otto volte, \u00e8 deceduta il 2 dicembre 2011, all\u2019et\u00e0 di 90 anni, andando a rivedere quella <em>Bella Signora<\/em>\u00a0che le dest\u00f2 l&#8217;iniziale stupore del gennaio 1933.<\/strong><\/p>\n<p class=\"rtejustify\" style=\"text-align: justify;\">Mariette B\u00e9co non amava che si parlasse di lei, anzi ha sempre voluto rimanere nel nascondimento, evitando di parlare in pubblico, non rilasciando dichiarazioni, chiedendo sempre discrezione assoluta.<\/p>\n<p class=\"rtejustify\" style=\"text-align: justify;\"><strong>Discrezione<\/strong><br \/>\nHa gelosamente salvaguardato la riservatezza.\u00a0Fin dal momento dell\u2019ultima apparizione si \u00e8 appartata non parlando pi\u00f9 del messaggio ricevuto se non in occasione degli interrogatori resi necessari dalle inchieste in corso sui fatti.<br \/>\nEd ha scoraggiato le intenzioni di coloro che volevano ricevere le sue confidenze su quei fatti: \u201c<em>Ci\u00f2 che non si vuole capire \u00e8 che non sono sono stata altro che un fattorino al quale la Vergine ha consegnato un messaggio. Non avevo altro incarico che consegnare il messaggio. Ci\u00f2 fatto il mio mandato si \u00e8 concluso<\/em>. <em>Ho detto ci\u00f2 che dovevo dire. Non c\u2019\u00e8 alcuna parola da aggiungere od alcun termine da rettificare.<\/em>\u201d<\/p>\n<p class=\"rtejustify\" style=\"text-align: justify;\">Durante la visita di Papa Giovanni Paolo II, nel 1985, ha accettato di incontrare il Santo Padre in sacrestia, lontano da sguardi indiscreti e, successivamente, si \u00e8 mischiata al gruppo di coloro che accompagnavano persone disabili. Fino al 2000 ha partecipato a tutti i pi\u00f9 importanti incontri religiosi svoltisi a Banneux, ma sempre con atteggiamento appartato e silenzioso. Tale atteggiamento ha mantenuto anche nella sua vita quotidiana; la si poteva vedere -sia al Santuario, sia nei negozi di vicinato a Pepinster- sempre al di fuori delle ore di punta.<\/p>\n<p class=\"rtejustify\" style=\"text-align: justify;\"><strong>Tentativi di adulazione<\/strong><img decoding=\"async\" style=\"padding: 5px; margin-left: 5px;\" src=\"https:\/\/banneux-nd.be\/wp-content\/uploads\/2017\/08\/Mariette et sa soeur.jpg\" alt=\"\" width=\"326\" height=\"305\" align=\"right\" \/><br \/>\nCi\u00f2 non significa che non sia stata oggetto di tentativi di adulazione.<br \/>\nDa giovane fu importunata da visitatori che invadevano la casa per vederla, parlarle, interrogarla, qualcuno anche per burlarla.<br \/>\nAltri cercavano di conquistarla con doni.<br \/>\nProprio per sottrarla a questa curiosit\u00e0, gi\u00e0 dal giorno 8 marzo del 1933 si decise di trasferirla presso la scuola di Aywaille, dove si recava quotidianamente in bus,\u00a0gestita da Religiose. Queste Suore hanno annotato particolari gesti di attenzione per un bimbo povero, al quale offriva la sua merenda o portava modesti abiti dismessi provenienti da casa. Ma, anche ad Aywaille, le visite si moltiplicarono. Sovente Mariette, pertanto, si nascondeva o tentava di fuggire dagli importuni. All&#8217;inizio si rese disponibile ad apporre la sua firma su semplici immagini religiose ma, in breve tempo, rifiut\u00f2 anche questa prassi. Infine, dopo le vacanze estive del 1933, non frequent\u00f2 pi\u00f9 la scuola ad Aywaille.<\/p>\n<p class=\"rtejustify\" style=\"text-align: justify;\"><strong>Adolescenza<\/strong><img decoding=\"async\" style=\"padding: 5px; margin-right: 5px;\" src=\"https:\/\/banneux-nd.be\/wp-content\/uploads\/2017\/08\/Mariette Adolescente1.jpg\" alt=\"\" align=\"left\" \/><br \/>\nNel frattempo i coniugi De Smet, ferventi pellegrini di Banneux e che conoscevano le difficolt\u00e0 economiche della famiglia B\u00e9co, avevano proposto al pap\u00e0 di Mariette di prendersi cura del piccolo Andr\u00e9, dichiarandosi pronti ad accoglierlo nella loro abitazione di Tlidonk. Era il 5 maggio 1933.<\/p>\n<p class=\"rtejustify\" style=\"text-align: justify;\">Successivamente, i De Smet proposero anche a Mariette di trasferirsi a Tildonk; qui frequent\u00f2 l\u2019anno scolastico 1933-34, ospitata dalle Orsoline, e non la si vide a Banneux che durante le vacanze.<\/p>\n<p class=\"rtejustify\" style=\"text-align: justify;\">L\u2019anno successivo frequent\u00f2 la scuola a Verviers.<\/p>\n<p class=\"rtejustify\" style=\"text-align: justify;\">Nel 1935 entr\u00f2 nella clinica \u201cSanta Rosalia\u201d di Liegi in qualit\u00e0 di aiuto infermiera. La Superiore, Sr. Lutgarde, divenuta sua grande confidente, benefici\u00f2 di guarigione spettacolare, operata dalla Vergine dei Poveri, raccontata a pag. 143 del libro <em>Pi\u00e8ces \u00e0 conviction<\/em>.<\/p>\n<p class=\"rtejustify\" style=\"text-align: justify;\">Mariette si affezion\u00f2 a Sr. Lutgarde, prestando servizio presso la clinica Peltzer a Verviers ed alla clinica Santa Rosalia.<\/p>\n<p class=\"rtejustify\" style=\"text-align: justify;\"><strong>Il periodo bellico ed il matrimonio<\/strong><img decoding=\"async\" style=\"padding: 5px; margin-left: 5px;\" src=\"https:\/\/banneux-nd.be\/wp-content\/uploads\/2017\/08\/Mariette avec un ch\u00e2le.jpeg\" alt=\"\" width=\"271\" height=\"318\" align=\"right\" \/><br \/>\nTemendo di dover subire dei bombardamenti a causa della vicinanza con il confine tedesco i B\u00e9co si trasferirono in Francia, a Tulle, dove Mariette lavor\u00f2 come operaia. La famiglia rientr\u00f2 poi in Belgio allorch\u00e8 la mamma di Mariette fu prossima a partorire.<br \/>\nDurante la guerra Mariette ader\u00ec alla Resistenza aiutando soldati ed aviatori che, fuggiti dalla Germania, trovavano rifugio in un granaio nei pressi della Cappella di Tancr\u00e9mont. A motivo di ci\u00f2 dopo la guerra le fu conferita una onoreficenza, da lei per\u00f2 rifiutata.<\/p>\n<p class=\"rtejustify\" style=\"text-align: justify;\">Nel frattempo, all\u2019et\u00e0 di 21 anni, Mariette si era sposata, pur contro il parere dei parenti B\u00e9co che non approvavano la sua scelta, con Mathieu Hoeberigs. I coniugi aprirono un ristorante a Banneux e dal matrimonio nacquero tre figli: Jean-Marie, Myriam, Lutgarde, quest\u2019ultima vissuta per poche ore.<br \/>\nDopo questa gravidanza Mariette sub\u00ec forti emorragie che la portarono in fin di vita.<br \/>\nGravi conflitti tra i coniugi sorsero quando (si vedano le memorie dell\u2019Abate Jamin relative al 3 settembre 1957) \u201c<em>Dei visitatori sconosciuti hanno offerto a Mariette una somma ragguardevole affinch\u00e9 ella abbandoni Banneux e neghi per scritto le apparizioni. Mariette li ha allontanati vigorosamente, mentre il marito, Mathieu, era sul punto di cedere. Mariette \u00e8 intervenuta e si \u00e8 violentemente opposta<\/em>\u201d.<\/p>\n<p class=\"rtejustify\" style=\"text-align: justify;\">L\u2019inevitabile rottura port\u00f2 Mariette a trasferirsi a Pepinster, dove apr\u00ec una \u201cfriterie\u201d e poi, dal 1972, nei pressi della Cappella di Tancr\u00e9mont, dove visse con Raymond (morto nel 1989) per alcuni anni.<\/p>\n<p class=\"rtejustify\" style=\"text-align: justify;\"><img loading=\"lazy\" decoding=\"async\" style=\"padding: 5px; margin-right: 5px;\" src=\"https:\/\/banneux-nd.be\/wp-content\/uploads\/2017\/08\/Fun\u00e9railles Mariette 2.jpg\" alt=\"\" width=\"238\" height=\"340\" align=\"left\" \/><strong>Preghiera e sofferenza<\/strong><\/p>\n<p class=\"rtejustify\" style=\"text-align: justify;\">In un altro documento dell\u2019Abate Jamin si legge la testimonianza di Padre Echtbertus: \u201c<em>Il 13 ottobre 1958, alle 5 del mattino, sono stato sorpreso dal trovare, profondamente assorta nella preghiera, la testa tra le mani, Mariette in piedi davanti alla piccola Cappella delle Apparizioni. Per tutto il tempo in cui sono<\/em> <em>rimasto non ha manifestato minima curiosit\u00e0 per ci\u00f2 che accadeva intorno<\/em>\u201d.<br \/>\nTestimonianze analoghe ha rilasciato Fratel Yves che, abitando la casa B\u00e9co, la vedeva sovente di notte pregare presso la Cappella delle Apparizioni.<\/p>\n<p class=\"rtejustify\" style=\"text-align: justify;\">Mariette ha sofferto per tutta la vita, non solo per le calunnie gettate sul suo conto.<br \/>\nNegli ultimi anni, differenti infermit\u00e0 hanno colpito vista ed udito, poi l\u2019autonomia di movimento. Nel 2007 la morte del fratello Ren\u00e9, nel 2008 quella della figlia Myriam, nel 2009 la sorella Simone.<br \/>\nAllora ebbe a dire: \u201c<em>Non riesco a capire. La Vergine mi ha detto <\/em>Vengo ad alleviare la sofferenza<em>; ma io non smetto di soffrire la quando avevo sei anni; perch\u00e9?<\/em>\u201d<\/p>\n<p class=\"rtejustify\" style=\"text-align: justify;\">La notte dormiva due o tre ore, poi pregava, sdraiata nel letto. Nei momenti di maggior sofferenza richiamava le parole della Vergine: \u201c<em>Io pregher\u00f2 per te.<\/em>\u201d<\/p>\n","protected":false},"excerpt":{"rendered":"<p>Colei alla quale la Vergine dei Poveri rese visita otto volte, \u00e8 deceduta il 2 dicembre 2011, all\u2019et\u00e0 di 90 anni, andando a rivedere quella Bella Signora\u00a0che le dest\u00f2 l&#8217;iniziale stupore del gennaio 1933. Mariette B\u00e9co non amava che si parlasse di lei, anzi ha sempre voluto rimanere nel nascondimento, evitando di parlare in pubblico, non rilasciando dichiarazioni, chiedendo sempre discrezione assoluta. Discrezione Ha gelosamente salvaguardato la riservatezza.\u00a0Fin dal momento dell\u2019ultima apparizione si \u00e8 appartata non parlando pi\u00f9 del messaggio ricevuto se non in occasione degli interrogatori resi necessari dalle inchieste in corso sui fatti. Ed ha scoraggiato le intenzioni di coloro che volevano ricevere le sue confidenze su quei fatti: \u201cCi\u00f2 che non si vuole capire \u00e8 che non [&hellip;]<\/p>\n","protected":false},"author":2,"featured_media":0,"parent":0,"menu_order":0,"comment_status":"closed","ping_status":"closed","template":"","meta":{"advgb_blocks_editor_width":"","advgb_blocks_columns_visual_guide":"","jetpack_post_was_ever_published":false,"footnotes":""},"class_list":["post-4274","page","type-page","status-publish","hentry"],"yoast_head":"<!-- This site is optimized with the Yoast SEO plugin v27.3 - https:\/\/yoast.com\/product\/yoast-seo-wordpress\/ -->\n<title>Mariette - Banneux Notre-Dame<\/title>\n<meta name=\"robots\" content=\"index, follow, max-snippet:-1, max-image-preview:large, max-video-preview:-1\" \/>\n<link rel=\"canonical\" href=\"https:\/\/banneux-nd.be\/it\/mariette\/\" \/>\n<meta property=\"og:locale\" content=\"it_IT\" \/>\n<meta property=\"og:type\" content=\"article\" \/>\n<meta property=\"og:title\" content=\"Mariette - Banneux Notre-Dame\" \/>\n<meta property=\"og:description\" content=\"Colei alla quale la Vergine dei Poveri rese visita otto volte, \u00e8 deceduta il 2 dicembre 2011, all\u2019et\u00e0 di 90 anni, andando a rivedere quella Bella Signora\u00a0che le dest\u00f2 l&#8217;iniziale stupore del gennaio 1933. Mariette B\u00e9co non amava che si parlasse di lei, anzi ha sempre voluto rimanere nel nascondimento, evitando di parlare in pubblico, non rilasciando dichiarazioni, chiedendo sempre discrezione assoluta. Discrezione Ha gelosamente salvaguardato la riservatezza.\u00a0Fin dal momento dell\u2019ultima apparizione si \u00e8 appartata non parlando pi\u00f9 del messaggio ricevuto se non in occasione degli interrogatori resi necessari dalle inchieste in corso sui fatti. Ed ha scoraggiato le intenzioni di coloro che volevano ricevere le sue confidenze su quei fatti: \u201cCi\u00f2 che non si vuole capire \u00e8 che non [&hellip;]\" \/>\n<meta property=\"og:url\" content=\"https:\/\/banneux-nd.be\/it\/mariette\/\" \/>\n<meta property=\"og:site_name\" content=\"Banneux Notre-Dame\" \/>\n<meta property=\"article:publisher\" content=\"https:\/\/www.facebook.com\/NDBanneux\/\" \/>\n<meta property=\"article:modified_time\" content=\"2018-04-21T20:36:12+00:00\" \/>\n<meta property=\"og:image\" content=\"https:\/\/banneux-nd.be\/wp-content\/uploads\/2017\/08\/Sanctuaire%20de%20Banneux%20-%20Photographie%20de%20Mariette%20Beco2%20-%2080%20ans.jpg\" \/>\n<meta name=\"twitter:card\" content=\"summary_large_image\" \/>\n<meta name=\"twitter:label1\" content=\"Tempo di lettura stimato\" \/>\n\t<meta name=\"twitter:data1\" content=\"5 minuti\" \/>\n<script type=\"application\/ld+json\" class=\"yoast-schema-graph\">{\"@context\":\"https:\\\/\\\/schema.org\",\"@graph\":[{\"@type\":\"WebPage\",\"@id\":\"https:\\\/\\\/banneux-nd.be\\\/it\\\/mariette\\\/\",\"url\":\"https:\\\/\\\/banneux-nd.be\\\/it\\\/mariette\\\/\",\"name\":\"Mariette - Banneux Notre-Dame\",\"isPartOf\":{\"@id\":\"https:\\\/\\\/banneux-nd.be\\\/it\\\/#website\"},\"datePublished\":\"2018-02-09T10:58:53+00:00\",\"dateModified\":\"2018-04-21T20:36:12+00:00\",\"breadcrumb\":{\"@id\":\"https:\\\/\\\/banneux-nd.be\\\/it\\\/mariette\\\/#breadcrumb\"},\"inLanguage\":\"it-IT\",\"potentialAction\":[{\"@type\":\"ReadAction\",\"target\":[\"https:\\\/\\\/banneux-nd.be\\\/it\\\/mariette\\\/\"]}]},{\"@type\":\"BreadcrumbList\",\"@id\":\"https:\\\/\\\/banneux-nd.be\\\/it\\\/mariette\\\/#breadcrumb\",\"itemListElement\":[{\"@type\":\"ListItem\",\"position\":1,\"name\":\"Accueil\",\"item\":\"https:\\\/\\\/banneux-nd.be\\\/it\\\/\"},{\"@type\":\"ListItem\",\"position\":2,\"name\":\"Mariette\"}]},{\"@type\":\"WebSite\",\"@id\":\"https:\\\/\\\/banneux-nd.be\\\/it\\\/#website\",\"url\":\"https:\\\/\\\/banneux-nd.be\\\/it\\\/\",\"name\":\"Banneux Notre-Dame\",\"description\":\"Sanctuaire de la Vierge des Pauvres (Belgique)\",\"potentialAction\":[{\"@type\":\"SearchAction\",\"target\":{\"@type\":\"EntryPoint\",\"urlTemplate\":\"https:\\\/\\\/banneux-nd.be\\\/it\\\/?s={search_term_string}\"},\"query-input\":{\"@type\":\"PropertyValueSpecification\",\"valueRequired\":true,\"valueName\":\"search_term_string\"}}],\"inLanguage\":\"it-IT\"}]}<\/script>\n<!-- \/ Yoast SEO plugin. -->","yoast_head_json":{"title":"Mariette - Banneux Notre-Dame","robots":{"index":"index","follow":"follow","max-snippet":"max-snippet:-1","max-image-preview":"max-image-preview:large","max-video-preview":"max-video-preview:-1"},"canonical":"https:\/\/banneux-nd.be\/it\/mariette\/","og_locale":"it_IT","og_type":"article","og_title":"Mariette - Banneux Notre-Dame","og_description":"Colei alla quale la Vergine dei Poveri rese visita otto volte, \u00e8 deceduta il 2 dicembre 2011, all\u2019et\u00e0 di 90 anni, andando a rivedere quella Bella Signora\u00a0che le dest\u00f2 l&#8217;iniziale stupore del gennaio 1933. Mariette B\u00e9co non amava che si parlasse di lei, anzi ha sempre voluto rimanere nel nascondimento, evitando di parlare in pubblico, non rilasciando dichiarazioni, chiedendo sempre discrezione assoluta. Discrezione Ha gelosamente salvaguardato la riservatezza.\u00a0Fin dal momento dell\u2019ultima apparizione si \u00e8 appartata non parlando pi\u00f9 del messaggio ricevuto se non in occasione degli interrogatori resi necessari dalle inchieste in corso sui fatti. Ed ha scoraggiato le intenzioni di coloro che volevano ricevere le sue confidenze su quei fatti: \u201cCi\u00f2 che non si vuole capire \u00e8 che non [&hellip;]","og_url":"https:\/\/banneux-nd.be\/it\/mariette\/","og_site_name":"Banneux Notre-Dame","article_publisher":"https:\/\/www.facebook.com\/NDBanneux\/","article_modified_time":"2018-04-21T20:36:12+00:00","og_image":[{"url":"https:\/\/banneux-nd.be\/wp-content\/uploads\/2017\/08\/Sanctuaire de Banneux - Photographie de Mariette Beco2 - 80 ans.jpg","type":"","width":"","height":""}],"twitter_card":"summary_large_image","twitter_misc":{"Tempo di lettura stimato":"5 minuti"},"schema":{"@context":"https:\/\/schema.org","@graph":[{"@type":"WebPage","@id":"https:\/\/banneux-nd.be\/it\/mariette\/","url":"https:\/\/banneux-nd.be\/it\/mariette\/","name":"Mariette - Banneux Notre-Dame","isPartOf":{"@id":"https:\/\/banneux-nd.be\/it\/#website"},"datePublished":"2018-02-09T10:58:53+00:00","dateModified":"2018-04-21T20:36:12+00:00","breadcrumb":{"@id":"https:\/\/banneux-nd.be\/it\/mariette\/#breadcrumb"},"inLanguage":"it-IT","potentialAction":[{"@type":"ReadAction","target":["https:\/\/banneux-nd.be\/it\/mariette\/"]}]},{"@type":"BreadcrumbList","@id":"https:\/\/banneux-nd.be\/it\/mariette\/#breadcrumb","itemListElement":[{"@type":"ListItem","position":1,"name":"Accueil","item":"https:\/\/banneux-nd.be\/it\/"},{"@type":"ListItem","position":2,"name":"Mariette"}]},{"@type":"WebSite","@id":"https:\/\/banneux-nd.be\/it\/#website","url":"https:\/\/banneux-nd.be\/it\/","name":"Banneux Notre-Dame","description":"Sanctuaire de la Vierge des Pauvres (Belgique)","potentialAction":[{"@type":"SearchAction","target":{"@type":"EntryPoint","urlTemplate":"https:\/\/banneux-nd.be\/it\/?s={search_term_string}"},"query-input":{"@type":"PropertyValueSpecification","valueRequired":true,"valueName":"search_term_string"}}],"inLanguage":"it-IT"}]}},"coauthors":[],"author_meta":{"author_link":"https:\/\/banneux-nd.be\/it\/author\/adminfr\/","display_name":"adminFR"},"relative_dates":{"created":"Pubblicato 8 anni fa","modified":"Aggiornato 8 anni fa"},"absolute_dates":{"created":"Pubblicato il 9 Febbraio 2018","modified":"Aggiornato il 21 Aprile 2018"},"absolute_dates_time":{"created":"Pubblicato il 9 Febbraio 2018 11:58","modified":"Aggiornato il 21 Aprile 2018 22:36"},"featured_img_caption":"","featured_img":false,"series_order":"","jetpack_sharing_enabled":true,"_links":{"self":[{"href":"https:\/\/banneux-nd.be\/it\/wp-json\/wp\/v2\/pages\/4274","targetHints":{"allow":["GET"]}}],"collection":[{"href":"https:\/\/banneux-nd.be\/it\/wp-json\/wp\/v2\/pages"}],"about":[{"href":"https:\/\/banneux-nd.be\/it\/wp-json\/wp\/v2\/types\/page"}],"author":[{"embeddable":true,"href":"https:\/\/banneux-nd.be\/it\/wp-json\/wp\/v2\/users\/2"}],"replies":[{"embeddable":true,"href":"https:\/\/banneux-nd.be\/it\/wp-json\/wp\/v2\/comments?post=4274"}],"version-history":[{"count":0,"href":"https:\/\/banneux-nd.be\/it\/wp-json\/wp\/v2\/pages\/4274\/revisions"}],"wp:attachment":[{"href":"https:\/\/banneux-nd.be\/it\/wp-json\/wp\/v2\/media?parent=4274"}],"curies":[{"name":"wp","href":"https:\/\/api.w.org\/{rel}","templated":true}]}}