{"id":7785,"date":"2018-05-11T16:13:51","date_gmt":"2018-05-11T14:13:51","guid":{"rendered":"http:\/\/wwwwp2.banneux-nd.be\/linchiesta\/"},"modified":"2018-05-11T20:52:15","modified_gmt":"2018-05-11T18:52:15","slug":"linchiesta","status":"publish","type":"page","link":"https:\/\/banneux-nd.be\/it\/linchiesta\/","title":{"rendered":"L\u2019inchiesta"},"content":{"rendered":"<p style=\"text-align: justify;\">Ai primi annunci delle Apparizioni il Vescovo di Liegi, Mons. Louis-Joseph Kerkhofs si mostr\u00f2 dapprima scettico, quasi ostile.<\/p>\n<p style=\"text-align: justify;\">Ben presto, tuttavia, acquis\u00ec convinzione profonda del valore intrinseco del messaggio, ma anche della devozione che iniziava a manifestarsi a Banneux, lontana da stravaganze o fanatismi.<\/p>\n<p style=\"text-align: justify;\"><img decoding=\"async\" style=\"width: 100%;\" src=\"https:\/\/banneux-nd.be\/wp-content\/uploads\/2017\/08\/Panoramique Source.jpg\"Ciononostante lavor\u00f2 con estrema prudenza nella considerazione dei fatti accaduti a Mariette.<\/p>\n<p style=\"text-align: justify;\">Con grande discrezione, nel rispetto della fiducia dei fedeli e della dottrina della Chiesa, istitu\u00ec una prima Commissione di inchiesta, impegnata in una lunga procedura, poich\u00e9 non si trattava solo di autorizzare il culto verso la Vergine dei Poveri, ma di analizzare la veridicit\u00e0 dei fatti.<\/p>\n<p style=\"text-align: justify;\">Con rigore teologico e storico, settantatre testimoni sono stati auditi e numerosi esperti (medici, storici, teologi) hanno espresso le loro opinioni.<\/p>\n<p style=\"text-align: justify;\">Tuttavia Mons. Vescovo pot\u00e9 vincere ogni esitazione e superare ogni obiezione grazie al poderoso lavoro di analisi e di critica redatto dal Gesuita Ren\u00e9 Rutten.<\/p>\n<p style=\"text-align: justify;\">Cos\u00ec, nel 1942 Mons. Kerkhofs si pronunci\u00f2 favorevolmente in merito al culto ed ai fatti di Banneux, confermandoli nel 1947.<\/p>\n<p style=\"text-align: justify;\">Con la dichiarazione del 22 agosto 1949, come Pastore della Chiesa, Mons. Kerkhofs diede ai fedeli sicurezza in merito alla purezza evangelica del messaggio ed alla realt\u00e0 degli avvenimenti.<\/p>\n<p style=\"text-align: justify;\">Il rigore della veggente, la sua umilt\u00e0 e disponibilit\u00e0, il suo disinteresse, hanno permesso di esprimere un giudizio chiaro: Maria \u00e8 apparsa a questa ragazza durante l\u2019inverno del 1933 e ci ha indirizzato delle parole, un messaggio, che Mariette B\u00e9co ci ha trasmesso fedelmente.<\/p>\n","protected":false},"excerpt":{"rendered":"<p>Ai primi annunci delle Apparizioni il Vescovo di Liegi, Mons. Louis-Joseph Kerkhofs si mostr\u00f2 dapprima scettico, quasi ostile. Ben presto, tuttavia, acquis\u00ec convinzione profonda del valore intrinseco del messaggio, ma anche della devozione che iniziava a manifestarsi a Banneux, lontana da stravaganze o fanatismi.<\/p>\n","protected":false},"author":2,"featured_media":0,"parent":0,"menu_order":0,"comment_status":"closed","ping_status":"closed","template":"","meta":{"advgb_blocks_editor_width":"","advgb_blocks_columns_visual_guide":"","jetpack_post_was_ever_published":false,"footnotes":""},"class_list":["post-7785","page","type-page","status-publish","hentry"],"yoast_head":"<!-- This site is optimized with the Yoast SEO plugin v27.4 - https:\/\/yoast.com\/product\/yoast-seo-wordpress\/ -->\n<title>L\u2019inchiesta - Banneux Notre-Dame<\/title>\n<meta name=\"robots\" content=\"index, follow, max-snippet:-1, max-image-preview:large, max-video-preview:-1\" \/>\n<link rel=\"canonical\" href=\"https:\/\/banneux-nd.be\/it\/linchiesta\/\" \/>\n<meta property=\"og:locale\" content=\"it_IT\" \/>\n<meta property=\"og:type\" content=\"article\" \/>\n<meta property=\"og:title\" content=\"L\u2019inchiesta - Banneux Notre-Dame\" \/>\n<meta property=\"og:description\" content=\"Ai primi annunci delle Apparizioni il Vescovo di Liegi, Mons. Louis-Joseph Kerkhofs si mostr\u00f2 dapprima scettico, quasi ostile. Ben presto, tuttavia, acquis\u00ec convinzione profonda del valore intrinseco del messaggio, ma anche della devozione che iniziava a manifestarsi a Banneux, lontana da stravaganze o fanatismi.\" \/>\n<meta property=\"og:url\" content=\"https:\/\/banneux-nd.be\/it\/linchiesta\/\" \/>\n<meta property=\"og:site_name\" content=\"Banneux Notre-Dame\" \/>\n<meta property=\"article:publisher\" content=\"https:\/\/www.facebook.com\/NDBanneux\/\" \/>\n<meta property=\"article:modified_time\" content=\"2018-05-11T18:52:15+00:00\" \/>\n<meta property=\"og:image\" content=\"https:\/\/banneux-nd.be\/wp-content\/uploads\/2017\/08\/Panoramique%20Source.jpg\" \/>\n<meta name=\"twitter:card\" content=\"summary_large_image\" \/>\n<script type=\"application\/ld+json\" class=\"yoast-schema-graph\">{\"@context\":\"https:\\\/\\\/schema.org\",\"@graph\":[{\"@type\":\"WebPage\",\"@id\":\"https:\\\/\\\/banneux-nd.be\\\/it\\\/linchiesta\\\/\",\"url\":\"https:\\\/\\\/banneux-nd.be\\\/it\\\/linchiesta\\\/\",\"name\":\"L\u2019inchiesta - Banneux Notre-Dame\",\"isPartOf\":{\"@id\":\"https:\\\/\\\/banneux-nd.be\\\/it\\\/#website\"},\"datePublished\":\"2018-05-11T14:13:51+00:00\",\"dateModified\":\"2018-05-11T18:52:15+00:00\",\"breadcrumb\":{\"@id\":\"https:\\\/\\\/banneux-nd.be\\\/it\\\/linchiesta\\\/#breadcrumb\"},\"inLanguage\":\"it-IT\",\"potentialAction\":[{\"@type\":\"ReadAction\",\"target\":[\"https:\\\/\\\/banneux-nd.be\\\/it\\\/linchiesta\\\/\"]}]},{\"@type\":\"BreadcrumbList\",\"@id\":\"https:\\\/\\\/banneux-nd.be\\\/it\\\/linchiesta\\\/#breadcrumb\",\"itemListElement\":[{\"@type\":\"ListItem\",\"position\":1,\"name\":\"Accueil\",\"item\":\"https:\\\/\\\/banneux-nd.be\\\/it\\\/\"},{\"@type\":\"ListItem\",\"position\":2,\"name\":\"L\u2019inchiesta\"}]},{\"@type\":\"WebSite\",\"@id\":\"https:\\\/\\\/banneux-nd.be\\\/it\\\/#website\",\"url\":\"https:\\\/\\\/banneux-nd.be\\\/it\\\/\",\"name\":\"Banneux Notre-Dame\",\"description\":\"Sanctuaire de la Vierge des Pauvres (Belgique)\",\"potentialAction\":[{\"@type\":\"SearchAction\",\"target\":{\"@type\":\"EntryPoint\",\"urlTemplate\":\"https:\\\/\\\/banneux-nd.be\\\/it\\\/?s={search_term_string}\"},\"query-input\":{\"@type\":\"PropertyValueSpecification\",\"valueRequired\":true,\"valueName\":\"search_term_string\"}}],\"inLanguage\":\"it-IT\"}]}<\/script>\n<!-- \/ Yoast SEO plugin. -->","yoast_head_json":{"title":"L\u2019inchiesta - Banneux Notre-Dame","robots":{"index":"index","follow":"follow","max-snippet":"max-snippet:-1","max-image-preview":"max-image-preview:large","max-video-preview":"max-video-preview:-1"},"canonical":"https:\/\/banneux-nd.be\/it\/linchiesta\/","og_locale":"it_IT","og_type":"article","og_title":"L\u2019inchiesta - Banneux Notre-Dame","og_description":"Ai primi annunci delle Apparizioni il Vescovo di Liegi, Mons. Louis-Joseph Kerkhofs si mostr\u00f2 dapprima scettico, quasi ostile. Ben presto, tuttavia, acquis\u00ec convinzione profonda del valore intrinseco del messaggio, ma anche della devozione che iniziava a manifestarsi a Banneux, lontana da stravaganze o fanatismi.","og_url":"https:\/\/banneux-nd.be\/it\/linchiesta\/","og_site_name":"Banneux Notre-Dame","article_publisher":"https:\/\/www.facebook.com\/NDBanneux\/","article_modified_time":"2018-05-11T18:52:15+00:00","og_image":[{"url":"https:\/\/banneux-nd.be\/wp-content\/uploads\/2017\/08\/Panoramique Source.jpg","type":"","width":"","height":""}],"twitter_card":"summary_large_image","schema":{"@context":"https:\/\/schema.org","@graph":[{"@type":"WebPage","@id":"https:\/\/banneux-nd.be\/it\/linchiesta\/","url":"https:\/\/banneux-nd.be\/it\/linchiesta\/","name":"L\u2019inchiesta - Banneux Notre-Dame","isPartOf":{"@id":"https:\/\/banneux-nd.be\/it\/#website"},"datePublished":"2018-05-11T14:13:51+00:00","dateModified":"2018-05-11T18:52:15+00:00","breadcrumb":{"@id":"https:\/\/banneux-nd.be\/it\/linchiesta\/#breadcrumb"},"inLanguage":"it-IT","potentialAction":[{"@type":"ReadAction","target":["https:\/\/banneux-nd.be\/it\/linchiesta\/"]}]},{"@type":"BreadcrumbList","@id":"https:\/\/banneux-nd.be\/it\/linchiesta\/#breadcrumb","itemListElement":[{"@type":"ListItem","position":1,"name":"Accueil","item":"https:\/\/banneux-nd.be\/it\/"},{"@type":"ListItem","position":2,"name":"L\u2019inchiesta"}]},{"@type":"WebSite","@id":"https:\/\/banneux-nd.be\/it\/#website","url":"https:\/\/banneux-nd.be\/it\/","name":"Banneux Notre-Dame","description":"Sanctuaire de la Vierge des Pauvres (Belgique)","potentialAction":[{"@type":"SearchAction","target":{"@type":"EntryPoint","urlTemplate":"https:\/\/banneux-nd.be\/it\/?s={search_term_string}"},"query-input":{"@type":"PropertyValueSpecification","valueRequired":true,"valueName":"search_term_string"}}],"inLanguage":"it-IT"}]}},"coauthors":[],"author_meta":{"author_link":"https:\/\/banneux-nd.be\/it\/author\/adminfr\/","display_name":"adminFR"},"relative_dates":{"created":"Pubblicato 8 anni fa","modified":"Aggiornato 8 anni fa"},"absolute_dates":{"created":"Pubblicato il 11 Maggio 2018","modified":"Aggiornato il 11 Maggio 2018"},"absolute_dates_time":{"created":"Pubblicato il 11 Maggio 2018 16:13","modified":"Aggiornato il 11 Maggio 2018 20:52"},"featured_img_caption":"","featured_img":false,"series_order":"","jetpack_sharing_enabled":true,"_links":{"self":[{"href":"https:\/\/banneux-nd.be\/it\/wp-json\/wp\/v2\/pages\/7785","targetHints":{"allow":["GET"]}}],"collection":[{"href":"https:\/\/banneux-nd.be\/it\/wp-json\/wp\/v2\/pages"}],"about":[{"href":"https:\/\/banneux-nd.be\/it\/wp-json\/wp\/v2\/types\/page"}],"author":[{"embeddable":true,"href":"https:\/\/banneux-nd.be\/it\/wp-json\/wp\/v2\/users\/2"}],"replies":[{"embeddable":true,"href":"https:\/\/banneux-nd.be\/it\/wp-json\/wp\/v2\/comments?post=7785"}],"version-history":[{"count":0,"href":"https:\/\/banneux-nd.be\/it\/wp-json\/wp\/v2\/pages\/7785\/revisions"}],"wp:attachment":[{"href":"https:\/\/banneux-nd.be\/it\/wp-json\/wp\/v2\/media?parent=7785"}],"curies":[{"name":"wp","href":"https:\/\/api.w.org\/{rel}","templated":true}]}}