{"id":8722,"date":"2018-05-31T08:41:38","date_gmt":"2018-05-31T06:41:38","guid":{"rendered":"http:\/\/www.banneux-nd.be\/pellegrinaggi-di-un-giorno\/"},"modified":"2021-11-10T09:12:56","modified_gmt":"2021-11-10T08:12:56","slug":"pellegrinaggi-di-un-giorno","status":"publish","type":"page","link":"https:\/\/banneux-nd.be\/it\/pellegrinaggi-di-un-giorno\/","title":{"rendered":"Pellegrinaggi"},"content":{"rendered":"<p class=\"rtejustify\"><strong>Per organizzare un pellegrinaggio di un giorno:<\/strong><\/p>\n<p class=\"rtejustify\" style=\"text-align: justify;\"><strong>1. Compilare il\u00a0<a href=\"https:\/\/banneux-nd.be\/it\/formulaire-inscription-pelerinage\/\" target=\"_blank\" rel=\"noopener noreferrer\">modulo di iscrizione<\/a>.<\/strong> Le informazioni che fornirete contribuiranno ad organizzare la migliore accoglienza del Vostro gruppo; chiediamo, perci\u00f2, di redigere il formulario in tutte le sue parti ed in modalit\u00e0 leggibile.<\/p>\n<p class=\"rtejustify\" style=\"text-align: justify;\"><strong>2. Inviare il modulo di iscrizione almeno 4 settimane prima dell&#8217;arrivo del gruppo.<\/strong>\u00a0Ci\u00f2 anche se non siete ancora in grado di indicare il numero dei partecipanti.<\/p>\n<p class=\"rtejustify\" style=\"text-align: justify;\"><strong>3. Attendere la risposta che Vi verr\u00e0 fornita, <\/strong>che funger\u00e0 da conferma scritta da parte del Santuario. La lettera sar\u00e0 accompagnata da un &#8220;dossier pastorale&#8221; che potr\u00e0 servire per una adeguata preparazione delle funzioni da celebrare a Banneux. Il dossier comprende:<br \/>\n&#8211; preghiere, letture ed intenzioni di preghiera universale inerenti la celebrazione della Messa votiva alla Vergine dei Poveri;<br \/>\n&#8211; preghiere, letture ed intenzioni di preghiera universale inerente la celebrazione della Messa celebrata secondo le intenzioni del tema pastorale dell&#8217;anno, proposto dal Santuario.<br \/>\nSe il gruppo \u00e8 assistito, per la parte spirituale, da un Sacerdote, il dossier deve essere preferibilmente consegnato al religioso; viceversa, a chi si occuper\u00e0 dell&#8217;animazione pastorale.<\/p>\n<p class=\"rtejustify\" style=\"text-align: justify;\"><strong>4. Giunti a Banneux, si prega il Responsabile del gruppo di presentarsi almeno mezz&#8217;ora prima dell&#8217;inizio delle specifiche funzioni richieste e gi\u00e0 previste. <\/strong>Ci\u00f2 consente di scongiurare fretta e confusione, inopportune per l&#8217;azione spirituale.<\/p>\n<p><img fetchpriority=\"high\" decoding=\"async\" class=\"aligncenter wp-image-3525 size-full\" src=\"https:\/\/www.banneux-nd.be\/wp\/wp-content\/uploads\/2017\/08\/Source Foule.jpg\" alt=\"\" width=\"592\" height=\"395\" srcset=\"https:\/\/banneux-nd.be\/wp-content\/uploads\/2017\/08\/Source%20Foule.jpg 592w, https:\/\/banneux-nd.be\/wp-content\/uploads\/2017\/08\/Source%20Foule-300x200.jpg 300w, https:\/\/banneux-nd.be\/wp-content\/uploads\/2017\/08\/Source%20Foule-342x228.jpg 342w\" sizes=\"(max-width: 592px) 100vw, 592px\" \/><\/p>\n<p style=\"text-align: center;\">Visualizzando lo specifico <span style=\"text-decoration: underline;\"><a href=\"https:\/\/www.banneux-nd.be\/wp\/wp-content\/uploads\/2020\/05\/Brochure-2020-IT.pdf\" target=\"_blank\" rel=\"noopener noreferrer\">Opuscolo<\/a><\/span><br \/>\nvengono fornite ulteriori informazioni!<\/p>\n","protected":false},"excerpt":{"rendered":"<p>Per organizzare un pellegrinaggio di un giorno: 1. Compilare il\u00a0modulo di iscrizione. Le informazioni che fornirete contribuiranno ad organizzare la migliore accoglienza del Vostro gruppo; chiediamo, perci\u00f2, di redigere il formulario in tutte le sue parti ed in modalit\u00e0 leggibile. 2. Inviare il modulo di iscrizione almeno 4 settimane prima dell&#8217;arrivo del gruppo.\u00a0Ci\u00f2 anche se non siete ancora in grado di indicare il numero dei partecipanti. 3. Attendere la risposta che Vi verr\u00e0 fornita, che funger\u00e0 da conferma scritta da parte del Santuario. La lettera sar\u00e0 accompagnata da un &#8220;dossier pastorale&#8221; che potr\u00e0 servire per una adeguata preparazione delle funzioni da celebrare a Banneux. Il dossier comprende: &#8211; preghiere, letture ed intenzioni di preghiera universale inerenti la celebrazione della Messa [&hellip;]<\/p>\n","protected":false},"author":2,"featured_media":0,"parent":0,"menu_order":0,"comment_status":"closed","ping_status":"closed","template":"","meta":{"advgb_blocks_editor_width":"","advgb_blocks_columns_visual_guide":"","jetpack_post_was_ever_published":false,"footnotes":""},"class_list":["post-8722","page","type-page","status-publish","hentry"],"yoast_head":"<!-- This site is optimized with the Yoast SEO plugin v27.4 - https:\/\/yoast.com\/product\/yoast-seo-wordpress\/ -->\n<title>Pellegrinaggi - Banneux Notre-Dame<\/title>\n<meta name=\"robots\" content=\"index, follow, max-snippet:-1, max-image-preview:large, max-video-preview:-1\" \/>\n<link rel=\"canonical\" href=\"https:\/\/banneux-nd.be\/it\/pellegrinaggi-di-un-giorno\/\" \/>\n<meta property=\"og:locale\" content=\"it_IT\" \/>\n<meta property=\"og:type\" content=\"article\" \/>\n<meta property=\"og:title\" content=\"Pellegrinaggi - Banneux Notre-Dame\" \/>\n<meta property=\"og:description\" content=\"Per organizzare un pellegrinaggio di un giorno: 1. Compilare il\u00a0modulo di iscrizione. Le informazioni che fornirete contribuiranno ad organizzare la migliore accoglienza del Vostro gruppo; chiediamo, perci\u00f2, di redigere il formulario in tutte le sue parti ed in modalit\u00e0 leggibile. 2. Inviare il modulo di iscrizione almeno 4 settimane prima dell&#8217;arrivo del gruppo.\u00a0Ci\u00f2 anche se non siete ancora in grado di indicare il numero dei partecipanti. 3. Attendere la risposta che Vi verr\u00e0 fornita, che funger\u00e0 da conferma scritta da parte del Santuario. La lettera sar\u00e0 accompagnata da un &#8220;dossier pastorale&#8221; che potr\u00e0 servire per una adeguata preparazione delle funzioni da celebrare a Banneux. Il dossier comprende: &#8211; preghiere, letture ed intenzioni di preghiera universale inerenti la celebrazione della Messa [&hellip;]\" \/>\n<meta property=\"og:url\" content=\"https:\/\/banneux-nd.be\/it\/pellegrinaggi-di-un-giorno\/\" \/>\n<meta property=\"og:site_name\" content=\"Banneux Notre-Dame\" \/>\n<meta property=\"article:publisher\" content=\"https:\/\/www.facebook.com\/NDBanneux\/\" \/>\n<meta property=\"article:modified_time\" content=\"2021-11-10T08:12:56+00:00\" \/>\n<meta property=\"og:image\" content=\"https:\/\/www.banneux-nd.be\/wp\/wp-content\/uploads\/2017\/08\/Source%20Foule.jpg\" \/>\n<meta name=\"twitter:card\" content=\"summary_large_image\" \/>\n<meta name=\"twitter:label1\" content=\"Tempo di lettura stimato\" \/>\n\t<meta name=\"twitter:data1\" content=\"1 minuto\" \/>\n<script type=\"application\/ld+json\" class=\"yoast-schema-graph\">{\"@context\":\"https:\\\/\\\/schema.org\",\"@graph\":[{\"@type\":\"WebPage\",\"@id\":\"https:\\\/\\\/banneux-nd.be\\\/it\\\/pellegrinaggi-di-un-giorno\\\/\",\"url\":\"https:\\\/\\\/banneux-nd.be\\\/it\\\/pellegrinaggi-di-un-giorno\\\/\",\"name\":\"Pellegrinaggi - Banneux Notre-Dame\",\"isPartOf\":{\"@id\":\"https:\\\/\\\/banneux-nd.be\\\/it\\\/#website\"},\"datePublished\":\"2018-05-31T06:41:38+00:00\",\"dateModified\":\"2021-11-10T08:12:56+00:00\",\"breadcrumb\":{\"@id\":\"https:\\\/\\\/banneux-nd.be\\\/it\\\/pellegrinaggi-di-un-giorno\\\/#breadcrumb\"},\"inLanguage\":\"it-IT\",\"potentialAction\":[{\"@type\":\"ReadAction\",\"target\":[\"https:\\\/\\\/banneux-nd.be\\\/it\\\/pellegrinaggi-di-un-giorno\\\/\"]}]},{\"@type\":\"BreadcrumbList\",\"@id\":\"https:\\\/\\\/banneux-nd.be\\\/it\\\/pellegrinaggi-di-un-giorno\\\/#breadcrumb\",\"itemListElement\":[{\"@type\":\"ListItem\",\"position\":1,\"name\":\"Accueil\",\"item\":\"https:\\\/\\\/banneux-nd.be\\\/it\\\/\"},{\"@type\":\"ListItem\",\"position\":2,\"name\":\"Pellegrinaggi\"}]},{\"@type\":\"WebSite\",\"@id\":\"https:\\\/\\\/banneux-nd.be\\\/it\\\/#website\",\"url\":\"https:\\\/\\\/banneux-nd.be\\\/it\\\/\",\"name\":\"Banneux Notre-Dame\",\"description\":\"Sanctuaire de la Vierge des Pauvres (Belgique)\",\"potentialAction\":[{\"@type\":\"SearchAction\",\"target\":{\"@type\":\"EntryPoint\",\"urlTemplate\":\"https:\\\/\\\/banneux-nd.be\\\/it\\\/?s={search_term_string}\"},\"query-input\":{\"@type\":\"PropertyValueSpecification\",\"valueRequired\":true,\"valueName\":\"search_term_string\"}}],\"inLanguage\":\"it-IT\"}]}<\/script>\n<!-- \/ Yoast SEO plugin. -->","yoast_head_json":{"title":"Pellegrinaggi - Banneux Notre-Dame","robots":{"index":"index","follow":"follow","max-snippet":"max-snippet:-1","max-image-preview":"max-image-preview:large","max-video-preview":"max-video-preview:-1"},"canonical":"https:\/\/banneux-nd.be\/it\/pellegrinaggi-di-un-giorno\/","og_locale":"it_IT","og_type":"article","og_title":"Pellegrinaggi - Banneux Notre-Dame","og_description":"Per organizzare un pellegrinaggio di un giorno: 1. Compilare il\u00a0modulo di iscrizione. Le informazioni che fornirete contribuiranno ad organizzare la migliore accoglienza del Vostro gruppo; chiediamo, perci\u00f2, di redigere il formulario in tutte le sue parti ed in modalit\u00e0 leggibile. 2. Inviare il modulo di iscrizione almeno 4 settimane prima dell&#8217;arrivo del gruppo.\u00a0Ci\u00f2 anche se non siete ancora in grado di indicare il numero dei partecipanti. 3. Attendere la risposta che Vi verr\u00e0 fornita, che funger\u00e0 da conferma scritta da parte del Santuario. La lettera sar\u00e0 accompagnata da un &#8220;dossier pastorale&#8221; che potr\u00e0 servire per una adeguata preparazione delle funzioni da celebrare a Banneux. Il dossier comprende: &#8211; preghiere, letture ed intenzioni di preghiera universale inerenti la celebrazione della Messa [&hellip;]","og_url":"https:\/\/banneux-nd.be\/it\/pellegrinaggi-di-un-giorno\/","og_site_name":"Banneux Notre-Dame","article_publisher":"https:\/\/www.facebook.com\/NDBanneux\/","article_modified_time":"2021-11-10T08:12:56+00:00","og_image":[{"url":"https:\/\/www.banneux-nd.be\/wp\/wp-content\/uploads\/2017\/08\/Source Foule.jpg","type":"","width":"","height":""}],"twitter_card":"summary_large_image","twitter_misc":{"Tempo di lettura stimato":"1 minuto"},"schema":{"@context":"https:\/\/schema.org","@graph":[{"@type":"WebPage","@id":"https:\/\/banneux-nd.be\/it\/pellegrinaggi-di-un-giorno\/","url":"https:\/\/banneux-nd.be\/it\/pellegrinaggi-di-un-giorno\/","name":"Pellegrinaggi - Banneux Notre-Dame","isPartOf":{"@id":"https:\/\/banneux-nd.be\/it\/#website"},"datePublished":"2018-05-31T06:41:38+00:00","dateModified":"2021-11-10T08:12:56+00:00","breadcrumb":{"@id":"https:\/\/banneux-nd.be\/it\/pellegrinaggi-di-un-giorno\/#breadcrumb"},"inLanguage":"it-IT","potentialAction":[{"@type":"ReadAction","target":["https:\/\/banneux-nd.be\/it\/pellegrinaggi-di-un-giorno\/"]}]},{"@type":"BreadcrumbList","@id":"https:\/\/banneux-nd.be\/it\/pellegrinaggi-di-un-giorno\/#breadcrumb","itemListElement":[{"@type":"ListItem","position":1,"name":"Accueil","item":"https:\/\/banneux-nd.be\/it\/"},{"@type":"ListItem","position":2,"name":"Pellegrinaggi"}]},{"@type":"WebSite","@id":"https:\/\/banneux-nd.be\/it\/#website","url":"https:\/\/banneux-nd.be\/it\/","name":"Banneux Notre-Dame","description":"Sanctuaire de la Vierge des Pauvres (Belgique)","potentialAction":[{"@type":"SearchAction","target":{"@type":"EntryPoint","urlTemplate":"https:\/\/banneux-nd.be\/it\/?s={search_term_string}"},"query-input":{"@type":"PropertyValueSpecification","valueRequired":true,"valueName":"search_term_string"}}],"inLanguage":"it-IT"}]}},"coauthors":[],"author_meta":{"author_link":"https:\/\/banneux-nd.be\/it\/author\/adminfr\/","display_name":"adminFR"},"relative_dates":{"created":"Pubblicato 8 anni fa","modified":"Aggiornato 4 anni fa"},"absolute_dates":{"created":"Pubblicato il 31 Maggio 2018","modified":"Aggiornato il 10 Novembre 2021"},"absolute_dates_time":{"created":"Pubblicato il 31 Maggio 2018 8:41","modified":"Aggiornato il 10 Novembre 2021 9:12"},"featured_img_caption":"","featured_img":false,"series_order":"","jetpack_sharing_enabled":true,"_links":{"self":[{"href":"https:\/\/banneux-nd.be\/it\/wp-json\/wp\/v2\/pages\/8722","targetHints":{"allow":["GET"]}}],"collection":[{"href":"https:\/\/banneux-nd.be\/it\/wp-json\/wp\/v2\/pages"}],"about":[{"href":"https:\/\/banneux-nd.be\/it\/wp-json\/wp\/v2\/types\/page"}],"author":[{"embeddable":true,"href":"https:\/\/banneux-nd.be\/it\/wp-json\/wp\/v2\/users\/2"}],"replies":[{"embeddable":true,"href":"https:\/\/banneux-nd.be\/it\/wp-json\/wp\/v2\/comments?post=8722"}],"version-history":[{"count":4,"href":"https:\/\/banneux-nd.be\/it\/wp-json\/wp\/v2\/pages\/8722\/revisions"}],"predecessor-version":[{"id":16015,"href":"https:\/\/banneux-nd.be\/it\/wp-json\/wp\/v2\/pages\/8722\/revisions\/16015"}],"wp:attachment":[{"href":"https:\/\/banneux-nd.be\/it\/wp-json\/wp\/v2\/media?parent=8722"}],"curies":[{"name":"wp","href":"https:\/\/api.w.org\/{rel}","templated":true}]}}