{"id":8998,"date":"2018-07-19T12:18:55","date_gmt":"2018-07-19T10:18:55","guid":{"rendered":"http:\/\/www.banneux-nd.be\/?page_id=8998"},"modified":"2018-07-20T19:01:21","modified_gmt":"2018-07-20T17:01:21","slug":"recit-dune-pelerine","status":"publish","type":"page","link":"https:\/\/banneux-nd.be\/it\/recit-dune-pelerine\/","title":{"rendered":"Ouverture : r\u00e9cit d&#8217;une p\u00e8lerine"},"content":{"rendered":"<p><img fetchpriority=\"high\" decoding=\"async\" class=\"aligncenter wp-image-8999 size-large\" src=\"https:\/\/banneux-nd.be\/wp-content\/uploads\/2018\/07\/2015-12-20-Ouverture-Porte-Sainte-Banneux-190-1024x683.jpg\" alt=\"\" width=\"758\" height=\"506\" srcset=\"https:\/\/banneux-nd.be\/wp-content\/uploads\/2018\/07\/2015-12-20-Ouverture-Porte-Sainte-Banneux-190-1024x683.jpg 1024w, https:\/\/banneux-nd.be\/wp-content\/uploads\/2018\/07\/2015-12-20-Ouverture-Porte-Sainte-Banneux-190-300x200.jpg 300w, https:\/\/banneux-nd.be\/wp-content\/uploads\/2018\/07\/2015-12-20-Ouverture-Porte-Sainte-Banneux-190-768x512.jpg 768w, https:\/\/banneux-nd.be\/wp-content\/uploads\/2018\/07\/2015-12-20-Ouverture-Porte-Sainte-Banneux-190.jpg 1867w\" sizes=\"(max-width: 758px) 100vw, 758px\" \/><\/p>\n<p style=\"text-align: justify;\">Ce dimanche, je me suis rendue \u00e0 la source du sanctuaire de Banneux pour l&#8217;ouverture de la Porte Sainte. Arriv\u00e9e avant l&#8217;heure, j&#8217;ai pu observer un spectacle, plut\u00f4t amusant.<\/p>\n<p style=\"text-align: justify;\">Un homme prend en photo une dame, les mains pouss\u00e9es dans l&#8217;eau, le regard dirig\u00e9 vers lui avec un sourire jusqu&#8217;aux oreilles, ensuite le couple se fait photographier devant la source, tout en parlant \u00e0 voix assez \u00e9lev\u00e9e ; quelques instants plus tard, arrivent trois randonneurs, sac au dos et grosses chaussures. Avant de se pencher face aux diff\u00e9rents robinets pour y laver leurs godasses, ils effectuent leur s\u00e9ance d&#8217;\u00e9tirements, tout en bavardant, comme s&#8217;ils \u00e9taient sur un terrain de sports. Un petit chien fait la connaissance d&#8217;un copain \u00e0 quatre pattes, pendant que les ma\u00eetres parlent bien fort des qualit\u00e9s de leur toutou.<\/p>\n<p style=\"text-align: justify;\">Quelques minutes avant 15 heures, une voix commence un <em>Je vous salue Marie<\/em> et induit une v\u00e9ritable m\u00e9tamorphose. Toutes les distractions sont \u00e9touff\u00e9es par la pri\u00e8re. L&#8217;atmosph\u00e8re devient calme, favorable au recueillement.<\/p>\n<p style=\"text-align: justify;\">Un pr\u00eatre, le lectionnaire couvert d&#8217;une ic\u00f4ne du Christ Pandokr\u00e1tor, arrive en t\u00eate d&#8217;une longue procession de pr\u00eatres et de fid\u00e8les.<\/p>\n<p style=\"text-align: justify;\">L&#8217;\u00e9vangile de la brebis \u00e9gar\u00e9e est lu dans les trois langues. (Luc, 15, 3-7). Un fr\u00e8re de Saint-Jean puise de l&#8217;eau \u00e0 la source, eau qui sera b\u00e9nite au d\u00e9but de l&#8217;office, avant d&#8217;\u00eatre utilis\u00e9e pour en asperger l&#8217;assembl\u00e9e.<!--more--><\/p>\n<p style=\"text-align: justify;\">\u00c0 l&#8217;invitation du c\u00e9l\u00e9brant de se mettre en marche au nom du Seigneur, la foule nombreuse se dirige vers l&#8217;esplanade en chantant le <em>Laudate Dominum, Omnes Gentes<\/em> de Taiz\u00e9. Et l\u00e0, \u00f4 surprise, devant la statue de la Vierge des Pauvres, nous d\u00e9couvrons une discr\u00e8te double porte en fer forg\u00e9 portant l&#8217;inscription <em>Porta Sancta<\/em>. Monsieur l&#8217;abb\u00e9 Leo Palm, recteur du sanctuaire, proc\u00e8de \u00e0 l&#8217;ouverture de cette double porte, tout en rappelant la phrase de J\u00e9sus. <em>Je suis la porte. Si quelqu\u2019un entre en passant par moi, il sera sauv\u00e9<\/em> (Jean 10, 9). Nous sommes invit\u00e9s \u00e0 franchir la Porte Sainte qui nous conduit vers le Dieu de la mis\u00e9ricorde.<\/p>\n<p style=\"text-align: justify;\"><span class=\"embed-youtube\" style=\"text-align:center; display: block;\"><iframe class=\"youtube-player lazyload\" width=\"560\" height=\"315\" data-src=\"https:\/\/www.youtube.com\/embed\/1S8aU2UL0ME?version=3&#038;rel=1&#038;showsearch=0&#038;showinfo=1&#038;iv_load_policy=1&#038;fs=1&#038;hl=it-IT&#038;autohide=2&#038;wmode=transparent\" allowfullscreen=\"true\" style=\"border:0;\" sandbox=\"allow-scripts allow-same-origin allow-popups allow-presentation allow-popups-to-escape-sandbox\" src=\"data:image\/svg+xml;base64,PHN2ZyB3aWR0aD0iMSIgaGVpZ2h0PSIxIiB4bWxucz0iaHR0cDovL3d3dy53My5vcmcvMjAwMC9zdmciPjwvc3ZnPg==\" data-load-mode=\"1\"><\/iframe><\/span><\/p>\n<p style=\"text-align: justify;\">La chapelle du Message est comble et la c\u00e9l\u00e9bration eucharistique trilingue commence.<\/p>\n<p style=\"text-align: justify;\">Au moment de l&#8217;hom\u00e9lie, le c\u00e9l\u00e9brant nous invite \u00e0 la mis\u00e9ricorde (et \u00e0 la patience\u00a0!) pendant qu&#8217;il s&#8217;adresse aux fid\u00e8les n\u00e9erlandophones et germanophones.<\/p>\n<p style=\"text-align: justify;\"><strong>Quelques points de l&#8217;hom\u00e9lie <\/strong>:<\/p>\n<p style=\"text-align: justify;\">Elisabeth s&#8217;\u00e9crie : <em>D\u2019o\u00f9 m\u2019est-il donn\u00e9 que la m\u00e8re de mon Seigneur vienne jusqu\u2019\u00e0 moi ?<\/em><\/p>\n<p style=\"text-align: justify;\">Nous pouvons nous poser la question : pourquoi Dieu vient-il vers moi ?<\/p>\n<p style=\"text-align: justify;\">La r\u00e9ponse est que Dieu aime tellement l&#8217;\u00eatre humain qu&#8217;il ne l&#8217;abandonne jamais. Marie vient \u00e0 notre rencontre et nous conduit vers Dieu le P\u00e8re.<\/p>\n<p style=\"text-align: justify;\"><em>Quand \u00c9lisabeth entendit la salutation de Marie, l\u2019enfant tressaillit en elle. <\/em>Jean le Baptiste sursaute dans le sein de sa m\u00e8re ; il est donc un pr\u00e9curseur pour nous. Quelle merveilleuse rencontre. Marie se met en route pour rendre visite \u00e0 sa cousine qui, elle aussi, attend un enfant. Elisabeth est \u00e2g\u00e9e et consid\u00e9r\u00e9e comme st\u00e9rile, mais rien n&#8217;est impossible \u00e0 Dieu. Cette rencontre nous permet d&#8217;assister \u00e0 un moment charni\u00e8re. Nous devenons t\u00e9moins que le nouveau monde est arriv\u00e9. L&#8217;Ancien Testament est emport\u00e9 par le Nouveau Testament.<\/p>\n<p style=\"text-align: justify;\">Saint Luc nous pr\u00e9sente Zacharie et Elisabeth comme des justes. Ils sont irr\u00e9prochables face \u00e0 la justice de Dieu. Ils ont os\u00e9 esp\u00e9rer contre toute esp\u00e9rance. L&#8217;ange Gabriel appara\u00eet \u00e0 Zacharie et lui dit que leurs pri\u00e8res sont exhauss\u00e9es. Elisabeth mettra au monde un enfant, qui s&#8217;appellera Jean, c&#8217;est-\u00e0-dire <em>Dieu fait gr\u00e2ce<\/em>. Cet enfant est voulu par Dieu. Il sera rempli de l&#8217;Esprit Saint. Jean est d\u00e9j\u00e0 baptis\u00e9 de l&#8217;Esprit Saint, alors qu&#8217;il plonge encore dans le liquide amniotique\u00a0! La vie de l&#8217;Esprit Saint est l\u00e0. Jean rena\u00eet avant de na\u00eetre. Il est n\u00e9 de l&#8217;eau et de l&#8217;Esprit avant de na\u00eetre de sa maman.<\/p>\n<p style=\"text-align: justify;\"><em>J\u00e9sus, souviens-toi de moi quand tu viendras dans ton royaume\u00a0!<br \/>\n<\/em><em>En v\u00e9rit\u00e9, je te le dis, aujourd&#8217;hui tu seras avec moi dans le paradis<\/em> (Lc 23, 40).<\/p>\n<p style=\"text-align: justify;\">Le \u00ab\u00a0bon\u00a0\u00bb larron \u00e9tait condamn\u00e9 \u00e0 mort, mais J\u00e9sus vient le sauver, le gracier.<\/p>\n<p style=\"text-align: justify;\">Depuis la premi\u00e8re rencontre, chez Zacharie et Elisabeth, jusqu&#8217;\u00e0 la derni\u00e8re, sur la Croix, la force qui nous sauve \u00e9mane de J\u00e9sus.<\/p>\n<p style=\"text-align: justify;\">Pendant la communion, nous avons pu appr\u00e9cier la cantate BMW 147 de J.S. Bach, <em>J\u00e9sus, que ma joie demeure<\/em>, jou\u00e9e \u00e0 l&#8217;orgue, moment propice au recueillement et \u00e0 la pri\u00e8re.<\/p>\n<p style=\"text-align: justify;\">\u00c0 la sortie de la messe, plusieurs c\u00e9l\u00e9brants saluent chaleureusement tous les fid\u00e8les.<\/p>\n<p style=\"text-align: justify;\">Apr\u00e8s avoir retravers\u00e9 la Porte Sainte, je me suis retourn\u00e9e, et l\u00e0 j&#8217;ai \u00e9t\u00e9 impressionn\u00e9e par la statue de la Vierge des Pauvres illumin\u00e9e derri\u00e8re cette Porte -\u00e9galement brillamment \u00e9clair\u00e9e.<\/p>\n<p style=\"text-align: justify;\">Cette c\u00e9l\u00e9bration, empreinte de beaut\u00e9 et de chaleur, nous a ouvert la porte vers l&#8217;Ann\u00e9e de la Mis\u00e9ricorde, voulue par notre pape Fran\u00e7ois.<\/p>\n<p style=\"text-align: justify;\">Suivons l&#8217;invitation de notre \u00e9v\u00eaque, Monseigneur Jean-Pierre Delville et soyons des p\u00e8lerins du jubil\u00e9.<\/p>\n<p style=\"text-align: right;\">Marie C.<\/p>\n","protected":false},"excerpt":{"rendered":"<p>Ce dimanche, je me suis rendue \u00e0 la source du sanctuaire de Banneux pour l&#8217;ouverture de la Porte Sainte. Arriv\u00e9e avant l&#8217;heure, j&#8217;ai pu observer un spectacle, plut\u00f4t amusant. Un homme prend en photo une dame, les mains pouss\u00e9es dans l&#8217;eau, le regard dirig\u00e9 vers lui avec un sourire jusqu&#8217;aux oreilles, ensuite le couple se fait photographier devant la source, tout en parlant \u00e0 voix assez \u00e9lev\u00e9e ; quelques instants plus tard, arrivent trois randonneurs, sac au dos et grosses chaussures. Avant de se pencher face aux diff\u00e9rents robinets pour y laver leurs godasses, ils effectuent leur s\u00e9ance d&#8217;\u00e9tirements, tout en bavardant, comme s&#8217;ils \u00e9taient sur un terrain de sports. Un petit chien fait la connaissance d&#8217;un copain \u00e0 quatre [&hellip;]<\/p>\n","protected":false},"author":4,"featured_media":0,"parent":0,"menu_order":0,"comment_status":"closed","ping_status":"closed","template":"","meta":{"advgb_blocks_editor_width":"","advgb_blocks_columns_visual_guide":"","jetpack_post_was_ever_published":false,"footnotes":""},"class_list":["post-8998","page","type-page","status-publish","hentry"],"yoast_head":"<!-- This site is optimized with the Yoast SEO plugin v27.4 - https:\/\/yoast.com\/product\/yoast-seo-wordpress\/ -->\n<title>Ouverture : r\u00e9cit d&#039;une p\u00e8lerine - Banneux Notre-Dame<\/title>\n<meta name=\"robots\" content=\"index, follow, max-snippet:-1, max-image-preview:large, max-video-preview:-1\" \/>\n<link rel=\"canonical\" href=\"https:\/\/banneux-nd.be\/it\/recit-dune-pelerine\/\" \/>\n<meta property=\"og:locale\" content=\"it_IT\" \/>\n<meta property=\"og:type\" content=\"article\" \/>\n<meta property=\"og:title\" content=\"Ouverture : r\u00e9cit d&#039;une p\u00e8lerine - Banneux Notre-Dame\" \/>\n<meta property=\"og:description\" content=\"Ce dimanche, je me suis rendue \u00e0 la source du sanctuaire de Banneux pour l&#8217;ouverture de la Porte Sainte. Arriv\u00e9e avant l&#8217;heure, j&#8217;ai pu observer un spectacle, plut\u00f4t amusant. Un homme prend en photo une dame, les mains pouss\u00e9es dans l&#8217;eau, le regard dirig\u00e9 vers lui avec un sourire jusqu&#8217;aux oreilles, ensuite le couple se fait photographier devant la source, tout en parlant \u00e0 voix assez \u00e9lev\u00e9e ; quelques instants plus tard, arrivent trois randonneurs, sac au dos et grosses chaussures. Avant de se pencher face aux diff\u00e9rents robinets pour y laver leurs godasses, ils effectuent leur s\u00e9ance d&#8217;\u00e9tirements, tout en bavardant, comme s&#8217;ils \u00e9taient sur un terrain de sports. Un petit chien fait la connaissance d&#8217;un copain \u00e0 quatre [&hellip;]\" \/>\n<meta property=\"og:url\" content=\"https:\/\/banneux-nd.be\/it\/recit-dune-pelerine\/\" \/>\n<meta property=\"og:site_name\" content=\"Banneux Notre-Dame\" \/>\n<meta property=\"article:publisher\" content=\"https:\/\/www.facebook.com\/NDBanneux\/\" \/>\n<meta property=\"article:modified_time\" content=\"2018-07-20T17:01:21+00:00\" \/>\n<meta property=\"og:image\" content=\"https:\/\/banneux-nd.be\/wp-content\/uploads\/2018\/07\/2015-12-20-Ouverture-Porte-Sainte-Banneux-190-1024x683.jpg\" \/>\n<meta name=\"twitter:card\" content=\"summary_large_image\" \/>\n<meta name=\"twitter:label1\" content=\"Tempo di lettura stimato\" \/>\n\t<meta name=\"twitter:data1\" content=\"4 minuti\" \/>\n<script type=\"application\/ld+json\" class=\"yoast-schema-graph\">{\"@context\":\"https:\\\/\\\/schema.org\",\"@graph\":[{\"@type\":\"WebPage\",\"@id\":\"https:\\\/\\\/banneux-nd.be\\\/it\\\/recit-dune-pelerine\\\/\",\"url\":\"https:\\\/\\\/banneux-nd.be\\\/it\\\/recit-dune-pelerine\\\/\",\"name\":\"Ouverture : r\u00e9cit d'une p\u00e8lerine - Banneux Notre-Dame\",\"isPartOf\":{\"@id\":\"https:\\\/\\\/banneux-nd.be\\\/it\\\/#website\"},\"primaryImageOfPage\":{\"@id\":\"https:\\\/\\\/banneux-nd.be\\\/it\\\/recit-dune-pelerine\\\/#primaryimage\"},\"image\":{\"@id\":\"https:\\\/\\\/banneux-nd.be\\\/it\\\/recit-dune-pelerine\\\/#primaryimage\"},\"thumbnailUrl\":\"https:\\\/\\\/banneux-nd.be\\\/wp-content\\\/uploads\\\/2018\\\/07\\\/2015-12-20-Ouverture-Porte-Sainte-Banneux-190-1024x683.jpg\",\"datePublished\":\"2018-07-19T10:18:55+00:00\",\"dateModified\":\"2018-07-20T17:01:21+00:00\",\"breadcrumb\":{\"@id\":\"https:\\\/\\\/banneux-nd.be\\\/it\\\/recit-dune-pelerine\\\/#breadcrumb\"},\"inLanguage\":\"it-IT\",\"potentialAction\":[{\"@type\":\"ReadAction\",\"target\":[\"https:\\\/\\\/banneux-nd.be\\\/it\\\/recit-dune-pelerine\\\/\"]}]},{\"@type\":\"ImageObject\",\"inLanguage\":\"it-IT\",\"@id\":\"https:\\\/\\\/banneux-nd.be\\\/it\\\/recit-dune-pelerine\\\/#primaryimage\",\"url\":\"https:\\\/\\\/banneux-nd.be\\\/wp-content\\\/uploads\\\/2018\\\/07\\\/2015-12-20-Ouverture-Porte-Sainte-Banneux-190-1024x683.jpg\",\"contentUrl\":\"https:\\\/\\\/banneux-nd.be\\\/wp-content\\\/uploads\\\/2018\\\/07\\\/2015-12-20-Ouverture-Porte-Sainte-Banneux-190-1024x683.jpg\"},{\"@type\":\"BreadcrumbList\",\"@id\":\"https:\\\/\\\/banneux-nd.be\\\/it\\\/recit-dune-pelerine\\\/#breadcrumb\",\"itemListElement\":[{\"@type\":\"ListItem\",\"position\":1,\"name\":\"Accueil\",\"item\":\"https:\\\/\\\/banneux-nd.be\\\/it\\\/\"},{\"@type\":\"ListItem\",\"position\":2,\"name\":\"Ouverture : r\u00e9cit d&rsquo;une p\u00e8lerine\"}]},{\"@type\":\"WebSite\",\"@id\":\"https:\\\/\\\/banneux-nd.be\\\/it\\\/#website\",\"url\":\"https:\\\/\\\/banneux-nd.be\\\/it\\\/\",\"name\":\"Banneux Notre-Dame\",\"description\":\"Sanctuaire de la Vierge des Pauvres (Belgique)\",\"potentialAction\":[{\"@type\":\"SearchAction\",\"target\":{\"@type\":\"EntryPoint\",\"urlTemplate\":\"https:\\\/\\\/banneux-nd.be\\\/it\\\/?s={search_term_string}\"},\"query-input\":{\"@type\":\"PropertyValueSpecification\",\"valueRequired\":true,\"valueName\":\"search_term_string\"}}],\"inLanguage\":\"it-IT\"}]}<\/script>\n<!-- \/ Yoast SEO plugin. -->","yoast_head_json":{"title":"Ouverture : r\u00e9cit d'une p\u00e8lerine - Banneux Notre-Dame","robots":{"index":"index","follow":"follow","max-snippet":"max-snippet:-1","max-image-preview":"max-image-preview:large","max-video-preview":"max-video-preview:-1"},"canonical":"https:\/\/banneux-nd.be\/it\/recit-dune-pelerine\/","og_locale":"it_IT","og_type":"article","og_title":"Ouverture : r\u00e9cit d'une p\u00e8lerine - Banneux Notre-Dame","og_description":"Ce dimanche, je me suis rendue \u00e0 la source du sanctuaire de Banneux pour l&#8217;ouverture de la Porte Sainte. Arriv\u00e9e avant l&#8217;heure, j&#8217;ai pu observer un spectacle, plut\u00f4t amusant. Un homme prend en photo une dame, les mains pouss\u00e9es dans l&#8217;eau, le regard dirig\u00e9 vers lui avec un sourire jusqu&#8217;aux oreilles, ensuite le couple se fait photographier devant la source, tout en parlant \u00e0 voix assez \u00e9lev\u00e9e ; quelques instants plus tard, arrivent trois randonneurs, sac au dos et grosses chaussures. Avant de se pencher face aux diff\u00e9rents robinets pour y laver leurs godasses, ils effectuent leur s\u00e9ance d&#8217;\u00e9tirements, tout en bavardant, comme s&#8217;ils \u00e9taient sur un terrain de sports. Un petit chien fait la connaissance d&#8217;un copain \u00e0 quatre [&hellip;]","og_url":"https:\/\/banneux-nd.be\/it\/recit-dune-pelerine\/","og_site_name":"Banneux Notre-Dame","article_publisher":"https:\/\/www.facebook.com\/NDBanneux\/","article_modified_time":"2018-07-20T17:01:21+00:00","og_image":[{"url":"https:\/\/banneux-nd.be\/wp-content\/uploads\/2018\/07\/2015-12-20-Ouverture-Porte-Sainte-Banneux-190-1024x683.jpg","type":"","width":"","height":""}],"twitter_card":"summary_large_image","twitter_misc":{"Tempo di lettura stimato":"4 minuti"},"schema":{"@context":"https:\/\/schema.org","@graph":[{"@type":"WebPage","@id":"https:\/\/banneux-nd.be\/it\/recit-dune-pelerine\/","url":"https:\/\/banneux-nd.be\/it\/recit-dune-pelerine\/","name":"Ouverture : r\u00e9cit d'une p\u00e8lerine - Banneux Notre-Dame","isPartOf":{"@id":"https:\/\/banneux-nd.be\/it\/#website"},"primaryImageOfPage":{"@id":"https:\/\/banneux-nd.be\/it\/recit-dune-pelerine\/#primaryimage"},"image":{"@id":"https:\/\/banneux-nd.be\/it\/recit-dune-pelerine\/#primaryimage"},"thumbnailUrl":"https:\/\/banneux-nd.be\/wp-content\/uploads\/2018\/07\/2015-12-20-Ouverture-Porte-Sainte-Banneux-190-1024x683.jpg","datePublished":"2018-07-19T10:18:55+00:00","dateModified":"2018-07-20T17:01:21+00:00","breadcrumb":{"@id":"https:\/\/banneux-nd.be\/it\/recit-dune-pelerine\/#breadcrumb"},"inLanguage":"it-IT","potentialAction":[{"@type":"ReadAction","target":["https:\/\/banneux-nd.be\/it\/recit-dune-pelerine\/"]}]},{"@type":"ImageObject","inLanguage":"it-IT","@id":"https:\/\/banneux-nd.be\/it\/recit-dune-pelerine\/#primaryimage","url":"https:\/\/banneux-nd.be\/wp-content\/uploads\/2018\/07\/2015-12-20-Ouverture-Porte-Sainte-Banneux-190-1024x683.jpg","contentUrl":"https:\/\/banneux-nd.be\/wp-content\/uploads\/2018\/07\/2015-12-20-Ouverture-Porte-Sainte-Banneux-190-1024x683.jpg"},{"@type":"BreadcrumbList","@id":"https:\/\/banneux-nd.be\/it\/recit-dune-pelerine\/#breadcrumb","itemListElement":[{"@type":"ListItem","position":1,"name":"Accueil","item":"https:\/\/banneux-nd.be\/it\/"},{"@type":"ListItem","position":2,"name":"Ouverture : r\u00e9cit d&rsquo;une p\u00e8lerine"}]},{"@type":"WebSite","@id":"https:\/\/banneux-nd.be\/it\/#website","url":"https:\/\/banneux-nd.be\/it\/","name":"Banneux Notre-Dame","description":"Sanctuaire de la Vierge des Pauvres (Belgique)","potentialAction":[{"@type":"SearchAction","target":{"@type":"EntryPoint","urlTemplate":"https:\/\/banneux-nd.be\/it\/?s={search_term_string}"},"query-input":{"@type":"PropertyValueSpecification","valueRequired":true,"valueName":"search_term_string"}}],"inLanguage":"it-IT"}]}},"coauthors":[],"author_meta":{"author_link":"https:\/\/banneux-nd.be\/it\/author\/dreusdeille\/","display_name":"Anne-Elisabeth N\u00e8ve"},"relative_dates":{"created":"Pubblicato 8 anni fa","modified":"Aggiornato 8 anni fa"},"absolute_dates":{"created":"Pubblicato il 19 Luglio 2018","modified":"Aggiornato il 20 Luglio 2018"},"absolute_dates_time":{"created":"Pubblicato il 19 Luglio 2018 12:18","modified":"Aggiornato il 20 Luglio 2018 19:01"},"featured_img_caption":"","featured_img":false,"series_order":"","jetpack_sharing_enabled":true,"_links":{"self":[{"href":"https:\/\/banneux-nd.be\/it\/wp-json\/wp\/v2\/pages\/8998","targetHints":{"allow":["GET"]}}],"collection":[{"href":"https:\/\/banneux-nd.be\/it\/wp-json\/wp\/v2\/pages"}],"about":[{"href":"https:\/\/banneux-nd.be\/it\/wp-json\/wp\/v2\/types\/page"}],"author":[{"embeddable":true,"href":"https:\/\/banneux-nd.be\/it\/wp-json\/wp\/v2\/users\/4"}],"replies":[{"embeddable":true,"href":"https:\/\/banneux-nd.be\/it\/wp-json\/wp\/v2\/comments?post=8998"}],"version-history":[{"count":2,"href":"https:\/\/banneux-nd.be\/it\/wp-json\/wp\/v2\/pages\/8998\/revisions"}],"predecessor-version":[{"id":9005,"href":"https:\/\/banneux-nd.be\/it\/wp-json\/wp\/v2\/pages\/8998\/revisions\/9005"}],"wp:attachment":[{"href":"https:\/\/banneux-nd.be\/it\/wp-json\/wp\/v2\/media?parent=8998"}],"curies":[{"name":"wp","href":"https:\/\/api.w.org\/{rel}","templated":true}]}}