{"id":9028,"date":"2018-07-19T12:39:37","date_gmt":"2018-07-19T10:39:37","guid":{"rendered":"http:\/\/www.banneux-nd.be\/?page_id=9028"},"modified":"2018-08-04T19:33:15","modified_gmt":"2018-08-04T17:33:15","slug":"homelies","status":"publish","type":"page","link":"https:\/\/banneux-nd.be\/it\/homelies\/","title":{"rendered":"Hom\u00e9lies"},"content":{"rendered":"<p><strong>2018<\/strong><\/p>\n<ul>\n<li><a href=\"https:\/\/banneux-nd.be\/wp-content\/uploads\/2018\/05\/2018-05-01-Hom%C3%A9lie-Mgr-JP-Delville.pdf\" target=\"_blank\" rel=\"noopener\"><em>Heureux les pauvres de coeur !<\/em><\/a> &#8211; 1<sup>er<\/sup> mai : ouverture de la saison 2018 &#8211; Mgr Jean-Pierre Delville<\/li>\n<\/ul>\n<p><strong>2015<\/strong><\/p>\n<ul>\n<li><a href=\"https:\/\/banneux-nd.be\/it\/le-monde-ancien-sen-est-alle\/\" target=\"_blank\" rel=\"noopener\"><em>Un monde ancien s&#8217;en est all\u00e9<\/em><\/a> &#8211; 4<sup>\u00e8me<\/sup> dimanche de l&#8217;Avent &#8211; Ann\u00e9e C &#8211; Abb\u00e9 Leo Palm<\/li>\n<\/ul>\n<p>&nbsp;<\/p>\n<div class=\"tiled-gallery type-rectangular tiled-gallery-unresized\" data-original-width=\"758\" data-carousel-extra='null' itemscope itemtype=\"http:\/\/schema.org\/ImageGallery\" > <div class=\"gallery-row\" style=\"width: 758px; height: 218px;\" data-original-width=\"758\" data-original-height=\"218\" > <div class=\"gallery-group images-1\" style=\"width: 325px; height: 218px;\" data-original-width=\"325\" data-original-height=\"218\" > <div class=\"tiled-gallery-item tiled-gallery-item-large\" itemprop=\"associatedMedia\" itemscope itemtype=\"http:\/\/schema.org\/ImageObject\"> <a href=\"https:\/\/banneux-nd.be\/it\/2018-05-01-banneux-messe-internationale-160-pf-2\/\" border=\"0\" itemprop=\"url\"> <meta itemprop=\"width\" content=\"321\"> <meta itemprop=\"height\" content=\"214\"> <img decoding=\"async\" data-attachment-id=\"10062\" data-orig-file=\"https:\/\/banneux-nd.be\/wp-content\/uploads\/2018\/08\/2018-05-01-Banneux-Messe-internationale-160-PF.jpg\" data-orig-size=\"1200,800\" data-comments-opened=\"1\" data-image-meta=\"{&quot;aperture&quot;:&quot;5.6&quot;,&quot;credit&quot;:&quot;&quot;,&quot;camera&quot;:&quot;Canon EOS 500D&quot;,&quot;caption&quot;:&quot;&quot;,&quot;created_timestamp&quot;:&quot;1525173058&quot;,&quot;copyright&quot;:&quot;&quot;,&quot;focal_length&quot;:&quot;90&quot;,&quot;iso&quot;:&quot;1250&quot;,&quot;shutter_speed&quot;:&quot;0.01&quot;,&quot;title&quot;:&quot;&quot;,&quot;orientation&quot;:&quot;1&quot;}\" data-image-title=\"2018-05-01 &#8211; Banneux Messe internationale (160) &#8211; PF\" data-image-description=\"\" data-medium-file=\"https:\/\/banneux-nd.be\/wp-content\/uploads\/2018\/08\/2018-05-01-Banneux-Messe-internationale-160-PF-300x200.jpg\" data-large-file=\"https:\/\/banneux-nd.be\/wp-content\/uploads\/2018\/08\/2018-05-01-Banneux-Messe-internationale-160-PF-1024x683.jpg\" data-src=\"https:\/\/i0.wp.com\/banneux-nd.be\/wp-content\/uploads\/2018\/08\/2018-05-01-Banneux-Messe-internationale-160-PF.jpg?w=321&#038;h=214&#038;ssl=1\" data-srcset=\"https:\/\/banneux-nd.be\/wp-content\/uploads\/2018\/08\/2018-05-01-Banneux-Messe-internationale-160-PF.jpg 1200w, https:\/\/banneux-nd.be\/wp-content\/uploads\/2018\/08\/2018-05-01-Banneux-Messe-internationale-160-PF-300x200.jpg 300w, https:\/\/banneux-nd.be\/wp-content\/uploads\/2018\/08\/2018-05-01-Banneux-Messe-internationale-160-PF-768x512.jpg 768w, https:\/\/banneux-nd.be\/wp-content\/uploads\/2018\/08\/2018-05-01-Banneux-Messe-internationale-160-PF-1024x683.jpg 1024w\" width=\"321\" height=\"214\" data-original-width=\"321\" data-original-height=\"214\" itemprop=\"http:\/\/schema.org\/image\" title=\"2018-05-01 - Banneux Messe internationale (160) - PF\" alt=\"1er mai 2018 - Mgr Jean-Pierre Delville\" style=\"--smush-placeholder-width: 321px; --smush-placeholder-aspect-ratio: 321\/214;width: 321px; height: 214px;\" src=\"data:image\/svg+xml;base64,PHN2ZyB3aWR0aD0iMSIgaGVpZ2h0PSIxIiB4bWxucz0iaHR0cDovL3d3dy53My5vcmcvMjAwMC9zdmciPjwvc3ZnPg==\" class=\"lazyload\" \/> <\/a> <div class=\"tiled-gallery-caption\" itemprop=\"caption description\"> 1er mai 2018 &#8211; Mgr Jean-Pierre Delville <\/div> <\/div> <\/div> <!-- close group --> <div class=\"gallery-group images-1\" style=\"width: 433px; height: 218px;\" data-original-width=\"433\" data-original-height=\"218\" > <div class=\"tiled-gallery-item tiled-gallery-item-large\" itemprop=\"associatedMedia\" itemscope itemtype=\"http:\/\/schema.org\/ImageObject\"> <a href=\"https:\/\/banneux-nd.be\/it\/2018-03-29-jeudi-saint-banneux-26-2\/\" border=\"0\" itemprop=\"url\"> <meta itemprop=\"width\" content=\"429\"> <meta itemprop=\"height\" content=\"214\"> <img decoding=\"async\" data-attachment-id=\"6800\" data-orig-file=\"https:\/\/banneux-nd.be\/wp-content\/uploads\/2018\/04\/2018-03-29-Jeudi-saint-Banneux-26.jpg\" data-orig-size=\"1200,599\" data-comments-opened=\"1\" data-image-meta=\"{&quot;aperture&quot;:&quot;4&quot;,&quot;credit&quot;:&quot;&quot;,&quot;camera&quot;:&quot;Canon EOS 500D&quot;,&quot;caption&quot;:&quot;&quot;,&quot;created_timestamp&quot;:&quot;1522348652&quot;,&quot;copyright&quot;:&quot;&quot;,&quot;focal_length&quot;:&quot;32&quot;,&quot;iso&quot;:&quot;500&quot;,&quot;shutter_speed&quot;:&quot;0.025&quot;,&quot;title&quot;:&quot;&quot;,&quot;orientation&quot;:&quot;1&quot;}\" data-image-title=\"2018-03-29 &#8211; Jeudi saint Banneux (26)\" data-image-description=\"\" data-medium-file=\"https:\/\/banneux-nd.be\/wp-content\/uploads\/2018\/04\/2018-03-29-Jeudi-saint-Banneux-26-300x150.jpg\" data-large-file=\"https:\/\/banneux-nd.be\/wp-content\/uploads\/2018\/04\/2018-03-29-Jeudi-saint-Banneux-26-1024x511.jpg\" data-src=\"https:\/\/i0.wp.com\/banneux-nd.be\/wp-content\/uploads\/2018\/04\/2018-03-29-Jeudi-saint-Banneux-26.jpg?w=429&#038;h=214&#038;ssl=1\" data-srcset=\"https:\/\/banneux-nd.be\/wp-content\/uploads\/2018\/04\/2018-03-29-Jeudi-saint-Banneux-26.jpg 1200w, https:\/\/banneux-nd.be\/wp-content\/uploads\/2018\/04\/2018-03-29-Jeudi-saint-Banneux-26-300x150.jpg 300w, https:\/\/banneux-nd.be\/wp-content\/uploads\/2018\/04\/2018-03-29-Jeudi-saint-Banneux-26-768x383.jpg 768w, https:\/\/banneux-nd.be\/wp-content\/uploads\/2018\/04\/2018-03-29-Jeudi-saint-Banneux-26-1024x511.jpg 1024w\" width=\"429\" height=\"214\" data-original-width=\"429\" data-original-height=\"214\" itemprop=\"http:\/\/schema.org\/image\" title=\"2018-03-29 - Jeudi saint Banneux (26)\" alt=\"Jeudi saint 2018 - Abb\u00e9 Leo Palm\" style=\"--smush-placeholder-width: 429px; --smush-placeholder-aspect-ratio: 429\/214;width: 429px; height: 214px;\" src=\"data:image\/svg+xml;base64,PHN2ZyB3aWR0aD0iMSIgaGVpZ2h0PSIxIiB4bWxucz0iaHR0cDovL3d3dy53My5vcmcvMjAwMC9zdmciPjwvc3ZnPg==\" class=\"lazyload\" \/> <\/a> <div class=\"tiled-gallery-caption\" itemprop=\"caption description\"> Jeudi saint 2018 &#8211; Abb\u00e9 Leo Palm <\/div> <\/div> <\/div> <!-- close group --> <\/div> <!-- close row --> <div class=\"gallery-row\" style=\"width: 758px; height: 583px;\" data-original-width=\"758\" data-original-height=\"583\" > <div class=\"gallery-group images-1\" style=\"width: 758px; height: 583px;\" data-original-width=\"758\" data-original-height=\"583\" > <div class=\"tiled-gallery-item tiled-gallery-item-large\" itemprop=\"associatedMedia\" itemscope itemtype=\"http:\/\/schema.org\/ImageObject\"> <a href=\"https:\/\/banneux-nd.be\/it\/2018-05-01-banneux-messe-internationale-128-pf-2\/\" border=\"0\" itemprop=\"url\"> <meta itemprop=\"width\" content=\"754\"> <meta itemprop=\"height\" content=\"579\"> <img decoding=\"async\" data-attachment-id=\"10056\" data-orig-file=\"https:\/\/banneux-nd.be\/wp-content\/uploads\/2018\/08\/2018-05-01-Banneux-Messe-internationale-128-PF.jpg\" data-orig-size=\"1200,922\" data-comments-opened=\"1\" data-image-meta=\"{&quot;aperture&quot;:&quot;5.6&quot;,&quot;credit&quot;:&quot;&quot;,&quot;camera&quot;:&quot;Canon EOS 500D&quot;,&quot;caption&quot;:&quot;&quot;,&quot;created_timestamp&quot;:&quot;1525172442&quot;,&quot;copyright&quot;:&quot;&quot;,&quot;focal_length&quot;:&quot;90&quot;,&quot;iso&quot;:&quot;1600&quot;,&quot;shutter_speed&quot;:&quot;0.008&quot;,&quot;title&quot;:&quot;&quot;,&quot;orientation&quot;:&quot;1&quot;}\" data-image-title=\"2018-05-01 &#8211; Banneux Messe internationale (128) &#8211; PF\" data-image-description=\"\" data-medium-file=\"https:\/\/banneux-nd.be\/wp-content\/uploads\/2018\/08\/2018-05-01-Banneux-Messe-internationale-128-PF-300x231.jpg\" data-large-file=\"https:\/\/banneux-nd.be\/wp-content\/uploads\/2018\/08\/2018-05-01-Banneux-Messe-internationale-128-PF-1024x787.jpg\" data-src=\"https:\/\/i0.wp.com\/banneux-nd.be\/wp-content\/uploads\/2018\/08\/2018-05-01-Banneux-Messe-internationale-128-PF.jpg?w=754&#038;h=579&#038;ssl=1\" data-srcset=\"https:\/\/banneux-nd.be\/wp-content\/uploads\/2018\/08\/2018-05-01-Banneux-Messe-internationale-128-PF.jpg 1200w, https:\/\/banneux-nd.be\/wp-content\/uploads\/2018\/08\/2018-05-01-Banneux-Messe-internationale-128-PF-300x231.jpg 300w, https:\/\/banneux-nd.be\/wp-content\/uploads\/2018\/08\/2018-05-01-Banneux-Messe-internationale-128-PF-768x590.jpg 768w, https:\/\/banneux-nd.be\/wp-content\/uploads\/2018\/08\/2018-05-01-Banneux-Messe-internationale-128-PF-1024x787.jpg 1024w\" width=\"754\" height=\"579\" data-original-width=\"754\" data-original-height=\"579\" itemprop=\"http:\/\/schema.org\/image\" title=\"2018-05-01 - Banneux Messe internationale (128) - PF\" alt=\"1er mai 2018 - Mgr Jean-Pierre Delville\" style=\"--smush-placeholder-width: 754px; --smush-placeholder-aspect-ratio: 754\/579;width: 754px; height: 579px;\" src=\"data:image\/svg+xml;base64,PHN2ZyB3aWR0aD0iMSIgaGVpZ2h0PSIxIiB4bWxucz0iaHR0cDovL3d3dy53My5vcmcvMjAwMC9zdmciPjwvc3ZnPg==\" class=\"lazyload\" \/> <\/a> <div class=\"tiled-gallery-caption\" itemprop=\"caption description\"> 1er mai 2018 &#8211; Mgr Jean-Pierre Delville <\/div> <\/div> <\/div> <!-- close group --> <\/div> <!-- close row --> <\/div>\n<p>&nbsp;<\/p>\n","protected":false},"excerpt":{"rendered":"<p>2018 Heureux les pauvres de coeur ! &#8211; 1er mai : ouverture de la saison 2018 &#8211; Mgr Jean-Pierre Delville 2015 Un monde ancien s&#8217;en est all\u00e9 &#8211; 4\u00e8me dimanche de l&#8217;Avent &#8211; Ann\u00e9e C &#8211; Abb\u00e9 Leo Palm &nbsp; &nbsp;<\/p>\n","protected":false},"author":4,"featured_media":0,"parent":0,"menu_order":0,"comment_status":"closed","ping_status":"closed","template":"","meta":{"advgb_blocks_editor_width":"","advgb_blocks_columns_visual_guide":"","jetpack_post_was_ever_published":false,"footnotes":""},"class_list":["post-9028","page","type-page","status-publish","hentry"],"yoast_head":"<!-- This site is optimized with the Yoast SEO plugin v27.4 - https:\/\/yoast.com\/product\/yoast-seo-wordpress\/ -->\n<title>Hom\u00e9lies - Banneux Notre-Dame<\/title>\n<meta name=\"robots\" content=\"index, follow, max-snippet:-1, max-image-preview:large, max-video-preview:-1\" \/>\n<link rel=\"canonical\" href=\"https:\/\/banneux-nd.be\/it\/homelies\/\" \/>\n<meta property=\"og:locale\" content=\"it_IT\" \/>\n<meta property=\"og:type\" content=\"article\" \/>\n<meta property=\"og:title\" content=\"Hom\u00e9lies - Banneux Notre-Dame\" \/>\n<meta property=\"og:description\" content=\"2018 Heureux les pauvres de coeur ! &#8211; 1er mai : ouverture de la saison 2018 &#8211; Mgr Jean-Pierre Delville 2015 Un monde ancien s&#8217;en est all\u00e9 &#8211; 4\u00e8me dimanche de l&#8217;Avent &#8211; Ann\u00e9e C &#8211; Abb\u00e9 Leo Palm &nbsp; &nbsp;\" \/>\n<meta property=\"og:url\" content=\"https:\/\/banneux-nd.be\/it\/homelies\/\" \/>\n<meta property=\"og:site_name\" content=\"Banneux Notre-Dame\" \/>\n<meta property=\"article:publisher\" content=\"https:\/\/www.facebook.com\/NDBanneux\/\" \/>\n<meta property=\"article:modified_time\" content=\"2018-08-04T17:33:15+00:00\" \/>\n<meta property=\"og:image\" content=\"https:\/\/i0.wp.com\/banneux-nd.be\/wp-content\/uploads\/2018\/04\/2018-03-29-Jeudi-saint-Banneux-26.jpg?w=754&#038;h=376&#038;ssl=1\" \/>\n<meta name=\"twitter:card\" content=\"summary_large_image\" \/>\n<script type=\"application\/ld+json\" class=\"yoast-schema-graph\">{\"@context\":\"https:\\\/\\\/schema.org\",\"@graph\":[{\"@type\":\"WebPage\",\"@id\":\"https:\\\/\\\/banneux-nd.be\\\/it\\\/homelies\\\/\",\"url\":\"https:\\\/\\\/banneux-nd.be\\\/it\\\/homelies\\\/\",\"name\":\"Hom\u00e9lies - Banneux Notre-Dame\",\"isPartOf\":{\"@id\":\"https:\\\/\\\/banneux-nd.be\\\/it\\\/#website\"},\"datePublished\":\"2018-07-19T10:39:37+00:00\",\"dateModified\":\"2018-08-04T17:33:15+00:00\",\"breadcrumb\":{\"@id\":\"https:\\\/\\\/banneux-nd.be\\\/it\\\/homelies\\\/#breadcrumb\"},\"inLanguage\":\"it-IT\",\"potentialAction\":[{\"@type\":\"ReadAction\",\"target\":[\"https:\\\/\\\/banneux-nd.be\\\/it\\\/homelies\\\/\"]}]},{\"@type\":\"BreadcrumbList\",\"@id\":\"https:\\\/\\\/banneux-nd.be\\\/it\\\/homelies\\\/#breadcrumb\",\"itemListElement\":[{\"@type\":\"ListItem\",\"position\":1,\"name\":\"Accueil\",\"item\":\"https:\\\/\\\/banneux-nd.be\\\/it\\\/\"},{\"@type\":\"ListItem\",\"position\":2,\"name\":\"Hom\u00e9lies\"}]},{\"@type\":\"WebSite\",\"@id\":\"https:\\\/\\\/banneux-nd.be\\\/it\\\/#website\",\"url\":\"https:\\\/\\\/banneux-nd.be\\\/it\\\/\",\"name\":\"Banneux Notre-Dame\",\"description\":\"Sanctuaire de la Vierge des Pauvres (Belgique)\",\"potentialAction\":[{\"@type\":\"SearchAction\",\"target\":{\"@type\":\"EntryPoint\",\"urlTemplate\":\"https:\\\/\\\/banneux-nd.be\\\/it\\\/?s={search_term_string}\"},\"query-input\":{\"@type\":\"PropertyValueSpecification\",\"valueRequired\":true,\"valueName\":\"search_term_string\"}}],\"inLanguage\":\"it-IT\"}]}<\/script>\n<!-- \/ Yoast SEO plugin. -->","yoast_head_json":{"title":"Hom\u00e9lies - Banneux Notre-Dame","robots":{"index":"index","follow":"follow","max-snippet":"max-snippet:-1","max-image-preview":"max-image-preview:large","max-video-preview":"max-video-preview:-1"},"canonical":"https:\/\/banneux-nd.be\/it\/homelies\/","og_locale":"it_IT","og_type":"article","og_title":"Hom\u00e9lies - Banneux Notre-Dame","og_description":"2018 Heureux les pauvres de coeur ! &#8211; 1er mai : ouverture de la saison 2018 &#8211; Mgr Jean-Pierre Delville 2015 Un monde ancien s&#8217;en est all\u00e9 &#8211; 4\u00e8me dimanche de l&#8217;Avent &#8211; Ann\u00e9e C &#8211; Abb\u00e9 Leo Palm &nbsp; &nbsp;","og_url":"https:\/\/banneux-nd.be\/it\/homelies\/","og_site_name":"Banneux Notre-Dame","article_publisher":"https:\/\/www.facebook.com\/NDBanneux\/","article_modified_time":"2018-08-04T17:33:15+00:00","og_image":[{"url":"https:\/\/i0.wp.com\/banneux-nd.be\/wp-content\/uploads\/2018\/04\/2018-03-29-Jeudi-saint-Banneux-26.jpg?w=754&#038;h=376&#038;ssl=1","type":"","width":"","height":""}],"twitter_card":"summary_large_image","schema":{"@context":"https:\/\/schema.org","@graph":[{"@type":"WebPage","@id":"https:\/\/banneux-nd.be\/it\/homelies\/","url":"https:\/\/banneux-nd.be\/it\/homelies\/","name":"Hom\u00e9lies - Banneux Notre-Dame","isPartOf":{"@id":"https:\/\/banneux-nd.be\/it\/#website"},"datePublished":"2018-07-19T10:39:37+00:00","dateModified":"2018-08-04T17:33:15+00:00","breadcrumb":{"@id":"https:\/\/banneux-nd.be\/it\/homelies\/#breadcrumb"},"inLanguage":"it-IT","potentialAction":[{"@type":"ReadAction","target":["https:\/\/banneux-nd.be\/it\/homelies\/"]}]},{"@type":"BreadcrumbList","@id":"https:\/\/banneux-nd.be\/it\/homelies\/#breadcrumb","itemListElement":[{"@type":"ListItem","position":1,"name":"Accueil","item":"https:\/\/banneux-nd.be\/it\/"},{"@type":"ListItem","position":2,"name":"Hom\u00e9lies"}]},{"@type":"WebSite","@id":"https:\/\/banneux-nd.be\/it\/#website","url":"https:\/\/banneux-nd.be\/it\/","name":"Banneux Notre-Dame","description":"Sanctuaire de la Vierge des Pauvres (Belgique)","potentialAction":[{"@type":"SearchAction","target":{"@type":"EntryPoint","urlTemplate":"https:\/\/banneux-nd.be\/it\/?s={search_term_string}"},"query-input":{"@type":"PropertyValueSpecification","valueRequired":true,"valueName":"search_term_string"}}],"inLanguage":"it-IT"}]}},"coauthors":[],"author_meta":{"author_link":"https:\/\/banneux-nd.be\/it\/author\/dreusdeille\/","display_name":"Anne-Elisabeth N\u00e8ve"},"relative_dates":{"created":"Pubblicato 8 anni fa","modified":"Aggiornato 8 anni fa"},"absolute_dates":{"created":"Pubblicato il 19 Luglio 2018","modified":"Aggiornato il 4 Agosto 2018"},"absolute_dates_time":{"created":"Pubblicato il 19 Luglio 2018 12:39","modified":"Aggiornato il 4 Agosto 2018 19:33"},"featured_img_caption":"","featured_img":false,"series_order":"","jetpack_sharing_enabled":true,"_links":{"self":[{"href":"https:\/\/banneux-nd.be\/it\/wp-json\/wp\/v2\/pages\/9028","targetHints":{"allow":["GET"]}}],"collection":[{"href":"https:\/\/banneux-nd.be\/it\/wp-json\/wp\/v2\/pages"}],"about":[{"href":"https:\/\/banneux-nd.be\/it\/wp-json\/wp\/v2\/types\/page"}],"author":[{"embeddable":true,"href":"https:\/\/banneux-nd.be\/it\/wp-json\/wp\/v2\/users\/4"}],"replies":[{"embeddable":true,"href":"https:\/\/banneux-nd.be\/it\/wp-json\/wp\/v2\/comments?post=9028"}],"version-history":[{"count":5,"href":"https:\/\/banneux-nd.be\/it\/wp-json\/wp\/v2\/pages\/9028\/revisions"}],"predecessor-version":[{"id":10065,"href":"https:\/\/banneux-nd.be\/it\/wp-json\/wp\/v2\/pages\/9028\/revisions\/10065"}],"wp:attachment":[{"href":"https:\/\/banneux-nd.be\/it\/wp-json\/wp\/v2\/media?parent=9028"}],"curies":[{"name":"wp","href":"https:\/\/api.w.org\/{rel}","templated":true}]}}