{"id":14306,"date":"2021-02-11T16:35:54","date_gmt":"2021-02-11T15:35:54","guid":{"rendered":"https:\/\/banneux-nd.be\/giften-en-offerandes\/"},"modified":"2021-06-17T00:44:49","modified_gmt":"2021-06-16T22:44:49","slug":"dons-en-ligne","status":"publish","type":"page","link":"https:\/\/banneux-nd.be\/nl\/dons-en-ligne\/","title":{"rendered":"Giften en offerandes"},"content":{"rendered":"\n<div class=\"wpcf7 no-js\" id=\"wpcf7-f14479-o1\" lang=\"fr-FR\" dir=\"ltr\" data-wpcf7-id=\"14479\">\n<div class=\"screen-reader-response\"><p role=\"status\" aria-live=\"polite\" aria-atomic=\"true\"><\/p> <ul><\/ul><\/div>\n<form action=\"\/nl\/wp-json\/wp\/v2\/pages\/14306#wpcf7-f14479-o1\" method=\"post\" class=\"wpcf7-form init\" aria-label=\"Contact form\" novalidate=\"novalidate\" data-status=\"init\">\n<div style=\"display: none;\">\n<input type=\"hidden\" name=\"_wpcf7\" value=\"14479\" \/>\n<input type=\"hidden\" name=\"_wpcf7_version\" value=\"6.0.6\" \/>\n<input type=\"hidden\" name=\"_wpcf7_locale\" value=\"fr_FR\" \/>\n<input type=\"hidden\" name=\"_wpcf7_unit_tag\" value=\"wpcf7-f14479-o1\" \/>\n<input type=\"hidden\" name=\"_wpcf7_container_post\" value=\"0\" \/>\n<input type=\"hidden\" name=\"_wpcf7_posted_data_hash\" value=\"\" \/>\n<\/div>\n<p><b>Uw contactgegevens<\/b> (verplicht voor keuzemogelijkheden 1-2-3 en 5)\n<\/p>\n<p><label> Naam <span style=\"color:red;\">(verplicht)<\/span> <span class=\"wpcf7-form-control-wrap\" data-name=\"nom-donateur\"><input size=\"40\" maxlength=\"400\" class=\"wpcf7-form-control wpcf7-text wpcf7-validates-as-required\" id=\"m_nom\" aria-required=\"true\" aria-invalid=\"false\" value=\"\" type=\"text\" name=\"nom-donateur\" \/><\/span> <\/label>\n<\/p>\n<p><label> Voornaam <span style=\"color:red;\">(verplicht)<br \/>\n<span class=\"wpcf7-form-control-wrap\" data-name=\"prenom-donateur\"><input size=\"40\" maxlength=\"400\" class=\"wpcf7-form-control wpcf7-text wpcf7-validates-as-required\" aria-required=\"true\" aria-invalid=\"false\" value=\"\" type=\"text\" name=\"prenom-donateur\" \/><\/span> <\/span><\/label>\n<\/p>\n<p><label> Adres<br \/>\n<span class=\"wpcf7-form-control-wrap\" data-name=\"adresse-donateur\"><input size=\"40\" maxlength=\"400\" class=\"wpcf7-form-control wpcf7-text\" aria-invalid=\"false\" value=\"\" type=\"text\" name=\"adresse-donateur\" \/><\/span> <\/label>\n<\/p>\n<p><label> E-mail <span style=\"color:red;\">(verplicht)<br \/>\n<span class=\"wpcf7-form-control-wrap\" data-name=\"email-donateur\"><input size=\"40\" maxlength=\"400\" class=\"wpcf7-form-control wpcf7-email wpcf7-validates-as-required wpcf7-text wpcf7-validates-as-email\" aria-required=\"true\" aria-invalid=\"false\" value=\"\" type=\"email\" name=\"email-donateur\" \/><\/span> <\/span><\/label>\n<\/p>\n<p><label> Telefoon <span class=\"wpcf7-form-control-wrap\" data-name=\"telephone-donateur\"><input size=\"40\" maxlength=\"400\" class=\"wpcf7-form-control wpcf7-text\" aria-invalid=\"false\" value=\"\" type=\"text\" name=\"telephone-donateur\" \/><\/span> <\/label>\n<\/p>\n<p><label> Nationaal nummer of ondernemingsnummer <span style=\"color:orange;\">(verplicht voor belastingvrijstelling):<\/span><br \/>\n<span class=\"wpcf7-form-control-wrap\" data-name=\"NN-donateur\"><input size=\"40\" maxlength=\"400\" class=\"wpcf7-form-control wpcf7-text\" aria-invalid=\"false\" value=\"\" type=\"text\" name=\"NN-donateur\" \/><\/span> <\/label>\n<\/p>\n<p><u>Bestemming<\/u>\n<\/p>\n<table>\n\t<tr>\n\t\t<th>\n\t\t\t<p><label>Categorie<\/label>\n\t\t\t<\/p>\n\t\t<\/th>\n\t\t<th>\n\t\t\t<p><label>Intentie, aanduiding, ...<\/label>\n\t\t\t<\/p>\n\t\t<\/th>\n\t\t<th>\n\t\t\t<p><label>Bedrag<\/label>\n\t\t\t<\/p>\n\t\t<\/th>\n\t<\/tr>\n\t<tr>\n\t\t<td>\n\t\t\t<p>&#x25CF; 1) Gift voor de Hospitaliteit<br \/>\n(belastingsvrijstelling in Belgi\u00eb voor giften van 40\u20ac of meer)<br \/>\n<!--<label><span style=\"margin-left:25px\"><\/span><\/label>-->\n\t\t\t<\/p>\n\t\t<\/td>\n\t\t<td>\n\t\t<\/td>\n\t\t<td>\n\t\t\t<p><label><span class=\"wpcf7-form-control-wrap mt-hospit\"><input class=\"wpcf7-form-control wpcf7-numberstepfloat wpcf7-validates-as-number-decimal\" id=\"m_mt_hospit\" min=\"0\" max=\"100000\" aria-invalid=\"false\" value=\"\" type=\"text\" name=\"mt-hospit\" \/><\/span><\/label>\n\t\t\t<\/p>\n\t\t<\/td>\n\t<\/tr>\n\t<tr>\n\t\t<td>\n\t\t\t<p>&#x25CF; 2) Gift voor het heiligdom\n\t\t\t<\/p>\n\t\t<\/td>\n\t\t<td>\n\t\t<\/td>\n\t\t<td>\n\t\t\t<p><label><span class=\"wpcf7-form-control-wrap mt-sanctuaire\"><input class=\"wpcf7-form-control wpcf7-numberstepfloat wpcf7-validates-as-number-decimal\" id=\"m_mt_sanctuaire\" min=\"0\" max=\"100000\" aria-invalid=\"false\" value=\"\" type=\"text\" name=\"mt-sanctuaire\" \/><\/span><\/label>\n\t\t\t<\/p>\n\t\t<\/td>\n\t<\/tr>\n\t<tr>\n\t\t<td>\n\t\t\t<p>&#x25CF; 3) Donatie voor de standbeelden<br \/>\n(waardoor standbeelden kunnen worden verstuurd naar christelijke gemeenschappen over de hele wereld die daarom vragen)\n\t\t\t<\/p>\n\t\t<\/td>\n\t\t<td>\n\t\t<\/td>\n\t\t<td>\n\t\t\t<p><label><span class=\"wpcf7-form-control-wrap mt-statue\"><input class=\"wpcf7-form-control wpcf7-numberstepfloat wpcf7-validates-as-number-decimal\" id=\"m_mt_statue\" min=\"0\" max=\"100000\" aria-invalid=\"false\" value=\"\" type=\"text\" name=\"mt-statue\" \/><\/span><\/label>\n\t\t\t<\/p>\n\t\t<\/td>\n\t<\/tr>\n\t<tr>\n\t\t<td>\n\t\t\t<p>&#x25CF; 4) Kaarsen aansteken (1\u20ac\/stuk)\n\t\t\t<\/p>\n\t\t<\/td>\n\t\t<td>\n\t\t<\/td>\n\t\t<td>\n\t\t\t<p><label><span class=\"wpcf7-form-control-wrap mt-bougie\"><input class=\"wpcf7-form-control wpcf7-numberstepfloat wpcf7-validates-as-number-decimal\" id=\"m_mt_bougie\" min=\"0\" max=\"100000\" aria-invalid=\"false\" value=\"\" type=\"text\" name=\"mt-bougie\" \/><\/span><\/label>\n\t\t\t<\/p>\n\t\t<\/td>\n\t<\/tr>\n\t<tr>\n\t\t<td>\n\t\t\t<p>&#x25CF; 5) Kalender + verzendkosten (7,50\u20ac)\n\t\t\t<\/p>\n\t\t<\/td>\n\t\t<td>\n\t\t<\/td>\n\t\t<td>\n\t\t\t<p><label><span class=\"wpcf7-form-control-wrap mt-calendrier\"><input class=\"wpcf7-form-control wpcf7-numberstepfloat wpcf7-validates-as-number-decimal\" id=\"m_mt_calendrier\" min=\"0\" max=\"100000\" aria-invalid=\"false\" value=\"\" type=\"text\" name=\"mt-calendrier\" \/><\/span><\/label>\n\t\t\t<\/p>\n\t\t<\/td>\n\t<\/tr>\n\t<tr>\n\t\t<td>\n\t\t\t<p>&#x25CF; 6) Mis zonder datum (7\u20ac)\n\t\t\t<\/p>\n\t\t<\/td>\n\t\t<td>\n\t\t\t<p><label>intentie<\/label><label><span class=\"wpcf7-form-control-wrap\" data-name=\"intention-messe-sans-date\"><input size=\"40\" maxlength=\"400\" class=\"wpcf7-form-control wpcf7-text\" aria-invalid=\"false\" value=\"\" type=\"text\" name=\"intention-messe-sans-date\" \/><\/span><\/label>\n\t\t\t<\/p>\n\t\t<\/td>\n\t\t<td>\n\t\t\t<p><label>&nbsp; <\/label><label><span class=\"wpcf7-form-control-wrap mt-messe-sans-date\"><input class=\"wpcf7-form-control wpcf7-numberstepfloat wpcf7-validates-as-number-decimal\" id=\"m_mt_messe_sans_date\" min=\"0\" max=\"100000\" aria-invalid=\"false\" value=\"\" type=\"text\" name=\"mt-messe-sans-date\" \/><\/span><\/label>\n\t\t\t<\/p>\n\t\t<\/td>\n\t<\/tr>\n\t<tr>\n\t\t<td>\n\t\t\t<p>&#x25CF; 7) Mis met datum (10\u20ac)\n\t\t\t<\/p>\n\t\t<\/td>\n\t\t<td>\n\t\t\t<p><label>intentie<\/label><label><span class=\"wpcf7-form-control-wrap\" data-name=\"intention-messe-avec-date\"><input size=\"40\" maxlength=\"400\" class=\"wpcf7-form-control wpcf7-text\" aria-invalid=\"false\" value=\"\" type=\"text\" name=\"intention-messe-avec-date\" \/><\/span><\/label>\n\t\t\t<\/p>\n\t\t<\/td>\n\t\t<td>\n\t\t\t<p><label>&nbsp; <\/label><label><span class=\"wpcf7-form-control-wrap mt-messe-avec-date\"><input class=\"wpcf7-form-control wpcf7-numberstepfloat wpcf7-validates-as-number-decimal\" id=\"m_mt_messe_avec_date\" min=\"0\" max=\"100000\" aria-invalid=\"false\" value=\"\" type=\"text\" name=\"mt-messe-avec-date\" \/><\/span><\/label>\n\t\t\t<\/p>\n\t\t<\/td>\n\t<\/tr>\n\t<tr>\n\t\t<td>\n\t\t\t<p>&#x25CF; 8) Noveen van missen (75\u20ac)\n\t\t\t<\/p>\n\t\t<\/td>\n\t\t<td>\n\t\t\t<p><label>intentie<\/label><label><span class=\"wpcf7-form-control-wrap\" data-name=\"intention-neuvaine\"><input size=\"40\" maxlength=\"400\" class=\"wpcf7-form-control wpcf7-text\" aria-invalid=\"false\" value=\"\" type=\"text\" name=\"intention-neuvaine\" \/><\/span><\/label>\n\t\t\t<\/p>\n\t\t<\/td>\n\t\t<td>\n\t\t\t<p><label>&nbsp; <\/label><label><span class=\"wpcf7-form-control-wrap mt-neuvaine\"><input class=\"wpcf7-form-control wpcf7-numberstepfloat wpcf7-validates-as-number-decimal\" id=\"m_mt_neuvaine\" min=\"0\" max=\"100000\" aria-invalid=\"false\" value=\"\" type=\"text\" name=\"mt-neuvaine\" \/><\/span><\/label>\n\t\t\t<\/p>\n\t\t<\/td>\n\t<\/tr>\n\t<tr>\n\t\t<td>\n\t\t\t<p>&#x25CF; 9) Dertig missen (250\u20ac)\n\t\t\t<\/p>\n\t\t<\/td>\n\t\t<td>\n\t\t\t<p><label>intente<\/label><label><span class=\"wpcf7-form-control-wrap\" data-name=\"intention-trentain\"><input size=\"40\" maxlength=\"400\" class=\"wpcf7-form-control wpcf7-text\" aria-invalid=\"false\" value=\"\" type=\"text\" name=\"intention-trentain\" \/><\/span><\/label>\n\t\t\t<\/p>\n\t\t<\/td>\n\t\t<td>\n\t\t\t<p><label>&nbsp; <\/label><label><span class=\"wpcf7-form-control-wrap mt-trentain\"><input class=\"wpcf7-form-control wpcf7-numberstepfloat wpcf7-validates-as-number-decimal\" id=\"m_mt_trentain\" min=\"0\" max=\"100000\" aria-invalid=\"false\" value=\"\" type=\"text\" name=\"mt-trentain\" \/><\/span><\/label>\n\t\t\t<\/p>\n\t\t<\/td>\n\t<\/tr>\n\t<tr>\n\t\t<td>\n\t\t\t<p><label>&#x25CF; 10) Abonnement tijdschrift<\/label>\n\t\t\t<\/p>\n\t\t<\/td>\n\t\t<td>\n\t\t<\/td>\n\t\t<td>\n\t\t<\/td>\n\t<\/tr>\n\t<tr>\n\t\t<td>\n\t\t\t<p><span style=\"margin-left:35px\">FR Belgi\u00eb: 20\u20ac, buiten Belgi\u00eb: 22\u20ac<\/span>\n\t\t\t<\/p>\n\t\t<\/td>\n\t\t<td>\n\t\t<\/td>\n\t\t<td>\n\t\t\t<p><label><span class=\"wpcf7-form-control-wrap mt-revue-fr\"><input class=\"wpcf7-form-control wpcf7-numberstepfloat wpcf7-validates-as-number-decimal\" id=\"m_mt_revue_fr\" min=\"0\" max=\"100000\" aria-invalid=\"false\" value=\"\" type=\"text\" name=\"mt-revue-fr\" \/><\/span><\/label>\n\t\t\t<\/p>\n\t\t<\/td>\n\t<\/tr>\n\t<tr>\n\t\t<td>\n\t\t\t<p><span style=\"margin-left:35px\">DE 20\u20ac<\/span>\n\t\t\t<\/p>\n\t\t<\/td>\n\t\t<td>\n\t\t<\/td>\n\t\t<td>\n\t\t\t<p><label><span class=\"wpcf7-form-control-wrap mt-revue-de\"><input class=\"wpcf7-form-control wpcf7-numberstepfloat wpcf7-validates-as-number-decimal\" id=\"m_mt_revue_de\" min=\"0\" max=\"100000\" aria-invalid=\"false\" value=\"\" type=\"text\" name=\"mt-revue-de\" \/><\/span><\/label>\n\t\t\t<\/p>\n\t\t<\/td>\n\t<\/tr>\n\t<tr>\n\t\t<td>\n\t\t\t<p>&#x25CF; 11) Ex-voto (40\u20ac)<br \/>\ntekst (max 5 woorden + datum of jaar + naam of initialen)\n\t\t\t<\/p>\n\t\t<\/td>\n\t\t<td>\n\t\t\t<p><label><span class=\"wpcf7-form-control-wrap\" data-name=\"infos-exvoto\"><input size=\"40\" maxlength=\"400\" class=\"wpcf7-form-control wpcf7-text\" aria-invalid=\"false\" value=\"\" type=\"text\" name=\"infos-exvoto\" \/><\/span><\/label>\n\t\t\t<\/p>\n\t\t<\/td>\n\t\t<td>\n\t\t\t<p><label><span class=\"wpcf7-form-control-wrap mt-exvoto\"><input class=\"wpcf7-form-control wpcf7-numberstepfloat wpcf7-validates-as-number-decimal\" id=\"m_mt_exvoto\" min=\"0\" max=\"100000\" aria-invalid=\"false\" value=\"\" type=\"text\" name=\"mt-exvoto\" \/><\/span><\/label>\n\t\t\t<\/p>\n\t\t<\/td>\n\t<\/tr>\n\t<tr>\n\t\t<td>\n\t\t\t<p>&#x25CF; 12) Andere\n\t\t\t<\/p>\n\t\t<\/td>\n\t\t<td>\n\t\t\t<p><label><span class=\"wpcf7-form-control-wrap\" data-name=\"info-don-autres\"><input size=\"40\" maxlength=\"400\" class=\"wpcf7-form-control wpcf7-text\" aria-invalid=\"false\" value=\"\" type=\"text\" name=\"info-don-autres\" \/><\/span><\/label>\n\t\t\t<\/p>\n\t\t<\/td>\n\t\t<td>\n\t\t\t<p><label><span class=\"wpcf7-form-control-wrap mt-don-autre\"><input class=\"wpcf7-form-control wpcf7-numberstepfloat wpcf7-validates-as-number-decimal\" id=\"m_mt_don_autre\" min=\"0\" max=\"100000\" aria-invalid=\"false\" value=\"\" type=\"text\" name=\"mt-don-autre\" \/><\/span><\/label>\n\t\t\t<\/p>\n\t\t<\/td>\n\t<\/tr>\n<\/table>\n<tr>\n<label> <span style=\"width:100%\" style=\"height:50px\">Opmerking<br \/>\n<span class=\"wpcf7-form-control-wrap\" data-name=\"remarque-donateur\"><textarea cols=\"40\" rows=\"10\" maxlength=\"2000\" class=\"wpcf7-form-control wpcf7-textarea\" aria-invalid=\"false\" name=\"remarque-donateur\"><\/textarea><\/span> <\/span><\/label>\n<\/tr>\n<p><label> Uw referentienummer<br \/>\n<span class=\"wpcf7-form-control-wrap\" data-name=\"ORDERID\"><input size=\"40\" maxlength=\"400\" class=\"wpcf7-form-control wpcf7-text\" id=\"m_orderid\" aria-invalid=\"false\" value=\"\" type=\"text\" name=\"ORDERID\" \/><\/span> <\/label>\n<\/p>\n<p><label> Totaal bedrag<br \/>\n<span class=\"wpcf7-form-control-wrap montant\"><input class=\"wpcf7-form-control wpcf7-numberstepfloat wpcf7-validates-as-number-decimal\" id=\"m_montant_tot\" min=\"0\" max=\"100000\" readonly=\"readonly\" aria-invalid=\"false\" value=\"\" type=\"text\" name=\"montant\" \/><\/span> <\/label>\n<\/p>\n<p><span class=\"wpcf7-form-control-wrap\" data-name=\"verifok\"><span class=\"wpcf7-form-control wpcf7-acceptance\"><span class=\"wpcf7-list-item\"><label><input type=\"checkbox\" name=\"verifok\" value=\"1\" aria-invalid=\"false\" \/><span class=\"wpcf7-list-item-label\">Ik heb gecontroleerd of de verplichte informatie correct is ingevuld.<\/span><\/label><\/span><\/span><\/span>\n<\/p>\n<input class=\"wpcf7-form-control wpcf7-hidden\" value=\"SanctuaireBNDR\" type=\"hidden\" name=\"PSPID\" \/>\n<input class=\"wpcf7-form-control wpcf7-hidden\" value=\"\" type=\"hidden\" name=\"AMOUNT\" \/>\n<input class=\"wpcf7-form-control wpcf7-hidden\" value=\"EUR\" type=\"hidden\" name=\"CURRENCY\" \/>\n<input class=\"wpcf7-form-control wpcf7-hidden\" value=\"nl\" type=\"hidden\" name=\"LANGUAGE\" \/>\n<input class=\"wpcf7-form-control wpcf7-hidden\" value=\"\" type=\"hidden\" name=\"SHASIGN\" \/>\n<p><input class=\"wpcf7-form-control wpcf7-submit has-spinner\" type=\"submit\" value=\"Verzenden\" \/>\n<\/p>\n<p>Verzenden = info overbrengen naar betalingspagina<br \/>\nIn geval van problemen, gelieve contact op te nemen via economat@banneux-nd.be of tel +32 (4) 360 02 22\n<\/p><p style=\"display: none !important;\" class=\"akismet-fields-container\" data-prefix=\"_wpcf7_ak_\"><label>&#916;<textarea name=\"_wpcf7_ak_hp_textarea\" cols=\"45\" rows=\"8\" maxlength=\"100\"><\/textarea><\/label><input type=\"hidden\" id=\"ak_js_1\" name=\"_wpcf7_ak_js\" value=\"18\"\/><script>document.getElementById( \"ak_js_1\" ).setAttribute( \"value\", ( new Date() ).getTime() );<\/script><\/p><div class=\"wpcf7-response-output\" aria-hidden=\"true\"><\/div>\n<\/form>\n<\/div>\n\n\n\n\n<script>\ndocument.addEventListener( 'wpcf7mailsent', function( event ) {\n    location = 'https:\/\/banneux-nd.be\/paypage.html';\n}, false );\nvar d = new Date();\n\/\/d = Date().now;\n  var order = (d.getFullYear()).toString().concat((\"0\"+(d.getMonth()).toString()).slice(-2),(\"0\"+(d.getDate()).toString()).slice(-2),(d.getHours()).toString(),(\"0\"+(d.getMinutes()).toString()).slice(-2),(d.getMilliseconds().toString()));\njQuery(document).ready(function(){\n\/* !!!!! attention !!!!!!!\nIl ne faut surtout pas initialiser les variables de mani\u00e8re num\u00e9rique pour des variables destin\u00e9es \u00e0 \u00eatre remplies par un formulaire \u00e0 l'\u00e9cran sinon la variable est du type number apr\u00e8s initialisation mais devient string apr\u00e8s avoir tap\u00e9 quelque chose dans la zone \u00e0 l'\u00e9cran et il est difficile de totaliser des variables de types diff\u00e9rents.\nEn les gardant toutes en string, il suffit de totaliser les valeurs de Number(nom-variables)\n---> SURTOUT PAS : var m_mt_hospit = 0.0 ...  ;  var m_montant_tot = 0.0; *\/\nvar m_mt_hospit = \"0.0\"; var m_mt_sanctuaire = \"0.0\"; var m_mt_statue = \"0.0\";\nvar m_mt_bougie = \"0.0\"; var m_mt_calendrier = \"0.0\"; m_mt_messe_sans_date = \"0.0\";\nvar m_mt_messe_avec_date = \"0.0\"; var m_mt_neuvaine = \"0.0\"; var m_mt_trentain = \"0.0\";\nvar m_mt_revue_fr = \"0.0\"; var m_mt_revue_nl = \"0.0\"; var m_mt_revue_de = \"0.0\";\nvar m_mt_exvoto = \"0.0\"; var m_mt_don_autre = \"0.0\";\nvar m_montant_tot = \"0.0\";\nfunction myTotal() {\n  return (Number(m_mt_hospit.replace(',', '.')) + Number(m_mt_sanctuaire.replace(',', '.')) + Number(m_mt_statue.replace(',', '.')) + Number(m_mt_bougie.replace(',', '.')) + Number(m_mt_calendrier.replace(',', '.')) + Number(m_mt_messe_sans_date.replace(',', '.')) + Number(m_mt_messe_avec_date.replace(',', '.')) + Number(m_mt_neuvaine.replace(',', '.')) + Number(m_mt_trentain.replace(',', '.')) + Number(m_mt_revue_fr.replace(',', '.')) + Number(m_mt_revue_nl.replace(',', '.')) + Number(m_mt_revue_de.replace(',', '.')) + Number(m_mt_exvoto.replace(',', '.')) + Number(m_mt_don_autre.replace(',', '.')))\n}\n\njQuery(\"#m_nom\").focus(function() {\n  jQuery(\"#m_orderid\").val(order);\n});\n\njQuery(\"#m_mt_hospit\").on(\"change\", function() {\n m_mt_hospit= this.value ;\n\/\/ alert(\"mt_hospit \".concat(m_mt_hospit));\nm_montant_tot= myTotal();\njQuery(\"#m_montant_tot\").val(m_montant_tot.toFixed(2));\n}); \njQuery(\"#m_mt_sanctuaire\").on(\"change\", function() {\n m_mt_sanctuaire= this.value ;\n m_montant_tot= myTotal();\njQuery(\"#m_montant_tot\").val(m_montant_tot.toFixed(2));\n}); \njQuery(\"#m_mt_statue\").on(\"change\", function() {\n m_mt_statue= this.value ;\n m_montant_tot= myTotal();\njQuery(\"#m_montant_tot\").val(m_montant_tot.toFixed(2));\n}); \njQuery(\"#m_mt_bougie\").on(\"change\", function() {\n m_mt_bougie= this.value ;\n m_montant_tot= myTotal();\njQuery(\"#m_montant_tot\").val(m_montant_tot.toFixed(2));\n}); \njQuery(\"#m_mt_calendrier\").on(\"change\", function() {\n m_mt_calendrier= this.value ;\n m_montant_tot= myTotal();\njQuery(\"#m_montant_tot\").val(m_montant_tot.toFixed(2));\n}); \njQuery(\"#m_mt_messe_sans_date\").on(\"change\", function() {\n m_mt_messe_sans_date= this.value ;\n m_montant_tot= myTotal();\njQuery(\"#m_montant_tot\").val(m_montant_tot.toFixed(2));\n}); \njQuery(\"#m_mt_messe_avec_date\").on(\"change\", function() {\n m_mt_messe_avec_date= this.value ;\n m_montant_tot= myTotal();\njQuery(\"#m_montant_tot\").val(m_montant_tot.toFixed(2));\n});  \njQuery(\"#m_mt_neuvaine\").on(\"change\", function() {\n m_mt_neuvaine= this.value ;\n m_montant_tot= myTotal();\njQuery(\"#m_montant_tot\").val(m_montant_tot.toFixed(2));\n});  \njQuery(\"#m_mt_trentain\").on(\"change\", function() {\n m_mt_trentain= this.value ;\n m_montant_tot= myTotal();\njQuery(\"#m_montant_tot\").val(m_montant_tot.toFixed(2));\n});  \njQuery(\"#m_mt_revue_fr\").on(\"change\", function() {\n m_mt_revue_fr= this.value ;\n m_montant_tot= myTotal();\njQuery(\"#m_montant_tot\").val(m_montant_tot.toFixed(2));\n});  \njQuery(\"#m_mt_revue_nl\").on(\"change\", function() {\n m_mt_revue_nl = this.value ;\n m_montant_tot= myTotal();\njQuery(\"#m_montant_tot\").val(m_montant_tot.toFixed(2));\n});  \njQuery(\"#m_mt_revue_de\").on(\"change\", function() {\n m_mt_revue_de= this.value ;\n m_montant_tot= myTotal();\njQuery(\"#m_montant_tot\").val(m_montant_tot.toFixed(2));\n});  \njQuery(\"#m_mt_exvoto\").on(\"change\", function() {\n m_mt_exvoto= this.value ;\n m_montant_tot= myTotal();\njQuery(\"#m_montant_tot\").val(m_montant_tot.toFixed(2));\n});  \njQuery(\"#m_mt_don_autre\").on(\"change\", function() {\n m_mt_don_autre= this.value ;\n m_montant_tot= myTotal();\njQuery(\"#m_montant_tot\").val(m_montant_tot.toFixed(2));\n});  \n});\n<\/script>\n","protected":false},"excerpt":{"rendered":"","protected":false},"author":2,"featured_media":0,"parent":0,"menu_order":0,"comment_status":"closed","ping_status":"closed","template":"page_10.php","meta":{"advgb_blocks_editor_width":"","advgb_blocks_columns_visual_guide":"","jetpack_post_was_ever_published":false,"footnotes":""},"class_list":["post-14306","page","type-page","status-publish","hentry"],"yoast_head":"<!-- This site is optimized with the Yoast SEO plugin v27.3 - https:\/\/yoast.com\/product\/yoast-seo-wordpress\/ -->\n<title>Giften en offerandes - Banneux Notre-Dame<\/title>\n<meta name=\"robots\" content=\"noindex, nofollow\" \/>\n<meta property=\"og:locale\" content=\"nl_NL\" \/>\n<meta property=\"og:type\" content=\"article\" \/>\n<meta property=\"og:title\" content=\"Giften en offerandes - Banneux Notre-Dame\" \/>\n<meta property=\"og:url\" content=\"https:\/\/banneux-nd.be\/nl\/dons-en-ligne\/\" \/>\n<meta property=\"og:site_name\" content=\"Banneux Notre-Dame\" \/>\n<meta property=\"article:publisher\" content=\"https:\/\/www.facebook.com\/NDBanneux\/\" \/>\n<meta property=\"article:modified_time\" content=\"2021-06-16T22:44:49+00:00\" \/>\n<meta name=\"twitter:card\" content=\"summary_large_image\" \/>\n<meta name=\"twitter:label1\" content=\"Est. reading time\" \/>\n\t<meta name=\"twitter:data1\" content=\"2 minutes\" \/>\n<script type=\"application\/ld+json\" class=\"yoast-schema-graph\">{\"@context\":\"https:\\\/\\\/schema.org\",\"@graph\":[{\"@type\":\"WebPage\",\"@id\":\"https:\\\/\\\/banneux-nd.be\\\/nl\\\/dons-en-ligne\\\/\",\"url\":\"https:\\\/\\\/banneux-nd.be\\\/nl\\\/dons-en-ligne\\\/\",\"name\":\"Giften en offerandes - Banneux Notre-Dame\",\"isPartOf\":{\"@id\":\"https:\\\/\\\/banneux-nd.be\\\/nl\\\/#website\"},\"datePublished\":\"2021-02-11T15:35:54+00:00\",\"dateModified\":\"2021-06-16T22:44:49+00:00\",\"breadcrumb\":{\"@id\":\"https:\\\/\\\/banneux-nd.be\\\/nl\\\/dons-en-ligne\\\/#breadcrumb\"},\"inLanguage\":\"nl-NL\",\"potentialAction\":[{\"@type\":\"ReadAction\",\"target\":[\"https:\\\/\\\/banneux-nd.be\\\/nl\\\/dons-en-ligne\\\/\"]}]},{\"@type\":\"BreadcrumbList\",\"@id\":\"https:\\\/\\\/banneux-nd.be\\\/nl\\\/dons-en-ligne\\\/#breadcrumb\",\"itemListElement\":[{\"@type\":\"ListItem\",\"position\":1,\"name\":\"Accueil\",\"item\":\"https:\\\/\\\/banneux-nd.be\\\/nl\\\/\"},{\"@type\":\"ListItem\",\"position\":2,\"name\":\"Giften en offerandes\"}]},{\"@type\":\"WebSite\",\"@id\":\"https:\\\/\\\/banneux-nd.be\\\/nl\\\/#website\",\"url\":\"https:\\\/\\\/banneux-nd.be\\\/nl\\\/\",\"name\":\"Banneux Notre-Dame\",\"description\":\"Sanctuaire de la Vierge des Pauvres (Belgique)\",\"potentialAction\":[{\"@type\":\"SearchAction\",\"target\":{\"@type\":\"EntryPoint\",\"urlTemplate\":\"https:\\\/\\\/banneux-nd.be\\\/nl\\\/?s={search_term_string}\"},\"query-input\":{\"@type\":\"PropertyValueSpecification\",\"valueRequired\":true,\"valueName\":\"search_term_string\"}}],\"inLanguage\":\"nl-NL\"}]}<\/script>\n<!-- \/ Yoast SEO plugin. -->","yoast_head_json":{"title":"Giften en offerandes - Banneux Notre-Dame","robots":{"index":"noindex","follow":"nofollow"},"og_locale":"nl_NL","og_type":"article","og_title":"Giften en offerandes - Banneux Notre-Dame","og_url":"https:\/\/banneux-nd.be\/nl\/dons-en-ligne\/","og_site_name":"Banneux Notre-Dame","article_publisher":"https:\/\/www.facebook.com\/NDBanneux\/","article_modified_time":"2021-06-16T22:44:49+00:00","twitter_card":"summary_large_image","twitter_misc":{"Est. reading time":"2 minutes"},"schema":{"@context":"https:\/\/schema.org","@graph":[{"@type":"WebPage","@id":"https:\/\/banneux-nd.be\/nl\/dons-en-ligne\/","url":"https:\/\/banneux-nd.be\/nl\/dons-en-ligne\/","name":"Giften en offerandes - Banneux Notre-Dame","isPartOf":{"@id":"https:\/\/banneux-nd.be\/nl\/#website"},"datePublished":"2021-02-11T15:35:54+00:00","dateModified":"2021-06-16T22:44:49+00:00","breadcrumb":{"@id":"https:\/\/banneux-nd.be\/nl\/dons-en-ligne\/#breadcrumb"},"inLanguage":"nl-NL","potentialAction":[{"@type":"ReadAction","target":["https:\/\/banneux-nd.be\/nl\/dons-en-ligne\/"]}]},{"@type":"BreadcrumbList","@id":"https:\/\/banneux-nd.be\/nl\/dons-en-ligne\/#breadcrumb","itemListElement":[{"@type":"ListItem","position":1,"name":"Accueil","item":"https:\/\/banneux-nd.be\/nl\/"},{"@type":"ListItem","position":2,"name":"Giften en offerandes"}]},{"@type":"WebSite","@id":"https:\/\/banneux-nd.be\/nl\/#website","url":"https:\/\/banneux-nd.be\/nl\/","name":"Banneux Notre-Dame","description":"Sanctuaire de la Vierge des Pauvres (Belgique)","potentialAction":[{"@type":"SearchAction","target":{"@type":"EntryPoint","urlTemplate":"https:\/\/banneux-nd.be\/nl\/?s={search_term_string}"},"query-input":{"@type":"PropertyValueSpecification","valueRequired":true,"valueName":"search_term_string"}}],"inLanguage":"nl-NL"}]}},"coauthors":[],"author_meta":{"author_link":"https:\/\/banneux-nd.be\/nl\/author\/adminfr\/","display_name":"adminFR"},"relative_dates":{"created":"Geplaatst 5 years geleden","modified":"Bijgewerkt 5 years geleden"},"absolute_dates":{"created":"Geplaatst op 02\/11\/2021","modified":"Bijgewerkt op 06\/17\/2021"},"absolute_dates_time":{"created":"Geplaatst op 02\/11\/2021 16 h 35 min","modified":"Bijgewerkt op 06\/17\/2021 0 h 44 min"},"featured_img_caption":"","featured_img":false,"series_order":"","jetpack_sharing_enabled":true,"_links":{"self":[{"href":"https:\/\/banneux-nd.be\/nl\/wp-json\/wp\/v2\/pages\/14306","targetHints":{"allow":["GET"]}}],"collection":[{"href":"https:\/\/banneux-nd.be\/nl\/wp-json\/wp\/v2\/pages"}],"about":[{"href":"https:\/\/banneux-nd.be\/nl\/wp-json\/wp\/v2\/types\/page"}],"author":[{"embeddable":true,"href":"https:\/\/banneux-nd.be\/nl\/wp-json\/wp\/v2\/users\/2"}],"replies":[{"embeddable":true,"href":"https:\/\/banneux-nd.be\/nl\/wp-json\/wp\/v2\/comments?post=14306"}],"version-history":[{"count":6,"href":"https:\/\/banneux-nd.be\/nl\/wp-json\/wp\/v2\/pages\/14306\/revisions"}],"predecessor-version":[{"id":15564,"href":"https:\/\/banneux-nd.be\/nl\/wp-json\/wp\/v2\/pages\/14306\/revisions\/15564"}],"wp:attachment":[{"href":"https:\/\/banneux-nd.be\/nl\/wp-json\/wp\/v2\/media?parent=14306"}],"curies":[{"name":"wp","href":"https:\/\/api.w.org\/{rel}","templated":true}]}}