{"id":1553,"date":"2015-07-20T08:56:23","date_gmt":"2015-07-20T06:56:23","guid":{"rendered":"http:\/\/wwwwp2.banneux-nd.be\/wp\/mariette-nl\/"},"modified":"2022-02-08T15:27:39","modified_gmt":"2022-02-08T14:27:39","slug":"mariette","status":"publish","type":"page","link":"https:\/\/banneux-nd.be\/nl\/mariette\/","title":{"rendered":"Mariette"},"content":{"rendered":"<p class=\"rtejustify\" style=\"text-align: justify;\"><img fetchpriority=\"high\" decoding=\"async\" style=\"padding: 5px; margin-right: 5px;\" src=\"https:\/\/banneux-nd.be\/wp-content\/uploads\/2017\/08\/Sanctuaire de Banneux - Photographie de Mariette Beco2 - 80 ans.jpg\" alt=\"\" width=\"210\" height=\"298\" align=\"left\" \/><strong>Degene bij wie de Maagd der Armen acht keer op bezoek kwam in 1933, is op 2 december 2011 heengegaan.<\/strong><\/p>\n<p class=\"rtejustify\" style=\"text-align: justify;\">Ze was 90 jaar oud. Nu kan ze eindelijk en eindeloos haar Mooie Dame bewonderen. Haar hele leven lang is ze in de schaduw gebleven; ze verscheen niet graag in publiek, deed geen enkele verklaring en vroeg haar vriendinnen om absolute bescheidenheid.<\/p>\n<p style=\"text-align: justify;\"><strong>Discretie<\/strong><br \/>\nMariette is altijd zeer bescheiden gebleven. Was ze voor de laatste keer helemaal uitgepraat bij de kapelaan, dan deed ze voor goed haar boek dicht en is ze voor altijd uit het geheim van Banneux getreden. Alleen werd ze later nog een keer of twee verhoord voor de nodige enqu\u00eates. Ze verklaarde het in die zin : <em>\u201cWat men niet begrepen heeft, is dat ik enkel de postbode was, aan wie de Maagd een brief had toevertrouwd. Ik had de opdracht deze brief door te geven, en daarmee gedaan.\u201d <\/em>Degenen die graag bij haar geheimen hadden willen betrokken zijn, heeft ze steeds ontmoedigd: <em>\u201cIk heb gezegd wat ik moest zeggen. Daar heb ik geen enkel woord aan toe te voegen noch van af te trekken.\u201d<\/em><\/p>\n<p style=\"text-align: justify;\">Tijdens het pauselijk bezoek in 1985 heeft ze Paus Johannes Paulus II w\u00e9l willen ontmoeten in een sacristie, ver van de onbescheidene blikken. Vlak daarna voegde ze zich bij de gehandicapten, waar ze verborgen bleef onder de blinden. Tot in het jaar 2000 heeft ze alle grote vieringen in Banneux bijgewoond door achter de bron te schuilen. Even discreet was ze in haar dagelijks leven: ze begaf zich in het heiligdom of ging boodschappen doen in Pepinster gedurende de rustige uren van de middag. Zo kon ze aan de nieuwsgierige blikken ontsnappen.<\/p>\n<p style=\"text-align: justify;\"><img decoding=\"async\" style=\"padding: 5px; margin-left: 5px;\" src=\"https:\/\/banneux-nd.be\/wp-content\/uploads\/2017\/08\/Mariette et sa soeur.jpg\" alt=\"\" width=\"326\" height=\"305\" align=\"right\" \/><strong>Verering<\/strong><br \/>\nToch werd Mariette dikwijls geconfronteerd met de beproeving der verering. Al gauw werd het haar niet meer mogelijk zich met haar schoolwerken bezig te houden, zomin als haar lessen te bestuderen. Het huis werd immers elke dag binnen gestroomd door talrijke bezoekers die Mariette wilden zien, ondervragen of gewoon met haar babbelen. Ze werd zowel door de ene vereerd als door de andere gespot. Sommigen brachten zelfs als geschenk juwelen of dure kleding met zich mee. Mariette, die achter deze aandachtsbewijzen helemaal niet liep, zag daar veel van af. Om aan de nieuwsgierigheid der bedevaartgangers te kunnen ontsnappen, en de spotternijen der klasgenootjes te vermijden, werd ze op school ingeschreven bij de zusters van Aywaille vanaf begin mart 1933. Ze begaf er zich alle dagen met de bus. De zusters herinneren zich goed hoe Mariette op 19 juni 1933 haar boterhammen afgaf aan een arm klein kind van zes jaar. Die zelfde avond zocht ze de hele zolder door om kleren voor dat kind. Maar zelfs in Aywaille waren er telkens meer en meer bezoekers. Mariette moest zich dikwijls schuilen of vluchtte gewoon weg. In het begin aanvaardde ze wel af en toe een beeldje te ondertekenen, maar lang heeft het zeker niet geduurd. Zodra de grote zomervakantie van 1933 aankwam hield ze op naar Aywaille te gaan.<\/p>\n<p class=\"rtejustify\" style=\"text-align: justify;\"><img decoding=\"async\" style=\"font-size: 13.008px; line-height: 1.538em; padding: 5px; margin-right: 5px;\" src=\"https:\/\/banneux-nd.be\/wp-content\/uploads\/2017\/08\/Mariette Adolescente1.jpg\" alt=\"\" align=\"left\" \/><\/p>\n<p style=\"text-align: justify;\"><strong>De jeugd<\/strong><br \/>\nEn toen kwamen de echtgenoten De Smet tussen, uit Tildonk. Deze vurige bedevaartgangers van Banneux waren goed op de hoogte van de moeilijkheden die de familie Beco doorkruiste. Op 5 mei 1933 stelden ze Vader Beco voor om voor de kleine zoon Andr\u00e9 te zorgen. Ze zouden hem met zich meenemen naar hun tehuis in Tildonk, en hem daar grootbrengen. De ouders Beco gingen hier mee eens. Mariette ging heel vaak haar broertje bezoeken. De De Smet stelden dan nog voor om haarzelf ook te ontvangen in Tildonk, waar ze bij de Ursulines in halve kost ingenomen werd voor het hele schooljaar 1933-1934. Ze keerde toen enkel voor de vakantie terug in Banneux. Vlaamse en nederlandse bedevaartgangers waren zeer aangenaam haar met hen te horen bidden, in hun eigen taal. Gedurende het schooljaar 1934-1935 is ze leerling van het Institut Marie-Th\u00e9r\u00e8se in Verviers. In 1935 treedt Mariette in als verpleeghulpster in de Clinique Sainte-Rosalie van Luik. Zuster Lutgarde, de overste van de instelling, is er haar grote vertrouweling geworden. Zuster Lutgarde kon voordeel trekken uit een spectaculaire genezing, te wijten aan de Maagd der Armen. Het verslag van deze genezing is terug te vinden onder bladzijde 143 van het boek \u201cPi\u00e8ces \u00e0 Conviction\u201d. Mariette zag Zuster Lutgarde dolgraag. Naast Sainte-Rosalie heeft ze ook met haar gewerkt in de Clinique Peltzer in Verviers.<\/p>\n<p class=\"rtejustify\" style=\"text-align: justify;\"><img decoding=\"async\" style=\"padding: 5px; margin-left: 5px;\" src=\"https:\/\/banneux-nd.be\/wp-content\/uploads\/2017\/08\/Mariette avec un ch\u00e2le.jpeg\" alt=\"\" width=\"271\" height=\"318\" align=\"right\" \/><\/p>\n<p style=\"text-align: justify;\"><strong>Oorlog en huwelijk<\/strong><br \/>\nOp 6 decembre 1939 vluchtte de familie Beco weg naar Frankrijk, uit angst van mogelijke bombardementen op de zeer nabij gelegen Fort de Tancr\u00e9mont. Ze woonden er in Tulle. Mariette werd aangeworven als arbeidster bij Lamarche. Ze moest er de lichtgevende ontstekingsbuizen verven. De ganse familie kwam terug naar Belgi\u00eb in 1940: Moeder Beco, in verwachting van Marie-Th\u00e9r\u00e8se, wilde absoluut in eigen land bevallen. In de oorlog maakte Mariette deel uit van de organisatie \u201cConstance\u201d, van het Verzet. Ten koste van haar leven ging ze uit Duitsland ontsnapte vliegeniers of soldaten oppikken achter de kapel van Tancr\u00e9mont, nam ze dan mee naar haar ouders, die ze verborgen hielden in hun zolder. De toegang was er van verborgen achter een grote kast. De oorlog voorbij verkreeg Mariette een &#8220;erediploma&#8221;, dat ze niet heeft willen aanvaarden.<\/p>\n<p style=\"text-align: justify;\">Mariette trouwde op 26 december 1942, met Mathieu Hoeberigs. Ze was 21 jaar oud. De ouders Beco waren het niet eens met de keuze van Mariette. De jonge echtgenoten besloten zich aan de \u201cRue de l\u2019Esplanade\u201d te vestigen, in Banneux, en er een restaurant te openen. Ze kregen twee kinderen, Jean-Marie en Myriam. De kleine Lutgarde, die veel later geboren werd, overleefde maar enkelen uren. Bij deze derde geboorte leed Mariette aan levensgevaarlijke bloedingen. Tussen de echtgenoten ging het er dan slechter en slechter aan toe. Een onthullende gebeurtenis is ons weergegeven in een document geschreven door Pastoor Jamin op 3 september 1957: \u201cOnbekende bezoekers hebben Mariette een belangrijke som geld aangeboden om uit Banneux te vertrekken, en de Verschijningen schriftelijk te ontkennen. Ze heeft stevig geweigerd, en hen buitengejaagd. Dan hebben ze Mathieu nog proberen overtuigen, en hij stond op het punt te zwichten, toen Mariette er weer tussenkwam en zich zeer heftig verzette. Toen de echtgenoten uit elkaar gingen, opende Mariette een frituur in de Rue Neuve in Pepinster. In 1972 is ze gevestigd in een gehucht van Theux, dichtbij de kapel van Tancr\u00e9mont. Haar vriend Raymond ging bij haar wonen en ondersteunde haar acht jaar lang. Hij overleed er in 1989.<\/p>\n<p class=\"rtejustify\" style=\"text-align: justify;\"><img loading=\"lazy\" decoding=\"async\" style=\"font-size: 13.008px; line-height: 1.538em; padding: 5px; margin-right: 5px;\" src=\"https:\/\/banneux-nd.be\/wp-content\/uploads\/2017\/08\/Fun\u00e9railles Mariette 2.jpg\" alt=\"\" width=\"238\" height=\"340\" align=\"left\" \/><\/p>\n<p style=\"text-align: justify;\"><strong>Gebed en lijden<\/strong><br \/>\nIn een document van Pastoor Jamin is deze getuigenis van Pater Echbertus terug te vinden: \u201cOp 13 oktober 1958, begaf ik me \u2018s morgens om 5 uur aan het kapelletje met mijn pillicht. Ik werd verrast Mariette te zien, diepbiddend, haar kop tussen de handen, steunend tegen de derde pijl, met haar witte baret op haar hoofd. Ze keek naar mij niet omhoog. Ik verbleef daar voor een klein momentje en ging opnieuw terug weg; ze heeft geen enkel teken van nieuwsgierigheid getoond tegenover degene die haar kwam storen. Zulke verslagen heeft broeder Yves \u2013 hij woonde toen in het huis Beco \u2013 ook gedaan. Ook hij zag haar dikwijls heel laat in de nacht bidden.<\/p>\n<p style=\"text-align: justify;\">Mariette heeft enorm afgezien van allerlei lasteringen. In de laatste jaren van haar leven beperkten verschillende infirmiteiten streng haar zicht, haar gehoor en haar mobiliteit. Ze voelde zich ook zeer diepgetroffen met de dood van haar broer Ren\u00e9 in 2007, van haar dochter Myriam in juli 2008, alsook van haar zuster Simone in 2009. Ze zei : <em>\u201cIk snap het gewoon niet, Onze-Lieve-Vrouwe heeft mij gezegd: &#8216;Ik kom het lijden verlichten&#8217;, en, wat mij betreft, ik heb anders niets gedaan als lijden, sinds ik 6 jaar oud was. Waarom?\u201d<\/em><\/p>\n<p style=\"text-align: justify;\">\u2018s Nachts sliep ze amper twee of drie uur. Ze bad de rest van de tijd, zittend op haar bed. Zag ze te veel af, dan dacht ze telkens aan het belofte van de Maagd: <em>\u201cIk zal voor jou bidden.\u201d<\/em><\/p>\n","protected":false},"excerpt":{"rendered":"<p>Degene bij wie de Maagd der Armen acht keer op bezoek kwam in 1933, is op 2 december 2011 heengegaan. Ze was 90 jaar oud. Nu kan ze eindelijk en eindeloos haar Mooie Dame bewonderen. Haar hele leven lang is ze in de schaduw gebleven; ze verscheen niet graag in publiek, deed geen enkele verklaring en vroeg haar vriendinnen om absolute bescheidenheid. Discretie Mariette is altijd zeer bescheiden gebleven. Was ze voor de laatste keer helemaal uitgepraat bij de kapelaan, dan deed ze voor goed haar boek dicht en is ze voor altijd uit het geheim van Banneux getreden. Alleen werd ze later nog een keer of twee verhoord voor de nodige enqu\u00eates. Ze verklaarde het in die zin : [&hellip;]<\/p>\n","protected":false},"author":2,"featured_media":0,"parent":0,"menu_order":0,"comment_status":"closed","ping_status":"closed","template":"","meta":{"advgb_blocks_editor_width":"","advgb_blocks_columns_visual_guide":"","jetpack_post_was_ever_published":false,"footnotes":""},"class_list":["post-1553","page","type-page","status-publish","hentry"],"yoast_head":"<!-- This site is optimized with the Yoast SEO plugin v27.4 - https:\/\/yoast.com\/product\/yoast-seo-wordpress\/ -->\n<title>Mariette - Banneux Notre-Dame<\/title>\n<meta name=\"robots\" content=\"index, follow, max-snippet:-1, max-image-preview:large, max-video-preview:-1\" \/>\n<link rel=\"canonical\" href=\"https:\/\/banneux-nd.be\/nl\/mariette\/\" \/>\n<meta property=\"og:locale\" content=\"nl_NL\" \/>\n<meta property=\"og:type\" content=\"article\" \/>\n<meta property=\"og:title\" content=\"Mariette - Banneux Notre-Dame\" \/>\n<meta property=\"og:description\" content=\"Degene bij wie de Maagd der Armen acht keer op bezoek kwam in 1933, is op 2 december 2011 heengegaan. Ze was 90 jaar oud. Nu kan ze eindelijk en eindeloos haar Mooie Dame bewonderen. Haar hele leven lang is ze in de schaduw gebleven; ze verscheen niet graag in publiek, deed geen enkele verklaring en vroeg haar vriendinnen om absolute bescheidenheid. Discretie Mariette is altijd zeer bescheiden gebleven. Was ze voor de laatste keer helemaal uitgepraat bij de kapelaan, dan deed ze voor goed haar boek dicht en is ze voor altijd uit het geheim van Banneux getreden. Alleen werd ze later nog een keer of twee verhoord voor de nodige enqu\u00eates. Ze verklaarde het in die zin : [&hellip;]\" \/>\n<meta property=\"og:url\" content=\"https:\/\/banneux-nd.be\/nl\/mariette\/\" \/>\n<meta property=\"og:site_name\" content=\"Banneux Notre-Dame\" \/>\n<meta property=\"article:publisher\" content=\"https:\/\/www.facebook.com\/NDBanneux\/\" \/>\n<meta property=\"article:modified_time\" content=\"2022-02-08T14:27:39+00:00\" \/>\n<meta property=\"og:image\" content=\"https:\/\/banneux-nd.be\/wp-content\/uploads\/2017\/08\/Sanctuaire%20de%20Banneux%20-%20Photographie%20de%20Mariette%20Beco2%20-%2080%20ans.jpg\" \/>\n<meta name=\"twitter:card\" content=\"summary_large_image\" \/>\n<meta name=\"twitter:label1\" content=\"Est. reading time\" \/>\n\t<meta name=\"twitter:data1\" content=\"8 minutes\" \/>\n<script type=\"application\/ld+json\" class=\"yoast-schema-graph\">{\"@context\":\"https:\\\/\\\/schema.org\",\"@graph\":[{\"@type\":\"WebPage\",\"@id\":\"https:\\\/\\\/banneux-nd.be\\\/nl\\\/mariette\\\/\",\"url\":\"https:\\\/\\\/banneux-nd.be\\\/nl\\\/mariette\\\/\",\"name\":\"Mariette - Banneux Notre-Dame\",\"isPartOf\":{\"@id\":\"https:\\\/\\\/banneux-nd.be\\\/nl\\\/#website\"},\"datePublished\":\"2015-07-20T06:56:23+00:00\",\"dateModified\":\"2022-02-08T14:27:39+00:00\",\"breadcrumb\":{\"@id\":\"https:\\\/\\\/banneux-nd.be\\\/nl\\\/mariette\\\/#breadcrumb\"},\"inLanguage\":\"nl-NL\",\"potentialAction\":[{\"@type\":\"ReadAction\",\"target\":[\"https:\\\/\\\/banneux-nd.be\\\/nl\\\/mariette\\\/\"]}]},{\"@type\":\"BreadcrumbList\",\"@id\":\"https:\\\/\\\/banneux-nd.be\\\/nl\\\/mariette\\\/#breadcrumb\",\"itemListElement\":[{\"@type\":\"ListItem\",\"position\":1,\"name\":\"Accueil\",\"item\":\"https:\\\/\\\/banneux-nd.be\\\/nl\\\/\"},{\"@type\":\"ListItem\",\"position\":2,\"name\":\"Mariette\"}]},{\"@type\":\"WebSite\",\"@id\":\"https:\\\/\\\/banneux-nd.be\\\/nl\\\/#website\",\"url\":\"https:\\\/\\\/banneux-nd.be\\\/nl\\\/\",\"name\":\"Banneux Notre-Dame\",\"description\":\"Sanctuaire de la Vierge des Pauvres (Belgique)\",\"potentialAction\":[{\"@type\":\"SearchAction\",\"target\":{\"@type\":\"EntryPoint\",\"urlTemplate\":\"https:\\\/\\\/banneux-nd.be\\\/nl\\\/?s={search_term_string}\"},\"query-input\":{\"@type\":\"PropertyValueSpecification\",\"valueRequired\":true,\"valueName\":\"search_term_string\"}}],\"inLanguage\":\"nl-NL\"}]}<\/script>\n<!-- \/ Yoast SEO plugin. -->","yoast_head_json":{"title":"Mariette - Banneux Notre-Dame","robots":{"index":"index","follow":"follow","max-snippet":"max-snippet:-1","max-image-preview":"max-image-preview:large","max-video-preview":"max-video-preview:-1"},"canonical":"https:\/\/banneux-nd.be\/nl\/mariette\/","og_locale":"nl_NL","og_type":"article","og_title":"Mariette - Banneux Notre-Dame","og_description":"Degene bij wie de Maagd der Armen acht keer op bezoek kwam in 1933, is op 2 december 2011 heengegaan. Ze was 90 jaar oud. Nu kan ze eindelijk en eindeloos haar Mooie Dame bewonderen. Haar hele leven lang is ze in de schaduw gebleven; ze verscheen niet graag in publiek, deed geen enkele verklaring en vroeg haar vriendinnen om absolute bescheidenheid. Discretie Mariette is altijd zeer bescheiden gebleven. Was ze voor de laatste keer helemaal uitgepraat bij de kapelaan, dan deed ze voor goed haar boek dicht en is ze voor altijd uit het geheim van Banneux getreden. Alleen werd ze later nog een keer of twee verhoord voor de nodige enqu\u00eates. Ze verklaarde het in die zin : [&hellip;]","og_url":"https:\/\/banneux-nd.be\/nl\/mariette\/","og_site_name":"Banneux Notre-Dame","article_publisher":"https:\/\/www.facebook.com\/NDBanneux\/","article_modified_time":"2022-02-08T14:27:39+00:00","og_image":[{"url":"https:\/\/banneux-nd.be\/wp-content\/uploads\/2017\/08\/Sanctuaire de Banneux - Photographie de Mariette Beco2 - 80 ans.jpg","type":"","width":"","height":""}],"twitter_card":"summary_large_image","twitter_misc":{"Est. reading time":"8 minutes"},"schema":{"@context":"https:\/\/schema.org","@graph":[{"@type":"WebPage","@id":"https:\/\/banneux-nd.be\/nl\/mariette\/","url":"https:\/\/banneux-nd.be\/nl\/mariette\/","name":"Mariette - Banneux Notre-Dame","isPartOf":{"@id":"https:\/\/banneux-nd.be\/nl\/#website"},"datePublished":"2015-07-20T06:56:23+00:00","dateModified":"2022-02-08T14:27:39+00:00","breadcrumb":{"@id":"https:\/\/banneux-nd.be\/nl\/mariette\/#breadcrumb"},"inLanguage":"nl-NL","potentialAction":[{"@type":"ReadAction","target":["https:\/\/banneux-nd.be\/nl\/mariette\/"]}]},{"@type":"BreadcrumbList","@id":"https:\/\/banneux-nd.be\/nl\/mariette\/#breadcrumb","itemListElement":[{"@type":"ListItem","position":1,"name":"Accueil","item":"https:\/\/banneux-nd.be\/nl\/"},{"@type":"ListItem","position":2,"name":"Mariette"}]},{"@type":"WebSite","@id":"https:\/\/banneux-nd.be\/nl\/#website","url":"https:\/\/banneux-nd.be\/nl\/","name":"Banneux Notre-Dame","description":"Sanctuaire de la Vierge des Pauvres (Belgique)","potentialAction":[{"@type":"SearchAction","target":{"@type":"EntryPoint","urlTemplate":"https:\/\/banneux-nd.be\/nl\/?s={search_term_string}"},"query-input":{"@type":"PropertyValueSpecification","valueRequired":true,"valueName":"search_term_string"}}],"inLanguage":"nl-NL"}]}},"coauthors":[],"author_meta":{"author_link":"https:\/\/banneux-nd.be\/nl\/author\/adminfr\/","display_name":"adminFR"},"relative_dates":{"created":"Geplaatst 11 years geleden","modified":"Bijgewerkt 4 years geleden"},"absolute_dates":{"created":"Geplaatst op 07\/20\/2015","modified":"Bijgewerkt op 02\/08\/2022"},"absolute_dates_time":{"created":"Geplaatst op 07\/20\/2015 8 h 56 min","modified":"Bijgewerkt op 02\/08\/2022 15 h 27 min"},"featured_img_caption":"","featured_img":false,"series_order":"","jetpack_sharing_enabled":true,"_links":{"self":[{"href":"https:\/\/banneux-nd.be\/nl\/wp-json\/wp\/v2\/pages\/1553","targetHints":{"allow":["GET"]}}],"collection":[{"href":"https:\/\/banneux-nd.be\/nl\/wp-json\/wp\/v2\/pages"}],"about":[{"href":"https:\/\/banneux-nd.be\/nl\/wp-json\/wp\/v2\/types\/page"}],"author":[{"embeddable":true,"href":"https:\/\/banneux-nd.be\/nl\/wp-json\/wp\/v2\/users\/2"}],"replies":[{"embeddable":true,"href":"https:\/\/banneux-nd.be\/nl\/wp-json\/wp\/v2\/comments?post=1553"}],"version-history":[{"count":1,"href":"https:\/\/banneux-nd.be\/nl\/wp-json\/wp\/v2\/pages\/1553\/revisions"}],"predecessor-version":[{"id":16234,"href":"https:\/\/banneux-nd.be\/nl\/wp-json\/wp\/v2\/pages\/1553\/revisions\/16234"}],"wp:attachment":[{"href":"https:\/\/banneux-nd.be\/nl\/wp-json\/wp\/v2\/media?parent=1553"}],"curies":[{"name":"wp","href":"https:\/\/api.w.org\/{rel}","templated":true}]}}