{"id":19559,"date":"2024-12-07T15:33:17","date_gmt":"2024-12-07T14:33:17","guid":{"rendered":"https:\/\/banneux-nd.be\/?page_id=19559"},"modified":"2026-03-28T10:30:17","modified_gmt":"2026-03-28T09:30:17","slug":"les-intentions-de-priere-du-pape-pour-lannee-2025","status":"publish","type":"page","link":"https:\/\/banneux-nd.be\/nl\/les-intentions-de-priere-du-pape-pour-lannee-2025\/","title":{"rendered":"Les intentions de pri\u00e8re du Pape pour l\u2019ann\u00e9e 2026"},"content":{"rendered":"<h2 style=\"text-align: center;\"><\/h2>\n<p><strong>JANVIER\u00a0: Pour prier avec la Parole de Dieu<\/strong><\/p>\n<p>\u00ab\u00a0Prions pour que la pri\u00e8re, \u00e0 partir de la Parole de Dieu, nourrisse nos vies et soit une source d\u2019esp\u00e9rance au sein de nos communaut\u00e9s, nous aidant \u00e0 \u00e9difier une \u00c9glise plus fraternelle et missionnaire.\u00a0\u00bb<\/p>\n<p><strong>F\u00c9VRIER : Pour les enfants atteints de maladies incurables<\/strong><\/p>\n<p>\u00ab\u00a0Prions pour que les enfants atteints de maladies incurables ainsi que leurs familles re\u00e7oivent les soins m\u00e9dicaux et le soutien n\u00e9cessaires, sans jamais perdre force et esp\u00e9rance.\u00a0\u00bb<\/p>\n<p><strong>MARS\u00a0: Pour le d\u00e9sarmement et la paix<\/strong><\/p>\n<p>\u00ab\u00a0Prions pour que les nations s\u2019engagent dans un d\u00e9sarmement effectif, en particulier le d\u00e9sarmement nucl\u00e9aire, et que les dirigeants du monde choisissent le chemin du dialogue et de la diplomatie et non celui de la violence.\u00a0\u00bb<\/p>\n<p><strong>AVRIL\u00a0: Pour les pr\u00eatres en crise<\/strong><\/p>\n<p>\u00ab\u00a0Prions pour les pr\u00eatres qui traversent des moments de crise dans leur vocation, afin qu\u2019ils trouvent l\u2019accompagnement n\u00e9cessaire et que les communaut\u00e9s les soutiennent avec compr\u00e9hension et pri\u00e8re.\u00a0\u00bb<\/p>\n<p><strong>MAI\u00a0: Pour une alimentation pour tous<\/strong><\/p>\n<p>\u00ab\u00a0Prions pour que chacun, des grands producteurs aux petits consommateurs, s\u2019engage \u00e0 \u00e9viter le gaspillage alimentaire et pour que tous aient acc\u00e8s \u00e0 une alimentation de qualit\u00e9.\u00a0\u00bb<\/p>\n<p><strong>JUIN\u00a0: Pour les valeurs du sport<\/strong><\/p>\n<p>\u00ab\u00a0Prions pour que le sport soit un instrument de paix, de rencontre et de dialogue entre les cultures et les nations, et que par lui soient promues des valeurs telles que le respect, la solidarit\u00e9 et le d\u00e9passement personnel.\u00a0\u00bb<\/p>\n<p><strong>JUILLET\u00a0: Pour le respect de la vie humaine<\/strong><\/p>\n<p>\u00ab\u00a0Prions pour le respect et la protection de la vie humaine \u00e0 toutes ses \u00e9tapes, en la reconnaissant comme un don de Dieu.\u00a0\u00bb<\/p>\n<p><strong>AO\u00dbT<\/strong>\u00a0:\u00a0<strong>Pour l\u2019\u00e9vang\u00e9lisation des villes<\/strong><\/p>\n<p>\u00ab\u00a0Prions pour que, dans les grandes villes souvent marqu\u00e9es par l\u2019anonymat et la solitude, nous puissions trouver de nouvelles fa\u00e7ons de proclamer l\u2019\u00c9vangile, en recherchant des moyens cr\u00e9atifs pour construire la communaut\u00e9.\u00a0\u00bb<\/p>\n<p><strong>SEPTEMBRE\u00a0: Pour la protection de l\u2019eau<\/strong><\/p>\n<p>\u00ab\u00a0Prions pour une gestion juste et durable de l\u2019eau, ressource vitale pour nous, afin que tous puissent y acc\u00e9der de fa\u00e7on \u00e9quitable.\u00a0\u00bb<\/p>\n<p><strong>OCTOBRE\u00a0: Pour la pastorale de la sant\u00e9 mentale<\/strong><\/p>\n<p>\u00ab\u00a0Prions pour que la pastorale de la sant\u00e9 mentale se d\u00e9veloppe dans toute l\u2019\u00c9glise et aide \u00e0 surmonter la stigmatisation et la discrimination \u00e0 l\u2019\u00e9gard des personnes atteintes de maladies mentales.\u00a0\u00bb<\/p>\n<p><strong>NOVEMBRE\u00a0: Pour le bon usage de la richesse<\/strong><\/p>\n<p>\u00ab\u00a0Prions pour un bon usage de la richesse afin que, ne c\u00e9dant pas \u00e0 la tentation de l\u2019\u00e9go\u00efsme, elle soit toujours au service du bien commun et de la solidarit\u00e9 avec les plus d\u00e9munis.\u00a0\u00bb<\/p>\n<p><strong>D\u00c9CEMBRE\u00a0: Pour les familles monoparentales<\/strong><\/p>\n<p>\u00ab\u00a0Prions pour les familles qui vivent l\u2019absence d\u2019une m\u00e8re ou d\u2019un p\u00e8re, afin qu\u2019elles trouvent dans l\u2019\u00c9glise un soutien et un accompagnement, et dans la foi une aide et une force, durant les moments difficiles.\u00a0\u00bb<\/p>\n<p>&nbsp;<\/p>\n<p>&nbsp;<\/p>\n","protected":false},"excerpt":{"rendered":"<p>JANVIER\u00a0: Pour prier avec la Parole de Dieu \u00ab\u00a0Prions pour que la pri\u00e8re, \u00e0 partir de la Parole de Dieu, nourrisse nos vies et soit une source d\u2019esp\u00e9rance au sein de nos communaut\u00e9s, nous aidant \u00e0 \u00e9difier une \u00c9glise plus fraternelle et missionnaire.\u00a0\u00bb F\u00c9VRIER : Pour les enfants atteints de maladies incurables \u00ab\u00a0Prions pour que les enfants atteints de maladies incurables ainsi que leurs familles re\u00e7oivent les soins m\u00e9dicaux et le soutien n\u00e9cessaires, sans jamais perdre force et esp\u00e9rance.\u00a0\u00bb MARS\u00a0: Pour le d\u00e9sarmement et la paix \u00ab\u00a0Prions pour que les nations s\u2019engagent dans un d\u00e9sarmement effectif, en particulier le d\u00e9sarmement nucl\u00e9aire, et que les dirigeants du monde choisissent le chemin du dialogue et de la diplomatie et non celui de [&hellip;]<\/p>\n","protected":false},"author":10,"featured_media":0,"parent":0,"menu_order":0,"comment_status":"closed","ping_status":"closed","template":"","meta":{"advgb_blocks_editor_width":"","advgb_blocks_columns_visual_guide":"","jetpack_post_was_ever_published":false,"footnotes":""},"class_list":["post-19559","page","type-page","status-publish","hentry"],"yoast_head":"<!-- This site is optimized with the Yoast SEO plugin v27.3 - https:\/\/yoast.com\/product\/yoast-seo-wordpress\/ -->\n<title>Les intentions de pri\u00e8re du Pape pour l\u2019ann\u00e9e 2026 - Banneux Notre-Dame<\/title>\n<meta name=\"robots\" content=\"index, follow, max-snippet:-1, max-image-preview:large, max-video-preview:-1\" \/>\n<link rel=\"canonical\" href=\"https:\/\/banneux-nd.be\/nl\/les-intentions-de-priere-du-pape-pour-lannee-2025\/\" \/>\n<meta property=\"og:locale\" content=\"nl_NL\" \/>\n<meta property=\"og:type\" content=\"article\" \/>\n<meta property=\"og:title\" content=\"Les intentions de pri\u00e8re du Pape pour l\u2019ann\u00e9e 2026 - Banneux Notre-Dame\" \/>\n<meta property=\"og:description\" content=\"JANVIER\u00a0: Pour prier avec la Parole de Dieu \u00ab\u00a0Prions pour que la pri\u00e8re, \u00e0 partir de la Parole de Dieu, nourrisse nos vies et soit une source d\u2019esp\u00e9rance au sein de nos communaut\u00e9s, nous aidant \u00e0 \u00e9difier une \u00c9glise plus fraternelle et missionnaire.\u00a0\u00bb F\u00c9VRIER : Pour les enfants atteints de maladies incurables \u00ab\u00a0Prions pour que les enfants atteints de maladies incurables ainsi que leurs familles re\u00e7oivent les soins m\u00e9dicaux et le soutien n\u00e9cessaires, sans jamais perdre force et esp\u00e9rance.\u00a0\u00bb MARS\u00a0: Pour le d\u00e9sarmement et la paix \u00ab\u00a0Prions pour que les nations s\u2019engagent dans un d\u00e9sarmement effectif, en particulier le d\u00e9sarmement nucl\u00e9aire, et que les dirigeants du monde choisissent le chemin du dialogue et de la diplomatie et non celui de [&hellip;]\" \/>\n<meta property=\"og:url\" content=\"https:\/\/banneux-nd.be\/nl\/les-intentions-de-priere-du-pape-pour-lannee-2025\/\" \/>\n<meta property=\"og:site_name\" content=\"Banneux Notre-Dame\" \/>\n<meta property=\"article:publisher\" content=\"https:\/\/www.facebook.com\/NDBanneux\/\" \/>\n<meta property=\"article:modified_time\" content=\"2026-03-28T09:30:17+00:00\" \/>\n<meta name=\"twitter:card\" content=\"summary_large_image\" \/>\n<meta name=\"twitter:label1\" content=\"Est. reading time\" \/>\n\t<meta name=\"twitter:data1\" content=\"3 minutes\" \/>\n<script type=\"application\/ld+json\" class=\"yoast-schema-graph\">{\"@context\":\"https:\\\/\\\/schema.org\",\"@graph\":[{\"@type\":\"WebPage\",\"@id\":\"https:\\\/\\\/banneux-nd.be\\\/nl\\\/les-intentions-de-priere-du-pape-pour-lannee-2025\\\/\",\"url\":\"https:\\\/\\\/banneux-nd.be\\\/nl\\\/les-intentions-de-priere-du-pape-pour-lannee-2025\\\/\",\"name\":\"Les intentions de pri\u00e8re du Pape pour l\u2019ann\u00e9e 2026 - Banneux Notre-Dame\",\"isPartOf\":{\"@id\":\"https:\\\/\\\/banneux-nd.be\\\/nl\\\/#website\"},\"datePublished\":\"2024-12-07T14:33:17+00:00\",\"dateModified\":\"2026-03-28T09:30:17+00:00\",\"breadcrumb\":{\"@id\":\"https:\\\/\\\/banneux-nd.be\\\/nl\\\/les-intentions-de-priere-du-pape-pour-lannee-2025\\\/#breadcrumb\"},\"inLanguage\":\"nl-NL\",\"potentialAction\":[{\"@type\":\"ReadAction\",\"target\":[\"https:\\\/\\\/banneux-nd.be\\\/nl\\\/les-intentions-de-priere-du-pape-pour-lannee-2025\\\/\"]}]},{\"@type\":\"BreadcrumbList\",\"@id\":\"https:\\\/\\\/banneux-nd.be\\\/nl\\\/les-intentions-de-priere-du-pape-pour-lannee-2025\\\/#breadcrumb\",\"itemListElement\":[{\"@type\":\"ListItem\",\"position\":1,\"name\":\"Accueil\",\"item\":\"https:\\\/\\\/banneux-nd.be\\\/nl\\\/\"},{\"@type\":\"ListItem\",\"position\":2,\"name\":\"Les intentions de pri\u00e8re du Pape pour l\u2019ann\u00e9e 2026\"}]},{\"@type\":\"WebSite\",\"@id\":\"https:\\\/\\\/banneux-nd.be\\\/nl\\\/#website\",\"url\":\"https:\\\/\\\/banneux-nd.be\\\/nl\\\/\",\"name\":\"Banneux Notre-Dame\",\"description\":\"Sanctuaire de la Vierge des Pauvres (Belgique)\",\"potentialAction\":[{\"@type\":\"SearchAction\",\"target\":{\"@type\":\"EntryPoint\",\"urlTemplate\":\"https:\\\/\\\/banneux-nd.be\\\/nl\\\/?s={search_term_string}\"},\"query-input\":{\"@type\":\"PropertyValueSpecification\",\"valueRequired\":true,\"valueName\":\"search_term_string\"}}],\"inLanguage\":\"nl-NL\"}]}<\/script>\n<!-- \/ Yoast SEO plugin. -->","yoast_head_json":{"title":"Les intentions de pri\u00e8re du Pape pour l\u2019ann\u00e9e 2026 - Banneux Notre-Dame","robots":{"index":"index","follow":"follow","max-snippet":"max-snippet:-1","max-image-preview":"max-image-preview:large","max-video-preview":"max-video-preview:-1"},"canonical":"https:\/\/banneux-nd.be\/nl\/les-intentions-de-priere-du-pape-pour-lannee-2025\/","og_locale":"nl_NL","og_type":"article","og_title":"Les intentions de pri\u00e8re du Pape pour l\u2019ann\u00e9e 2026 - Banneux Notre-Dame","og_description":"JANVIER\u00a0: Pour prier avec la Parole de Dieu \u00ab\u00a0Prions pour que la pri\u00e8re, \u00e0 partir de la Parole de Dieu, nourrisse nos vies et soit une source d\u2019esp\u00e9rance au sein de nos communaut\u00e9s, nous aidant \u00e0 \u00e9difier une \u00c9glise plus fraternelle et missionnaire.\u00a0\u00bb F\u00c9VRIER : Pour les enfants atteints de maladies incurables \u00ab\u00a0Prions pour que les enfants atteints de maladies incurables ainsi que leurs familles re\u00e7oivent les soins m\u00e9dicaux et le soutien n\u00e9cessaires, sans jamais perdre force et esp\u00e9rance.\u00a0\u00bb MARS\u00a0: Pour le d\u00e9sarmement et la paix \u00ab\u00a0Prions pour que les nations s\u2019engagent dans un d\u00e9sarmement effectif, en particulier le d\u00e9sarmement nucl\u00e9aire, et que les dirigeants du monde choisissent le chemin du dialogue et de la diplomatie et non celui de [&hellip;]","og_url":"https:\/\/banneux-nd.be\/nl\/les-intentions-de-priere-du-pape-pour-lannee-2025\/","og_site_name":"Banneux Notre-Dame","article_publisher":"https:\/\/www.facebook.com\/NDBanneux\/","article_modified_time":"2026-03-28T09:30:17+00:00","twitter_card":"summary_large_image","twitter_misc":{"Est. reading time":"3 minutes"},"schema":{"@context":"https:\/\/schema.org","@graph":[{"@type":"WebPage","@id":"https:\/\/banneux-nd.be\/nl\/les-intentions-de-priere-du-pape-pour-lannee-2025\/","url":"https:\/\/banneux-nd.be\/nl\/les-intentions-de-priere-du-pape-pour-lannee-2025\/","name":"Les intentions de pri\u00e8re du Pape pour l\u2019ann\u00e9e 2026 - Banneux Notre-Dame","isPartOf":{"@id":"https:\/\/banneux-nd.be\/nl\/#website"},"datePublished":"2024-12-07T14:33:17+00:00","dateModified":"2026-03-28T09:30:17+00:00","breadcrumb":{"@id":"https:\/\/banneux-nd.be\/nl\/les-intentions-de-priere-du-pape-pour-lannee-2025\/#breadcrumb"},"inLanguage":"nl-NL","potentialAction":[{"@type":"ReadAction","target":["https:\/\/banneux-nd.be\/nl\/les-intentions-de-priere-du-pape-pour-lannee-2025\/"]}]},{"@type":"BreadcrumbList","@id":"https:\/\/banneux-nd.be\/nl\/les-intentions-de-priere-du-pape-pour-lannee-2025\/#breadcrumb","itemListElement":[{"@type":"ListItem","position":1,"name":"Accueil","item":"https:\/\/banneux-nd.be\/nl\/"},{"@type":"ListItem","position":2,"name":"Les intentions de pri\u00e8re du Pape pour l\u2019ann\u00e9e 2026"}]},{"@type":"WebSite","@id":"https:\/\/banneux-nd.be\/nl\/#website","url":"https:\/\/banneux-nd.be\/nl\/","name":"Banneux Notre-Dame","description":"Sanctuaire de la Vierge des Pauvres (Belgique)","potentialAction":[{"@type":"SearchAction","target":{"@type":"EntryPoint","urlTemplate":"https:\/\/banneux-nd.be\/nl\/?s={search_term_string}"},"query-input":{"@type":"PropertyValueSpecification","valueRequired":true,"valueName":"search_term_string"}}],"inLanguage":"nl-NL"}]}},"coauthors":[],"author_meta":{"author_link":"https:\/\/banneux-nd.be\/nl\/author\/sanctuaire\/","display_name":"Fabian Delarbre"},"relative_dates":{"created":"Geplaatst 1 year geleden","modified":"Bijgewerkt 2 weeks geleden"},"absolute_dates":{"created":"Geplaatst op 12\/07\/2024","modified":"Bijgewerkt op 03\/28\/2026"},"absolute_dates_time":{"created":"Geplaatst op 12\/07\/2024 15 h 33 min","modified":"Bijgewerkt op 03\/28\/2026 10 h 30 min"},"featured_img_caption":"","featured_img":false,"series_order":"","jetpack_sharing_enabled":true,"_links":{"self":[{"href":"https:\/\/banneux-nd.be\/nl\/wp-json\/wp\/v2\/pages\/19559","targetHints":{"allow":["GET"]}}],"collection":[{"href":"https:\/\/banneux-nd.be\/nl\/wp-json\/wp\/v2\/pages"}],"about":[{"href":"https:\/\/banneux-nd.be\/nl\/wp-json\/wp\/v2\/types\/page"}],"author":[{"embeddable":true,"href":"https:\/\/banneux-nd.be\/nl\/wp-json\/wp\/v2\/users\/10"}],"replies":[{"embeddable":true,"href":"https:\/\/banneux-nd.be\/nl\/wp-json\/wp\/v2\/comments?post=19559"}],"version-history":[{"count":3,"href":"https:\/\/banneux-nd.be\/nl\/wp-json\/wp\/v2\/pages\/19559\/revisions"}],"predecessor-version":[{"id":20606,"href":"https:\/\/banneux-nd.be\/nl\/wp-json\/wp\/v2\/pages\/19559\/revisions\/20606"}],"wp:attachment":[{"href":"https:\/\/banneux-nd.be\/nl\/wp-json\/wp\/v2\/media?parent=19559"}],"curies":[{"name":"wp","href":"https:\/\/api.w.org\/{rel}","templated":true}]}}