{"id":6754,"date":"2018-04-12T13:56:57","date_gmt":"2018-04-12T11:56:57","guid":{"rendered":"http:\/\/wwwwp2.banneux-nd.be\/de-ziekenzegening\/"},"modified":"2018-04-13T15:56:36","modified_gmt":"2018-04-13T13:56:36","slug":"de-ziekenzegening","status":"publish","type":"page","link":"https:\/\/banneux-nd.be\/nl\/de-ziekenzegening\/","title":{"rendered":"De Ziekenzegening"},"content":{"rendered":"<p class=\"rtejustify\" style=\"text-align: justify;\"><img fetchpriority=\"high\" decoding=\"async\" class=\"alignleft\" style=\"padding: 5px; margin-right: 5px;\" src=\"https:\/\/banneux-nd.be\/wp-content\/uploads\/2017\/08\/Cardinal Danneels au Salut et \u00e0 la B\u00e9n\u00e9diction des malades2.jpg\" alt=\"\" width=\"279\" height=\"333\" align=\"left\" \/><\/p>\n<p style=\"text-align: justify;\">De Maagd Maria wilde de zieken een bijzondere plaats geven in Banneux. Het is dan ook vanzelfsprekend dat hun gastvrijheid wordt aangeboden en dat zij tijdens de vieringen een ereplaats hebben.<\/p>\n<p style=\"text-align: justify;\">Een bijzonder intens en unaniem gewaardeerd moment is de Ziekenzegening, die plaatsvindt tijdens het pelgrimstocht seizoen. Deze vindt iedere dag plaats (behalve vrijdag) om 15.00 uur en verzamelt alle pelgrims rondom onze zieke medepelgrims.<\/p>\n<p style=\"text-align: justify;\">De liedjes en de gebeden zijn altijd in meerdere talen. De hoofdcelebrant gaat door de kerk en zegent de pelgrims met het heilig Sacrament. Er wordt speciale aandacht besteed aan de zegening van zieken en gehandicapten.<\/p>\n<p style=\"text-align: justify;\">Afhankelijk van het aantal pelgrims en de weersomstandigheden kan de viering plaatsvinden op de Esplanade of in een van de kapellen.<\/p>\n<p style=\"text-align: justify;\"><strong>Jezus is aan het werk onder ons<\/strong><\/p>\n<p style=\"text-align: justify;\"><em>Men bracht allen tot Hem die er slecht aan toe waren, die door velerlei ziekten en pijnen gekweld werden, bezetenen, lijders aan vallende ziekte en lammen. En Hij genas hen<\/em>\u00a0(Mt 4,24).<img decoding=\"async\" class=\"alignright\" style=\"padding: 5px; margin-left: 5px;\" src=\"https:\/\/banneux-nd.be\/wp-content\/uploads\/2017\/08\/B\u00e9n\u00e9diction des Malades3.jpg\" alt=\"\" width=\"360\" height=\"242\" align=\"right\" \/><\/p>\n<p style=\"text-align: justify;\"><em>Jezus ging rond door alle steden en dorpen, waar Hij onderricht gaf in hun synagogen en de Blijde Boodschap verkondigde van het Koninkrijk en alle ziekten en kwalen genas<\/em>\u00a0(Mt 9,35).<\/p>\n<p style=\"text-align: justify;\"><em>Hij riep de twaalf bijeen en gaf hun macht en gezag over alle boze geesten en de kracht om ziekten te genezen. Daarop zond Hij hen uit om het Rijk Gods te verkondigen en genezingen te verrichten<\/em>\u00a0(Lc 9,1-2).<\/p>\n","protected":false},"excerpt":{"rendered":"<p>De Maagd Maria wilde de zieken een bijzondere plaats geven in Banneux. Het is dan ook vanzelfsprekend dat hun gastvrijheid wordt aangeboden en dat zij tijdens de vieringen een ereplaats hebben. Een bijzonder intens en unaniem gewaardeerd moment is de Ziekenzegening, die plaatsvindt tijdens het pelgrimstocht seizoen. Deze vindt iedere dag plaats (behalve vrijdag) om 15.00 uur en verzamelt alle pelgrims rondom onze zieke medepelgrims. De liedjes en de gebeden zijn altijd in meerdere talen. De hoofdcelebrant gaat door de kerk en zegent de pelgrims met het heilig Sacrament. Er wordt speciale aandacht besteed aan de zegening van zieken en gehandicapten. Afhankelijk van het aantal pelgrims en de weersomstandigheden kan de viering plaatsvinden op de Esplanade of in een van [&hellip;]<\/p>\n","protected":false},"author":2,"featured_media":0,"parent":0,"menu_order":0,"comment_status":"closed","ping_status":"closed","template":"","meta":{"advgb_blocks_editor_width":"","advgb_blocks_columns_visual_guide":"","jetpack_post_was_ever_published":false,"footnotes":""},"class_list":["post-6754","page","type-page","status-publish","hentry"],"yoast_head":"<!-- This site is optimized with the Yoast SEO plugin v27.5 - https:\/\/yoast.com\/product\/yoast-seo-wordpress\/ -->\n<title>De Ziekenzegening - Banneux Notre-Dame<\/title>\n<meta name=\"robots\" content=\"index, follow, max-snippet:-1, max-image-preview:large, max-video-preview:-1\" \/>\n<link rel=\"canonical\" href=\"https:\/\/banneux-nd.be\/nl\/de-ziekenzegening\/\" \/>\n<meta property=\"og:locale\" content=\"nl_NL\" \/>\n<meta property=\"og:type\" content=\"article\" \/>\n<meta property=\"og:title\" content=\"De Ziekenzegening - Banneux Notre-Dame\" \/>\n<meta property=\"og:description\" content=\"De Maagd Maria wilde de zieken een bijzondere plaats geven in Banneux. Het is dan ook vanzelfsprekend dat hun gastvrijheid wordt aangeboden en dat zij tijdens de vieringen een ereplaats hebben. Een bijzonder intens en unaniem gewaardeerd moment is de Ziekenzegening, die plaatsvindt tijdens het pelgrimstocht seizoen. Deze vindt iedere dag plaats (behalve vrijdag) om 15.00 uur en verzamelt alle pelgrims rondom onze zieke medepelgrims. De liedjes en de gebeden zijn altijd in meerdere talen. De hoofdcelebrant gaat door de kerk en zegent de pelgrims met het heilig Sacrament. Er wordt speciale aandacht besteed aan de zegening van zieken en gehandicapten. Afhankelijk van het aantal pelgrims en de weersomstandigheden kan de viering plaatsvinden op de Esplanade of in een van [&hellip;]\" \/>\n<meta property=\"og:url\" content=\"https:\/\/banneux-nd.be\/nl\/de-ziekenzegening\/\" \/>\n<meta property=\"og:site_name\" content=\"Banneux Notre-Dame\" \/>\n<meta property=\"article:publisher\" content=\"https:\/\/www.facebook.com\/NDBanneux\/\" \/>\n<meta property=\"article:modified_time\" content=\"2018-04-13T13:56:36+00:00\" \/>\n<meta property=\"og:image\" content=\"https:\/\/banneux-nd.be\/wp-content\/uploads\/2017\/08\/Cardinal%20Danneels%20au%20Salut%20et%20\u00e0%20la%20B\u00e9n\u00e9diction%20des%20malades2.jpg\" \/>\n<meta name=\"twitter:card\" content=\"summary_large_image\" \/>\n<meta name=\"twitter:label1\" content=\"Est. reading time\" \/>\n\t<meta name=\"twitter:data1\" content=\"1 minute\" \/>\n<script type=\"application\/ld+json\" class=\"yoast-schema-graph\">{\"@context\":\"https:\\\/\\\/schema.org\",\"@graph\":[{\"@type\":\"WebPage\",\"@id\":\"https:\\\/\\\/banneux-nd.be\\\/nl\\\/de-ziekenzegening\\\/\",\"url\":\"https:\\\/\\\/banneux-nd.be\\\/nl\\\/de-ziekenzegening\\\/\",\"name\":\"De Ziekenzegening - Banneux Notre-Dame\",\"isPartOf\":{\"@id\":\"https:\\\/\\\/banneux-nd.be\\\/nl\\\/#website\"},\"datePublished\":\"2018-04-12T11:56:57+00:00\",\"dateModified\":\"2018-04-13T13:56:36+00:00\",\"breadcrumb\":{\"@id\":\"https:\\\/\\\/banneux-nd.be\\\/nl\\\/de-ziekenzegening\\\/#breadcrumb\"},\"inLanguage\":\"nl-NL\",\"potentialAction\":[{\"@type\":\"ReadAction\",\"target\":[\"https:\\\/\\\/banneux-nd.be\\\/nl\\\/de-ziekenzegening\\\/\"]}]},{\"@type\":\"BreadcrumbList\",\"@id\":\"https:\\\/\\\/banneux-nd.be\\\/nl\\\/de-ziekenzegening\\\/#breadcrumb\",\"itemListElement\":[{\"@type\":\"ListItem\",\"position\":1,\"name\":\"Accueil\",\"item\":\"https:\\\/\\\/banneux-nd.be\\\/nl\\\/\"},{\"@type\":\"ListItem\",\"position\":2,\"name\":\"De Ziekenzegening\"}]},{\"@type\":\"WebSite\",\"@id\":\"https:\\\/\\\/banneux-nd.be\\\/nl\\\/#website\",\"url\":\"https:\\\/\\\/banneux-nd.be\\\/nl\\\/\",\"name\":\"Banneux Notre-Dame\",\"description\":\"Sanctuaire de la Vierge des Pauvres (Belgique)\",\"potentialAction\":[{\"@type\":\"SearchAction\",\"target\":{\"@type\":\"EntryPoint\",\"urlTemplate\":\"https:\\\/\\\/banneux-nd.be\\\/nl\\\/?s={search_term_string}\"},\"query-input\":{\"@type\":\"PropertyValueSpecification\",\"valueRequired\":true,\"valueName\":\"search_term_string\"}}],\"inLanguage\":\"nl-NL\"}]}<\/script>\n<!-- \/ Yoast SEO plugin. -->","yoast_head_json":{"title":"De Ziekenzegening - Banneux Notre-Dame","robots":{"index":"index","follow":"follow","max-snippet":"max-snippet:-1","max-image-preview":"max-image-preview:large","max-video-preview":"max-video-preview:-1"},"canonical":"https:\/\/banneux-nd.be\/nl\/de-ziekenzegening\/","og_locale":"nl_NL","og_type":"article","og_title":"De Ziekenzegening - Banneux Notre-Dame","og_description":"De Maagd Maria wilde de zieken een bijzondere plaats geven in Banneux. Het is dan ook vanzelfsprekend dat hun gastvrijheid wordt aangeboden en dat zij tijdens de vieringen een ereplaats hebben. Een bijzonder intens en unaniem gewaardeerd moment is de Ziekenzegening, die plaatsvindt tijdens het pelgrimstocht seizoen. Deze vindt iedere dag plaats (behalve vrijdag) om 15.00 uur en verzamelt alle pelgrims rondom onze zieke medepelgrims. De liedjes en de gebeden zijn altijd in meerdere talen. De hoofdcelebrant gaat door de kerk en zegent de pelgrims met het heilig Sacrament. Er wordt speciale aandacht besteed aan de zegening van zieken en gehandicapten. Afhankelijk van het aantal pelgrims en de weersomstandigheden kan de viering plaatsvinden op de Esplanade of in een van [&hellip;]","og_url":"https:\/\/banneux-nd.be\/nl\/de-ziekenzegening\/","og_site_name":"Banneux Notre-Dame","article_publisher":"https:\/\/www.facebook.com\/NDBanneux\/","article_modified_time":"2018-04-13T13:56:36+00:00","og_image":[{"url":"https:\/\/banneux-nd.be\/wp-content\/uploads\/2017\/08\/Cardinal Danneels au Salut et \u00e0 la B\u00e9n\u00e9diction des malades2.jpg","type":"","width":"","height":""}],"twitter_card":"summary_large_image","twitter_misc":{"Est. reading time":"1 minute"},"schema":{"@context":"https:\/\/schema.org","@graph":[{"@type":"WebPage","@id":"https:\/\/banneux-nd.be\/nl\/de-ziekenzegening\/","url":"https:\/\/banneux-nd.be\/nl\/de-ziekenzegening\/","name":"De Ziekenzegening - Banneux Notre-Dame","isPartOf":{"@id":"https:\/\/banneux-nd.be\/nl\/#website"},"datePublished":"2018-04-12T11:56:57+00:00","dateModified":"2018-04-13T13:56:36+00:00","breadcrumb":{"@id":"https:\/\/banneux-nd.be\/nl\/de-ziekenzegening\/#breadcrumb"},"inLanguage":"nl-NL","potentialAction":[{"@type":"ReadAction","target":["https:\/\/banneux-nd.be\/nl\/de-ziekenzegening\/"]}]},{"@type":"BreadcrumbList","@id":"https:\/\/banneux-nd.be\/nl\/de-ziekenzegening\/#breadcrumb","itemListElement":[{"@type":"ListItem","position":1,"name":"Accueil","item":"https:\/\/banneux-nd.be\/nl\/"},{"@type":"ListItem","position":2,"name":"De Ziekenzegening"}]},{"@type":"WebSite","@id":"https:\/\/banneux-nd.be\/nl\/#website","url":"https:\/\/banneux-nd.be\/nl\/","name":"Banneux Notre-Dame","description":"Sanctuaire de la Vierge des Pauvres (Belgique)","potentialAction":[{"@type":"SearchAction","target":{"@type":"EntryPoint","urlTemplate":"https:\/\/banneux-nd.be\/nl\/?s={search_term_string}"},"query-input":{"@type":"PropertyValueSpecification","valueRequired":true,"valueName":"search_term_string"}}],"inLanguage":"nl-NL"}]}},"coauthors":[],"author_meta":{"author_link":"https:\/\/banneux-nd.be\/nl\/author\/adminfr\/","display_name":"adminFR"},"relative_dates":{"created":"Geplaatst 8 years geleden","modified":"Bijgewerkt 8 years geleden"},"absolute_dates":{"created":"Geplaatst op 04\/12\/2018","modified":"Bijgewerkt op 04\/13\/2018"},"absolute_dates_time":{"created":"Geplaatst op 04\/12\/2018 13 h 56 min","modified":"Bijgewerkt op 04\/13\/2018 15 h 56 min"},"featured_img_caption":"","featured_img":false,"series_order":"","jetpack_sharing_enabled":true,"_links":{"self":[{"href":"https:\/\/banneux-nd.be\/nl\/wp-json\/wp\/v2\/pages\/6754","targetHints":{"allow":["GET"]}}],"collection":[{"href":"https:\/\/banneux-nd.be\/nl\/wp-json\/wp\/v2\/pages"}],"about":[{"href":"https:\/\/banneux-nd.be\/nl\/wp-json\/wp\/v2\/types\/page"}],"author":[{"embeddable":true,"href":"https:\/\/banneux-nd.be\/nl\/wp-json\/wp\/v2\/users\/2"}],"replies":[{"embeddable":true,"href":"https:\/\/banneux-nd.be\/nl\/wp-json\/wp\/v2\/comments?post=6754"}],"version-history":[{"count":0,"href":"https:\/\/banneux-nd.be\/nl\/wp-json\/wp\/v2\/pages\/6754\/revisions"}],"wp:attachment":[{"href":"https:\/\/banneux-nd.be\/nl\/wp-json\/wp\/v2\/media?parent=6754"}],"curies":[{"name":"wp","href":"https:\/\/api.w.org\/{rel}","templated":true}]}}