{"id":6841,"date":"2015-07-20T08:58:06","date_gmt":"2015-07-20T06:58:06","guid":{"rendered":"http:\/\/wwwwp2.banneux-nd.be\/accueil-et-centres-spirituels\/"},"modified":"2024-01-11T11:01:53","modified_gmt":"2024-01-11T10:01:53","slug":"onthaal-en-bezinningscentra","status":"publish","type":"page","link":"https:\/\/banneux-nd.be\/nl\/onthaal-en-bezinningscentra\/","title":{"rendered":"Onthaal- en bezinningscentra"},"content":{"rendered":"<p><strong>Onthaalcentrum Chaityfontaine (60 bedden)<\/strong><\/p>\n<table style=\"width: 100%;\" border=\"0\">\n<tbody>\n<tr>\n<td style=\"width: 50%;\">\n<p style=\"text-align: center;\">Groepen en individuelen, gehandicapeerden en zieken, bezinningsdagen en seminaries<\/p>\n<p style=\"text-align: center;\">Chaityfontaine 8<br \/>\nBE &#8211; 4860 PEPINSTER<\/p>\n<p style=\"text-align: center;\">+32 4 360 91 71<\/p>\n<p style=\"text-align: center;\"><a href=\"mailto:chaityfontaine@banneux-nd.be\">chaityfontaine@banneux-nd.be<\/a><\/p>\n<\/td>\n<td style=\"width: 50%;\"><img fetchpriority=\"high\" decoding=\"async\" class=\"aligncenter\" src=\"https:\/\/banneux-nd.be\/wp-content\/uploads\/2018\/08\/Chaityfontaine-PF.jpg\" alt=\"\" width=\"338\" height=\"254\" \/><\/td>\n<\/tr>\n<\/tbody>\n<\/table>\n<p style=\"text-align: center;\"><a href=\"http:\/\/www.chaityfontaine.eu\/\" target=\"_blank\" rel=\"noopener\"><strong><br \/>\nwww.chaityfontaine.eu<\/strong><\/a><\/p>\n<hr \/>\n<p><strong>Hospitalit\u00e9 Notre-Dame (360 bedden)<\/strong><\/p>\n<p><a href=\"https:\/\/banneux-nd.be\/nl\/jaarthema\/nl\/?p=12566&#038;p=12577&#038;p=12566&#038;p=12577&#038;p=12566&#038;page_id=5449\" target=\"_blank\" rel=\"noopener\">Ziekentridu\u00fcms<\/a> tijdens het seizoen.\u00a0Buiten het bedevaartseizoen:\u00a0onthaal van groepen, retraites, seminaries, recollecties, &#8230;<\/p>\n<p>rue de l\u2019Esplanade 57 &#8211; BE &#8211; 4141 BANNEUX N.D.<br \/>\n+32 4 360 02 22<\/p>\n<hr \/>\n<p><strong>Communaut\u00e9 Saint-Jean &#8211; Prieur\u00e9 <em>Regina Pacis<\/em><\/strong><\/p>\n<p>rue de la Sapini\u00e8re 50 &#8211; BE &#8211; 4141 BANNEUX N.D.<br \/>\n+32 4 360 01 20 &#8211;\u00a0<a href=\"mailto:freres@stjean-banneux.com\">freres@stjean-banneux.com<\/a><\/p>\n<p style=\"text-align: center;\"><a href=\"https:\/\/stjean-banneux.com\/\" target=\"_blank\" rel=\"noopener\"><strong>www.stjean-banneux.com<\/strong><\/a><\/p>\n<hr \/>\n<p style=\"text-align: center;\">\n<p><strong>Poverello<\/strong><\/p>\n<p>Onthaal van groepen voor picknick, jongerenretraites<\/p>\n<p>route de Theux 85 &#8211; BE &#8211; 4141 BANNEUX N.D.<br \/>\n+32 4 360 93 63<\/p>\n<p style=\"text-align: center;\"><strong><a href=\"http:\/\/www.poverello.be\" target=\"_blank\" rel=\"noopener\">www.poverello.be<\/a><\/strong><\/p>\n","protected":false},"excerpt":{"rendered":"<p>Onthaalcentrum Chaityfontaine (60 bedden) Groepen en individuelen, gehandicapeerden en zieken, bezinningsdagen en seminaries Chaityfontaine 8 BE &#8211; 4860 PEPINSTER +32 4 360 91 71 chaityfontaine@banneux-nd.be www.chaityfontaine.eu Hospitalit\u00e9 Notre-Dame (360 bedden) Ziekentridu\u00fcms tijdens het seizoen.\u00a0Buiten het bedevaartseizoen:\u00a0onthaal van groepen, retraites, seminaries, recollecties, &#8230; rue de l\u2019Esplanade 57 &#8211; BE &#8211; 4141 BANNEUX N.D. +32 4 360 02 22 Communaut\u00e9 Saint-Jean &#8211; Prieur\u00e9 Regina Pacis rue de la Sapini\u00e8re 50 &#8211; BE &#8211; 4141 BANNEUX N.D. +32 4 360 01 20 &#8211;\u00a0freres@stjean-banneux.com www.stjean-banneux.com Poverello Onthaal van groepen voor picknick, jongerenretraites route de Theux 85 &#8211; BE &#8211; 4141 BANNEUX N.D. +32 4 360 93 63 www.poverello.be<\/p>\n","protected":false},"author":2,"featured_media":0,"parent":0,"menu_order":0,"comment_status":"closed","ping_status":"closed","template":"","meta":{"advgb_blocks_editor_width":"","advgb_blocks_columns_visual_guide":"","jetpack_post_was_ever_published":false,"footnotes":""},"class_list":["post-6841","page","type-page","status-publish","hentry"],"yoast_head":"<!-- This site is optimized with the Yoast SEO plugin v27.4 - https:\/\/yoast.com\/product\/yoast-seo-wordpress\/ -->\n<title>Onthaal- en bezinningscentra - Banneux Notre-Dame<\/title>\n<meta name=\"robots\" content=\"index, follow, max-snippet:-1, max-image-preview:large, max-video-preview:-1\" \/>\n<link rel=\"canonical\" href=\"https:\/\/banneux-nd.be\/nl\/onthaal-en-bezinningscentra\/\" \/>\n<meta property=\"og:locale\" content=\"nl_NL\" \/>\n<meta property=\"og:type\" content=\"article\" \/>\n<meta property=\"og:title\" content=\"Onthaal- en bezinningscentra - Banneux Notre-Dame\" \/>\n<meta property=\"og:description\" content=\"Onthaalcentrum Chaityfontaine (60 bedden) Groepen en individuelen, gehandicapeerden en zieken, bezinningsdagen en seminaries Chaityfontaine 8 BE &#8211; 4860 PEPINSTER +32 4 360 91 71 chaityfontaine@banneux-nd.be www.chaityfontaine.eu Hospitalit\u00e9 Notre-Dame (360 bedden) Ziekentridu\u00fcms tijdens het seizoen.\u00a0Buiten het bedevaartseizoen:\u00a0onthaal van groepen, retraites, seminaries, recollecties, &#8230; rue de l\u2019Esplanade 57 &#8211; BE &#8211; 4141 BANNEUX N.D. +32 4 360 02 22 Communaut\u00e9 Saint-Jean &#8211; Prieur\u00e9 Regina Pacis rue de la Sapini\u00e8re 50 &#8211; BE &#8211; 4141 BANNEUX N.D. +32 4 360 01 20 &#8211;\u00a0freres@stjean-banneux.com www.stjean-banneux.com Poverello Onthaal van groepen voor picknick, jongerenretraites route de Theux 85 &#8211; BE &#8211; 4141 BANNEUX N.D. +32 4 360 93 63 www.poverello.be\" \/>\n<meta property=\"og:url\" content=\"https:\/\/banneux-nd.be\/nl\/onthaal-en-bezinningscentra\/\" \/>\n<meta property=\"og:site_name\" content=\"Banneux Notre-Dame\" \/>\n<meta property=\"article:publisher\" content=\"https:\/\/www.facebook.com\/NDBanneux\/\" \/>\n<meta property=\"article:modified_time\" content=\"2024-01-11T10:01:53+00:00\" \/>\n<meta property=\"og:image\" content=\"https:\/\/banneux-nd.be\/wp-content\/uploads\/2018\/08\/Chaityfontaine-PF.jpg\" \/>\n<meta name=\"twitter:card\" content=\"summary_large_image\" \/>\n<meta name=\"twitter:label1\" content=\"Est. reading time\" \/>\n\t<meta name=\"twitter:data1\" content=\"1 minute\" \/>\n<script type=\"application\/ld+json\" class=\"yoast-schema-graph\">{\"@context\":\"https:\\\/\\\/schema.org\",\"@graph\":[{\"@type\":\"WebPage\",\"@id\":\"https:\\\/\\\/banneux-nd.be\\\/nl\\\/onthaal-en-bezinningscentra\\\/\",\"url\":\"https:\\\/\\\/banneux-nd.be\\\/nl\\\/onthaal-en-bezinningscentra\\\/\",\"name\":\"Onthaal- en bezinningscentra - Banneux Notre-Dame\",\"isPartOf\":{\"@id\":\"https:\\\/\\\/banneux-nd.be\\\/nl\\\/#website\"},\"primaryImageOfPage\":{\"@id\":\"https:\\\/\\\/banneux-nd.be\\\/nl\\\/onthaal-en-bezinningscentra\\\/#primaryimage\"},\"image\":{\"@id\":\"https:\\\/\\\/banneux-nd.be\\\/nl\\\/onthaal-en-bezinningscentra\\\/#primaryimage\"},\"thumbnailUrl\":\"https:\\\/\\\/banneux-nd.be\\\/wp-content\\\/uploads\\\/2018\\\/08\\\/Chaityfontaine-PF.jpg\",\"datePublished\":\"2015-07-20T06:58:06+00:00\",\"dateModified\":\"2024-01-11T10:01:53+00:00\",\"breadcrumb\":{\"@id\":\"https:\\\/\\\/banneux-nd.be\\\/nl\\\/onthaal-en-bezinningscentra\\\/#breadcrumb\"},\"inLanguage\":\"nl-NL\",\"potentialAction\":[{\"@type\":\"ReadAction\",\"target\":[\"https:\\\/\\\/banneux-nd.be\\\/nl\\\/onthaal-en-bezinningscentra\\\/\"]}]},{\"@type\":\"ImageObject\",\"inLanguage\":\"nl-NL\",\"@id\":\"https:\\\/\\\/banneux-nd.be\\\/nl\\\/onthaal-en-bezinningscentra\\\/#primaryimage\",\"url\":\"https:\\\/\\\/banneux-nd.be\\\/wp-content\\\/uploads\\\/2018\\\/08\\\/Chaityfontaine-PF.jpg\",\"contentUrl\":\"https:\\\/\\\/banneux-nd.be\\\/wp-content\\\/uploads\\\/2018\\\/08\\\/Chaityfontaine-PF.jpg\"},{\"@type\":\"BreadcrumbList\",\"@id\":\"https:\\\/\\\/banneux-nd.be\\\/nl\\\/onthaal-en-bezinningscentra\\\/#breadcrumb\",\"itemListElement\":[{\"@type\":\"ListItem\",\"position\":1,\"name\":\"Accueil\",\"item\":\"https:\\\/\\\/banneux-nd.be\\\/nl\\\/\"},{\"@type\":\"ListItem\",\"position\":2,\"name\":\"Onthaal- en bezinningscentra\"}]},{\"@type\":\"WebSite\",\"@id\":\"https:\\\/\\\/banneux-nd.be\\\/nl\\\/#website\",\"url\":\"https:\\\/\\\/banneux-nd.be\\\/nl\\\/\",\"name\":\"Banneux Notre-Dame\",\"description\":\"Sanctuaire de la Vierge des Pauvres (Belgique)\",\"potentialAction\":[{\"@type\":\"SearchAction\",\"target\":{\"@type\":\"EntryPoint\",\"urlTemplate\":\"https:\\\/\\\/banneux-nd.be\\\/nl\\\/?s={search_term_string}\"},\"query-input\":{\"@type\":\"PropertyValueSpecification\",\"valueRequired\":true,\"valueName\":\"search_term_string\"}}],\"inLanguage\":\"nl-NL\"}]}<\/script>\n<!-- \/ Yoast SEO plugin. -->","yoast_head_json":{"title":"Onthaal- en bezinningscentra - Banneux Notre-Dame","robots":{"index":"index","follow":"follow","max-snippet":"max-snippet:-1","max-image-preview":"max-image-preview:large","max-video-preview":"max-video-preview:-1"},"canonical":"https:\/\/banneux-nd.be\/nl\/onthaal-en-bezinningscentra\/","og_locale":"nl_NL","og_type":"article","og_title":"Onthaal- en bezinningscentra - Banneux Notre-Dame","og_description":"Onthaalcentrum Chaityfontaine (60 bedden) Groepen en individuelen, gehandicapeerden en zieken, bezinningsdagen en seminaries Chaityfontaine 8 BE &#8211; 4860 PEPINSTER +32 4 360 91 71 chaityfontaine@banneux-nd.be www.chaityfontaine.eu Hospitalit\u00e9 Notre-Dame (360 bedden) Ziekentridu\u00fcms tijdens het seizoen.\u00a0Buiten het bedevaartseizoen:\u00a0onthaal van groepen, retraites, seminaries, recollecties, &#8230; rue de l\u2019Esplanade 57 &#8211; BE &#8211; 4141 BANNEUX N.D. +32 4 360 02 22 Communaut\u00e9 Saint-Jean &#8211; Prieur\u00e9 Regina Pacis rue de la Sapini\u00e8re 50 &#8211; BE &#8211; 4141 BANNEUX N.D. +32 4 360 01 20 &#8211;\u00a0freres@stjean-banneux.com www.stjean-banneux.com Poverello Onthaal van groepen voor picknick, jongerenretraites route de Theux 85 &#8211; BE &#8211; 4141 BANNEUX N.D. +32 4 360 93 63 www.poverello.be","og_url":"https:\/\/banneux-nd.be\/nl\/onthaal-en-bezinningscentra\/","og_site_name":"Banneux Notre-Dame","article_publisher":"https:\/\/www.facebook.com\/NDBanneux\/","article_modified_time":"2024-01-11T10:01:53+00:00","og_image":[{"url":"https:\/\/banneux-nd.be\/wp-content\/uploads\/2018\/08\/Chaityfontaine-PF.jpg","type":"","width":"","height":""}],"twitter_card":"summary_large_image","twitter_misc":{"Est. reading time":"1 minute"},"schema":{"@context":"https:\/\/schema.org","@graph":[{"@type":"WebPage","@id":"https:\/\/banneux-nd.be\/nl\/onthaal-en-bezinningscentra\/","url":"https:\/\/banneux-nd.be\/nl\/onthaal-en-bezinningscentra\/","name":"Onthaal- en bezinningscentra - Banneux Notre-Dame","isPartOf":{"@id":"https:\/\/banneux-nd.be\/nl\/#website"},"primaryImageOfPage":{"@id":"https:\/\/banneux-nd.be\/nl\/onthaal-en-bezinningscentra\/#primaryimage"},"image":{"@id":"https:\/\/banneux-nd.be\/nl\/onthaal-en-bezinningscentra\/#primaryimage"},"thumbnailUrl":"https:\/\/banneux-nd.be\/wp-content\/uploads\/2018\/08\/Chaityfontaine-PF.jpg","datePublished":"2015-07-20T06:58:06+00:00","dateModified":"2024-01-11T10:01:53+00:00","breadcrumb":{"@id":"https:\/\/banneux-nd.be\/nl\/onthaal-en-bezinningscentra\/#breadcrumb"},"inLanguage":"nl-NL","potentialAction":[{"@type":"ReadAction","target":["https:\/\/banneux-nd.be\/nl\/onthaal-en-bezinningscentra\/"]}]},{"@type":"ImageObject","inLanguage":"nl-NL","@id":"https:\/\/banneux-nd.be\/nl\/onthaal-en-bezinningscentra\/#primaryimage","url":"https:\/\/banneux-nd.be\/wp-content\/uploads\/2018\/08\/Chaityfontaine-PF.jpg","contentUrl":"https:\/\/banneux-nd.be\/wp-content\/uploads\/2018\/08\/Chaityfontaine-PF.jpg"},{"@type":"BreadcrumbList","@id":"https:\/\/banneux-nd.be\/nl\/onthaal-en-bezinningscentra\/#breadcrumb","itemListElement":[{"@type":"ListItem","position":1,"name":"Accueil","item":"https:\/\/banneux-nd.be\/nl\/"},{"@type":"ListItem","position":2,"name":"Onthaal- en bezinningscentra"}]},{"@type":"WebSite","@id":"https:\/\/banneux-nd.be\/nl\/#website","url":"https:\/\/banneux-nd.be\/nl\/","name":"Banneux Notre-Dame","description":"Sanctuaire de la Vierge des Pauvres (Belgique)","potentialAction":[{"@type":"SearchAction","target":{"@type":"EntryPoint","urlTemplate":"https:\/\/banneux-nd.be\/nl\/?s={search_term_string}"},"query-input":{"@type":"PropertyValueSpecification","valueRequired":true,"valueName":"search_term_string"}}],"inLanguage":"nl-NL"}]}},"coauthors":[],"author_meta":{"author_link":"https:\/\/banneux-nd.be\/nl\/author\/adminfr\/","display_name":"adminFR"},"relative_dates":{"created":"Geplaatst 11 years geleden","modified":"Bijgewerkt 2 years geleden"},"absolute_dates":{"created":"Geplaatst op 07\/20\/2015","modified":"Bijgewerkt op 01\/11\/2024"},"absolute_dates_time":{"created":"Geplaatst op 07\/20\/2015 8 h 58 min","modified":"Bijgewerkt op 01\/11\/2024 11 h 01 min"},"featured_img_caption":"","featured_img":false,"series_order":"","jetpack_sharing_enabled":true,"_links":{"self":[{"href":"https:\/\/banneux-nd.be\/nl\/wp-json\/wp\/v2\/pages\/6841","targetHints":{"allow":["GET"]}}],"collection":[{"href":"https:\/\/banneux-nd.be\/nl\/wp-json\/wp\/v2\/pages"}],"about":[{"href":"https:\/\/banneux-nd.be\/nl\/wp-json\/wp\/v2\/types\/page"}],"author":[{"embeddable":true,"href":"https:\/\/banneux-nd.be\/nl\/wp-json\/wp\/v2\/users\/2"}],"replies":[{"embeddable":true,"href":"https:\/\/banneux-nd.be\/nl\/wp-json\/wp\/v2\/comments?post=6841"}],"version-history":[{"count":19,"href":"https:\/\/banneux-nd.be\/nl\/wp-json\/wp\/v2\/pages\/6841\/revisions"}],"predecessor-version":[{"id":18205,"href":"https:\/\/banneux-nd.be\/nl\/wp-json\/wp\/v2\/pages\/6841\/revisions\/18205"}],"wp:attachment":[{"href":"https:\/\/banneux-nd.be\/nl\/wp-json\/wp\/v2\/media?parent=6841"}],"curies":[{"name":"wp","href":"https:\/\/api.w.org\/{rel}","templated":true}]}}