{"id":7433,"date":"2018-05-03T18:15:17","date_gmt":"2018-05-03T16:15:17","guid":{"rendered":"http:\/\/wwwwp2.banneux-nd.be\/seizoen-2018\/"},"modified":"2026-04-08T18:55:04","modified_gmt":"2026-04-08T16:55:04","slug":"seizoen","status":"publish","type":"page","link":"https:\/\/banneux-nd.be\/nl\/seizoen\/","title":{"rendered":"Seizoen 2026"},"content":{"rendered":"\r\n<h2 style=\"text-align: center;\"><span style=\"color: #000080;\"><strong>Verjaardag van de verschijningen 2026<\/strong><\/span><\/h2>\r\n<p>&nbsp;<\/p>\r\n<p style=\"text-align: center;\"><span style=\"color: #0000ff;\"><strong>Donderdag 15 januari\u00a0 \u2013\u00a0 Verjaardag van de 1<sup>ste<\/sup>\u00a0verschijning<\/strong><\/span><\/p>\r\n<p>11.30 u. \u00a0\u00a0\u00a0\u00a0\u00a0\u00a0\u00a0\u00a0 H. Mis in het Frans<\/p>\r\n<p>15.00 u.\u00a0\u00a0\u00a0\u00a0\u00a0\u00a0\u00a0\u00a0\u00a0 Mariawake<\/p>\r\n<p>16.00 u. \u00a0\u00a0\u00a0\u00a0\u00a0\u00a0\u00a0\u00a0 Internationale mis met Rector Palm<\/p>\r\n<p>19.00 u.\u00a0\u00a0\u00a0\u00a0\u00a0\u00a0\u00a0\u00a0\u00a0 Rozenkrans en processie naar de Bron<\/p>\r\n<p>&nbsp;<\/p>\r\n<p style=\"text-align: center;\"><span style=\"color: #0000ff;\"><strong>Zondag 18 januari\u00a0 \u2013\u00a0 Verjaardag van de 2<sup>de<\/sup>\u00a0verschijning<\/strong><\/span><\/p>\r\n<p>11.15 u.\u00a0 \u00a0 \u00a0 \u00a0 \u00a0 \u00a0 Internationale mis<\/p>\r\n<p>15.00 u.\u00a0\u00a0\u00a0\u00a0\u00a0\u00a0\u00a0\u00a0\u00a0 Mariawake<\/p>\r\n<p>16.00 u. \u00a0\u00a0\u00a0\u00a0\u00a0\u00a0\u00a0\u00a0 H. Mis in het Frans<\/p>\r\n<p>19.00 u.\u00a0\u00a0\u00a0\u00a0\u00a0\u00a0\u00a0\u00a0\u00a0 Rozenkrans en processie naar de Bron<\/p>\r\n<p>&nbsp;<\/p>\r\n<p style=\"text-align: center;\"><span style=\"color: #0000ff;\"><strong>Maandag 19 januari\u00a0 \u2013\u00a0 Verjaardag van de 3<sup>de<\/sup>\u00a0verschijning<\/strong><\/span><\/p>\r\n<p>11.30 u. \u00a0\u00a0\u00a0\u00a0\u00a0\u00a0\u00a0\u00a0 H. Mis in het Frans<\/p>\r\n<p>15.00 u.\u00a0\u00a0\u00a0\u00a0\u00a0\u00a0\u00a0\u00a0\u00a0 Mariawake<\/p>\r\n<p>16.00 u. \u00a0\u00a0\u00a0\u00a0\u00a0\u00a0\u00a0\u00a0 H. Mis in het Frans<\/p>\r\n<p>19.00 u.\u00a0\u00a0\u00a0\u00a0\u00a0\u00a0\u00a0\u00a0\u00a0 Rozenkrans en processie naar de Bron<\/p>\r\n<p>&nbsp;<\/p>\r\n<p style=\"text-align: center;\"><span style=\"color: #0000ff;\"><strong>Disndag 20 januari\u00a0 \u2013\u00a0 Verjaardag van de 4<sup>de<\/sup>\u00a0verschijning<\/strong><\/span><\/p>\r\n<p>11.30 u. \u00a0\u00a0\u00a0\u00a0\u00a0\u00a0\u00a0\u00a0 H. Mis in het Frans<\/p>\r\n<p>15.00 u.\u00a0\u00a0\u00a0\u00a0\u00a0\u00a0\u00a0\u00a0\u00a0 Mariawake<\/p>\r\n<p>16.00 u. \u00a0\u00a0\u00a0\u00a0\u00a0\u00a0\u00a0\u00a0 H. Mis in het Frans<\/p>\r\n<p>19.00 u.\u00a0\u00a0\u00a0\u00a0\u00a0\u00a0\u00a0\u00a0\u00a0 Rozenkrans en processie naar de Bron<\/p>\r\n<p><strong>\u00a0<\/strong><\/p>\r\n<p>&nbsp;<\/p>\r\n<p style=\"text-align: center;\"><span style=\"color: #0000ff;\"><strong>Woensdag 11 februari\u00a0 \u2013\u00a0 Verjaardag van de 5<sup>de<\/sup>\u00a0verschijning<\/strong><\/span><\/p>\r\n<p>11.30 u. \u00a0\u00a0\u00a0\u00a0\u00a0\u00a0\u00a0\u00a0 H. Mis in het Frans<\/p>\r\n<p><strong>15.00 u.\u00a0\u00a0\u00a0\u00a0\u00a0\u00a0\u00a0\u00a0\u00a0 Lof en ziekenzegening<\/strong><\/p>\r\n<p>16.00 u. \u00a0\u00a0\u00a0\u00a0\u00a0\u00a0\u00a0\u00a0 H. Mis in het Frans<\/p>\r\n<p>19.00 u.\u00a0\u00a0\u00a0\u00a0\u00a0\u00a0\u00a0\u00a0\u00a0 Rozenkrans en processie naar de Bron<\/p>\r\n<p>&nbsp;<\/p>\r\n<p>&nbsp;<\/p>\r\n<p style=\"text-align: center;\"><span style=\"color: #0000ff;\"><strong>Zondag 15 februari\u00a0 \u2013\u00a0 Verjaardag van de 6<sup>de<\/sup>\u00a0verschijning<\/strong><\/span><\/p>\r\n<p>11.15 u.\u00a0 \u00a0 \u00a0 \u00a0 \u00a0 \u00a0 Internationale mis<\/p>\r\n<p>15.00 u.\u00a0\u00a0\u00a0\u00a0\u00a0\u00a0\u00a0\u00a0\u00a0 Mariawake<\/p>\r\n<p>16.00 u. \u00a0\u00a0\u00a0\u00a0\u00a0\u00a0\u00a0\u00a0 H. Mis in het Frans<\/p>\r\n<p>19.00 u.\u00a0\u00a0\u00a0\u00a0\u00a0\u00a0\u00a0\u00a0\u00a0 Rozenkrans en processie naar de Bron<\/p>\r\n<p>&nbsp;<\/p>\r\n<p style=\"text-align: center;\"><span style=\"color: #0000ff;\"><strong>Vrijdag 20 februari\u00a0 \u2013\u00a0 Verjaardag van de 7<sup>de<\/sup>\u00a0verschijning<\/strong><\/span><\/p>\r\n<p>11.30 u. \u00a0\u00a0\u00a0\u00a0\u00a0\u00a0\u00a0\u00a0 H. Mis in het Frans<\/p>\r\n<p>15.00 u.\u00a0\u00a0\u00a0\u00a0\u00a0\u00a0\u00a0\u00a0\u00a0 Mariawake<\/p>\r\n<p>16.00 u. \u00a0\u00a0\u00a0\u00a0\u00a0\u00a0\u00a0\u00a0 H. Mis in het Frans<\/p>\r\n<p>19.00 u.\u00a0\u00a0\u00a0\u00a0\u00a0\u00a0\u00a0\u00a0\u00a0 Rozenkrans en processie naar de Bron<\/p>\r\n<p>&nbsp;<\/p>\r\n<p style=\"text-align: center;\"><span style=\"color: #0000ff;\"><strong>Maandag 2 maart \u2013 verjaardag van de 8<sup>de<\/sup>\u00a0verschijning<\/strong><\/span><\/p>\r\n<p>10.30 u.\u00a0\u00a0\u00a0\u00a0\u00a0\u00a0\u00a0\u00a0\u00a0 Internationale Mis<\/p>\r\n<p><strong>15.00 u.\u00a0\u00a0\u00a0\u00a0\u00a0\u00a0\u00a0\u00a0\u00a0 Lof en ziekenzegening<\/strong><\/p>\r\n<p>16.00 u. \u00a0\u00a0\u00a0\u00a0\u00a0\u00a0\u00a0\u00a0 H. Mis in het Frans<\/p>\r\n<p>19.00 u. \u00a0\u00a0\u00a0\u00a0\u00a0\u00a0\u00a0\u00a0 Rozenkrans en processie naar de bron<\/p>\r\n<p><strong>\u00a0<\/strong><\/p>\r\n<p><img fetchpriority=\"high\" decoding=\"async\" class=\"aligncenter size-large wp-image-20414\" src=\"https:\/\/banneux-nd.be\/wp-content\/uploads\/2026\/01\/Neerlandais-724x1024.jpg\" alt=\"\" width=\"724\" height=\"1024\" srcset=\"https:\/\/banneux-nd.be\/wp-content\/uploads\/2026\/01\/Neerlandais-724x1024.jpg 724w, https:\/\/banneux-nd.be\/wp-content\/uploads\/2026\/01\/Neerlandais-212x300.jpg 212w, https:\/\/banneux-nd.be\/wp-content\/uploads\/2026\/01\/Neerlandais-768x1086.jpg 768w, https:\/\/banneux-nd.be\/wp-content\/uploads\/2026\/01\/Neerlandais-1086x1536.jpg 1086w, https:\/\/banneux-nd.be\/wp-content\/uploads\/2026\/01\/Neerlandais.jpg 1240w\" sizes=\"(max-width: 724px) 100vw, 724px\" \/><\/p>\r\n<p>&nbsp;<\/p>\r\n<p style=\"text-align: center;\"><strong>Woensdag 25 maart \u2013 Feest van de aankondiging van de Heer (Maria Boodschap)<\/strong><\/p>\r\n<p>11u30: \u00a0\u00a0\u00a0\u00a0\u00a0\u00a0\u00a0\u00a0\u00a0\u00a0 H. Mis in het Frans<\/p>\r\n<p><strong>15u00: \u00a0\u00a0\u00a0\u00a0\u00a0\u00a0\u00a0\u00a0\u00a0\u00a0 Marialof (<em>in drie talen<\/em>)<\/strong><\/p>\r\n<p>16u00: \u00a0\u00a0\u00a0\u00a0\u00a0\u00a0\u00a0\u00a0\u00a0\u00a0\u00a0 H. Mis in het Frans<\/p>\r\n<p>19u00: \u00a0\u00a0\u00a0\u00a0\u00a0\u00a0\u00a0\u00a0\u00a0\u00a0 Rozenkrans<\/p>\r\n<p><strong>\u00a0<\/strong><\/p>\r\n<p style=\"text-align: center;\"><strong>Zondag 29 maart \u2013 Palmzondag<\/strong><\/p>\r\n<p>8u30:\u00a0\u00a0 \u00a0\u00a0\u00a0\u00a0\u00a0\u00a0\u00a0\u00a0\u00a0\u00a0\u00a0 Palmzondagviering (in het Frans)<\/p>\r\n<p>11u15: \u00a0\u00a0\u00a0\u00a0\u00a0\u00a0\u00a0\u00a0\u00a0\u00a0 Palmzondagviering (in het Frans)<\/p>\r\n<p><strong>15u00: \u00a0\u00a0\u00a0\u00a0\u00a0\u00a0\u00a0\u00a0\u00a0\u00a0 Lof en ziekenzegening<\/strong><\/p>\r\n<p>16u00: \u00a0\u00a0\u00a0\u00a0\u00a0\u00a0\u00a0\u00a0\u00a0\u00a0 Palmzondagviering (in het Frans)<\/p>\r\n<p>19u00: \u00a0\u00a0\u00a0\u00a0\u00a0\u00a0\u00a0\u00a0\u00a0\u00a0 Rozenkrans<\/p>\r\n<p>&nbsp;<\/p>\r\n<p style=\"text-align: center;\"><strong>2 april \u2013 Witte Donderdag<\/strong><\/p>\r\n<p>18u00: \u00a0\u00a0\u00a0\u00a0\u00a0\u00a0\u00a0\u00a0\u00a0\u00a0\u00a0 Avondmis van Witte Donderdag (in het Frans), aansluitend stille aanbidding<\/p>\r\n<p>Biechtgelegenheid: 9u30 \u2013 12u00 en 14u00 \u2013 16u30<\/p>\r\n<p>&nbsp;<\/p>\r\n<p style=\"text-align: center;\"><strong>3 april \u2013 Goede Vrijdag<\/strong><\/p>\r\n<p>15u00:\u00a0\u00a0\u00a0\u00a0\u00a0\u00a0\u00a0\u00a0\u00a0\u00a0\u00a0 Kruisweg in het bos en in de Boodschapskapel (in het Frans)<\/p>\r\n<p>18u00:\u00a0\u00a0\u00a0\u00a0\u00a0\u00a0\u00a0\u00a0\u00a0\u00a0\u00a0 Herdenking van het lijden en sterven van de Heer (in het Frans)<\/p>\r\n<p>Biechtgelegenheid: 9u30 \u2013 12u00 en 14u00 \u2013 16u30<\/p>\r\n<p>&nbsp;<\/p>\r\n<p style=\"text-align: center;\"><strong>4 april \u2013 Stille Zaterdag<\/strong><\/p>\r\n<p>18u00: \u00a0\u00a0\u00a0\u00a0\u00a0\u00a0\u00a0\u00a0\u00a0\u00a0\u00a0 Paaswake (in het Frans)<\/p>\r\n<p>Biechtgelegenheid: 9u30 \u2013 12u00 en 14u00 \u2013 16u30<\/p>\r\n<p>&nbsp;<\/p>\r\n<p style=\"text-align: center;\"><strong>5 april \u2013 Paaszondag<\/strong><\/p>\r\n<p>8u30, 11u15, 16u00:\u00a0 Dagmissen van paaszondag (in het Frans)<\/p>\r\n<p><strong>15u00: \u00a0\u00a0\u00a0\u00a0\u00a0\u00a0\u00a0\u00a0\u00a0\u00a0 Marialof (<em>in drie talen<\/em>)<\/strong><\/p>\r\n<p>19u00: \u00a0\u00a0\u00a0\u00a0\u00a0\u00a0\u00a0\u00a0\u00a0\u00a0 Rozenkrans<\/p>\r\n<p>Biechtgelegenheid: \u00a014u00 \u2013 16u30<\/p>\r\n<p>&nbsp;<\/p>\r\n<p style=\"text-align: center;\"><strong>12 april \u2013 Tweede paasdag<\/strong><\/p>\r\n<p>8u30, 11u15, 16u00:\u00a0 HH Missen (in het Frans)<\/p>\r\n<p>19u00: \u00a0\u00a0\u00a0\u00a0\u00a0\u00a0\u00a0\u00a0\u00a0\u00a0 Rozenkrans<\/p>\r\n<p><strong>\u00a0<\/strong><\/p>\r\n<p><strong>\u00a0<\/strong><\/p>\r\n<p style=\"text-align: center;\"><strong>Vrijdag 1 mei \u2013 Offici\u00eble opening van het bedevaartseizoen<\/strong><\/p>\r\n<p>Donderdag 30 april 20u00 tot 22u00: Aanbidding<\/p>\r\n<p><em>HH Missen in het Frans: 8u30, 11u15, 16u00<\/em><\/p>\r\n<ol>\r\n<li><em> Mis in het Duits: 9u30<\/em><\/li>\r\n<\/ol>\r\n<p><strong>10u30: \u00a0\u00a0\u00a0\u00a0\u00a0\u00a0\u00a0\u00a0\u00a0\u00a0 Internationale Mis \u00a0<\/strong><\/p>\r\n<p><strong>15u00: \u00a0\u00a0\u00a0\u00a0\u00a0\u00a0\u00a0\u00a0\u00a0\u00a0 Lof en ziekenzegening<\/strong><\/p>\r\n<p><strong>20u00: \u00a0\u00a0\u00a0\u00a0\u00a0\u00a0\u00a0\u00a0\u00a0\u00a0 Kaarsenprocessie<\/strong><\/p>\r\n<p>&nbsp;<\/p>\r\n<p style=\"text-align: center;\"><strong>Donderdag 14 mei \u2013 Hemelvaart van de Heer<\/strong><\/p>\r\n<p><strong>11u15: \u00a0\u00a0\u00a0\u00a0\u00a0\u00a0\u00a0\u00a0\u00a0\u00a0 Internationale Mis<\/strong><\/p>\r\n<p><strong>15u00: \u00a0\u00a0\u00a0\u00a0\u00a0\u00a0\u00a0\u00a0\u00a0\u00a0\u00a0 Lof en ziekenzegening<\/strong><\/p>\r\n<p>19u00: \u00a0\u00a0\u00a0\u00a0\u00a0\u00a0\u00a0\u00a0\u00a0\u00a0\u00a0 Rozenkrans<\/p>\r\n<p>&nbsp;<\/p>\r\n<p style=\"text-align: center;\"><strong>Zondag 24 mei \u2013 Pinksteren<\/strong><\/p>\r\n<p><em>HH Missen in het Frans\u00a0: 8u30, 11u15, 16u00<\/em><\/p>\r\n<ol>\r\n<li><em> Mis in het Duits: 9u30<\/em><\/li>\r\n<\/ol>\r\n<p><strong>10u30: \u00a0\u00a0\u00a0\u00a0\u00a0\u00a0\u00a0\u00a0\u00a0\u00a0 Internationale Mis<\/strong><\/p>\r\n<p><strong>15u00: \u00a0\u00a0\u00a0\u00a0\u00a0\u00a0\u00a0\u00a0\u00a0\u00a0\u00a0 Lof en ziekenzegening<\/strong><\/p>\r\n<p>19u00: \u00a0\u00a0\u00a0\u00a0\u00a0\u00a0\u00a0\u00a0\u00a0\u00a0\u00a0 Rozenkrans<\/p>\r\n<p>&nbsp;<\/p>\r\n<p>&nbsp;<\/p>\r\n<p style=\"text-align: center;\"><strong>Maandag 25 mei \u2013 Pinkstermaandag<\/strong><\/p>\r\n<p><em>HH Missen in het Frans\u00a0: 8u30, 11u15, 16u00<\/em><\/p>\r\n<ol>\r\n<li><em> Mis in het Duits: 9u30<\/em><\/li>\r\n<\/ol>\r\n<p><strong>11u00: \u00a0\u00a0\u00a0\u00a0\u00a0\u00a0\u00a0\u00a0\u00a0\u00a0 Mis in het Nederlands<\/strong><\/p>\r\n<p><strong>15u00: \u00a0\u00a0\u00a0\u00a0\u00a0\u00a0\u00a0\u00a0\u00a0\u00a0\u00a0 Lof en ziekenzegening<\/strong><\/p>\r\n<p>19u00: \u00a0\u00a0\u00a0\u00a0\u00a0\u00a0\u00a0\u00a0\u00a0\u00a0\u00a0 Rozenkrans<\/p>\r\n<p>&nbsp;<\/p>\r\n<p style=\"text-align: center;\"><strong>Donderdag 4 juni \u2013 Sacramentsdag<\/strong><\/p>\r\n<p><em>Bedevaart van ICEW<\/em><\/p>\r\n<p><strong>10u30: \u00a0\u00a0\u00a0\u00a0\u00a0\u00a0\u00a0\u00a0\u00a0\u00a0\u00a0 H. Mis in het Nederlands<\/strong><\/p>\r\n<p><em>Het Allerheiligste blijft de hele dag uitgesteld voor stille aanbidding (grote kerk).<\/em><\/p>\r\n<p><strong>14u00: \u00a0\u00a0\u00a0\u00a0\u00a0\u00a0\u00a0\u00a0\u00a0\u00a0\u00a0 Mariawake<\/strong><\/p>\r\n<p><strong>16u00: \u00a0\u00a0\u00a0\u00a0\u00a0\u00a0\u00a0\u00a0\u00a0\u00a0\u00a0 Lof<\/strong><\/p>\r\n<p>19u00:\u00a0\u00a0\u00a0\u00a0\u00a0\u00a0\u00a0\u00a0\u00a0\u00a0\u00a0 Rozenkrans<\/p>\r\n<p>&nbsp;<\/p>\r\n<p style=\"text-align: center;\"><strong>Zondag 7 juni \u2013 Sacramentszondag<\/strong><\/p>\r\n<p><strong>10u30: \u00a0\u00a0\u00a0\u00a0\u00a0\u00a0\u00a0\u00a0\u00a0\u00a0 Internationale Mis\u00a0<\/strong><\/p>\r\n<p><strong>14u00: \u00a0\u00a0\u00a0\u00a0\u00a0\u00a0\u00a0\u00a0\u00a0\u00a0\u00a0 Sacramentsprocessie door het heiligdom en ziekenzegening<\/strong><\/p>\r\n<p>19u00: \u00a0\u00a0\u00a0\u00a0\u00a0\u00a0\u00a0\u00a0\u00a0\u00a0 Rozenkrans<\/p>\r\n<p>&nbsp;<\/p>\r\n<p style=\"text-align: center;\"><strong>Zaterdag 15 augustus \u2013 Maria Tenhemelopneming<\/strong><\/p>\r\n<p>Vrijdag 14 augustus 20u00 \u2013 22u00: Aanbidding<\/p>\r\n<p><em>HH Missen in het Frans\u00a0: 8u30, 11u15, 16u00<\/em><\/p>\r\n<ol>\r\n<li><em> Mis in het Duits: 9u30<\/em><\/li>\r\n<\/ol>\r\n<p><strong>10u30: \u00a0\u00a0\u00a0\u00a0\u00a0\u00a0\u00a0\u00a0\u00a0\u00a0 Internationale Mis met mgr. Delville, bisschop van Luik<\/strong><\/p>\r\n<p><strong>15u00: \u00a0\u00a0\u00a0\u00a0\u00a0\u00a0\u00a0\u00a0\u00a0\u00a0 Lof en ziekenzegening<\/strong><\/p>\r\n<p><strong>20u00: \u00a0\u00a0\u00a0\u00a0\u00a0\u00a0\u00a0\u00a0\u00a0\u00a0 Kaarsenprocessie<\/strong><\/p>\r\n<p><strong>\u00a0<\/strong><\/p>\r\n<p><strong>\u00a0<\/strong><\/p>\r\n<p style=\"text-align: center;\"><strong>Zondag 11 oktober \u2013 Sluiting van het bedevaartseizoen<\/strong><\/p>\r\n<p><strong>10u30: \u00a0\u00a0\u00a0\u00a0\u00a0\u00a0\u00a0\u00a0\u00a0\u00a0 Internationale Mis<\/strong><\/p>\r\n<p><strong>15u00: \u00a0\u00a0\u00a0\u00a0\u00a0\u00a0\u00a0\u00a0\u00a0\u00a0 Lof en ziekenzegening<\/strong><\/p>\r\n<p>19u00: \u00a0\u00a0\u00a0\u00a0\u00a0\u00a0\u00a0\u00a0\u00a0\u00a0 Rozenkrans<\/p>\r\n<p>&nbsp;<\/p>\r\n<p>&nbsp;<\/p>\r\n<p style=\"text-align: center;\"><strong>Zondag 1 November\u00a0 \u2013\u00a0 <\/strong><strong>Allerheiligen<\/strong><\/p>\r\n<p>&nbsp;<\/p>\r\n<p>8.30 &#8211; 11.15 \u2013 16.00 u. \u00a0\u00a0\u00a0\u00a0\u00a0\u00a0\u00a0\u00a0 H. Mis in het Frans<\/p>\r\n<p>&nbsp;<\/p>\r\n<p style=\"text-align: center;\"><strong>Maandag 2 November\u00a0 \u2013\u00a0 <\/strong><strong>Allerzielen<\/strong><\/p>\r\n<p>&nbsp;<\/p>\r\n<p>8.00 &#8211; 11.15 \u2013 16.00 u. \u00a0\u00a0\u00a0\u00a0\u00a0\u00a0\u00a0\u00a0 H. Mis in het Frans<\/p>\r\n<p>&nbsp;<\/p>\r\n<p style=\"text-align: center;\"><strong>Zondag 22 november \u2013 Christus Koning feest<\/strong><\/p>\r\n<p>8.30 &#8211; 11.15 \u2013 16.00 u. \u00a0\u00a0\u00a0\u00a0\u00a0\u00a0\u00a0\u00a0 H. Mis in het Frans<\/p>\r\n<p>&nbsp;<\/p>\r\n<p style=\"text-align: center;\"><strong>Dinsdag <\/strong><strong>8 december &#8211; <\/strong><strong>Onbevlekte Ontvangenis van Maria<\/strong><\/p>\r\n<p>8.00 &#8211; 11.30 &#8211; 16.00 u. \u00a0\u00a0\u00a0\u00a0\u00a0\u00a0\u00a0\u00a0 H. Mis in het Frans<\/p>\r\n<p>15.00 u.\u00a0\u00a0\u00a0\u00a0\u00a0\u00a0\u00a0\u00a0\u00a0 Mariawake<\/p>\r\n<p>&nbsp;<\/p>\r\n<p><strong>Kerstfeest<\/strong>\u00a0<\/p>\r\n<p style=\"text-align: center;\"><strong>Donderdag 24 december<\/strong><\/p>\r\n<p>18.00 u\u00a0 Mis in het Frans<\/p>\r\n<p>&nbsp;<\/p>\r\n<p style=\"text-align: center;\"><strong>Vrijdag 25 december<\/strong><\/p>\r\n<p>8.30 &#8211; 11.15 \u2013 16.00 u. \u00a0\u00a0\u00a0\u00a0\u00a0\u00a0\u00a0\u00a0 H. Mis in het Frans<\/p>\r\n<p>&nbsp;<\/p>\r\n<p>&nbsp;<\/p>\r\n<p>&nbsp;<\/p>\r\n<p>&nbsp;<\/p>\r\n<p>&nbsp;<\/p>\r\n<hr \/>\r\n<p>&nbsp;<\/p>\r\n","protected":false},"excerpt":{"rendered":"<p>Verjaardag van de verschijningen 2026 &nbsp; Donderdag 15 januari\u00a0 \u2013\u00a0 Verjaardag van de 1ste\u00a0verschijning 11.30 u. \u00a0\u00a0\u00a0\u00a0\u00a0\u00a0\u00a0\u00a0 H. Mis in het Frans 15.00 u.\u00a0\u00a0\u00a0\u00a0\u00a0\u00a0\u00a0\u00a0\u00a0 Mariawake 16.00 u. \u00a0\u00a0\u00a0\u00a0\u00a0\u00a0\u00a0\u00a0 Internationale mis met Rector Palm 19.00 u.\u00a0\u00a0\u00a0\u00a0\u00a0\u00a0\u00a0\u00a0\u00a0 Rozenkrans en processie naar de Bron &nbsp; Zondag 18 januari\u00a0 \u2013\u00a0 Verjaardag van de 2de\u00a0verschijning 11.15 u.\u00a0 \u00a0 \u00a0 \u00a0 \u00a0 \u00a0 Internationale mis 15.00 u.\u00a0\u00a0\u00a0\u00a0\u00a0\u00a0\u00a0\u00a0\u00a0 Mariawake 16.00 u. \u00a0\u00a0\u00a0\u00a0\u00a0\u00a0\u00a0\u00a0 H. Mis in het Frans 19.00 u.\u00a0\u00a0\u00a0\u00a0\u00a0\u00a0\u00a0\u00a0\u00a0 Rozenkrans en processie naar de Bron &nbsp; Maandag 19 januari\u00a0 \u2013\u00a0 Verjaardag van de 3de\u00a0verschijning 11.30 u. \u00a0\u00a0\u00a0\u00a0\u00a0\u00a0\u00a0\u00a0 H. Mis in het Frans 15.00 u.\u00a0\u00a0\u00a0\u00a0\u00a0\u00a0\u00a0\u00a0\u00a0 Mariawake 16.00 u. \u00a0\u00a0\u00a0\u00a0\u00a0\u00a0\u00a0\u00a0 H. Mis in het Frans 19.00 u.\u00a0\u00a0\u00a0\u00a0\u00a0\u00a0\u00a0\u00a0\u00a0 Rozenkrans en processie naar de Bron &nbsp; Disndag 20 januari\u00a0 \u2013\u00a0 Verjaardag [&hellip;]<\/p>\n","protected":false},"author":10,"featured_media":0,"parent":0,"menu_order":0,"comment_status":"closed","ping_status":"closed","template":"","meta":{"advgb_blocks_editor_width":"","advgb_blocks_columns_visual_guide":"","footnotes":""},"class_list":["post-7433","page","type-page","status-publish","hentry"],"yoast_head":"<!-- This site is optimized with the Yoast SEO plugin v27.5 - https:\/\/yoast.com\/product\/yoast-seo-wordpress\/ -->\n<title>Seizoen 2026 - Banneux Notre-Dame<\/title>\n<meta name=\"description\" content=\"Vous trouvez ici le calendrier des c\u00e9l\u00e9brations pour l&#039;ann\u00e9e en cours : anniversaire des apparitions et grandes f\u00eates.\" \/>\n<meta name=\"robots\" content=\"index, follow, max-snippet:-1, max-image-preview:large, max-video-preview:-1\" \/>\n<link rel=\"canonical\" href=\"https:\/\/banneux-nd.be\/nl\/seizoen\/\" \/>\n<meta property=\"og:locale\" content=\"nl_NL\" \/>\n<meta property=\"og:type\" content=\"article\" \/>\n<meta property=\"og:title\" content=\"Seizoen 2026 - Banneux Notre-Dame\" \/>\n<meta property=\"og:description\" content=\"Vous trouvez ici le calendrier des c\u00e9l\u00e9brations pour l&#039;ann\u00e9e en cours : anniversaire des apparitions et grandes f\u00eates.\" \/>\n<meta property=\"og:url\" content=\"https:\/\/banneux-nd.be\/nl\/seizoen\/\" \/>\n<meta property=\"og:site_name\" content=\"Banneux Notre-Dame\" \/>\n<meta property=\"article:publisher\" content=\"https:\/\/www.facebook.com\/NDBanneux\/\" \/>\n<meta property=\"article:modified_time\" content=\"2026-04-08T16:55:04+00:00\" \/>\n<meta property=\"og:image\" content=\"https:\/\/banneux-nd.be\/wp-content\/uploads\/2026\/01\/Neerlandais.jpg\" \/>\n\t<meta property=\"og:image:width\" content=\"1240\" \/>\n\t<meta property=\"og:image:height\" content=\"1754\" \/>\n\t<meta property=\"og:image:type\" content=\"image\/jpeg\" \/>\n<meta name=\"twitter:card\" content=\"summary_large_image\" \/>\n<meta name=\"twitter:label1\" content=\"Est. reading time\" \/>\n\t<meta name=\"twitter:data1\" content=\"4 minutes\" \/>\n<script type=\"application\/ld+json\" class=\"yoast-schema-graph\">{\"@context\":\"https:\\\/\\\/schema.org\",\"@graph\":[{\"@type\":\"WebPage\",\"@id\":\"https:\\\/\\\/banneux-nd.be\\\/nl\\\/seizoen\\\/\",\"url\":\"https:\\\/\\\/banneux-nd.be\\\/nl\\\/seizoen\\\/\",\"name\":\"Seizoen 2026 - Banneux Notre-Dame\",\"isPartOf\":{\"@id\":\"https:\\\/\\\/banneux-nd.be\\\/nl\\\/#website\"},\"primaryImageOfPage\":{\"@id\":\"https:\\\/\\\/banneux-nd.be\\\/nl\\\/seizoen\\\/#primaryimage\"},\"image\":{\"@id\":\"https:\\\/\\\/banneux-nd.be\\\/nl\\\/seizoen\\\/#primaryimage\"},\"thumbnailUrl\":\"https:\\\/\\\/banneux-nd.be\\\/wp-content\\\/uploads\\\/2026\\\/01\\\/Neerlandais-724x1024.jpg\",\"datePublished\":\"2018-05-03T16:15:17+00:00\",\"dateModified\":\"2026-04-08T16:55:04+00:00\",\"description\":\"Vous trouvez ici le calendrier des c\u00e9l\u00e9brations pour l'ann\u00e9e en cours : anniversaire des apparitions et grandes f\u00eates.\",\"breadcrumb\":{\"@id\":\"https:\\\/\\\/banneux-nd.be\\\/nl\\\/seizoen\\\/#breadcrumb\"},\"inLanguage\":\"nl-NL\",\"potentialAction\":[{\"@type\":\"ReadAction\",\"target\":[\"https:\\\/\\\/banneux-nd.be\\\/nl\\\/seizoen\\\/\"]}]},{\"@type\":\"ImageObject\",\"inLanguage\":\"nl-NL\",\"@id\":\"https:\\\/\\\/banneux-nd.be\\\/nl\\\/seizoen\\\/#primaryimage\",\"url\":\"https:\\\/\\\/banneux-nd.be\\\/wp-content\\\/uploads\\\/2026\\\/01\\\/Neerlandais-724x1024.jpg\",\"contentUrl\":\"https:\\\/\\\/banneux-nd.be\\\/wp-content\\\/uploads\\\/2026\\\/01\\\/Neerlandais-724x1024.jpg\"},{\"@type\":\"BreadcrumbList\",\"@id\":\"https:\\\/\\\/banneux-nd.be\\\/nl\\\/seizoen\\\/#breadcrumb\",\"itemListElement\":[{\"@type\":\"ListItem\",\"position\":1,\"name\":\"Accueil\",\"item\":\"https:\\\/\\\/banneux-nd.be\\\/nl\\\/\"},{\"@type\":\"ListItem\",\"position\":2,\"name\":\"Seizoen 2026\"}]},{\"@type\":\"WebSite\",\"@id\":\"https:\\\/\\\/banneux-nd.be\\\/nl\\\/#website\",\"url\":\"https:\\\/\\\/banneux-nd.be\\\/nl\\\/\",\"name\":\"Banneux Notre-Dame\",\"description\":\"Sanctuaire de la Vierge des Pauvres (Belgique)\",\"potentialAction\":[{\"@type\":\"SearchAction\",\"target\":{\"@type\":\"EntryPoint\",\"urlTemplate\":\"https:\\\/\\\/banneux-nd.be\\\/nl\\\/?s={search_term_string}\"},\"query-input\":{\"@type\":\"PropertyValueSpecification\",\"valueRequired\":true,\"valueName\":\"search_term_string\"}}],\"inLanguage\":\"nl-NL\"}]}<\/script>\n<!-- \/ Yoast SEO plugin. -->","yoast_head_json":{"title":"Seizoen 2026 - Banneux Notre-Dame","description":"Vous trouvez ici le calendrier des c\u00e9l\u00e9brations pour l'ann\u00e9e en cours : anniversaire des apparitions et grandes f\u00eates.","robots":{"index":"index","follow":"follow","max-snippet":"max-snippet:-1","max-image-preview":"max-image-preview:large","max-video-preview":"max-video-preview:-1"},"canonical":"https:\/\/banneux-nd.be\/nl\/seizoen\/","og_locale":"nl_NL","og_type":"article","og_title":"Seizoen 2026 - Banneux Notre-Dame","og_description":"Vous trouvez ici le calendrier des c\u00e9l\u00e9brations pour l'ann\u00e9e en cours : anniversaire des apparitions et grandes f\u00eates.","og_url":"https:\/\/banneux-nd.be\/nl\/seizoen\/","og_site_name":"Banneux Notre-Dame","article_publisher":"https:\/\/www.facebook.com\/NDBanneux\/","article_modified_time":"2026-04-08T16:55:04+00:00","og_image":[{"width":1240,"height":1754,"url":"https:\/\/banneux-nd.be\/wp-content\/uploads\/2026\/01\/Neerlandais.jpg","type":"image\/jpeg"}],"twitter_card":"summary_large_image","twitter_misc":{"Est. reading time":"4 minutes"},"schema":{"@context":"https:\/\/schema.org","@graph":[{"@type":"WebPage","@id":"https:\/\/banneux-nd.be\/nl\/seizoen\/","url":"https:\/\/banneux-nd.be\/nl\/seizoen\/","name":"Seizoen 2026 - Banneux Notre-Dame","isPartOf":{"@id":"https:\/\/banneux-nd.be\/nl\/#website"},"primaryImageOfPage":{"@id":"https:\/\/banneux-nd.be\/nl\/seizoen\/#primaryimage"},"image":{"@id":"https:\/\/banneux-nd.be\/nl\/seizoen\/#primaryimage"},"thumbnailUrl":"https:\/\/banneux-nd.be\/wp-content\/uploads\/2026\/01\/Neerlandais-724x1024.jpg","datePublished":"2018-05-03T16:15:17+00:00","dateModified":"2026-04-08T16:55:04+00:00","description":"Vous trouvez ici le calendrier des c\u00e9l\u00e9brations pour l'ann\u00e9e en cours : anniversaire des apparitions et grandes f\u00eates.","breadcrumb":{"@id":"https:\/\/banneux-nd.be\/nl\/seizoen\/#breadcrumb"},"inLanguage":"nl-NL","potentialAction":[{"@type":"ReadAction","target":["https:\/\/banneux-nd.be\/nl\/seizoen\/"]}]},{"@type":"ImageObject","inLanguage":"nl-NL","@id":"https:\/\/banneux-nd.be\/nl\/seizoen\/#primaryimage","url":"https:\/\/banneux-nd.be\/wp-content\/uploads\/2026\/01\/Neerlandais-724x1024.jpg","contentUrl":"https:\/\/banneux-nd.be\/wp-content\/uploads\/2026\/01\/Neerlandais-724x1024.jpg"},{"@type":"BreadcrumbList","@id":"https:\/\/banneux-nd.be\/nl\/seizoen\/#breadcrumb","itemListElement":[{"@type":"ListItem","position":1,"name":"Accueil","item":"https:\/\/banneux-nd.be\/nl\/"},{"@type":"ListItem","position":2,"name":"Seizoen 2026"}]},{"@type":"WebSite","@id":"https:\/\/banneux-nd.be\/nl\/#website","url":"https:\/\/banneux-nd.be\/nl\/","name":"Banneux Notre-Dame","description":"Sanctuaire de la Vierge des Pauvres (Belgique)","potentialAction":[{"@type":"SearchAction","target":{"@type":"EntryPoint","urlTemplate":"https:\/\/banneux-nd.be\/nl\/?s={search_term_string}"},"query-input":{"@type":"PropertyValueSpecification","valueRequired":true,"valueName":"search_term_string"}}],"inLanguage":"nl-NL"}]}},"coauthors":[],"author_meta":{"author_link":"https:\/\/banneux-nd.be\/nl\/author\/sanctuaire\/","display_name":"Fabian Delarbre"},"relative_dates":{"created":"Geplaatst 8 years geleden","modified":"Bijgewerkt 1 month geleden"},"absolute_dates":{"created":"Geplaatst op 05\/03\/2018","modified":"Bijgewerkt op 04\/08\/2026"},"absolute_dates_time":{"created":"Geplaatst op 05\/03\/2018 18 h 15 min","modified":"Bijgewerkt op 04\/08\/2026 18 h 55 min"},"featured_img_caption":"","featured_img":false,"series_order":"","jetpack_sharing_enabled":true,"_links":{"self":[{"href":"https:\/\/banneux-nd.be\/nl\/wp-json\/wp\/v2\/pages\/7433","targetHints":{"allow":["GET"]}}],"collection":[{"href":"https:\/\/banneux-nd.be\/nl\/wp-json\/wp\/v2\/pages"}],"about":[{"href":"https:\/\/banneux-nd.be\/nl\/wp-json\/wp\/v2\/types\/page"}],"author":[{"embeddable":true,"href":"https:\/\/banneux-nd.be\/nl\/wp-json\/wp\/v2\/users\/10"}],"replies":[{"embeddable":true,"href":"https:\/\/banneux-nd.be\/nl\/wp-json\/wp\/v2\/comments?post=7433"}],"version-history":[{"count":76,"href":"https:\/\/banneux-nd.be\/nl\/wp-json\/wp\/v2\/pages\/7433\/revisions"}],"predecessor-version":[{"id":20620,"href":"https:\/\/banneux-nd.be\/nl\/wp-json\/wp\/v2\/pages\/7433\/revisions\/20620"}],"wp:attachment":[{"href":"https:\/\/banneux-nd.be\/nl\/wp-json\/wp\/v2\/media?parent=7433"}],"curies":[{"name":"wp","href":"https:\/\/api.w.org\/{rel}","templated":true}]}}