{"id":100,"date":"2015-07-20T08:58:06","date_gmt":"2015-07-20T06:58:06","guid":{"rendered":"http:\/\/wwwwp.banneux-nd.be\/maisons-daccueil-et-centres-spirituels\/"},"modified":"2024-01-11T10:59:59","modified_gmt":"2024-01-11T09:59:59","slug":"accueil-et-centres-spirituels","status":"publish","type":"page","link":"https:\/\/banneux-nd.be\/pl\/accueil-et-centres-spirituels\/","title":{"rendered":"Accueil et centres spirituels"},"content":{"rendered":"<p><strong>Centre d\u2019accueil de Chaityfontaine\u00a0(60 lits)<\/strong><\/p>\n<table style=\"width: 766px;\">\n<tbody>\n<tr>\n<td style=\"width: 405px;\" width=\"302\">\n<p style=\"text-align: center;\">Accueil de groupes et accueil individuel.<br \/>\nAccueil de personnes malades<br \/>\net handicap\u00e9es accompagn\u00e9es.<br \/>\nRetraites spirituelles, s\u00e9minaires, r\u00e9collections, \u2026<\/p>\n<p style=\"text-align: center;\">Chaityfontaine 8 \u2013 BE \u2013 4860 PEPINSTER<br \/>\n+32 4 360 91 71<\/p>\n<p style=\"text-align: center;\"><a href=\"mailto:chaityfontaine@banneux-nd.be\">chaityfontaine@banneux-nd.be<\/a><\/p>\n<p style=\"text-align: center;\">\n<\/td>\n<td style=\"width: 361px;\" width=\"302\"><img fetchpriority=\"high\" decoding=\"async\" class=\"aligncenter size-full wp-image-10134\" src=\"https:\/\/banneux-nd.be\/wp-content\/uploads\/2018\/08\/Chaityfontaine-PF.jpg\" alt=\"\" width=\"1200\" height=\"900\" srcset=\"https:\/\/banneux-nd.be\/wp-content\/uploads\/2018\/08\/Chaityfontaine-PF.jpg 1200w, https:\/\/banneux-nd.be\/wp-content\/uploads\/2018\/08\/Chaityfontaine-PF-300x225.jpg 300w, https:\/\/banneux-nd.be\/wp-content\/uploads\/2018\/08\/Chaityfontaine-PF-768x576.jpg 768w, https:\/\/banneux-nd.be\/wp-content\/uploads\/2018\/08\/Chaityfontaine-PF-1024x768.jpg 1024w\" sizes=\"(max-width: 1200px) 100vw, 1200px\" \/><\/td>\n<\/tr>\n<\/tbody>\n<\/table>\n<p style=\"text-align: center;\"><a href=\"http:\/\/www.chaityfontaine.eu\/\" target=\"_blank\" rel=\"noopener\"><strong>www.chaityfontaine.eu<\/strong><\/a><\/p>\n<hr \/>\n<p><strong>Hospitalit\u00e9 Notre-Dame\u00a0(360 lits)<\/strong><\/p>\n<p>En saison : accueil de triduums avec malades.<br \/>\nEn dehors de la saison :\u00a0accueil de groupes, retraites, s\u00e9minaires, r\u00e9collections, \u2026<br \/>\n<a href=\"https:\/\/banneux-nd.be\/pl\/hospitalite\/\">Histoire du lieu<\/a><\/p>\n<p>rue de l\u2019Esplanade 57 &#8211; BE &#8211; 4141 BANNEUX N.D.<br \/>\n+32 4 360 02 22<\/p>\n<hr \/>\n<p><strong>Communaut\u00e9 Saint-Jean &#8211; Prieur\u00e9 <em>Regina Pacis<\/em><\/strong><\/p>\n<p>Accueil de groupes et accueil individuel<\/p>\n<p>rue de la Sapini\u00e8re 50 &#8211; BE &#8211; 4141 BANNEUX N.D.<br \/>\n+32 4 360 01 20 &#8211;\u00a0<a href=\"mailto:freres@stjean-banneux.com\">freres@stjean-banneux.com<\/a><\/p>\n<p style=\"text-align: center;\"><a href=\"https:\/\/stjean-banneux.com\/\" target=\"_blank\" rel=\"noopener\"><strong>www.stjean-banneux.com<\/strong><\/a><\/p>\n<hr \/>\n<p><strong>Poverello<\/strong><br \/>\nAccueil de groupes pour pique-nique ;\u00a0retraites de jeunes<\/p>\n<p>route de Theux 85 &#8211; BE &#8211; 4141 BANNEUX N.D.<br \/>\n+32 4 360 93 63<\/p>\n<p style=\"text-align: center;\"><strong><a href=\"http:\/\/www.poverello.be\" target=\"_blank\" rel=\"noopener\">www.poverello.be<\/a><\/strong><\/p>\n<hr \/>\n","protected":false},"excerpt":{"rendered":"<p>Centre d\u2019accueil de Chaityfontaine\u00a0(60 lits) Accueil de groupes et accueil individuel. Accueil de personnes malades et handicap\u00e9es accompagn\u00e9es. Retraites spirituelles, s\u00e9minaires, r\u00e9collections, \u2026 Chaityfontaine 8 \u2013 BE \u2013 4860 PEPINSTER +32 4 360 91 71 chaityfontaine@banneux-nd.be www.chaityfontaine.eu Hospitalit\u00e9 Notre-Dame\u00a0(360 lits) En saison : accueil de triduums avec malades. En dehors de la saison :\u00a0accueil de groupes, retraites, s\u00e9minaires, r\u00e9collections, \u2026 Histoire du lieu rue de l\u2019Esplanade 57 &#8211; BE &#8211; 4141 BANNEUX N.D. +32 4 360 02 22 Communaut\u00e9 Saint-Jean &#8211; Prieur\u00e9 Regina Pacis Accueil de groupes et accueil individuel rue de la Sapini\u00e8re 50 &#8211; BE &#8211; 4141 BANNEUX N.D. +32 4 360 01 20 &#8211;\u00a0freres@stjean-banneux.com www.stjean-banneux.com Poverello Accueil de groupes pour pique-nique ;\u00a0retraites de jeunes route de Theux [&hellip;]<\/p>\n","protected":false},"author":2,"featured_media":0,"parent":0,"menu_order":0,"comment_status":"closed","ping_status":"closed","template":"","meta":{"advgb_blocks_editor_width":"","advgb_blocks_columns_visual_guide":"","jetpack_post_was_ever_published":false,"footnotes":""},"class_list":["post-100","page","type-page","status-publish","hentry"],"yoast_head":"<!-- This site is optimized with the Yoast SEO plugin v27.4 - https:\/\/yoast.com\/product\/yoast-seo-wordpress\/ -->\n<title>Accueil et centres spirituels - Banneux Notre-Dame<\/title>\n<meta name=\"description\" content=\"Dans le sanctuaire ou dans les environs proches, se trouvent des maisons qui accueillent retraitants, p\u00e8lerins, voire touristes -chacune a ses sp\u00e9cificit\u00e9s!\" \/>\n<meta name=\"robots\" content=\"index, follow, max-snippet:-1, max-image-preview:large, max-video-preview:-1\" \/>\n<link rel=\"canonical\" href=\"https:\/\/banneux-nd.be\/pl\/accueil-et-centres-spirituels\/\" \/>\n<meta property=\"og:locale\" content=\"pl_PL\" \/>\n<meta property=\"og:type\" content=\"article\" \/>\n<meta property=\"og:title\" content=\"Accueil et centres spirituels - Banneux Notre-Dame\" \/>\n<meta property=\"og:description\" content=\"Dans le sanctuaire ou dans les environs proches, se trouvent des maisons qui accueillent retraitants, p\u00e8lerins, voire touristes -chacune a ses sp\u00e9cificit\u00e9s!\" \/>\n<meta property=\"og:url\" content=\"https:\/\/banneux-nd.be\/pl\/accueil-et-centres-spirituels\/\" \/>\n<meta property=\"og:site_name\" content=\"Banneux Notre-Dame\" \/>\n<meta property=\"article:publisher\" content=\"https:\/\/www.facebook.com\/NDBanneux\/\" \/>\n<meta property=\"article:modified_time\" content=\"2024-01-11T09:59:59+00:00\" \/>\n<meta property=\"og:image\" content=\"https:\/\/banneux-nd.be\/wp-content\/uploads\/2018\/08\/Chaityfontaine-PF.jpg\" \/>\n<meta name=\"twitter:card\" content=\"summary_large_image\" \/>\n<meta name=\"twitter:label1\" content=\"Est. reading time\" \/>\n\t<meta name=\"twitter:data1\" content=\"1 minute\" \/>\n<script type=\"application\/ld+json\" class=\"yoast-schema-graph\">{\"@context\":\"https:\\\/\\\/schema.org\",\"@graph\":[{\"@type\":\"WebPage\",\"@id\":\"https:\\\/\\\/banneux-nd.be\\\/pl\\\/accueil-et-centres-spirituels\\\/\",\"url\":\"https:\\\/\\\/banneux-nd.be\\\/pl\\\/accueil-et-centres-spirituels\\\/\",\"name\":\"Accueil et centres spirituels - Banneux Notre-Dame\",\"isPartOf\":{\"@id\":\"https:\\\/\\\/banneux-nd.be\\\/pl\\\/#website\"},\"primaryImageOfPage\":{\"@id\":\"https:\\\/\\\/banneux-nd.be\\\/pl\\\/accueil-et-centres-spirituels\\\/#primaryimage\"},\"image\":{\"@id\":\"https:\\\/\\\/banneux-nd.be\\\/pl\\\/accueil-et-centres-spirituels\\\/#primaryimage\"},\"thumbnailUrl\":\"https:\\\/\\\/banneux-nd.be\\\/wp-content\\\/uploads\\\/2018\\\/08\\\/Chaityfontaine-PF.jpg\",\"datePublished\":\"2015-07-20T06:58:06+00:00\",\"dateModified\":\"2024-01-11T09:59:59+00:00\",\"description\":\"Dans le sanctuaire ou dans les environs proches, se trouvent des maisons qui accueillent retraitants, p\u00e8lerins, voire touristes -chacune a ses sp\u00e9cificit\u00e9s!\",\"breadcrumb\":{\"@id\":\"https:\\\/\\\/banneux-nd.be\\\/pl\\\/accueil-et-centres-spirituels\\\/#breadcrumb\"},\"inLanguage\":\"pl-PL\",\"potentialAction\":[{\"@type\":\"ReadAction\",\"target\":[\"https:\\\/\\\/banneux-nd.be\\\/pl\\\/accueil-et-centres-spirituels\\\/\"]}]},{\"@type\":\"ImageObject\",\"inLanguage\":\"pl-PL\",\"@id\":\"https:\\\/\\\/banneux-nd.be\\\/pl\\\/accueil-et-centres-spirituels\\\/#primaryimage\",\"url\":\"https:\\\/\\\/banneux-nd.be\\\/wp-content\\\/uploads\\\/2018\\\/08\\\/Chaityfontaine-PF.jpg\",\"contentUrl\":\"https:\\\/\\\/banneux-nd.be\\\/wp-content\\\/uploads\\\/2018\\\/08\\\/Chaityfontaine-PF.jpg\"},{\"@type\":\"BreadcrumbList\",\"@id\":\"https:\\\/\\\/banneux-nd.be\\\/pl\\\/accueil-et-centres-spirituels\\\/#breadcrumb\",\"itemListElement\":[{\"@type\":\"ListItem\",\"position\":1,\"name\":\"Accueil\",\"item\":\"https:\\\/\\\/banneux-nd.be\\\/pl\\\/witamy-w-banneux\\\/\"},{\"@type\":\"ListItem\",\"position\":2,\"name\":\"Accueil et centres spirituels\"}]},{\"@type\":\"WebSite\",\"@id\":\"https:\\\/\\\/banneux-nd.be\\\/pl\\\/#website\",\"url\":\"https:\\\/\\\/banneux-nd.be\\\/pl\\\/\",\"name\":\"Banneux Notre-Dame\",\"description\":\"Sanctuaire de la Vierge des Pauvres (Belgique)\",\"potentialAction\":[{\"@type\":\"SearchAction\",\"target\":{\"@type\":\"EntryPoint\",\"urlTemplate\":\"https:\\\/\\\/banneux-nd.be\\\/pl\\\/?s={search_term_string}\"},\"query-input\":{\"@type\":\"PropertyValueSpecification\",\"valueRequired\":true,\"valueName\":\"search_term_string\"}}],\"inLanguage\":\"pl-PL\"}]}<\/script>\n<!-- \/ Yoast SEO plugin. -->","yoast_head_json":{"title":"Accueil et centres spirituels - Banneux Notre-Dame","description":"Dans le sanctuaire ou dans les environs proches, se trouvent des maisons qui accueillent retraitants, p\u00e8lerins, voire touristes -chacune a ses sp\u00e9cificit\u00e9s!","robots":{"index":"index","follow":"follow","max-snippet":"max-snippet:-1","max-image-preview":"max-image-preview:large","max-video-preview":"max-video-preview:-1"},"canonical":"https:\/\/banneux-nd.be\/pl\/accueil-et-centres-spirituels\/","og_locale":"pl_PL","og_type":"article","og_title":"Accueil et centres spirituels - Banneux Notre-Dame","og_description":"Dans le sanctuaire ou dans les environs proches, se trouvent des maisons qui accueillent retraitants, p\u00e8lerins, voire touristes -chacune a ses sp\u00e9cificit\u00e9s!","og_url":"https:\/\/banneux-nd.be\/pl\/accueil-et-centres-spirituels\/","og_site_name":"Banneux Notre-Dame","article_publisher":"https:\/\/www.facebook.com\/NDBanneux\/","article_modified_time":"2024-01-11T09:59:59+00:00","og_image":[{"url":"https:\/\/banneux-nd.be\/wp-content\/uploads\/2018\/08\/Chaityfontaine-PF.jpg","type":"","width":"","height":""}],"twitter_card":"summary_large_image","twitter_misc":{"Est. reading time":"1 minute"},"schema":{"@context":"https:\/\/schema.org","@graph":[{"@type":"WebPage","@id":"https:\/\/banneux-nd.be\/pl\/accueil-et-centres-spirituels\/","url":"https:\/\/banneux-nd.be\/pl\/accueil-et-centres-spirituels\/","name":"Accueil et centres spirituels - Banneux Notre-Dame","isPartOf":{"@id":"https:\/\/banneux-nd.be\/pl\/#website"},"primaryImageOfPage":{"@id":"https:\/\/banneux-nd.be\/pl\/accueil-et-centres-spirituels\/#primaryimage"},"image":{"@id":"https:\/\/banneux-nd.be\/pl\/accueil-et-centres-spirituels\/#primaryimage"},"thumbnailUrl":"https:\/\/banneux-nd.be\/wp-content\/uploads\/2018\/08\/Chaityfontaine-PF.jpg","datePublished":"2015-07-20T06:58:06+00:00","dateModified":"2024-01-11T09:59:59+00:00","description":"Dans le sanctuaire ou dans les environs proches, se trouvent des maisons qui accueillent retraitants, p\u00e8lerins, voire touristes -chacune a ses sp\u00e9cificit\u00e9s!","breadcrumb":{"@id":"https:\/\/banneux-nd.be\/pl\/accueil-et-centres-spirituels\/#breadcrumb"},"inLanguage":"pl-PL","potentialAction":[{"@type":"ReadAction","target":["https:\/\/banneux-nd.be\/pl\/accueil-et-centres-spirituels\/"]}]},{"@type":"ImageObject","inLanguage":"pl-PL","@id":"https:\/\/banneux-nd.be\/pl\/accueil-et-centres-spirituels\/#primaryimage","url":"https:\/\/banneux-nd.be\/wp-content\/uploads\/2018\/08\/Chaityfontaine-PF.jpg","contentUrl":"https:\/\/banneux-nd.be\/wp-content\/uploads\/2018\/08\/Chaityfontaine-PF.jpg"},{"@type":"BreadcrumbList","@id":"https:\/\/banneux-nd.be\/pl\/accueil-et-centres-spirituels\/#breadcrumb","itemListElement":[{"@type":"ListItem","position":1,"name":"Accueil","item":"https:\/\/banneux-nd.be\/pl\/witamy-w-banneux\/"},{"@type":"ListItem","position":2,"name":"Accueil et centres spirituels"}]},{"@type":"WebSite","@id":"https:\/\/banneux-nd.be\/pl\/#website","url":"https:\/\/banneux-nd.be\/pl\/","name":"Banneux Notre-Dame","description":"Sanctuaire de la Vierge des Pauvres (Belgique)","potentialAction":[{"@type":"SearchAction","target":{"@type":"EntryPoint","urlTemplate":"https:\/\/banneux-nd.be\/pl\/?s={search_term_string}"},"query-input":{"@type":"PropertyValueSpecification","valueRequired":true,"valueName":"search_term_string"}}],"inLanguage":"pl-PL"}]}},"coauthors":[],"author_meta":{"author_link":"https:\/\/banneux-nd.be\/pl\/author\/adminfr\/","display_name":"adminFR"},"relative_dates":{"created":"Posted 11 years ago","modified":"Updated 2 years ago"},"absolute_dates":{"created":"Posted on 07\/20\/2015","modified":"Updated on 01\/11\/2024"},"absolute_dates_time":{"created":"Posted on 07\/20\/2015 8 h 58 min","modified":"Updated on 01\/11\/2024 10 h 59 min"},"featured_img_caption":"","featured_img":false,"series_order":"","jetpack_sharing_enabled":true,"_links":{"self":[{"href":"https:\/\/banneux-nd.be\/pl\/wp-json\/wp\/v2\/pages\/100","targetHints":{"allow":["GET"]}}],"collection":[{"href":"https:\/\/banneux-nd.be\/pl\/wp-json\/wp\/v2\/pages"}],"about":[{"href":"https:\/\/banneux-nd.be\/pl\/wp-json\/wp\/v2\/types\/page"}],"author":[{"embeddable":true,"href":"https:\/\/banneux-nd.be\/pl\/wp-json\/wp\/v2\/users\/2"}],"replies":[{"embeddable":true,"href":"https:\/\/banneux-nd.be\/pl\/wp-json\/wp\/v2\/comments?post=100"}],"version-history":[{"count":11,"href":"https:\/\/banneux-nd.be\/pl\/wp-json\/wp\/v2\/pages\/100\/revisions"}],"predecessor-version":[{"id":18202,"href":"https:\/\/banneux-nd.be\/pl\/wp-json\/wp\/v2\/pages\/100\/revisions\/18202"}],"wp:attachment":[{"href":"https:\/\/banneux-nd.be\/pl\/wp-json\/wp\/v2\/media?parent=100"}],"curies":[{"name":"wp","href":"https:\/\/api.w.org\/{rel}","templated":true}]}}