{"id":1376,"date":"2015-07-20T08:56:23","date_gmt":"2015-07-20T06:56:23","guid":{"rendered":"http:\/\/wwwwp.banneux-nd.be\/se-confesser\/"},"modified":"2018-05-17T11:40:03","modified_gmt":"2018-05-17T09:40:03","slug":"se-confesser","status":"publish","type":"page","link":"https:\/\/banneux-nd.be\/pl\/se-confesser\/","title":{"rendered":"Se confesser"},"content":{"rendered":"<p><img fetchpriority=\"high\" decoding=\"async\" class=\"alignleft wp-image-7925 size-medium\" src=\"https:\/\/banneux-nd.be\/wp-content\/uploads\/2018\/05\/Confession-300x255.jpg\" alt=\"\" width=\"300\" height=\"255\" srcset=\"https:\/\/banneux-nd.be\/wp-content\/uploads\/2018\/05\/Confession-300x255.jpg 300w, https:\/\/banneux-nd.be\/wp-content\/uploads\/2018\/05\/Confession-768x654.jpg 768w, https:\/\/banneux-nd.be\/wp-content\/uploads\/2018\/05\/Confession-1024x872.jpg 1024w, https:\/\/banneux-nd.be\/wp-content\/uploads\/2018\/05\/Confession.jpg 1777w\" sizes=\"(max-width: 300px) 100vw, 300px\" \/><\/p>\n<p style=\"text-align: justify;\">L\u2019accueil du pardon de Dieu dans le sacrement de la confession ou de la r\u00e9conciliation peut \u00eatre un des moments forts d\u2019un p\u00e8lerinage.<\/p>\n<p style=\"text-align: justify;\">J\u00e9sus a surpris et m\u00eame choqu\u00e9 ses auditeurs quand il accorde le pardon. Tout au d\u00e9but de l\u2019\u00c9vangile de Marc, quatre <em>brancardiers<\/em> am\u00e8nent un paralys\u00e9 \u00e0 J\u00e9sus. Ils n\u2019expriment m\u00eame pas leur demande, car elle est tr\u00e8s claire\u00a0: <em>Que cet homme puisse se relever et marcher\u00a0!<\/em> Mais J\u00e9sus r\u00e9pond \u00e0 c\u00f4t\u00e9\u00a0: <em>Mon fils, tes p\u00e9ch\u00e9s sont pardonn\u00e9s<\/em> (Marc 2, 1-12). Il y a apparemment une paralysie int\u00e9rieure plus grave que le handicap physique.<\/p>\n<p>&nbsp;<\/p>\n<p style=\"text-align: justify;\"><strong>Ma capacit\u00e9 d\u2019aimer peut \u00eatre paralys\u00e9e\u00a0: je n\u2019arrive pas \u00e0 aimer comme il faudrait\u00a0!<\/strong><\/p>\n<p style=\"text-align: justify;\">Comment est-ce que je r\u00e9ponds \u00e0 l\u2019appel \u00e0 l\u2019amour\u00a0: <em>Tu aimeras le Seigneur ton Dieu de tout ton c\u0153ur, de toute ton \u00e2me, de toute ta pens\u00e9e et de toute ta force, et tu aimeras ton prochain comme toi-m\u00eame <\/em>(Marc 12, 30-31)\u00a0?<\/p>\n<p style=\"text-align: justify;\">Je ne peux pas pr\u00e9tendre que j\u2019ai toujours \u00e9t\u00e9 \u00e0 la hauteur quand il s\u2019agit d\u2019aimer en v\u00e9rit\u00e9. Le reconna\u00eetre humblement et demander le pardon et la gu\u00e9rison devient alors un chemin de croissance.<\/p>\n<p style=\"text-align: justify;\"><strong>Des pr\u00eatres \u00e0 votre disposition<\/strong><\/p>\n<p style=\"text-align: justify;\">Au sanctuaire de Banneux, des pr\u00eatres sont disponibles pour vivre cette rencontre avec la mis\u00e9ricorde du Seigneur. Voyez la page <a href=\"https:\/\/banneux-nd.be\/fr\/horaire-celebrations\/\" target=\"_blank\" rel=\"noopener\">Horaire des c\u00e9l\u00e9brations<\/a>.<\/p>\n<p><img decoding=\"async\" class=\"alignleft size-full wp-image-7932 lazyload\" data-src=\"https:\/\/banneux-nd.be\/wp-content\/uploads\/2018\/05\/Accueil-confessions-PF.jpg\" alt=\"\" width=\"1200\" height=\"803\" data-srcset=\"https:\/\/banneux-nd.be\/wp-content\/uploads\/2018\/05\/Accueil-confessions-PF.jpg 1200w, https:\/\/banneux-nd.be\/wp-content\/uploads\/2018\/05\/Accueil-confessions-PF-300x201.jpg 300w, https:\/\/banneux-nd.be\/wp-content\/uploads\/2018\/05\/Accueil-confessions-PF-768x514.jpg 768w, https:\/\/banneux-nd.be\/wp-content\/uploads\/2018\/05\/Accueil-confessions-PF-1024x685.jpg 1024w\" data-sizes=\"(max-width: 1200px) 100vw, 1200px\" src=\"data:image\/svg+xml;base64,PHN2ZyB3aWR0aD0iMSIgaGVpZ2h0PSIxIiB4bWxucz0iaHR0cDovL3d3dy53My5vcmcvMjAwMC9zdmciPjwvc3ZnPg==\" style=\"--smush-placeholder-width: 1200px; --smush-placeholder-aspect-ratio: 1200\/803;\" \/><\/p>\n","protected":false},"excerpt":{"rendered":"<p>L\u2019accueil du pardon de Dieu dans le sacrement de la confession ou de la r\u00e9conciliation peut \u00eatre un des moments forts d\u2019un p\u00e8lerinage. J\u00e9sus a surpris et m\u00eame choqu\u00e9 ses auditeurs quand il accorde le pardon. Tout au d\u00e9but de l\u2019\u00c9vangile de Marc, quatre brancardiers am\u00e8nent un paralys\u00e9 \u00e0 J\u00e9sus. Ils n\u2019expriment m\u00eame pas leur demande, car elle est tr\u00e8s claire\u00a0: Que cet homme puisse se relever et marcher\u00a0! Mais J\u00e9sus r\u00e9pond \u00e0 c\u00f4t\u00e9\u00a0: Mon fils, tes p\u00e9ch\u00e9s sont pardonn\u00e9s (Marc 2, 1-12). Il y a apparemment une paralysie int\u00e9rieure plus grave que le handicap physique. &nbsp; Ma capacit\u00e9 d\u2019aimer peut \u00eatre paralys\u00e9e\u00a0: je n\u2019arrive pas \u00e0 aimer comme il faudrait\u00a0! Comment est-ce que je r\u00e9ponds \u00e0 l\u2019appel \u00e0 l\u2019amour\u00a0: [&hellip;]<\/p>\n","protected":false},"author":2,"featured_media":0,"parent":0,"menu_order":0,"comment_status":"closed","ping_status":"closed","template":"","meta":{"advgb_blocks_editor_width":"","advgb_blocks_columns_visual_guide":"","jetpack_post_was_ever_published":false,"footnotes":""},"class_list":["post-1376","page","type-page","status-publish","hentry"],"yoast_head":"<!-- This site is optimized with the Yoast SEO plugin v27.3 - https:\/\/yoast.com\/product\/yoast-seo-wordpress\/ -->\n<title>Se confesser - Banneux Notre-Dame<\/title>\n<meta name=\"robots\" content=\"index, follow, max-snippet:-1, max-image-preview:large, max-video-preview:-1\" \/>\n<link rel=\"canonical\" href=\"https:\/\/banneux-nd.be\/pl\/se-confesser\/\" \/>\n<meta property=\"og:locale\" content=\"pl_PL\" \/>\n<meta property=\"og:type\" content=\"article\" \/>\n<meta property=\"og:title\" content=\"Se confesser - Banneux Notre-Dame\" \/>\n<meta property=\"og:description\" content=\"L\u2019accueil du pardon de Dieu dans le sacrement de la confession ou de la r\u00e9conciliation peut \u00eatre un des moments forts d\u2019un p\u00e8lerinage. J\u00e9sus a surpris et m\u00eame choqu\u00e9 ses auditeurs quand il accorde le pardon. Tout au d\u00e9but de l\u2019\u00c9vangile de Marc, quatre brancardiers am\u00e8nent un paralys\u00e9 \u00e0 J\u00e9sus. Ils n\u2019expriment m\u00eame pas leur demande, car elle est tr\u00e8s claire\u00a0: Que cet homme puisse se relever et marcher\u00a0! Mais J\u00e9sus r\u00e9pond \u00e0 c\u00f4t\u00e9\u00a0: Mon fils, tes p\u00e9ch\u00e9s sont pardonn\u00e9s (Marc 2, 1-12). Il y a apparemment une paralysie int\u00e9rieure plus grave que le handicap physique. &nbsp; Ma capacit\u00e9 d\u2019aimer peut \u00eatre paralys\u00e9e\u00a0: je n\u2019arrive pas \u00e0 aimer comme il faudrait\u00a0! Comment est-ce que je r\u00e9ponds \u00e0 l\u2019appel \u00e0 l\u2019amour\u00a0: [&hellip;]\" \/>\n<meta property=\"og:url\" content=\"https:\/\/banneux-nd.be\/pl\/se-confesser\/\" \/>\n<meta property=\"og:site_name\" content=\"Banneux Notre-Dame\" \/>\n<meta property=\"article:publisher\" content=\"https:\/\/www.facebook.com\/NDBanneux\/\" \/>\n<meta property=\"article:modified_time\" content=\"2018-05-17T09:40:03+00:00\" \/>\n<meta property=\"og:image\" content=\"https:\/\/banneux-nd.be\/wp-content\/uploads\/2018\/05\/Confession-300x255.jpg\" \/>\n<meta name=\"twitter:card\" content=\"summary_large_image\" \/>\n<meta name=\"twitter:label1\" content=\"Est. reading time\" \/>\n\t<meta name=\"twitter:data1\" content=\"1 minute\" \/>\n<script type=\"application\/ld+json\" class=\"yoast-schema-graph\">{\"@context\":\"https:\\\/\\\/schema.org\",\"@graph\":[{\"@type\":\"WebPage\",\"@id\":\"https:\\\/\\\/banneux-nd.be\\\/pl\\\/se-confesser\\\/\",\"url\":\"https:\\\/\\\/banneux-nd.be\\\/pl\\\/se-confesser\\\/\",\"name\":\"Se confesser - Banneux Notre-Dame\",\"isPartOf\":{\"@id\":\"https:\\\/\\\/banneux-nd.be\\\/pl\\\/#website\"},\"primaryImageOfPage\":{\"@id\":\"https:\\\/\\\/banneux-nd.be\\\/pl\\\/se-confesser\\\/#primaryimage\"},\"image\":{\"@id\":\"https:\\\/\\\/banneux-nd.be\\\/pl\\\/se-confesser\\\/#primaryimage\"},\"thumbnailUrl\":\"https:\\\/\\\/banneux-nd.be\\\/wp-content\\\/uploads\\\/2018\\\/05\\\/Confession-300x255.jpg\",\"datePublished\":\"2015-07-20T06:56:23+00:00\",\"dateModified\":\"2018-05-17T09:40:03+00:00\",\"breadcrumb\":{\"@id\":\"https:\\\/\\\/banneux-nd.be\\\/pl\\\/se-confesser\\\/#breadcrumb\"},\"inLanguage\":\"pl-PL\",\"potentialAction\":[{\"@type\":\"ReadAction\",\"target\":[\"https:\\\/\\\/banneux-nd.be\\\/pl\\\/se-confesser\\\/\"]}]},{\"@type\":\"ImageObject\",\"inLanguage\":\"pl-PL\",\"@id\":\"https:\\\/\\\/banneux-nd.be\\\/pl\\\/se-confesser\\\/#primaryimage\",\"url\":\"https:\\\/\\\/banneux-nd.be\\\/wp-content\\\/uploads\\\/2018\\\/05\\\/Confession-300x255.jpg\",\"contentUrl\":\"https:\\\/\\\/banneux-nd.be\\\/wp-content\\\/uploads\\\/2018\\\/05\\\/Confession-300x255.jpg\"},{\"@type\":\"BreadcrumbList\",\"@id\":\"https:\\\/\\\/banneux-nd.be\\\/pl\\\/se-confesser\\\/#breadcrumb\",\"itemListElement\":[{\"@type\":\"ListItem\",\"position\":1,\"name\":\"Accueil\",\"item\":\"https:\\\/\\\/banneux-nd.be\\\/pl\\\/witamy-w-banneux\\\/\"},{\"@type\":\"ListItem\",\"position\":2,\"name\":\"Se confesser\"}]},{\"@type\":\"WebSite\",\"@id\":\"https:\\\/\\\/banneux-nd.be\\\/pl\\\/#website\",\"url\":\"https:\\\/\\\/banneux-nd.be\\\/pl\\\/\",\"name\":\"Banneux Notre-Dame\",\"description\":\"Sanctuaire de la Vierge des Pauvres (Belgique)\",\"potentialAction\":[{\"@type\":\"SearchAction\",\"target\":{\"@type\":\"EntryPoint\",\"urlTemplate\":\"https:\\\/\\\/banneux-nd.be\\\/pl\\\/?s={search_term_string}\"},\"query-input\":{\"@type\":\"PropertyValueSpecification\",\"valueRequired\":true,\"valueName\":\"search_term_string\"}}],\"inLanguage\":\"pl-PL\"}]}<\/script>\n<!-- \/ Yoast SEO plugin. -->","yoast_head_json":{"title":"Se confesser - Banneux Notre-Dame","robots":{"index":"index","follow":"follow","max-snippet":"max-snippet:-1","max-image-preview":"max-image-preview:large","max-video-preview":"max-video-preview:-1"},"canonical":"https:\/\/banneux-nd.be\/pl\/se-confesser\/","og_locale":"pl_PL","og_type":"article","og_title":"Se confesser - Banneux Notre-Dame","og_description":"L\u2019accueil du pardon de Dieu dans le sacrement de la confession ou de la r\u00e9conciliation peut \u00eatre un des moments forts d\u2019un p\u00e8lerinage. J\u00e9sus a surpris et m\u00eame choqu\u00e9 ses auditeurs quand il accorde le pardon. Tout au d\u00e9but de l\u2019\u00c9vangile de Marc, quatre brancardiers am\u00e8nent un paralys\u00e9 \u00e0 J\u00e9sus. Ils n\u2019expriment m\u00eame pas leur demande, car elle est tr\u00e8s claire\u00a0: Que cet homme puisse se relever et marcher\u00a0! Mais J\u00e9sus r\u00e9pond \u00e0 c\u00f4t\u00e9\u00a0: Mon fils, tes p\u00e9ch\u00e9s sont pardonn\u00e9s (Marc 2, 1-12). Il y a apparemment une paralysie int\u00e9rieure plus grave que le handicap physique. &nbsp; Ma capacit\u00e9 d\u2019aimer peut \u00eatre paralys\u00e9e\u00a0: je n\u2019arrive pas \u00e0 aimer comme il faudrait\u00a0! Comment est-ce que je r\u00e9ponds \u00e0 l\u2019appel \u00e0 l\u2019amour\u00a0: [&hellip;]","og_url":"https:\/\/banneux-nd.be\/pl\/se-confesser\/","og_site_name":"Banneux Notre-Dame","article_publisher":"https:\/\/www.facebook.com\/NDBanneux\/","article_modified_time":"2018-05-17T09:40:03+00:00","og_image":[{"url":"https:\/\/banneux-nd.be\/wp-content\/uploads\/2018\/05\/Confession-300x255.jpg","type":"","width":"","height":""}],"twitter_card":"summary_large_image","twitter_misc":{"Est. reading time":"1 minute"},"schema":{"@context":"https:\/\/schema.org","@graph":[{"@type":"WebPage","@id":"https:\/\/banneux-nd.be\/pl\/se-confesser\/","url":"https:\/\/banneux-nd.be\/pl\/se-confesser\/","name":"Se confesser - Banneux Notre-Dame","isPartOf":{"@id":"https:\/\/banneux-nd.be\/pl\/#website"},"primaryImageOfPage":{"@id":"https:\/\/banneux-nd.be\/pl\/se-confesser\/#primaryimage"},"image":{"@id":"https:\/\/banneux-nd.be\/pl\/se-confesser\/#primaryimage"},"thumbnailUrl":"https:\/\/banneux-nd.be\/wp-content\/uploads\/2018\/05\/Confession-300x255.jpg","datePublished":"2015-07-20T06:56:23+00:00","dateModified":"2018-05-17T09:40:03+00:00","breadcrumb":{"@id":"https:\/\/banneux-nd.be\/pl\/se-confesser\/#breadcrumb"},"inLanguage":"pl-PL","potentialAction":[{"@type":"ReadAction","target":["https:\/\/banneux-nd.be\/pl\/se-confesser\/"]}]},{"@type":"ImageObject","inLanguage":"pl-PL","@id":"https:\/\/banneux-nd.be\/pl\/se-confesser\/#primaryimage","url":"https:\/\/banneux-nd.be\/wp-content\/uploads\/2018\/05\/Confession-300x255.jpg","contentUrl":"https:\/\/banneux-nd.be\/wp-content\/uploads\/2018\/05\/Confession-300x255.jpg"},{"@type":"BreadcrumbList","@id":"https:\/\/banneux-nd.be\/pl\/se-confesser\/#breadcrumb","itemListElement":[{"@type":"ListItem","position":1,"name":"Accueil","item":"https:\/\/banneux-nd.be\/pl\/witamy-w-banneux\/"},{"@type":"ListItem","position":2,"name":"Se confesser"}]},{"@type":"WebSite","@id":"https:\/\/banneux-nd.be\/pl\/#website","url":"https:\/\/banneux-nd.be\/pl\/","name":"Banneux Notre-Dame","description":"Sanctuaire de la Vierge des Pauvres (Belgique)","potentialAction":[{"@type":"SearchAction","target":{"@type":"EntryPoint","urlTemplate":"https:\/\/banneux-nd.be\/pl\/?s={search_term_string}"},"query-input":{"@type":"PropertyValueSpecification","valueRequired":true,"valueName":"search_term_string"}}],"inLanguage":"pl-PL"}]}},"coauthors":[],"author_meta":{"author_link":"https:\/\/banneux-nd.be\/pl\/author\/adminfr\/","display_name":"adminFR"},"relative_dates":{"created":"Posted 11 years ago","modified":"Updated 8 years ago"},"absolute_dates":{"created":"Posted on 07\/20\/2015","modified":"Updated on 05\/17\/2018"},"absolute_dates_time":{"created":"Posted on 07\/20\/2015 8 h 56 min","modified":"Updated on 05\/17\/2018 11 h 40 min"},"featured_img_caption":"","featured_img":false,"series_order":"","jetpack_sharing_enabled":true,"_links":{"self":[{"href":"https:\/\/banneux-nd.be\/pl\/wp-json\/wp\/v2\/pages\/1376","targetHints":{"allow":["GET"]}}],"collection":[{"href":"https:\/\/banneux-nd.be\/pl\/wp-json\/wp\/v2\/pages"}],"about":[{"href":"https:\/\/banneux-nd.be\/pl\/wp-json\/wp\/v2\/types\/page"}],"author":[{"embeddable":true,"href":"https:\/\/banneux-nd.be\/pl\/wp-json\/wp\/v2\/users\/2"}],"replies":[{"embeddable":true,"href":"https:\/\/banneux-nd.be\/pl\/wp-json\/wp\/v2\/comments?post=1376"}],"version-history":[{"count":0,"href":"https:\/\/banneux-nd.be\/pl\/wp-json\/wp\/v2\/pages\/1376\/revisions"}],"wp:attachment":[{"href":"https:\/\/banneux-nd.be\/pl\/wp-json\/wp\/v2\/media?parent=1376"}],"curies":[{"name":"wp","href":"https:\/\/api.w.org\/{rel}","templated":true}]}}