{"id":1383,"date":"2015-07-20T08:56:23","date_gmt":"2015-07-20T06:56:23","guid":{"rendered":"http:\/\/wwwwp.banneux-nd.be\/benediction-des-malades\/"},"modified":"2018-04-09T11:00:45","modified_gmt":"2018-04-09T09:00:45","slug":"benediction-des-malades","status":"publish","type":"page","link":"https:\/\/banneux-nd.be\/pl\/benediction-des-malades\/","title":{"rendered":"B\u00e9n\u00e9diction des malades"},"content":{"rendered":"<p class=\"rtejustify\" style=\"text-align: justify;\"><img fetchpriority=\"high\" decoding=\"async\" class=\"alignleft\" style=\"padding: 5px; margin-right: 5px;\" src=\"https:\/\/banneux-nd.be\/wp-content\/uploads\/2017\/08\/Cardinal Danneels au Salut et \u00e0 la B\u00e9n\u00e9diction des malades2.jpg\" alt=\"\" width=\"279\" height=\"333\" align=\"left\" \/><\/p>\n<p style=\"text-align: justify;\">La Vierge Marie a voulu donner aux malades une place de choix \u00e0 Banneux. Il est donc normal que l\u2019hospitalit\u00e9 leur soit offerte et qu\u2019ils aient une place d\u2019honneur lors des c\u00e9l\u00e9brations.<\/p>\n<p style=\"text-align: justify;\">Un moment particuli\u00e8rement intense et unanimement appr\u00e9ci\u00e9 est la b\u00e9n\u00e9diction des malades qui est c\u00e9l\u00e9br\u00e9e tout au long de la saison des p\u00e8lerinages. Elle a lieu chaque jour (except\u00e9 le vendredi) \u00e0 15h et rassemble tous les p\u00e8lerins autour de nos fr\u00e8res et s\u0153urs malades.<\/p>\n<p style=\"text-align: justify;\">Les chants et les pri\u00e8res sont toujours en plusieurs langues. Le c\u00e9l\u00e9brant principal parcourt l\u2019assembl\u00e9e et b\u00e9nit les p\u00e8lerins avec le Saint-Sacrement. Une attention toute particuli\u00e8re est accord\u00e9e aux moins valides.<\/p>\n<p style=\"text-align: justify;\">En fonction de l\u2019affluence de p\u00e8lerins et des circonstances m\u00e9t\u00e9orologiques, la c\u00e9l\u00e9bration peut avoir lieu sur l\u2019Esplanade ou dans une chapelle.<\/p>\n<p style=\"text-align: justify;\"><strong>J\u00e9sus \u00e0 l\u2019\u0153uvre au milieu de nous<\/strong><\/p>\n<p style=\"text-align: justify;\"><em>On amenait \u00e0 J\u00e9sus tous ceux qui souffraient, en proie \u00e0 toutes sortes de maladies et de tourments\u2026<\/em> (Matthieu 4, 24).<img decoding=\"async\" class=\"alignright\" style=\"padding: 5px; margin-left: 5px;\" src=\"https:\/\/banneux-nd.be\/wp-content\/uploads\/2017\/08\/B\u00e9n\u00e9diction des Malades3.jpg\" alt=\"\" width=\"360\" height=\"242\" align=\"right\" \/><\/p>\n<p style=\"text-align: justify;\"><em>J\u00e9sus parcourait toutes les villes et les villages, il y enseignait dans leurs synagogues, proclamant la Bonne Nouvelle du Royaume et gu\u00e9rissant toute maladie et toute infirmit\u00e9\u2026<\/em> (Matthieu 9, 35).<\/p>\n<p style=\"text-align: justify;\"><em>Ayant r\u00e9uni les Douze, il leur donna puissance et autorit\u00e9 sur tous les d\u00e9mons et il leur donna de gu\u00e9rir les maladies. Il les envoya proclamer le R\u00e8gne de Dieu et faire des gu\u00e9risons<\/em> (Luc 9, 1-2).<\/p>\n","protected":false},"excerpt":{"rendered":"<p>La Vierge Marie a voulu donner aux malades une place de choix \u00e0 Banneux. Il est donc normal que l\u2019hospitalit\u00e9 leur soit offerte et qu\u2019ils aient une place d\u2019honneur lors des c\u00e9l\u00e9brations. Un moment particuli\u00e8rement intense et unanimement appr\u00e9ci\u00e9 est la b\u00e9n\u00e9diction des malades qui est c\u00e9l\u00e9br\u00e9e tout au long de la saison des p\u00e8lerinages. Elle a lieu chaque jour (except\u00e9 le vendredi) \u00e0 15h et rassemble tous les p\u00e8lerins autour de nos fr\u00e8res et s\u0153urs malades. Les chants et les pri\u00e8res sont toujours en plusieurs langues. Le c\u00e9l\u00e9brant principal parcourt l\u2019assembl\u00e9e et b\u00e9nit les p\u00e8lerins avec le Saint-Sacrement. Une attention toute particuli\u00e8re est accord\u00e9e aux moins valides. En fonction de l\u2019affluence de p\u00e8lerins et des circonstances m\u00e9t\u00e9orologiques, la c\u00e9l\u00e9bration [&hellip;]<\/p>\n","protected":false},"author":2,"featured_media":0,"parent":0,"menu_order":0,"comment_status":"closed","ping_status":"closed","template":"","meta":{"advgb_blocks_editor_width":"","advgb_blocks_columns_visual_guide":"","jetpack_post_was_ever_published":false,"footnotes":""},"class_list":["post-1383","page","type-page","status-publish","hentry"],"yoast_head":"<!-- This site is optimized with the Yoast SEO plugin v27.4 - https:\/\/yoast.com\/product\/yoast-seo-wordpress\/ -->\n<title>B\u00e9n\u00e9diction des malades - Banneux Notre-Dame<\/title>\n<meta name=\"robots\" content=\"index, follow, max-snippet:-1, max-image-preview:large, max-video-preview:-1\" \/>\n<link rel=\"canonical\" href=\"https:\/\/banneux-nd.be\/pl\/benediction-des-malades\/\" \/>\n<meta property=\"og:locale\" content=\"pl_PL\" \/>\n<meta property=\"og:type\" content=\"article\" \/>\n<meta property=\"og:title\" content=\"B\u00e9n\u00e9diction des malades - Banneux Notre-Dame\" \/>\n<meta property=\"og:description\" content=\"La Vierge Marie a voulu donner aux malades une place de choix \u00e0 Banneux. Il est donc normal que l\u2019hospitalit\u00e9 leur soit offerte et qu\u2019ils aient une place d\u2019honneur lors des c\u00e9l\u00e9brations. Un moment particuli\u00e8rement intense et unanimement appr\u00e9ci\u00e9 est la b\u00e9n\u00e9diction des malades qui est c\u00e9l\u00e9br\u00e9e tout au long de la saison des p\u00e8lerinages. Elle a lieu chaque jour (except\u00e9 le vendredi) \u00e0 15h et rassemble tous les p\u00e8lerins autour de nos fr\u00e8res et s\u0153urs malades. Les chants et les pri\u00e8res sont toujours en plusieurs langues. Le c\u00e9l\u00e9brant principal parcourt l\u2019assembl\u00e9e et b\u00e9nit les p\u00e8lerins avec le Saint-Sacrement. Une attention toute particuli\u00e8re est accord\u00e9e aux moins valides. En fonction de l\u2019affluence de p\u00e8lerins et des circonstances m\u00e9t\u00e9orologiques, la c\u00e9l\u00e9bration [&hellip;]\" \/>\n<meta property=\"og:url\" content=\"https:\/\/banneux-nd.be\/pl\/benediction-des-malades\/\" \/>\n<meta property=\"og:site_name\" content=\"Banneux Notre-Dame\" \/>\n<meta property=\"article:publisher\" content=\"https:\/\/www.facebook.com\/NDBanneux\/\" \/>\n<meta property=\"article:modified_time\" content=\"2018-04-09T09:00:45+00:00\" \/>\n<meta property=\"og:image\" content=\"https:\/\/banneux-nd.be\/wp-content\/uploads\/2017\/08\/Cardinal%20Danneels%20au%20Salut%20et%20\u00e0%20la%20B\u00e9n\u00e9diction%20des%20malades2.jpg\" \/>\n<meta name=\"twitter:card\" content=\"summary_large_image\" \/>\n<meta name=\"twitter:label1\" content=\"Est. reading time\" \/>\n\t<meta name=\"twitter:data1\" content=\"1 minute\" \/>\n<script type=\"application\/ld+json\" class=\"yoast-schema-graph\">{\"@context\":\"https:\\\/\\\/schema.org\",\"@graph\":[{\"@type\":\"WebPage\",\"@id\":\"https:\\\/\\\/banneux-nd.be\\\/pl\\\/benediction-des-malades\\\/\",\"url\":\"https:\\\/\\\/banneux-nd.be\\\/pl\\\/benediction-des-malades\\\/\",\"name\":\"B\u00e9n\u00e9diction des malades - Banneux Notre-Dame\",\"isPartOf\":{\"@id\":\"https:\\\/\\\/banneux-nd.be\\\/pl\\\/#website\"},\"datePublished\":\"2015-07-20T06:56:23+00:00\",\"dateModified\":\"2018-04-09T09:00:45+00:00\",\"breadcrumb\":{\"@id\":\"https:\\\/\\\/banneux-nd.be\\\/pl\\\/benediction-des-malades\\\/#breadcrumb\"},\"inLanguage\":\"pl-PL\",\"potentialAction\":[{\"@type\":\"ReadAction\",\"target\":[\"https:\\\/\\\/banneux-nd.be\\\/pl\\\/benediction-des-malades\\\/\"]}]},{\"@type\":\"BreadcrumbList\",\"@id\":\"https:\\\/\\\/banneux-nd.be\\\/pl\\\/benediction-des-malades\\\/#breadcrumb\",\"itemListElement\":[{\"@type\":\"ListItem\",\"position\":1,\"name\":\"Accueil\",\"item\":\"https:\\\/\\\/banneux-nd.be\\\/pl\\\/witamy-w-banneux\\\/\"},{\"@type\":\"ListItem\",\"position\":2,\"name\":\"B\u00e9n\u00e9diction des malades\"}]},{\"@type\":\"WebSite\",\"@id\":\"https:\\\/\\\/banneux-nd.be\\\/pl\\\/#website\",\"url\":\"https:\\\/\\\/banneux-nd.be\\\/pl\\\/\",\"name\":\"Banneux Notre-Dame\",\"description\":\"Sanctuaire de la Vierge des Pauvres (Belgique)\",\"potentialAction\":[{\"@type\":\"SearchAction\",\"target\":{\"@type\":\"EntryPoint\",\"urlTemplate\":\"https:\\\/\\\/banneux-nd.be\\\/pl\\\/?s={search_term_string}\"},\"query-input\":{\"@type\":\"PropertyValueSpecification\",\"valueRequired\":true,\"valueName\":\"search_term_string\"}}],\"inLanguage\":\"pl-PL\"}]}<\/script>\n<!-- \/ Yoast SEO plugin. -->","yoast_head_json":{"title":"B\u00e9n\u00e9diction des malades - Banneux Notre-Dame","robots":{"index":"index","follow":"follow","max-snippet":"max-snippet:-1","max-image-preview":"max-image-preview:large","max-video-preview":"max-video-preview:-1"},"canonical":"https:\/\/banneux-nd.be\/pl\/benediction-des-malades\/","og_locale":"pl_PL","og_type":"article","og_title":"B\u00e9n\u00e9diction des malades - Banneux Notre-Dame","og_description":"La Vierge Marie a voulu donner aux malades une place de choix \u00e0 Banneux. Il est donc normal que l\u2019hospitalit\u00e9 leur soit offerte et qu\u2019ils aient une place d\u2019honneur lors des c\u00e9l\u00e9brations. Un moment particuli\u00e8rement intense et unanimement appr\u00e9ci\u00e9 est la b\u00e9n\u00e9diction des malades qui est c\u00e9l\u00e9br\u00e9e tout au long de la saison des p\u00e8lerinages. Elle a lieu chaque jour (except\u00e9 le vendredi) \u00e0 15h et rassemble tous les p\u00e8lerins autour de nos fr\u00e8res et s\u0153urs malades. Les chants et les pri\u00e8res sont toujours en plusieurs langues. Le c\u00e9l\u00e9brant principal parcourt l\u2019assembl\u00e9e et b\u00e9nit les p\u00e8lerins avec le Saint-Sacrement. Une attention toute particuli\u00e8re est accord\u00e9e aux moins valides. En fonction de l\u2019affluence de p\u00e8lerins et des circonstances m\u00e9t\u00e9orologiques, la c\u00e9l\u00e9bration [&hellip;]","og_url":"https:\/\/banneux-nd.be\/pl\/benediction-des-malades\/","og_site_name":"Banneux Notre-Dame","article_publisher":"https:\/\/www.facebook.com\/NDBanneux\/","article_modified_time":"2018-04-09T09:00:45+00:00","og_image":[{"url":"https:\/\/banneux-nd.be\/wp-content\/uploads\/2017\/08\/Cardinal Danneels au Salut et \u00e0 la B\u00e9n\u00e9diction des malades2.jpg","type":"","width":"","height":""}],"twitter_card":"summary_large_image","twitter_misc":{"Est. reading time":"1 minute"},"schema":{"@context":"https:\/\/schema.org","@graph":[{"@type":"WebPage","@id":"https:\/\/banneux-nd.be\/pl\/benediction-des-malades\/","url":"https:\/\/banneux-nd.be\/pl\/benediction-des-malades\/","name":"B\u00e9n\u00e9diction des malades - Banneux Notre-Dame","isPartOf":{"@id":"https:\/\/banneux-nd.be\/pl\/#website"},"datePublished":"2015-07-20T06:56:23+00:00","dateModified":"2018-04-09T09:00:45+00:00","breadcrumb":{"@id":"https:\/\/banneux-nd.be\/pl\/benediction-des-malades\/#breadcrumb"},"inLanguage":"pl-PL","potentialAction":[{"@type":"ReadAction","target":["https:\/\/banneux-nd.be\/pl\/benediction-des-malades\/"]}]},{"@type":"BreadcrumbList","@id":"https:\/\/banneux-nd.be\/pl\/benediction-des-malades\/#breadcrumb","itemListElement":[{"@type":"ListItem","position":1,"name":"Accueil","item":"https:\/\/banneux-nd.be\/pl\/witamy-w-banneux\/"},{"@type":"ListItem","position":2,"name":"B\u00e9n\u00e9diction des malades"}]},{"@type":"WebSite","@id":"https:\/\/banneux-nd.be\/pl\/#website","url":"https:\/\/banneux-nd.be\/pl\/","name":"Banneux Notre-Dame","description":"Sanctuaire de la Vierge des Pauvres (Belgique)","potentialAction":[{"@type":"SearchAction","target":{"@type":"EntryPoint","urlTemplate":"https:\/\/banneux-nd.be\/pl\/?s={search_term_string}"},"query-input":{"@type":"PropertyValueSpecification","valueRequired":true,"valueName":"search_term_string"}}],"inLanguage":"pl-PL"}]}},"coauthors":[],"author_meta":{"author_link":"https:\/\/banneux-nd.be\/pl\/author\/adminfr\/","display_name":"adminFR"},"relative_dates":{"created":"Posted 11 years ago","modified":"Updated 8 years ago"},"absolute_dates":{"created":"Posted on 07\/20\/2015","modified":"Updated on 04\/09\/2018"},"absolute_dates_time":{"created":"Posted on 07\/20\/2015 8 h 56 min","modified":"Updated on 04\/09\/2018 11 h 00 min"},"featured_img_caption":"","featured_img":false,"series_order":"","jetpack_sharing_enabled":true,"_links":{"self":[{"href":"https:\/\/banneux-nd.be\/pl\/wp-json\/wp\/v2\/pages\/1383","targetHints":{"allow":["GET"]}}],"collection":[{"href":"https:\/\/banneux-nd.be\/pl\/wp-json\/wp\/v2\/pages"}],"about":[{"href":"https:\/\/banneux-nd.be\/pl\/wp-json\/wp\/v2\/types\/page"}],"author":[{"embeddable":true,"href":"https:\/\/banneux-nd.be\/pl\/wp-json\/wp\/v2\/users\/2"}],"replies":[{"embeddable":true,"href":"https:\/\/banneux-nd.be\/pl\/wp-json\/wp\/v2\/comments?post=1383"}],"version-history":[{"count":0,"href":"https:\/\/banneux-nd.be\/pl\/wp-json\/wp\/v2\/pages\/1383\/revisions"}],"wp:attachment":[{"href":"https:\/\/banneux-nd.be\/pl\/wp-json\/wp\/v2\/media?parent=1383"}],"curies":[{"name":"wp","href":"https:\/\/api.w.org\/{rel}","templated":true}]}}