{"id":1399,"date":"2015-07-20T08:56:23","date_gmt":"2015-07-20T06:56:23","guid":{"rendered":"http:\/\/wwwwp.banneux-nd.be\/esplanade\/"},"modified":"2018-05-17T11:01:08","modified_gmt":"2018-05-17T09:01:08","slug":"esplanade","status":"publish","type":"page","link":"https:\/\/banneux-nd.be\/pl\/esplanade\/","title":{"rendered":"L&#8217;esplanade"},"content":{"rendered":"<p><img decoding=\"async\" class=\"alignleft size-thumbnail wp-image-6221 lazyload\" data-src=\"https:\/\/banneux-nd.be\/wp-content\/uploads\/Page_Accueil\/Foule-Esplanade-entete.jpg\" alt=\"\" width=\"100%\" data-srcset=\"https:\/\/banneux-nd.be\/wp-content\/uploads\/Page_Accueil\/Foule-Esplanade-entete.jpg 1200w, https:\/\/banneux-nd.be\/wp-content\/uploads\/Page_Accueil\/Foule-Esplanade-entete-300x88.jpg 300w, https:\/\/banneux-nd.be\/wp-content\/uploads\/Page_Accueil\/Foule-Esplanade-entete-768x224.jpg 768w, https:\/\/banneux-nd.be\/wp-content\/uploads\/Page_Accueil\/Foule-Esplanade-entete-1024x299.jpg 1024w\" data-sizes=\"(max-width: 1200px) 100vw, 1200px\" src=\"data:image\/svg+xml;base64,PHN2ZyB3aWR0aD0iMSIgaGVpZ2h0PSIxIiB4bWxucz0iaHR0cDovL3d3dy53My5vcmcvMjAwMC9zdmciPjwvc3ZnPg==\" style=\"--smush-placeholder-width: 1200px; --smush-placeholder-aspect-ratio: 1200\/350;\" \/><\/p>\n<p>&nbsp;<\/p>\n<p style=\"text-align: justify;\">Depuis le 25<sup>\u00e8me<\/sup> anniversaire des apparitions (1958), le sanctuaire de la Vierge des Pauvres dispose d\u2019une grande esplanade, flanqu\u00e9e de deux chapelles, la <em>chapelle du Message<\/em> et la <em>chapelle Saint-Fran\u00e7ois<\/em>. \u00c0 juste titre, certains l\u2019appellent la <em>cath\u00e9drale verte \u00e0 ciel ouvert<\/em>.<\/p>\n<p style=\"text-align: justify;\">Tant que la messe \u00e9tait uniquement c\u00e9l\u00e9br\u00e9e en latin, l\u2019esplanade accueillait les p\u00e8lerins de toutes langues pour la c\u00e9l\u00e9bration eucharistique. Les fid\u00e8les se tenaient \u00e0 l\u2019ext\u00e9rieur quand le temps le permettait\u00a0; ils se r\u00e9fugiaient dans une des deux chapelles par temps de pluie. Le c\u00e9l\u00e9brant, lui, se tenait dos au peuple au ma\u00eetre-autel.<\/p>\n<p style=\"text-align: justify;\">Actuellement, seule la b\u00e9n\u00e9diction des malades se fait en plein air&#8230; quand la m\u00e9t\u00e9o est favorable. Une c\u00e9l\u00e9bration tr\u00e8s appr\u00e9ci\u00e9e par les malades et les p\u00e8lerins de toutes les nations.<\/p>\n","protected":false},"excerpt":{"rendered":"<p>&nbsp; Depuis le 25\u00e8me anniversaire des apparitions (1958), le sanctuaire de la Vierge des Pauvres dispose d\u2019une grande esplanade, flanqu\u00e9e de deux chapelles, la chapelle du Message et la chapelle Saint-Fran\u00e7ois. \u00c0 juste titre, certains l\u2019appellent la cath\u00e9drale verte \u00e0 ciel ouvert. Tant que la messe \u00e9tait uniquement c\u00e9l\u00e9br\u00e9e en latin, l\u2019esplanade accueillait les p\u00e8lerins de toutes langues pour la c\u00e9l\u00e9bration eucharistique. Les fid\u00e8les se tenaient \u00e0 l\u2019ext\u00e9rieur quand le temps le permettait\u00a0; ils se r\u00e9fugiaient dans une des deux chapelles par temps de pluie. Le c\u00e9l\u00e9brant, lui, se tenait dos au peuple au ma\u00eetre-autel. Actuellement, seule la b\u00e9n\u00e9diction des malades se fait en plein air&#8230; quand la m\u00e9t\u00e9o est favorable. Une c\u00e9l\u00e9bration tr\u00e8s appr\u00e9ci\u00e9e par les malades et les [&hellip;]<\/p>\n","protected":false},"author":2,"featured_media":0,"parent":0,"menu_order":0,"comment_status":"closed","ping_status":"closed","template":"","meta":{"advgb_blocks_editor_width":"","advgb_blocks_columns_visual_guide":"","jetpack_post_was_ever_published":false,"footnotes":""},"class_list":["post-1399","page","type-page","status-publish","hentry"],"yoast_head":"<!-- This site is optimized with the Yoast SEO plugin v27.4 - https:\/\/yoast.com\/product\/yoast-seo-wordpress\/ -->\n<title>L&#039;esplanade - Banneux Notre-Dame<\/title>\n<meta name=\"robots\" content=\"index, follow, max-snippet:-1, max-image-preview:large, max-video-preview:-1\" \/>\n<link rel=\"canonical\" href=\"https:\/\/banneux-nd.be\/pl\/esplanade\/\" \/>\n<meta property=\"og:locale\" content=\"pl_PL\" \/>\n<meta property=\"og:type\" content=\"article\" \/>\n<meta property=\"og:title\" content=\"L&#039;esplanade - Banneux Notre-Dame\" \/>\n<meta property=\"og:description\" content=\"&nbsp; Depuis le 25\u00e8me anniversaire des apparitions (1958), le sanctuaire de la Vierge des Pauvres dispose d\u2019une grande esplanade, flanqu\u00e9e de deux chapelles, la chapelle du Message et la chapelle Saint-Fran\u00e7ois. \u00c0 juste titre, certains l\u2019appellent la cath\u00e9drale verte \u00e0 ciel ouvert. Tant que la messe \u00e9tait uniquement c\u00e9l\u00e9br\u00e9e en latin, l\u2019esplanade accueillait les p\u00e8lerins de toutes langues pour la c\u00e9l\u00e9bration eucharistique. Les fid\u00e8les se tenaient \u00e0 l\u2019ext\u00e9rieur quand le temps le permettait\u00a0; ils se r\u00e9fugiaient dans une des deux chapelles par temps de pluie. Le c\u00e9l\u00e9brant, lui, se tenait dos au peuple au ma\u00eetre-autel. Actuellement, seule la b\u00e9n\u00e9diction des malades se fait en plein air&#8230; quand la m\u00e9t\u00e9o est favorable. Une c\u00e9l\u00e9bration tr\u00e8s appr\u00e9ci\u00e9e par les malades et les [&hellip;]\" \/>\n<meta property=\"og:url\" content=\"https:\/\/banneux-nd.be\/pl\/esplanade\/\" \/>\n<meta property=\"og:site_name\" content=\"Banneux Notre-Dame\" \/>\n<meta property=\"article:publisher\" content=\"https:\/\/www.facebook.com\/NDBanneux\/\" \/>\n<meta property=\"article:modified_time\" content=\"2018-05-17T09:01:08+00:00\" \/>\n<meta property=\"og:image\" content=\"https:\/\/banneux-nd.be\/wp-content\/uploads\/Page_Accueil\/Foule-Esplanade-entete.jpg\" \/>\n<meta name=\"twitter:card\" content=\"summary_large_image\" \/>\n<meta name=\"twitter:label1\" content=\"Est. reading time\" \/>\n\t<meta name=\"twitter:data1\" content=\"1 minute\" \/>\n<script type=\"application\/ld+json\" class=\"yoast-schema-graph\">{\"@context\":\"https:\\\/\\\/schema.org\",\"@graph\":[{\"@type\":\"WebPage\",\"@id\":\"https:\\\/\\\/banneux-nd.be\\\/pl\\\/esplanade\\\/\",\"url\":\"https:\\\/\\\/banneux-nd.be\\\/pl\\\/esplanade\\\/\",\"name\":\"L'esplanade - Banneux Notre-Dame\",\"isPartOf\":{\"@id\":\"https:\\\/\\\/banneux-nd.be\\\/pl\\\/#website\"},\"primaryImageOfPage\":{\"@id\":\"https:\\\/\\\/banneux-nd.be\\\/pl\\\/esplanade\\\/#primaryimage\"},\"image\":{\"@id\":\"https:\\\/\\\/banneux-nd.be\\\/pl\\\/esplanade\\\/#primaryimage\"},\"thumbnailUrl\":\"https:\\\/\\\/banneux-nd.be\\\/wp-content\\\/uploads\\\/Page_Accueil\\\/Foule-Esplanade-entete.jpg\",\"datePublished\":\"2015-07-20T06:56:23+00:00\",\"dateModified\":\"2018-05-17T09:01:08+00:00\",\"breadcrumb\":{\"@id\":\"https:\\\/\\\/banneux-nd.be\\\/pl\\\/esplanade\\\/#breadcrumb\"},\"inLanguage\":\"pl-PL\",\"potentialAction\":[{\"@type\":\"ReadAction\",\"target\":[\"https:\\\/\\\/banneux-nd.be\\\/pl\\\/esplanade\\\/\"]}]},{\"@type\":\"ImageObject\",\"inLanguage\":\"pl-PL\",\"@id\":\"https:\\\/\\\/banneux-nd.be\\\/pl\\\/esplanade\\\/#primaryimage\",\"url\":\"https:\\\/\\\/banneux-nd.be\\\/wp-content\\\/uploads\\\/Page_Accueil\\\/Foule-Esplanade-entete.jpg\",\"contentUrl\":\"https:\\\/\\\/banneux-nd.be\\\/wp-content\\\/uploads\\\/Page_Accueil\\\/Foule-Esplanade-entete.jpg\"},{\"@type\":\"BreadcrumbList\",\"@id\":\"https:\\\/\\\/banneux-nd.be\\\/pl\\\/esplanade\\\/#breadcrumb\",\"itemListElement\":[{\"@type\":\"ListItem\",\"position\":1,\"name\":\"Accueil\",\"item\":\"https:\\\/\\\/banneux-nd.be\\\/pl\\\/witamy-w-banneux\\\/\"},{\"@type\":\"ListItem\",\"position\":2,\"name\":\"L&rsquo;esplanade\"}]},{\"@type\":\"WebSite\",\"@id\":\"https:\\\/\\\/banneux-nd.be\\\/pl\\\/#website\",\"url\":\"https:\\\/\\\/banneux-nd.be\\\/pl\\\/\",\"name\":\"Banneux Notre-Dame\",\"description\":\"Sanctuaire de la Vierge des Pauvres (Belgique)\",\"potentialAction\":[{\"@type\":\"SearchAction\",\"target\":{\"@type\":\"EntryPoint\",\"urlTemplate\":\"https:\\\/\\\/banneux-nd.be\\\/pl\\\/?s={search_term_string}\"},\"query-input\":{\"@type\":\"PropertyValueSpecification\",\"valueRequired\":true,\"valueName\":\"search_term_string\"}}],\"inLanguage\":\"pl-PL\"}]}<\/script>\n<!-- \/ Yoast SEO plugin. -->","yoast_head_json":{"title":"L'esplanade - Banneux Notre-Dame","robots":{"index":"index","follow":"follow","max-snippet":"max-snippet:-1","max-image-preview":"max-image-preview:large","max-video-preview":"max-video-preview:-1"},"canonical":"https:\/\/banneux-nd.be\/pl\/esplanade\/","og_locale":"pl_PL","og_type":"article","og_title":"L'esplanade - Banneux Notre-Dame","og_description":"&nbsp; Depuis le 25\u00e8me anniversaire des apparitions (1958), le sanctuaire de la Vierge des Pauvres dispose d\u2019une grande esplanade, flanqu\u00e9e de deux chapelles, la chapelle du Message et la chapelle Saint-Fran\u00e7ois. \u00c0 juste titre, certains l\u2019appellent la cath\u00e9drale verte \u00e0 ciel ouvert. Tant que la messe \u00e9tait uniquement c\u00e9l\u00e9br\u00e9e en latin, l\u2019esplanade accueillait les p\u00e8lerins de toutes langues pour la c\u00e9l\u00e9bration eucharistique. Les fid\u00e8les se tenaient \u00e0 l\u2019ext\u00e9rieur quand le temps le permettait\u00a0; ils se r\u00e9fugiaient dans une des deux chapelles par temps de pluie. Le c\u00e9l\u00e9brant, lui, se tenait dos au peuple au ma\u00eetre-autel. Actuellement, seule la b\u00e9n\u00e9diction des malades se fait en plein air&#8230; quand la m\u00e9t\u00e9o est favorable. Une c\u00e9l\u00e9bration tr\u00e8s appr\u00e9ci\u00e9e par les malades et les [&hellip;]","og_url":"https:\/\/banneux-nd.be\/pl\/esplanade\/","og_site_name":"Banneux Notre-Dame","article_publisher":"https:\/\/www.facebook.com\/NDBanneux\/","article_modified_time":"2018-05-17T09:01:08+00:00","og_image":[{"url":"https:\/\/banneux-nd.be\/wp-content\/uploads\/Page_Accueil\/Foule-Esplanade-entete.jpg","type":"","width":"","height":""}],"twitter_card":"summary_large_image","twitter_misc":{"Est. reading time":"1 minute"},"schema":{"@context":"https:\/\/schema.org","@graph":[{"@type":"WebPage","@id":"https:\/\/banneux-nd.be\/pl\/esplanade\/","url":"https:\/\/banneux-nd.be\/pl\/esplanade\/","name":"L'esplanade - Banneux Notre-Dame","isPartOf":{"@id":"https:\/\/banneux-nd.be\/pl\/#website"},"primaryImageOfPage":{"@id":"https:\/\/banneux-nd.be\/pl\/esplanade\/#primaryimage"},"image":{"@id":"https:\/\/banneux-nd.be\/pl\/esplanade\/#primaryimage"},"thumbnailUrl":"https:\/\/banneux-nd.be\/wp-content\/uploads\/Page_Accueil\/Foule-Esplanade-entete.jpg","datePublished":"2015-07-20T06:56:23+00:00","dateModified":"2018-05-17T09:01:08+00:00","breadcrumb":{"@id":"https:\/\/banneux-nd.be\/pl\/esplanade\/#breadcrumb"},"inLanguage":"pl-PL","potentialAction":[{"@type":"ReadAction","target":["https:\/\/banneux-nd.be\/pl\/esplanade\/"]}]},{"@type":"ImageObject","inLanguage":"pl-PL","@id":"https:\/\/banneux-nd.be\/pl\/esplanade\/#primaryimage","url":"https:\/\/banneux-nd.be\/wp-content\/uploads\/Page_Accueil\/Foule-Esplanade-entete.jpg","contentUrl":"https:\/\/banneux-nd.be\/wp-content\/uploads\/Page_Accueil\/Foule-Esplanade-entete.jpg"},{"@type":"BreadcrumbList","@id":"https:\/\/banneux-nd.be\/pl\/esplanade\/#breadcrumb","itemListElement":[{"@type":"ListItem","position":1,"name":"Accueil","item":"https:\/\/banneux-nd.be\/pl\/witamy-w-banneux\/"},{"@type":"ListItem","position":2,"name":"L&rsquo;esplanade"}]},{"@type":"WebSite","@id":"https:\/\/banneux-nd.be\/pl\/#website","url":"https:\/\/banneux-nd.be\/pl\/","name":"Banneux Notre-Dame","description":"Sanctuaire de la Vierge des Pauvres (Belgique)","potentialAction":[{"@type":"SearchAction","target":{"@type":"EntryPoint","urlTemplate":"https:\/\/banneux-nd.be\/pl\/?s={search_term_string}"},"query-input":{"@type":"PropertyValueSpecification","valueRequired":true,"valueName":"search_term_string"}}],"inLanguage":"pl-PL"}]}},"coauthors":[],"author_meta":{"author_link":"https:\/\/banneux-nd.be\/pl\/author\/adminfr\/","display_name":"adminFR"},"relative_dates":{"created":"Posted 11 years ago","modified":"Updated 8 years ago"},"absolute_dates":{"created":"Posted on 07\/20\/2015","modified":"Updated on 05\/17\/2018"},"absolute_dates_time":{"created":"Posted on 07\/20\/2015 8 h 56 min","modified":"Updated on 05\/17\/2018 11 h 01 min"},"featured_img_caption":"","featured_img":false,"series_order":"","jetpack_sharing_enabled":true,"_links":{"self":[{"href":"https:\/\/banneux-nd.be\/pl\/wp-json\/wp\/v2\/pages\/1399","targetHints":{"allow":["GET"]}}],"collection":[{"href":"https:\/\/banneux-nd.be\/pl\/wp-json\/wp\/v2\/pages"}],"about":[{"href":"https:\/\/banneux-nd.be\/pl\/wp-json\/wp\/v2\/types\/page"}],"author":[{"embeddable":true,"href":"https:\/\/banneux-nd.be\/pl\/wp-json\/wp\/v2\/users\/2"}],"replies":[{"embeddable":true,"href":"https:\/\/banneux-nd.be\/pl\/wp-json\/wp\/v2\/comments?post=1399"}],"version-history":[{"count":0,"href":"https:\/\/banneux-nd.be\/pl\/wp-json\/wp\/v2\/pages\/1399\/revisions"}],"wp:attachment":[{"href":"https:\/\/banneux-nd.be\/pl\/wp-json\/wp\/v2\/media?parent=1399"}],"curies":[{"name":"wp","href":"https:\/\/api.w.org\/{rel}","templated":true}]}}