{"id":1410,"date":"2015-07-20T08:58:06","date_gmt":"2015-07-20T06:58:06","guid":{"rendered":"http:\/\/wwwwp.banneux-nd.be\/reconnaissance\/"},"modified":"2024-09-23T17:33:38","modified_gmt":"2024-09-23T15:33:38","slug":"reconnaissance-des-apparitions","status":"publish","type":"page","link":"https:\/\/banneux-nd.be\/pl\/reconnaissance-des-apparitions\/","title":{"rendered":"Reconnaissance des apparitions"},"content":{"rendered":"<p class=\"rtejustify\" style=\"text-align: justify;\"><strong>M<\/strong><img decoding=\"async\" style=\"padding: 5px; margin-right: 5px;\" src=\"https:\/\/banneux-nd.be\/wp-content\/uploads\/2017\/08\/Mgr Kerkhofs.jpg\" alt=\"\" align=\"left\" \/><strong>gr Louis-Joseph KERKHOFS<\/strong><br \/>\nLe 13 juillet 1934, Mgr Kerkhofs eut les paroles suivantes : <em>Prions la Vierge ensemble pour qu\u2019elle nous assiste et nous \u00e9claire, et qu\u2019elle h\u00e2te la solution qui r\u00e9ponde \u00e0 ses d\u00e9sirs, et \u2013 pourquoi le taire ! \u2013 aux n\u00f4tres.<\/em><\/p>\n<p class=\"rtejustify\" style=\"text-align: justify;\">Et quelques ann\u00e9es plus tard, dans sa lettre pastorale du 22 ao\u00fbt 1949, il d\u00e9clara : <em>Nous voulons montrer que nous croyons vraiment que la Sainte Vierge est apparue et a parl\u00e9 \u00e0 Banneux. Cette conviction entra\u00eene pour nous des obligations. A deux reprises, en 1942 d\u2019abord, puis en 1947, nous avons officiellement reconnu, avec quelques r\u00e9serves, la r\u00e9alit\u00e9 des apparitions de Banneux. Aujourd\u2019hui, apr\u00e8s deux nouvelles ann\u00e9es de pri\u00e8re et d\u2019observations, nous croyons en conscience pouvoir et devoir reconna\u00eetre sans r\u00e9serve cette r\u00e9alit\u00e9, \u00e0 savoir, la r\u00e9alit\u00e9 des huit apparitions de la Sainte Vierge \u00e0 Mariette Beco, qui eurent lieu les 15, 18, 19 et 20 janvier, les 11, 15 et 20 f\u00e9vrier et le 2 mars 1933<\/em>.<\/p>\n<hr \/>\n<p class=\"rtejustify\" style=\"text-align: justify;\"><img fetchpriority=\"high\" decoding=\"async\" style=\"padding: 5px; margin-left: 5px;\" src=\"https:\/\/banneux-nd.be\/wp-content\/uploads\/2017\/08\/Mgr Vanzuylen.gif\" alt=\"\" width=\"191\" height=\"277\" align=\"right\" \/><\/p>\n<p class=\"rtejustify\" style=\"text-align: justify;\"><strong>Mgr Guillaume-Marie VAN ZUYLEN<\/strong><br \/>\nMgr van Zuylen s&#8217;inscrivit dans la m\u00eame d\u00e9marche que son pr\u00e9d\u00e9cesseur (revue <em>La Vierge des Pauvres<\/em> de mars-avril 1973) : <em>Le Message de Banneux qui, en 1933, fut accueilli avec une foi prudente, mais toute simple et tr\u00e8s humble et avec une grande joie, par mon v\u00e9n\u00e9r\u00e9 pr\u00e9d\u00e9cesseur, Mgr Kerkhofs, n\u2019a rien perdu de son actualit\u00e9, au contraire\u2026 En tant que successeur de Mgr Kerkhofs, comme \u00e9v\u00eaque de Li\u00e8ge, je tiens \u00e0 dire que je partage pleinement les prises de position de mon pr\u00e9d\u00e9cesseur.<\/em><\/p>\n<p class=\"rtejustify\" style=\"text-align: justify;\">En outre, il affirma (revue <em>La Vierge des Pauvres<\/em> de mai-juin 1973) : <em>Il est bon de nous rappeler, en ce moment, le Message de Banneux. Il tient en peu de mots, quelques phrases qui vous sont famili\u00e8res, mais il est tellement \u00e9vang\u00e9lique, que l\u2019on peut dire, sans exag\u00e9rer, qu\u2019il a part \u00e0 la richesse in\u00e9puisable de la Bonne nouvelle, pr\u00each\u00e9e par J\u00e9sus. On n\u2019a jamais fini de scruter, de m\u00e9diter ce message. Il faut le faire, pour en assimiler la substance, afin d\u2019en vivre.<\/em><\/p>\n<hr \/>\n<p class=\"rtejustify\" style=\"text-align: justify;\"><strong><img decoding=\"async\" class=\"alignleft size-medium wp-image-8018 lazyload\" data-src=\"https:\/\/banneux-nd.be\/wp-content\/uploads\/2018\/05\/Mgr-Albert-Houssiau-234x300.jpg\" alt=\"\" width=\"234\" height=\"300\" data-srcset=\"https:\/\/banneux-nd.be\/wp-content\/uploads\/2018\/05\/Mgr-Albert-Houssiau-234x300.jpg 234w, https:\/\/banneux-nd.be\/wp-content\/uploads\/2018\/05\/Mgr-Albert-Houssiau.jpg 480w\" data-sizes=\"(max-width: 234px) 100vw, 234px\" src=\"data:image\/svg+xml;base64,PHN2ZyB3aWR0aD0iMSIgaGVpZ2h0PSIxIiB4bWxucz0iaHR0cDovL3d3dy53My5vcmcvMjAwMC9zdmciPjwvc3ZnPg==\" style=\"--smush-placeholder-width: 234px; --smush-placeholder-aspect-ratio: 234\/300;\" \/>Mgr Albert HOUSSIAU<\/strong><br \/>\nMgr Houssiau n&#8217;h\u00e9sita pas \u00e0 confirmer les paroles de ses pr\u00e9d\u00e9cesseurs (revue <em>La Vierge des Pauvres<\/em> de janvier-f\u00e9vrier 1993) : <em>Ce message garde toute sa pertinence. Comme mes pr\u00e9d\u00e9cesseurs, je reconnais la r\u00e9alit\u00e9 des apparitions, la puret\u00e9 \u00e9vang\u00e9lique du message et la sant\u00e9 spirituelle de l\u2019action pastorale de Banneux. Je mets toute l\u2019\u0153uvre apostolique et caritative du dioc\u00e8se sous la maternelle protection de la Vierge des Pauvres.<\/em><\/p>\n<p class=\"rtejustify\" style=\"text-align: justify;\">Il compl\u00e9ta \u00e9galement ses premi\u00e8res d\u00e9clarations (revue <em>La Vierge des Pauvres<\/em> de juillet-ao\u00fbt 1999) : <em>Reconna\u00eetre la gr\u00e2ce qui nous a \u00e9t\u00e9 donn\u00e9e en ce lieu, c\u2019est aussi \u0153uvrer \u00e0 son actualisation pour nous-m\u00eames et pour les hommes et femmes d\u2019aujourd\u2019hui, en particulier pour les g\u00e9n\u00e9rations qui montent. La Vierge des Pauvres nous a fait confiance. Elle nous associe \u00e0 son \u0153uvre. Nous nous y engageons donc avec g\u00e9n\u00e9rosit\u00e9 et fid\u00e9lit\u00e9, en r\u00e9pondant \u00e0 son invitation : <\/em>Croyez en moi, je croirai en vous<em>, comme l\u2019ont fait Mgr Kerkhofs (8 d\u00e9cembre 1948), Mgr van Zuylen et leurs collaborateurs.<\/em><\/p>\n<hr \/>\n<p class=\"rtejustify\" style=\"text-align: justify;\"><strong>Mgr Aloys JOUSTEN<\/strong><\/p>\n<p class=\"rtejustify\" style=\"text-align: justify;\">\u00c0 l&#8217;occasion du 75<sup>\u00e8me<\/sup> anniversaire des Apparitions, l&#8217;\u00e9v\u00eaque de Li\u00e8ge affirma \u00e0 nouveau la r\u00e9alit\u00e9 du Message de <img decoding=\"async\" class=\"size-medium wp-image-8023 alignright lazyload\" data-src=\"https:\/\/banneux-nd.be\/wp-content\/uploads\/2018\/05\/Mgr-Aloys-Jousten-275x300.jpg\" alt=\"\" width=\"275\" height=\"300\" data-srcset=\"https:\/\/banneux-nd.be\/wp-content\/uploads\/2018\/05\/Mgr-Aloys-Jousten-275x300.jpg 275w, https:\/\/banneux-nd.be\/wp-content\/uploads\/2018\/05\/Mgr-Aloys-Jousten.jpg 490w\" data-sizes=\"(max-width: 275px) 100vw, 275px\" src=\"data:image\/svg+xml;base64,PHN2ZyB3aWR0aD0iMSIgaGVpZ2h0PSIxIiB4bWxucz0iaHR0cDovL3d3dy53My5vcmcvMjAwMC9zdmciPjwvc3ZnPg==\" style=\"--smush-placeholder-width: 275px; --smush-placeholder-aspect-ratio: 275\/300;\" \/>Banneux (revue <em>La Vierge des Pauvres<\/em> de janvier-f\u00e9vrier-mars 2008) : <em>En 1949, Mgr Louis-Joseph Kerkhofs, \u00e9v\u00eaque de Li\u00e8ge, a reconnu d\u00e9finitivement la r\u00e9alit\u00e9 des apparitions et du message. Comme mes pr\u00e9d\u00e9cesseurs, je tiens \u00e0 confirmer cette reconnaissance : les apparitions et le message de la Vierge des Pauvres sont dignes de foi. Je suis particuli\u00e8rement frapp\u00e9 par la m\u00e9lodie \u00e9vang\u00e9lique du signe et des paroles.<br \/>\nLa M\u00e8re de J\u00e9sus renvoie toujours \u00e0 son Fils. Il est la source de la vraie vie, de la vie en pl\u00e9nitude. Il est venu apporter la Bonne Nouvelle, l&#8217;\u00e9vangile\u00a0aux pauvres.<br \/>\nIl est le Sauveur des hommes, de tous les hommes, de toutes les nations\u2026 Tout le message \u00e9vang\u00e9lique r\u00e9sonne dans nos c\u0153urs et est confirm\u00e9 lorsque nous entendons Marie nous dire : <\/em>Je suis la Vierge des Pauvres<em>\u2026 Que la Vierge des Pauvres prie pour nous, comme elle nous l\u2019a promis. Et nous, nous prions avec elle en particulier pour les malades, pour la paix et la justice dans le monde, comme elle nous le demande.<\/em><\/p>\n<hr \/>\n<p><strong>Mgr Jean-Pierre Delville<\/strong><\/p>\n<p><img decoding=\"async\" class=\"wp-image-19444 alignleft lazyload\" data-src=\"https:\/\/banneux-nd.be\/wp-content\/uploads\/2024\/09\/Mgr-Delville-755x1024.jpg\" alt=\"\" width=\"248\" height=\"336\" data-srcset=\"https:\/\/banneux-nd.be\/wp-content\/uploads\/2024\/09\/Mgr-Delville-755x1024.jpg 755w, https:\/\/banneux-nd.be\/wp-content\/uploads\/2024\/09\/Mgr-Delville-221x300.jpg 221w, https:\/\/banneux-nd.be\/wp-content\/uploads\/2024\/09\/Mgr-Delville-768x1042.jpg 768w, https:\/\/banneux-nd.be\/wp-content\/uploads\/2024\/09\/Mgr-Delville.jpg 1101w\" data-sizes=\"(max-width: 248px) 100vw, 248px\" src=\"data:image\/svg+xml;base64,PHN2ZyB3aWR0aD0iMSIgaGVpZ2h0PSIxIiB4bWxucz0iaHR0cDovL3d3dy53My5vcmcvMjAwMC9zdmciPjwvc3ZnPg==\" style=\"--smush-placeholder-width: 248px; --smush-placeholder-aspect-ratio: 248\/336;\" \/>Le 31 ao\u00fbt 2024, \u00e0 l&#8217;occasion de l&#8217;anniversaire des 75 ans de la reconnaissance des Apparitions par Mgr Kerkhofs, Mgr Jean-Pierre Delville a transmis un message :<\/p>\n<p><em>&#8220;Je suis particuli\u00e8rement reconnaissant \u00e0 Mgr Louis-Joseph Kerkhofs d\u2019avoir \u0153uvr\u00e9 pour que l\u2019\u00c9glise reconnaisse, en 1949, les apparitions de Banneux et celles de Beauraing. Il a cru d\u00e8s le d\u00e9but \u00e0 la vraisemblance des apparitions de Marie \u00e0 la petite Mariette B\u00e9co \u00e0 Banneux. Il a \u00e9t\u00e9 frapp\u00e9 par les messages de Marie : \u00ab Je suis la Vierge des pauvres \u00bb et \u00ab Cette source est d\u00e9di\u00e9e \u00e0 toutes les nations \u00bb. Il s\u2019est lui-m\u00eame engag\u00e9 durant sa vie dans l\u2019attention aux pauvres et dans l\u2019ouverture aux nations. Il a prot\u00e9g\u00e9 les enfants juifs et le rabbin de Li\u00e8ge, avec sa femme et ses enfants. Il a promu l\u2019engagement des pr\u00eatres ouvriers, qui ont consacr\u00e9 leur minist\u00e8re \u00e0 la Vierge des Pauvres. Il a reconnu la Soci\u00e9t\u00e9 auxiliaire des missions, qui envoyait des pr\u00eatres au service des \u00e9v\u00eaques chinois. Gr\u00e2ce \u00e0 Mgr Kerkhofs, Banneux est devenu un sanctuaire de r\u00e9f\u00e9rence, o\u00f9 les pauvres et les marginalis\u00e9s se sentent accueillis. Dans le cadre des f\u00eates jubilaires, ce message de Banneux rejoint celui de Beauraing, o\u00f9 est apparue la Vierge au c\u0153ur d\u2019or. Ainsi une mar\u00e9e d\u2019amour se r\u00e9pand dans toute l\u2019humanit\u00e9 \u00e0 partir de notre pays ! Puissions-nous b\u00e9n\u00e9ficier de cet amour et le diffuser autour de nous !&#8221;<\/em><\/p>\n<hr \/>\n<p>&nbsp;<\/p>\n","protected":false},"excerpt":{"rendered":"<p>Mgr Louis-Joseph KERKHOFS Le 13 juillet 1934, Mgr Kerkhofs eut les paroles suivantes : Prions la Vierge ensemble pour qu\u2019elle nous assiste et nous \u00e9claire, et qu\u2019elle h\u00e2te la solution qui r\u00e9ponde \u00e0 ses d\u00e9sirs, et \u2013 pourquoi le taire ! \u2013 aux n\u00f4tres. Et quelques ann\u00e9es plus tard, dans sa lettre pastorale du 22 ao\u00fbt 1949, il d\u00e9clara : Nous voulons montrer que nous croyons vraiment que la Sainte Vierge est apparue et a parl\u00e9 \u00e0 Banneux. Cette conviction entra\u00eene pour nous des obligations. A deux reprises, en 1942 d\u2019abord, puis en 1947, nous avons officiellement reconnu, avec quelques r\u00e9serves, la r\u00e9alit\u00e9 des apparitions de Banneux. Aujourd\u2019hui, apr\u00e8s deux nouvelles ann\u00e9es de pri\u00e8re et d\u2019observations, nous croyons en conscience [&hellip;]<\/p>\n","protected":false},"author":2,"featured_media":0,"parent":0,"menu_order":0,"comment_status":"closed","ping_status":"closed","template":"","meta":{"advgb_blocks_editor_width":"","advgb_blocks_columns_visual_guide":"","jetpack_post_was_ever_published":false,"footnotes":""},"class_list":["post-1410","page","type-page","status-publish","hentry"],"yoast_head":"<!-- This site is optimized with the Yoast SEO plugin v27.3 - https:\/\/yoast.com\/product\/yoast-seo-wordpress\/ -->\n<title>Reconnaissance des apparitions - Banneux Notre-Dame<\/title>\n<meta name=\"description\" content=\"Les \u00e9v\u00eaques de Li\u00e8ge reconnaissent, les uns apr\u00e8s les autres, la r\u00e9alit\u00e9 des apparitions de la Vierge Marie \u00e0 Banneux.\" \/>\n<meta name=\"robots\" content=\"index, follow, max-snippet:-1, max-image-preview:large, max-video-preview:-1\" \/>\n<link rel=\"canonical\" href=\"https:\/\/banneux-nd.be\/pl\/reconnaissance-des-apparitions\/\" \/>\n<meta property=\"og:locale\" content=\"pl_PL\" \/>\n<meta property=\"og:type\" content=\"article\" \/>\n<meta property=\"og:title\" content=\"Reconnaissance des apparitions - Banneux Notre-Dame\" \/>\n<meta property=\"og:description\" content=\"Les \u00e9v\u00eaques de Li\u00e8ge reconnaissent, les uns apr\u00e8s les autres, la r\u00e9alit\u00e9 des apparitions de la Vierge Marie \u00e0 Banneux.\" \/>\n<meta property=\"og:url\" content=\"https:\/\/banneux-nd.be\/pl\/reconnaissance-des-apparitions\/\" \/>\n<meta property=\"og:site_name\" content=\"Banneux Notre-Dame\" \/>\n<meta property=\"article:publisher\" content=\"https:\/\/www.facebook.com\/NDBanneux\/\" \/>\n<meta property=\"article:modified_time\" content=\"2024-09-23T15:33:38+00:00\" \/>\n<meta property=\"og:image\" content=\"https:\/\/banneux-nd.be\/wp-content\/uploads\/2018\/05\/Mgr-Albert-Houssiau-234x300.jpg\" \/>\n<meta name=\"twitter:card\" content=\"summary_large_image\" \/>\n<meta name=\"twitter:label1\" content=\"Est. reading time\" \/>\n\t<meta name=\"twitter:data1\" content=\"6 minutes\" \/>\n<script type=\"application\/ld+json\" class=\"yoast-schema-graph\">{\"@context\":\"https:\\\/\\\/schema.org\",\"@graph\":[{\"@type\":\"WebPage\",\"@id\":\"https:\\\/\\\/banneux-nd.be\\\/pl\\\/reconnaissance-des-apparitions\\\/\",\"url\":\"https:\\\/\\\/banneux-nd.be\\\/pl\\\/reconnaissance-des-apparitions\\\/\",\"name\":\"Reconnaissance des apparitions - Banneux Notre-Dame\",\"isPartOf\":{\"@id\":\"https:\\\/\\\/banneux-nd.be\\\/pl\\\/#website\"},\"primaryImageOfPage\":{\"@id\":\"https:\\\/\\\/banneux-nd.be\\\/pl\\\/reconnaissance-des-apparitions\\\/#primaryimage\"},\"image\":{\"@id\":\"https:\\\/\\\/banneux-nd.be\\\/pl\\\/reconnaissance-des-apparitions\\\/#primaryimage\"},\"thumbnailUrl\":\"https:\\\/\\\/banneux-nd.be\\\/wp-content\\\/uploads\\\/2018\\\/05\\\/Mgr-Albert-Houssiau-234x300.jpg\",\"datePublished\":\"2015-07-20T06:58:06+00:00\",\"dateModified\":\"2024-09-23T15:33:38+00:00\",\"description\":\"Les \u00e9v\u00eaques de Li\u00e8ge reconnaissent, les uns apr\u00e8s les autres, la r\u00e9alit\u00e9 des apparitions de la Vierge Marie \u00e0 Banneux.\",\"breadcrumb\":{\"@id\":\"https:\\\/\\\/banneux-nd.be\\\/pl\\\/reconnaissance-des-apparitions\\\/#breadcrumb\"},\"inLanguage\":\"pl-PL\",\"potentialAction\":[{\"@type\":\"ReadAction\",\"target\":[\"https:\\\/\\\/banneux-nd.be\\\/pl\\\/reconnaissance-des-apparitions\\\/\"]}]},{\"@type\":\"ImageObject\",\"inLanguage\":\"pl-PL\",\"@id\":\"https:\\\/\\\/banneux-nd.be\\\/pl\\\/reconnaissance-des-apparitions\\\/#primaryimage\",\"url\":\"https:\\\/\\\/banneux-nd.be\\\/wp-content\\\/uploads\\\/2018\\\/05\\\/Mgr-Albert-Houssiau-234x300.jpg\",\"contentUrl\":\"https:\\\/\\\/banneux-nd.be\\\/wp-content\\\/uploads\\\/2018\\\/05\\\/Mgr-Albert-Houssiau-234x300.jpg\"},{\"@type\":\"BreadcrumbList\",\"@id\":\"https:\\\/\\\/banneux-nd.be\\\/pl\\\/reconnaissance-des-apparitions\\\/#breadcrumb\",\"itemListElement\":[{\"@type\":\"ListItem\",\"position\":1,\"name\":\"Accueil\",\"item\":\"https:\\\/\\\/banneux-nd.be\\\/pl\\\/witamy-w-banneux\\\/\"},{\"@type\":\"ListItem\",\"position\":2,\"name\":\"Reconnaissance des apparitions\"}]},{\"@type\":\"WebSite\",\"@id\":\"https:\\\/\\\/banneux-nd.be\\\/pl\\\/#website\",\"url\":\"https:\\\/\\\/banneux-nd.be\\\/pl\\\/\",\"name\":\"Banneux Notre-Dame\",\"description\":\"Sanctuaire de la Vierge des Pauvres (Belgique)\",\"potentialAction\":[{\"@type\":\"SearchAction\",\"target\":{\"@type\":\"EntryPoint\",\"urlTemplate\":\"https:\\\/\\\/banneux-nd.be\\\/pl\\\/?s={search_term_string}\"},\"query-input\":{\"@type\":\"PropertyValueSpecification\",\"valueRequired\":true,\"valueName\":\"search_term_string\"}}],\"inLanguage\":\"pl-PL\"}]}<\/script>\n<!-- \/ Yoast SEO plugin. -->","yoast_head_json":{"title":"Reconnaissance des apparitions - Banneux Notre-Dame","description":"Les \u00e9v\u00eaques de Li\u00e8ge reconnaissent, les uns apr\u00e8s les autres, la r\u00e9alit\u00e9 des apparitions de la Vierge Marie \u00e0 Banneux.","robots":{"index":"index","follow":"follow","max-snippet":"max-snippet:-1","max-image-preview":"max-image-preview:large","max-video-preview":"max-video-preview:-1"},"canonical":"https:\/\/banneux-nd.be\/pl\/reconnaissance-des-apparitions\/","og_locale":"pl_PL","og_type":"article","og_title":"Reconnaissance des apparitions - Banneux Notre-Dame","og_description":"Les \u00e9v\u00eaques de Li\u00e8ge reconnaissent, les uns apr\u00e8s les autres, la r\u00e9alit\u00e9 des apparitions de la Vierge Marie \u00e0 Banneux.","og_url":"https:\/\/banneux-nd.be\/pl\/reconnaissance-des-apparitions\/","og_site_name":"Banneux Notre-Dame","article_publisher":"https:\/\/www.facebook.com\/NDBanneux\/","article_modified_time":"2024-09-23T15:33:38+00:00","og_image":[{"url":"https:\/\/banneux-nd.be\/wp-content\/uploads\/2018\/05\/Mgr-Albert-Houssiau-234x300.jpg","type":"","width":"","height":""}],"twitter_card":"summary_large_image","twitter_misc":{"Est. reading time":"6 minutes"},"schema":{"@context":"https:\/\/schema.org","@graph":[{"@type":"WebPage","@id":"https:\/\/banneux-nd.be\/pl\/reconnaissance-des-apparitions\/","url":"https:\/\/banneux-nd.be\/pl\/reconnaissance-des-apparitions\/","name":"Reconnaissance des apparitions - Banneux Notre-Dame","isPartOf":{"@id":"https:\/\/banneux-nd.be\/pl\/#website"},"primaryImageOfPage":{"@id":"https:\/\/banneux-nd.be\/pl\/reconnaissance-des-apparitions\/#primaryimage"},"image":{"@id":"https:\/\/banneux-nd.be\/pl\/reconnaissance-des-apparitions\/#primaryimage"},"thumbnailUrl":"https:\/\/banneux-nd.be\/wp-content\/uploads\/2018\/05\/Mgr-Albert-Houssiau-234x300.jpg","datePublished":"2015-07-20T06:58:06+00:00","dateModified":"2024-09-23T15:33:38+00:00","description":"Les \u00e9v\u00eaques de Li\u00e8ge reconnaissent, les uns apr\u00e8s les autres, la r\u00e9alit\u00e9 des apparitions de la Vierge Marie \u00e0 Banneux.","breadcrumb":{"@id":"https:\/\/banneux-nd.be\/pl\/reconnaissance-des-apparitions\/#breadcrumb"},"inLanguage":"pl-PL","potentialAction":[{"@type":"ReadAction","target":["https:\/\/banneux-nd.be\/pl\/reconnaissance-des-apparitions\/"]}]},{"@type":"ImageObject","inLanguage":"pl-PL","@id":"https:\/\/banneux-nd.be\/pl\/reconnaissance-des-apparitions\/#primaryimage","url":"https:\/\/banneux-nd.be\/wp-content\/uploads\/2018\/05\/Mgr-Albert-Houssiau-234x300.jpg","contentUrl":"https:\/\/banneux-nd.be\/wp-content\/uploads\/2018\/05\/Mgr-Albert-Houssiau-234x300.jpg"},{"@type":"BreadcrumbList","@id":"https:\/\/banneux-nd.be\/pl\/reconnaissance-des-apparitions\/#breadcrumb","itemListElement":[{"@type":"ListItem","position":1,"name":"Accueil","item":"https:\/\/banneux-nd.be\/pl\/witamy-w-banneux\/"},{"@type":"ListItem","position":2,"name":"Reconnaissance des apparitions"}]},{"@type":"WebSite","@id":"https:\/\/banneux-nd.be\/pl\/#website","url":"https:\/\/banneux-nd.be\/pl\/","name":"Banneux Notre-Dame","description":"Sanctuaire de la Vierge des Pauvres (Belgique)","potentialAction":[{"@type":"SearchAction","target":{"@type":"EntryPoint","urlTemplate":"https:\/\/banneux-nd.be\/pl\/?s={search_term_string}"},"query-input":{"@type":"PropertyValueSpecification","valueRequired":true,"valueName":"search_term_string"}}],"inLanguage":"pl-PL"}]}},"coauthors":[],"author_meta":{"author_link":"https:\/\/banneux-nd.be\/pl\/author\/adminfr\/","display_name":"adminFR"},"relative_dates":{"created":"Posted 11 years ago","modified":"Updated 2 years ago"},"absolute_dates":{"created":"Posted on 07\/20\/2015","modified":"Updated on 09\/23\/2024"},"absolute_dates_time":{"created":"Posted on 07\/20\/2015 8 h 58 min","modified":"Updated on 09\/23\/2024 17 h 33 min"},"featured_img_caption":"","featured_img":false,"series_order":"","jetpack_sharing_enabled":true,"_links":{"self":[{"href":"https:\/\/banneux-nd.be\/pl\/wp-json\/wp\/v2\/pages\/1410","targetHints":{"allow":["GET"]}}],"collection":[{"href":"https:\/\/banneux-nd.be\/pl\/wp-json\/wp\/v2\/pages"}],"about":[{"href":"https:\/\/banneux-nd.be\/pl\/wp-json\/wp\/v2\/types\/page"}],"author":[{"embeddable":true,"href":"https:\/\/banneux-nd.be\/pl\/wp-json\/wp\/v2\/users\/2"}],"replies":[{"embeddable":true,"href":"https:\/\/banneux-nd.be\/pl\/wp-json\/wp\/v2\/comments?post=1410"}],"version-history":[{"count":5,"href":"https:\/\/banneux-nd.be\/pl\/wp-json\/wp\/v2\/pages\/1410\/revisions"}],"predecessor-version":[{"id":19452,"href":"https:\/\/banneux-nd.be\/pl\/wp-json\/wp\/v2\/pages\/1410\/revisions\/19452"}],"wp:attachment":[{"href":"https:\/\/banneux-nd.be\/pl\/wp-json\/wp\/v2\/media?parent=1410"}],"curies":[{"name":"wp","href":"https:\/\/api.w.org\/{rel}","templated":true}]}}