{"id":15850,"date":"2021-09-09T11:09:32","date_gmt":"2021-09-09T09:09:32","guid":{"rendered":"https:\/\/banneux-nd.be\/witamy-w-banneux\/"},"modified":"2021-12-21T09:26:29","modified_gmt":"2021-12-21T08:26:29","slug":"witamy-w-banneux","status":"publish","type":"page","link":"https:\/\/banneux-nd.be\/pl\/","title":{"rendered":"Witamy w Banneux!"},"content":{"rendered":"<p style=\"text-align: justify;\">Od 15 stycznia do 2 marca 1933 roku Dziewica Maryja o\u015bmiokrotnie objawi\u0142a si\u0119 11-letniej dziewczynce Mariette Beco.<\/p>\n<p style=\"text-align: justify;\">Wiadomo\u015b\u0107, kt\u00f3r\u0105 mu zostawi\u0142a, jest nadal aktualna.<\/p>\n<p style=\"text-align: justify;\">Ka\u017cdego roku setki tysi\u0119cy pielgrzym\u00f3w przybywa samotnie lub w grupach, zw\u0142aszcza podczas Triduum chorych, aby powierzy\u0107 Matce Bo\u017cej swoje ub\u00f3stwo, cierpienie, smutek, badania. Przychodz\u0105, aby zawierzy\u0107 Matce Zbawiciela i wyrazi\u0107 swoj\u0105 ufno\u015b\u0107 i nadziej\u0119 w Tym, kt\u00f3ry jest \u0179r\u00f3d\u0142em wszelkiej \u0142aski, Jezusem Chrystusem.<\/p>\n<p style=\"text-align: justify;\">Nawet dzisiaj, podobnie jak w przypadku Mariette, Matka Bo\u017ca Ubogich prowadzi ka\u017cdego pielgrzyma z Banneux na drog\u0119 istnienia. Zaprasza go do<em> wepchnij r\u0119ce do wody<\/em> ze \u0179r\u00f3d\u0142a, aby czerpa\u0107 prawdziwe \u017bycie z Jezusa.<\/p>\n<p>Witamy w Banneux!<\/p>\n<p><img fetchpriority=\"high\" decoding=\"async\" class=\"aligncenter wp-image-7757 size-full\" src=\"https:\/\/banneux-nd.be\/wp-content\/uploads\/2018\/05\/2018-05-01-Recteur-Leo-Palm.jpg\" alt=\"\" width=\"1200\" height=\"815\" srcset=\"https:\/\/banneux-nd.be\/wp-content\/uploads\/2018\/05\/2018-05-01-Recteur-Leo-Palm.jpg 1200w, https:\/\/banneux-nd.be\/wp-content\/uploads\/2018\/05\/2018-05-01-Recteur-Leo-Palm-300x204.jpg 300w, https:\/\/banneux-nd.be\/wp-content\/uploads\/2018\/05\/2018-05-01-Recteur-Leo-Palm-768x522.jpg 768w, https:\/\/banneux-nd.be\/wp-content\/uploads\/2018\/05\/2018-05-01-Recteur-Leo-Palm-1024x695.jpg 1024w\" sizes=\"(max-width: 1200px) 100vw, 1200px\" \/><\/p>\n<p style=\"text-align: right;\"><strong>Ojciec Leo Palm, rektor<br \/>\n<\/strong><\/p>\n<hr>\n<h3 style=\"text-align: center;\">Banneux jest 25 km na po\u0142udnie od Li\u00e8ge<\/h3>\n<p><a title=\"Sanktuarium Banneux Notre-Dame\" href=\"https:\/\/goo.gl\/maps\/E84ttdD4Fm72\" target=\"_blank\" rel=\"noopener noreferrer\"><img decoding=\"async\" class=\"size-full wp-image-8859 aligncenter lazyload\" data-src=\"https:\/\/banneux-nd.be\/wp-content\/uploads\/Page_Accueil\/google-map-page-accueil.png\" alt=\"\" width=\"780\" height=\"502\" data-srcset=\"https:\/\/banneux-nd.be\/wp-content\/uploads\/Page_Accueil\/google-map-page-accueil.png 780w, https:\/\/banneux-nd.be\/wp-content\/uploads\/Page_Accueil\/google-map-page-accueil-300x193.png 300w, https:\/\/banneux-nd.be\/wp-content\/uploads\/Page_Accueil\/google-map-page-accueil-768x494.png 768w\" data-sizes=\"(max-width: 780px) 100vw, 780px\" src=\"data:image\/svg+xml;base64,PHN2ZyB3aWR0aD0iMSIgaGVpZ2h0PSIxIiB4bWxucz0iaHR0cDovL3d3dy53My5vcmcvMjAwMC9zdmciPjwvc3ZnPg==\" style=\"--smush-placeholder-width: 780px; --smush-placeholder-aspect-ratio: 780\/502;\" \/><\/a><\/p>\n","protected":false},"excerpt":{"rendered":"<p>Od 15 stycznia do 2 marca 1933 roku Dziewica Maryja o\u015bmiokrotnie objawi\u0142a si\u0119 11-letniej dziewczynce Mariette Beco. Wiadomo\u015b\u0107, kt\u00f3r\u0105 mu zostawi\u0142a, jest nadal aktualna. Ka\u017cdego roku setki tysi\u0119cy pielgrzym\u00f3w przybywa samotnie lub w grupach, zw\u0142aszcza podczas Triduum chorych, aby powierzy\u0107 Matce Bo\u017cej swoje ub\u00f3stwo, cierpienie, smutek, badania. Przychodz\u0105, aby zawierzy\u0107 Matce Zbawiciela i wyrazi\u0107 swoj\u0105 ufno\u015b\u0107 i nadziej\u0119 w Tym, kt\u00f3ry jest \u0179r\u00f3d\u0142em wszelkiej \u0142aski, Jezusem Chrystusem. Nawet dzisiaj, podobnie jak w przypadku Mariette, Matka Bo\u017ca Ubogich prowadzi ka\u017cdego pielgrzyma z Banneux na drog\u0119 istnienia. Zaprasza go do wepchnij r\u0119ce do wody ze \u0179r\u00f3d\u0142a, aby czerpa\u0107 prawdziwe \u017bycie z Jezusa. Witamy w Banneux! Ojciec Leo Palm, rektor Banneux jest 25 km na po\u0142udnie od Li\u00e8ge<\/p>\n","protected":false},"author":4,"featured_media":0,"parent":0,"menu_order":0,"comment_status":"closed","ping_status":"closed","template":"","meta":{"advgb_blocks_editor_width":"","advgb_blocks_columns_visual_guide":"","jetpack_post_was_ever_published":false,"footnotes":""},"class_list":["post-15850","page","type-page","status-publish","hentry"],"yoast_head":"<!-- This site is optimized with the Yoast SEO plugin v27.4 - https:\/\/yoast.com\/product\/yoast-seo-wordpress\/ -->\n<title>Witamy w Banneux! - Banneux Notre-Dame<\/title>\n<meta name=\"description\" content=\"Od 15 stycznia do 2 marca 1933 r. Dziewica Maryja objawi\u0142a si\u0119 osiem razy 11-letniej dziewczynce Mariette B\u00e9co, a przes\u0142anie, kt\u00f3re dla niej zostawi\u0142a, jest nadal aktualne.\" \/>\n<meta name=\"robots\" content=\"index, follow, max-snippet:-1, max-image-preview:large, max-video-preview:-1\" \/>\n<link rel=\"canonical\" href=\"https:\/\/banneux-nd.be\/pl\/\" \/>\n<meta property=\"og:locale\" content=\"pl_PL\" \/>\n<meta property=\"og:type\" content=\"article\" \/>\n<meta property=\"og:title\" content=\"Witamy w Banneux! - Banneux Notre-Dame\" \/>\n<meta property=\"og:description\" content=\"Od 15 stycznia do 2 marca 1933 r. Dziewica Maryja objawi\u0142a si\u0119 osiem razy 11-letniej dziewczynce Mariette B\u00e9co, a przes\u0142anie, kt\u00f3re dla niej zostawi\u0142a, jest nadal aktualne.\" \/>\n<meta property=\"og:url\" content=\"https:\/\/banneux-nd.be\/pl\/\" \/>\n<meta property=\"og:site_name\" content=\"Banneux Notre-Dame\" \/>\n<meta property=\"article:publisher\" content=\"https:\/\/www.facebook.com\/NDBanneux\/\" \/>\n<meta property=\"article:modified_time\" content=\"2021-12-21T08:26:29+00:00\" \/>\n<meta property=\"og:image\" content=\"https:\/\/banneux-nd.be\/wp-content\/uploads\/2018\/05\/2018-05-01-Recteur-Leo-Palm.jpg\" \/>\n<meta name=\"twitter:card\" content=\"summary_large_image\" \/>\n<meta name=\"twitter:label1\" content=\"Est. reading time\" \/>\n\t<meta name=\"twitter:data1\" content=\"1 minute\" \/>\n<script type=\"application\/ld+json\" class=\"yoast-schema-graph\">{\"@context\":\"https:\\\/\\\/schema.org\",\"@graph\":[{\"@type\":\"WebPage\",\"@id\":\"https:\\\/\\\/banneux-nd.be\\\/pl\\\/\",\"url\":\"https:\\\/\\\/banneux-nd.be\\\/pl\\\/\",\"name\":\"Witamy w Banneux! - Banneux Notre-Dame\",\"isPartOf\":{\"@id\":\"https:\\\/\\\/banneux-nd.be\\\/pl\\\/#website\"},\"primaryImageOfPage\":{\"@id\":\"https:\\\/\\\/banneux-nd.be\\\/pl\\\/#primaryimage\"},\"image\":{\"@id\":\"https:\\\/\\\/banneux-nd.be\\\/pl\\\/#primaryimage\"},\"thumbnailUrl\":\"https:\\\/\\\/banneux-nd.be\\\/wp-content\\\/uploads\\\/2018\\\/05\\\/2018-05-01-Recteur-Leo-Palm.jpg\",\"datePublished\":\"2021-09-09T09:09:32+00:00\",\"dateModified\":\"2021-12-21T08:26:29+00:00\",\"description\":\"Od 15 stycznia do 2 marca 1933 r. Dziewica Maryja objawi\u0142a si\u0119 osiem razy 11-letniej dziewczynce Mariette B\u00e9co, a przes\u0142anie, kt\u00f3re dla niej zostawi\u0142a, jest nadal aktualne.\",\"breadcrumb\":{\"@id\":\"https:\\\/\\\/banneux-nd.be\\\/pl\\\/#breadcrumb\"},\"inLanguage\":\"pl-PL\",\"potentialAction\":[{\"@type\":\"ReadAction\",\"target\":[\"https:\\\/\\\/banneux-nd.be\\\/pl\\\/\"]}]},{\"@type\":\"ImageObject\",\"inLanguage\":\"pl-PL\",\"@id\":\"https:\\\/\\\/banneux-nd.be\\\/pl\\\/#primaryimage\",\"url\":\"https:\\\/\\\/banneux-nd.be\\\/wp-content\\\/uploads\\\/2018\\\/05\\\/2018-05-01-Recteur-Leo-Palm.jpg\",\"contentUrl\":\"https:\\\/\\\/banneux-nd.be\\\/wp-content\\\/uploads\\\/2018\\\/05\\\/2018-05-01-Recteur-Leo-Palm.jpg\"},{\"@type\":\"BreadcrumbList\",\"@id\":\"https:\\\/\\\/banneux-nd.be\\\/pl\\\/#breadcrumb\",\"itemListElement\":[{\"@type\":\"ListItem\",\"position\":1,\"name\":\"Accueil\",\"item\":\"https:\\\/\\\/banneux-nd.be\\\/pl\\\/witamy-w-banneux\\\/\"},{\"@type\":\"ListItem\",\"position\":2,\"name\":\"Witamy w Banneux!\"}]},{\"@type\":\"WebSite\",\"@id\":\"https:\\\/\\\/banneux-nd.be\\\/pl\\\/#website\",\"url\":\"https:\\\/\\\/banneux-nd.be\\\/pl\\\/\",\"name\":\"Banneux Notre-Dame\",\"description\":\"Sanctuaire de la Vierge des Pauvres (Belgique)\",\"potentialAction\":[{\"@type\":\"SearchAction\",\"target\":{\"@type\":\"EntryPoint\",\"urlTemplate\":\"https:\\\/\\\/banneux-nd.be\\\/pl\\\/?s={search_term_string}\"},\"query-input\":{\"@type\":\"PropertyValueSpecification\",\"valueRequired\":true,\"valueName\":\"search_term_string\"}}],\"inLanguage\":\"pl-PL\"}]}<\/script>\n<!-- \/ Yoast SEO plugin. -->","yoast_head_json":{"title":"Witamy w Banneux! - Banneux Notre-Dame","description":"Od 15 stycznia do 2 marca 1933 r. Dziewica Maryja objawi\u0142a si\u0119 osiem razy 11-letniej dziewczynce Mariette B\u00e9co, a przes\u0142anie, kt\u00f3re dla niej zostawi\u0142a, jest nadal aktualne.","robots":{"index":"index","follow":"follow","max-snippet":"max-snippet:-1","max-image-preview":"max-image-preview:large","max-video-preview":"max-video-preview:-1"},"canonical":"https:\/\/banneux-nd.be\/pl\/","og_locale":"pl_PL","og_type":"article","og_title":"Witamy w Banneux! - Banneux Notre-Dame","og_description":"Od 15 stycznia do 2 marca 1933 r. Dziewica Maryja objawi\u0142a si\u0119 osiem razy 11-letniej dziewczynce Mariette B\u00e9co, a przes\u0142anie, kt\u00f3re dla niej zostawi\u0142a, jest nadal aktualne.","og_url":"https:\/\/banneux-nd.be\/pl\/","og_site_name":"Banneux Notre-Dame","article_publisher":"https:\/\/www.facebook.com\/NDBanneux\/","article_modified_time":"2021-12-21T08:26:29+00:00","og_image":[{"url":"https:\/\/banneux-nd.be\/wp-content\/uploads\/2018\/05\/2018-05-01-Recteur-Leo-Palm.jpg","type":"","width":"","height":""}],"twitter_card":"summary_large_image","twitter_misc":{"Est. reading time":"1 minute"},"schema":{"@context":"https:\/\/schema.org","@graph":[{"@type":"WebPage","@id":"https:\/\/banneux-nd.be\/pl\/","url":"https:\/\/banneux-nd.be\/pl\/","name":"Witamy w Banneux! - Banneux Notre-Dame","isPartOf":{"@id":"https:\/\/banneux-nd.be\/pl\/#website"},"primaryImageOfPage":{"@id":"https:\/\/banneux-nd.be\/pl\/#primaryimage"},"image":{"@id":"https:\/\/banneux-nd.be\/pl\/#primaryimage"},"thumbnailUrl":"https:\/\/banneux-nd.be\/wp-content\/uploads\/2018\/05\/2018-05-01-Recteur-Leo-Palm.jpg","datePublished":"2021-09-09T09:09:32+00:00","dateModified":"2021-12-21T08:26:29+00:00","description":"Od 15 stycznia do 2 marca 1933 r. Dziewica Maryja objawi\u0142a si\u0119 osiem razy 11-letniej dziewczynce Mariette B\u00e9co, a przes\u0142anie, kt\u00f3re dla niej zostawi\u0142a, jest nadal aktualne.","breadcrumb":{"@id":"https:\/\/banneux-nd.be\/pl\/#breadcrumb"},"inLanguage":"pl-PL","potentialAction":[{"@type":"ReadAction","target":["https:\/\/banneux-nd.be\/pl\/"]}]},{"@type":"ImageObject","inLanguage":"pl-PL","@id":"https:\/\/banneux-nd.be\/pl\/#primaryimage","url":"https:\/\/banneux-nd.be\/wp-content\/uploads\/2018\/05\/2018-05-01-Recteur-Leo-Palm.jpg","contentUrl":"https:\/\/banneux-nd.be\/wp-content\/uploads\/2018\/05\/2018-05-01-Recteur-Leo-Palm.jpg"},{"@type":"BreadcrumbList","@id":"https:\/\/banneux-nd.be\/pl\/#breadcrumb","itemListElement":[{"@type":"ListItem","position":1,"name":"Accueil","item":"https:\/\/banneux-nd.be\/pl\/witamy-w-banneux\/"},{"@type":"ListItem","position":2,"name":"Witamy w Banneux!"}]},{"@type":"WebSite","@id":"https:\/\/banneux-nd.be\/pl\/#website","url":"https:\/\/banneux-nd.be\/pl\/","name":"Banneux Notre-Dame","description":"Sanctuaire de la Vierge des Pauvres (Belgique)","potentialAction":[{"@type":"SearchAction","target":{"@type":"EntryPoint","urlTemplate":"https:\/\/banneux-nd.be\/pl\/?s={search_term_string}"},"query-input":{"@type":"PropertyValueSpecification","valueRequired":true,"valueName":"search_term_string"}}],"inLanguage":"pl-PL"}]}},"coauthors":[],"author_meta":{"author_link":"https:\/\/banneux-nd.be\/pl\/author\/dreusdeille\/","display_name":"Anne-Elisabeth N\u00e8ve"},"relative_dates":{"created":"Posted 5 years ago","modified":"Updated 4 years ago"},"absolute_dates":{"created":"Posted on 09\/09\/2021","modified":"Updated on 12\/21\/2021"},"absolute_dates_time":{"created":"Posted on 09\/09\/2021 11 h 09 min","modified":"Updated on 12\/21\/2021 9 h 26 min"},"featured_img_caption":"","featured_img":false,"series_order":"","jetpack_sharing_enabled":true,"_links":{"self":[{"href":"https:\/\/banneux-nd.be\/pl\/wp-json\/wp\/v2\/pages\/15850","targetHints":{"allow":["GET"]}}],"collection":[{"href":"https:\/\/banneux-nd.be\/pl\/wp-json\/wp\/v2\/pages"}],"about":[{"href":"https:\/\/banneux-nd.be\/pl\/wp-json\/wp\/v2\/types\/page"}],"author":[{"embeddable":true,"href":"https:\/\/banneux-nd.be\/pl\/wp-json\/wp\/v2\/users\/4"}],"replies":[{"embeddable":true,"href":"https:\/\/banneux-nd.be\/pl\/wp-json\/wp\/v2\/comments?post=15850"}],"version-history":[{"count":1,"href":"https:\/\/banneux-nd.be\/pl\/wp-json\/wp\/v2\/pages\/15850\/revisions"}],"predecessor-version":[{"id":16067,"href":"https:\/\/banneux-nd.be\/pl\/wp-json\/wp\/v2\/pages\/15850\/revisions\/16067"}],"wp:attachment":[{"href":"https:\/\/banneux-nd.be\/pl\/wp-json\/wp\/v2\/media?parent=15850"}],"curies":[{"name":"wp","href":"https:\/\/api.w.org\/{rel}","templated":true}]}}