{"id":15859,"date":"2021-09-09T13:22:21","date_gmt":"2021-09-09T11:22:21","guid":{"rendered":"https:\/\/banneux-nd.be\/w-praktyce\/"},"modified":"2023-05-25T12:12:27","modified_gmt":"2023-05-25T10:12:27","slug":"w-praktyce","status":"publish","type":"page","link":"https:\/\/banneux-nd.be\/pl\/w-praktyce\/","title":{"rendered":"W praktyce"},"content":{"rendered":"<h3 style=\"text-align: center;\">Dans cette rubrique, vous trouverez des informations sur :<\/h3>\n<h3 style=\"text-align: left;\">* <a title=\"Harmonogram obchod\u00f3w\" href=\"https:\/\/banneux-nd.be\/pl\/harmonogram-obchodow\/\" target=\"_blank\" rel=\"noopener\">Harmonogram obchod\u00f3w<\/a><\/h3>\n<h3 style=\"text-align: left;\"><\/h3>\n<h3 style=\"text-align: left;\">* <a href=\"https:\/\/banneux-nd.be\/pl\/theme-annee\/fr\/?page_id=4346\" target=\"_blank\" rel=\"noopener\">Le calendrier<\/a>\u00a0:\u00a0les f\u00eates au Sanctuaire, durant toute l&#8217;ann\u00e9e<\/h3>\n<h3 style=\"text-align: left;\">* Comment <a href=\"https:\/\/banneux-nd.be\/pl\/theme-annee\/fr\/?page_id=4388\" target=\"_blank\" rel=\"noopener\">confier une intention de pri\u00e8re<\/a><\/h3>\n<h3 style=\"text-align: left;\">* Comment <a href=\"https:\/\/banneux-nd.be\/pl\/theme-annee\/fr\/?page_id=81\" target=\"_blank\" rel=\"noopener\">organiser un p\u00e8lerinage d&#8217;un jour<\/a><\/h3>\n<h3 style=\"text-align: left;\">* Comment <a href=\"https:\/\/banneux-nd.be\/pl\/theme-annee\/fr\/?page_id=1449\" target=\"_blank\" rel=\"noopener\">faire c\u00e9l\u00e9brer une messe<\/a><\/h3>\n<h3 style=\"text-align: left;\">* Comment<a href=\"https:\/\/banneux-nd.be\/pl\/theme-annee\/fr\/?page_id=1445\" target=\"_blank\" rel=\"noopener\"> faire placer un ex-voto<\/a><\/h3>\n<h3 style=\"text-align: left;\">* Comment aider le Sanctuaire, <a href=\"https:\/\/banneux-nd.be\/pl\/theme-annee\/fr\/?page_id=1392\" target=\"_blank\" rel=\"noopener\">financi\u00e8rement<\/a> ou par du <a href=\"https:\/\/banneux-nd.be\/pl\/theme-annee\/fr\/?page_id=1427\" target=\"_blank\" rel=\"noopener\">b\u00e9n\u00e9volat<\/a><\/h3>\n<h3 style=\"text-align: left;\">* Les <a href=\"https:\/\/banneux-nd.be\/pl\/theme-annee\/fr\/?page_id=100\" target=\"_blank\" rel=\"noopener\">centres d&#8217;accueil et centres spirituels<\/a><\/h3>\n<h3 style=\"text-align: left;\"><\/h3>\n<h3 style=\"text-align: center;\">Bonne d\u00e9couverte !<\/h3>\n","protected":false},"excerpt":{"rendered":"<p>Dans cette rubrique, vous trouverez des informations sur : * Harmonogram obchod\u00f3w * Le calendrier\u00a0:\u00a0les f\u00eates au Sanctuaire, durant toute l&#8217;ann\u00e9e * Comment confier une intention de pri\u00e8re * Comment organiser un p\u00e8lerinage d&#8217;un jour * Comment faire c\u00e9l\u00e9brer une messe * Comment faire placer un ex-voto * Comment aider le Sanctuaire, financi\u00e8rement ou par du b\u00e9n\u00e9volat * Les centres d&#8217;accueil et centres spirituels Bonne d\u00e9couverte !<\/p>\n","protected":false},"author":4,"featured_media":0,"parent":0,"menu_order":0,"comment_status":"closed","ping_status":"closed","template":"","meta":{"advgb_blocks_editor_width":"","advgb_blocks_columns_visual_guide":"","footnotes":""},"class_list":["post-15859","page","type-page","status-publish","hentry"],"yoast_head":"<!-- This site is optimized with the Yoast SEO plugin v27.5 - https:\/\/yoast.com\/product\/yoast-seo-wordpress\/ -->\n<title>W praktyce - Banneux Notre-Dame<\/title>\n<meta name=\"robots\" content=\"index, follow, max-snippet:-1, max-image-preview:large, max-video-preview:-1\" \/>\n<link rel=\"canonical\" href=\"https:\/\/banneux-nd.be\/pl\/w-praktyce\/\" \/>\n<meta property=\"og:locale\" content=\"pl_PL\" \/>\n<meta property=\"og:type\" content=\"article\" \/>\n<meta property=\"og:title\" content=\"W praktyce - Banneux Notre-Dame\" \/>\n<meta property=\"og:description\" content=\"Dans cette rubrique, vous trouverez des informations sur : * Harmonogram obchod\u00f3w * Le calendrier\u00a0:\u00a0les f\u00eates au Sanctuaire, durant toute l&#8217;ann\u00e9e * Comment confier une intention de pri\u00e8re * Comment organiser un p\u00e8lerinage d&#8217;un jour * Comment faire c\u00e9l\u00e9brer une messe * Comment faire placer un ex-voto * Comment aider le Sanctuaire, financi\u00e8rement ou par du b\u00e9n\u00e9volat * Les centres d&#8217;accueil et centres spirituels Bonne d\u00e9couverte !\" \/>\n<meta property=\"og:url\" content=\"https:\/\/banneux-nd.be\/pl\/w-praktyce\/\" \/>\n<meta property=\"og:site_name\" content=\"Banneux Notre-Dame\" \/>\n<meta property=\"article:publisher\" content=\"https:\/\/www.facebook.com\/NDBanneux\/\" \/>\n<meta property=\"article:modified_time\" content=\"2023-05-25T10:12:27+00:00\" \/>\n<meta name=\"twitter:card\" content=\"summary_large_image\" \/>\n<meta name=\"twitter:label1\" content=\"Est. reading time\" \/>\n\t<meta name=\"twitter:data1\" content=\"1 minute\" \/>\n<script type=\"application\/ld+json\" class=\"yoast-schema-graph\">{\"@context\":\"https:\\\/\\\/schema.org\",\"@graph\":[{\"@type\":\"WebPage\",\"@id\":\"https:\\\/\\\/banneux-nd.be\\\/pl\\\/w-praktyce\\\/\",\"url\":\"https:\\\/\\\/banneux-nd.be\\\/pl\\\/w-praktyce\\\/\",\"name\":\"W praktyce - Banneux Notre-Dame\",\"isPartOf\":{\"@id\":\"https:\\\/\\\/banneux-nd.be\\\/pl\\\/#website\"},\"datePublished\":\"2021-09-09T11:22:21+00:00\",\"dateModified\":\"2023-05-25T10:12:27+00:00\",\"breadcrumb\":{\"@id\":\"https:\\\/\\\/banneux-nd.be\\\/pl\\\/w-praktyce\\\/#breadcrumb\"},\"inLanguage\":\"pl-PL\",\"potentialAction\":[{\"@type\":\"ReadAction\",\"target\":[\"https:\\\/\\\/banneux-nd.be\\\/pl\\\/w-praktyce\\\/\"]}]},{\"@type\":\"BreadcrumbList\",\"@id\":\"https:\\\/\\\/banneux-nd.be\\\/pl\\\/w-praktyce\\\/#breadcrumb\",\"itemListElement\":[{\"@type\":\"ListItem\",\"position\":1,\"name\":\"Accueil\",\"item\":\"https:\\\/\\\/banneux-nd.be\\\/pl\\\/witamy-w-banneux\\\/\"},{\"@type\":\"ListItem\",\"position\":2,\"name\":\"W praktyce\"}]},{\"@type\":\"WebSite\",\"@id\":\"https:\\\/\\\/banneux-nd.be\\\/pl\\\/#website\",\"url\":\"https:\\\/\\\/banneux-nd.be\\\/pl\\\/\",\"name\":\"Banneux Notre-Dame\",\"description\":\"Sanctuaire de la Vierge des Pauvres (Belgique)\",\"potentialAction\":[{\"@type\":\"SearchAction\",\"target\":{\"@type\":\"EntryPoint\",\"urlTemplate\":\"https:\\\/\\\/banneux-nd.be\\\/pl\\\/?s={search_term_string}\"},\"query-input\":{\"@type\":\"PropertyValueSpecification\",\"valueRequired\":true,\"valueName\":\"search_term_string\"}}],\"inLanguage\":\"pl-PL\"}]}<\/script>\n<!-- \/ Yoast SEO plugin. -->","yoast_head_json":{"title":"W praktyce - Banneux Notre-Dame","robots":{"index":"index","follow":"follow","max-snippet":"max-snippet:-1","max-image-preview":"max-image-preview:large","max-video-preview":"max-video-preview:-1"},"canonical":"https:\/\/banneux-nd.be\/pl\/w-praktyce\/","og_locale":"pl_PL","og_type":"article","og_title":"W praktyce - Banneux Notre-Dame","og_description":"Dans cette rubrique, vous trouverez des informations sur : * Harmonogram obchod\u00f3w * Le calendrier\u00a0:\u00a0les f\u00eates au Sanctuaire, durant toute l&#8217;ann\u00e9e * Comment confier une intention de pri\u00e8re * Comment organiser un p\u00e8lerinage d&#8217;un jour * Comment faire c\u00e9l\u00e9brer une messe * Comment faire placer un ex-voto * Comment aider le Sanctuaire, financi\u00e8rement ou par du b\u00e9n\u00e9volat * Les centres d&#8217;accueil et centres spirituels Bonne d\u00e9couverte !","og_url":"https:\/\/banneux-nd.be\/pl\/w-praktyce\/","og_site_name":"Banneux Notre-Dame","article_publisher":"https:\/\/www.facebook.com\/NDBanneux\/","article_modified_time":"2023-05-25T10:12:27+00:00","twitter_card":"summary_large_image","twitter_misc":{"Est. reading time":"1 minute"},"schema":{"@context":"https:\/\/schema.org","@graph":[{"@type":"WebPage","@id":"https:\/\/banneux-nd.be\/pl\/w-praktyce\/","url":"https:\/\/banneux-nd.be\/pl\/w-praktyce\/","name":"W praktyce - Banneux Notre-Dame","isPartOf":{"@id":"https:\/\/banneux-nd.be\/pl\/#website"},"datePublished":"2021-09-09T11:22:21+00:00","dateModified":"2023-05-25T10:12:27+00:00","breadcrumb":{"@id":"https:\/\/banneux-nd.be\/pl\/w-praktyce\/#breadcrumb"},"inLanguage":"pl-PL","potentialAction":[{"@type":"ReadAction","target":["https:\/\/banneux-nd.be\/pl\/w-praktyce\/"]}]},{"@type":"BreadcrumbList","@id":"https:\/\/banneux-nd.be\/pl\/w-praktyce\/#breadcrumb","itemListElement":[{"@type":"ListItem","position":1,"name":"Accueil","item":"https:\/\/banneux-nd.be\/pl\/witamy-w-banneux\/"},{"@type":"ListItem","position":2,"name":"W praktyce"}]},{"@type":"WebSite","@id":"https:\/\/banneux-nd.be\/pl\/#website","url":"https:\/\/banneux-nd.be\/pl\/","name":"Banneux Notre-Dame","description":"Sanctuaire de la Vierge des Pauvres (Belgique)","potentialAction":[{"@type":"SearchAction","target":{"@type":"EntryPoint","urlTemplate":"https:\/\/banneux-nd.be\/pl\/?s={search_term_string}"},"query-input":{"@type":"PropertyValueSpecification","valueRequired":true,"valueName":"search_term_string"}}],"inLanguage":"pl-PL"}]}},"coauthors":[],"author_meta":{"author_link":"https:\/\/banneux-nd.be\/pl\/author\/dreusdeille\/","display_name":"Anne-Elisabeth N\u00e8ve"},"relative_dates":{"created":"Opublikowano 5 years temu","modified":"Zaktualizowano 3 years temu"},"absolute_dates":{"created":"Opublikowano 09\/09\/2021","modified":"Zaktualizowano 05\/25\/2023"},"absolute_dates_time":{"created":"Opublikowano 09\/09\/2021 13 h 22 min","modified":"Zaktualizowano 05\/25\/2023 12 h 12 min"},"featured_img_caption":"","featured_img":false,"series_order":"","jetpack_sharing_enabled":true,"_links":{"self":[{"href":"https:\/\/banneux-nd.be\/pl\/wp-json\/wp\/v2\/pages\/15859","targetHints":{"allow":["GET"]}}],"collection":[{"href":"https:\/\/banneux-nd.be\/pl\/wp-json\/wp\/v2\/pages"}],"about":[{"href":"https:\/\/banneux-nd.be\/pl\/wp-json\/wp\/v2\/types\/page"}],"author":[{"embeddable":true,"href":"https:\/\/banneux-nd.be\/pl\/wp-json\/wp\/v2\/users\/4"}],"replies":[{"embeddable":true,"href":"https:\/\/banneux-nd.be\/pl\/wp-json\/wp\/v2\/comments?post=15859"}],"version-history":[{"count":4,"href":"https:\/\/banneux-nd.be\/pl\/wp-json\/wp\/v2\/pages\/15859\/revisions"}],"predecessor-version":[{"id":17423,"href":"https:\/\/banneux-nd.be\/pl\/wp-json\/wp\/v2\/pages\/15859\/revisions\/17423"}],"wp:attachment":[{"href":"https:\/\/banneux-nd.be\/pl\/wp-json\/wp\/v2\/media?parent=15859"}],"curies":[{"name":"wp","href":"https:\/\/api.w.org\/{rel}","templated":true}]}}