{"id":1770,"date":"2018-01-13T21:49:10","date_gmt":"2018-01-13T20:49:10","guid":{"rendered":"http:\/\/wwwwp2.banneux-nd.be\/wp\/?page_id=1770"},"modified":"2024-04-18T17:53:21","modified_gmt":"2024-04-18T15:53:21","slug":"banneux-et-ses-reseaux","status":"publish","type":"page","link":"https:\/\/banneux-nd.be\/pl\/banneux-et-ses-reseaux\/","title":{"rendered":"Banneux et ses r\u00e9seaux"},"content":{"rendered":"<h2 style=\"text-align: center;\">Le sanctuaire de la Vierge des Pauvres<br \/>\nfait notamment partie des r\u00e9seaux suivants :<\/h2>\n<h4><\/h4>\n<h4 style=\"text-align: left;\"><strong>1. L&#8217;<em>Union internationale de Pri\u00e8re<\/em> (UIP)<\/strong><\/h4>\n<p class=\"rtejustify\" style=\"text-align: justify;\">Par trois fois lors des apparitions \u00e0 Mariette, la Vierge Marie lui dit :\u00a0<em>Priez beaucoup<\/em>.<\/p>\n<p class=\"rtejustify\" style=\"text-align: justify;\">Lors de la fondation de l\u2019<em>Union internationale de Pri\u00e8re<\/em>\u00a0(UIP) par le chapelain Louis Jamin entour\u00e9 d\u2019une \u00e9quipe de la\u00efcs \u2014union approuv\u00e9e par Mgr Kerkhofs, le 24 septembre 1934\u2014 certains firent cette objection :\u00a0<em>N\u2019\u00eates-vous pas un peu pr\u00e9tentieux de qualifier cette Union d\u2019<\/em>internationale<em>\u00a0une ann\u00e9e \u00e0 peine apr\u00e8s les apparitions ?\u00a0<\/em>Alors l\u2019abb\u00e9 Jamin r\u00e9pondait\u00a0:\u00a0<em>Venez voir les lettres que je re\u00e7ois de partout !<\/em>\u00a0Sa r\u00e9ponse ne laissait planer aucun doute.<\/p>\n<p class=\"rtejustify\" style=\"text-align: justify;\">Cette UIP existe toujours. Les membres s\u2019engagent \u00e0 r\u00e9citer chaque jour la <a href=\"https:\/\/banneux-nd.be\/pl\/prieres-de-banneux\/#PriereUIP\" target=\"_blank\" rel=\"noopener\"><em>Pri\u00e8re \u00e0 la Vierge des Pauvres<\/em><\/a>, les <a href=\"https:\/\/banneux-nd.be\/pl\/prieres-de-banneux\/#Invocations\" target=\"_blank\" rel=\"noopener\">invocations<\/a> et une dizaine de chapelet. Ils sont invit\u00e9s \u00e0 prier particuli\u00e8rement pour l\u2019\u00c9glise universelle, leur propre dioc\u00e8se, les vocations et la saintet\u00e9 des pr\u00eatres.<\/p>\n<hr \/>\n<h4 class=\"rtejustify\" style=\"text-align: justify;\">2. Le <em><strong>R\u00e9seau marial europ\u00e9en<\/strong><\/em><\/h4>\n<p class=\"rtejustify\" style=\"text-align: justify;\">Constitu\u00e9 en 2003, \u00e0 l\u2019initiative de Mgr Jacques Perrier, alors \u00e9v\u00eaque de Tarbes et Lourdes (France), il a d\u2019embl\u00e9e b\u00e9n\u00e9fici\u00e9 des encouragements de Rome.<\/p>\n<p class=\"rtejustify\" style=\"text-align: justify;\">Les animateurs des sanctuaires membres du R\u00e9seau se r\u00e9unissent une fois par an pour mieux se conna\u00eetre mais, surtout, pour mieux conna\u00eetre les attentes des millions de personnes qui fr\u00e9quentent aujourd\u2019hui les sanctuaires, en p\u00e8lerins et en visiteurs.<\/p>\n<p class=\"rtejustify\" style=\"text-align: justify;\">Le <em>R\u00e9seau marial europ\u00e9en<\/em> relie vingt sanctuaires les uns aux autres. Beaucoup d\u2019entre eux sont situ\u00e9s au-del\u00e0 de l\u2019ancien \u00ab\u00a0Rideau de Fer\u00a0\u00bb. Presque tous les pays europ\u00e9ens y sont repr\u00e9sent\u00e9s. Pour chaque pays a \u00e9t\u00e9 choisi le sanctuaire que la population reconna\u00eet comme le plus important.<\/p>\n<p class=\"rtejustify\" style=\"text-align: justify;\">Pour la Belgique, c\u2019est le sanctuaire de Banneux qui a \u00e9t\u00e9 choisi. Le recteur honoraire, l\u2019abb\u00e9 Joseph Cassart (1994-2008), y a pris part depuis sa cr\u00e9ation \u00e0 Lourdes en 2003.<\/p>\n<p class=\"rtejustify\" style=\"text-align: justify;\">En 2003, Lourdes avait accueilli la premi\u00e8re de ces rencontres autour du th\u00e8me\u00a0<em>Dans le cadre de l\u2019ann\u00e9e du Rosaire<\/em>, ouvrant une r\u00e9elle communication entre les sanctuaires.<\/p>\n<p>Cliquez <strong><a href=\"https:\/\/www.lourdes-france.org\/reseau-marial-europeen#_\" target=\"_blank\" rel=\"noopener\">ici<\/a><\/strong> pour en savoir plus sur le R\u00e9seau marial europ\u00e9en !<\/p>\n<hr \/>\n<p>3. L\u2019<a href=\"https:\/\/banneux-nd.be\/pl\/anddp\/\" target=\"_blank\" rel=\"noopener\"><strong><em>Association nationale des Directeurs dioc\u00e9sains de P\u00e8lerinage <\/em>(ANDDP)<\/strong><\/a><\/p>\n<hr \/>\n<p>4. L&#8217;<a href=\"https:\/\/banneux-nd.be\/pl\/ars\/\" target=\"_blank\" rel=\"noopener\"><em><strong>Association des responsables de sanctuaire<\/strong><\/em><\/a> (ARS)<\/p>\n<hr \/>\n<p>&nbsp;<\/p>\n","protected":false},"excerpt":{"rendered":"<p>Le sanctuaire de la Vierge des Pauvres fait notamment partie des r\u00e9seaux suivants : 1. L&#8217;Union internationale de Pri\u00e8re (UIP) Par trois fois lors des apparitions \u00e0 Mariette, la Vierge Marie lui dit :\u00a0Priez beaucoup. Lors de la fondation de l\u2019Union internationale de Pri\u00e8re\u00a0(UIP) par le chapelain Louis Jamin entour\u00e9 d\u2019une \u00e9quipe de la\u00efcs \u2014union approuv\u00e9e par Mgr Kerkhofs, le 24 septembre 1934\u2014 certains firent cette objection :\u00a0N\u2019\u00eates-vous pas un peu pr\u00e9tentieux de qualifier cette Union d\u2019internationale\u00a0une ann\u00e9e \u00e0 peine apr\u00e8s les apparitions ?\u00a0Alors l\u2019abb\u00e9 Jamin r\u00e9pondait\u00a0:\u00a0Venez voir les lettres que je re\u00e7ois de partout !\u00a0Sa r\u00e9ponse ne laissait planer aucun doute. Cette UIP existe toujours. Les membres s\u2019engagent \u00e0 r\u00e9citer chaque jour la Pri\u00e8re \u00e0 la Vierge des Pauvres, [&hellip;]<\/p>\n","protected":false},"author":4,"featured_media":0,"parent":0,"menu_order":0,"comment_status":"closed","ping_status":"closed","template":"","meta":{"advgb_blocks_editor_width":"","advgb_blocks_columns_visual_guide":"","jetpack_post_was_ever_published":false,"footnotes":""},"class_list":["post-1770","page","type-page","status-publish","hentry"],"yoast_head":"<!-- This site is optimized with the Yoast SEO plugin v27.4 - https:\/\/yoast.com\/product\/yoast-seo-wordpress\/ -->\n<title>Banneux et ses r\u00e9seaux - Banneux Notre-Dame<\/title>\n<meta name=\"robots\" content=\"index, follow, max-snippet:-1, max-image-preview:large, max-video-preview:-1\" \/>\n<link rel=\"canonical\" href=\"https:\/\/banneux-nd.be\/pl\/banneux-et-ses-reseaux\/\" \/>\n<meta property=\"og:locale\" content=\"pl_PL\" \/>\n<meta property=\"og:type\" content=\"article\" \/>\n<meta property=\"og:title\" content=\"Banneux et ses r\u00e9seaux - Banneux Notre-Dame\" \/>\n<meta property=\"og:description\" content=\"Le sanctuaire de la Vierge des Pauvres fait notamment partie des r\u00e9seaux suivants : 1. L&#8217;Union internationale de Pri\u00e8re (UIP) Par trois fois lors des apparitions \u00e0 Mariette, la Vierge Marie lui dit :\u00a0Priez beaucoup. Lors de la fondation de l\u2019Union internationale de Pri\u00e8re\u00a0(UIP) par le chapelain Louis Jamin entour\u00e9 d\u2019une \u00e9quipe de la\u00efcs \u2014union approuv\u00e9e par Mgr Kerkhofs, le 24 septembre 1934\u2014 certains firent cette objection :\u00a0N\u2019\u00eates-vous pas un peu pr\u00e9tentieux de qualifier cette Union d\u2019internationale\u00a0une ann\u00e9e \u00e0 peine apr\u00e8s les apparitions ?\u00a0Alors l\u2019abb\u00e9 Jamin r\u00e9pondait\u00a0:\u00a0Venez voir les lettres que je re\u00e7ois de partout !\u00a0Sa r\u00e9ponse ne laissait planer aucun doute. Cette UIP existe toujours. Les membres s\u2019engagent \u00e0 r\u00e9citer chaque jour la Pri\u00e8re \u00e0 la Vierge des Pauvres, [&hellip;]\" \/>\n<meta property=\"og:url\" content=\"https:\/\/banneux-nd.be\/pl\/banneux-et-ses-reseaux\/\" \/>\n<meta property=\"og:site_name\" content=\"Banneux Notre-Dame\" \/>\n<meta property=\"article:publisher\" content=\"https:\/\/www.facebook.com\/NDBanneux\/\" \/>\n<meta property=\"article:modified_time\" content=\"2024-04-18T15:53:21+00:00\" \/>\n<meta name=\"twitter:card\" content=\"summary_large_image\" \/>\n<meta name=\"twitter:label1\" content=\"Est. reading time\" \/>\n\t<meta name=\"twitter:data1\" content=\"2 minutes\" \/>\n<script type=\"application\/ld+json\" class=\"yoast-schema-graph\">{\"@context\":\"https:\\\/\\\/schema.org\",\"@graph\":[{\"@type\":\"WebPage\",\"@id\":\"https:\\\/\\\/banneux-nd.be\\\/pl\\\/banneux-et-ses-reseaux\\\/\",\"url\":\"https:\\\/\\\/banneux-nd.be\\\/pl\\\/banneux-et-ses-reseaux\\\/\",\"name\":\"Banneux et ses r\u00e9seaux - Banneux Notre-Dame\",\"isPartOf\":{\"@id\":\"https:\\\/\\\/banneux-nd.be\\\/pl\\\/#website\"},\"datePublished\":\"2018-01-13T20:49:10+00:00\",\"dateModified\":\"2024-04-18T15:53:21+00:00\",\"breadcrumb\":{\"@id\":\"https:\\\/\\\/banneux-nd.be\\\/pl\\\/banneux-et-ses-reseaux\\\/#breadcrumb\"},\"inLanguage\":\"pl-PL\",\"potentialAction\":[{\"@type\":\"ReadAction\",\"target\":[\"https:\\\/\\\/banneux-nd.be\\\/pl\\\/banneux-et-ses-reseaux\\\/\"]}]},{\"@type\":\"BreadcrumbList\",\"@id\":\"https:\\\/\\\/banneux-nd.be\\\/pl\\\/banneux-et-ses-reseaux\\\/#breadcrumb\",\"itemListElement\":[{\"@type\":\"ListItem\",\"position\":1,\"name\":\"Accueil\",\"item\":\"https:\\\/\\\/banneux-nd.be\\\/pl\\\/witamy-w-banneux\\\/\"},{\"@type\":\"ListItem\",\"position\":2,\"name\":\"Banneux et ses r\u00e9seaux\"}]},{\"@type\":\"WebSite\",\"@id\":\"https:\\\/\\\/banneux-nd.be\\\/pl\\\/#website\",\"url\":\"https:\\\/\\\/banneux-nd.be\\\/pl\\\/\",\"name\":\"Banneux Notre-Dame\",\"description\":\"Sanctuaire de la Vierge des Pauvres (Belgique)\",\"potentialAction\":[{\"@type\":\"SearchAction\",\"target\":{\"@type\":\"EntryPoint\",\"urlTemplate\":\"https:\\\/\\\/banneux-nd.be\\\/pl\\\/?s={search_term_string}\"},\"query-input\":{\"@type\":\"PropertyValueSpecification\",\"valueRequired\":true,\"valueName\":\"search_term_string\"}}],\"inLanguage\":\"pl-PL\"}]}<\/script>\n<!-- \/ Yoast SEO plugin. -->","yoast_head_json":{"title":"Banneux et ses r\u00e9seaux - Banneux Notre-Dame","robots":{"index":"index","follow":"follow","max-snippet":"max-snippet:-1","max-image-preview":"max-image-preview:large","max-video-preview":"max-video-preview:-1"},"canonical":"https:\/\/banneux-nd.be\/pl\/banneux-et-ses-reseaux\/","og_locale":"pl_PL","og_type":"article","og_title":"Banneux et ses r\u00e9seaux - Banneux Notre-Dame","og_description":"Le sanctuaire de la Vierge des Pauvres fait notamment partie des r\u00e9seaux suivants : 1. L&#8217;Union internationale de Pri\u00e8re (UIP) Par trois fois lors des apparitions \u00e0 Mariette, la Vierge Marie lui dit :\u00a0Priez beaucoup. Lors de la fondation de l\u2019Union internationale de Pri\u00e8re\u00a0(UIP) par le chapelain Louis Jamin entour\u00e9 d\u2019une \u00e9quipe de la\u00efcs \u2014union approuv\u00e9e par Mgr Kerkhofs, le 24 septembre 1934\u2014 certains firent cette objection :\u00a0N\u2019\u00eates-vous pas un peu pr\u00e9tentieux de qualifier cette Union d\u2019internationale\u00a0une ann\u00e9e \u00e0 peine apr\u00e8s les apparitions ?\u00a0Alors l\u2019abb\u00e9 Jamin r\u00e9pondait\u00a0:\u00a0Venez voir les lettres que je re\u00e7ois de partout !\u00a0Sa r\u00e9ponse ne laissait planer aucun doute. Cette UIP existe toujours. Les membres s\u2019engagent \u00e0 r\u00e9citer chaque jour la Pri\u00e8re \u00e0 la Vierge des Pauvres, [&hellip;]","og_url":"https:\/\/banneux-nd.be\/pl\/banneux-et-ses-reseaux\/","og_site_name":"Banneux Notre-Dame","article_publisher":"https:\/\/www.facebook.com\/NDBanneux\/","article_modified_time":"2024-04-18T15:53:21+00:00","twitter_card":"summary_large_image","twitter_misc":{"Est. reading time":"2 minutes"},"schema":{"@context":"https:\/\/schema.org","@graph":[{"@type":"WebPage","@id":"https:\/\/banneux-nd.be\/pl\/banneux-et-ses-reseaux\/","url":"https:\/\/banneux-nd.be\/pl\/banneux-et-ses-reseaux\/","name":"Banneux et ses r\u00e9seaux - Banneux Notre-Dame","isPartOf":{"@id":"https:\/\/banneux-nd.be\/pl\/#website"},"datePublished":"2018-01-13T20:49:10+00:00","dateModified":"2024-04-18T15:53:21+00:00","breadcrumb":{"@id":"https:\/\/banneux-nd.be\/pl\/banneux-et-ses-reseaux\/#breadcrumb"},"inLanguage":"pl-PL","potentialAction":[{"@type":"ReadAction","target":["https:\/\/banneux-nd.be\/pl\/banneux-et-ses-reseaux\/"]}]},{"@type":"BreadcrumbList","@id":"https:\/\/banneux-nd.be\/pl\/banneux-et-ses-reseaux\/#breadcrumb","itemListElement":[{"@type":"ListItem","position":1,"name":"Accueil","item":"https:\/\/banneux-nd.be\/pl\/witamy-w-banneux\/"},{"@type":"ListItem","position":2,"name":"Banneux et ses r\u00e9seaux"}]},{"@type":"WebSite","@id":"https:\/\/banneux-nd.be\/pl\/#website","url":"https:\/\/banneux-nd.be\/pl\/","name":"Banneux Notre-Dame","description":"Sanctuaire de la Vierge des Pauvres (Belgique)","potentialAction":[{"@type":"SearchAction","target":{"@type":"EntryPoint","urlTemplate":"https:\/\/banneux-nd.be\/pl\/?s={search_term_string}"},"query-input":{"@type":"PropertyValueSpecification","valueRequired":true,"valueName":"search_term_string"}}],"inLanguage":"pl-PL"}]}},"coauthors":[],"author_meta":{"author_link":"https:\/\/banneux-nd.be\/pl\/author\/dreusdeille\/","display_name":"Anne-Elisabeth N\u00e8ve"},"relative_dates":{"created":"Posted 8 years ago","modified":"Updated 2 years ago"},"absolute_dates":{"created":"Posted on 01\/13\/2018","modified":"Updated on 04\/18\/2024"},"absolute_dates_time":{"created":"Posted on 01\/13\/2018 21 h 49 min","modified":"Updated on 04\/18\/2024 17 h 53 min"},"featured_img_caption":"","featured_img":false,"series_order":"","jetpack_sharing_enabled":true,"_links":{"self":[{"href":"https:\/\/banneux-nd.be\/pl\/wp-json\/wp\/v2\/pages\/1770","targetHints":{"allow":["GET"]}}],"collection":[{"href":"https:\/\/banneux-nd.be\/pl\/wp-json\/wp\/v2\/pages"}],"about":[{"href":"https:\/\/banneux-nd.be\/pl\/wp-json\/wp\/v2\/types\/page"}],"author":[{"embeddable":true,"href":"https:\/\/banneux-nd.be\/pl\/wp-json\/wp\/v2\/users\/4"}],"replies":[{"embeddable":true,"href":"https:\/\/banneux-nd.be\/pl\/wp-json\/wp\/v2\/comments?post=1770"}],"version-history":[{"count":2,"href":"https:\/\/banneux-nd.be\/pl\/wp-json\/wp\/v2\/pages\/1770\/revisions"}],"predecessor-version":[{"id":18391,"href":"https:\/\/banneux-nd.be\/pl\/wp-json\/wp\/v2\/pages\/1770\/revisions\/18391"}],"wp:attachment":[{"href":"https:\/\/banneux-nd.be\/pl\/wp-json\/wp\/v2\/media?parent=1770"}],"curies":[{"name":"wp","href":"https:\/\/api.w.org\/{rel}","templated":true}]}}