{"id":1795,"date":"2018-01-13T22:02:39","date_gmt":"2018-01-13T21:02:39","guid":{"rendered":"http:\/\/wwwwp2.banneux-nd.be\/wp\/?page_id=1795"},"modified":"2018-09-12T16:47:37","modified_gmt":"2018-09-12T14:47:37","slug":"decouvrir","status":"publish","type":"page","link":"https:\/\/banneux-nd.be\/pl\/decouvrir\/","title":{"rendered":"D\u00e9couvrir"},"content":{"rendered":"<p style=\"text-align: justify;\">Dans cette section du site, nous vous invitons \u00e0 d\u00e9couvrir le <a href=\"https:\/\/banneux-nd.be\/pl\/theme-annee\/\" target=\"_blank\" rel=\"noopener\"><strong>th\u00e8me de l&#8217;ann\u00e9e<\/strong><\/a><strong>,<\/strong>\u00a0<strong><a href=\"https:\/\/banneux-nd.be\/pl\/les-lieux\/\" target=\"_blank\" rel=\"noopener\">les lieux<\/a><\/strong> qui composent le sanctuaire de Banneux.<\/p>\n<p style=\"text-align: justify;\">Mais aussi les <strong><a href=\"https:\/\/banneux-nd.be\/pl\/prieres-de-banneux\/\" target=\"_blank\" rel=\"noopener\">pri\u00e8res<\/a> <\/strong>et les <strong><a href=\"https:\/\/banneux-nd.be\/pl\/chants-de-banneux\/\" target=\"_blank\" rel=\"noopener\">chants<\/a> <\/strong>r\u00e9dig\u00e9s et compos\u00e9s sp\u00e9cialement pour le sanctuaire, en l&#8217;honneur de Marie<\/p>\n<p style=\"text-align: justify;\">Pour mieux conna\u00eetre le message et le sanctuaire, vous pouvez vous abonner \u00e0 la <strong><a href=\"https:\/\/banneux-nd.be\/pl\/revue\/\" target=\"_blank\" rel=\"noopener\">revue<\/a> <\/strong>et acheter quelques <strong><a href=\"https:\/\/banneux-nd.be\/pl\/revue\/\" target=\"_blank\" rel=\"noopener\">publications<\/a><\/strong>.<\/p>\n<p style=\"text-align: justify;\">Enfin, Banneux fait partie de plusieurs r\u00e9seaux qui relient des sanctuaires : <strong><a href=\"https:\/\/banneux-nd.be\/pl\/banneux-et-ses-reseaux\/\" target=\"_blank\" rel=\"noopener\">pr\u00e9sentation<\/a> <\/strong>!<\/p>\n<p style=\"text-align: justify;\"><img fetchpriority=\"high\" decoding=\"async\" class=\"aligncenter size-full wp-image-8569\" src=\"https:\/\/banneux-nd.be\/wp-content\/uploads\/2018\/05\/2014-03-25-Banneux-Annonciation-17.jpg\" alt=\"\" width=\"1296\" height=\"864\" srcset=\"https:\/\/banneux-nd.be\/wp-content\/uploads\/2018\/05\/2014-03-25-Banneux-Annonciation-17.jpg 1296w, https:\/\/banneux-nd.be\/wp-content\/uploads\/2018\/05\/2014-03-25-Banneux-Annonciation-17-300x200.jpg 300w, https:\/\/banneux-nd.be\/wp-content\/uploads\/2018\/05\/2014-03-25-Banneux-Annonciation-17-768x512.jpg 768w, https:\/\/banneux-nd.be\/wp-content\/uploads\/2018\/05\/2014-03-25-Banneux-Annonciation-17-1024x683.jpg 1024w\" sizes=\"(max-width: 1296px) 100vw, 1296px\" \/><\/p>\n","protected":false},"excerpt":{"rendered":"<p>Dans cette section du site, nous vous invitons \u00e0 d\u00e9couvrir le th\u00e8me de l&#8217;ann\u00e9e,\u00a0les lieux qui composent le sanctuaire de Banneux. Mais aussi les pri\u00e8res et les chants r\u00e9dig\u00e9s et compos\u00e9s sp\u00e9cialement pour le sanctuaire, en l&#8217;honneur de Marie Pour mieux conna\u00eetre le message et le sanctuaire, vous pouvez vous abonner \u00e0 la revue et acheter quelques publications. Enfin, Banneux fait partie de plusieurs r\u00e9seaux qui relient des sanctuaires : pr\u00e9sentation !<\/p>\n","protected":false},"author":4,"featured_media":0,"parent":0,"menu_order":0,"comment_status":"closed","ping_status":"closed","template":"","meta":{"advgb_blocks_editor_width":"","advgb_blocks_columns_visual_guide":"","jetpack_post_was_ever_published":false,"footnotes":""},"class_list":["post-1795","page","type-page","status-publish","hentry"],"yoast_head":"<!-- This site is optimized with the Yoast SEO plugin v27.3 - https:\/\/yoast.com\/product\/yoast-seo-wordpress\/ -->\n<title>D\u00e9couvrir - Banneux Notre-Dame<\/title>\n<meta name=\"robots\" content=\"index, follow, max-snippet:-1, max-image-preview:large, max-video-preview:-1\" \/>\n<link rel=\"canonical\" href=\"https:\/\/banneux-nd.be\/pl\/decouvrir\/\" \/>\n<meta property=\"og:locale\" content=\"pl_PL\" \/>\n<meta property=\"og:type\" content=\"article\" \/>\n<meta property=\"og:title\" content=\"D\u00e9couvrir - Banneux Notre-Dame\" \/>\n<meta property=\"og:description\" content=\"Dans cette section du site, nous vous invitons \u00e0 d\u00e9couvrir le th\u00e8me de l&#8217;ann\u00e9e,\u00a0les lieux qui composent le sanctuaire de Banneux. Mais aussi les pri\u00e8res et les chants r\u00e9dig\u00e9s et compos\u00e9s sp\u00e9cialement pour le sanctuaire, en l&#8217;honneur de Marie Pour mieux conna\u00eetre le message et le sanctuaire, vous pouvez vous abonner \u00e0 la revue et acheter quelques publications. Enfin, Banneux fait partie de plusieurs r\u00e9seaux qui relient des sanctuaires : pr\u00e9sentation !\" \/>\n<meta property=\"og:url\" content=\"https:\/\/banneux-nd.be\/pl\/decouvrir\/\" \/>\n<meta property=\"og:site_name\" content=\"Banneux Notre-Dame\" \/>\n<meta property=\"article:publisher\" content=\"https:\/\/www.facebook.com\/NDBanneux\/\" \/>\n<meta property=\"article:modified_time\" content=\"2018-09-12T14:47:37+00:00\" \/>\n<meta property=\"og:image\" content=\"https:\/\/banneux-nd.be\/wp-content\/uploads\/2018\/05\/2014-03-25-Banneux-Annonciation-17.jpg\" \/>\n<meta name=\"twitter:card\" content=\"summary_large_image\" \/>\n<script type=\"application\/ld+json\" class=\"yoast-schema-graph\">{\"@context\":\"https:\\\/\\\/schema.org\",\"@graph\":[{\"@type\":\"WebPage\",\"@id\":\"https:\\\/\\\/banneux-nd.be\\\/pl\\\/decouvrir\\\/\",\"url\":\"https:\\\/\\\/banneux-nd.be\\\/pl\\\/decouvrir\\\/\",\"name\":\"D\u00e9couvrir - Banneux Notre-Dame\",\"isPartOf\":{\"@id\":\"https:\\\/\\\/banneux-nd.be\\\/pl\\\/#website\"},\"primaryImageOfPage\":{\"@id\":\"https:\\\/\\\/banneux-nd.be\\\/pl\\\/decouvrir\\\/#primaryimage\"},\"image\":{\"@id\":\"https:\\\/\\\/banneux-nd.be\\\/pl\\\/decouvrir\\\/#primaryimage\"},\"thumbnailUrl\":\"https:\\\/\\\/banneux-nd.be\\\/wp-content\\\/uploads\\\/2018\\\/05\\\/2014-03-25-Banneux-Annonciation-17.jpg\",\"datePublished\":\"2018-01-13T21:02:39+00:00\",\"dateModified\":\"2018-09-12T14:47:37+00:00\",\"breadcrumb\":{\"@id\":\"https:\\\/\\\/banneux-nd.be\\\/pl\\\/decouvrir\\\/#breadcrumb\"},\"inLanguage\":\"pl-PL\",\"potentialAction\":[{\"@type\":\"ReadAction\",\"target\":[\"https:\\\/\\\/banneux-nd.be\\\/pl\\\/decouvrir\\\/\"]}]},{\"@type\":\"ImageObject\",\"inLanguage\":\"pl-PL\",\"@id\":\"https:\\\/\\\/banneux-nd.be\\\/pl\\\/decouvrir\\\/#primaryimage\",\"url\":\"https:\\\/\\\/banneux-nd.be\\\/wp-content\\\/uploads\\\/2018\\\/05\\\/2014-03-25-Banneux-Annonciation-17.jpg\",\"contentUrl\":\"https:\\\/\\\/banneux-nd.be\\\/wp-content\\\/uploads\\\/2018\\\/05\\\/2014-03-25-Banneux-Annonciation-17.jpg\"},{\"@type\":\"BreadcrumbList\",\"@id\":\"https:\\\/\\\/banneux-nd.be\\\/pl\\\/decouvrir\\\/#breadcrumb\",\"itemListElement\":[{\"@type\":\"ListItem\",\"position\":1,\"name\":\"Accueil\",\"item\":\"https:\\\/\\\/banneux-nd.be\\\/pl\\\/witamy-w-banneux\\\/\"},{\"@type\":\"ListItem\",\"position\":2,\"name\":\"D\u00e9couvrir\"}]},{\"@type\":\"WebSite\",\"@id\":\"https:\\\/\\\/banneux-nd.be\\\/pl\\\/#website\",\"url\":\"https:\\\/\\\/banneux-nd.be\\\/pl\\\/\",\"name\":\"Banneux Notre-Dame\",\"description\":\"Sanctuaire de la Vierge des Pauvres (Belgique)\",\"potentialAction\":[{\"@type\":\"SearchAction\",\"target\":{\"@type\":\"EntryPoint\",\"urlTemplate\":\"https:\\\/\\\/banneux-nd.be\\\/pl\\\/?s={search_term_string}\"},\"query-input\":{\"@type\":\"PropertyValueSpecification\",\"valueRequired\":true,\"valueName\":\"search_term_string\"}}],\"inLanguage\":\"pl-PL\"}]}<\/script>\n<!-- \/ Yoast SEO plugin. -->","yoast_head_json":{"title":"D\u00e9couvrir - Banneux Notre-Dame","robots":{"index":"index","follow":"follow","max-snippet":"max-snippet:-1","max-image-preview":"max-image-preview:large","max-video-preview":"max-video-preview:-1"},"canonical":"https:\/\/banneux-nd.be\/pl\/decouvrir\/","og_locale":"pl_PL","og_type":"article","og_title":"D\u00e9couvrir - Banneux Notre-Dame","og_description":"Dans cette section du site, nous vous invitons \u00e0 d\u00e9couvrir le th\u00e8me de l&#8217;ann\u00e9e,\u00a0les lieux qui composent le sanctuaire de Banneux. Mais aussi les pri\u00e8res et les chants r\u00e9dig\u00e9s et compos\u00e9s sp\u00e9cialement pour le sanctuaire, en l&#8217;honneur de Marie Pour mieux conna\u00eetre le message et le sanctuaire, vous pouvez vous abonner \u00e0 la revue et acheter quelques publications. Enfin, Banneux fait partie de plusieurs r\u00e9seaux qui relient des sanctuaires : pr\u00e9sentation !","og_url":"https:\/\/banneux-nd.be\/pl\/decouvrir\/","og_site_name":"Banneux Notre-Dame","article_publisher":"https:\/\/www.facebook.com\/NDBanneux\/","article_modified_time":"2018-09-12T14:47:37+00:00","og_image":[{"url":"https:\/\/banneux-nd.be\/wp-content\/uploads\/2018\/05\/2014-03-25-Banneux-Annonciation-17.jpg","type":"","width":"","height":""}],"twitter_card":"summary_large_image","schema":{"@context":"https:\/\/schema.org","@graph":[{"@type":"WebPage","@id":"https:\/\/banneux-nd.be\/pl\/decouvrir\/","url":"https:\/\/banneux-nd.be\/pl\/decouvrir\/","name":"D\u00e9couvrir - Banneux Notre-Dame","isPartOf":{"@id":"https:\/\/banneux-nd.be\/pl\/#website"},"primaryImageOfPage":{"@id":"https:\/\/banneux-nd.be\/pl\/decouvrir\/#primaryimage"},"image":{"@id":"https:\/\/banneux-nd.be\/pl\/decouvrir\/#primaryimage"},"thumbnailUrl":"https:\/\/banneux-nd.be\/wp-content\/uploads\/2018\/05\/2014-03-25-Banneux-Annonciation-17.jpg","datePublished":"2018-01-13T21:02:39+00:00","dateModified":"2018-09-12T14:47:37+00:00","breadcrumb":{"@id":"https:\/\/banneux-nd.be\/pl\/decouvrir\/#breadcrumb"},"inLanguage":"pl-PL","potentialAction":[{"@type":"ReadAction","target":["https:\/\/banneux-nd.be\/pl\/decouvrir\/"]}]},{"@type":"ImageObject","inLanguage":"pl-PL","@id":"https:\/\/banneux-nd.be\/pl\/decouvrir\/#primaryimage","url":"https:\/\/banneux-nd.be\/wp-content\/uploads\/2018\/05\/2014-03-25-Banneux-Annonciation-17.jpg","contentUrl":"https:\/\/banneux-nd.be\/wp-content\/uploads\/2018\/05\/2014-03-25-Banneux-Annonciation-17.jpg"},{"@type":"BreadcrumbList","@id":"https:\/\/banneux-nd.be\/pl\/decouvrir\/#breadcrumb","itemListElement":[{"@type":"ListItem","position":1,"name":"Accueil","item":"https:\/\/banneux-nd.be\/pl\/witamy-w-banneux\/"},{"@type":"ListItem","position":2,"name":"D\u00e9couvrir"}]},{"@type":"WebSite","@id":"https:\/\/banneux-nd.be\/pl\/#website","url":"https:\/\/banneux-nd.be\/pl\/","name":"Banneux Notre-Dame","description":"Sanctuaire de la Vierge des Pauvres (Belgique)","potentialAction":[{"@type":"SearchAction","target":{"@type":"EntryPoint","urlTemplate":"https:\/\/banneux-nd.be\/pl\/?s={search_term_string}"},"query-input":{"@type":"PropertyValueSpecification","valueRequired":true,"valueName":"search_term_string"}}],"inLanguage":"pl-PL"}]}},"coauthors":[],"author_meta":{"author_link":"https:\/\/banneux-nd.be\/pl\/author\/dreusdeille\/","display_name":"Anne-Elisabeth N\u00e8ve"},"relative_dates":{"created":"Posted 8 years ago","modified":"Updated 8 years ago"},"absolute_dates":{"created":"Posted on 01\/13\/2018","modified":"Updated on 09\/12\/2018"},"absolute_dates_time":{"created":"Posted on 01\/13\/2018 22 h 02 min","modified":"Updated on 09\/12\/2018 16 h 47 min"},"featured_img_caption":"","featured_img":false,"series_order":"","jetpack_sharing_enabled":true,"_links":{"self":[{"href":"https:\/\/banneux-nd.be\/pl\/wp-json\/wp\/v2\/pages\/1795","targetHints":{"allow":["GET"]}}],"collection":[{"href":"https:\/\/banneux-nd.be\/pl\/wp-json\/wp\/v2\/pages"}],"about":[{"href":"https:\/\/banneux-nd.be\/pl\/wp-json\/wp\/v2\/types\/page"}],"author":[{"embeddable":true,"href":"https:\/\/banneux-nd.be\/pl\/wp-json\/wp\/v2\/users\/4"}],"replies":[{"embeddable":true,"href":"https:\/\/banneux-nd.be\/pl\/wp-json\/wp\/v2\/comments?post=1795"}],"version-history":[{"count":5,"href":"https:\/\/banneux-nd.be\/pl\/wp-json\/wp\/v2\/pages\/1795\/revisions"}],"predecessor-version":[{"id":10922,"href":"https:\/\/banneux-nd.be\/pl\/wp-json\/wp\/v2\/pages\/1795\/revisions\/10922"}],"wp:attachment":[{"href":"https:\/\/banneux-nd.be\/pl\/wp-json\/wp\/v2\/media?parent=1795"}],"curies":[{"name":"wp","href":"https:\/\/api.w.org\/{rel}","templated":true}]}}