{"id":19514,"date":"2024-12-07T11:04:37","date_gmt":"2024-12-07T10:04:37","guid":{"rendered":"https:\/\/banneux-nd.be\/?page_id=19514"},"modified":"2024-12-07T11:10:48","modified_gmt":"2024-12-07T10:10:48","slug":"quest-ce-que-le-jubile","status":"publish","type":"page","link":"https:\/\/banneux-nd.be\/pl\/quest-ce-que-le-jubile\/","title":{"rendered":"Qu\u2019est ce que le Jubil\u00e9 ?"},"content":{"rendered":"<div class=\"spc-title center\">\n<h1 class=\"normal\"><img fetchpriority=\"high\" decoding=\"async\" class=\" wp-image-19485 alignleft\" src=\"https:\/\/banneux-nd.be\/wp-content\/uploads\/2024\/12\/Jubile2025-FR.png\" alt=\"\" width=\"348\" height=\"351\" srcset=\"https:\/\/banneux-nd.be\/wp-content\/uploads\/2024\/12\/Jubile2025-FR.png 556w, https:\/\/banneux-nd.be\/wp-content\/uploads\/2024\/12\/Jubile2025-FR-297x300.png 297w, https:\/\/banneux-nd.be\/wp-content\/uploads\/2024\/12\/Jubile2025-FR-150x150.png 150w\" sizes=\"(max-width: 348px) 100vw, 348px\" \/><\/h1>\n<\/div>\n<div class=\"spc-textimage\">\n<div class=\"body-text columns-count-1\">\n<p style=\"text-align: justify;\">\u00abJubil\u00e9\u00bb est le nom d&#8217;une ann\u00e9e particuli\u00e8re: il semble d\u00e9river de l\u2019instrument utilis\u00e9 pour en indiquer le d\u00e9but; il s&#8217;agit du\u00a0<i>yobel<\/i>, la corne de mouton, dont le son annonce le Jour de l\u2019Expiation\u00a0<i>(Yom Kippour<\/i>). Cette f\u00eate a lieu chaque ann\u00e9e, mais elle prend une signification particuli\u00e8re quand elle co\u00efncide avec le d\u00e9but de l&#8217;ann\u00e9e jubilaire. On en retrouve une premi\u00e8re id\u00e9e dans la Bible: il devait \u00eatre convoqu\u00e9 tous les 50 ans, car c\u2019\u00e9tait l&#8217;ann\u00e9e \u00absuppl\u00e9mentaire\u00bb, \u00e0 vivre toutes les sept semaines d&#8217;ann\u00e9es (cf. Lv 25,8-13). Bien que difficile \u00e0 r\u00e9aliser, il \u00e9tait propos\u00e9 comme l&#8217;occasion de r\u00e9tablir le rapport correct avec Dieu, entre les personnes et avec la cr\u00e9ation, et impliquait la remise des dettes, la restitution des terres ali\u00e9n\u00e9es et le repos de la terre.<\/p>\n<p style=\"text-align: justify;\">En citant le proph\u00e8te Isa\u00efe, l\u2019\u00e9vangile selon Saint Luc d\u00e9crit ainsi aussi la mission de J\u00e9sus: \u00abL&#8217;Esprit du Seigneur est au-dessus de moi; c\u2019est pourquoi il m&#8217;a consacr\u00e9 par l\u2019onction et m\u2019a envoy\u00e9 porter aux pauvres l&#8217;annonce heureuse, \u00e0 proclamer aux prisonniers la lib\u00e9ration et aux aveugles la vue; \u00e0 remettre en libert\u00e9 les opprim\u00e9s, \u00e0 proclamer l&#8217;ann\u00e9e de gr\u00e2ce du Seigneur\u00bb (Lc 4, 18-19 ; cf. Is 61,1-2). Ces paroles de J\u00e9sus sont \u00e9galement devenues des actions de lib\u00e9ration et de conversion dans le quotidien de ses rencontres et de ses relations.<\/p>\n<p style=\"text-align: justify;\">Boniface VIII en 1300 a convoqu\u00e9 le premier Jubil\u00e9, \u00e9galement appel\u00e9 \u00abAnn\u00e9e Sainte\u00bb, parce que c&#8217;est un temps o\u00f9 l&#8217;on exp\u00e9rimente que la saintet\u00e9 de Dieu nous transforme. La cadence a chang\u00e9 au fil du temps: au d\u00e9but, tous les 100 ans; elle est r\u00e9duite \u00e0 50 ans en 1343 par Cl\u00e9ment VI et \u00e0 25 ans en 1470 par Paul II. Il y a aussi des moments \u00abextraordinaires\u00bb : par exemple, en 1933, Pie XI a voulu rappeler l\u2019anniversaire de la R\u00e9demption et en 2015, le pape Fran\u00e7ois a lanc\u00e9 l\u2019Ann\u00e9e de la Mis\u00e9ricorde. La mani\u00e8re de c\u00e9l\u00e9brer cette ann\u00e9e a \u00e9galement \u00e9t\u00e9 diff\u00e9rente: \u00e0 l\u2019origine, elle co\u00efncidait avec la visite aux Basiliques romaines de Saint Pierre et de Saint Paul, puis avec le p\u00e8lerinage, par la suite d\u2019autres signes ont \u00e9t\u00e9 ajout\u00e9s, comme celui de la Porte Sainte. En participant \u00e0 l\u2019Ann\u00e9e Sainte, on vit l\u2019indulgence pl\u00e9ni\u00e8re.<\/p>\n<\/div>\n<p>Ce texte est publi\u00e9 sur <a href=\"https:\/\/www.iubilaeum2025.va\/fr\/giubileo-2025\/segni-del-giubileo.html\" target=\"_blank\" rel=\"noopener\">le site officiel du Jubil\u00e9 2025<\/a><\/p>\n<p>&nbsp;<\/p>\n<\/div>\n","protected":false},"excerpt":{"rendered":"<p>\u00abJubil\u00e9\u00bb est le nom d&#8217;une ann\u00e9e particuli\u00e8re: il semble d\u00e9river de l\u2019instrument utilis\u00e9 pour en indiquer le d\u00e9but; il s&#8217;agit du\u00a0yobel, la corne de mouton, dont le son annonce le Jour de l\u2019Expiation\u00a0(Yom Kippour). Cette f\u00eate a lieu chaque ann\u00e9e, mais elle prend une signification particuli\u00e8re quand elle co\u00efncide avec le d\u00e9but de l&#8217;ann\u00e9e jubilaire. On en retrouve une premi\u00e8re id\u00e9e dans la Bible: il devait \u00eatre convoqu\u00e9 tous les 50 ans, car c\u2019\u00e9tait l&#8217;ann\u00e9e \u00absuppl\u00e9mentaire\u00bb, \u00e0 vivre toutes les sept semaines d&#8217;ann\u00e9es (cf. Lv 25,8-13). Bien que difficile \u00e0 r\u00e9aliser, il \u00e9tait propos\u00e9 comme l&#8217;occasion de r\u00e9tablir le rapport correct avec Dieu, entre les personnes et avec la cr\u00e9ation, et impliquait la remise des dettes, la restitution des terres [&hellip;]<\/p>\n","protected":false},"author":10,"featured_media":0,"parent":0,"menu_order":0,"comment_status":"closed","ping_status":"closed","template":"","meta":{"advgb_blocks_editor_width":"","advgb_blocks_columns_visual_guide":"","jetpack_post_was_ever_published":false,"footnotes":""},"class_list":["post-19514","page","type-page","status-publish","hentry"],"yoast_head":"<!-- This site is optimized with the Yoast SEO plugin v27.3 - https:\/\/yoast.com\/product\/yoast-seo-wordpress\/ -->\n<title>Qu\u2019est ce que le Jubil\u00e9 ? - Banneux Notre-Dame<\/title>\n<meta name=\"robots\" content=\"index, follow, max-snippet:-1, max-image-preview:large, max-video-preview:-1\" \/>\n<link rel=\"canonical\" href=\"https:\/\/banneux-nd.be\/pl\/quest-ce-que-le-jubile\/\" \/>\n<meta property=\"og:locale\" content=\"pl_PL\" \/>\n<meta property=\"og:type\" content=\"article\" \/>\n<meta property=\"og:title\" content=\"Qu\u2019est ce que le Jubil\u00e9 ? - Banneux Notre-Dame\" \/>\n<meta property=\"og:description\" content=\"\u00abJubil\u00e9\u00bb est le nom d&#8217;une ann\u00e9e particuli\u00e8re: il semble d\u00e9river de l\u2019instrument utilis\u00e9 pour en indiquer le d\u00e9but; il s&#8217;agit du\u00a0yobel, la corne de mouton, dont le son annonce le Jour de l\u2019Expiation\u00a0(Yom Kippour). Cette f\u00eate a lieu chaque ann\u00e9e, mais elle prend une signification particuli\u00e8re quand elle co\u00efncide avec le d\u00e9but de l&#8217;ann\u00e9e jubilaire. On en retrouve une premi\u00e8re id\u00e9e dans la Bible: il devait \u00eatre convoqu\u00e9 tous les 50 ans, car c\u2019\u00e9tait l&#8217;ann\u00e9e \u00absuppl\u00e9mentaire\u00bb, \u00e0 vivre toutes les sept semaines d&#8217;ann\u00e9es (cf. Lv 25,8-13). Bien que difficile \u00e0 r\u00e9aliser, il \u00e9tait propos\u00e9 comme l&#8217;occasion de r\u00e9tablir le rapport correct avec Dieu, entre les personnes et avec la cr\u00e9ation, et impliquait la remise des dettes, la restitution des terres [&hellip;]\" \/>\n<meta property=\"og:url\" content=\"https:\/\/banneux-nd.be\/pl\/quest-ce-que-le-jubile\/\" \/>\n<meta property=\"og:site_name\" content=\"Banneux Notre-Dame\" \/>\n<meta property=\"article:publisher\" content=\"https:\/\/www.facebook.com\/NDBanneux\/\" \/>\n<meta property=\"article:modified_time\" content=\"2024-12-07T10:10:48+00:00\" \/>\n<meta property=\"og:image\" content=\"https:\/\/banneux-nd.be\/wp-content\/uploads\/2024\/12\/Jubile2025-FR.png\" \/>\n\t<meta property=\"og:image:width\" content=\"556\" \/>\n\t<meta property=\"og:image:height\" content=\"561\" \/>\n\t<meta property=\"og:image:type\" content=\"image\/png\" \/>\n<meta name=\"twitter:card\" content=\"summary_large_image\" \/>\n<meta name=\"twitter:label1\" content=\"Est. reading time\" \/>\n\t<meta name=\"twitter:data1\" content=\"3 minutes\" \/>\n<script type=\"application\/ld+json\" class=\"yoast-schema-graph\">{\"@context\":\"https:\\\/\\\/schema.org\",\"@graph\":[{\"@type\":\"WebPage\",\"@id\":\"https:\\\/\\\/banneux-nd.be\\\/pl\\\/quest-ce-que-le-jubile\\\/\",\"url\":\"https:\\\/\\\/banneux-nd.be\\\/pl\\\/quest-ce-que-le-jubile\\\/\",\"name\":\"Qu\u2019est ce que le Jubil\u00e9 ? - Banneux Notre-Dame\",\"isPartOf\":{\"@id\":\"https:\\\/\\\/banneux-nd.be\\\/pl\\\/#website\"},\"primaryImageOfPage\":{\"@id\":\"https:\\\/\\\/banneux-nd.be\\\/pl\\\/quest-ce-que-le-jubile\\\/#primaryimage\"},\"image\":{\"@id\":\"https:\\\/\\\/banneux-nd.be\\\/pl\\\/quest-ce-que-le-jubile\\\/#primaryimage\"},\"thumbnailUrl\":\"https:\\\/\\\/banneux-nd.be\\\/wp-content\\\/uploads\\\/2024\\\/12\\\/Jubile2025-FR.png\",\"datePublished\":\"2024-12-07T10:04:37+00:00\",\"dateModified\":\"2024-12-07T10:10:48+00:00\",\"breadcrumb\":{\"@id\":\"https:\\\/\\\/banneux-nd.be\\\/pl\\\/quest-ce-que-le-jubile\\\/#breadcrumb\"},\"inLanguage\":\"pl-PL\",\"potentialAction\":[{\"@type\":\"ReadAction\",\"target\":[\"https:\\\/\\\/banneux-nd.be\\\/pl\\\/quest-ce-que-le-jubile\\\/\"]}]},{\"@type\":\"ImageObject\",\"inLanguage\":\"pl-PL\",\"@id\":\"https:\\\/\\\/banneux-nd.be\\\/pl\\\/quest-ce-que-le-jubile\\\/#primaryimage\",\"url\":\"https:\\\/\\\/banneux-nd.be\\\/wp-content\\\/uploads\\\/2024\\\/12\\\/Jubile2025-FR.png\",\"contentUrl\":\"https:\\\/\\\/banneux-nd.be\\\/wp-content\\\/uploads\\\/2024\\\/12\\\/Jubile2025-FR.png\"},{\"@type\":\"BreadcrumbList\",\"@id\":\"https:\\\/\\\/banneux-nd.be\\\/pl\\\/quest-ce-que-le-jubile\\\/#breadcrumb\",\"itemListElement\":[{\"@type\":\"ListItem\",\"position\":1,\"name\":\"Accueil\",\"item\":\"https:\\\/\\\/banneux-nd.be\\\/pl\\\/witamy-w-banneux\\\/\"},{\"@type\":\"ListItem\",\"position\":2,\"name\":\"Qu\u2019est ce que le Jubil\u00e9 ?\"}]},{\"@type\":\"WebSite\",\"@id\":\"https:\\\/\\\/banneux-nd.be\\\/pl\\\/#website\",\"url\":\"https:\\\/\\\/banneux-nd.be\\\/pl\\\/\",\"name\":\"Banneux Notre-Dame\",\"description\":\"Sanctuaire de la Vierge des Pauvres (Belgique)\",\"potentialAction\":[{\"@type\":\"SearchAction\",\"target\":{\"@type\":\"EntryPoint\",\"urlTemplate\":\"https:\\\/\\\/banneux-nd.be\\\/pl\\\/?s={search_term_string}\"},\"query-input\":{\"@type\":\"PropertyValueSpecification\",\"valueRequired\":true,\"valueName\":\"search_term_string\"}}],\"inLanguage\":\"pl-PL\"}]}<\/script>\n<!-- \/ Yoast SEO plugin. -->","yoast_head_json":{"title":"Qu\u2019est ce que le Jubil\u00e9 ? - Banneux Notre-Dame","robots":{"index":"index","follow":"follow","max-snippet":"max-snippet:-1","max-image-preview":"max-image-preview:large","max-video-preview":"max-video-preview:-1"},"canonical":"https:\/\/banneux-nd.be\/pl\/quest-ce-que-le-jubile\/","og_locale":"pl_PL","og_type":"article","og_title":"Qu\u2019est ce que le Jubil\u00e9 ? - Banneux Notre-Dame","og_description":"\u00abJubil\u00e9\u00bb est le nom d&#8217;une ann\u00e9e particuli\u00e8re: il semble d\u00e9river de l\u2019instrument utilis\u00e9 pour en indiquer le d\u00e9but; il s&#8217;agit du\u00a0yobel, la corne de mouton, dont le son annonce le Jour de l\u2019Expiation\u00a0(Yom Kippour). Cette f\u00eate a lieu chaque ann\u00e9e, mais elle prend une signification particuli\u00e8re quand elle co\u00efncide avec le d\u00e9but de l&#8217;ann\u00e9e jubilaire. On en retrouve une premi\u00e8re id\u00e9e dans la Bible: il devait \u00eatre convoqu\u00e9 tous les 50 ans, car c\u2019\u00e9tait l&#8217;ann\u00e9e \u00absuppl\u00e9mentaire\u00bb, \u00e0 vivre toutes les sept semaines d&#8217;ann\u00e9es (cf. Lv 25,8-13). Bien que difficile \u00e0 r\u00e9aliser, il \u00e9tait propos\u00e9 comme l&#8217;occasion de r\u00e9tablir le rapport correct avec Dieu, entre les personnes et avec la cr\u00e9ation, et impliquait la remise des dettes, la restitution des terres [&hellip;]","og_url":"https:\/\/banneux-nd.be\/pl\/quest-ce-que-le-jubile\/","og_site_name":"Banneux Notre-Dame","article_publisher":"https:\/\/www.facebook.com\/NDBanneux\/","article_modified_time":"2024-12-07T10:10:48+00:00","og_image":[{"width":556,"height":561,"url":"https:\/\/banneux-nd.be\/wp-content\/uploads\/2024\/12\/Jubile2025-FR.png","type":"image\/png"}],"twitter_card":"summary_large_image","twitter_misc":{"Est. reading time":"3 minutes"},"schema":{"@context":"https:\/\/schema.org","@graph":[{"@type":"WebPage","@id":"https:\/\/banneux-nd.be\/pl\/quest-ce-que-le-jubile\/","url":"https:\/\/banneux-nd.be\/pl\/quest-ce-que-le-jubile\/","name":"Qu\u2019est ce que le Jubil\u00e9 ? - Banneux Notre-Dame","isPartOf":{"@id":"https:\/\/banneux-nd.be\/pl\/#website"},"primaryImageOfPage":{"@id":"https:\/\/banneux-nd.be\/pl\/quest-ce-que-le-jubile\/#primaryimage"},"image":{"@id":"https:\/\/banneux-nd.be\/pl\/quest-ce-que-le-jubile\/#primaryimage"},"thumbnailUrl":"https:\/\/banneux-nd.be\/wp-content\/uploads\/2024\/12\/Jubile2025-FR.png","datePublished":"2024-12-07T10:04:37+00:00","dateModified":"2024-12-07T10:10:48+00:00","breadcrumb":{"@id":"https:\/\/banneux-nd.be\/pl\/quest-ce-que-le-jubile\/#breadcrumb"},"inLanguage":"pl-PL","potentialAction":[{"@type":"ReadAction","target":["https:\/\/banneux-nd.be\/pl\/quest-ce-que-le-jubile\/"]}]},{"@type":"ImageObject","inLanguage":"pl-PL","@id":"https:\/\/banneux-nd.be\/pl\/quest-ce-que-le-jubile\/#primaryimage","url":"https:\/\/banneux-nd.be\/wp-content\/uploads\/2024\/12\/Jubile2025-FR.png","contentUrl":"https:\/\/banneux-nd.be\/wp-content\/uploads\/2024\/12\/Jubile2025-FR.png"},{"@type":"BreadcrumbList","@id":"https:\/\/banneux-nd.be\/pl\/quest-ce-que-le-jubile\/#breadcrumb","itemListElement":[{"@type":"ListItem","position":1,"name":"Accueil","item":"https:\/\/banneux-nd.be\/pl\/witamy-w-banneux\/"},{"@type":"ListItem","position":2,"name":"Qu\u2019est ce que le Jubil\u00e9 ?"}]},{"@type":"WebSite","@id":"https:\/\/banneux-nd.be\/pl\/#website","url":"https:\/\/banneux-nd.be\/pl\/","name":"Banneux Notre-Dame","description":"Sanctuaire de la Vierge des Pauvres (Belgique)","potentialAction":[{"@type":"SearchAction","target":{"@type":"EntryPoint","urlTemplate":"https:\/\/banneux-nd.be\/pl\/?s={search_term_string}"},"query-input":{"@type":"PropertyValueSpecification","valueRequired":true,"valueName":"search_term_string"}}],"inLanguage":"pl-PL"}]}},"coauthors":[],"author_meta":{"author_link":"https:\/\/banneux-nd.be\/pl\/author\/sanctuaire\/","display_name":"Fabian Delarbre"},"relative_dates":{"created":"Posted 1 year ago","modified":"Updated 1 year ago"},"absolute_dates":{"created":"Posted on 12\/07\/2024","modified":"Updated on 12\/07\/2024"},"absolute_dates_time":{"created":"Posted on 12\/07\/2024 11 h 04 min","modified":"Updated on 12\/07\/2024 11 h 10 min"},"featured_img_caption":"","featured_img":false,"series_order":"","jetpack_sharing_enabled":true,"_links":{"self":[{"href":"https:\/\/banneux-nd.be\/pl\/wp-json\/wp\/v2\/pages\/19514","targetHints":{"allow":["GET"]}}],"collection":[{"href":"https:\/\/banneux-nd.be\/pl\/wp-json\/wp\/v2\/pages"}],"about":[{"href":"https:\/\/banneux-nd.be\/pl\/wp-json\/wp\/v2\/types\/page"}],"author":[{"embeddable":true,"href":"https:\/\/banneux-nd.be\/pl\/wp-json\/wp\/v2\/users\/10"}],"replies":[{"embeddable":true,"href":"https:\/\/banneux-nd.be\/pl\/wp-json\/wp\/v2\/comments?post=19514"}],"version-history":[{"count":6,"href":"https:\/\/banneux-nd.be\/pl\/wp-json\/wp\/v2\/pages\/19514\/revisions"}],"predecessor-version":[{"id":19529,"href":"https:\/\/banneux-nd.be\/pl\/wp-json\/wp\/v2\/pages\/19514\/revisions\/19529"}],"wp:attachment":[{"href":"https:\/\/banneux-nd.be\/pl\/wp-json\/wp\/v2\/media?parent=19514"}],"curies":[{"name":"wp","href":"https:\/\/api.w.org\/{rel}","templated":true}]}}