{"id":20529,"date":"2026-01-26T10:45:12","date_gmt":"2026-01-26T09:45:12","guid":{"rendered":"https:\/\/banneux-nd.be\/?page_id=20529"},"modified":"2026-01-26T11:12:18","modified_gmt":"2026-01-26T10:12:18","slug":"aide_form_msg_confirm","status":"publish","type":"page","link":"https:\/\/banneux-nd.be\/pl\/aide_form_msg_confirm\/","title":{"rendered":"Aide formulaires &#8211; message de confirmation"},"content":{"rendered":"<p>Lorsque vous compl\u00e9tez un formulaire en ligne, veuillez vous assurez d&#8217;avoir bien cliqu\u00e9 sur le bouton d&#8217;envoi du formulaire.\u00a0 Si le formulaire a \u00e9t\u00e9 correctement compl\u00e9t\u00e9 sans champ obligatoire non rempli, sans erreur de validation et que vous avez bien cliqu\u00e9 sur le bouton d&#8217;envoi du formulaire, vous devez toujours recevoir un confirmation directe \u00e0 l&#8217;\u00e9cran comme illustr\u00e9e ci-dessous.<\/p>\n<p><img fetchpriority=\"high\" decoding=\"async\" class=\"alignnone size-full wp-image-20530\" src=\"https:\/\/banneux-nd.be\/wp-content\/uploads\/2026\/01\/message-confirmation-nobg.png\" alt=\"\" width=\"537\" height=\"476\" srcset=\"https:\/\/banneux-nd.be\/wp-content\/uploads\/2026\/01\/message-confirmation-nobg.png 537w, https:\/\/banneux-nd.be\/wp-content\/uploads\/2026\/01\/message-confirmation-nobg-300x266.png 300w\" sizes=\"(max-width: 537px) 100vw, 537px\" \/><\/p>\n<p>Pour certains formulaires tels que les formulaires d&#8217;inscription a un p\u00e8lerinage,\u00a0 vous devez recevoir en outre quasi imm\u00e9diatement une confirmation d&#8217;envoi \u00e0 l&#8217;adresse email renseign\u00e9e pour autant que vous ayez rempli cette adresse sans erreur.<\/p>\n","protected":false},"excerpt":{"rendered":"<p>Lorsque vous compl\u00e9tez un formulaire en ligne, veuillez vous assurez d&#8217;avoir bien cliqu\u00e9 sur le bouton d&#8217;envoi du formulaire.\u00a0 Si le formulaire a \u00e9t\u00e9 correctement compl\u00e9t\u00e9 sans champ obligatoire non rempli, sans erreur de validation et que vous avez bien cliqu\u00e9 sur le bouton d&#8217;envoi du formulaire, vous devez toujours recevoir un confirmation directe \u00e0 l&#8217;\u00e9cran comme illustr\u00e9e ci-dessous. Pour certains formulaires tels que les formulaires d&#8217;inscription a un p\u00e8lerinage,\u00a0 vous devez recevoir en outre quasi imm\u00e9diatement une confirmation d&#8217;envoi \u00e0 l&#8217;adresse email renseign\u00e9e pour autant que vous ayez rempli cette adresse sans erreur.<\/p>\n","protected":false},"author":2,"featured_media":0,"parent":0,"menu_order":0,"comment_status":"closed","ping_status":"closed","template":"","meta":{"advgb_blocks_editor_width":"","advgb_blocks_columns_visual_guide":"","jetpack_post_was_ever_published":false,"footnotes":""},"class_list":["post-20529","page","type-page","status-publish","hentry"],"yoast_head":"<!-- This site is optimized with the Yoast SEO plugin v27.4 - https:\/\/yoast.com\/product\/yoast-seo-wordpress\/ -->\n<title>Aide formulaires - message de confirmation - Banneux Notre-Dame<\/title>\n<meta name=\"robots\" content=\"index, follow, max-snippet:-1, max-image-preview:large, max-video-preview:-1\" \/>\n<link rel=\"canonical\" href=\"https:\/\/banneux-nd.be\/pl\/aide_form_msg_confirm\/\" \/>\n<meta property=\"og:locale\" content=\"pl_PL\" \/>\n<meta property=\"og:type\" content=\"article\" \/>\n<meta property=\"og:title\" content=\"Aide formulaires - message de confirmation - Banneux Notre-Dame\" \/>\n<meta property=\"og:description\" content=\"Lorsque vous compl\u00e9tez un formulaire en ligne, veuillez vous assurez d&#8217;avoir bien cliqu\u00e9 sur le bouton d&#8217;envoi du formulaire.\u00a0 Si le formulaire a \u00e9t\u00e9 correctement compl\u00e9t\u00e9 sans champ obligatoire non rempli, sans erreur de validation et que vous avez bien cliqu\u00e9 sur le bouton d&#8217;envoi du formulaire, vous devez toujours recevoir un confirmation directe \u00e0 l&#8217;\u00e9cran comme illustr\u00e9e ci-dessous. Pour certains formulaires tels que les formulaires d&#8217;inscription a un p\u00e8lerinage,\u00a0 vous devez recevoir en outre quasi imm\u00e9diatement une confirmation d&#8217;envoi \u00e0 l&#8217;adresse email renseign\u00e9e pour autant que vous ayez rempli cette adresse sans erreur.\" \/>\n<meta property=\"og:url\" content=\"https:\/\/banneux-nd.be\/pl\/aide_form_msg_confirm\/\" \/>\n<meta property=\"og:site_name\" content=\"Banneux Notre-Dame\" \/>\n<meta property=\"article:publisher\" content=\"https:\/\/www.facebook.com\/NDBanneux\/\" \/>\n<meta property=\"article:modified_time\" content=\"2026-01-26T10:12:18+00:00\" \/>\n<meta property=\"og:image\" content=\"https:\/\/banneux-nd.be\/wp-content\/uploads\/2026\/01\/message-confirmation-nobg.png\" \/>\n\t<meta property=\"og:image:width\" content=\"537\" \/>\n\t<meta property=\"og:image:height\" content=\"476\" \/>\n\t<meta property=\"og:image:type\" content=\"image\/png\" \/>\n<meta name=\"twitter:card\" content=\"summary_large_image\" \/>\n<meta name=\"twitter:label1\" content=\"Est. reading time\" \/>\n\t<meta name=\"twitter:data1\" content=\"1 minute\" \/>\n<script type=\"application\/ld+json\" class=\"yoast-schema-graph\">{\"@context\":\"https:\\\/\\\/schema.org\",\"@graph\":[{\"@type\":\"WebPage\",\"@id\":\"https:\\\/\\\/banneux-nd.be\\\/pl\\\/aide_form_msg_confirm\\\/\",\"url\":\"https:\\\/\\\/banneux-nd.be\\\/pl\\\/aide_form_msg_confirm\\\/\",\"name\":\"Aide formulaires - message de confirmation - Banneux Notre-Dame\",\"isPartOf\":{\"@id\":\"https:\\\/\\\/banneux-nd.be\\\/pl\\\/#website\"},\"primaryImageOfPage\":{\"@id\":\"https:\\\/\\\/banneux-nd.be\\\/pl\\\/aide_form_msg_confirm\\\/#primaryimage\"},\"image\":{\"@id\":\"https:\\\/\\\/banneux-nd.be\\\/pl\\\/aide_form_msg_confirm\\\/#primaryimage\"},\"thumbnailUrl\":\"https:\\\/\\\/banneux-nd.be\\\/wp-content\\\/uploads\\\/2026\\\/01\\\/message-confirmation-nobg.png\",\"datePublished\":\"2026-01-26T09:45:12+00:00\",\"dateModified\":\"2026-01-26T10:12:18+00:00\",\"breadcrumb\":{\"@id\":\"https:\\\/\\\/banneux-nd.be\\\/pl\\\/aide_form_msg_confirm\\\/#breadcrumb\"},\"inLanguage\":\"pl-PL\",\"potentialAction\":[{\"@type\":\"ReadAction\",\"target\":[\"https:\\\/\\\/banneux-nd.be\\\/pl\\\/aide_form_msg_confirm\\\/\"]}]},{\"@type\":\"ImageObject\",\"inLanguage\":\"pl-PL\",\"@id\":\"https:\\\/\\\/banneux-nd.be\\\/pl\\\/aide_form_msg_confirm\\\/#primaryimage\",\"url\":\"https:\\\/\\\/banneux-nd.be\\\/wp-content\\\/uploads\\\/2026\\\/01\\\/message-confirmation-nobg.png\",\"contentUrl\":\"https:\\\/\\\/banneux-nd.be\\\/wp-content\\\/uploads\\\/2026\\\/01\\\/message-confirmation-nobg.png\"},{\"@type\":\"BreadcrumbList\",\"@id\":\"https:\\\/\\\/banneux-nd.be\\\/pl\\\/aide_form_msg_confirm\\\/#breadcrumb\",\"itemListElement\":[{\"@type\":\"ListItem\",\"position\":1,\"name\":\"Accueil\",\"item\":\"https:\\\/\\\/banneux-nd.be\\\/pl\\\/witamy-w-banneux\\\/\"},{\"@type\":\"ListItem\",\"position\":2,\"name\":\"Aide formulaires &#8211; message de confirmation\"}]},{\"@type\":\"WebSite\",\"@id\":\"https:\\\/\\\/banneux-nd.be\\\/pl\\\/#website\",\"url\":\"https:\\\/\\\/banneux-nd.be\\\/pl\\\/\",\"name\":\"Banneux Notre-Dame\",\"description\":\"Sanctuaire de la Vierge des Pauvres (Belgique)\",\"potentialAction\":[{\"@type\":\"SearchAction\",\"target\":{\"@type\":\"EntryPoint\",\"urlTemplate\":\"https:\\\/\\\/banneux-nd.be\\\/pl\\\/?s={search_term_string}\"},\"query-input\":{\"@type\":\"PropertyValueSpecification\",\"valueRequired\":true,\"valueName\":\"search_term_string\"}}],\"inLanguage\":\"pl-PL\"}]}<\/script>\n<!-- \/ Yoast SEO plugin. -->","yoast_head_json":{"title":"Aide formulaires - message de confirmation - Banneux Notre-Dame","robots":{"index":"index","follow":"follow","max-snippet":"max-snippet:-1","max-image-preview":"max-image-preview:large","max-video-preview":"max-video-preview:-1"},"canonical":"https:\/\/banneux-nd.be\/pl\/aide_form_msg_confirm\/","og_locale":"pl_PL","og_type":"article","og_title":"Aide formulaires - message de confirmation - Banneux Notre-Dame","og_description":"Lorsque vous compl\u00e9tez un formulaire en ligne, veuillez vous assurez d&#8217;avoir bien cliqu\u00e9 sur le bouton d&#8217;envoi du formulaire.\u00a0 Si le formulaire a \u00e9t\u00e9 correctement compl\u00e9t\u00e9 sans champ obligatoire non rempli, sans erreur de validation et que vous avez bien cliqu\u00e9 sur le bouton d&#8217;envoi du formulaire, vous devez toujours recevoir un confirmation directe \u00e0 l&#8217;\u00e9cran comme illustr\u00e9e ci-dessous. Pour certains formulaires tels que les formulaires d&#8217;inscription a un p\u00e8lerinage,\u00a0 vous devez recevoir en outre quasi imm\u00e9diatement une confirmation d&#8217;envoi \u00e0 l&#8217;adresse email renseign\u00e9e pour autant que vous ayez rempli cette adresse sans erreur.","og_url":"https:\/\/banneux-nd.be\/pl\/aide_form_msg_confirm\/","og_site_name":"Banneux Notre-Dame","article_publisher":"https:\/\/www.facebook.com\/NDBanneux\/","article_modified_time":"2026-01-26T10:12:18+00:00","og_image":[{"width":537,"height":476,"url":"https:\/\/banneux-nd.be\/wp-content\/uploads\/2026\/01\/message-confirmation-nobg.png","type":"image\/png"}],"twitter_card":"summary_large_image","twitter_misc":{"Est. reading time":"1 minute"},"schema":{"@context":"https:\/\/schema.org","@graph":[{"@type":"WebPage","@id":"https:\/\/banneux-nd.be\/pl\/aide_form_msg_confirm\/","url":"https:\/\/banneux-nd.be\/pl\/aide_form_msg_confirm\/","name":"Aide formulaires - message de confirmation - Banneux Notre-Dame","isPartOf":{"@id":"https:\/\/banneux-nd.be\/pl\/#website"},"primaryImageOfPage":{"@id":"https:\/\/banneux-nd.be\/pl\/aide_form_msg_confirm\/#primaryimage"},"image":{"@id":"https:\/\/banneux-nd.be\/pl\/aide_form_msg_confirm\/#primaryimage"},"thumbnailUrl":"https:\/\/banneux-nd.be\/wp-content\/uploads\/2026\/01\/message-confirmation-nobg.png","datePublished":"2026-01-26T09:45:12+00:00","dateModified":"2026-01-26T10:12:18+00:00","breadcrumb":{"@id":"https:\/\/banneux-nd.be\/pl\/aide_form_msg_confirm\/#breadcrumb"},"inLanguage":"pl-PL","potentialAction":[{"@type":"ReadAction","target":["https:\/\/banneux-nd.be\/pl\/aide_form_msg_confirm\/"]}]},{"@type":"ImageObject","inLanguage":"pl-PL","@id":"https:\/\/banneux-nd.be\/pl\/aide_form_msg_confirm\/#primaryimage","url":"https:\/\/banneux-nd.be\/wp-content\/uploads\/2026\/01\/message-confirmation-nobg.png","contentUrl":"https:\/\/banneux-nd.be\/wp-content\/uploads\/2026\/01\/message-confirmation-nobg.png"},{"@type":"BreadcrumbList","@id":"https:\/\/banneux-nd.be\/pl\/aide_form_msg_confirm\/#breadcrumb","itemListElement":[{"@type":"ListItem","position":1,"name":"Accueil","item":"https:\/\/banneux-nd.be\/pl\/witamy-w-banneux\/"},{"@type":"ListItem","position":2,"name":"Aide formulaires &#8211; message de confirmation"}]},{"@type":"WebSite","@id":"https:\/\/banneux-nd.be\/pl\/#website","url":"https:\/\/banneux-nd.be\/pl\/","name":"Banneux Notre-Dame","description":"Sanctuaire de la Vierge des Pauvres (Belgique)","potentialAction":[{"@type":"SearchAction","target":{"@type":"EntryPoint","urlTemplate":"https:\/\/banneux-nd.be\/pl\/?s={search_term_string}"},"query-input":{"@type":"PropertyValueSpecification","valueRequired":true,"valueName":"search_term_string"}}],"inLanguage":"pl-PL"}]}},"coauthors":[],"author_meta":{"author_link":"https:\/\/banneux-nd.be\/pl\/author\/adminfr\/","display_name":"adminFR"},"relative_dates":{"created":"Posted 3 months ago","modified":"Updated 3 months ago"},"absolute_dates":{"created":"Posted on 01\/26\/2026","modified":"Updated on 01\/26\/2026"},"absolute_dates_time":{"created":"Posted on 01\/26\/2026 10 h 45 min","modified":"Updated on 01\/26\/2026 11 h 12 min"},"featured_img_caption":"","featured_img":false,"series_order":"","jetpack_sharing_enabled":true,"_links":{"self":[{"href":"https:\/\/banneux-nd.be\/pl\/wp-json\/wp\/v2\/pages\/20529","targetHints":{"allow":["GET"]}}],"collection":[{"href":"https:\/\/banneux-nd.be\/pl\/wp-json\/wp\/v2\/pages"}],"about":[{"href":"https:\/\/banneux-nd.be\/pl\/wp-json\/wp\/v2\/types\/page"}],"author":[{"embeddable":true,"href":"https:\/\/banneux-nd.be\/pl\/wp-json\/wp\/v2\/users\/2"}],"replies":[{"embeddable":true,"href":"https:\/\/banneux-nd.be\/pl\/wp-json\/wp\/v2\/comments?post=20529"}],"version-history":[{"count":2,"href":"https:\/\/banneux-nd.be\/pl\/wp-json\/wp\/v2\/pages\/20529\/revisions"}],"predecessor-version":[{"id":20540,"href":"https:\/\/banneux-nd.be\/pl\/wp-json\/wp\/v2\/pages\/20529\/revisions\/20540"}],"wp:attachment":[{"href":"https:\/\/banneux-nd.be\/pl\/wp-json\/wp\/v2\/media?parent=20529"}],"curies":[{"name":"wp","href":"https:\/\/api.w.org\/{rel}","templated":true}]}}