{"id":2071,"date":"2018-01-13T23:24:49","date_gmt":"2018-01-13T22:24:49","guid":{"rendered":"http:\/\/wwwwp2.banneux-nd.be\/wp\/?page_id=2071"},"modified":"2023-12-04T16:53:37","modified_gmt":"2023-12-04T15:53:37","slug":"les-lieux","status":"publish","type":"page","link":"https:\/\/banneux-nd.be\/pl\/les-lieux\/","title":{"rendered":"Les lieux"},"content":{"rendered":"<p style=\"text-align: center;\"><div id=\"image-map-pro-7004\"><\/div><\/p>\n<table border=\"0\" width=\"90%\">\n<tbody>\n<tr>\n<td width=\"17%\">\n<ol>\n<li><a href=\"https:\/\/banneux-nd.be\/pl\/chapelle-des-apparitions\/\" target=\"_blank\" rel=\"noopener\"><strong>Chapelle des Apparitions<\/strong><\/a><\/li>\n<li>Maison Beco<\/li>\n<li>Sacristie<\/li>\n<li>Confessionnaux &#8211; parloirs<\/li>\n<li>Chapelle du Saint-Sacrement \u2013 Confessionnaux<\/li>\n<li>Chapelle de la Croix<\/li>\n<li>Salle de projection<\/li>\n<li>Abri du Cur\u00e9 d\u2019Ars &#8211; Secr\u00e9tariat g\u00e9n\u00e9ral<\/li>\n<li>Bureau d&#8217;information<\/li>\n<li>Chapelle de la Protection de la M\u00e8re de Dieu<\/li>\n<li>M\u00e9morial de Mgr Kerkhofs<\/li>\n<li>Sainte Anne<\/li>\n<li>La Visitation<\/li>\n<li>Chapelles des \u00ab\u00a07 douleurs de Marie\u00a0\u00bb<\/li>\n<li>Monument de l\u2019Union internationale de Pri\u00e8re<\/li>\n<li><a href=\"https:\/\/banneux-nd.be\/pl\/source\/\" target=\"_blank\" rel=\"noopener\"><strong>La Source<\/strong><\/a><\/li>\n<li>Statue de saint Louis-Marie Grignion de Montfort<\/li>\n<li>St\u00e8le de l\u2019\u00e9toile<\/li>\n<li>Statue de la Vierge des Pauvres<\/li>\n<li><a href=\"https:\/\/banneux-nd.be\/pl\/esplanade\/\" target=\"_blank\" rel=\"noopener\">Esplanade<\/a><\/li>\n<li><strong>Chapelle Saint-Fran\u00e7ois d\u2019Assise<\/strong><\/li>\n<li><strong>Chapelle du Message<\/strong><\/li>\n<li>Chapelle Marie M\u00e9diatrice<\/li>\n<li>Confessionnaux<\/li>\n<li>Sacristie<\/li>\n<\/ol>\n<\/td>\n<td width=\"16%\">\n<ol start=\"26\">\n<li><a href=\"https:\/\/banneux-nd.be\/pl\/hospitalite\/\" target=\"_blank\" rel=\"noopener\"><strong>Hospitalit\u00e9<\/strong><\/a><\/li>\n<li>Abri Ste-Bernadette<\/li>\n<li>Toilettes<\/li>\n<li>Abri St-Camille<\/li>\n<li>Statue de saint Padre Pio<\/li>\n<li>Notre-Dame de La Vang<\/li>\n<li>Chapelle Notre-Dame de Walsingham<\/li>\n<li>M\u00e9morial de la Fraternit\u00e9 Li\u00e8ge-Chine<\/li>\n<li>Pavillon \u00ab\u00a0Missio\u00a0\u00bb<\/li>\n<li>Statue de saint Pierre-Julien Eymard<\/li>\n<li>Chapelle de l\u2019Annonciation<\/li>\n<li>Statue de saint Alphonse de Liguori<\/li>\n<li>Chapelle de saint Ignace<\/li>\n<li>Chapelle des 7 saints Servites<\/li>\n<li>Chapelle St-Michel-et-Ste-Jeanne-d&#8217;Arc<\/li>\n<li>Campanile<\/li>\n<li>Le Chemin de Croix<\/li>\n<li>La \u00ab\u00a0Shabann\u00a0\u00bb<\/li>\n<li>Statue de sainte Bernadette<\/li>\n<li>Statue de sainte Th\u00e9r\u00e8se de Lisieux<\/li>\n<li>Statue de la Vierge des Pauvres<\/li>\n<li><strong>\u00c9glise de la Vierge des Pauvres<\/strong><\/li>\n<li>Croix arm\u00e9nienne<\/li>\n<li>Chapelle Saint-Damien<\/li>\n<li>Maison d\u2019accueil de Chaityfontaine<\/li>\n<li>Salle &#8220;La Charmille&#8221;<\/li>\n<\/ol>\n<\/td>\n<\/tr>\n<\/tbody>\n<\/table>\n","protected":false},"excerpt":{"rendered":"<p>Chapelle des Apparitions Maison Beco Sacristie Confessionnaux &#8211; parloirs Chapelle du Saint-Sacrement \u2013 Confessionnaux Chapelle de la Croix Salle de projection Abri du Cur\u00e9 d\u2019Ars &#8211; Secr\u00e9tariat g\u00e9n\u00e9ral Bureau d&#8217;information Chapelle de la Protection de la M\u00e8re de Dieu M\u00e9morial de Mgr Kerkhofs Sainte Anne La Visitation Chapelles des \u00ab\u00a07 douleurs de Marie\u00a0\u00bb Monument de l\u2019Union internationale de Pri\u00e8re La Source Statue de saint Louis-Marie Grignion de Montfort St\u00e8le de l\u2019\u00e9toile Statue de la Vierge des Pauvres Esplanade Chapelle Saint-Fran\u00e7ois d\u2019Assise Chapelle du Message Chapelle Marie M\u00e9diatrice Confessionnaux Sacristie Hospitalit\u00e9 Abri Ste-Bernadette Toilettes Abri St-Camille Statue de saint Padre Pio Notre-Dame de La Vang Chapelle Notre-Dame de Walsingham M\u00e9morial de la Fraternit\u00e9 Li\u00e8ge-Chine Pavillon \u00ab\u00a0Missio\u00a0\u00bb Statue de saint Pierre-Julien Eymard [&hellip;]<\/p>\n","protected":false},"author":4,"featured_media":0,"parent":0,"menu_order":0,"comment_status":"closed","ping_status":"closed","template":"","meta":{"advgb_blocks_editor_width":"","advgb_blocks_columns_visual_guide":"","jetpack_post_was_ever_published":false,"footnotes":""},"class_list":["post-2071","page","type-page","status-publish","hentry"],"yoast_head":"<!-- This site is optimized with the Yoast SEO plugin v27.3 - https:\/\/yoast.com\/product\/yoast-seo-wordpress\/ -->\n<title>Les lieux - Banneux Notre-Dame<\/title>\n<meta name=\"robots\" content=\"index, follow, max-snippet:-1, max-image-preview:large, max-video-preview:-1\" \/>\n<link rel=\"canonical\" href=\"https:\/\/banneux-nd.be\/pl\/les-lieux\/\" \/>\n<meta property=\"og:locale\" content=\"pl_PL\" \/>\n<meta property=\"og:type\" content=\"article\" \/>\n<meta property=\"og:title\" content=\"Les lieux - Banneux Notre-Dame\" \/>\n<meta property=\"og:description\" content=\"Chapelle des Apparitions Maison Beco Sacristie Confessionnaux &#8211; parloirs Chapelle du Saint-Sacrement \u2013 Confessionnaux Chapelle de la Croix Salle de projection Abri du Cur\u00e9 d\u2019Ars &#8211; Secr\u00e9tariat g\u00e9n\u00e9ral Bureau d&#8217;information Chapelle de la Protection de la M\u00e8re de Dieu M\u00e9morial de Mgr Kerkhofs Sainte Anne La Visitation Chapelles des \u00ab\u00a07 douleurs de Marie\u00a0\u00bb Monument de l\u2019Union internationale de Pri\u00e8re La Source Statue de saint Louis-Marie Grignion de Montfort St\u00e8le de l\u2019\u00e9toile Statue de la Vierge des Pauvres Esplanade Chapelle Saint-Fran\u00e7ois d\u2019Assise Chapelle du Message Chapelle Marie M\u00e9diatrice Confessionnaux Sacristie Hospitalit\u00e9 Abri Ste-Bernadette Toilettes Abri St-Camille Statue de saint Padre Pio Notre-Dame de La Vang Chapelle Notre-Dame de Walsingham M\u00e9morial de la Fraternit\u00e9 Li\u00e8ge-Chine Pavillon \u00ab\u00a0Missio\u00a0\u00bb Statue de saint Pierre-Julien Eymard [&hellip;]\" \/>\n<meta property=\"og:url\" content=\"https:\/\/banneux-nd.be\/pl\/les-lieux\/\" \/>\n<meta property=\"og:site_name\" content=\"Banneux Notre-Dame\" \/>\n<meta property=\"article:publisher\" content=\"https:\/\/www.facebook.com\/NDBanneux\/\" \/>\n<meta property=\"article:modified_time\" content=\"2023-12-04T15:53:37+00:00\" \/>\n<meta name=\"twitter:card\" content=\"summary_large_image\" \/>\n<meta name=\"twitter:label1\" content=\"Est. reading time\" \/>\n\t<meta name=\"twitter:data1\" content=\"1 minute\" \/>\n<script type=\"application\/ld+json\" class=\"yoast-schema-graph\">{\"@context\":\"https:\\\/\\\/schema.org\",\"@graph\":[{\"@type\":\"WebPage\",\"@id\":\"https:\\\/\\\/banneux-nd.be\\\/pl\\\/les-lieux\\\/\",\"url\":\"https:\\\/\\\/banneux-nd.be\\\/pl\\\/les-lieux\\\/\",\"name\":\"Les lieux - Banneux Notre-Dame\",\"isPartOf\":{\"@id\":\"https:\\\/\\\/banneux-nd.be\\\/pl\\\/#website\"},\"datePublished\":\"2018-01-13T22:24:49+00:00\",\"dateModified\":\"2023-12-04T15:53:37+00:00\",\"breadcrumb\":{\"@id\":\"https:\\\/\\\/banneux-nd.be\\\/pl\\\/les-lieux\\\/#breadcrumb\"},\"inLanguage\":\"pl-PL\",\"potentialAction\":[{\"@type\":\"ReadAction\",\"target\":[\"https:\\\/\\\/banneux-nd.be\\\/pl\\\/les-lieux\\\/\"]}]},{\"@type\":\"BreadcrumbList\",\"@id\":\"https:\\\/\\\/banneux-nd.be\\\/pl\\\/les-lieux\\\/#breadcrumb\",\"itemListElement\":[{\"@type\":\"ListItem\",\"position\":1,\"name\":\"Accueil\",\"item\":\"https:\\\/\\\/banneux-nd.be\\\/pl\\\/witamy-w-banneux\\\/\"},{\"@type\":\"ListItem\",\"position\":2,\"name\":\"Les lieux\"}]},{\"@type\":\"WebSite\",\"@id\":\"https:\\\/\\\/banneux-nd.be\\\/pl\\\/#website\",\"url\":\"https:\\\/\\\/banneux-nd.be\\\/pl\\\/\",\"name\":\"Banneux Notre-Dame\",\"description\":\"Sanctuaire de la Vierge des Pauvres (Belgique)\",\"potentialAction\":[{\"@type\":\"SearchAction\",\"target\":{\"@type\":\"EntryPoint\",\"urlTemplate\":\"https:\\\/\\\/banneux-nd.be\\\/pl\\\/?s={search_term_string}\"},\"query-input\":{\"@type\":\"PropertyValueSpecification\",\"valueRequired\":true,\"valueName\":\"search_term_string\"}}],\"inLanguage\":\"pl-PL\"}]}<\/script>\n<!-- \/ Yoast SEO plugin. -->","yoast_head_json":{"title":"Les lieux - Banneux Notre-Dame","robots":{"index":"index","follow":"follow","max-snippet":"max-snippet:-1","max-image-preview":"max-image-preview:large","max-video-preview":"max-video-preview:-1"},"canonical":"https:\/\/banneux-nd.be\/pl\/les-lieux\/","og_locale":"pl_PL","og_type":"article","og_title":"Les lieux - Banneux Notre-Dame","og_description":"Chapelle des Apparitions Maison Beco Sacristie Confessionnaux &#8211; parloirs Chapelle du Saint-Sacrement \u2013 Confessionnaux Chapelle de la Croix Salle de projection Abri du Cur\u00e9 d\u2019Ars &#8211; Secr\u00e9tariat g\u00e9n\u00e9ral Bureau d&#8217;information Chapelle de la Protection de la M\u00e8re de Dieu M\u00e9morial de Mgr Kerkhofs Sainte Anne La Visitation Chapelles des \u00ab\u00a07 douleurs de Marie\u00a0\u00bb Monument de l\u2019Union internationale de Pri\u00e8re La Source Statue de saint Louis-Marie Grignion de Montfort St\u00e8le de l\u2019\u00e9toile Statue de la Vierge des Pauvres Esplanade Chapelle Saint-Fran\u00e7ois d\u2019Assise Chapelle du Message Chapelle Marie M\u00e9diatrice Confessionnaux Sacristie Hospitalit\u00e9 Abri Ste-Bernadette Toilettes Abri St-Camille Statue de saint Padre Pio Notre-Dame de La Vang Chapelle Notre-Dame de Walsingham M\u00e9morial de la Fraternit\u00e9 Li\u00e8ge-Chine Pavillon \u00ab\u00a0Missio\u00a0\u00bb Statue de saint Pierre-Julien Eymard [&hellip;]","og_url":"https:\/\/banneux-nd.be\/pl\/les-lieux\/","og_site_name":"Banneux Notre-Dame","article_publisher":"https:\/\/www.facebook.com\/NDBanneux\/","article_modified_time":"2023-12-04T15:53:37+00:00","twitter_card":"summary_large_image","twitter_misc":{"Est. reading time":"1 minute"},"schema":{"@context":"https:\/\/schema.org","@graph":[{"@type":"WebPage","@id":"https:\/\/banneux-nd.be\/pl\/les-lieux\/","url":"https:\/\/banneux-nd.be\/pl\/les-lieux\/","name":"Les lieux - Banneux Notre-Dame","isPartOf":{"@id":"https:\/\/banneux-nd.be\/pl\/#website"},"datePublished":"2018-01-13T22:24:49+00:00","dateModified":"2023-12-04T15:53:37+00:00","breadcrumb":{"@id":"https:\/\/banneux-nd.be\/pl\/les-lieux\/#breadcrumb"},"inLanguage":"pl-PL","potentialAction":[{"@type":"ReadAction","target":["https:\/\/banneux-nd.be\/pl\/les-lieux\/"]}]},{"@type":"BreadcrumbList","@id":"https:\/\/banneux-nd.be\/pl\/les-lieux\/#breadcrumb","itemListElement":[{"@type":"ListItem","position":1,"name":"Accueil","item":"https:\/\/banneux-nd.be\/pl\/witamy-w-banneux\/"},{"@type":"ListItem","position":2,"name":"Les lieux"}]},{"@type":"WebSite","@id":"https:\/\/banneux-nd.be\/pl\/#website","url":"https:\/\/banneux-nd.be\/pl\/","name":"Banneux Notre-Dame","description":"Sanctuaire de la Vierge des Pauvres (Belgique)","potentialAction":[{"@type":"SearchAction","target":{"@type":"EntryPoint","urlTemplate":"https:\/\/banneux-nd.be\/pl\/?s={search_term_string}"},"query-input":{"@type":"PropertyValueSpecification","valueRequired":true,"valueName":"search_term_string"}}],"inLanguage":"pl-PL"}]}},"coauthors":[],"author_meta":{"author_link":"https:\/\/banneux-nd.be\/pl\/author\/dreusdeille\/","display_name":"Anne-Elisabeth N\u00e8ve"},"relative_dates":{"created":"Posted 8 years ago","modified":"Updated 2 years ago"},"absolute_dates":{"created":"Posted on 01\/13\/2018","modified":"Updated on 12\/04\/2023"},"absolute_dates_time":{"created":"Posted on 01\/13\/2018 23 h 24 min","modified":"Updated on 12\/04\/2023 16 h 53 min"},"featured_img_caption":"","featured_img":false,"series_order":"","jetpack_sharing_enabled":true,"_links":{"self":[{"href":"https:\/\/banneux-nd.be\/pl\/wp-json\/wp\/v2\/pages\/2071","targetHints":{"allow":["GET"]}}],"collection":[{"href":"https:\/\/banneux-nd.be\/pl\/wp-json\/wp\/v2\/pages"}],"about":[{"href":"https:\/\/banneux-nd.be\/pl\/wp-json\/wp\/v2\/types\/page"}],"author":[{"embeddable":true,"href":"https:\/\/banneux-nd.be\/pl\/wp-json\/wp\/v2\/users\/4"}],"replies":[{"embeddable":true,"href":"https:\/\/banneux-nd.be\/pl\/wp-json\/wp\/v2\/comments?post=2071"}],"version-history":[{"count":2,"href":"https:\/\/banneux-nd.be\/pl\/wp-json\/wp\/v2\/pages\/2071\/revisions"}],"predecessor-version":[{"id":18028,"href":"https:\/\/banneux-nd.be\/pl\/wp-json\/wp\/v2\/pages\/2071\/revisions\/18028"}],"wp:attachment":[{"href":"https:\/\/banneux-nd.be\/pl\/wp-json\/wp\/v2\/media?parent=2071"}],"curies":[{"name":"wp","href":"https:\/\/api.w.org\/{rel}","templated":true}]}}