{"id":4388,"date":"2018-02-10T20:04:28","date_gmt":"2018-02-10T19:04:28","guid":{"rendered":"http:\/\/wwwwp2.banneux-nd.be\/?page_id=4388"},"modified":"2026-01-19T18:21:01","modified_gmt":"2026-01-19T17:21:01","slug":"demander-priere-old","status":"publish","type":"page","link":"https:\/\/banneux-nd.be\/pl\/demander-priere-old\/","title":{"rendered":"Confier une intention de pri\u00e8re"},"content":{"rendered":"\t\t<div data-elementor-type=\"wp-post\" data-elementor-id=\"4388\" class=\"elementor elementor-4388\" data-elementor-post-type=\"page\">\n\t\t\t\t\t\t<section class=\"elementor-section elementor-top-section elementor-element elementor-element-6911f8fa elementor-section-boxed elementor-section-height-default elementor-section-height-default\" data-id=\"6911f8fa\" data-element_type=\"section\">\n\t\t\t\t\t\t<div class=\"elementor-container elementor-column-gap-default\">\n\t\t\t\t\t<div class=\"elementor-column elementor-col-100 elementor-top-column elementor-element elementor-element-1a6b4632\" data-id=\"1a6b4632\" data-element_type=\"column\">\n\t\t\t<div class=\"elementor-widget-wrap elementor-element-populated\">\n\t\t\t\t\t\t<div class=\"elementor-element elementor-element-6ec5869f elementor-widget elementor-widget-text-editor\" data-id=\"6ec5869f\" data-element_type=\"widget\" data-widget_type=\"text-editor.default\">\n\t\t\t\t<div class=\"elementor-widget-container\">\n\t\t\t\t\t\t\t\t\t<p><span style=\"text-align: justify;\">Si vous souhaitez que la Vierge des Pauvres soit pri\u00e9e \u00e0 une intention qui vous est ch\u00e8re, remplissez le formulaire ci-dessous et cliquez sur le bouton &#8220;Envoyer&#8221;.<\/span><\/p><p><span style=\"color: #ff0000;\">*<\/span>=zone obligatoire<\/p>\t\t\t\t\t\t\t\t<\/div>\n\t\t\t\t<\/div>\n\t\t\t\t<div class=\"elementor-element elementor-element-3a52deab elementor-button-align-center elementor-widget elementor-widget-form\" data-id=\"3a52deab\" data-element_type=\"widget\" data-settings=\"{&quot;step_next_label&quot;:&quot;Suivant&quot;,&quot;step_previous_label&quot;:&quot;Pr\\u00e9c\\u00e9dent&quot;,&quot;button_width&quot;:&quot;100&quot;,&quot;step_type&quot;:&quot;number_text&quot;,&quot;step_icon_shape&quot;:&quot;circle&quot;}\" data-widget_type=\"form.default\">\n\t\t\t\t<div class=\"elementor-widget-container\">\n\t\t\t\t\t\t\t<form class=\"elementor-form\" method=\"post\" id=\"form_priere\" name=\"Demande Pri\u00e8re FR\">\n\t\t\t<input type=\"hidden\" name=\"post_id\" value=\"4388\"\/>\n\t\t\t<input type=\"hidden\" name=\"form_id\" value=\"3a52deab\"\/>\n\t\t\t<input type=\"hidden\" name=\"referer_title\" value=\"Banneux Notre-Dame\" \/>\n\n\t\t\t\n\t\t\t<div class=\"elementor-form-fields-wrapper elementor-labels-above\">\n\t\t\t\t\t\t\t\t<div class=\"elementor-field-type-text elementor-field-group elementor-column elementor-field-group-name elementor-col-100\">\n\t\t\t\t\t\t\t\t\t\t\t\t<label for=\"form-field-name\" class=\"elementor-field-label\">\n\t\t\t\t\t\t\t\tPr\u00e9nom et nom (facultatif)\t\t\t\t\t\t\t<\/label>\n\t\t\t\t\t\t\t\t\t\t\t\t\t\t<input size=\"1\" type=\"text\" name=\"form_fields[name]\" id=\"form-field-name\" class=\"elementor-field elementor-size-sm  elementor-field-textual\">\n\t\t\t\t\t\t\t\t\t\t\t<\/div>\n\t\t\t\t\t\t\t\t<div class=\"elementor-field-type-email elementor-field-group elementor-column elementor-field-group-email elementor-col-100\">\n\t\t\t\t\t\t\t\t\t\t\t\t<label for=\"form-field-email\" class=\"elementor-field-label\">\n\t\t\t\t\t\t\t\tAdresse courriel (facultatif)\t\t\t\t\t\t\t<\/label>\n\t\t\t\t\t\t\t\t\t\t\t\t\t\t<input size=\"1\" type=\"email\" name=\"form_fields[email]\" id=\"form-field-email\" class=\"elementor-field elementor-size-sm  elementor-field-textual\">\n\t\t\t\t\t\t\t\t\t\t\t<\/div>\n\t\t\t\t\t\t\t\t<div class=\"elementor-field-type-textarea elementor-field-group elementor-column elementor-field-group-message elementor-col-100 elementor-field-required elementor-mark-required\">\n\t\t\t\t\t\t\t\t\t\t\t\t<label for=\"form-field-message\" class=\"elementor-field-label\">\n\t\t\t\t\t\t\t\tJe souhaite que l'on prie pour...\t\t\t\t\t\t\t<\/label>\n\t\t\t\t\t\t<textarea class=\"elementor-field-textual elementor-field  elementor-size-sm\" name=\"form_fields[message]\" id=\"form-field-message\" rows=\"4\" required=\"required\" aria-required=\"true\"><\/textarea>\t\t\t\t<\/div>\n\t\t\t\t\t\t\t\t<div class=\"elementor-field-group elementor-column elementor-field-type-submit elementor-col-100 e-form__buttons\">\n\t\t\t\t\t<button class=\"elementor-button elementor-size-lg\" type=\"submit\">\n\t\t\t\t\t\t<span class=\"elementor-button-content-wrapper\">\n\t\t\t\t\t\t\t\t\t\t\t\t\t\t\t\t\t\t\t\t\t\t<span class=\"elementor-button-text\">Envoyer<\/span>\n\t\t\t\t\t\t\t\t\t\t\t\t\t<\/span>\n\t\t\t\t\t<\/button>\n\t\t\t\t<\/div>\n\t\t\t<\/div>\n\t\t<\/form>\n\t\t\t\t\t\t<\/div>\n\t\t\t\t<\/div>\n\t\t\t\t\t<\/div>\n\t\t<\/div>\n\t\t\t\t\t<\/div>\n\t\t<\/section>\n\t\t\t\t<\/div>\n\t\t","protected":false},"excerpt":{"rendered":"<p>Si vous souhaitez que la Vierge des Pauvres soit pri\u00e9e \u00e0 une intention qui vous est ch\u00e8re, remplissez le formulaire ci-dessous et cliquez sur le bouton &#8220;Envoyer&#8221;. *=zone obligatoire<\/p>\n","protected":false},"author":4,"featured_media":0,"parent":0,"menu_order":0,"comment_status":"closed","ping_status":"closed","template":"","meta":{"advgb_blocks_editor_width":"","advgb_blocks_columns_visual_guide":"","jetpack_post_was_ever_published":false,"footnotes":""},"class_list":["post-4388","page","type-page","status-publish","hentry"],"yoast_head":"<!-- This site is optimized with the Yoast SEO plugin v27.3 - https:\/\/yoast.com\/product\/yoast-seo-wordpress\/ -->\n<title>Confier une intention de pri\u00e8re - Banneux Notre-Dame<\/title>\n<meta name=\"description\" content=\"Si vous souhaitez que la Vierge des Pauvres soit pri\u00e9e \u00e0 une intention qui vous est ch\u00e8re, remplissez le formulaire ci-dessous !\" \/>\n<meta name=\"robots\" content=\"index, follow, max-snippet:-1, max-image-preview:large, max-video-preview:-1\" \/>\n<link rel=\"canonical\" href=\"https:\/\/banneux-nd.be\/pl\/demander-priere-old\/\" \/>\n<meta property=\"og:locale\" content=\"pl_PL\" \/>\n<meta property=\"og:type\" content=\"article\" \/>\n<meta property=\"og:title\" content=\"Confier une intention de pri\u00e8re - Banneux Notre-Dame\" \/>\n<meta property=\"og:description\" content=\"Si vous souhaitez que la Vierge des Pauvres soit pri\u00e9e \u00e0 une intention qui vous est ch\u00e8re, remplissez le formulaire ci-dessous !\" \/>\n<meta property=\"og:url\" content=\"https:\/\/banneux-nd.be\/pl\/demander-priere-old\/\" \/>\n<meta property=\"og:site_name\" content=\"Banneux Notre-Dame\" \/>\n<meta property=\"article:publisher\" content=\"https:\/\/www.facebook.com\/NDBanneux\/\" \/>\n<meta property=\"article:modified_time\" content=\"2026-01-19T17:21:01+00:00\" \/>\n<meta name=\"twitter:card\" content=\"summary_large_image\" \/>\n<meta name=\"twitter:label1\" content=\"Est. reading time\" \/>\n\t<meta name=\"twitter:data1\" content=\"1 minute\" \/>\n<script type=\"application\/ld+json\" class=\"yoast-schema-graph\">{\"@context\":\"https:\\\/\\\/schema.org\",\"@graph\":[{\"@type\":\"WebPage\",\"@id\":\"https:\\\/\\\/banneux-nd.be\\\/pl\\\/demander-priere-old\\\/\",\"url\":\"https:\\\/\\\/banneux-nd.be\\\/pl\\\/demander-priere-old\\\/\",\"name\":\"Confier une intention de pri\u00e8re - Banneux Notre-Dame\",\"isPartOf\":{\"@id\":\"https:\\\/\\\/banneux-nd.be\\\/pl\\\/#website\"},\"datePublished\":\"2018-02-10T19:04:28+00:00\",\"dateModified\":\"2026-01-19T17:21:01+00:00\",\"description\":\"Si vous souhaitez que la Vierge des Pauvres soit pri\u00e9e \u00e0 une intention qui vous est ch\u00e8re, remplissez le formulaire ci-dessous !\",\"breadcrumb\":{\"@id\":\"https:\\\/\\\/banneux-nd.be\\\/pl\\\/demander-priere-old\\\/#breadcrumb\"},\"inLanguage\":\"pl-PL\",\"potentialAction\":[{\"@type\":\"ReadAction\",\"target\":[\"https:\\\/\\\/banneux-nd.be\\\/pl\\\/demander-priere-old\\\/\"]}]},{\"@type\":\"BreadcrumbList\",\"@id\":\"https:\\\/\\\/banneux-nd.be\\\/pl\\\/demander-priere-old\\\/#breadcrumb\",\"itemListElement\":[{\"@type\":\"ListItem\",\"position\":1,\"name\":\"Accueil\",\"item\":\"https:\\\/\\\/banneux-nd.be\\\/pl\\\/witamy-w-banneux\\\/\"},{\"@type\":\"ListItem\",\"position\":2,\"name\":\"Confier une intention de pri\u00e8re\"}]},{\"@type\":\"WebSite\",\"@id\":\"https:\\\/\\\/banneux-nd.be\\\/pl\\\/#website\",\"url\":\"https:\\\/\\\/banneux-nd.be\\\/pl\\\/\",\"name\":\"Banneux Notre-Dame\",\"description\":\"Sanctuaire de la Vierge des Pauvres (Belgique)\",\"potentialAction\":[{\"@type\":\"SearchAction\",\"target\":{\"@type\":\"EntryPoint\",\"urlTemplate\":\"https:\\\/\\\/banneux-nd.be\\\/pl\\\/?s={search_term_string}\"},\"query-input\":{\"@type\":\"PropertyValueSpecification\",\"valueRequired\":true,\"valueName\":\"search_term_string\"}}],\"inLanguage\":\"pl-PL\"}]}<\/script>\n<!-- \/ Yoast SEO plugin. -->","yoast_head_json":{"title":"Confier une intention de pri\u00e8re - Banneux Notre-Dame","description":"Si vous souhaitez que la Vierge des Pauvres soit pri\u00e9e \u00e0 une intention qui vous est ch\u00e8re, remplissez le formulaire ci-dessous !","robots":{"index":"index","follow":"follow","max-snippet":"max-snippet:-1","max-image-preview":"max-image-preview:large","max-video-preview":"max-video-preview:-1"},"canonical":"https:\/\/banneux-nd.be\/pl\/demander-priere-old\/","og_locale":"pl_PL","og_type":"article","og_title":"Confier une intention de pri\u00e8re - Banneux Notre-Dame","og_description":"Si vous souhaitez que la Vierge des Pauvres soit pri\u00e9e \u00e0 une intention qui vous est ch\u00e8re, remplissez le formulaire ci-dessous !","og_url":"https:\/\/banneux-nd.be\/pl\/demander-priere-old\/","og_site_name":"Banneux Notre-Dame","article_publisher":"https:\/\/www.facebook.com\/NDBanneux\/","article_modified_time":"2026-01-19T17:21:01+00:00","twitter_card":"summary_large_image","twitter_misc":{"Est. reading time":"1 minute"},"schema":{"@context":"https:\/\/schema.org","@graph":[{"@type":"WebPage","@id":"https:\/\/banneux-nd.be\/pl\/demander-priere-old\/","url":"https:\/\/banneux-nd.be\/pl\/demander-priere-old\/","name":"Confier une intention de pri\u00e8re - Banneux Notre-Dame","isPartOf":{"@id":"https:\/\/banneux-nd.be\/pl\/#website"},"datePublished":"2018-02-10T19:04:28+00:00","dateModified":"2026-01-19T17:21:01+00:00","description":"Si vous souhaitez que la Vierge des Pauvres soit pri\u00e9e \u00e0 une intention qui vous est ch\u00e8re, remplissez le formulaire ci-dessous !","breadcrumb":{"@id":"https:\/\/banneux-nd.be\/pl\/demander-priere-old\/#breadcrumb"},"inLanguage":"pl-PL","potentialAction":[{"@type":"ReadAction","target":["https:\/\/banneux-nd.be\/pl\/demander-priere-old\/"]}]},{"@type":"BreadcrumbList","@id":"https:\/\/banneux-nd.be\/pl\/demander-priere-old\/#breadcrumb","itemListElement":[{"@type":"ListItem","position":1,"name":"Accueil","item":"https:\/\/banneux-nd.be\/pl\/witamy-w-banneux\/"},{"@type":"ListItem","position":2,"name":"Confier une intention de pri\u00e8re"}]},{"@type":"WebSite","@id":"https:\/\/banneux-nd.be\/pl\/#website","url":"https:\/\/banneux-nd.be\/pl\/","name":"Banneux Notre-Dame","description":"Sanctuaire de la Vierge des Pauvres (Belgique)","potentialAction":[{"@type":"SearchAction","target":{"@type":"EntryPoint","urlTemplate":"https:\/\/banneux-nd.be\/pl\/?s={search_term_string}"},"query-input":{"@type":"PropertyValueSpecification","valueRequired":true,"valueName":"search_term_string"}}],"inLanguage":"pl-PL"}]}},"coauthors":[],"author_meta":{"author_link":"https:\/\/banneux-nd.be\/pl\/author\/dreusdeille\/","display_name":"Anne-Elisabeth N\u00e8ve"},"relative_dates":{"created":"Posted 8 years ago","modified":"Updated 3 months ago"},"absolute_dates":{"created":"Posted on 02\/10\/2018","modified":"Updated on 01\/19\/2026"},"absolute_dates_time":{"created":"Posted on 02\/10\/2018 20 h 04 min","modified":"Updated on 01\/19\/2026 18 h 21 min"},"featured_img_caption":"","featured_img":false,"series_order":"","jetpack_sharing_enabled":true,"_links":{"self":[{"href":"https:\/\/banneux-nd.be\/pl\/wp-json\/wp\/v2\/pages\/4388","targetHints":{"allow":["GET"]}}],"collection":[{"href":"https:\/\/banneux-nd.be\/pl\/wp-json\/wp\/v2\/pages"}],"about":[{"href":"https:\/\/banneux-nd.be\/pl\/wp-json\/wp\/v2\/types\/page"}],"author":[{"embeddable":true,"href":"https:\/\/banneux-nd.be\/pl\/wp-json\/wp\/v2\/users\/4"}],"replies":[{"embeddable":true,"href":"https:\/\/banneux-nd.be\/pl\/wp-json\/wp\/v2\/comments?post=4388"}],"version-history":[{"count":6,"href":"https:\/\/banneux-nd.be\/pl\/wp-json\/wp\/v2\/pages\/4388\/revisions"}],"predecessor-version":[{"id":20486,"href":"https:\/\/banneux-nd.be\/pl\/wp-json\/wp\/v2\/pages\/4388\/revisions\/20486"}],"wp:attachment":[{"href":"https:\/\/banneux-nd.be\/pl\/wp-json\/wp\/v2\/media?parent=4388"}],"curies":[{"name":"wp","href":"https:\/\/api.w.org\/{rel}","templated":true}]}}