{"id":90,"date":"2015-07-20T08:58:06","date_gmt":"2015-07-20T06:58:06","guid":{"rendered":"http:\/\/wwwwp.banneux-nd.be\/chants-de-banneux\/"},"modified":"2022-03-30T18:05:12","modified_gmt":"2022-03-30T16:05:12","slug":"chants-de-banneux","status":"publish","type":"page","link":"https:\/\/banneux-nd.be\/pl\/chants-de-banneux\/","title":{"rendered":"Chants de Banneux"},"content":{"rendered":"<p class=\"rtecenter\" style=\"text-align: center;\"><span style=\"color: #0000cd;\"><strong>Marie, Belle Dame<\/strong><\/span><\/p>\n<p class=\"rtecenter\" style=\"text-align: center;\">1. Marie, \u00ab Belle Dame \u00bb, Vierge de Banneux<br \/>\nDans la nuit des larmes, sourire de Dieu.<\/p>\n<p class=\"rtecenter\" style=\"text-align: center;\"><strong>Refrain<\/strong> : Ave, ave, ave Maria (Bis)<\/p>\n<p class=\"rtecenter\" style=\"text-align: center;\">2. \u00c9claire la route de tous tes enfants,<br \/>\nO Vierge des Pauvres, tu les aimes tant.<\/p>\n<p class=\"rtecenter\" style=\"text-align: center;\">3. Crois en nous, Marie, nous croyons en toi,<br \/>\nSoulage nos peines, donne-nous ta joie.<\/p>\n<p class=\"rtecenter\" style=\"text-align: center;\">4. Entends nos pri\u00e8res pour toutes nations<br \/>\nAccorde aux malades ta b\u00e9n\u00e9diction.<\/p>\n<p class=\"rtecenter\" style=\"text-align: center;\">5. Dans l&#8217;eau de la Source, le long du chemin,<br \/>\nRedis-nous, \u00f4 M\u00e8re, de \u00ab pousser les mains \u00bb.<\/p>\n<p><strong>\u00c9coutez ce chant en cliquant sur la fl\u00e8che ci-dessous \u00e0 gauche :\u00a0<\/strong><\/p>\n<!--[if lt IE 9]><script>document.createElement('audio');<\/script><![endif]-->\n<audio class=\"wp-audio-shortcode\" id=\"audio-90-1\" preload=\"none\" style=\"width: 100%;\" controls=\"controls\"><source type=\"audio\/mpeg\" src=\"https:\/\/banneux-nd.be\/wp-content\/uploads\/2022\/03\/01.-Marie-belle-Dame.mp3?_=1\" \/><a href=\"https:\/\/banneux-nd.be\/wp-content\/uploads\/2022\/03\/01.-Marie-belle-Dame.mp3\">https:\/\/banneux-nd.be\/wp-content\/uploads\/2022\/03\/01.-Marie-belle-Dame.mp3<\/a><\/audio>\n<hr \/>\n<p class=\"rtecenter\" style=\"text-align: center;\"><span style=\"color: #0000cd;\"><strong>Voici tes Enfants<\/strong><\/span><\/p>\n<p class=\"rtecenter\" style=\"text-align: center;\">1. Voici tes enfants, Vierge des Pauvres.<br \/>\nTu nous as fait signe de venir.<br \/>\nTu viens r\u00e9chauffer nos c\u0153urs de pauvres<br \/>\nAvec la douceur de ton sourire.<\/p>\n<p class=\"rtecenter\" style=\"text-align: center;\">2. La \u00ab Vierge des Pauvres \u00bb tu te nommes.<br \/>\nTu donnes confiance aux tout-petits.<br \/>\nTu veux embraser le c\u0153ur des hommes<br \/>\nQui sont tes enfants en J\u00e9sus-Christ<\/p>\n<p class=\"rtecenter\" style=\"text-align: center;\">3. Tu viens soulager toute souffrance.<br \/>\nTon c\u0153ur s&#8217;ouvre largement pour tous.<br \/>\nTu donnes aux malades l&#8217;esp\u00e9rance.<br \/>\nSi grand est ton tendre amour pour nous.<\/p>\n<p class=\"rtecenter\" style=\"text-align: center;\">4. Au pied de la Croix, tr\u00e8s Sainte M\u00e8re,<br \/>\nTu montres \u00e0 nos pauvres c\u0153urs meurtris<br \/>\nComment ton amour sur notre terre<br \/>\nConduit tes enfants vers J\u00e9sus-Christ.<\/p>\n<p class=\"rtecenter\" style=\"text-align: center;\">5. Afin que le monde s&#8217;humanise,<br \/>\nTu donnes ton Fils, notre Sauveur.<br \/>\nJ\u00e9sus t&#8217;a fait \u00ab M\u00e8re de l&#8217;\u00c9glise \u00bb,<br \/>\n\u00d4 M\u00e8re de notre R\u00e9dempteur.<\/p>\n<p><strong>\u00c9coutez ce chant en cliquant sur la fl\u00e8che ci-dessous \u00e0 gauche :\u00a0<\/strong><\/p>\n<audio class=\"wp-audio-shortcode\" id=\"audio-90-2\" preload=\"none\" style=\"width: 100%;\" controls=\"controls\"><source type=\"audio\/mpeg\" src=\"https:\/\/banneux-nd.be\/wp-content\/uploads\/audio\/02.-Voici-tes-enfants-Vierge-des-Pauvres.mp3?_=2\" \/><a href=\"https:\/\/banneux-nd.be\/wp-content\/uploads\/audio\/02.-Voici-tes-enfants-Vierge-des-Pauvres.mp3\">https:\/\/banneux-nd.be\/wp-content\/uploads\/audio\/02.-Voici-tes-enfants-Vierge-des-Pauvres.mp3<\/a><\/audio>\n<hr \/>\n<h4 style=\"text-align: center;\">T\u00e9l\u00e9chargez ces deux partitions en cliquant sur ce lien :<br \/>\n<a href=\"https:\/\/banneux-nd.be\/wp-content\/uploads\/PDF\/Partitions-chants.pdf\" target=\"_blank\" rel=\"noopener noreferrer\">Partitions des chants de Banneux<\/a><\/h4>\n","protected":false},"excerpt":{"rendered":"<p>Marie, Belle Dame 1. Marie, \u00ab Belle Dame \u00bb, Vierge de Banneux Dans la nuit des larmes, sourire de Dieu. Refrain : Ave, ave, ave Maria (Bis) 2. \u00c9claire la route de tous tes enfants, O Vierge des Pauvres, tu les aimes tant. 3. Crois en nous, Marie, nous croyons en toi, Soulage nos peines, donne-nous ta joie. 4. Entends nos pri\u00e8res pour toutes nations Accorde aux malades ta b\u00e9n\u00e9diction. 5. Dans l&#8217;eau de la Source, le long du chemin, Redis-nous, \u00f4 M\u00e8re, de \u00ab pousser les mains \u00bb. \u00c9coutez ce chant en cliquant sur la fl\u00e8che ci-dessous \u00e0 gauche :\u00a0 Voici tes Enfants 1. Voici tes enfants, Vierge des Pauvres. Tu nous as fait signe de venir. Tu viens [&hellip;]<\/p>\n","protected":false},"author":2,"featured_media":0,"parent":0,"menu_order":0,"comment_status":"closed","ping_status":"closed","template":"","meta":{"advgb_blocks_editor_width":"","advgb_blocks_columns_visual_guide":"","jetpack_post_was_ever_published":false,"footnotes":""},"class_list":["post-90","page","type-page","status-publish","hentry"],"yoast_head":"<!-- This site is optimized with the Yoast SEO plugin v27.4 - https:\/\/yoast.com\/product\/yoast-seo-wordpress\/ -->\n<title>Chants de Banneux - Banneux Notre-Dame<\/title>\n<meta name=\"robots\" content=\"index, follow, max-snippet:-1, max-image-preview:large, max-video-preview:-1\" \/>\n<link rel=\"canonical\" href=\"https:\/\/banneux-nd.be\/pl\/chants-de-banneux\/\" \/>\n<meta property=\"og:locale\" content=\"pl_PL\" \/>\n<meta property=\"og:type\" content=\"article\" \/>\n<meta property=\"og:title\" content=\"Chants de Banneux - Banneux Notre-Dame\" \/>\n<meta property=\"og:description\" content=\"Marie, Belle Dame 1. Marie, \u00ab Belle Dame \u00bb, Vierge de Banneux Dans la nuit des larmes, sourire de Dieu. Refrain : Ave, ave, ave Maria (Bis) 2. \u00c9claire la route de tous tes enfants, O Vierge des Pauvres, tu les aimes tant. 3. Crois en nous, Marie, nous croyons en toi, Soulage nos peines, donne-nous ta joie. 4. Entends nos pri\u00e8res pour toutes nations Accorde aux malades ta b\u00e9n\u00e9diction. 5. Dans l&#8217;eau de la Source, le long du chemin, Redis-nous, \u00f4 M\u00e8re, de \u00ab pousser les mains \u00bb. \u00c9coutez ce chant en cliquant sur la fl\u00e8che ci-dessous \u00e0 gauche :\u00a0 Voici tes Enfants 1. Voici tes enfants, Vierge des Pauvres. Tu nous as fait signe de venir. Tu viens [&hellip;]\" \/>\n<meta property=\"og:url\" content=\"https:\/\/banneux-nd.be\/pl\/chants-de-banneux\/\" \/>\n<meta property=\"og:site_name\" content=\"Banneux Notre-Dame\" \/>\n<meta property=\"article:publisher\" content=\"https:\/\/www.facebook.com\/NDBanneux\/\" \/>\n<meta property=\"article:modified_time\" content=\"2022-03-30T16:05:12+00:00\" \/>\n<meta name=\"twitter:card\" content=\"summary_large_image\" \/>\n<meta name=\"twitter:label1\" content=\"Est. reading time\" \/>\n\t<meta name=\"twitter:data1\" content=\"2 minutes\" \/>\n<script type=\"application\/ld+json\" class=\"yoast-schema-graph\">{\"@context\":\"https:\\\/\\\/schema.org\",\"@graph\":[{\"@type\":\"WebPage\",\"@id\":\"https:\\\/\\\/banneux-nd.be\\\/pl\\\/chants-de-banneux\\\/\",\"url\":\"https:\\\/\\\/banneux-nd.be\\\/pl\\\/chants-de-banneux\\\/\",\"name\":\"Chants de Banneux - Banneux Notre-Dame\",\"isPartOf\":{\"@id\":\"https:\\\/\\\/banneux-nd.be\\\/pl\\\/#website\"},\"datePublished\":\"2015-07-20T06:58:06+00:00\",\"dateModified\":\"2022-03-30T16:05:12+00:00\",\"breadcrumb\":{\"@id\":\"https:\\\/\\\/banneux-nd.be\\\/pl\\\/chants-de-banneux\\\/#breadcrumb\"},\"inLanguage\":\"pl-PL\",\"potentialAction\":[{\"@type\":\"ReadAction\",\"target\":[\"https:\\\/\\\/banneux-nd.be\\\/pl\\\/chants-de-banneux\\\/\"]}]},{\"@type\":\"BreadcrumbList\",\"@id\":\"https:\\\/\\\/banneux-nd.be\\\/pl\\\/chants-de-banneux\\\/#breadcrumb\",\"itemListElement\":[{\"@type\":\"ListItem\",\"position\":1,\"name\":\"Accueil\",\"item\":\"https:\\\/\\\/banneux-nd.be\\\/pl\\\/witamy-w-banneux\\\/\"},{\"@type\":\"ListItem\",\"position\":2,\"name\":\"Chants de Banneux\"}]},{\"@type\":\"WebSite\",\"@id\":\"https:\\\/\\\/banneux-nd.be\\\/pl\\\/#website\",\"url\":\"https:\\\/\\\/banneux-nd.be\\\/pl\\\/\",\"name\":\"Banneux Notre-Dame\",\"description\":\"Sanctuaire de la Vierge des Pauvres (Belgique)\",\"potentialAction\":[{\"@type\":\"SearchAction\",\"target\":{\"@type\":\"EntryPoint\",\"urlTemplate\":\"https:\\\/\\\/banneux-nd.be\\\/pl\\\/?s={search_term_string}\"},\"query-input\":{\"@type\":\"PropertyValueSpecification\",\"valueRequired\":true,\"valueName\":\"search_term_string\"}}],\"inLanguage\":\"pl-PL\"}]}<\/script>\n<!-- \/ Yoast SEO plugin. -->","yoast_head_json":{"title":"Chants de Banneux - Banneux Notre-Dame","robots":{"index":"index","follow":"follow","max-snippet":"max-snippet:-1","max-image-preview":"max-image-preview:large","max-video-preview":"max-video-preview:-1"},"canonical":"https:\/\/banneux-nd.be\/pl\/chants-de-banneux\/","og_locale":"pl_PL","og_type":"article","og_title":"Chants de Banneux - Banneux Notre-Dame","og_description":"Marie, Belle Dame 1. Marie, \u00ab Belle Dame \u00bb, Vierge de Banneux Dans la nuit des larmes, sourire de Dieu. Refrain : Ave, ave, ave Maria (Bis) 2. \u00c9claire la route de tous tes enfants, O Vierge des Pauvres, tu les aimes tant. 3. Crois en nous, Marie, nous croyons en toi, Soulage nos peines, donne-nous ta joie. 4. Entends nos pri\u00e8res pour toutes nations Accorde aux malades ta b\u00e9n\u00e9diction. 5. Dans l&#8217;eau de la Source, le long du chemin, Redis-nous, \u00f4 M\u00e8re, de \u00ab pousser les mains \u00bb. \u00c9coutez ce chant en cliquant sur la fl\u00e8che ci-dessous \u00e0 gauche :\u00a0 Voici tes Enfants 1. Voici tes enfants, Vierge des Pauvres. Tu nous as fait signe de venir. Tu viens [&hellip;]","og_url":"https:\/\/banneux-nd.be\/pl\/chants-de-banneux\/","og_site_name":"Banneux Notre-Dame","article_publisher":"https:\/\/www.facebook.com\/NDBanneux\/","article_modified_time":"2022-03-30T16:05:12+00:00","twitter_card":"summary_large_image","twitter_misc":{"Est. reading time":"2 minutes"},"schema":{"@context":"https:\/\/schema.org","@graph":[{"@type":"WebPage","@id":"https:\/\/banneux-nd.be\/pl\/chants-de-banneux\/","url":"https:\/\/banneux-nd.be\/pl\/chants-de-banneux\/","name":"Chants de Banneux - Banneux Notre-Dame","isPartOf":{"@id":"https:\/\/banneux-nd.be\/pl\/#website"},"datePublished":"2015-07-20T06:58:06+00:00","dateModified":"2022-03-30T16:05:12+00:00","breadcrumb":{"@id":"https:\/\/banneux-nd.be\/pl\/chants-de-banneux\/#breadcrumb"},"inLanguage":"pl-PL","potentialAction":[{"@type":"ReadAction","target":["https:\/\/banneux-nd.be\/pl\/chants-de-banneux\/"]}]},{"@type":"BreadcrumbList","@id":"https:\/\/banneux-nd.be\/pl\/chants-de-banneux\/#breadcrumb","itemListElement":[{"@type":"ListItem","position":1,"name":"Accueil","item":"https:\/\/banneux-nd.be\/pl\/witamy-w-banneux\/"},{"@type":"ListItem","position":2,"name":"Chants de Banneux"}]},{"@type":"WebSite","@id":"https:\/\/banneux-nd.be\/pl\/#website","url":"https:\/\/banneux-nd.be\/pl\/","name":"Banneux Notre-Dame","description":"Sanctuaire de la Vierge des Pauvres (Belgique)","potentialAction":[{"@type":"SearchAction","target":{"@type":"EntryPoint","urlTemplate":"https:\/\/banneux-nd.be\/pl\/?s={search_term_string}"},"query-input":{"@type":"PropertyValueSpecification","valueRequired":true,"valueName":"search_term_string"}}],"inLanguage":"pl-PL"}]}},"coauthors":[],"author_meta":{"author_link":"https:\/\/banneux-nd.be\/pl\/author\/adminfr\/","display_name":"adminFR"},"relative_dates":{"created":"Posted 11 years ago","modified":"Updated 4 years ago"},"absolute_dates":{"created":"Posted on 07\/20\/2015","modified":"Updated on 03\/30\/2022"},"absolute_dates_time":{"created":"Posted on 07\/20\/2015 8 h 58 min","modified":"Updated on 03\/30\/2022 18 h 05 min"},"featured_img_caption":"","featured_img":false,"series_order":"","jetpack_sharing_enabled":true,"_links":{"self":[{"href":"https:\/\/banneux-nd.be\/pl\/wp-json\/wp\/v2\/pages\/90","targetHints":{"allow":["GET"]}}],"collection":[{"href":"https:\/\/banneux-nd.be\/pl\/wp-json\/wp\/v2\/pages"}],"about":[{"href":"https:\/\/banneux-nd.be\/pl\/wp-json\/wp\/v2\/types\/page"}],"author":[{"embeddable":true,"href":"https:\/\/banneux-nd.be\/pl\/wp-json\/wp\/v2\/users\/2"}],"replies":[{"embeddable":true,"href":"https:\/\/banneux-nd.be\/pl\/wp-json\/wp\/v2\/comments?post=90"}],"version-history":[{"count":2,"href":"https:\/\/banneux-nd.be\/pl\/wp-json\/wp\/v2\/pages\/90\/revisions"}],"predecessor-version":[{"id":16368,"href":"https:\/\/banneux-nd.be\/pl\/wp-json\/wp\/v2\/pages\/90\/revisions\/16368"}],"wp:attachment":[{"href":"https:\/\/banneux-nd.be\/pl\/wp-json\/wp\/v2\/media?parent=90"}],"curies":[{"name":"wp","href":"https:\/\/api.w.org\/{rel}","templated":true}]}}