{"id":95,"date":"2015-07-20T08:58:06","date_gmt":"2015-07-20T06:58:06","guid":{"rendered":"http:\/\/wwwwp.banneux-nd.be\/revue\/"},"modified":"2025-12-11T14:12:07","modified_gmt":"2025-12-11T13:12:07","slug":"revue","status":"publish","type":"page","link":"https:\/\/banneux-nd.be\/pl\/revue\/","title":{"rendered":"Revue et publications"},"content":{"rendered":"<!--[fluid]--><!--{content}--><!--[html]--><style><\/style><div class=\"bd-tagstyles  additional-class-1117132632 bd-page-width \"><div class=\"bd-container-inner bd-content-element\"><!--{content}--><p style=\"text-align: justify;\"><strong><img fetchpriority=\"high\" decoding=\"async\" class=\"wp-image-13338 alignleft\" src=\"https:\/\/banneux-nd.be\/wp-content\/uploads\/2020\/05\/IMG_20200112_0006-725x1024.jpg\" alt=\"\" width=\"356\" height=\"503\" srcset=\"https:\/\/banneux-nd.be\/wp-content\/uploads\/2020\/05\/IMG_20200112_0006-725x1024.jpg 725w, https:\/\/banneux-nd.be\/wp-content\/uploads\/2020\/05\/IMG_20200112_0006-213x300.jpg 213w, https:\/\/banneux-nd.be\/wp-content\/uploads\/2020\/05\/IMG_20200112_0006-768x1084.jpg 768w, https:\/\/banneux-nd.be\/wp-content\/uploads\/2020\/05\/IMG_20200112_0006.jpg 1451w\" sizes=\"(max-width: 356px) 100vw, 356px\" \/>D\u00e9sirez-vous vous ressourcer et rester en lien avec le sanctuaire ? Le sanctuaire de Banneux publie une revue trimestrielle de 32 pages en plusieurs langues, dont le fran\u00e7ais.<\/strong><\/p>\r\n<p style=\"text-align: justify;\">Publication officielle du Sanctuaire de Banneux Notre-Dame, la revue para\u00eet tous les trimestres, pour vous donner toutes les informations sur la vie du Sanctuaire mais aussi pour vous aider \u00e0 entrer toujours plus profond\u00e9ment dans le Message de la Vierge des Pauvres et nourrir votre m\u00e9ditation.<\/p>\r\n<p class=\"rtejustify\" style=\"text-align: justify;\">Riche en articles de r\u00e9flexion spirituelle et agr\u00e9ment\u00e9e de t\u00e9moignages, la revue cr\u00e9e, par son lectorat, une communaut\u00e9 vivante et en lien avec le Sanctuaire.<\/p>\r\n<p style=\"text-align: justify;\">Vous pouvez commander un abonnement annuel, demander une revue de d\u00e9couverte gratuite, offrir un abonnement \u00e0 un(e) missionnaire ou \u00e0 un(e) ami(e).<\/p>\r\n<p style=\"text-align: center;\"><strong>Conditions d'abonnement<\/strong><\/p>\r\nDepuis 20 ans, le prix de l\u2019abonnement n\u2019a pas \u00e9t\u00e9 adapt\u00e9. Pourtant, les frais d\u2019impression et d\u2019envoi ont augment\u00e9 consid\u00e9rablement.\r\n\r\nNous nous voyons dans l\u2019obligation de vous demander une participation aux frais un peu plus \u00e9lev\u00e9e.\r\n\r\n&nbsp;\r\n\r\n<strong>Nouveaux tarifs<\/strong>\r\n\r\n<strong><span style=\"color: #000080;\">\u00a0En Belgique\u00a0:<\/span><\/strong>\r\n\r\nAbonnement ordinaire\u00a0: 20 \u20ac\u00a0\u00a0\u00a0\u00a0 -\u00a0\u00a0\u00a0\u00a0 abonnement de soutien\u00a0: 25 \u20ac\r\n\r\nCode IBAN : BE15 0000 0462 0230\u00a0\u00a0\u00a0 BIC\u00a0: GEBABEBB\r\n\r\n&nbsp;\r\n\r\n<span style=\"color: #000080;\"><strong>Abonnement \u00e0 l\u2019\u00e9tranger\u00a0:<\/strong><\/span> 22 \u20ac -\u00a0\u00a0 abonnement de soutien\u00a0: 25 \u20ac\r\n\r\nCode IBAN : BE15 0000 0462 0230\u00a0\u00a0\u00a0 BIC\u00a0: GEBABEBB\r\n\r\nou envoyer un ch\u00e8que fran\u00e7ais libell\u00e9 au nom de \u00ab\u00a0Banneux, la Vierge des Pauvres\u00a0\u00bb\r\n\r\nLa Vierge des Pauvres, rue de l\u2019Esplanade, 57 \u2013 B-4141 Banneux N.D., Sprimont\r\n\r\n&nbsp;\r\n<p style=\"text-align: justify;\">Pour effectuer facilement le paiement de votre abonnement, nous vous demandons de bien vouloir nous faire parvenir votre participation :<\/p>\r\n\r\n<ul>\r\n \t<li style=\"text-align: justify;\">soit en cliquant sur le bouton ci-dessous et en effectuant votre paiement en ligne (Bancontact, virement bancaire, carte Visa)<\/li>\r\n \t<li style=\"text-align: justify;\">soit par un virement sur notre compte : IBAN BE15 0000 0462 0230 \u2013 BIC GEBABEBB<\/li>\r\n \t<li style=\"text-align: justify;\">soit pour la France en envoyant un ch\u00e8que libell\u00e9 au nom de \u00ab Banneux, la Vierge des Pauvres \u00bb \u00e0 l'adresse suivante : Revue de la Vierge des Pauvres, Rue de l'Esplanade 57 \u2013 BE-4141 - Banneux N.-D. (Sprimont).<\/li>\r\n \t<li>soit avec le QR code directement via votre application bancaire.<\/li>\r\n<\/ul>\r\n<img decoding=\"async\" class=\"aligncenter  wp-image-20308 lazyload\" data-src=\"https:\/\/banneux-nd.be\/wp-content\/uploads\/2025\/12\/QR-Code-Banneux-Abonnement.png\" alt=\"\" width=\"235\" height=\"338\" data-srcset=\"https:\/\/banneux-nd.be\/wp-content\/uploads\/2025\/12\/QR-Code-Banneux-Abonnement.png 300w, https:\/\/banneux-nd.be\/wp-content\/uploads\/2025\/12\/QR-Code-Banneux-Abonnement-209x300.png 209w\" data-sizes=\"(max-width: 235px) 100vw, 235px\" src=\"data:image\/svg+xml;base64,PHN2ZyB3aWR0aD0iMSIgaGVpZ2h0PSIxIiB4bWxucz0iaHR0cDovL3d3dy53My5vcmcvMjAwMC9zdmciPjwvc3ZnPg==\" style=\"--smush-placeholder-width: 235px; --smush-placeholder-aspect-ratio: 235\/338;\" \/>\r\n\r\n&nbsp;\r\n<p style=\"text-align: justify;\">Votre abonnement commencera toujours avec le premier num\u00e9ro de l'ann\u00e9e.<\/p>\r\n<a href=\"\/fr?page_id=13509\" target=\"_blank\" rel=\"noopener noreferrer\"><img decoding=\"async\" class=\"aligncenter wp-image-13770 size-full lazyload\" data-src=\"https:\/\/banneux-nd.be\/wp-content\/uploads\/2020\/08\/Je-paie-en-ligne.gif\" alt=\"\" width=\"454\" height=\"170\" src=\"data:image\/svg+xml;base64,PHN2ZyB3aWR0aD0iMSIgaGVpZ2h0PSIxIiB4bWxucz0iaHR0cDovL3d3dy53My5vcmcvMjAwMC9zdmciPjwvc3ZnPg==\" style=\"--smush-placeholder-width: 454px; --smush-placeholder-aspect-ratio: 454\/170;\" \/><\/a>\r\n\r\n<hr \/>\r\n<p style=\"text-align: center;\"><strong>Publications sur Banneux<\/strong><\/p>\r\n<p class=\"rtejustify\"><strong><em>Banneux \u2013 La Vierge des Pauvres<\/em><\/strong><\/p>\r\n<p class=\"rtejustify\" style=\"text-align: justify;\">Armand ISNARD de CAT-Productions et son \u00e9quipe ont r\u00e9alis\u00e9, dans la s\u00e9rie \u00ab\u00a0Lieux Marials\u00a0\u00bb, un film pour la t\u00e9l\u00e9vision catholique KTO en janvier 2014. Ce documentaire de 52 minutes\/couleur, tourn\u00e9 sur place et enrichi de magnifiques images d\u2019archives et de t\u00e9moignages empreints d\u2019\u00e9motion, raconte l\u2019histoire du Sanctuaire de Banneux et permet de mieux conna\u00eetre Mariette, dont l\u2019existence fut \u00e0 jamais boulevers\u00e9e par les Apparitions.<\/p>\r\n<p class=\"rtejustify\" style=\"text-align: justify;\">Le DVD est disponible au Bureau Accueil-Info au prix de 21\u20ac.<\/p>\r\n\r\n\r\n<hr \/>\r\n<p class=\"rtejustify\"><em><strong>Un moment avec Marie<\/strong><\/em><\/p>\r\n<p class=\"rtejustify\">B\u00e9n\u00e9dicte QUINET.\u00a0Coccinelle BD , Durbuy (Belgique)\r\nParution :\u00a0 septembre 2007.\u00a015 pages<\/p>\r\n<p class=\"rtejustify\">Pour vivre un moment avec Marie en \u00e9coutant son message et en laissant doucement descendre en nous les versets de la Bonne Nouvelle.<\/p>\r\n\r\n\r\n<hr \/>\r\n<p class=\"rtejustify\"><em><strong>Banneux, Message pour notre temps<\/strong><\/em><\/p>\r\nR\u00e9cit d\u00e9taill\u00e9 des apparitions \u2013 Essai de lecture du Message\r\n<p class=\"rtejustify\">L\u00e9on WUILLAUME, s.j.<\/p>\r\n<p class=\"rtejustify\">1998,\u00a072 pages<\/p>\r\n\r\n\r\n<hr \/>\r\n\r\n<em><strong>La Merveilleuse Histoire de la Vierge de Banneux<\/strong><\/em>\r\n\r\nIllustr\u00e9e par Danielle OH, Annonciade\r\n\r\nLivre pour enfants,\u00a02007, 43 p.\r\n\r\n<hr \/>\r\n\r\n<em><strong>Banneux. La Vierge des Pauvres<\/strong><\/em>\r\n\r\nAuguste REUL, pr\u00eatre du dioc\u00e8se de Li\u00e8ge\r\n\r\nAlbum-synth\u00e8se sur les apparitions et le Sanctuaire\r\n\r\n2003, 80 p.\r\n\r\n<hr \/>\r\n\r\n<em><strong>La Vierge des Pauvres et la Question sociale<\/strong><\/em>\r\n\r\nAuguste REUL, pr\u00eatre du dioc\u00e8se de Li\u00e8ge\r\n\r\nLes apparitions resitu\u00e9es dans leur contexte \u00e9conomique et social\r\n\r\n2007, 96 p.\r\n\r\n<hr \/><!--{\/content}--><\/div><\/div><!--[\/html]--><!--{\/content}--><!--[\/fluid]-->\n","protected":false},"excerpt":{"rendered":"","protected":false},"author":2,"featured_media":0,"parent":0,"menu_order":0,"comment_status":"closed","ping_status":"closed","template":"","meta":{"advgb_blocks_editor_width":"","advgb_blocks_columns_visual_guide":"","jetpack_post_was_ever_published":false,"footnotes":""},"class_list":["post-95","page","type-page","status-publish","hentry"],"yoast_head":"<!-- This site is optimized with the Yoast SEO plugin v27.3 - https:\/\/yoast.com\/product\/yoast-seo-wordpress\/ -->\n<title>Revue et publications - Banneux Notre-Dame<\/title>\n<meta name=\"robots\" content=\"index, follow, max-snippet:-1, max-image-preview:large, max-video-preview:-1\" \/>\n<link rel=\"canonical\" href=\"https:\/\/banneux-nd.be\/pl\/revue\/\" \/>\n<meta property=\"og:locale\" content=\"pl_PL\" \/>\n<meta property=\"og:type\" content=\"article\" \/>\n<meta property=\"og:title\" content=\"Revue et publications - Banneux Notre-Dame\" \/>\n<meta property=\"og:url\" content=\"https:\/\/banneux-nd.be\/pl\/revue\/\" \/>\n<meta property=\"og:site_name\" content=\"Banneux Notre-Dame\" \/>\n<meta property=\"article:publisher\" content=\"https:\/\/www.facebook.com\/NDBanneux\/\" \/>\n<meta property=\"article:modified_time\" content=\"2025-12-11T13:12:07+00:00\" \/>\n<meta property=\"og:image\" content=\"https:\/\/banneux-nd.be\/wp-content\/uploads\/2020\/05\/IMG_20200112_0006.jpg\" \/>\n\t<meta property=\"og:image:width\" content=\"1451\" \/>\n\t<meta property=\"og:image:height\" content=\"2048\" \/>\n\t<meta property=\"og:image:type\" content=\"image\/jpeg\" \/>\n<meta name=\"twitter:card\" content=\"summary_large_image\" \/>\n<meta name=\"twitter:label1\" content=\"Est. reading time\" \/>\n\t<meta name=\"twitter:data1\" content=\"4 minutes\" \/>\n<script type=\"application\/ld+json\" class=\"yoast-schema-graph\">{\"@context\":\"https:\\\/\\\/schema.org\",\"@graph\":[{\"@type\":\"WebPage\",\"@id\":\"https:\\\/\\\/banneux-nd.be\\\/pl\\\/revue\\\/\",\"url\":\"https:\\\/\\\/banneux-nd.be\\\/pl\\\/revue\\\/\",\"name\":\"Revue et publications - Banneux Notre-Dame\",\"isPartOf\":{\"@id\":\"https:\\\/\\\/banneux-nd.be\\\/pl\\\/#website\"},\"primaryImageOfPage\":{\"@id\":\"https:\\\/\\\/banneux-nd.be\\\/pl\\\/revue\\\/#primaryimage\"},\"image\":{\"@id\":\"https:\\\/\\\/banneux-nd.be\\\/pl\\\/revue\\\/#primaryimage\"},\"thumbnailUrl\":\"https:\\\/\\\/banneux-nd.be\\\/wp-content\\\/uploads\\\/2020\\\/05\\\/IMG_20200112_0006-725x1024.jpg\",\"datePublished\":\"2015-07-20T06:58:06+00:00\",\"dateModified\":\"2025-12-11T13:12:07+00:00\",\"breadcrumb\":{\"@id\":\"https:\\\/\\\/banneux-nd.be\\\/pl\\\/revue\\\/#breadcrumb\"},\"inLanguage\":\"pl-PL\",\"potentialAction\":[{\"@type\":\"ReadAction\",\"target\":[\"https:\\\/\\\/banneux-nd.be\\\/pl\\\/revue\\\/\"]}]},{\"@type\":\"ImageObject\",\"inLanguage\":\"pl-PL\",\"@id\":\"https:\\\/\\\/banneux-nd.be\\\/pl\\\/revue\\\/#primaryimage\",\"url\":\"https:\\\/\\\/banneux-nd.be\\\/wp-content\\\/uploads\\\/2020\\\/05\\\/IMG_20200112_0006-725x1024.jpg\",\"contentUrl\":\"https:\\\/\\\/banneux-nd.be\\\/wp-content\\\/uploads\\\/2020\\\/05\\\/IMG_20200112_0006-725x1024.jpg\"},{\"@type\":\"BreadcrumbList\",\"@id\":\"https:\\\/\\\/banneux-nd.be\\\/pl\\\/revue\\\/#breadcrumb\",\"itemListElement\":[{\"@type\":\"ListItem\",\"position\":1,\"name\":\"Accueil\",\"item\":\"https:\\\/\\\/banneux-nd.be\\\/pl\\\/witamy-w-banneux\\\/\"},{\"@type\":\"ListItem\",\"position\":2,\"name\":\"Revue et publications\"}]},{\"@type\":\"WebSite\",\"@id\":\"https:\\\/\\\/banneux-nd.be\\\/pl\\\/#website\",\"url\":\"https:\\\/\\\/banneux-nd.be\\\/pl\\\/\",\"name\":\"Banneux Notre-Dame\",\"description\":\"Sanctuaire de la Vierge des Pauvres (Belgique)\",\"potentialAction\":[{\"@type\":\"SearchAction\",\"target\":{\"@type\":\"EntryPoint\",\"urlTemplate\":\"https:\\\/\\\/banneux-nd.be\\\/pl\\\/?s={search_term_string}\"},\"query-input\":{\"@type\":\"PropertyValueSpecification\",\"valueRequired\":true,\"valueName\":\"search_term_string\"}}],\"inLanguage\":\"pl-PL\"}]}<\/script>\n<!-- \/ Yoast SEO plugin. -->","yoast_head_json":{"title":"Revue et publications - Banneux Notre-Dame","robots":{"index":"index","follow":"follow","max-snippet":"max-snippet:-1","max-image-preview":"max-image-preview:large","max-video-preview":"max-video-preview:-1"},"canonical":"https:\/\/banneux-nd.be\/pl\/revue\/","og_locale":"pl_PL","og_type":"article","og_title":"Revue et publications - Banneux Notre-Dame","og_url":"https:\/\/banneux-nd.be\/pl\/revue\/","og_site_name":"Banneux Notre-Dame","article_publisher":"https:\/\/www.facebook.com\/NDBanneux\/","article_modified_time":"2025-12-11T13:12:07+00:00","og_image":[{"width":1451,"height":2048,"url":"https:\/\/banneux-nd.be\/wp-content\/uploads\/2020\/05\/IMG_20200112_0006.jpg","type":"image\/jpeg"}],"twitter_card":"summary_large_image","twitter_misc":{"Est. reading time":"4 minutes"},"schema":{"@context":"https:\/\/schema.org","@graph":[{"@type":"WebPage","@id":"https:\/\/banneux-nd.be\/pl\/revue\/","url":"https:\/\/banneux-nd.be\/pl\/revue\/","name":"Revue et publications - Banneux Notre-Dame","isPartOf":{"@id":"https:\/\/banneux-nd.be\/pl\/#website"},"primaryImageOfPage":{"@id":"https:\/\/banneux-nd.be\/pl\/revue\/#primaryimage"},"image":{"@id":"https:\/\/banneux-nd.be\/pl\/revue\/#primaryimage"},"thumbnailUrl":"https:\/\/banneux-nd.be\/wp-content\/uploads\/2020\/05\/IMG_20200112_0006-725x1024.jpg","datePublished":"2015-07-20T06:58:06+00:00","dateModified":"2025-12-11T13:12:07+00:00","breadcrumb":{"@id":"https:\/\/banneux-nd.be\/pl\/revue\/#breadcrumb"},"inLanguage":"pl-PL","potentialAction":[{"@type":"ReadAction","target":["https:\/\/banneux-nd.be\/pl\/revue\/"]}]},{"@type":"ImageObject","inLanguage":"pl-PL","@id":"https:\/\/banneux-nd.be\/pl\/revue\/#primaryimage","url":"https:\/\/banneux-nd.be\/wp-content\/uploads\/2020\/05\/IMG_20200112_0006-725x1024.jpg","contentUrl":"https:\/\/banneux-nd.be\/wp-content\/uploads\/2020\/05\/IMG_20200112_0006-725x1024.jpg"},{"@type":"BreadcrumbList","@id":"https:\/\/banneux-nd.be\/pl\/revue\/#breadcrumb","itemListElement":[{"@type":"ListItem","position":1,"name":"Accueil","item":"https:\/\/banneux-nd.be\/pl\/witamy-w-banneux\/"},{"@type":"ListItem","position":2,"name":"Revue et publications"}]},{"@type":"WebSite","@id":"https:\/\/banneux-nd.be\/pl\/#website","url":"https:\/\/banneux-nd.be\/pl\/","name":"Banneux Notre-Dame","description":"Sanctuaire de la Vierge des Pauvres (Belgique)","potentialAction":[{"@type":"SearchAction","target":{"@type":"EntryPoint","urlTemplate":"https:\/\/banneux-nd.be\/pl\/?s={search_term_string}"},"query-input":{"@type":"PropertyValueSpecification","valueRequired":true,"valueName":"search_term_string"}}],"inLanguage":"pl-PL"}]}},"coauthors":[],"author_meta":{"author_link":"https:\/\/banneux-nd.be\/pl\/author\/adminfr\/","display_name":"adminFR"},"relative_dates":{"created":"Posted 11 years ago","modified":"Updated 4 months ago"},"absolute_dates":{"created":"Posted on 07\/20\/2015","modified":"Updated on 12\/11\/2025"},"absolute_dates_time":{"created":"Posted on 07\/20\/2015 8 h 58 min","modified":"Updated on 12\/11\/2025 14 h 12 min"},"featured_img_caption":"","featured_img":false,"series_order":"","jetpack_sharing_enabled":true,"_links":{"self":[{"href":"https:\/\/banneux-nd.be\/pl\/wp-json\/wp\/v2\/pages\/95","targetHints":{"allow":["GET"]}}],"collection":[{"href":"https:\/\/banneux-nd.be\/pl\/wp-json\/wp\/v2\/pages"}],"about":[{"href":"https:\/\/banneux-nd.be\/pl\/wp-json\/wp\/v2\/types\/page"}],"author":[{"embeddable":true,"href":"https:\/\/banneux-nd.be\/pl\/wp-json\/wp\/v2\/users\/2"}],"replies":[{"embeddable":true,"href":"https:\/\/banneux-nd.be\/pl\/wp-json\/wp\/v2\/comments?post=95"}],"version-history":[{"count":10,"href":"https:\/\/banneux-nd.be\/pl\/wp-json\/wp\/v2\/pages\/95\/revisions"}],"predecessor-version":[{"id":20315,"href":"https:\/\/banneux-nd.be\/pl\/wp-json\/wp\/v2\/pages\/95\/revisions\/20315"}],"wp:attachment":[{"href":"https:\/\/banneux-nd.be\/pl\/wp-json\/wp\/v2\/media?parent=95"}],"curies":[{"name":"wp","href":"https:\/\/api.w.org\/{rel}","templated":true}]}}